{"id":1003,"date":"2018-06-01T05:23:36","date_gmt":"2018-06-01T05:23:36","guid":{"rendered":"http:\/\/www.bulaoutdoor.nl\/?page_id=1003"},"modified":"2018-06-06T12:45:10","modified_gmt":"2018-06-06T12:45:10","slug":"les-references","status":"publish","type":"page","link":"https:\/\/bulaoutdoor.nl\/fr\/referenties\/","title":{"rendered":"R\u00e9f\u00e9rences"},"content":{"rendered":"<p>T.O.<\/p>\n<blockquote><p>\nJ'ai command\u00e9 un four \u00e0 pizza Alfa 5 Minuti, et je suis tr\u00e8s satisfait du service fourni. Prix int\u00e9ressant, livraison rapide, et r\u00e9ponse tr\u00e8s rapide aux questions pos\u00e9es. Le four entier a \u00e9t\u00e9 livr\u00e9 proprement dans mon jardin, top !<\/p><\/blockquote>\n<p>Hans<\/p>\n<blockquote><p>J'ai achet\u00e9 un four \u00e0 pizza Alfa par l'interm\u00e9diaire de ce site. R\u00e9ponse rapide aux demandes de renseignements par courrier \u00e9lectronique, respect des accords, bonne explication lors de la livraison du produit. Et aussi tr\u00e8s important : un bon service. Malheureusement, il y avait un dommage sur la face visible du produit, qui avait \u00e9t\u00e9 mal retouch\u00e9 \u00e0 l'usine. Le four a \u00e9t\u00e9 \u00e9chang\u00e9 contre un nouveau.<br \/>\nEn bref, nous vous le recommandons vivement !<\/p><\/blockquote>\n<p>Jelle van Oostrum<\/p>\n<blockquote><p>John,<br \/>\nL'extension est en place. Elle est parfaitement adapt\u00e9e. C'est une bonne chose que vous ayez not\u00e9 que les tailles d'aujourd'hui sont diff\u00e9rentes de celles d'il y a une quinzaine d'ann\u00e9es. Excellent service, merci.<br \/>\nCordialement, je vous prie d'agr\u00e9er, Madame, Monsieur, l'expression de mes salutations distingu\u00e9es.<br \/>\nJelle van Oostrum<\/p><\/blockquote>\n<p>Bas<\/p>\n<blockquote><p>Bonjour Monsieur Bosman,<br \/>\nLa chemin\u00e9e est bien arriv\u00e9e et br\u00fble tr\u00e8s bien ! Merci pour le bon service.<br \/>\nJe vous prie d'agr\u00e9er, Madame, Monsieur, l'expression de mes salutations distingu\u00e9es,<br \/>\nBas et Janita<\/p><\/blockquote>\n<p>Wim schraven<\/p>\n<blockquote><p>Il y a des ann\u00e9es, nous avons achet\u00e9 une magnifique chemin\u00e9e de jardin en acier inoxydable chez le sp\u00e9cialiste des chemin\u00e9es de jardin. Une belle chemin\u00e9e qui compl\u00e8te notre jardin depuis de nombreuses ann\u00e9es et qui, surtout, nous r\u00e9chauffe aux heures tardives en savourant un verre. R\u00e9cemment, j'ai eu besoin d'une pi\u00e8ce qui rendait la chemin\u00e9e incompl\u00e8te. Un e-mail m'a permis de la recevoir imm\u00e9diatement. Gratuit et rapide. Un bon service auquel on peut faire appel apr\u00e8s de nombreuses ann\u00e9es et qui est \u00e9galement d\u00e9pann\u00e9 rapidement. Le feu est toujours en excellent \u00e9tat apr\u00e8s environ 15 ans. Excellente qualit\u00e9 de l'acier inoxydable et le po\u00eale a \u00e9galement un excellent rapport qualit\u00e9\/prix.<\/p><\/blockquote>\n<p>Seb<\/p>\n<blockquote><p>Nous avons command\u00e9 le Bula Big dans les Alpes fran\u00e7aises et, apr\u00e8s quelques probl\u00e8mes de paiement de notre part, il a \u00e9t\u00e9 livr\u00e9 tr\u00e8s rapidement. Il est superbe sur la v\u00e9randa, comme nous l'avions pr\u00e9vu. Excellent service et m\u00eame pas de probl\u00e8me avec la livraison \u00e0 l'\u00e9tranger.<\/p><\/blockquote>\n<p>Sacha Pieterse<\/p>\n<blockquote><p>J'ai command\u00e9 une chemin\u00e9e de jardin en corten Chacana aupr\u00e8s du sp\u00e9cialiste des chemin\u00e9es de jardin sur Internet. Elle a \u00e9t\u00e9 livr\u00e9e proprement par PostNL. La chemin\u00e9e, gr\u00e2ce \u00e0 son acier brun rouille, s'int\u00e8gre bien dans notre jardin et br\u00fble bien.<br \/>\nLes questions concernant la livraison, la date et l'heure ont \u00e9galement re\u00e7u une r\u00e9ponse rapide et agr\u00e9able. Merci pour ce service.<\/p><\/blockquote>\n<p>Ernst Wolf<\/p>\n<blockquote><p>Depuis plusieurs ann\u00e9es, nous appr\u00e9cions beaucoup votre chemin\u00e9e d'ext\u00e9rieur en acier inoxydable. Elle apporte beaucoup de chaleur et de confort. Elle vous permet de rester dehors plus longtemps et de vous coucher plus tard.<br \/>\nEn bref, nous vous le recommandons vivement !<\/p><\/blockquote>\n<p>Karin<\/p>\n<blockquote><p>Nous avons baptis\u00e9 la chemin\u00e9e ce week-end.<br \/>\net jusqu'\u00e0 pr\u00e9sent, tout va bien.<\/p><\/blockquote>\n<p>Piet Perdok<\/p>\n<blockquote><p>Nous avons achet\u00e9 le Bula big. J'ai re\u00e7u des appels t\u00e9l\u00e9phoniques amicaux et comp\u00e9tents et la livraison a eu lieu \u00e0 temps. Je l'ai tout de suite mont\u00e9 et je l'ai allum\u00e9, bien s\u00fbr. Il br\u00fble tr\u00e8s bien. Tout le voisinage est enthousiaste.<br \/>\nvr.gr. Pete<\/p><\/blockquote>\n<p>Paul et Ingrid<\/p>\n<blockquote><p>Nous poss\u00e9dons depuis quelques semaines une chemin\u00e9e bula en acier inoxydable. Elle se trouve sur la terrasse de notre jardin couvert et nous l'aimons beaucoup. Je ne vois qu'un seul inconv\u00e9nient : le soir, lorsque la chemin\u00e9e est bien chaude \u00e0 l'ext\u00e9rieur, nous nous couchons toujours beaucoup plus tard que ce qui est bon pour nous.<br \/>\nEn outre, nous sommes tr\u00e8s satisfaits de l'astuce d'installation consistant \u00e0 monter la chemin\u00e9e sur le conduit de toit de telle sorte que nous puissions facilement l'enlever de dessous et profiter de la chemin\u00e9e ailleurs dans le jardin si nous le souhaitons (ce qui ne s'est pas encore produit).<br \/>\nIl s'agit vraiment d'un tr\u00e8s bon achat et d'une chose brillante. Nous allons en profiter pendant des ann\u00e9es.<br \/>\nSalutations,<br \/>\nPaul et Ingrid<\/p><\/blockquote>\n<p>Tanja Homringhausen<\/p>\n<blockquote><p>Nous avons re\u00e7u les 3 lampes en bon \u00e9tat hier. Elles sont tr\u00e8s belles et nous commencerons bient\u00f4t \u00e0 en profiter lorsqu'elles seront accroch\u00e9es au mur.<br \/>\nMerci pour l'envoi soign\u00e9 et bon week-end.<br \/>\nChaleureuses salutations,<br \/>\nTanja Homringhausen<\/p><\/blockquote>","protected":false},"excerpt":{"rendered":"<p>T.O. Ik heb een Alfa 5 Minuti pizza oven besteld, en ben zeer tevreden over de geleverde service. Scherpe prijs, snelle levering, en heel snel reactie op gestelde vragen. De hele oven is netjes in de achtertuin afgeleverd, top! Hans Ik heb een Alfa pizza oven aangeschaft via deze site. Snelle reactie op vragen per [&hellip;]<\/p>\n","protected":false},"author":5,"featured_media":0,"parent":0,"menu_order":0,"comment_status":"closed","ping_status":"closed","template":"","meta":{"_acf_changed":false,"footnotes":""},"class_list":["post-1003","page","type-page","status-publish","hentry"],"acf":[],"yoast_head":"<!-- This site is optimized with the Yoast SEO plugin v27.3 - https:\/\/yoast.com\/product\/yoast-seo-wordpress\/ -->\n<title>Referenties &#8211; Bula Outdoor<\/title>\n<meta name=\"robots\" content=\"index, follow, max-snippet:-1, max-image-preview:large, max-video-preview:-1\" \/>\n<link rel=\"canonical\" href=\"https:\/\/bulaoutdoor.nl\/fr\/les-references\/\" \/>\n<meta property=\"og:locale\" content=\"fr_FR\" \/>\n<meta property=\"og:type\" content=\"article\" \/>\n<meta property=\"og:title\" content=\"Referenties &#8211; Bula Outdoor\" \/>\n<meta property=\"og:description\" content=\"T.O. Ik heb een Alfa 5 Minuti pizza oven besteld, en ben zeer tevreden over de geleverde service. Scherpe prijs, snelle levering, en heel snel reactie op gestelde vragen. De hele oven is netjes in de achtertuin afgeleverd, top! Hans Ik heb een Alfa pizza oven aangeschaft via deze site. Snelle reactie op vragen per [&hellip;]\" \/>\n<meta property=\"og:url\" content=\"https:\/\/bulaoutdoor.nl\/fr\/les-references\/\" \/>\n<meta property=\"og:site_name\" content=\"Bula Outdoor\" \/>\n<meta property=\"article:modified_time\" content=\"2018-06-06T12:45:10+00:00\" \/>\n<meta name=\"twitter:card\" content=\"summary_large_image\" \/>\n<meta name=\"twitter:label1\" content=\"Dur\u00e9e de lecture estim\u00e9e\" \/>\n\t<meta name=\"twitter:data1\" content=\"3 minutes\" \/>\n<script type=\"application\/ld+json\" class=\"yoast-schema-graph\">{\"@context\":\"https:\\\/\\\/schema.org\",\"@graph\":[{\"@type\":\"WebPage\",\"@id\":\"https:\\\/\\\/bulaoutdoor.nl\\\/referenties\\\/\",\"url\":\"https:\\\/\\\/bulaoutdoor.nl\\\/referenties\\\/\",\"name\":\"Referenties &#8211; Bula Outdoor\",\"isPartOf\":{\"@id\":\"https:\\\/\\\/bulaoutdoor.nl\\\/#website\"},\"datePublished\":\"2018-06-01T05:23:36+00:00\",\"dateModified\":\"2018-06-06T12:45:10+00:00\",\"breadcrumb\":{\"@id\":\"https:\\\/\\\/bulaoutdoor.nl\\\/referenties\\\/#breadcrumb\"},\"inLanguage\":\"fr-FR\",\"potentialAction\":[{\"@type\":\"ReadAction\",\"target\":[\"https:\\\/\\\/bulaoutdoor.nl\\\/referenties\\\/\"]}]},{\"@type\":\"BreadcrumbList\",\"@id\":\"https:\\\/\\\/bulaoutdoor.nl\\\/referenties\\\/#breadcrumb\",\"itemListElement\":[{\"@type\":\"ListItem\",\"position\":1,\"name\":\"Home\",\"item\":\"https:\\\/\\\/bulaoutdoor.nl\\\/\"},{\"@type\":\"ListItem\",\"position\":2,\"name\":\"Referenties\"}]},{\"@type\":\"WebSite\",\"@id\":\"https:\\\/\\\/bulaoutdoor.nl\\\/#website\",\"url\":\"https:\\\/\\\/bulaoutdoor.nl\\\/\",\"name\":\"Bula Outdoor\",\"description\":\"Voor uw buitenhaard, BBQ, tuinfakkel en houtoven\",\"publisher\":{\"@id\":\"https:\\\/\\\/bulaoutdoor.nl\\\/#organization\"},\"potentialAction\":[{\"@type\":\"SearchAction\",\"target\":{\"@type\":\"EntryPoint\",\"urlTemplate\":\"https:\\\/\\\/bulaoutdoor.nl\\\/?s={search_term_string}\"},\"query-input\":{\"@type\":\"PropertyValueSpecification\",\"valueRequired\":true,\"valueName\":\"search_term_string\"}}],\"inLanguage\":\"fr-FR\"},{\"@type\":\"Organization\",\"@id\":\"https:\\\/\\\/bulaoutdoor.nl\\\/#organization\",\"name\":\"Bula Outdoor\",\"url\":\"https:\\\/\\\/bulaoutdoor.nl\\\/\",\"logo\":{\"@type\":\"ImageObject\",\"inLanguage\":\"fr-FR\",\"@id\":\"https:\\\/\\\/bulaoutdoor.nl\\\/#\\\/schema\\\/logo\\\/image\\\/\",\"url\":\"https:\\\/\\\/www.bulaoutdoor.nl\\\/wp-content\\\/uploads\\\/2018\\\/04\\\/bulaoutdoor-logo.png\",\"contentUrl\":\"https:\\\/\\\/www.bulaoutdoor.nl\\\/wp-content\\\/uploads\\\/2018\\\/04\\\/bulaoutdoor-logo.png\",\"width\":324,\"height\":91,\"caption\":\"Bula Outdoor\"},\"image\":{\"@id\":\"https:\\\/\\\/bulaoutdoor.nl\\\/#\\\/schema\\\/logo\\\/image\\\/\"}}]}<\/script>\n<!-- \/ Yoast SEO plugin. -->","yoast_head_json":{"title":"R\u00e9f\u00e9rences - Bula Outdoor","robots":{"index":"index","follow":"follow","max-snippet":"max-snippet:-1","max-image-preview":"max-image-preview:large","max-video-preview":"max-video-preview:-1"},"canonical":"https:\/\/bulaoutdoor.nl\/fr\/les-references\/","og_locale":"fr_FR","og_type":"article","og_title":"Referenties &#8211; Bula Outdoor","og_description":"T.O. Ik heb een Alfa 5 Minuti pizza oven besteld, en ben zeer tevreden over de geleverde service. Scherpe prijs, snelle levering, en heel snel reactie op gestelde vragen. De hele oven is netjes in de achtertuin afgeleverd, top! Hans Ik heb een Alfa pizza oven aangeschaft via deze site. Snelle reactie op vragen per [&hellip;]","og_url":"https:\/\/bulaoutdoor.nl\/fr\/les-references\/","og_site_name":"Bula Outdoor","article_modified_time":"2018-06-06T12:45:10+00:00","twitter_card":"summary_large_image","twitter_misc":{"Dur\u00e9e de lecture estim\u00e9e":"3 minutes"},"schema":{"@context":"https:\/\/schema.org","@graph":[{"@type":"WebPage","@id":"https:\/\/bulaoutdoor.nl\/referenties\/","url":"https:\/\/bulaoutdoor.nl\/referenties\/","name":"R\u00e9f\u00e9rences - Bula Outdoor","isPartOf":{"@id":"https:\/\/bulaoutdoor.nl\/#website"},"datePublished":"2018-06-01T05:23:36+00:00","dateModified":"2018-06-06T12:45:10+00:00","breadcrumb":{"@id":"https:\/\/bulaoutdoor.nl\/referenties\/#breadcrumb"},"inLanguage":"fr-FR","potentialAction":[{"@type":"ReadAction","target":["https:\/\/bulaoutdoor.nl\/referenties\/"]}]},{"@type":"BreadcrumbList","@id":"https:\/\/bulaoutdoor.nl\/referenties\/#breadcrumb","itemListElement":[{"@type":"ListItem","position":1,"name":"Home","item":"https:\/\/bulaoutdoor.nl\/"},{"@type":"ListItem","position":2,"name":"Referenties"}]},{"@type":"WebSite","@id":"https:\/\/bulaoutdoor.nl\/#website","url":"https:\/\/bulaoutdoor.nl\/","name":"Bula Outdoor","description":"Pour votre chemin\u00e9e ext\u00e9rieure, votre barbecue, votre torche de jardin et votre four \u00e0 bois","publisher":{"@id":"https:\/\/bulaoutdoor.nl\/#organization"},"potentialAction":[{"@type":"SearchAction","target":{"@type":"EntryPoint","urlTemplate":"https:\/\/bulaoutdoor.nl\/?s={search_term_string}"},"query-input":{"@type":"PropertyValueSpecification","valueRequired":true,"valueName":"search_term_string"}}],"inLanguage":"fr-FR"},{"@type":"Organization","@id":"https:\/\/bulaoutdoor.nl\/#organization","name":"Bula Outdoor","url":"https:\/\/bulaoutdoor.nl\/","logo":{"@type":"ImageObject","inLanguage":"fr-FR","@id":"https:\/\/bulaoutdoor.nl\/#\/schema\/logo\/image\/","url":"https:\/\/www.bulaoutdoor.nl\/wp-content\/uploads\/2018\/04\/bulaoutdoor-logo.png","contentUrl":"https:\/\/www.bulaoutdoor.nl\/wp-content\/uploads\/2018\/04\/bulaoutdoor-logo.png","width":324,"height":91,"caption":"Bula Outdoor"},"image":{"@id":"https:\/\/bulaoutdoor.nl\/#\/schema\/logo\/image\/"}}]}},"jetpack_sharing_enabled":true,"_links":{"self":[{"href":"https:\/\/bulaoutdoor.nl\/fr\/wp-json\/wp\/v2\/pages\/1003","targetHints":{"allow":["GET"]}}],"collection":[{"href":"https:\/\/bulaoutdoor.nl\/fr\/wp-json\/wp\/v2\/pages"}],"about":[{"href":"https:\/\/bulaoutdoor.nl\/fr\/wp-json\/wp\/v2\/types\/page"}],"author":[{"embeddable":true,"href":"https:\/\/bulaoutdoor.nl\/fr\/wp-json\/wp\/v2\/users\/5"}],"replies":[{"embeddable":true,"href":"https:\/\/bulaoutdoor.nl\/fr\/wp-json\/wp\/v2\/comments?post=1003"}],"version-history":[{"count":5,"href":"https:\/\/bulaoutdoor.nl\/fr\/wp-json\/wp\/v2\/pages\/1003\/revisions"}],"predecessor-version":[{"id":1109,"href":"https:\/\/bulaoutdoor.nl\/fr\/wp-json\/wp\/v2\/pages\/1003\/revisions\/1109"}],"wp:attachment":[{"href":"https:\/\/bulaoutdoor.nl\/fr\/wp-json\/wp\/v2\/media?parent=1003"}],"curies":[{"name":"wp","href":"https:\/\/api.w.org\/{rel}","templated":true}]}}