{"id":1007,"date":"2018-06-01T05:24:36","date_gmt":"2018-06-01T05:24:36","guid":{"rendered":"http:\/\/www.bulaoutdoor.nl\/?page_id=1007"},"modified":"2024-10-02T06:21:24","modified_gmt":"2024-10-02T06:21:24","slug":"contact","status":"publish","type":"page","link":"https:\/\/bulaoutdoor.nl\/fr\/contact-2-2\/","title":{"rendered":"Contact"},"content":{"rendered":"<h3>Heures d'ouverture <strong>par t\u00e9l\u00e9phone<\/strong>Horaires : du mardi au vendredi de 9h30 \u00e0 18h. Samedi de 10 heures \u00e0 17 heures. Possibilit\u00e9 d'enl\u00e8vement sur rendez-vous !<\/h3>\n<h4><strong>N'h\u00e9sitez pas \u00e0 appeler <a href=\"tel:06-51132330\">06-51132330<\/a><\/strong><strong> pour des conseils, des devis ou des questions sur les produits.<\/strong><\/h4>\n<h4>Notre <a href=\"https:\/\/bulaoutdoor.nl\/fr\/\">boutique en ligne<\/a> est, bien entendu, toujours ouvert !<\/h4>\n<h4><strong>NL. Laarderweg 73A, 1402 BE \u00e0 Bussum 't Gooi ou contactez-nous par t\u00e9l\u00e9phone :<a href=\"tel:0355330658\"> 035-5330658<\/a><\/strong><strong>remplir le <a href=\"https:\/\/bulaoutdoor.nl\/fr\/demander-un-devis\/\">formulaire de contact<\/a> ou par courrier <a href=\"mailto:%20info@bulaoutdoor.nl\">info@bulaoutdoor.nl<\/a>. <\/strong><\/h4>\n<h4><strong>FR. <\/strong><strong>5567 <\/strong><strong>Route Basse, 47210 Bournel France<\/strong><\/h4>\n<p><img loading=\"lazy\" decoding=\"async\" class=\"alignnone size-full wp-image-15167\" src=\"https:\/\/www.bulaoutdoor.nl\/wp-content\/uploads\/2022\/12\/DSC_0003v1.1.jpg\" alt=\"Boutique Bula Oudoor\" width=\"1392\" height=\"1140\" srcset=\"https:\/\/bulaoutdoor.nl\/wp-content\/uploads\/2022\/12\/DSC_0003v1.1.jpg 1392w, https:\/\/bulaoutdoor.nl\/wp-content\/uploads\/2022\/12\/DSC_0003v1.1-300x246.jpg 300w, https:\/\/bulaoutdoor.nl\/wp-content\/uploads\/2022\/12\/DSC_0003v1.1-1024x839.jpg 1024w, https:\/\/bulaoutdoor.nl\/wp-content\/uploads\/2022\/12\/DSC_0003v1.1-768x629.jpg 768w, https:\/\/bulaoutdoor.nl\/wp-content\/uploads\/2022\/12\/DSC_0003v1.1-416x341.jpg 416w\" sizes=\"auto, (max-width: 1392px) 100vw, 1392px\" \/><\/p>","protected":false},"excerpt":{"rendered":"<p>Openingstijden telefonisch: Dinsdag t\/m vrijdag van 9.30 uur tot 18.00 uur. Zaterdag van 10.00 uur tot 17.00 uur. Afhalen op afspraak mogelijk! Bel gerust 06-51132330 voor advies, offertes of vragen over producten. Onze webshop is natuurlijk altijd open! NL. Laarderweg 73A, 1402 BE in Bussum \u2018t Gooi of neem contact met ons op door te [&hellip;]<\/p>\n","protected":false},"author":5,"featured_media":0,"parent":0,"menu_order":0,"comment_status":"closed","ping_status":"closed","template":"","meta":{"_acf_changed":false,"footnotes":""},"class_list":["post-1007","page","type-page","status-publish","hentry"],"acf":[],"yoast_head":"<!-- This site is optimized with the Yoast SEO plugin v27.5 - https:\/\/yoast.com\/product\/yoast-seo-wordpress\/ -->\n<title>Contact &#8211; Bula Outdoor<\/title>\n<meta name=\"description\" content=\"Telefonisch bereikbaar van ma. t\/m zaterdag van 9:30 tot 18:00 uur. Bezoek en afhalen op afspraak, ook in de avond. Bussum\" \/>\n<meta name=\"robots\" content=\"index, follow, max-snippet:-1, max-image-preview:large, max-video-preview:-1\" \/>\n<link rel=\"canonical\" href=\"https:\/\/bulaoutdoor.nl\/fr\/contact\/\" \/>\n<meta property=\"og:locale\" content=\"fr_FR\" \/>\n<meta property=\"og:type\" content=\"article\" \/>\n<meta property=\"og:title\" content=\"Contact &#8211; Bula Outdoor\" \/>\n<meta property=\"og:description\" content=\"Telefonisch bereikbaar van ma. t\/m zaterdag van 9:30 tot 18:00 uur. Bezoek en afhalen op afspraak, ook in de avond. Bussum\" \/>\n<meta property=\"og:url\" content=\"https:\/\/bulaoutdoor.nl\/fr\/contact\/\" \/>\n<meta property=\"og:site_name\" content=\"Bula Outdoor\" \/>\n<meta property=\"article:modified_time\" content=\"2024-10-02T06:21:24+00:00\" \/>\n<meta property=\"og:image\" content=\"https:\/\/www.bulaoutdoor.nl\/wp-content\/uploads\/2022\/12\/DSC_0003v1.1.jpg\" \/>\n<meta name=\"twitter:card\" content=\"summary_large_image\" \/>\n<meta name=\"twitter:label1\" content=\"Dur\u00e9e de lecture estim\u00e9e\" \/>\n\t<meta name=\"twitter:data1\" content=\"1 minute\" \/>\n<script type=\"application\/ld+json\" class=\"yoast-schema-graph\">{\"@context\":\"https:\\\/\\\/schema.org\",\"@graph\":[{\"@type\":\"WebPage\",\"@id\":\"https:\\\/\\\/bulaoutdoor.nl\\\/contact-2-2\\\/\",\"url\":\"https:\\\/\\\/bulaoutdoor.nl\\\/contact-2-2\\\/\",\"name\":\"Contact &#8211; Bula Outdoor\",\"isPartOf\":{\"@id\":\"https:\\\/\\\/bulaoutdoor.nl\\\/#website\"},\"primaryImageOfPage\":{\"@id\":\"https:\\\/\\\/bulaoutdoor.nl\\\/contact-2-2\\\/#primaryimage\"},\"image\":{\"@id\":\"https:\\\/\\\/bulaoutdoor.nl\\\/contact-2-2\\\/#primaryimage\"},\"thumbnailUrl\":\"https:\\\/\\\/www.bulaoutdoor.nl\\\/wp-content\\\/uploads\\\/2022\\\/12\\\/DSC_0003v1.1.jpg\",\"datePublished\":\"2018-06-01T05:24:36+00:00\",\"dateModified\":\"2024-10-02T06:21:24+00:00\",\"description\":\"Telefonisch bereikbaar van ma. t\\\/m zaterdag van 9:30 tot 18:00 uur. Bezoek en afhalen op afspraak, ook in de avond. Bussum\",\"breadcrumb\":{\"@id\":\"https:\\\/\\\/bulaoutdoor.nl\\\/contact-2-2\\\/#breadcrumb\"},\"inLanguage\":\"fr-FR\",\"potentialAction\":[{\"@type\":\"ReadAction\",\"target\":[\"https:\\\/\\\/bulaoutdoor.nl\\\/contact-2-2\\\/\"]}]},{\"@type\":\"ImageObject\",\"inLanguage\":\"fr-FR\",\"@id\":\"https:\\\/\\\/bulaoutdoor.nl\\\/contact-2-2\\\/#primaryimage\",\"url\":\"https:\\\/\\\/www.bulaoutdoor.nl\\\/wp-content\\\/uploads\\\/2022\\\/12\\\/DSC_0003v1.1.jpg\",\"contentUrl\":\"https:\\\/\\\/www.bulaoutdoor.nl\\\/wp-content\\\/uploads\\\/2022\\\/12\\\/DSC_0003v1.1.jpg\"},{\"@type\":\"BreadcrumbList\",\"@id\":\"https:\\\/\\\/bulaoutdoor.nl\\\/contact-2-2\\\/#breadcrumb\",\"itemListElement\":[{\"@type\":\"ListItem\",\"position\":1,\"name\":\"Home\",\"item\":\"https:\\\/\\\/bulaoutdoor.nl\\\/\"},{\"@type\":\"ListItem\",\"position\":2,\"name\":\"Contact\"}]},{\"@type\":\"WebSite\",\"@id\":\"https:\\\/\\\/bulaoutdoor.nl\\\/#website\",\"url\":\"https:\\\/\\\/bulaoutdoor.nl\\\/\",\"name\":\"Bula Outdoor\",\"description\":\"Voor uw buitenhaard, BBQ, tuinfakkel en houtoven\",\"publisher\":{\"@id\":\"https:\\\/\\\/bulaoutdoor.nl\\\/#organization\"},\"potentialAction\":[{\"@type\":\"SearchAction\",\"target\":{\"@type\":\"EntryPoint\",\"urlTemplate\":\"https:\\\/\\\/bulaoutdoor.nl\\\/?s={search_term_string}\"},\"query-input\":{\"@type\":\"PropertyValueSpecification\",\"valueRequired\":true,\"valueName\":\"search_term_string\"}}],\"inLanguage\":\"fr-FR\"},{\"@type\":\"Organization\",\"@id\":\"https:\\\/\\\/bulaoutdoor.nl\\\/#organization\",\"name\":\"Bula Outdoor\",\"url\":\"https:\\\/\\\/bulaoutdoor.nl\\\/\",\"logo\":{\"@type\":\"ImageObject\",\"inLanguage\":\"fr-FR\",\"@id\":\"https:\\\/\\\/bulaoutdoor.nl\\\/#\\\/schema\\\/logo\\\/image\\\/\",\"url\":\"https:\\\/\\\/www.bulaoutdoor.nl\\\/wp-content\\\/uploads\\\/2018\\\/04\\\/bulaoutdoor-logo.png\",\"contentUrl\":\"https:\\\/\\\/www.bulaoutdoor.nl\\\/wp-content\\\/uploads\\\/2018\\\/04\\\/bulaoutdoor-logo.png\",\"width\":324,\"height\":91,\"caption\":\"Bula Outdoor\"},\"image\":{\"@id\":\"https:\\\/\\\/bulaoutdoor.nl\\\/#\\\/schema\\\/logo\\\/image\\\/\"}}]}<\/script>\n<!-- \/ Yoast SEO plugin. -->","yoast_head_json":{"title":"Contact - Bula Outdoor","description":"Disponible par t\u00e9l\u00e9phone du lundi au samedi de 9h30 \u00e0 18h. Visites et prises en charge sur rendez-vous, \u00e9galement le soir. Bussum","robots":{"index":"index","follow":"follow","max-snippet":"max-snippet:-1","max-image-preview":"max-image-preview:large","max-video-preview":"max-video-preview:-1"},"canonical":"https:\/\/bulaoutdoor.nl\/fr\/contact\/","og_locale":"fr_FR","og_type":"article","og_title":"Contact &#8211; Bula Outdoor","og_description":"Telefonisch bereikbaar van ma. t\/m zaterdag van 9:30 tot 18:00 uur. Bezoek en afhalen op afspraak, ook in de avond. Bussum","og_url":"https:\/\/bulaoutdoor.nl\/fr\/contact\/","og_site_name":"Bula Outdoor","article_modified_time":"2024-10-02T06:21:24+00:00","og_image":[{"url":"https:\/\/www.bulaoutdoor.nl\/wp-content\/uploads\/2022\/12\/DSC_0003v1.1.jpg","type":"","width":"","height":""}],"twitter_card":"summary_large_image","twitter_misc":{"Dur\u00e9e de lecture estim\u00e9e":"1 minute"},"schema":{"@context":"https:\/\/schema.org","@graph":[{"@type":"WebPage","@id":"https:\/\/bulaoutdoor.nl\/contact-2-2\/","url":"https:\/\/bulaoutdoor.nl\/contact-2-2\/","name":"Contact - Bula Outdoor","isPartOf":{"@id":"https:\/\/bulaoutdoor.nl\/#website"},"primaryImageOfPage":{"@id":"https:\/\/bulaoutdoor.nl\/contact-2-2\/#primaryimage"},"image":{"@id":"https:\/\/bulaoutdoor.nl\/contact-2-2\/#primaryimage"},"thumbnailUrl":"https:\/\/www.bulaoutdoor.nl\/wp-content\/uploads\/2022\/12\/DSC_0003v1.1.jpg","datePublished":"2018-06-01T05:24:36+00:00","dateModified":"2024-10-02T06:21:24+00:00","description":"Disponible par t\u00e9l\u00e9phone du lundi au samedi de 9h30 \u00e0 18h. Visites et prises en charge sur rendez-vous, \u00e9galement le soir. Bussum","breadcrumb":{"@id":"https:\/\/bulaoutdoor.nl\/contact-2-2\/#breadcrumb"},"inLanguage":"fr-FR","potentialAction":[{"@type":"ReadAction","target":["https:\/\/bulaoutdoor.nl\/contact-2-2\/"]}]},{"@type":"ImageObject","inLanguage":"fr-FR","@id":"https:\/\/bulaoutdoor.nl\/contact-2-2\/#primaryimage","url":"https:\/\/www.bulaoutdoor.nl\/wp-content\/uploads\/2022\/12\/DSC_0003v1.1.jpg","contentUrl":"https:\/\/www.bulaoutdoor.nl\/wp-content\/uploads\/2022\/12\/DSC_0003v1.1.jpg"},{"@type":"BreadcrumbList","@id":"https:\/\/bulaoutdoor.nl\/contact-2-2\/#breadcrumb","itemListElement":[{"@type":"ListItem","position":1,"name":"Home","item":"https:\/\/bulaoutdoor.nl\/"},{"@type":"ListItem","position":2,"name":"Contact"}]},{"@type":"WebSite","@id":"https:\/\/bulaoutdoor.nl\/#website","url":"https:\/\/bulaoutdoor.nl\/","name":"Bula Outdoor","description":"Pour votre chemin\u00e9e ext\u00e9rieure, votre barbecue, votre torche de jardin et votre four \u00e0 bois","publisher":{"@id":"https:\/\/bulaoutdoor.nl\/#organization"},"potentialAction":[{"@type":"SearchAction","target":{"@type":"EntryPoint","urlTemplate":"https:\/\/bulaoutdoor.nl\/?s={search_term_string}"},"query-input":{"@type":"PropertyValueSpecification","valueRequired":true,"valueName":"search_term_string"}}],"inLanguage":"fr-FR"},{"@type":"Organization","@id":"https:\/\/bulaoutdoor.nl\/#organization","name":"Bula Outdoor","url":"https:\/\/bulaoutdoor.nl\/","logo":{"@type":"ImageObject","inLanguage":"fr-FR","@id":"https:\/\/bulaoutdoor.nl\/#\/schema\/logo\/image\/","url":"https:\/\/www.bulaoutdoor.nl\/wp-content\/uploads\/2018\/04\/bulaoutdoor-logo.png","contentUrl":"https:\/\/www.bulaoutdoor.nl\/wp-content\/uploads\/2018\/04\/bulaoutdoor-logo.png","width":324,"height":91,"caption":"Bula Outdoor"},"image":{"@id":"https:\/\/bulaoutdoor.nl\/#\/schema\/logo\/image\/"}}]}},"jetpack_sharing_enabled":true,"_links":{"self":[{"href":"https:\/\/bulaoutdoor.nl\/fr\/wp-json\/wp\/v2\/pages\/1007","targetHints":{"allow":["GET"]}}],"collection":[{"href":"https:\/\/bulaoutdoor.nl\/fr\/wp-json\/wp\/v2\/pages"}],"about":[{"href":"https:\/\/bulaoutdoor.nl\/fr\/wp-json\/wp\/v2\/types\/page"}],"author":[{"embeddable":true,"href":"https:\/\/bulaoutdoor.nl\/fr\/wp-json\/wp\/v2\/users\/5"}],"replies":[{"embeddable":true,"href":"https:\/\/bulaoutdoor.nl\/fr\/wp-json\/wp\/v2\/comments?post=1007"}],"version-history":[{"count":458,"href":"https:\/\/bulaoutdoor.nl\/fr\/wp-json\/wp\/v2\/pages\/1007\/revisions"}],"predecessor-version":[{"id":51804,"href":"https:\/\/bulaoutdoor.nl\/fr\/wp-json\/wp\/v2\/pages\/1007\/revisions\/51804"}],"wp:attachment":[{"href":"https:\/\/bulaoutdoor.nl\/fr\/wp-json\/wp\/v2\/media?parent=1007"}],"curies":[{"name":"wp","href":"https:\/\/api.w.org\/{rel}","templated":true}]}}