{"id":1119,"date":"2018-06-06T13:01:58","date_gmt":"2018-06-06T13:01:58","guid":{"rendered":"http:\/\/www.bulaoutdoor.nl\/?page_id=1119"},"modified":"2018-06-06T13:01:58","modified_gmt":"2018-06-06T13:01:58","slug":"cheminee-exterieure","status":"publish","type":"page","link":"https:\/\/bulaoutdoor.nl\/fr\/buitenhaard\/","title":{"rendered":"Chemin\u00e9e ext\u00e9rieure"},"content":{"rendered":"<p>Chemin\u00e9e ext\u00e9rieure et barbecue<br \/>\nChemin\u00e9es d'ext\u00e9rieur, po\u00eales de terrasse, chemin\u00e9es de jardin ou foyers, autant de noms diff\u00e9rents pour les chemin\u00e9es d'ambiance pour le jardin ou sous un auvent.<\/p>\n<p>Allumer un feu est un merveilleux moment de d\u00e9tente pour de nombreuses personnes. Allumer un feu et regarder les flammes pendant des heures. Vous vous d\u00e9tendez vraiment. Et la chaleur vous permet de profiter longtemps de la soir\u00e9e. Un feu de chemin\u00e9e est bien plus agr\u00e9able que la chaleur d'un chauffage de terrasse au gaz ou d'une lampe \u00e0 quartz. La chaleur provient souvent du sommet de la t\u00eate et est localement intense. Le rayonnement d'un foyer ext\u00e9rieur se situe plus bas et r\u00e9partit mieux la chaleur. Et vous n'\u00eates pas g\u00ean\u00e9 par le bruit monotone d'un chauffage de terrasse.<\/p>\n<p>Une chemin\u00e9e de jardin peut \u00eatre plac\u00e9e librement dans le jardin. Mais certains mod\u00e8les peuvent \u00e9galement \u00eatre plac\u00e9s sous un auvent ou une v\u00e9randa. Vous pouvez ainsi profiter de la vie en plein air pendant les quatre saisons. M\u00eame pendant un crachin hollandais.<\/p>\n<p>L\u00e0 o\u00f9 il y a de la fum\u00e9e, il y a du feu. C'est vrai, mais ce n'est pas tout \u00e0 fait vrai. Un bon feu ne produit pas de fum\u00e9e. Seule l'odeur du feu est agr\u00e9able. Une bonne chemin\u00e9e d'ext\u00e9rieur assure une combustion compl\u00e8te et ne produit donc pas de fum\u00e9e g\u00eanante. C'est pourquoi il ne faut pas br\u00fbler avec trop de parcimonie et faire un bon feu. Utilisez du bois de chauffage sec (environ 20% d'humidit\u00e9). Et de pr\u00e9f\u00e9rence du bois de ch\u00eane, de h\u00eatre, de fr\u00eane, de bouleau ou d'arbre fruitier. Le bois de r\u00e9cup\u00e9ration provenant de palettes, par exemple, peut \u00e9galement \u00eatre utilis\u00e9, mais il fumera et \u00e9claboussera davantage.<\/p>\n<p>N'h\u00e9sitez pas \u00e0 vous rendre \u00e0 Blaricum pour en faire l'exp\u00e9rience.<\/p>\n<p><iframe loading=\"lazy\" width=\"980\" height=\"551\" src=\"https:\/\/www.youtube.com\/embed\/Rm6c51EgJTI?feature=oembed\" frameborder=\"0\" allow=\"autoplay; encrypted-media\" allowfullscreen><\/iframe><\/p>","protected":false},"excerpt":{"rendered":"<p>Buitenhaard en BBQ\u200b Buitenhaarden, terraskachels, tuinhaarden of vuurkorven, het zijn verschillende benamingen voor sfeerhaarden voor in de tuin of onder een afdak. Vuur stoken is voor veel mensen een heerlijke ontspanning. Het aansteken en uren kijken naar de vlammen. Dan kom je echt tot rust. En de warmte zorgt ervoor dat je lang van de [&hellip;]<\/p>\n","protected":false},"author":5,"featured_media":0,"parent":0,"menu_order":0,"comment_status":"closed","ping_status":"closed","template":"","meta":{"_acf_changed":false,"footnotes":""},"class_list":["post-1119","page","type-page","status-publish","hentry"],"acf":[],"yoast_head":"<!-- This site is optimized with the Yoast SEO plugin v27.4 - https:\/\/yoast.com\/product\/yoast-seo-wordpress\/ -->\n<title>Buitenhaard &#8211; Bula Outdoor<\/title>\n<meta name=\"robots\" content=\"index, follow, max-snippet:-1, max-image-preview:large, max-video-preview:-1\" \/>\n<link rel=\"canonical\" href=\"https:\/\/bulaoutdoor.nl\/fr\/cheminee-exterieure\/\" \/>\n<meta property=\"og:locale\" content=\"fr_FR\" \/>\n<meta property=\"og:type\" content=\"article\" \/>\n<meta property=\"og:title\" content=\"Buitenhaard &#8211; Bula Outdoor\" \/>\n<meta property=\"og:description\" content=\"Buitenhaard en BBQ\u200b Buitenhaarden, terraskachels, tuinhaarden of vuurkorven, het zijn verschillende benamingen voor sfeerhaarden voor in de tuin of onder een afdak. Vuur stoken is voor veel mensen een heerlijke ontspanning. Het aansteken en uren kijken naar de vlammen. Dan kom je echt tot rust. En de warmte zorgt ervoor dat je lang van de [&hellip;]\" \/>\n<meta property=\"og:url\" content=\"https:\/\/bulaoutdoor.nl\/fr\/cheminee-exterieure\/\" \/>\n<meta property=\"og:site_name\" content=\"Bula Outdoor\" \/>\n<meta name=\"twitter:card\" content=\"summary_large_image\" \/>\n<meta name=\"twitter:label1\" content=\"Dur\u00e9e de lecture estim\u00e9e\" \/>\n\t<meta name=\"twitter:data1\" content=\"1 minute\" \/>\n<script type=\"application\/ld+json\" class=\"yoast-schema-graph\">{\"@context\":\"https:\\\/\\\/schema.org\",\"@graph\":[{\"@type\":\"WebPage\",\"@id\":\"https:\\\/\\\/bulaoutdoor.nl\\\/buitenhaard\\\/\",\"url\":\"https:\\\/\\\/bulaoutdoor.nl\\\/buitenhaard\\\/\",\"name\":\"Buitenhaard &#8211; Bula Outdoor\",\"isPartOf\":{\"@id\":\"https:\\\/\\\/bulaoutdoor.nl\\\/#website\"},\"datePublished\":\"2018-06-06T13:01:58+00:00\",\"breadcrumb\":{\"@id\":\"https:\\\/\\\/bulaoutdoor.nl\\\/buitenhaard\\\/#breadcrumb\"},\"inLanguage\":\"fr-FR\",\"potentialAction\":[{\"@type\":\"ReadAction\",\"target\":[\"https:\\\/\\\/bulaoutdoor.nl\\\/buitenhaard\\\/\"]}]},{\"@type\":\"BreadcrumbList\",\"@id\":\"https:\\\/\\\/bulaoutdoor.nl\\\/buitenhaard\\\/#breadcrumb\",\"itemListElement\":[{\"@type\":\"ListItem\",\"position\":1,\"name\":\"Home\",\"item\":\"https:\\\/\\\/bulaoutdoor.nl\\\/\"},{\"@type\":\"ListItem\",\"position\":2,\"name\":\"Buitenhaard\"}]},{\"@type\":\"WebSite\",\"@id\":\"https:\\\/\\\/bulaoutdoor.nl\\\/#website\",\"url\":\"https:\\\/\\\/bulaoutdoor.nl\\\/\",\"name\":\"Bula Outdoor\",\"description\":\"Voor uw buitenhaard, BBQ, tuinfakkel en houtoven\",\"publisher\":{\"@id\":\"https:\\\/\\\/bulaoutdoor.nl\\\/#organization\"},\"potentialAction\":[{\"@type\":\"SearchAction\",\"target\":{\"@type\":\"EntryPoint\",\"urlTemplate\":\"https:\\\/\\\/bulaoutdoor.nl\\\/?s={search_term_string}\"},\"query-input\":{\"@type\":\"PropertyValueSpecification\",\"valueRequired\":true,\"valueName\":\"search_term_string\"}}],\"inLanguage\":\"fr-FR\"},{\"@type\":\"Organization\",\"@id\":\"https:\\\/\\\/bulaoutdoor.nl\\\/#organization\",\"name\":\"Bula Outdoor\",\"url\":\"https:\\\/\\\/bulaoutdoor.nl\\\/\",\"logo\":{\"@type\":\"ImageObject\",\"inLanguage\":\"fr-FR\",\"@id\":\"https:\\\/\\\/bulaoutdoor.nl\\\/#\\\/schema\\\/logo\\\/image\\\/\",\"url\":\"https:\\\/\\\/www.bulaoutdoor.nl\\\/wp-content\\\/uploads\\\/2018\\\/04\\\/bulaoutdoor-logo.png\",\"contentUrl\":\"https:\\\/\\\/www.bulaoutdoor.nl\\\/wp-content\\\/uploads\\\/2018\\\/04\\\/bulaoutdoor-logo.png\",\"width\":324,\"height\":91,\"caption\":\"Bula Outdoor\"},\"image\":{\"@id\":\"https:\\\/\\\/bulaoutdoor.nl\\\/#\\\/schema\\\/logo\\\/image\\\/\"}}]}<\/script>\n<!-- \/ Yoast SEO plugin. -->","yoast_head_json":{"title":"Chemin\u00e9e d'ext\u00e9rieur - Bula Outdoor","robots":{"index":"index","follow":"follow","max-snippet":"max-snippet:-1","max-image-preview":"max-image-preview:large","max-video-preview":"max-video-preview:-1"},"canonical":"https:\/\/bulaoutdoor.nl\/fr\/cheminee-exterieure\/","og_locale":"fr_FR","og_type":"article","og_title":"Buitenhaard &#8211; Bula Outdoor","og_description":"Buitenhaard en BBQ\u200b Buitenhaarden, terraskachels, tuinhaarden of vuurkorven, het zijn verschillende benamingen voor sfeerhaarden voor in de tuin of onder een afdak. Vuur stoken is voor veel mensen een heerlijke ontspanning. Het aansteken en uren kijken naar de vlammen. Dan kom je echt tot rust. En de warmte zorgt ervoor dat je lang van de [&hellip;]","og_url":"https:\/\/bulaoutdoor.nl\/fr\/cheminee-exterieure\/","og_site_name":"Bula Outdoor","twitter_card":"summary_large_image","twitter_misc":{"Dur\u00e9e de lecture estim\u00e9e":"1 minute"},"schema":{"@context":"https:\/\/schema.org","@graph":[{"@type":"WebPage","@id":"https:\/\/bulaoutdoor.nl\/buitenhaard\/","url":"https:\/\/bulaoutdoor.nl\/buitenhaard\/","name":"Chemin\u00e9e d'ext\u00e9rieur - Bula Outdoor","isPartOf":{"@id":"https:\/\/bulaoutdoor.nl\/#website"},"datePublished":"2018-06-06T13:01:58+00:00","breadcrumb":{"@id":"https:\/\/bulaoutdoor.nl\/buitenhaard\/#breadcrumb"},"inLanguage":"fr-FR","potentialAction":[{"@type":"ReadAction","target":["https:\/\/bulaoutdoor.nl\/buitenhaard\/"]}]},{"@type":"BreadcrumbList","@id":"https:\/\/bulaoutdoor.nl\/buitenhaard\/#breadcrumb","itemListElement":[{"@type":"ListItem","position":1,"name":"Home","item":"https:\/\/bulaoutdoor.nl\/"},{"@type":"ListItem","position":2,"name":"Buitenhaard"}]},{"@type":"WebSite","@id":"https:\/\/bulaoutdoor.nl\/#website","url":"https:\/\/bulaoutdoor.nl\/","name":"Bula Outdoor","description":"Pour votre chemin\u00e9e ext\u00e9rieure, votre barbecue, votre torche de jardin et votre four \u00e0 bois","publisher":{"@id":"https:\/\/bulaoutdoor.nl\/#organization"},"potentialAction":[{"@type":"SearchAction","target":{"@type":"EntryPoint","urlTemplate":"https:\/\/bulaoutdoor.nl\/?s={search_term_string}"},"query-input":{"@type":"PropertyValueSpecification","valueRequired":true,"valueName":"search_term_string"}}],"inLanguage":"fr-FR"},{"@type":"Organization","@id":"https:\/\/bulaoutdoor.nl\/#organization","name":"Bula Outdoor","url":"https:\/\/bulaoutdoor.nl\/","logo":{"@type":"ImageObject","inLanguage":"fr-FR","@id":"https:\/\/bulaoutdoor.nl\/#\/schema\/logo\/image\/","url":"https:\/\/www.bulaoutdoor.nl\/wp-content\/uploads\/2018\/04\/bulaoutdoor-logo.png","contentUrl":"https:\/\/www.bulaoutdoor.nl\/wp-content\/uploads\/2018\/04\/bulaoutdoor-logo.png","width":324,"height":91,"caption":"Bula Outdoor"},"image":{"@id":"https:\/\/bulaoutdoor.nl\/#\/schema\/logo\/image\/"}}]}},"jetpack_sharing_enabled":true,"_links":{"self":[{"href":"https:\/\/bulaoutdoor.nl\/fr\/wp-json\/wp\/v2\/pages\/1119","targetHints":{"allow":["GET"]}}],"collection":[{"href":"https:\/\/bulaoutdoor.nl\/fr\/wp-json\/wp\/v2\/pages"}],"about":[{"href":"https:\/\/bulaoutdoor.nl\/fr\/wp-json\/wp\/v2\/types\/page"}],"author":[{"embeddable":true,"href":"https:\/\/bulaoutdoor.nl\/fr\/wp-json\/wp\/v2\/users\/5"}],"replies":[{"embeddable":true,"href":"https:\/\/bulaoutdoor.nl\/fr\/wp-json\/wp\/v2\/comments?post=1119"}],"version-history":[{"count":1,"href":"https:\/\/bulaoutdoor.nl\/fr\/wp-json\/wp\/v2\/pages\/1119\/revisions"}],"predecessor-version":[{"id":1120,"href":"https:\/\/bulaoutdoor.nl\/fr\/wp-json\/wp\/v2\/pages\/1119\/revisions\/1120"}],"wp:attachment":[{"href":"https:\/\/bulaoutdoor.nl\/fr\/wp-json\/wp\/v2\/media?parent=1119"}],"curies":[{"name":"wp","href":"https:\/\/api.w.org\/{rel}","templated":true}]}}