{"id":11864,"date":"2021-07-20T10:54:02","date_gmt":"2021-07-20T10:54:02","guid":{"rendered":"https:\/\/www.bulaoutdoor.nl\/?page_id=11864"},"modified":"2022-06-22T12:06:41","modified_gmt":"2022-06-22T12:06:41","slug":"acheter-un-four-a-bois","status":"publish","type":"page","link":"https:\/\/bulaoutdoor.nl\/fr\/houtoven-kopen\/","title":{"rendered":"Acheter Four \u00e0 pizza \u00e0 bois"},"content":{"rendered":"\n<div class=\"wp-block-columns usp is-layout-flex wp-container-core-columns-is-layout-28f84493 wp-block-columns-is-layout-flex\">\n<div class=\"wp-block-column is-layout-flow wp-block-column-is-layout-flow\">\n<p>&#x2714;&nbsp;Duurzame barbecueproducten<\/p>\n<\/div>\n\n\n\n<div class=\"wp-block-column is-layout-flow wp-block-column-is-layout-flow\">\n<p>&#x2714;&nbsp;Alles voor het buitenleven<\/p>\n<\/div>\n\n\n\n<div class=\"wp-block-column is-layout-flow wp-block-column-is-layout-flow\">\n<p>&#x2714;&nbsp;Winkelbezoek op afspraak<\/p>\n<\/div>\n<\/div>\n\n\n\n<div class=\"wp-block-columns margin-off is-layout-flex wp-container-core-columns-is-layout-28f84493 wp-block-columns-is-layout-flex\">\n<div class=\"wp-block-column is-layout-flow wp-block-column-is-layout-flow\">\n<p class=\"margin-off\">Wilt u online een houtoven kopen, zodat u bijvoorbeeld zelfgemaakte pizza kunt maken? Dan is Bula Outdoor de webshop die u nodig heeft. Wij zijn namelijk d\u00e9 online barbecue- en houtovenspecialist. Wilt u liever langsgaan in een winkel? Dan bent u welkom in onze showroom in Bussum, niet ver van Hilversum vandaan. Onze gespecialiseerde medewerkers in de winkel helpen u dan graag verder.<\/p>\n<\/div>\n<\/div>\n\n\n<div data-block-name=\"woocommerce\/product-tag\" data-orderby=\"price_desc\" data-rows=\"1\" data-tags=\"[92]\" class=\"wc-block-grid wp-block-product-tag wp-block-woocommerce-product-tag wc-block-product-tag has-3-columns\"><ul class=\"wc-block-grid__products\"><li class=\"wc-block-grid__product\">\n\t\t\t\t<a href=\"https:\/\/bulaoutdoor.nl\/fr\/product\/alfa-pizza-houtoven-pizza-oven-allegro-top-comfortabel-snel-en-vooral-veelzijdig\/\" class=\"wc-block-grid__product-link\">\n\t\t\t\t\t\n\t\t\t\t\t<div class=\"wc-block-grid__product-image\"><img loading=\"lazy\" decoding=\"async\" width=\"324\" height=\"324\" src=\"https:\/\/bulaoutdoor.nl\/wp-content\/uploads\/2019\/02\/allegro-rood-pizza-oven-bula-outdoor-324x324.jpg\" class=\"attachment-woocommerce_thumbnail size-woocommerce_thumbnail\" alt=\"Alfa Pizza Houtoven Allegro | grille\u00a0en vooral grote pizza&#039;s bereiden\" srcset=\"https:\/\/bulaoutdoor.nl\/wp-content\/uploads\/2019\/02\/allegro-rood-pizza-oven-bula-outdoor-324x324.jpg 324w, https:\/\/bulaoutdoor.nl\/wp-content\/uploads\/2019\/02\/allegro-rood-pizza-oven-bula-outdoor-100x100.jpg 100w, https:\/\/bulaoutdoor.nl\/wp-content\/uploads\/2019\/02\/allegro-rood-pizza-oven-bula-outdoor-416x416.jpg 416w, https:\/\/bulaoutdoor.nl\/wp-content\/uploads\/2019\/02\/allegro-rood-pizza-oven-bula-outdoor-150x150.jpg 150w, https:\/\/bulaoutdoor.nl\/wp-content\/uploads\/2019\/02\/allegro-rood-pizza-oven-bula-outdoor-300x300.jpg 300w, https:\/\/bulaoutdoor.nl\/wp-content\/uploads\/2019\/02\/allegro-rood-pizza-oven-bula-outdoor-768x768.jpg 768w, https:\/\/bulaoutdoor.nl\/wp-content\/uploads\/2019\/02\/allegro-rood-pizza-oven-bula-outdoor-1024x1024.jpg 1024w, https:\/\/bulaoutdoor.nl\/wp-content\/uploads\/2019\/02\/allegro-rood-pizza-oven-bula-outdoor.jpg 1200w\" sizes=\"auto, (max-width: 324px) 100vw, 324px\" \/><\/div>\n\t\t\t\t\t<div class=\"wc-block-grid__product-title\">Alfa Pizza Houtoven Allegro | grille\u00a0en vooral grote pizza&#8217;s bereiden<\/div>\n\t\t\t\t<\/a>\n\t\t\t\t<div class=\"wc-block-grid__product-price price\"><span class=\"woocommerce-Price-amount amount\" aria-hidden=\"true\"><span class=\"woocommerce-Price-currencySymbol\">&euro;<\/span>5.599,00<\/span> <span aria-hidden=\"true\">\u00a0\u2013\u00a0<\/span> <span class=\"woocommerce-Price-amount amount\" aria-hidden=\"true\"><span class=\"woocommerce-Price-currencySymbol\">&euro;<\/span>6.599,00<\/span><span class=\"screen-reader-text\">Plage de prix\u00a0: &euro;5.599,00 \u00e0 &euro;6.599,00<\/span> <small class=\"woocommerce-price-suffix\">Incl. BTW<\/small><\/div>\n\t\t\t\t<div class=\"wc-block-grid__product-rating\"><div class=\"star-rating\" role=\"img\" aria-label=\"Rated 5.00 out of 5\"><span style=\"width:100%\">Not\u00e9 <strong class=\"rating\">5.00<\/strong> sur 5 en fonction de l&#8217;\u00e9valuation des clients <span class=\"rating\">1<\/span><\/span><\/div><\/div>\n\t\t\t\t<div class=\"wp-block-button wc-block-grid__product-add-to-cart\"><a href=\"https:\/\/bulaoutdoor.nl\/fr\/product\/alfa-pizza-houtoven-pizza-oven-allegro-top-comfortabel-snel-en-vooral-veelzijdig\/\" aria-label=\"S\u00e9lectionner les options pour &quot;Alfa Pizza Houtoven Allegro | grille\u00a0en vooral grote pizza&#039;s bereiden&quot;\" data-quantity=\"1\" data-product_id=\"1420\" data-product_sku=\"4 Pizze Alfa Pizza-1\" data-price=\"5599\" rel=\"nofollow\" class=\"wp-block-button__link  add_to_cart_button\">S\u00e9lectionner les options<\/a><\/div>\n\t\t\t<\/li><li class=\"wc-block-grid__product\">\n\t\t\t\t<a href=\"https:\/\/bulaoutdoor.nl\/fr\/product\/alfa-one-italiaanse-houtoven\/\" class=\"wc-block-grid__product-link\">\n\t\t\t\t\t\n\t\t\t\t\t<div class=\"wc-block-grid__product-image\"><img loading=\"lazy\" decoding=\"async\" width=\"324\" height=\"324\" src=\"https:\/\/bulaoutdoor.nl\/wp-content\/uploads\/2019\/09\/moderno-1-pizza-wood-bula-outdoor-2-324x324.jpg\" class=\"attachment-woocommerce_thumbnail size-woocommerce_thumbnail\" alt=\"Alfa Forni Moderno 1\" srcset=\"https:\/\/bulaoutdoor.nl\/wp-content\/uploads\/2019\/09\/moderno-1-pizza-wood-bula-outdoor-2-324x324.jpg 324w, https:\/\/bulaoutdoor.nl\/wp-content\/uploads\/2019\/09\/moderno-1-pizza-wood-bula-outdoor-2-150x150.jpg 150w, https:\/\/bulaoutdoor.nl\/wp-content\/uploads\/2019\/09\/moderno-1-pizza-wood-bula-outdoor-2-100x100.jpg 100w\" sizes=\"auto, (max-width: 324px) 100vw, 324px\" \/><\/div>\n\t\t\t\t\t<div class=\"wc-block-grid__product-title\">Alfa Forni Moderno 1 Hout<\/div>\n\t\t\t\t<\/a>\n\t\t\t\t<div class=\"wc-block-grid__product-price price\"><span class=\"woocommerce-Price-amount amount\" aria-hidden=\"true\"><span class=\"woocommerce-Price-currencySymbol\">&euro;<\/span>1.249,00<\/span> <span aria-hidden=\"true\">\u00a0\u2013\u00a0<\/span> <span class=\"woocommerce-Price-amount amount\" aria-hidden=\"true\"><span class=\"woocommerce-Price-currencySymbol\">&euro;<\/span>1.749,00<\/span><span class=\"screen-reader-text\">Plage de prix\u00a0: &euro;1.249,00 \u00e0 &euro;1.749,00<\/span> <small class=\"woocommerce-price-suffix\">Incl. BTW<\/small><\/div>\n\t\t\t\t\n\t\t\t\t<div class=\"wp-block-button wc-block-grid__product-add-to-cart\"><a href=\"https:\/\/bulaoutdoor.nl\/fr\/product\/alfa-one-italiaanse-houtoven\/\" aria-label=\"S\u00e9lectionner les options pour &quot;Alfa Forni Moderno 1 Hout&quot;\" data-quantity=\"1\" data-product_id=\"4180\" data-product_sku=\"Alfa Moderno 1 Pizze Koper\" data-price=\"1249\" rel=\"nofollow\" class=\"wp-block-button__link  add_to_cart_button\">S\u00e9lectionner les options<\/a><\/div>\n\t\t\t<\/li><li class=\"wc-block-grid__product\">\n\t\t\t\t<a href=\"https:\/\/bulaoutdoor.nl\/fr\/product\/alfa-pizza-houtoven-pizza-oven-rvs-ciao\/\" class=\"wc-block-grid__product-link\">\n\t\t\t\t\t<div class=\"wc-block-grid__product-onsale\">\n\t\t\t<span aria-hidden=\"true\">Promo<\/span>\n\t\t\t<span class=\"screen-reader-text\">Produit en promotion<\/span>\n\t\t<\/div>\n\t\t\t\t\t<div class=\"wc-block-grid__product-image\"><img loading=\"lazy\" decoding=\"async\" width=\"324\" height=\"324\" src=\"https:\/\/bulaoutdoor.nl\/wp-content\/uploads\/2018\/05\/alfa-pizza-houtoven-pizza-oven-rvs-ciao-goed-voor-30-pizza-s-per-uur_3534_1_G-324x324.jpg\" class=\"attachment-woocommerce_thumbnail size-woocommerce_thumbnail\" alt=\"Alfa Forni Houtoven Pizzaoven RVS, Ciao\" srcset=\"https:\/\/bulaoutdoor.nl\/wp-content\/uploads\/2018\/05\/alfa-pizza-houtoven-pizza-oven-rvs-ciao-goed-voor-30-pizza-s-per-uur_3534_1_G-324x324.jpg 324w, https:\/\/bulaoutdoor.nl\/wp-content\/uploads\/2018\/05\/alfa-pizza-houtoven-pizza-oven-rvs-ciao-goed-voor-30-pizza-s-per-uur_3534_1_G-100x100.jpg 100w, https:\/\/bulaoutdoor.nl\/wp-content\/uploads\/2018\/05\/alfa-pizza-houtoven-pizza-oven-rvs-ciao-goed-voor-30-pizza-s-per-uur_3534_1_G-150x150.jpg 150w\" sizes=\"auto, (max-width: 324px) 100vw, 324px\" \/><\/div>\n\t\t\t\t\t<div class=\"wc-block-grid__product-title\">Alfa Forni Houtoven Pizzaoven RVS, Ciao<\/div>\n\t\t\t\t<\/a>\n\t\t\t\t<div class=\"wc-block-grid__product-price price\"><span class=\"woocommerce-Price-amount amount\" aria-hidden=\"true\"><span class=\"woocommerce-Price-currencySymbol\">&euro;<\/span>1.299,00<\/span> <span aria-hidden=\"true\">\u00a0\u2013\u00a0<\/span> <span class=\"woocommerce-Price-amount amount\" aria-hidden=\"true\"><span class=\"woocommerce-Price-currencySymbol\">&euro;<\/span>1.599,00<\/span><span class=\"screen-reader-text\">Plage de prix\u00a0: &euro;1.299,00 \u00e0 &euro;1.599,00<\/span> <small class=\"woocommerce-price-suffix\">Incl. BTW<\/small><\/div>\n\t\t\t\t\n\t\t\t\t<div class=\"wp-block-button wc-block-grid__product-add-to-cart\"><a href=\"https:\/\/bulaoutdoor.nl\/fr\/product\/alfa-pizza-houtoven-pizza-oven-rvs-ciao\/\" aria-label=\"S\u00e9lectionner les options pour &quot;Alfa Forni Houtoven Pizzaoven RVS, Ciao&quot;\" data-quantity=\"1\" data-product_id=\"667\" data-product_sku=\"Ciao M\" data-price=\"1299\" rel=\"nofollow\" class=\"wp-block-button__link  add_to_cart_button\">S\u00e9lectionner les options<\/a><\/div>\n\t\t\t<\/li><\/ul><\/div>\n\n\n<div class=\"wp-block-columns cta is-layout-flex wp-container-core-columns-is-layout-28f84493 wp-block-columns-is-layout-flex\">\n<div class=\"wp-block-column is-layout-flow wp-block-column-is-layout-flow\">\n<h4 class=\"has-text-align-left wp-block-heading\"><br>Nog niet gevonden wat je zocht?<\/h4>\n\n\n\n<div class=\"wp-block-buttons is-layout-flex wp-block-buttons-is-layout-flex\">\n<div class=\"wp-block-button\"><a class=\"wp-block-button__link\" href=\"https:\/\/www.bulaoutdoor.nl\/product-categorie\/alfa-pizza-rvs-houtoven\/\" rel=\"https:\/\/www.bulaoutdoor.nl\/product-categorie\/alfa-pizza-rvs-houtoven\/\">Bekijk hier ons hele assortiment<\/a><\/div>\n<\/div>\n<\/div>\n<\/div>\n\n\n\n<div class=\"wp-block-columns is-layout-flex wp-container-core-columns-is-layout-28f84493 wp-block-columns-is-layout-flex\">\n<div class=\"wp-block-column is-layout-flow wp-block-column-is-layout-flow\">\n<h2 class=\"wp-block-heading\">Een houtoven kopen om pizza mee te maken<\/h2>\n\n\n\n<p>Bij Bula Outdoor kunt u met het grootste gemak een houtoven kopen om heerlijke pizza mee te bakken. We bieden u een brede selectie van verschillende modellen, onder andere van <a href=\"https:\/\/www.bulaoutdoor.nl\/product-categorie\/alfa-pizza-rvs-houtoven\/\">het topmerk Alfa Forni<\/a>. U vindt ook een prachtige <a href=\"https:\/\/www.bulaoutdoor.nl\/product-categorie\/weltevree\/\">outdooroven van Weltevree<\/a> in ons assortiment. Naast ovens, vindt u bij ons uitstekende barbecues. De <a href=\"https:\/\/www.bulaoutdoor.nl\/product\/oval-xl-400-ceramische-bbq-grill-en-smoker\/\">Primo Oval XL BBQ<\/a> heeft bijvoorbeeld een handig kijkraam. De <a href=\"https:\/\/www.bulaoutdoor.nl\/product-categorie\/BBQ\/beefeater-barbeques\/\">Beefeater Discovery BBQ<\/a> is ook een goede keuze. Waar uw keuze uiteindelijk ook naar uitgaat; u bent bij ons te allen tijde verzekerd van de meest hoogwaardige kwaliteit. Wij verkopen namelijk enkel producten van topmerken<\/p>\n<\/div>\n\n\n\n<div class=\"wp-block-column is-layout-flow wp-block-column-is-layout-flow\">\n<figure class=\"wp-block-image size-large is-resized\"><img loading=\"lazy\" decoding=\"async\" src=\"https:\/\/www.bulaoutdoor.nl\/wp-content\/uploads\/2018\/05\/Alfa-5-Minuti-1-Bula-Outdoor.jpeg\" alt=\"\" class=\"wp-image-9818\" width=\"390\" height=\"375\"\/><\/figure>\n<\/div>\n<\/div>\n\n\n\n<div class=\"wp-block-columns is-layout-flex wp-container-core-columns-is-layout-28f84493 wp-block-columns-is-layout-flex\">\n<div class=\"wp-block-column is-layout-flow wp-block-column-is-layout-flow\">\n<h3 class=\"wp-block-heading\">Bestel of kom langs in de winkel<\/h3>\n\n\n\n<p>Omdat we een ruim aanbod aanbieden, slaagt u bij ons altijd. Daarom kiest u voor ons wanneer u een houtoven wilt kopen om onder andere pizza te maken. Komt u liever langs in een fysieke winkel? Bel dan naar <a href=\"tel:0031355330658\">035-5330658<\/a> of stuur een e-mail naar <a href=\"mailto:info@bulaoutdoor.nl\">info@bulaoutdoor.nl<\/a> voor een afspraak. Wij geven u dan graag persoonlijk advies, zodat u de juiste houtoven voor uw pizza zult kopen. Bij vragen kunt u uiteraard ook <a href=\"https:\/\/www.bulaoutdoor.nl\/contact\/\">contact met ons<\/a> opnemen.<\/p>\n\n\n\n<p>Ook interessant:<\/p>\n\n\n\n<p><a href=\"https:\/\/www.bulaoutdoor.nl\/product\/oval-xl-400-ceramische-bbq-grill-en-smoker\/\"><a href=\"https:\/\/www.bulaoutdoor.nl\/product\/oval-xl-400-ceramische-bbq-grill-en-smoker\/\"><a href=\"https:\/\/www.bulaoutdoor.nl\/product\/oval-xl-400-ceramische-bbq-grill-en-smoker\/\">Primo Oval XL BBQ<\/a> | <a href=\"https:\/\/www.bulaoutdoor.nl\/product\/beefeater-discovery-1100e-inbouw-series-4-burner\/\">Beefeater Discovery BBQ<\/a> |\u00a0 <a href=\"https:\/\/www.bulaoutdoor.nl\/product-categorie\/weltevree\/\">Weltevree outdooroven kopen<\/a><\/a><\/a><\/p>\n<\/div>\n<\/div>\n\n\n\n<iframe src=\"https:\/\/www.google.com\/maps\/embed?pb=!1m23!1m12!1m3!1d32853.131213178414!2d5.1490328479792185!3d52.264748486151504!2m3!1f0!2f0!3f0!3m2!1i1024!2i768!4f13.1!4m8!3e6!4m0!4m5!1s0x47c6135fc29cb73d%3A0xfe0509720a6b74dd!2sbula%20outdoor!3m2!1d52.2689598!2d5.1675515999999995!5e0!3m2!1snl!2snl!4v1626783690571!5m2!1snl!2snl\" width=\"600\" height=\"450\" style=\"border:0;\" allowfullscreen=\"\" loading=\"lazy\"><\/iframe>\n","protected":false},"excerpt":{"rendered":"<p>&#x2714;&nbsp;Duurzame barbecueproducten &#x2714;&nbsp;Alles voor het buitenleven &#x2714;&nbsp;Winkelbezoek op afspraak Wilt u online een houtoven kopen, zodat u bijvoorbeeld zelfgemaakte pizza kunt maken? Dan is Bula Outdoor de webshop die u nodig heeft. Wij zijn namelijk d\u00e9 online barbecue- en houtovenspecialist. Wilt u liever langsgaan in een winkel? Dan bent u welkom in onze showroom in [&hellip;]<\/p>\n","protected":false},"author":5,"featured_media":0,"parent":0,"menu_order":0,"comment_status":"closed","ping_status":"closed","template":"template-fullwidth.php","meta":{"_acf_changed":false,"footnotes":""},"class_list":["post-11864","page","type-page","status-publish","hentry"],"acf":[],"yoast_head":"<!-- This site is optimized with the Yoast SEO plugin v27.3 - https:\/\/yoast.com\/product\/yoast-seo-wordpress\/ -->\n<title>Houtoven voor pizza kopen &#8211; Bula Outdoor<\/title>\n<meta name=\"description\" content=\"Wie wil genieten van een heerlijke zelfgemaakte pizza, moet zeker bij ons een houtoven kopen. Ontdek ons aanbod online of bezoek onze winkel in Bussum.\" \/>\n<meta name=\"robots\" content=\"index, follow, max-snippet:-1, max-image-preview:large, max-video-preview:-1\" \/>\n<link rel=\"canonical\" href=\"https:\/\/bulaoutdoor.nl\/fr\/acheter-un-four-a-bois\/\" \/>\n<meta property=\"og:locale\" content=\"fr_FR\" \/>\n<meta property=\"og:type\" content=\"article\" \/>\n<meta property=\"og:title\" content=\"Houtoven voor pizza kopen &#8211; Bula Outdoor\" \/>\n<meta property=\"og:description\" content=\"Wie wil genieten van een heerlijke zelfgemaakte pizza, moet zeker bij ons een houtoven kopen. Ontdek ons aanbod online of bezoek onze winkel in Bussum.\" \/>\n<meta property=\"og:url\" content=\"https:\/\/bulaoutdoor.nl\/fr\/acheter-un-four-a-bois\/\" \/>\n<meta property=\"og:site_name\" content=\"Bula Outdoor\" \/>\n<meta property=\"article:modified_time\" content=\"2022-06-22T12:06:41+00:00\" \/>\n<meta property=\"og:image\" content=\"https:\/\/www.bulaoutdoor.nl\/wp-content\/uploads\/2018\/05\/Alfa-5-Minuti-1-Bula-Outdoor.jpeg\" \/>\n<meta name=\"twitter:card\" content=\"summary_large_image\" \/>\n<meta name=\"twitter:label1\" content=\"Dur\u00e9e de lecture estim\u00e9e\" \/>\n\t<meta name=\"twitter:data1\" content=\"2 minutes\" \/>\n<script type=\"application\/ld+json\" class=\"yoast-schema-graph\">{\"@context\":\"https:\\\/\\\/schema.org\",\"@graph\":[{\"@type\":\"WebPage\",\"@id\":\"https:\\\/\\\/bulaoutdoor.nl\\\/houtoven-kopen\\\/\",\"url\":\"https:\\\/\\\/bulaoutdoor.nl\\\/houtoven-kopen\\\/\",\"name\":\"Houtoven voor pizza kopen &#8211; Bula Outdoor\",\"isPartOf\":{\"@id\":\"https:\\\/\\\/bulaoutdoor.nl\\\/#website\"},\"primaryImageOfPage\":{\"@id\":\"https:\\\/\\\/bulaoutdoor.nl\\\/houtoven-kopen\\\/#primaryimage\"},\"image\":{\"@id\":\"https:\\\/\\\/bulaoutdoor.nl\\\/houtoven-kopen\\\/#primaryimage\"},\"thumbnailUrl\":\"https:\\\/\\\/www.bulaoutdoor.nl\\\/wp-content\\\/uploads\\\/2018\\\/05\\\/Alfa-5-Minuti-1-Bula-Outdoor.jpeg\",\"datePublished\":\"2021-07-20T10:54:02+00:00\",\"dateModified\":\"2022-06-22T12:06:41+00:00\",\"description\":\"Wie wil genieten van een heerlijke zelfgemaakte pizza, moet zeker bij ons een houtoven kopen. Ontdek ons aanbod online of bezoek onze winkel in Bussum.\",\"breadcrumb\":{\"@id\":\"https:\\\/\\\/bulaoutdoor.nl\\\/houtoven-kopen\\\/#breadcrumb\"},\"inLanguage\":\"fr-FR\",\"potentialAction\":[{\"@type\":\"ReadAction\",\"target\":[\"https:\\\/\\\/bulaoutdoor.nl\\\/houtoven-kopen\\\/\"]}]},{\"@type\":\"ImageObject\",\"inLanguage\":\"fr-FR\",\"@id\":\"https:\\\/\\\/bulaoutdoor.nl\\\/houtoven-kopen\\\/#primaryimage\",\"url\":\"https:\\\/\\\/www.bulaoutdoor.nl\\\/wp-content\\\/uploads\\\/2018\\\/05\\\/Alfa-5-Minuti-1-Bula-Outdoor.jpeg\",\"contentUrl\":\"https:\\\/\\\/www.bulaoutdoor.nl\\\/wp-content\\\/uploads\\\/2018\\\/05\\\/Alfa-5-Minuti-1-Bula-Outdoor.jpeg\"},{\"@type\":\"BreadcrumbList\",\"@id\":\"https:\\\/\\\/bulaoutdoor.nl\\\/houtoven-kopen\\\/#breadcrumb\",\"itemListElement\":[{\"@type\":\"ListItem\",\"position\":1,\"name\":\"Home\",\"item\":\"https:\\\/\\\/bulaoutdoor.nl\\\/\"},{\"@type\":\"ListItem\",\"position\":2,\"name\":\"Houtoven voor pizza kopen\"}]},{\"@type\":\"WebSite\",\"@id\":\"https:\\\/\\\/bulaoutdoor.nl\\\/#website\",\"url\":\"https:\\\/\\\/bulaoutdoor.nl\\\/\",\"name\":\"Bula Outdoor\",\"description\":\"Voor uw buitenhaard, BBQ, tuinfakkel en houtoven\",\"publisher\":{\"@id\":\"https:\\\/\\\/bulaoutdoor.nl\\\/#organization\"},\"potentialAction\":[{\"@type\":\"SearchAction\",\"target\":{\"@type\":\"EntryPoint\",\"urlTemplate\":\"https:\\\/\\\/bulaoutdoor.nl\\\/?s={search_term_string}\"},\"query-input\":{\"@type\":\"PropertyValueSpecification\",\"valueRequired\":true,\"valueName\":\"search_term_string\"}}],\"inLanguage\":\"fr-FR\"},{\"@type\":\"Organization\",\"@id\":\"https:\\\/\\\/bulaoutdoor.nl\\\/#organization\",\"name\":\"Bula Outdoor\",\"url\":\"https:\\\/\\\/bulaoutdoor.nl\\\/\",\"logo\":{\"@type\":\"ImageObject\",\"inLanguage\":\"fr-FR\",\"@id\":\"https:\\\/\\\/bulaoutdoor.nl\\\/#\\\/schema\\\/logo\\\/image\\\/\",\"url\":\"https:\\\/\\\/www.bulaoutdoor.nl\\\/wp-content\\\/uploads\\\/2018\\\/04\\\/bulaoutdoor-logo.png\",\"contentUrl\":\"https:\\\/\\\/www.bulaoutdoor.nl\\\/wp-content\\\/uploads\\\/2018\\\/04\\\/bulaoutdoor-logo.png\",\"width\":324,\"height\":91,\"caption\":\"Bula Outdoor\"},\"image\":{\"@id\":\"https:\\\/\\\/bulaoutdoor.nl\\\/#\\\/schema\\\/logo\\\/image\\\/\"}}]}<\/script>\n<!-- \/ Yoast SEO plugin. -->","yoast_head_json":{"title":"Acheter un four \u00e0 bois pour pizza - Bula Outdoor","description":"Ceux qui veulent savourer une d\u00e9licieuse pizza maison doivent absolument acheter un four \u00e0 bois chez nous. D\u00e9couvrez notre gamme en ligne ou visitez notre magasin \u00e0 Bussum.","robots":{"index":"index","follow":"follow","max-snippet":"max-snippet:-1","max-image-preview":"max-image-preview:large","max-video-preview":"max-video-preview:-1"},"canonical":"https:\/\/bulaoutdoor.nl\/fr\/acheter-un-four-a-bois\/","og_locale":"fr_FR","og_type":"article","og_title":"Houtoven voor pizza kopen &#8211; Bula Outdoor","og_description":"Wie wil genieten van een heerlijke zelfgemaakte pizza, moet zeker bij ons een houtoven kopen. Ontdek ons aanbod online of bezoek onze winkel in Bussum.","og_url":"https:\/\/bulaoutdoor.nl\/fr\/acheter-un-four-a-bois\/","og_site_name":"Bula Outdoor","article_modified_time":"2022-06-22T12:06:41+00:00","og_image":[{"url":"https:\/\/www.bulaoutdoor.nl\/wp-content\/uploads\/2018\/05\/Alfa-5-Minuti-1-Bula-Outdoor.jpeg","type":"","width":"","height":""}],"twitter_card":"summary_large_image","twitter_misc":{"Dur\u00e9e de lecture estim\u00e9e":"2 minutes"},"schema":{"@context":"https:\/\/schema.org","@graph":[{"@type":"WebPage","@id":"https:\/\/bulaoutdoor.nl\/houtoven-kopen\/","url":"https:\/\/bulaoutdoor.nl\/houtoven-kopen\/","name":"Acheter un four \u00e0 bois pour pizza - Bula Outdoor","isPartOf":{"@id":"https:\/\/bulaoutdoor.nl\/#website"},"primaryImageOfPage":{"@id":"https:\/\/bulaoutdoor.nl\/houtoven-kopen\/#primaryimage"},"image":{"@id":"https:\/\/bulaoutdoor.nl\/houtoven-kopen\/#primaryimage"},"thumbnailUrl":"https:\/\/www.bulaoutdoor.nl\/wp-content\/uploads\/2018\/05\/Alfa-5-Minuti-1-Bula-Outdoor.jpeg","datePublished":"2021-07-20T10:54:02+00:00","dateModified":"2022-06-22T12:06:41+00:00","description":"Ceux qui veulent savourer une d\u00e9licieuse pizza maison doivent absolument acheter un four \u00e0 bois chez nous. D\u00e9couvrez notre gamme en ligne ou visitez notre magasin \u00e0 Bussum.","breadcrumb":{"@id":"https:\/\/bulaoutdoor.nl\/houtoven-kopen\/#breadcrumb"},"inLanguage":"fr-FR","potentialAction":[{"@type":"ReadAction","target":["https:\/\/bulaoutdoor.nl\/houtoven-kopen\/"]}]},{"@type":"ImageObject","inLanguage":"fr-FR","@id":"https:\/\/bulaoutdoor.nl\/houtoven-kopen\/#primaryimage","url":"https:\/\/www.bulaoutdoor.nl\/wp-content\/uploads\/2018\/05\/Alfa-5-Minuti-1-Bula-Outdoor.jpeg","contentUrl":"https:\/\/www.bulaoutdoor.nl\/wp-content\/uploads\/2018\/05\/Alfa-5-Minuti-1-Bula-Outdoor.jpeg"},{"@type":"BreadcrumbList","@id":"https:\/\/bulaoutdoor.nl\/houtoven-kopen\/#breadcrumb","itemListElement":[{"@type":"ListItem","position":1,"name":"Home","item":"https:\/\/bulaoutdoor.nl\/"},{"@type":"ListItem","position":2,"name":"Houtoven voor pizza kopen"}]},{"@type":"WebSite","@id":"https:\/\/bulaoutdoor.nl\/#website","url":"https:\/\/bulaoutdoor.nl\/","name":"Bula Outdoor","description":"Pour votre chemin\u00e9e ext\u00e9rieure, votre barbecue, votre torche de jardin et votre four \u00e0 bois","publisher":{"@id":"https:\/\/bulaoutdoor.nl\/#organization"},"potentialAction":[{"@type":"SearchAction","target":{"@type":"EntryPoint","urlTemplate":"https:\/\/bulaoutdoor.nl\/?s={search_term_string}"},"query-input":{"@type":"PropertyValueSpecification","valueRequired":true,"valueName":"search_term_string"}}],"inLanguage":"fr-FR"},{"@type":"Organization","@id":"https:\/\/bulaoutdoor.nl\/#organization","name":"Bula Outdoor","url":"https:\/\/bulaoutdoor.nl\/","logo":{"@type":"ImageObject","inLanguage":"fr-FR","@id":"https:\/\/bulaoutdoor.nl\/#\/schema\/logo\/image\/","url":"https:\/\/www.bulaoutdoor.nl\/wp-content\/uploads\/2018\/04\/bulaoutdoor-logo.png","contentUrl":"https:\/\/www.bulaoutdoor.nl\/wp-content\/uploads\/2018\/04\/bulaoutdoor-logo.png","width":324,"height":91,"caption":"Bula Outdoor"},"image":{"@id":"https:\/\/bulaoutdoor.nl\/#\/schema\/logo\/image\/"}}]}},"jetpack_sharing_enabled":true,"_links":{"self":[{"href":"https:\/\/bulaoutdoor.nl\/fr\/wp-json\/wp\/v2\/pages\/11864","targetHints":{"allow":["GET"]}}],"collection":[{"href":"https:\/\/bulaoutdoor.nl\/fr\/wp-json\/wp\/v2\/pages"}],"about":[{"href":"https:\/\/bulaoutdoor.nl\/fr\/wp-json\/wp\/v2\/types\/page"}],"author":[{"embeddable":true,"href":"https:\/\/bulaoutdoor.nl\/fr\/wp-json\/wp\/v2\/users\/5"}],"replies":[{"embeddable":true,"href":"https:\/\/bulaoutdoor.nl\/fr\/wp-json\/wp\/v2\/comments?post=11864"}],"version-history":[{"count":36,"href":"https:\/\/bulaoutdoor.nl\/fr\/wp-json\/wp\/v2\/pages\/11864\/revisions"}],"predecessor-version":[{"id":14178,"href":"https:\/\/bulaoutdoor.nl\/fr\/wp-json\/wp\/v2\/pages\/11864\/revisions\/14178"}],"wp:attachment":[{"href":"https:\/\/bulaoutdoor.nl\/fr\/wp-json\/wp\/v2\/media?parent=11864"}],"curies":[{"name":"wp","href":"https:\/\/api.w.org\/{rel}","templated":true}]}}