{"id":2,"date":"2018-04-16T14:43:20","date_gmt":"2018-04-16T14:43:20","guid":{"rendered":"http:\/\/www.bulaoutdoor.nl\/?page_id=2"},"modified":"2021-09-09T14:07:14","modified_gmt":"2021-09-09T14:07:14","slug":"home-bula-outdoor","status":"publish","type":"page","link":"https:\/\/bulaoutdoor.nl\/fr\/home-bula-outdoor\/","title":{"rendered":"Accueil"},"content":{"rendered":"<p><code>window.dojoRequire([\"mojo\/signup-forms\/Loader\"], function(L) { L.start({\"baseUrl\":\"mc.us8.list-manage.com\",\"uuid\":\"08908e127d51ad5d1189289ae\",\"lid\":\"eeeeeb2ad8\",\"uniqueMethods\":true}) })<\/code><\/p>\n","protected":false},"excerpt":{"rendered":"<p>window.dojoRequire([&#8220;mojo\/signup-forms\/Loader&#8221;], function(L) { L.start({&#8220;baseUrl&#8221;:&#8221;mc.us8.list-manage.com&#8221;,&#8221;uuid&#8221;:&#8221;08908e127d51ad5d1189289ae&#8221;,&#8221;lid&#8221;:&#8221;eeeeeb2ad8&#8243;,&#8221;uniqueMethods&#8221;:true}) })<\/p>\n","protected":false},"author":5,"featured_media":0,"parent":0,"menu_order":0,"comment_status":"closed","ping_status":"open","template":"template-homepage.php","meta":{"_acf_changed":false,"footnotes":""},"class_list":["post-2","page","type-page","status-publish","hentry"],"acf":[],"yoast_head":"<!-- This site is optimized with the Yoast SEO plugin v27.5 - https:\/\/yoast.com\/product\/yoast-seo-wordpress\/ -->\n<title>Home &#8211; Bula Outdoor<\/title>\n<meta name=\"description\" content=\"Bula Outdoor biedt graag wat anderen niet hebben. buitenhaard, tuinhaard, BBQ, barbecue, tuinfakkel, buitenverlichting, houtovens, pizzaoven, en tuinmeubels. Merken zoals Alfa Forni, Primo BBQ Grill and smoker, Houe, Weltevree, Frezoli lighting, Pipe Line Denmark, Lotus Grill, Forged, Gi.Metal, Beefeater, Dammers houtskool\" \/>\n<meta name=\"robots\" content=\"index, follow, max-snippet:-1, max-image-preview:large, max-video-preview:-1\" \/>\n<link rel=\"canonical\" href=\"https:\/\/bulaoutdoor.nl\/fr\/home-bula-outdoor\/\" \/>\n<meta property=\"og:locale\" content=\"fr_FR\" \/>\n<meta property=\"og:type\" content=\"article\" \/>\n<meta property=\"og:title\" content=\"Home &#8211; Bula Outdoor\" \/>\n<meta property=\"og:description\" content=\"Bula Outdoor biedt graag wat anderen niet hebben. buitenhaard, tuinhaard, BBQ, barbecue, tuinfakkel, buitenverlichting, houtovens, pizzaoven, en tuinmeubels. Merken zoals Alfa Forni, Primo BBQ Grill and smoker, Houe, Weltevree, Frezoli lighting, Pipe Line Denmark, Lotus Grill, Forged, Gi.Metal, Beefeater, Dammers houtskool\" \/>\n<meta property=\"og:url\" content=\"https:\/\/bulaoutdoor.nl\/fr\/home-bula-outdoor\/\" \/>\n<meta property=\"og:site_name\" content=\"Bula Outdoor\" \/>\n<meta property=\"article:modified_time\" content=\"2021-09-09T14:07:14+00:00\" \/>\n<meta name=\"twitter:card\" content=\"summary_large_image\" \/>\n<meta name=\"twitter:label1\" content=\"Dur\u00e9e de lecture estim\u00e9e\" \/>\n\t<meta name=\"twitter:data1\" content=\"1 minute\" \/>\n<script type=\"application\/ld+json\" class=\"yoast-schema-graph\">{\"@context\":\"https:\\\/\\\/schema.org\",\"@graph\":[{\"@type\":\"WebPage\",\"@id\":\"https:\\\/\\\/bulaoutdoor.nl\\\/home-bula-outdoor\\\/\",\"url\":\"https:\\\/\\\/bulaoutdoor.nl\\\/home-bula-outdoor\\\/\",\"name\":\"Home &#8211; Bula Outdoor\",\"isPartOf\":{\"@id\":\"https:\\\/\\\/bulaoutdoor.nl\\\/#website\"},\"datePublished\":\"2018-04-16T14:43:20+00:00\",\"dateModified\":\"2021-09-09T14:07:14+00:00\",\"description\":\"Bula Outdoor biedt graag wat anderen niet hebben. buitenhaard, tuinhaard, BBQ, barbecue, tuinfakkel, buitenverlichting, houtovens, pizzaoven, en tuinmeubels. Merken zoals Alfa Forni, Primo BBQ Grill and smoker, Houe, Weltevree, Frezoli lighting, Pipe Line Denmark, Lotus Grill, Forged, Gi.Metal, Beefeater, Dammers houtskool\",\"breadcrumb\":{\"@id\":\"https:\\\/\\\/bulaoutdoor.nl\\\/home-bula-outdoor\\\/#breadcrumb\"},\"inLanguage\":\"fr-FR\",\"potentialAction\":[{\"@type\":\"ReadAction\",\"target\":[\"https:\\\/\\\/bulaoutdoor.nl\\\/home-bula-outdoor\\\/\"]}]},{\"@type\":\"BreadcrumbList\",\"@id\":\"https:\\\/\\\/bulaoutdoor.nl\\\/home-bula-outdoor\\\/#breadcrumb\",\"itemListElement\":[{\"@type\":\"ListItem\",\"position\":1,\"name\":\"Home\",\"item\":\"https:\\\/\\\/bulaoutdoor.nl\\\/\"},{\"@type\":\"ListItem\",\"position\":2,\"name\":\"Home\"}]},{\"@type\":\"WebSite\",\"@id\":\"https:\\\/\\\/bulaoutdoor.nl\\\/#website\",\"url\":\"https:\\\/\\\/bulaoutdoor.nl\\\/\",\"name\":\"Bula Outdoor\",\"description\":\"Voor uw buitenhaard, BBQ, tuinfakkel en houtoven\",\"publisher\":{\"@id\":\"https:\\\/\\\/bulaoutdoor.nl\\\/#organization\"},\"potentialAction\":[{\"@type\":\"SearchAction\",\"target\":{\"@type\":\"EntryPoint\",\"urlTemplate\":\"https:\\\/\\\/bulaoutdoor.nl\\\/?s={search_term_string}\"},\"query-input\":{\"@type\":\"PropertyValueSpecification\",\"valueRequired\":true,\"valueName\":\"search_term_string\"}}],\"inLanguage\":\"fr-FR\"},{\"@type\":\"Organization\",\"@id\":\"https:\\\/\\\/bulaoutdoor.nl\\\/#organization\",\"name\":\"Bula Outdoor\",\"url\":\"https:\\\/\\\/bulaoutdoor.nl\\\/\",\"logo\":{\"@type\":\"ImageObject\",\"inLanguage\":\"fr-FR\",\"@id\":\"https:\\\/\\\/bulaoutdoor.nl\\\/#\\\/schema\\\/logo\\\/image\\\/\",\"url\":\"https:\\\/\\\/www.bulaoutdoor.nl\\\/wp-content\\\/uploads\\\/2018\\\/04\\\/bulaoutdoor-logo.png\",\"contentUrl\":\"https:\\\/\\\/www.bulaoutdoor.nl\\\/wp-content\\\/uploads\\\/2018\\\/04\\\/bulaoutdoor-logo.png\",\"width\":324,\"height\":91,\"caption\":\"Bula Outdoor\"},\"image\":{\"@id\":\"https:\\\/\\\/bulaoutdoor.nl\\\/#\\\/schema\\\/logo\\\/image\\\/\"}}]}<\/script>\n<!-- \/ Yoast SEO plugin. -->","yoast_head_json":{"title":"Home - Bula Outdoor","description":"Bula Outdoor aime offrir ce que les autres n'ont pas. Chemin\u00e9e ext\u00e9rieure, foyer de jardin, BBQ, barbecue, torche de jardin, \u00e9clairage ext\u00e9rieur, fours \u00e0 bois, four \u00e0 pizza et mobilier de jardin. Marques telles que Alfa Forni, Primo BBQ Grill and smoker, Houe, Weltevree, Frezoli lighting, Pipe Line Denmark, Lotus Grill, Forged, Gi.Metal, Beefeater, Dammers charcoal.","robots":{"index":"index","follow":"follow","max-snippet":"max-snippet:-1","max-image-preview":"max-image-preview:large","max-video-preview":"max-video-preview:-1"},"canonical":"https:\/\/bulaoutdoor.nl\/fr\/home-bula-outdoor\/","og_locale":"fr_FR","og_type":"article","og_title":"Home &#8211; Bula Outdoor","og_description":"Bula Outdoor biedt graag wat anderen niet hebben. buitenhaard, tuinhaard, BBQ, barbecue, tuinfakkel, buitenverlichting, houtovens, pizzaoven, en tuinmeubels. Merken zoals Alfa Forni, Primo BBQ Grill and smoker, Houe, Weltevree, Frezoli lighting, Pipe Line Denmark, Lotus Grill, Forged, Gi.Metal, Beefeater, Dammers houtskool","og_url":"https:\/\/bulaoutdoor.nl\/fr\/home-bula-outdoor\/","og_site_name":"Bula Outdoor","article_modified_time":"2021-09-09T14:07:14+00:00","twitter_card":"summary_large_image","twitter_misc":{"Dur\u00e9e de lecture estim\u00e9e":"1 minute"},"schema":{"@context":"https:\/\/schema.org","@graph":[{"@type":"WebPage","@id":"https:\/\/bulaoutdoor.nl\/home-bula-outdoor\/","url":"https:\/\/bulaoutdoor.nl\/home-bula-outdoor\/","name":"Home - Bula Outdoor","isPartOf":{"@id":"https:\/\/bulaoutdoor.nl\/#website"},"datePublished":"2018-04-16T14:43:20+00:00","dateModified":"2021-09-09T14:07:14+00:00","description":"Bula Outdoor aime offrir ce que les autres n'ont pas. Chemin\u00e9e ext\u00e9rieure, foyer de jardin, BBQ, barbecue, torche de jardin, \u00e9clairage ext\u00e9rieur, fours \u00e0 bois, four \u00e0 pizza et mobilier de jardin. Marques telles que Alfa Forni, Primo BBQ Grill and smoker, Houe, Weltevree, Frezoli lighting, Pipe Line Denmark, Lotus Grill, Forged, Gi.Metal, Beefeater, Dammers charcoal.","breadcrumb":{"@id":"https:\/\/bulaoutdoor.nl\/home-bula-outdoor\/#breadcrumb"},"inLanguage":"fr-FR","potentialAction":[{"@type":"ReadAction","target":["https:\/\/bulaoutdoor.nl\/home-bula-outdoor\/"]}]},{"@type":"BreadcrumbList","@id":"https:\/\/bulaoutdoor.nl\/home-bula-outdoor\/#breadcrumb","itemListElement":[{"@type":"ListItem","position":1,"name":"Home","item":"https:\/\/bulaoutdoor.nl\/"},{"@type":"ListItem","position":2,"name":"Home"}]},{"@type":"WebSite","@id":"https:\/\/bulaoutdoor.nl\/#website","url":"https:\/\/bulaoutdoor.nl\/","name":"Bula Outdoor","description":"Pour votre chemin\u00e9e ext\u00e9rieure, votre barbecue, votre torche de jardin et votre four \u00e0 bois","publisher":{"@id":"https:\/\/bulaoutdoor.nl\/#organization"},"potentialAction":[{"@type":"SearchAction","target":{"@type":"EntryPoint","urlTemplate":"https:\/\/bulaoutdoor.nl\/?s={search_term_string}"},"query-input":{"@type":"PropertyValueSpecification","valueRequired":true,"valueName":"search_term_string"}}],"inLanguage":"fr-FR"},{"@type":"Organization","@id":"https:\/\/bulaoutdoor.nl\/#organization","name":"Bula Outdoor","url":"https:\/\/bulaoutdoor.nl\/","logo":{"@type":"ImageObject","inLanguage":"fr-FR","@id":"https:\/\/bulaoutdoor.nl\/#\/schema\/logo\/image\/","url":"https:\/\/www.bulaoutdoor.nl\/wp-content\/uploads\/2018\/04\/bulaoutdoor-logo.png","contentUrl":"https:\/\/www.bulaoutdoor.nl\/wp-content\/uploads\/2018\/04\/bulaoutdoor-logo.png","width":324,"height":91,"caption":"Bula Outdoor"},"image":{"@id":"https:\/\/bulaoutdoor.nl\/#\/schema\/logo\/image\/"}}]}},"jetpack_sharing_enabled":true,"_links":{"self":[{"href":"https:\/\/bulaoutdoor.nl\/fr\/wp-json\/wp\/v2\/pages\/2","targetHints":{"allow":["GET"]}}],"collection":[{"href":"https:\/\/bulaoutdoor.nl\/fr\/wp-json\/wp\/v2\/pages"}],"about":[{"href":"https:\/\/bulaoutdoor.nl\/fr\/wp-json\/wp\/v2\/types\/page"}],"author":[{"embeddable":true,"href":"https:\/\/bulaoutdoor.nl\/fr\/wp-json\/wp\/v2\/users\/5"}],"replies":[{"embeddable":true,"href":"https:\/\/bulaoutdoor.nl\/fr\/wp-json\/wp\/v2\/comments?post=2"}],"version-history":[{"count":12,"href":"https:\/\/bulaoutdoor.nl\/fr\/wp-json\/wp\/v2\/pages\/2\/revisions"}],"predecessor-version":[{"id":12203,"href":"https:\/\/bulaoutdoor.nl\/fr\/wp-json\/wp\/v2\/pages\/2\/revisions\/12203"}],"wp:attachment":[{"href":"https:\/\/bulaoutdoor.nl\/fr\/wp-json\/wp\/v2\/media?parent=2"}],"curies":[{"name":"wp","href":"https:\/\/api.w.org\/{rel}","templated":true}]}}