{"id":2053,"date":"2019-05-31T12:24:49","date_gmt":"2019-05-31T12:24:49","guid":{"rendered":"https:\/\/www.bulaoutdoor.nl\/?page_id=2053"},"modified":"2019-05-31T12:31:06","modified_gmt":"2019-05-31T12:31:06","slug":"cuisson-au-four-a-bois-pizza-pain-legumes","status":"publish","type":"page","link":"https:\/\/bulaoutdoor.nl\/fr\/blog\/koken-in-de-houtoven-pizza-brood-groente\/","title":{"rendered":"Cuisson au four \u00e0 bois |Pizza | Pain | L\u00e9gumes"},"content":{"rendered":"<div class=\"airbnb-embed-frame\" data-id=\"259161\" data-view=\"experience_booking\" data-eid=\"MjA5NDk2MTQ=\" data-image=\"true\" data-title_and_info=\"true\" data-currency=\"EUR\"><a href=\"https:\/\/www.airbnb.com\/experiences\/259161?source=booking_widget\">Voir sur Airbnb<\/a><a href=\"https:\/\/www.airbnb.com\/experiences\/259161?source=booking_widget\" rel=\"nofollow\"><\/a><script async=\"\" src=\"https:\/\/www.airbnb.com\/embeddable\/airbnb_jssdk\"><\/script><\/div>","protected":false},"excerpt":{"rendered":"<p>Voir sur Airbnb<\/p>","protected":false},"author":5,"featured_media":0,"parent":1001,"menu_order":1,"comment_status":"closed","ping_status":"closed","template":"","meta":{"_acf_changed":false,"footnotes":""},"class_list":["post-2053","page","type-page","status-publish","hentry"],"acf":[],"yoast_head":"<!-- This site is optimized with the Yoast SEO plugin v27.3 - https:\/\/yoast.com\/product\/yoast-seo-wordpress\/ -->\n<title>Koken in de houtoven |Pizza | Brood | Groente &#8211; Bula Outdoor<\/title>\n<meta name=\"robots\" content=\"index, follow, max-snippet:-1, max-image-preview:large, max-video-preview:-1\" \/>\n<link rel=\"canonical\" href=\"https:\/\/bulaoutdoor.nl\/fr\/blog\/cuisson-au-four-a-bois-pizza-pain-legumes\/\" \/>\n<meta property=\"og:locale\" content=\"fr_FR\" \/>\n<meta property=\"og:type\" content=\"article\" \/>\n<meta property=\"og:title\" content=\"Koken in de houtoven |Pizza | Brood | Groente &#8211; Bula Outdoor\" \/>\n<meta property=\"og:description\" content=\"Bekijk Op Airbnb\" \/>\n<meta property=\"og:url\" content=\"https:\/\/bulaoutdoor.nl\/fr\/blog\/cuisson-au-four-a-bois-pizza-pain-legumes\/\" \/>\n<meta property=\"og:site_name\" content=\"Bula Outdoor\" \/>\n<meta property=\"article:modified_time\" content=\"2019-05-31T12:31:06+00:00\" \/>\n<meta name=\"twitter:card\" content=\"summary_large_image\" \/>\n<script type=\"application\/ld+json\" class=\"yoast-schema-graph\">{\"@context\":\"https:\\\/\\\/schema.org\",\"@graph\":[{\"@type\":\"WebPage\",\"@id\":\"https:\\\/\\\/bulaoutdoor.nl\\\/blog\\\/koken-in-de-houtoven-pizza-brood-groente\\\/\",\"url\":\"https:\\\/\\\/bulaoutdoor.nl\\\/blog\\\/koken-in-de-houtoven-pizza-brood-groente\\\/\",\"name\":\"Koken in de houtoven |Pizza | Brood | Groente &#8211; Bula Outdoor\",\"isPartOf\":{\"@id\":\"https:\\\/\\\/bulaoutdoor.nl\\\/#website\"},\"datePublished\":\"2019-05-31T12:24:49+00:00\",\"dateModified\":\"2019-05-31T12:31:06+00:00\",\"breadcrumb\":{\"@id\":\"https:\\\/\\\/bulaoutdoor.nl\\\/blog\\\/koken-in-de-houtoven-pizza-brood-groente\\\/#breadcrumb\"},\"inLanguage\":\"fr-FR\",\"potentialAction\":[{\"@type\":\"ReadAction\",\"target\":[\"https:\\\/\\\/bulaoutdoor.nl\\\/blog\\\/koken-in-de-houtoven-pizza-brood-groente\\\/\"]}]},{\"@type\":\"BreadcrumbList\",\"@id\":\"https:\\\/\\\/bulaoutdoor.nl\\\/blog\\\/koken-in-de-houtoven-pizza-brood-groente\\\/#breadcrumb\",\"itemListElement\":[{\"@type\":\"ListItem\",\"position\":1,\"name\":\"Home\",\"item\":\"https:\\\/\\\/bulaoutdoor.nl\\\/\"},{\"@type\":\"ListItem\",\"position\":2,\"name\":\"Blog\",\"item\":\"https:\\\/\\\/bulaoutdoor.nl\\\/blog\\\/\"},{\"@type\":\"ListItem\",\"position\":3,\"name\":\"Koken in de houtoven |Pizza | Brood | Groente\"}]},{\"@type\":\"WebSite\",\"@id\":\"https:\\\/\\\/bulaoutdoor.nl\\\/#website\",\"url\":\"https:\\\/\\\/bulaoutdoor.nl\\\/\",\"name\":\"Bula Outdoor\",\"description\":\"Voor uw buitenhaard, BBQ, tuinfakkel en houtoven\",\"publisher\":{\"@id\":\"https:\\\/\\\/bulaoutdoor.nl\\\/#organization\"},\"potentialAction\":[{\"@type\":\"SearchAction\",\"target\":{\"@type\":\"EntryPoint\",\"urlTemplate\":\"https:\\\/\\\/bulaoutdoor.nl\\\/?s={search_term_string}\"},\"query-input\":{\"@type\":\"PropertyValueSpecification\",\"valueRequired\":true,\"valueName\":\"search_term_string\"}}],\"inLanguage\":\"fr-FR\"},{\"@type\":\"Organization\",\"@id\":\"https:\\\/\\\/bulaoutdoor.nl\\\/#organization\",\"name\":\"Bula Outdoor\",\"url\":\"https:\\\/\\\/bulaoutdoor.nl\\\/\",\"logo\":{\"@type\":\"ImageObject\",\"inLanguage\":\"fr-FR\",\"@id\":\"https:\\\/\\\/bulaoutdoor.nl\\\/#\\\/schema\\\/logo\\\/image\\\/\",\"url\":\"https:\\\/\\\/www.bulaoutdoor.nl\\\/wp-content\\\/uploads\\\/2018\\\/04\\\/bulaoutdoor-logo.png\",\"contentUrl\":\"https:\\\/\\\/www.bulaoutdoor.nl\\\/wp-content\\\/uploads\\\/2018\\\/04\\\/bulaoutdoor-logo.png\",\"width\":324,\"height\":91,\"caption\":\"Bula Outdoor\"},\"image\":{\"@id\":\"https:\\\/\\\/bulaoutdoor.nl\\\/#\\\/schema\\\/logo\\\/image\\\/\"}}]}<\/script>\n<!-- \/ Yoast SEO plugin. -->","yoast_head_json":{"title":"Cuisson au four \u00e0 bois |Pizza | Pain | L\u00e9gumes - Bula Outdoors","robots":{"index":"index","follow":"follow","max-snippet":"max-snippet:-1","max-image-preview":"max-image-preview:large","max-video-preview":"max-video-preview:-1"},"canonical":"https:\/\/bulaoutdoor.nl\/fr\/blog\/cuisson-au-four-a-bois-pizza-pain-legumes\/","og_locale":"fr_FR","og_type":"article","og_title":"Koken in de houtoven |Pizza | Brood | Groente &#8211; Bula Outdoor","og_description":"Bekijk Op Airbnb","og_url":"https:\/\/bulaoutdoor.nl\/fr\/blog\/cuisson-au-four-a-bois-pizza-pain-legumes\/","og_site_name":"Bula Outdoor","article_modified_time":"2019-05-31T12:31:06+00:00","twitter_card":"summary_large_image","schema":{"@context":"https:\/\/schema.org","@graph":[{"@type":"WebPage","@id":"https:\/\/bulaoutdoor.nl\/blog\/koken-in-de-houtoven-pizza-brood-groente\/","url":"https:\/\/bulaoutdoor.nl\/blog\/koken-in-de-houtoven-pizza-brood-groente\/","name":"Cuisson au four \u00e0 bois |Pizza | Pain | L\u00e9gumes - Bula Outdoors","isPartOf":{"@id":"https:\/\/bulaoutdoor.nl\/#website"},"datePublished":"2019-05-31T12:24:49+00:00","dateModified":"2019-05-31T12:31:06+00:00","breadcrumb":{"@id":"https:\/\/bulaoutdoor.nl\/blog\/koken-in-de-houtoven-pizza-brood-groente\/#breadcrumb"},"inLanguage":"fr-FR","potentialAction":[{"@type":"ReadAction","target":["https:\/\/bulaoutdoor.nl\/blog\/koken-in-de-houtoven-pizza-brood-groente\/"]}]},{"@type":"BreadcrumbList","@id":"https:\/\/bulaoutdoor.nl\/blog\/koken-in-de-houtoven-pizza-brood-groente\/#breadcrumb","itemListElement":[{"@type":"ListItem","position":1,"name":"Home","item":"https:\/\/bulaoutdoor.nl\/"},{"@type":"ListItem","position":2,"name":"Blog","item":"https:\/\/bulaoutdoor.nl\/blog\/"},{"@type":"ListItem","position":3,"name":"Koken in de houtoven |Pizza | Brood | Groente"}]},{"@type":"WebSite","@id":"https:\/\/bulaoutdoor.nl\/#website","url":"https:\/\/bulaoutdoor.nl\/","name":"Bula Outdoor","description":"Pour votre chemin\u00e9e ext\u00e9rieure, votre barbecue, votre torche de jardin et votre four \u00e0 bois","publisher":{"@id":"https:\/\/bulaoutdoor.nl\/#organization"},"potentialAction":[{"@type":"SearchAction","target":{"@type":"EntryPoint","urlTemplate":"https:\/\/bulaoutdoor.nl\/?s={search_term_string}"},"query-input":{"@type":"PropertyValueSpecification","valueRequired":true,"valueName":"search_term_string"}}],"inLanguage":"fr-FR"},{"@type":"Organization","@id":"https:\/\/bulaoutdoor.nl\/#organization","name":"Bula Outdoor","url":"https:\/\/bulaoutdoor.nl\/","logo":{"@type":"ImageObject","inLanguage":"fr-FR","@id":"https:\/\/bulaoutdoor.nl\/#\/schema\/logo\/image\/","url":"https:\/\/www.bulaoutdoor.nl\/wp-content\/uploads\/2018\/04\/bulaoutdoor-logo.png","contentUrl":"https:\/\/www.bulaoutdoor.nl\/wp-content\/uploads\/2018\/04\/bulaoutdoor-logo.png","width":324,"height":91,"caption":"Bula Outdoor"},"image":{"@id":"https:\/\/bulaoutdoor.nl\/#\/schema\/logo\/image\/"}}]}},"jetpack_sharing_enabled":true,"_links":{"self":[{"href":"https:\/\/bulaoutdoor.nl\/fr\/wp-json\/wp\/v2\/pages\/2053","targetHints":{"allow":["GET"]}}],"collection":[{"href":"https:\/\/bulaoutdoor.nl\/fr\/wp-json\/wp\/v2\/pages"}],"about":[{"href":"https:\/\/bulaoutdoor.nl\/fr\/wp-json\/wp\/v2\/types\/page"}],"author":[{"embeddable":true,"href":"https:\/\/bulaoutdoor.nl\/fr\/wp-json\/wp\/v2\/users\/5"}],"replies":[{"embeddable":true,"href":"https:\/\/bulaoutdoor.nl\/fr\/wp-json\/wp\/v2\/comments?post=2053"}],"version-history":[{"count":2,"href":"https:\/\/bulaoutdoor.nl\/fr\/wp-json\/wp\/v2\/pages\/2053\/revisions"}],"predecessor-version":[{"id":11862,"href":"https:\/\/bulaoutdoor.nl\/fr\/wp-json\/wp\/v2\/pages\/2053\/revisions\/11862"}],"up":[{"embeddable":true,"href":"https:\/\/bulaoutdoor.nl\/fr\/wp-json\/wp\/v2\/pages\/1001"}],"wp:attachment":[{"href":"https:\/\/bulaoutdoor.nl\/fr\/wp-json\/wp\/v2\/media?parent=2053"}],"curies":[{"name":"wp","href":"https:\/\/api.w.org\/{rel}","templated":true}]}}