{"id":10143,"date":"2021-03-14T09:41:17","date_gmt":"2021-03-14T09:41:17","guid":{"rendered":"https:\/\/www.bulaoutdoor.nl\/?post_type=product&#038;p=10143"},"modified":"2026-02-16T21:35:38","modified_gmt":"2026-02-16T21:35:38","slug":"four-en-pierre","status":"publish","type":"product","link":"https:\/\/bulaoutdoor.nl\/fr\/product\/stone-oven\/","title":{"rendered":"Four en pierre Futuro 2"},"content":{"rendered":"<h2>Four en pierre Futuro 2<\/h2>\n<h4>Quand le design fait le four.<\/h4>\n<p>Le four \u00e0 gaz Futuro est n\u00e9 d'un tout nouveau concept, d\u00e9velopp\u00e9 par Alfa Forni, qui allie design et innovation pour pr\u00e9senter un arc frontal en acier inoxydable. Le four peut \u00eatre pos\u00e9 en toute s\u00e9curit\u00e9 sur un plan de travail sans risquer d'en ab\u00eemer la surface gr\u00e2ce \u00e0 ses pieds anti-\u00e9tirement.<\/p>\n<p>Con\u00e7ue et fabriqu\u00e9e en <span style=\"color: #800000;\">Italie<\/span> est le fruit de plus de 40 ans d'exp\u00e9rience dans le domaine de la cuisson \u00e0 chaleur directe.<\/p>\n<p>Le four id\u00e9al pour la cuisson de tout type de plat, de la pizza \u00e0 la viande, en passant par les l\u00e9gumes et les desserts. Pour les recettes \u00e0 cuisson lente, comme les desserts, la vitre de la porte permet de contr\u00f4ler les aliments pendant la cuisson, une caract\u00e9ristique typique d'Alfa Forni.<\/p>\n<ul>\n<li>Couleur : cuivre \/ acier inoxydable<\/li>\n<li>Capacit\u00e9 en pizzas : 2 | plaque de cuisson 70 x 40 cm<\/li>\n<li>Capacit\u00e9 de pain : 2 kg<\/li>\n<li>Combustible : HYBRID - gaz et bois<\/li>\n<li>Nombre d'utilisateurs : 2 \u00e0 18<\/li>\n<li>Temp\u00e9rature maximale : 500\u00b0 C<\/li>\n<\/ul>\n<p>Recevoir des pizzas chez soi devient fantastique avec le four Futuro ! Son d\u00f4me en acier inoxydable acc\u00e9l\u00e8re le temps de chauffe comme aucun autre four \u00e0 gaz sur le march\u00e9 et en seulement 30 minutes, vous serez pr\u00eat \u00e0 cuire ! Sa chambre de combustion semi-commerciale et sa capacit\u00e9 en font le meilleur choix pour offrir \u00e0 tous vos invit\u00e9s les pizzas les plus savoureuses en un rien de temps.<\/p>\n<p>C\u00e9l\u00e9brez la vie et obtenez votre nouveau four \u00e0 gaz Stone !<\/p>","protected":false},"excerpt":{"rendered":"<h2>Futuro 2<\/h2>\n<p>Le four hybride fonctionne au bois et au gaz (propane ou gaz naturel) Kit inclus Four hybride en pierre<\/p>","protected":false},"featured_media":10145,"comment_status":"open","ping_status":"closed","template":"","meta":{"_acf_changed":false},"product_brand":[],"product_cat":[1285,1448],"product_tag":[90,310,343,344,48,91,113,342],"class_list":{"0":"post-10143","1":"product","2":"type-product","3":"status-publish","4":"has-post-thumbnail","6":"product_cat-futuro-lijn","7":"product_cat-uitverkoop","8":"product_tag-alfa","9":"product_tag-forni","10":"product_tag-italie","11":"product_tag-koper","12":"product_tag-oven","13":"product_tag-pizza","14":"product_tag-rvs","15":"product_tag-stone-oven","17":"first","18":"instock","19":"sale","20":"taxable","21":"shipping-taxable","22":"purchasable","23":"product-type-simple"},"acf":[],"yoast_head":"<!-- This site is optimized with the Yoast SEO plugin v27.4 - https:\/\/yoast.com\/product\/yoast-seo-wordpress\/ -->\n<title>Stone Oven Futuro 2 &#8211; Bula Outdoor<\/title>\n<meta name=\"robots\" content=\"index, follow, max-snippet:-1, max-image-preview:large, max-video-preview:-1\" \/>\n<link rel=\"canonical\" href=\"https:\/\/bulaoutdoor.nl\/fr\/produit\/four-en-pierre\/\" \/>\n<meta property=\"og:locale\" content=\"fr_FR\" \/>\n<meta property=\"og:type\" content=\"article\" \/>\n<meta property=\"og:title\" content=\"Stone Oven Futuro 2 &#8211; Bula Outdoor\" \/>\n<meta property=\"og:description\" content=\"Futuro 2 Hybrid oven werkt op hout en gas (propaan of aardgas) Incl. Kit Hybrid Stone Oven\" \/>\n<meta property=\"og:url\" content=\"https:\/\/bulaoutdoor.nl\/fr\/produit\/four-en-pierre\/\" \/>\n<meta property=\"og:site_name\" content=\"Bula Outdoor\" \/>\n<meta property=\"article:modified_time\" content=\"2026-02-16T21:35:38+00:00\" \/>\n<meta property=\"og:image\" content=\"https:\/\/bulaoutdoor.nl\/wp-content\/uploads\/2021\/03\/stone-m-copper-gas-front-e1617202940939.jpeg\" \/>\n\t<meta property=\"og:image:width\" content=\"831\" \/>\n\t<meta property=\"og:image:height\" content=\"843\" \/>\n\t<meta property=\"og:image:type\" content=\"image\/jpeg\" \/>\n<meta name=\"twitter:card\" content=\"summary_large_image\" \/>\n<meta name=\"twitter:label1\" content=\"Dur\u00e9e de lecture estim\u00e9e\" \/>\n\t<meta name=\"twitter:data1\" content=\"2 minutes\" \/>\n<script type=\"application\/ld+json\" class=\"yoast-schema-graph\">{\"@context\":\"https:\\\/\\\/schema.org\",\"@graph\":[{\"@type\":\"WebPage\",\"@id\":\"https:\\\/\\\/bulaoutdoor.nl\\\/product\\\/stone-oven\\\/\",\"url\":\"https:\\\/\\\/bulaoutdoor.nl\\\/product\\\/stone-oven\\\/\",\"name\":\"Stone Oven Futuro 2 &#8211; Bula Outdoor\",\"isPartOf\":{\"@id\":\"https:\\\/\\\/bulaoutdoor.nl\\\/#website\"},\"primaryImageOfPage\":{\"@id\":\"https:\\\/\\\/bulaoutdoor.nl\\\/product\\\/stone-oven\\\/#primaryimage\"},\"image\":{\"@id\":\"https:\\\/\\\/bulaoutdoor.nl\\\/product\\\/stone-oven\\\/#primaryimage\"},\"thumbnailUrl\":\"https:\\\/\\\/bulaoutdoor.nl\\\/wp-content\\\/uploads\\\/2021\\\/03\\\/stone-m-copper-gas-front-e1617202940939.jpeg\",\"datePublished\":\"2021-03-14T09:41:17+00:00\",\"dateModified\":\"2026-02-16T21:35:38+00:00\",\"breadcrumb\":{\"@id\":\"https:\\\/\\\/bulaoutdoor.nl\\\/product\\\/stone-oven\\\/#breadcrumb\"},\"inLanguage\":\"fr-FR\",\"potentialAction\":[{\"@type\":\"ReadAction\",\"target\":[\"https:\\\/\\\/bulaoutdoor.nl\\\/product\\\/stone-oven\\\/\"]}]},{\"@type\":\"ImageObject\",\"inLanguage\":\"fr-FR\",\"@id\":\"https:\\\/\\\/bulaoutdoor.nl\\\/product\\\/stone-oven\\\/#primaryimage\",\"url\":\"https:\\\/\\\/bulaoutdoor.nl\\\/wp-content\\\/uploads\\\/2021\\\/03\\\/stone-m-copper-gas-front-e1617202940939.jpeg\",\"contentUrl\":\"https:\\\/\\\/bulaoutdoor.nl\\\/wp-content\\\/uploads\\\/2021\\\/03\\\/stone-m-copper-gas-front-e1617202940939.jpeg\",\"width\":831,\"height\":843,\"caption\":\"Alfa Forni Stone Oven\"},{\"@type\":\"BreadcrumbList\",\"@id\":\"https:\\\/\\\/bulaoutdoor.nl\\\/product\\\/stone-oven\\\/#breadcrumb\",\"itemListElement\":[{\"@type\":\"ListItem\",\"position\":1,\"name\":\"Home\",\"item\":\"https:\\\/\\\/bulaoutdoor.nl\\\/\"},{\"@type\":\"ListItem\",\"position\":2,\"name\":\"Online BBQ kopen\",\"item\":\"https:\\\/\\\/bulaoutdoor.nl\\\/\"},{\"@type\":\"ListItem\",\"position\":3,\"name\":\"Stone Oven Futuro 2\"}]},{\"@type\":\"WebSite\",\"@id\":\"https:\\\/\\\/bulaoutdoor.nl\\\/#website\",\"url\":\"https:\\\/\\\/bulaoutdoor.nl\\\/\",\"name\":\"Bula Outdoor\",\"description\":\"Voor uw buitenhaard, BBQ, tuinfakkel en houtoven\",\"publisher\":{\"@id\":\"https:\\\/\\\/bulaoutdoor.nl\\\/#organization\"},\"potentialAction\":[{\"@type\":\"SearchAction\",\"target\":{\"@type\":\"EntryPoint\",\"urlTemplate\":\"https:\\\/\\\/bulaoutdoor.nl\\\/?s={search_term_string}\"},\"query-input\":{\"@type\":\"PropertyValueSpecification\",\"valueRequired\":true,\"valueName\":\"search_term_string\"}}],\"inLanguage\":\"fr-FR\"},{\"@type\":\"Organization\",\"@id\":\"https:\\\/\\\/bulaoutdoor.nl\\\/#organization\",\"name\":\"Bula Outdoor\",\"url\":\"https:\\\/\\\/bulaoutdoor.nl\\\/\",\"logo\":{\"@type\":\"ImageObject\",\"inLanguage\":\"fr-FR\",\"@id\":\"https:\\\/\\\/bulaoutdoor.nl\\\/#\\\/schema\\\/logo\\\/image\\\/\",\"url\":\"https:\\\/\\\/www.bulaoutdoor.nl\\\/wp-content\\\/uploads\\\/2018\\\/04\\\/bulaoutdoor-logo.png\",\"contentUrl\":\"https:\\\/\\\/www.bulaoutdoor.nl\\\/wp-content\\\/uploads\\\/2018\\\/04\\\/bulaoutdoor-logo.png\",\"width\":324,\"height\":91,\"caption\":\"Bula Outdoor\"},\"image\":{\"@id\":\"https:\\\/\\\/bulaoutdoor.nl\\\/#\\\/schema\\\/logo\\\/image\\\/\"}}]}<\/script>\n<!-- \/ Yoast SEO plugin. -->","yoast_head_json":{"title":"Four en pierre Futuro 2 - Bula Outdoor","robots":{"index":"index","follow":"follow","max-snippet":"max-snippet:-1","max-image-preview":"max-image-preview:large","max-video-preview":"max-video-preview:-1"},"canonical":"https:\/\/bulaoutdoor.nl\/fr\/produit\/four-en-pierre\/","og_locale":"fr_FR","og_type":"article","og_title":"Stone Oven Futuro 2 &#8211; Bula Outdoor","og_description":"Futuro 2 Hybrid oven werkt op hout en gas (propaan of aardgas) Incl. Kit Hybrid Stone Oven","og_url":"https:\/\/bulaoutdoor.nl\/fr\/produit\/four-en-pierre\/","og_site_name":"Bula Outdoor","article_modified_time":"2026-02-16T21:35:38+00:00","og_image":[{"width":831,"height":843,"url":"https:\/\/bulaoutdoor.nl\/wp-content\/uploads\/2021\/03\/stone-m-copper-gas-front-e1617202940939.jpeg","type":"image\/jpeg"}],"twitter_card":"summary_large_image","twitter_misc":{"Dur\u00e9e de lecture estim\u00e9e":"2 minutes"},"schema":{"@context":"https:\/\/schema.org","@graph":[{"@type":"WebPage","@id":"https:\/\/bulaoutdoor.nl\/product\/stone-oven\/","url":"https:\/\/bulaoutdoor.nl\/product\/stone-oven\/","name":"Four en pierre Futuro 2 - Bula Outdoor","isPartOf":{"@id":"https:\/\/bulaoutdoor.nl\/#website"},"primaryImageOfPage":{"@id":"https:\/\/bulaoutdoor.nl\/product\/stone-oven\/#primaryimage"},"image":{"@id":"https:\/\/bulaoutdoor.nl\/product\/stone-oven\/#primaryimage"},"thumbnailUrl":"https:\/\/bulaoutdoor.nl\/wp-content\/uploads\/2021\/03\/stone-m-copper-gas-front-e1617202940939.jpeg","datePublished":"2021-03-14T09:41:17+00:00","dateModified":"2026-02-16T21:35:38+00:00","breadcrumb":{"@id":"https:\/\/bulaoutdoor.nl\/product\/stone-oven\/#breadcrumb"},"inLanguage":"fr-FR","potentialAction":[{"@type":"ReadAction","target":["https:\/\/bulaoutdoor.nl\/product\/stone-oven\/"]}]},{"@type":"ImageObject","inLanguage":"fr-FR","@id":"https:\/\/bulaoutdoor.nl\/product\/stone-oven\/#primaryimage","url":"https:\/\/bulaoutdoor.nl\/wp-content\/uploads\/2021\/03\/stone-m-copper-gas-front-e1617202940939.jpeg","contentUrl":"https:\/\/bulaoutdoor.nl\/wp-content\/uploads\/2021\/03\/stone-m-copper-gas-front-e1617202940939.jpeg","width":831,"height":843,"caption":"Alfa Forni Stone Oven"},{"@type":"BreadcrumbList","@id":"https:\/\/bulaoutdoor.nl\/product\/stone-oven\/#breadcrumb","itemListElement":[{"@type":"ListItem","position":1,"name":"Home","item":"https:\/\/bulaoutdoor.nl\/"},{"@type":"ListItem","position":2,"name":"Online BBQ kopen","item":"https:\/\/bulaoutdoor.nl\/"},{"@type":"ListItem","position":3,"name":"Stone Oven Futuro 2"}]},{"@type":"WebSite","@id":"https:\/\/bulaoutdoor.nl\/#website","url":"https:\/\/bulaoutdoor.nl\/","name":"Bula Outdoor","description":"Pour votre chemin\u00e9e ext\u00e9rieure, votre barbecue, votre torche de jardin et votre four \u00e0 bois","publisher":{"@id":"https:\/\/bulaoutdoor.nl\/#organization"},"potentialAction":[{"@type":"SearchAction","target":{"@type":"EntryPoint","urlTemplate":"https:\/\/bulaoutdoor.nl\/?s={search_term_string}"},"query-input":{"@type":"PropertyValueSpecification","valueRequired":true,"valueName":"search_term_string"}}],"inLanguage":"fr-FR"},{"@type":"Organization","@id":"https:\/\/bulaoutdoor.nl\/#organization","name":"Bula Outdoor","url":"https:\/\/bulaoutdoor.nl\/","logo":{"@type":"ImageObject","inLanguage":"fr-FR","@id":"https:\/\/bulaoutdoor.nl\/#\/schema\/logo\/image\/","url":"https:\/\/www.bulaoutdoor.nl\/wp-content\/uploads\/2018\/04\/bulaoutdoor-logo.png","contentUrl":"https:\/\/www.bulaoutdoor.nl\/wp-content\/uploads\/2018\/04\/bulaoutdoor-logo.png","width":324,"height":91,"caption":"Bula Outdoor"},"image":{"@id":"https:\/\/bulaoutdoor.nl\/#\/schema\/logo\/image\/"}}]}},"jetpack_sharing_enabled":true,"_links":{"self":[{"href":"https:\/\/bulaoutdoor.nl\/fr\/wp-json\/wp\/v2\/product\/10143","targetHints":{"allow":["GET"]}}],"collection":[{"href":"https:\/\/bulaoutdoor.nl\/fr\/wp-json\/wp\/v2\/product"}],"about":[{"href":"https:\/\/bulaoutdoor.nl\/fr\/wp-json\/wp\/v2\/types\/product"}],"replies":[{"embeddable":true,"href":"https:\/\/bulaoutdoor.nl\/fr\/wp-json\/wp\/v2\/comments?post=10143"}],"wp:featuredmedia":[{"embeddable":true,"href":"https:\/\/bulaoutdoor.nl\/fr\/wp-json\/wp\/v2\/media\/10145"}],"wp:attachment":[{"href":"https:\/\/bulaoutdoor.nl\/fr\/wp-json\/wp\/v2\/media?parent=10143"}],"wp:term":[{"taxonomy":"product_brand","embeddable":true,"href":"https:\/\/bulaoutdoor.nl\/fr\/wp-json\/wp\/v2\/product_brand?post=10143"},{"taxonomy":"product_cat","embeddable":true,"href":"https:\/\/bulaoutdoor.nl\/fr\/wp-json\/wp\/v2\/product_cat?post=10143"},{"taxonomy":"product_tag","embeddable":true,"href":"https:\/\/bulaoutdoor.nl\/fr\/wp-json\/wp\/v2\/product_tag?post=10143"}],"curies":[{"name":"wp","href":"https:\/\/api.w.org\/{rel}","templated":true}]}}