{"id":10149,"date":"2021-03-18T22:31:54","date_gmt":"2021-03-18T22:31:54","guid":{"rendered":"https:\/\/www.bulaoutdoor.nl\/?post_type=product&#038;p=10149"},"modified":"2022-12-16T13:36:20","modified_gmt":"2022-12-16T13:36:20","slug":"glowbus-dewdrop-designer-fire-basket","status":"publish","type":"product","link":"https:\/\/bulaoutdoor.nl\/fr\/product\/glowbus-dewdrop-designvuurkorf\/","title":{"rendered":"Brasero design Glowbus Dewdrop"},"content":{"rendered":"<h2>Brasero design Dewdrop<\/h2>\n<p>Le brasero Dewdrop en acier corten fait \u00e0 la main est disponible en 3 mod\u00e8les :<\/p>\n<ul>\n<li style=\"list-style-type: none;\">\n<ul>\n<li>Dewdrop M convient mieux aux petits jardins et aux terrasses. Une surface minimale de 2,5 m\u00b2 est recommand\u00e9e.<img loading=\"lazy\" decoding=\"async\" class=\"aligncenter wp-image-10217\" src=\"https:\/\/www.bulaoutdoor.nl\/wp-content\/uploads\/2021\/03\/dewdrop-size-m-info-1.jpg\" alt=\"\" width=\"401\" height=\"217\" srcset=\"https:\/\/bulaoutdoor.nl\/wp-content\/uploads\/2021\/03\/dewdrop-size-m-info-1.jpg 556w, https:\/\/bulaoutdoor.nl\/wp-content\/uploads\/2021\/03\/dewdrop-size-m-info-1-416x225.jpg 416w, https:\/\/bulaoutdoor.nl\/wp-content\/uploads\/2021\/03\/dewdrop-size-m-info-1-300x162.jpg 300w\" sizes=\"auto, (max-width: 401px) 100vw, 401px\" \/><\/li>\n<li>Le Dewdrop L convient parfaitement aux grands jardins. Une surface minimale de 3m\u00b2 est recommand\u00e9e.<img loading=\"lazy\" decoding=\"async\" class=\"wp-image-10214 aligncenter\" src=\"https:\/\/www.bulaoutdoor.nl\/wp-content\/uploads\/2021\/03\/dewdrop-L-size-info.jpg\" alt=\"\" width=\"386\" height=\"208\" srcset=\"https:\/\/bulaoutdoor.nl\/wp-content\/uploads\/2021\/03\/dewdrop-L-size-info.jpg 556w, https:\/\/bulaoutdoor.nl\/wp-content\/uploads\/2021\/03\/dewdrop-L-size-info-416x224.jpg 416w, https:\/\/bulaoutdoor.nl\/wp-content\/uploads\/2021\/03\/dewdrop-L-size-info-300x162.jpg 300w\" sizes=\"auto, (max-width: 386px) 100vw, 386px\" \/><\/li>\n<li>La plus grande variante, la Dewdrop XL, orne les grands parcs et jardins paysagers ou cr\u00e9e des exp\u00e9riences dans les h\u00f4tels et les sites touristiques. Il est recommand\u00e9 de disposer d'au moins 4 m\u00b2 d'espace pour s'asseoir.<img loading=\"lazy\" decoding=\"async\" class=\"aligncenter wp-image-10218\" src=\"https:\/\/www.bulaoutdoor.nl\/wp-content\/uploads\/2021\/03\/XL-dewdrop-info.jpg\" alt=\"\" width=\"388\" height=\"205\" srcset=\"https:\/\/bulaoutdoor.nl\/wp-content\/uploads\/2021\/03\/XL-dewdrop-info.jpg 556w, https:\/\/bulaoutdoor.nl\/wp-content\/uploads\/2021\/03\/XL-dewdrop-info-416x220.jpg 416w, https:\/\/bulaoutdoor.nl\/wp-content\/uploads\/2021\/03\/XL-dewdrop-info-300x159.jpg 300w\" sizes=\"auto, (max-width: 388px) 100vw, 388px\" \/><\/li>\n<\/ul>\n<\/li>\n<\/ul>\n<p><strong><a href=\"https:\/\/youtu.be\/DYdeAkLwteg\" target=\"_blank\" rel=\"noopener\">Cliquez sur ce lien et voyez le Dewdrop XL en train de br\u00fbler<\/a><\/strong><\/p>\n<p>Cet accroche-regard de jour cr\u00e9e une ambiance le soir. S\u00e9lectionnez la taille souhait\u00e9e ci-dessus et commandez directement.<\/p>\n<p>Vous achetez votre Glowbus\u00ae pour la vie. Parce que nous croyons aux produits durables et \u00e9cologiquement responsables. Nous travaillons avec des mat\u00e9riaux solides et nous veillons \u00e0 ce que vous puissiez profiter de votre Glowbus\u00ae pendant au moins toute une vie.<\/p>\n<p>De plus, lors de l'achat d'un brasero design Dewdrop, une somme d'argent sera revers\u00e9e \u00e0 des organisations \u0153uvrant pour la pr\u00e9servation de la nature et des for\u00eats, qui servira \u00e0 planter 25 nouveaux arbres.<\/p>\n<h4><strong>Informations pratiques<\/strong><\/h4>\n<ul>\n<li>Pour cr\u00e9er un produit durable, le Dewdrop est fabriqu\u00e9 en acier Corten. Il s'agit d'un type d'acier de couleur rouille qui dure 8 fois plus longtemps que l'acier standard. Lorsque l'acier Corten acquiert une belle couleur rouille, c'est en m\u00eame temps cette couche de rouille qui conf\u00e8re au mat\u00e9riau sa protection contre les intemp\u00e9ries et la rouille.<\/li>\n<li>La goutte de ros\u00e9e peut r\u00e9sister aux conditions m\u00e9t\u00e9orologiques les plus extr\u00eames. Les temp\u00e9ratures de -1 000\u00b0 C \u00e0 1 000\u00b0 C ne posent aucun probl\u00e8me et, gr\u00e2ce \u00e0 sa forme et \u00e0 son poids robustes, il peut r\u00e9sister \u00e0 des rafales allant jusqu'\u00e0 200 km\/h.<\/li>\n<li>Sur les supports fragiles, Dewdrop peut provoquer une l\u00e9g\u00e8re d\u00e9coloration par temps humide. C'est surtout le cas au d\u00e9but, lorsque la couche de rouille dense est encore en train de se former. Un substrat de sable, de gravier ou d'herbe est un endroit id\u00e9al pour un brasero en acier Corten.<\/li>\n<li>En raison de son poids (Dewdrop M = 150 kg, Dewdrop L = 220 kg, Dewdrop XL = 425 kg), le brasero n'est pas un produit que vous d\u00e9placez chaque semaine dans votre jardin. Vous pouvez d\u00e9placer les Dewdrop M et L en faisant rouler le brasero sur le c\u00f4t\u00e9. Le Dewdrop XL n\u00e9cessite un peu plus de force et est g\u00e9n\u00e9ralement mis en place \u00e0 l'aide d'un appareil de levage m\u00e9canique.<\/li>\n<li>Le cendrier situ\u00e9 sous le foyer n'est pas fix\u00e9 au foyer.<\/li>\n<li>Le Glowbus\u00ae Dewdrop est facile \u00e0 entretenir. La seule chose que nous vous recommandons est d'enlever r\u00e9guli\u00e8rement les cendres lorsque vous n'utilisez pas le brasero pendant une longue p\u00e9riode.<\/li>\n<\/ul>","protected":false},"excerpt":{"rendered":"<p>Ce brasero apporte un design \u00e9l\u00e9gant le jour et une ambiance le soir. Ce luxueux brasero en acier corten est fabriqu\u00e9 \u00e0 la main et disponible en trois tailles. S\u00e9lectionnez la taille souhait\u00e9e ci-dessous et commandez directement.<\/p>","protected":false},"featured_media":10150,"comment_status":"open","ping_status":"closed","template":"","meta":{"_acf_changed":false},"product_brand":[],"product_cat":[345],"product_tag":[354,357,356,355],"class_list":{"0":"post-10149","1":"product","2":"type-product","3":"status-publish","4":"has-post-thumbnail","6":"product_cat-glowbus","7":"product_tag-designvuurkorf","8":"product_tag-handgemaakte-vuurkorf","9":"product_tag-handmade-vuurkorf","10":"product_tag-vuurkorf","12":"first","13":"instock","14":"taxable","15":"shipping-taxable","16":"purchasable","17":"product-type-variable","18":"has-default-attributes"},"acf":[],"yoast_head":"<!-- This site is optimized with the Yoast SEO plugin v27.5 - https:\/\/yoast.com\/product\/yoast-seo-wordpress\/ -->\n<title>Glowbus Dewdrop designvuurkorf &#8211; Bula Outdoor<\/title>\n<meta name=\"robots\" content=\"index, follow, max-snippet:-1, max-image-preview:large, max-video-preview:-1\" \/>\n<link rel=\"canonical\" href=\"https:\/\/bulaoutdoor.nl\/fr\/produit\/glowbus-dewdrop-designer-fire-basket\/\" \/>\n<meta property=\"og:locale\" content=\"fr_FR\" \/>\n<meta property=\"og:type\" content=\"article\" \/>\n<meta property=\"og:title\" content=\"Glowbus Dewdrop designvuurkorf &#8211; Bula Outdoor\" \/>\n<meta property=\"og:description\" content=\"Deze vuurkorf brengt een stijlvol design overdag en sfeer in de avond. De luxe vuurkorf van cortenstaal is handgemaakt en verkrijgbaar in drie maten. Selecteer hieronder je gewenste maat en bestel direct.\" \/>\n<meta property=\"og:url\" content=\"https:\/\/bulaoutdoor.nl\/fr\/produit\/glowbus-dewdrop-designer-fire-basket\/\" \/>\n<meta property=\"og:site_name\" content=\"Bula Outdoor\" \/>\n<meta property=\"article:modified_time\" content=\"2022-12-16T13:36:20+00:00\" \/>\n<meta property=\"og:image\" content=\"https:\/\/bulaoutdoor.nl\/wp-content\/uploads\/2021\/03\/Packshot_Dewdrop_whiteb_resized.jpg\" \/>\n\t<meta property=\"og:image:width\" content=\"900\" \/>\n\t<meta property=\"og:image:height\" content=\"900\" \/>\n\t<meta property=\"og:image:type\" content=\"image\/jpeg\" \/>\n<meta name=\"twitter:card\" content=\"summary_large_image\" \/>\n<meta name=\"twitter:label1\" content=\"Dur\u00e9e de lecture estim\u00e9e\" \/>\n\t<meta name=\"twitter:data1\" content=\"3 minutes\" \/>\n<script type=\"application\/ld+json\" class=\"yoast-schema-graph\">{\"@context\":\"https:\\\/\\\/schema.org\",\"@graph\":[{\"@type\":\"WebPage\",\"@id\":\"https:\\\/\\\/bulaoutdoor.nl\\\/product\\\/glowbus-dewdrop-designvuurkorf\\\/\",\"url\":\"https:\\\/\\\/bulaoutdoor.nl\\\/product\\\/glowbus-dewdrop-designvuurkorf\\\/\",\"name\":\"Glowbus Dewdrop designvuurkorf &#8211; Bula Outdoor\",\"isPartOf\":{\"@id\":\"https:\\\/\\\/bulaoutdoor.nl\\\/#website\"},\"primaryImageOfPage\":{\"@id\":\"https:\\\/\\\/bulaoutdoor.nl\\\/product\\\/glowbus-dewdrop-designvuurkorf\\\/#primaryimage\"},\"image\":{\"@id\":\"https:\\\/\\\/bulaoutdoor.nl\\\/product\\\/glowbus-dewdrop-designvuurkorf\\\/#primaryimage\"},\"thumbnailUrl\":\"https:\\\/\\\/bulaoutdoor.nl\\\/wp-content\\\/uploads\\\/2021\\\/03\\\/Packshot_Dewdrop_whiteb_resized.jpg\",\"datePublished\":\"2021-03-18T22:31:54+00:00\",\"dateModified\":\"2022-12-16T13:36:20+00:00\",\"breadcrumb\":{\"@id\":\"https:\\\/\\\/bulaoutdoor.nl\\\/product\\\/glowbus-dewdrop-designvuurkorf\\\/#breadcrumb\"},\"inLanguage\":\"fr-FR\",\"potentialAction\":[{\"@type\":\"ReadAction\",\"target\":[\"https:\\\/\\\/bulaoutdoor.nl\\\/product\\\/glowbus-dewdrop-designvuurkorf\\\/\"]}]},{\"@type\":\"ImageObject\",\"inLanguage\":\"fr-FR\",\"@id\":\"https:\\\/\\\/bulaoutdoor.nl\\\/product\\\/glowbus-dewdrop-designvuurkorf\\\/#primaryimage\",\"url\":\"https:\\\/\\\/bulaoutdoor.nl\\\/wp-content\\\/uploads\\\/2021\\\/03\\\/Packshot_Dewdrop_whiteb_resized.jpg\",\"contentUrl\":\"https:\\\/\\\/bulaoutdoor.nl\\\/wp-content\\\/uploads\\\/2021\\\/03\\\/Packshot_Dewdrop_whiteb_resized.jpg\",\"width\":900,\"height\":900},{\"@type\":\"BreadcrumbList\",\"@id\":\"https:\\\/\\\/bulaoutdoor.nl\\\/product\\\/glowbus-dewdrop-designvuurkorf\\\/#breadcrumb\",\"itemListElement\":[{\"@type\":\"ListItem\",\"position\":1,\"name\":\"Home\",\"item\":\"https:\\\/\\\/bulaoutdoor.nl\\\/\"},{\"@type\":\"ListItem\",\"position\":2,\"name\":\"Online BBQ kopen\",\"item\":\"https:\\\/\\\/bulaoutdoor.nl\\\/\"},{\"@type\":\"ListItem\",\"position\":3,\"name\":\"Glowbus Dewdrop designvuurkorf\"}]},{\"@type\":\"WebSite\",\"@id\":\"https:\\\/\\\/bulaoutdoor.nl\\\/#website\",\"url\":\"https:\\\/\\\/bulaoutdoor.nl\\\/\",\"name\":\"Bula Outdoor\",\"description\":\"Voor uw buitenhaard, BBQ, tuinfakkel en houtoven\",\"publisher\":{\"@id\":\"https:\\\/\\\/bulaoutdoor.nl\\\/#organization\"},\"potentialAction\":[{\"@type\":\"SearchAction\",\"target\":{\"@type\":\"EntryPoint\",\"urlTemplate\":\"https:\\\/\\\/bulaoutdoor.nl\\\/?s={search_term_string}\"},\"query-input\":{\"@type\":\"PropertyValueSpecification\",\"valueRequired\":true,\"valueName\":\"search_term_string\"}}],\"inLanguage\":\"fr-FR\"},{\"@type\":\"Organization\",\"@id\":\"https:\\\/\\\/bulaoutdoor.nl\\\/#organization\",\"name\":\"Bula Outdoor\",\"url\":\"https:\\\/\\\/bulaoutdoor.nl\\\/\",\"logo\":{\"@type\":\"ImageObject\",\"inLanguage\":\"fr-FR\",\"@id\":\"https:\\\/\\\/bulaoutdoor.nl\\\/#\\\/schema\\\/logo\\\/image\\\/\",\"url\":\"https:\\\/\\\/www.bulaoutdoor.nl\\\/wp-content\\\/uploads\\\/2018\\\/04\\\/bulaoutdoor-logo.png\",\"contentUrl\":\"https:\\\/\\\/www.bulaoutdoor.nl\\\/wp-content\\\/uploads\\\/2018\\\/04\\\/bulaoutdoor-logo.png\",\"width\":324,\"height\":91,\"caption\":\"Bula Outdoor\"},\"image\":{\"@id\":\"https:\\\/\\\/bulaoutdoor.nl\\\/#\\\/schema\\\/logo\\\/image\\\/\"}}]}<\/script>\n<!-- \/ Yoast SEO plugin. -->","yoast_head_json":{"title":"Brasero design Glowbus Dewdrop - Bula Outdoor","robots":{"index":"index","follow":"follow","max-snippet":"max-snippet:-1","max-image-preview":"max-image-preview:large","max-video-preview":"max-video-preview:-1"},"canonical":"https:\/\/bulaoutdoor.nl\/fr\/produit\/glowbus-dewdrop-designer-fire-basket\/","og_locale":"fr_FR","og_type":"article","og_title":"Glowbus Dewdrop designvuurkorf &#8211; Bula Outdoor","og_description":"Deze vuurkorf brengt een stijlvol design overdag en sfeer in de avond. De luxe vuurkorf van cortenstaal is handgemaakt en verkrijgbaar in drie maten. Selecteer hieronder je gewenste maat en bestel direct.","og_url":"https:\/\/bulaoutdoor.nl\/fr\/produit\/glowbus-dewdrop-designer-fire-basket\/","og_site_name":"Bula Outdoor","article_modified_time":"2022-12-16T13:36:20+00:00","og_image":[{"width":900,"height":900,"url":"https:\/\/bulaoutdoor.nl\/wp-content\/uploads\/2021\/03\/Packshot_Dewdrop_whiteb_resized.jpg","type":"image\/jpeg"}],"twitter_card":"summary_large_image","twitter_misc":{"Dur\u00e9e de lecture estim\u00e9e":"3 minutes"},"schema":{"@context":"https:\/\/schema.org","@graph":[{"@type":"WebPage","@id":"https:\/\/bulaoutdoor.nl\/product\/glowbus-dewdrop-designvuurkorf\/","url":"https:\/\/bulaoutdoor.nl\/product\/glowbus-dewdrop-designvuurkorf\/","name":"Brasero design Glowbus Dewdrop - Bula Outdoor","isPartOf":{"@id":"https:\/\/bulaoutdoor.nl\/#website"},"primaryImageOfPage":{"@id":"https:\/\/bulaoutdoor.nl\/product\/glowbus-dewdrop-designvuurkorf\/#primaryimage"},"image":{"@id":"https:\/\/bulaoutdoor.nl\/product\/glowbus-dewdrop-designvuurkorf\/#primaryimage"},"thumbnailUrl":"https:\/\/bulaoutdoor.nl\/wp-content\/uploads\/2021\/03\/Packshot_Dewdrop_whiteb_resized.jpg","datePublished":"2021-03-18T22:31:54+00:00","dateModified":"2022-12-16T13:36:20+00:00","breadcrumb":{"@id":"https:\/\/bulaoutdoor.nl\/product\/glowbus-dewdrop-designvuurkorf\/#breadcrumb"},"inLanguage":"fr-FR","potentialAction":[{"@type":"ReadAction","target":["https:\/\/bulaoutdoor.nl\/product\/glowbus-dewdrop-designvuurkorf\/"]}]},{"@type":"ImageObject","inLanguage":"fr-FR","@id":"https:\/\/bulaoutdoor.nl\/product\/glowbus-dewdrop-designvuurkorf\/#primaryimage","url":"https:\/\/bulaoutdoor.nl\/wp-content\/uploads\/2021\/03\/Packshot_Dewdrop_whiteb_resized.jpg","contentUrl":"https:\/\/bulaoutdoor.nl\/wp-content\/uploads\/2021\/03\/Packshot_Dewdrop_whiteb_resized.jpg","width":900,"height":900},{"@type":"BreadcrumbList","@id":"https:\/\/bulaoutdoor.nl\/product\/glowbus-dewdrop-designvuurkorf\/#breadcrumb","itemListElement":[{"@type":"ListItem","position":1,"name":"Home","item":"https:\/\/bulaoutdoor.nl\/"},{"@type":"ListItem","position":2,"name":"Online BBQ kopen","item":"https:\/\/bulaoutdoor.nl\/"},{"@type":"ListItem","position":3,"name":"Glowbus Dewdrop designvuurkorf"}]},{"@type":"WebSite","@id":"https:\/\/bulaoutdoor.nl\/#website","url":"https:\/\/bulaoutdoor.nl\/","name":"Bula Outdoor","description":"Pour votre chemin\u00e9e ext\u00e9rieure, votre barbecue, votre torche de jardin et votre four \u00e0 bois","publisher":{"@id":"https:\/\/bulaoutdoor.nl\/#organization"},"potentialAction":[{"@type":"SearchAction","target":{"@type":"EntryPoint","urlTemplate":"https:\/\/bulaoutdoor.nl\/?s={search_term_string}"},"query-input":{"@type":"PropertyValueSpecification","valueRequired":true,"valueName":"search_term_string"}}],"inLanguage":"fr-FR"},{"@type":"Organization","@id":"https:\/\/bulaoutdoor.nl\/#organization","name":"Bula Outdoor","url":"https:\/\/bulaoutdoor.nl\/","logo":{"@type":"ImageObject","inLanguage":"fr-FR","@id":"https:\/\/bulaoutdoor.nl\/#\/schema\/logo\/image\/","url":"https:\/\/www.bulaoutdoor.nl\/wp-content\/uploads\/2018\/04\/bulaoutdoor-logo.png","contentUrl":"https:\/\/www.bulaoutdoor.nl\/wp-content\/uploads\/2018\/04\/bulaoutdoor-logo.png","width":324,"height":91,"caption":"Bula Outdoor"},"image":{"@id":"https:\/\/bulaoutdoor.nl\/#\/schema\/logo\/image\/"}}]}},"jetpack_sharing_enabled":true,"_links":{"self":[{"href":"https:\/\/bulaoutdoor.nl\/fr\/wp-json\/wp\/v2\/product\/10149","targetHints":{"allow":["GET"]}}],"collection":[{"href":"https:\/\/bulaoutdoor.nl\/fr\/wp-json\/wp\/v2\/product"}],"about":[{"href":"https:\/\/bulaoutdoor.nl\/fr\/wp-json\/wp\/v2\/types\/product"}],"replies":[{"embeddable":true,"href":"https:\/\/bulaoutdoor.nl\/fr\/wp-json\/wp\/v2\/comments?post=10149"}],"wp:featuredmedia":[{"embeddable":true,"href":"https:\/\/bulaoutdoor.nl\/fr\/wp-json\/wp\/v2\/media\/10150"}],"wp:attachment":[{"href":"https:\/\/bulaoutdoor.nl\/fr\/wp-json\/wp\/v2\/media?parent=10149"}],"wp:term":[{"taxonomy":"product_brand","embeddable":true,"href":"https:\/\/bulaoutdoor.nl\/fr\/wp-json\/wp\/v2\/product_brand?post=10149"},{"taxonomy":"product_cat","embeddable":true,"href":"https:\/\/bulaoutdoor.nl\/fr\/wp-json\/wp\/v2\/product_cat?post=10149"},{"taxonomy":"product_tag","embeddable":true,"href":"https:\/\/bulaoutdoor.nl\/fr\/wp-json\/wp\/v2\/product_tag?post=10149"}],"curies":[{"name":"wp","href":"https:\/\/api.w.org\/{rel}","templated":true}]}}