{"id":10157,"date":"2021-03-19T17:22:38","date_gmt":"2021-03-19T17:22:38","guid":{"rendered":"https:\/\/www.bulaoutdoor.nl\/?post_type=product&#038;p=10157"},"modified":"2024-01-18T14:03:15","modified_gmt":"2024-01-18T14:03:15","slug":"bougie-design-glowbus-growdrop","status":"publish","type":"product","link":"https:\/\/bulaoutdoor.nl\/fr\/product\/glowbus-growdrop-designkaarshouder\/","title":{"rendered":"Bougeoir design Glowbus Growdrop"},"content":{"rendered":"<h2>Bougeoir design Growdrop<\/h2>\n<p>Le Growdrop peut voler la vedette \u00e0 l'int\u00e9rieur comme \u00e0 l'ext\u00e9rieur. Il est disponible en taille moyenne (M) et grande (L) ou une combinaison des deux.<\/p>\n<div id='gallery-1' class='gallery galleryid-10157 gallery-columns-3 gallery-size-thumbnail'><figure class='gallery-item'>\n\t\t\t<div class='gallery-icon portrait'>\n\t\t\t\t<img loading=\"lazy\" decoding=\"async\" width=\"150\" height=\"150\" src=\"https:\/\/bulaoutdoor.nl\/wp-content\/uploads\/2021\/03\/recut-candle-150x150.jpg\" class=\"attachment-thumbnail size-thumbnail\" alt=\"\" srcset=\"https:\/\/bulaoutdoor.nl\/wp-content\/uploads\/2021\/03\/recut-candle-150x150.jpg 150w, https:\/\/bulaoutdoor.nl\/wp-content\/uploads\/2021\/03\/recut-candle-324x324.jpg 324w, https:\/\/bulaoutdoor.nl\/wp-content\/uploads\/2021\/03\/recut-candle-100x100.jpg 100w\" sizes=\"auto, (max-width: 150px) 100vw, 150px\" \/>\n\t\t\t<\/div><\/figure><figure class='gallery-item'>\n\t\t\t<div class='gallery-icon landscape'>\n\t\t\t\t<img loading=\"lazy\" decoding=\"async\" width=\"150\" height=\"150\" src=\"https:\/\/bulaoutdoor.nl\/wp-content\/uploads\/2021\/03\/grootklein-growdrop26-150x150.jpg\" class=\"attachment-thumbnail size-thumbnail\" alt=\"\" srcset=\"https:\/\/bulaoutdoor.nl\/wp-content\/uploads\/2021\/03\/grootklein-growdrop26-150x150.jpg 150w, https:\/\/bulaoutdoor.nl\/wp-content\/uploads\/2021\/03\/grootklein-growdrop26-324x324.jpg 324w, https:\/\/bulaoutdoor.nl\/wp-content\/uploads\/2021\/03\/grootklein-growdrop26-100x100.jpg 100w\" sizes=\"auto, (max-width: 150px) 100vw, 150px\" \/>\n\t\t\t<\/div><\/figure><figure class='gallery-item'>\n\t\t\t<div class='gallery-icon portrait'>\n\t\t\t\t<img loading=\"lazy\" decoding=\"async\" width=\"150\" height=\"150\" src=\"https:\/\/bulaoutdoor.nl\/wp-content\/uploads\/2021\/03\/DSC_6034re-1-150x150.jpg\" class=\"attachment-thumbnail size-thumbnail\" alt=\"\" srcset=\"https:\/\/bulaoutdoor.nl\/wp-content\/uploads\/2021\/03\/DSC_6034re-1-150x150.jpg 150w, https:\/\/bulaoutdoor.nl\/wp-content\/uploads\/2021\/03\/DSC_6034re-1-324x324.jpg 324w, https:\/\/bulaoutdoor.nl\/wp-content\/uploads\/2021\/03\/DSC_6034re-1-100x100.jpg 100w\" sizes=\"auto, (max-width: 150px) 100vw, 150px\" \/>\n\t\t\t<\/div><\/figure>\n\t\t<\/div>\n\n<p>Le growdrop est disponible en trois mat\u00e9riaux diff\u00e9rents :<\/p>\n<ul>\n<li>acier inoxydable<\/li>\n<li>acier corten rouill\u00e9<\/li>\n<li>acier noir<br \/>\n<div id='gallery-2' class='gallery galleryid-10157 gallery-columns-3 gallery-size-thumbnail'><figure class='gallery-item'>\n\t\t\t<div class='gallery-icon landscape'>\n\t\t\t\t<img loading=\"lazy\" decoding=\"async\" width=\"150\" height=\"150\" src=\"https:\/\/bulaoutdoor.nl\/wp-content\/uploads\/2021\/03\/GrowdropL_rvs_kaarsresized-1-150x150.jpg\" class=\"attachment-thumbnail size-thumbnail\" alt=\"\" srcset=\"https:\/\/bulaoutdoor.nl\/wp-content\/uploads\/2021\/03\/GrowdropL_rvs_kaarsresized-1-150x150.jpg 150w, https:\/\/bulaoutdoor.nl\/wp-content\/uploads\/2021\/03\/GrowdropL_rvs_kaarsresized-1-324x324.jpg 324w, https:\/\/bulaoutdoor.nl\/wp-content\/uploads\/2021\/03\/GrowdropL_rvs_kaarsresized-1-100x100.jpg 100w, https:\/\/bulaoutdoor.nl\/wp-content\/uploads\/2021\/03\/GrowdropL_rvs_kaarsresized-1-416x416.jpg 416w, https:\/\/bulaoutdoor.nl\/wp-content\/uploads\/2021\/03\/GrowdropL_rvs_kaarsresized-1-300x300.jpg 300w, https:\/\/bulaoutdoor.nl\/wp-content\/uploads\/2021\/03\/GrowdropL_rvs_kaarsresized-1-768x768.jpg 768w, https:\/\/bulaoutdoor.nl\/wp-content\/uploads\/2021\/03\/GrowdropL_rvs_kaarsresized-1.jpg 800w\" sizes=\"auto, (max-width: 150px) 100vw, 150px\" \/>\n\t\t\t<\/div><\/figure><figure class='gallery-item'>\n\t\t\t<div class='gallery-icon landscape'>\n\t\t\t\t<img loading=\"lazy\" decoding=\"async\" width=\"150\" height=\"150\" src=\"https:\/\/bulaoutdoor.nl\/wp-content\/uploads\/2021\/03\/GrowdropL_zwart_kaarsresized-150x150.jpg\" class=\"attachment-thumbnail size-thumbnail\" alt=\"\" srcset=\"https:\/\/bulaoutdoor.nl\/wp-content\/uploads\/2021\/03\/GrowdropL_zwart_kaarsresized-150x150.jpg 150w, https:\/\/bulaoutdoor.nl\/wp-content\/uploads\/2021\/03\/GrowdropL_zwart_kaarsresized-324x324.jpg 324w, https:\/\/bulaoutdoor.nl\/wp-content\/uploads\/2021\/03\/GrowdropL_zwart_kaarsresized-100x100.jpg 100w, https:\/\/bulaoutdoor.nl\/wp-content\/uploads\/2021\/03\/GrowdropL_zwart_kaarsresized-416x416.jpg 416w, https:\/\/bulaoutdoor.nl\/wp-content\/uploads\/2021\/03\/GrowdropL_zwart_kaarsresized-300x300.jpg 300w, https:\/\/bulaoutdoor.nl\/wp-content\/uploads\/2021\/03\/GrowdropL_zwart_kaarsresized-768x768.jpg 768w, https:\/\/bulaoutdoor.nl\/wp-content\/uploads\/2021\/03\/GrowdropL_zwart_kaarsresized.jpg 800w\" sizes=\"auto, (max-width: 150px) 100vw, 150px\" \/>\n\t\t\t<\/div><\/figure><figure class='gallery-item'>\n\t\t\t<div class='gallery-icon landscape'>\n\t\t\t\t<img loading=\"lazy\" decoding=\"async\" width=\"150\" height=\"150\" src=\"https:\/\/bulaoutdoor.nl\/wp-content\/uploads\/2021\/03\/GrowdropM_corten_kaarsresized-150x150.jpg\" class=\"attachment-thumbnail size-thumbnail\" alt=\"\" srcset=\"https:\/\/bulaoutdoor.nl\/wp-content\/uploads\/2021\/03\/GrowdropM_corten_kaarsresized-150x150.jpg 150w, https:\/\/bulaoutdoor.nl\/wp-content\/uploads\/2021\/03\/GrowdropM_corten_kaarsresized-324x324.jpg 324w, https:\/\/bulaoutdoor.nl\/wp-content\/uploads\/2021\/03\/GrowdropM_corten_kaarsresized-100x100.jpg 100w, https:\/\/bulaoutdoor.nl\/wp-content\/uploads\/2021\/03\/GrowdropM_corten_kaarsresized-416x416.jpg 416w, https:\/\/bulaoutdoor.nl\/wp-content\/uploads\/2021\/03\/GrowdropM_corten_kaarsresized-300x300.jpg 300w, https:\/\/bulaoutdoor.nl\/wp-content\/uploads\/2021\/03\/GrowdropM_corten_kaarsresized-768x768.jpg 768w, https:\/\/bulaoutdoor.nl\/wp-content\/uploads\/2021\/03\/GrowdropM_corten_kaarsresized.jpg 800w\" sizes=\"auto, (max-width: 150px) 100vw, 150px\" \/>\n\t\t\t<\/div><\/figure>\n\t\t<\/div>\n<\/li>\n<\/ul>\n<p>S\u00e9lectionnez la taille et le mat\u00e9riau souhait\u00e9s ci-dessous et commandez directement.<\/p>\n<h4><strong>Informations pratiques<\/strong><\/h4>\n<ul>\n<li>La s\u00e9lection des mat\u00e9riaux des Growdrops tient compte de la bonne tenue des couleurs. La couleur rouille de la version en acier Corten ou la teinte claire du Growdrop en acier inoxydable proviennent directement des propri\u00e9t\u00e9s naturelles des mat\u00e9riaux utilis\u00e9s. La version noire est fabriqu\u00e9e en acier noir, ce qui lui conf\u00e8re une couleur noire profonde, beaucoup plus solide qu'une peinture.<\/li>\n<li>La version en acier Corten ou en acier inoxydable peut parfaitement rester \u00e0 l'ext\u00e9rieur par temps humide. La version en acier noir peut \u00eatre utilis\u00e9e \u00e0 l'ext\u00e9rieur, mais il n'est pas exclu qu'elle rouille l\u00e9g\u00e8rement lorsqu'elle est expos\u00e9e \u00e0 la pluie.<\/li>\n<li>Le Growdrop M peut accueillir une bougie \u00e0 r\u00e9chaud de 39 mm, tandis que le Growdrop L peut \u00eatre utilis\u00e9 avec une bougie \u00e0 r\u00e9chaud xl de 58 mm ou une bougie \u00e0 r\u00e9chaud en verre de cette taille.<\/li>\n<li>Pour l'entretien, le goutte-\u00e0-goutte ne doit \u00eatre nettoy\u00e9 qu'occasionnellement \u00e0 l'aide d'une brosse \u00e0 \u00e9pousseter douce. Pour le nettoyage \u00e0 l'aide d'un chiffon humide, utilisez de l'eau ti\u00e8de pure.<\/li>\n<\/ul>","protected":false},"excerpt":{"rendered":"<p>Ce bougeoir design fait \u00e0 la main apporte l'atmosph\u00e8re de la ville. <a href=\"https:\/\/bulaoutdoor.nl\/fr\/produit\/glowbus-dewdrop-designer-fire-basket\/\">Goutte de ros\u00e9e<\/a>\u00a0dans votre int\u00e9rieur. Les d\u00e9tails faits \u00e0 la main font du Growdrop un v\u00e9ritable accroche-regard. S\u00e9lectionnez ci-dessous la taille et le mat\u00e9riau souhait\u00e9s et commandez directement.<\/p>","protected":false},"featured_media":10158,"comment_status":"open","ping_status":"closed","template":"","meta":{"_acf_changed":false},"product_brand":[],"product_cat":[345],"product_tag":[358,360,346,359],"class_list":{"0":"post-10157","1":"product","2":"type-product","3":"status-publish","4":"has-post-thumbnail","6":"product_cat-glowbus","7":"product_tag-designkaarsenhouder","8":"product_tag-handgemaakte-kaarsenhouder","9":"product_tag-kaarsenhouder","10":"product_tag-kandelaar","12":"first","13":"instock","14":"taxable","15":"shipping-taxable","16":"purchasable","17":"product-type-variable","18":"has-default-attributes"},"acf":[],"yoast_head":"<!-- This site is optimized with the Yoast SEO plugin v27.5 - https:\/\/yoast.com\/product\/yoast-seo-wordpress\/ -->\n<title>Glowbus Growdrop designkaarshouder &#8211; Bula Outdoor<\/title>\n<meta name=\"robots\" content=\"index, follow, max-snippet:-1, max-image-preview:large, max-video-preview:-1\" \/>\n<link rel=\"canonical\" href=\"https:\/\/bulaoutdoor.nl\/fr\/produit\/bougie-design-glowbus-growdrop\/\" \/>\n<meta property=\"og:locale\" content=\"fr_FR\" \/>\n<meta property=\"og:type\" content=\"article\" \/>\n<meta property=\"og:title\" content=\"Glowbus Growdrop designkaarshouder &#8211; Bula Outdoor\" \/>\n<meta property=\"og:description\" content=\"Deze handgemaakte designkaarsenhouder brengt de sfeer van de Dewdrop\u00a0in je interieur. De handgemaakte details maken de Growdrop een echte eyecatcher. Selecteer hieronder je gewenste maat en het gewenste materiaal en bestel direct.\" \/>\n<meta property=\"og:url\" content=\"https:\/\/bulaoutdoor.nl\/fr\/produit\/bougie-design-glowbus-growdrop\/\" \/>\n<meta property=\"og:site_name\" content=\"Bula Outdoor\" \/>\n<meta property=\"article:modified_time\" content=\"2024-01-18T14:03:15+00:00\" \/>\n<meta property=\"og:image\" content=\"https:\/\/bulaoutdoor.nl\/wp-content\/uploads\/2021\/03\/GrowdropL_cortenresized.jpg\" \/>\n\t<meta property=\"og:image:width\" content=\"800\" \/>\n\t<meta property=\"og:image:height\" content=\"800\" \/>\n\t<meta property=\"og:image:type\" content=\"image\/jpeg\" \/>\n<meta name=\"twitter:card\" content=\"summary_large_image\" \/>\n<meta name=\"twitter:label1\" content=\"Dur\u00e9e de lecture estim\u00e9e\" \/>\n\t<meta name=\"twitter:data1\" content=\"1 minute\" \/>\n<script type=\"application\/ld+json\" class=\"yoast-schema-graph\">{\"@context\":\"https:\\\/\\\/schema.org\",\"@graph\":[{\"@type\":\"WebPage\",\"@id\":\"https:\\\/\\\/bulaoutdoor.nl\\\/product\\\/glowbus-growdrop-designkaarshouder\\\/\",\"url\":\"https:\\\/\\\/bulaoutdoor.nl\\\/product\\\/glowbus-growdrop-designkaarshouder\\\/\",\"name\":\"Glowbus Growdrop designkaarshouder &#8211; Bula Outdoor\",\"isPartOf\":{\"@id\":\"https:\\\/\\\/bulaoutdoor.nl\\\/#website\"},\"primaryImageOfPage\":{\"@id\":\"https:\\\/\\\/bulaoutdoor.nl\\\/product\\\/glowbus-growdrop-designkaarshouder\\\/#primaryimage\"},\"image\":{\"@id\":\"https:\\\/\\\/bulaoutdoor.nl\\\/product\\\/glowbus-growdrop-designkaarshouder\\\/#primaryimage\"},\"thumbnailUrl\":\"https:\\\/\\\/bulaoutdoor.nl\\\/wp-content\\\/uploads\\\/2021\\\/03\\\/GrowdropL_cortenresized.jpg\",\"datePublished\":\"2021-03-19T17:22:38+00:00\",\"dateModified\":\"2024-01-18T14:03:15+00:00\",\"breadcrumb\":{\"@id\":\"https:\\\/\\\/bulaoutdoor.nl\\\/product\\\/glowbus-growdrop-designkaarshouder\\\/#breadcrumb\"},\"inLanguage\":\"fr-FR\",\"potentialAction\":[{\"@type\":\"ReadAction\",\"target\":[\"https:\\\/\\\/bulaoutdoor.nl\\\/product\\\/glowbus-growdrop-designkaarshouder\\\/\"]}]},{\"@type\":\"ImageObject\",\"inLanguage\":\"fr-FR\",\"@id\":\"https:\\\/\\\/bulaoutdoor.nl\\\/product\\\/glowbus-growdrop-designkaarshouder\\\/#primaryimage\",\"url\":\"https:\\\/\\\/bulaoutdoor.nl\\\/wp-content\\\/uploads\\\/2021\\\/03\\\/GrowdropL_cortenresized.jpg\",\"contentUrl\":\"https:\\\/\\\/bulaoutdoor.nl\\\/wp-content\\\/uploads\\\/2021\\\/03\\\/GrowdropL_cortenresized.jpg\",\"width\":800,\"height\":800},{\"@type\":\"BreadcrumbList\",\"@id\":\"https:\\\/\\\/bulaoutdoor.nl\\\/product\\\/glowbus-growdrop-designkaarshouder\\\/#breadcrumb\",\"itemListElement\":[{\"@type\":\"ListItem\",\"position\":1,\"name\":\"Home\",\"item\":\"https:\\\/\\\/bulaoutdoor.nl\\\/\"},{\"@type\":\"ListItem\",\"position\":2,\"name\":\"Online BBQ kopen\",\"item\":\"https:\\\/\\\/bulaoutdoor.nl\\\/\"},{\"@type\":\"ListItem\",\"position\":3,\"name\":\"Glowbus Growdrop designkaarshouder\"}]},{\"@type\":\"WebSite\",\"@id\":\"https:\\\/\\\/bulaoutdoor.nl\\\/#website\",\"url\":\"https:\\\/\\\/bulaoutdoor.nl\\\/\",\"name\":\"Bula Outdoor\",\"description\":\"Voor uw buitenhaard, BBQ, tuinfakkel en houtoven\",\"publisher\":{\"@id\":\"https:\\\/\\\/bulaoutdoor.nl\\\/#organization\"},\"potentialAction\":[{\"@type\":\"SearchAction\",\"target\":{\"@type\":\"EntryPoint\",\"urlTemplate\":\"https:\\\/\\\/bulaoutdoor.nl\\\/?s={search_term_string}\"},\"query-input\":{\"@type\":\"PropertyValueSpecification\",\"valueRequired\":true,\"valueName\":\"search_term_string\"}}],\"inLanguage\":\"fr-FR\"},{\"@type\":\"Organization\",\"@id\":\"https:\\\/\\\/bulaoutdoor.nl\\\/#organization\",\"name\":\"Bula Outdoor\",\"url\":\"https:\\\/\\\/bulaoutdoor.nl\\\/\",\"logo\":{\"@type\":\"ImageObject\",\"inLanguage\":\"fr-FR\",\"@id\":\"https:\\\/\\\/bulaoutdoor.nl\\\/#\\\/schema\\\/logo\\\/image\\\/\",\"url\":\"https:\\\/\\\/www.bulaoutdoor.nl\\\/wp-content\\\/uploads\\\/2018\\\/04\\\/bulaoutdoor-logo.png\",\"contentUrl\":\"https:\\\/\\\/www.bulaoutdoor.nl\\\/wp-content\\\/uploads\\\/2018\\\/04\\\/bulaoutdoor-logo.png\",\"width\":324,\"height\":91,\"caption\":\"Bula Outdoor\"},\"image\":{\"@id\":\"https:\\\/\\\/bulaoutdoor.nl\\\/#\\\/schema\\\/logo\\\/image\\\/\"}}]}<\/script>\n<!-- \/ Yoast SEO plugin. -->","yoast_head_json":{"title":"Bougeoir design Glowbus Growdrop - Bula Outdoor","robots":{"index":"index","follow":"follow","max-snippet":"max-snippet:-1","max-image-preview":"max-image-preview:large","max-video-preview":"max-video-preview:-1"},"canonical":"https:\/\/bulaoutdoor.nl\/fr\/produit\/bougie-design-glowbus-growdrop\/","og_locale":"fr_FR","og_type":"article","og_title":"Glowbus Growdrop designkaarshouder &#8211; Bula Outdoor","og_description":"Deze handgemaakte designkaarsenhouder brengt de sfeer van de Dewdrop\u00a0in je interieur. De handgemaakte details maken de Growdrop een echte eyecatcher. Selecteer hieronder je gewenste maat en het gewenste materiaal en bestel direct.","og_url":"https:\/\/bulaoutdoor.nl\/fr\/produit\/bougie-design-glowbus-growdrop\/","og_site_name":"Bula Outdoor","article_modified_time":"2024-01-18T14:03:15+00:00","og_image":[{"width":800,"height":800,"url":"https:\/\/bulaoutdoor.nl\/wp-content\/uploads\/2021\/03\/GrowdropL_cortenresized.jpg","type":"image\/jpeg"}],"twitter_card":"summary_large_image","twitter_misc":{"Dur\u00e9e de lecture estim\u00e9e":"1 minute"},"schema":{"@context":"https:\/\/schema.org","@graph":[{"@type":"WebPage","@id":"https:\/\/bulaoutdoor.nl\/product\/glowbus-growdrop-designkaarshouder\/","url":"https:\/\/bulaoutdoor.nl\/product\/glowbus-growdrop-designkaarshouder\/","name":"Bougeoir design Glowbus Growdrop - Bula Outdoor","isPartOf":{"@id":"https:\/\/bulaoutdoor.nl\/#website"},"primaryImageOfPage":{"@id":"https:\/\/bulaoutdoor.nl\/product\/glowbus-growdrop-designkaarshouder\/#primaryimage"},"image":{"@id":"https:\/\/bulaoutdoor.nl\/product\/glowbus-growdrop-designkaarshouder\/#primaryimage"},"thumbnailUrl":"https:\/\/bulaoutdoor.nl\/wp-content\/uploads\/2021\/03\/GrowdropL_cortenresized.jpg","datePublished":"2021-03-19T17:22:38+00:00","dateModified":"2024-01-18T14:03:15+00:00","breadcrumb":{"@id":"https:\/\/bulaoutdoor.nl\/product\/glowbus-growdrop-designkaarshouder\/#breadcrumb"},"inLanguage":"fr-FR","potentialAction":[{"@type":"ReadAction","target":["https:\/\/bulaoutdoor.nl\/product\/glowbus-growdrop-designkaarshouder\/"]}]},{"@type":"ImageObject","inLanguage":"fr-FR","@id":"https:\/\/bulaoutdoor.nl\/product\/glowbus-growdrop-designkaarshouder\/#primaryimage","url":"https:\/\/bulaoutdoor.nl\/wp-content\/uploads\/2021\/03\/GrowdropL_cortenresized.jpg","contentUrl":"https:\/\/bulaoutdoor.nl\/wp-content\/uploads\/2021\/03\/GrowdropL_cortenresized.jpg","width":800,"height":800},{"@type":"BreadcrumbList","@id":"https:\/\/bulaoutdoor.nl\/product\/glowbus-growdrop-designkaarshouder\/#breadcrumb","itemListElement":[{"@type":"ListItem","position":1,"name":"Home","item":"https:\/\/bulaoutdoor.nl\/"},{"@type":"ListItem","position":2,"name":"Online BBQ kopen","item":"https:\/\/bulaoutdoor.nl\/"},{"@type":"ListItem","position":3,"name":"Glowbus Growdrop designkaarshouder"}]},{"@type":"WebSite","@id":"https:\/\/bulaoutdoor.nl\/#website","url":"https:\/\/bulaoutdoor.nl\/","name":"Bula Outdoor","description":"Pour votre chemin\u00e9e ext\u00e9rieure, votre barbecue, votre torche de jardin et votre four \u00e0 bois","publisher":{"@id":"https:\/\/bulaoutdoor.nl\/#organization"},"potentialAction":[{"@type":"SearchAction","target":{"@type":"EntryPoint","urlTemplate":"https:\/\/bulaoutdoor.nl\/?s={search_term_string}"},"query-input":{"@type":"PropertyValueSpecification","valueRequired":true,"valueName":"search_term_string"}}],"inLanguage":"fr-FR"},{"@type":"Organization","@id":"https:\/\/bulaoutdoor.nl\/#organization","name":"Bula Outdoor","url":"https:\/\/bulaoutdoor.nl\/","logo":{"@type":"ImageObject","inLanguage":"fr-FR","@id":"https:\/\/bulaoutdoor.nl\/#\/schema\/logo\/image\/","url":"https:\/\/www.bulaoutdoor.nl\/wp-content\/uploads\/2018\/04\/bulaoutdoor-logo.png","contentUrl":"https:\/\/www.bulaoutdoor.nl\/wp-content\/uploads\/2018\/04\/bulaoutdoor-logo.png","width":324,"height":91,"caption":"Bula Outdoor"},"image":{"@id":"https:\/\/bulaoutdoor.nl\/#\/schema\/logo\/image\/"}}]}},"jetpack_sharing_enabled":true,"_links":{"self":[{"href":"https:\/\/bulaoutdoor.nl\/fr\/wp-json\/wp\/v2\/product\/10157","targetHints":{"allow":["GET"]}}],"collection":[{"href":"https:\/\/bulaoutdoor.nl\/fr\/wp-json\/wp\/v2\/product"}],"about":[{"href":"https:\/\/bulaoutdoor.nl\/fr\/wp-json\/wp\/v2\/types\/product"}],"replies":[{"embeddable":true,"href":"https:\/\/bulaoutdoor.nl\/fr\/wp-json\/wp\/v2\/comments?post=10157"}],"wp:featuredmedia":[{"embeddable":true,"href":"https:\/\/bulaoutdoor.nl\/fr\/wp-json\/wp\/v2\/media\/10158"}],"wp:attachment":[{"href":"https:\/\/bulaoutdoor.nl\/fr\/wp-json\/wp\/v2\/media?parent=10157"}],"wp:term":[{"taxonomy":"product_brand","embeddable":true,"href":"https:\/\/bulaoutdoor.nl\/fr\/wp-json\/wp\/v2\/product_brand?post=10157"},{"taxonomy":"product_cat","embeddable":true,"href":"https:\/\/bulaoutdoor.nl\/fr\/wp-json\/wp\/v2\/product_cat?post=10157"},{"taxonomy":"product_tag","embeddable":true,"href":"https:\/\/bulaoutdoor.nl\/fr\/wp-json\/wp\/v2\/product_tag?post=10157"}],"curies":[{"name":"wp","href":"https:\/\/api.w.org\/{rel}","templated":true}]}}