{"id":10437,"date":"2021-05-12T19:28:34","date_gmt":"2021-05-12T19:28:34","guid":{"rendered":"https:\/\/www.bulaoutdoor.nl\/?post_type=product&#038;p=10437"},"modified":"2024-05-29T10:48:34","modified_gmt":"2024-05-29T10:48:34","slug":"base-de-chariot-avec-panier-pour-primo-oval-jr-200","status":"publish","type":"product","link":"https:\/\/bulaoutdoor.nl\/fr\/product\/kar-basis-met-mand-voor-primo-oval-jr-200\/","title":{"rendered":"Chariot de base avec panier pour Primo Oval JR 200"},"content":{"rendered":"<p>Chariot \u00e0 base m\u00e9tallique robuste qui ajoute \u00e0 la fois protection et mobilit\u00e9 \u00e0 votre gril.<\/p>\n<ul>\n<li>Ce chariot peut \u00eatre utilis\u00e9 en combinaison avec le Primo Oval JR 200.<\/li>\n<li>Disponible en combinaison avec une housse de protection personnalis\u00e9e pour une protection optimale contre les intemp\u00e9ries.<\/li>\n<li>Les dimensions sont celles du produit de base, sans les panneaux lat\u00e9raux.<\/li>\n<\/ul>\n<p>&nbsp;<\/p>","protected":false},"excerpt":{"rendered":"<p>Chariot robuste \u00e0 base m\u00e9tallique qui ajoute \u00e0 la fois protection et mobilit\u00e9 \u00e0 votre gril. Disponible en combinaison avec diff\u00e9rentes lames lat\u00e9rales et une housse de protection. Commandez directement ici.<\/p>","protected":false},"featured_media":10438,"comment_status":"open","ping_status":"closed","template":"","meta":{"_acf_changed":false},"product_brand":[],"product_cat":[383],"product_tag":[380,492,591,493,381],"class_list":{"0":"post-10437","1":"product","2":"type-product","3":"status-publish","4":"has-post-thumbnail","6":"product_cat-oval-200-jr","7":"product_tag-barbecuekar","8":"product_tag-bbq-kar","9":"product_tag-cart-jr-200","10":"product_tag-pg00415","11":"product_tag-primo-grill-tafel","13":"first","14":"instock","15":"taxable","16":"shipping-taxable","17":"purchasable","18":"product-type-variable","19":"has-default-attributes"},"acf":[],"yoast_head":"<!-- This site is optimized with the Yoast SEO plugin v27.4 - https:\/\/yoast.com\/product\/yoast-seo-wordpress\/ -->\n<title>Basis kar met mand voor Primo Oval JR 200 &#8211; Bula Outdoor<\/title>\n<meta name=\"robots\" content=\"index, follow, max-snippet:-1, max-image-preview:large, max-video-preview:-1\" \/>\n<link rel=\"canonical\" href=\"https:\/\/bulaoutdoor.nl\/fr\/produit\/base-de-chariot-avec-panier-pour-primo-oval-jr-200\/\" \/>\n<meta property=\"og:locale\" content=\"fr_FR\" \/>\n<meta property=\"og:type\" content=\"article\" \/>\n<meta property=\"og:title\" content=\"Basis kar met mand voor Primo Oval JR 200 &#8211; Bula Outdoor\" \/>\n<meta property=\"og:description\" content=\"Stevige metalen basiskar die zowel bescherming als mobaliteit toevoegd aan je grill. Beschikbaar in combinatie met verschillende zijbladen en beschermhoes. Bestel hem hier direct.\" \/>\n<meta property=\"og:url\" content=\"https:\/\/bulaoutdoor.nl\/fr\/produit\/base-de-chariot-avec-panier-pour-primo-oval-jr-200\/\" \/>\n<meta property=\"og:site_name\" content=\"Bula Outdoor\" \/>\n<meta property=\"article:modified_time\" content=\"2024-05-29T10:48:34+00:00\" \/>\n<meta property=\"og:image\" content=\"https:\/\/bulaoutdoor.nl\/wp-content\/uploads\/2021\/04\/cart-base.jpg\" \/>\n\t<meta property=\"og:image:width\" content=\"480\" \/>\n\t<meta property=\"og:image:height\" content=\"392\" \/>\n\t<meta property=\"og:image:type\" content=\"image\/jpeg\" \/>\n<meta name=\"twitter:card\" content=\"summary_large_image\" \/>\n<meta name=\"twitter:label1\" content=\"Dur\u00e9e de lecture estim\u00e9e\" \/>\n\t<meta name=\"twitter:data1\" content=\"1 minute\" \/>\n<script type=\"application\/ld+json\" class=\"yoast-schema-graph\">{\"@context\":\"https:\\\/\\\/schema.org\",\"@graph\":[{\"@type\":\"WebPage\",\"@id\":\"https:\\\/\\\/bulaoutdoor.nl\\\/product\\\/kar-basis-met-mand-voor-primo-oval-jr-200\\\/\",\"url\":\"https:\\\/\\\/bulaoutdoor.nl\\\/product\\\/kar-basis-met-mand-voor-primo-oval-jr-200\\\/\",\"name\":\"Basis kar met mand voor Primo Oval JR 200 &#8211; Bula Outdoor\",\"isPartOf\":{\"@id\":\"https:\\\/\\\/bulaoutdoor.nl\\\/#website\"},\"primaryImageOfPage\":{\"@id\":\"https:\\\/\\\/bulaoutdoor.nl\\\/product\\\/kar-basis-met-mand-voor-primo-oval-jr-200\\\/#primaryimage\"},\"image\":{\"@id\":\"https:\\\/\\\/bulaoutdoor.nl\\\/product\\\/kar-basis-met-mand-voor-primo-oval-jr-200\\\/#primaryimage\"},\"thumbnailUrl\":\"https:\\\/\\\/bulaoutdoor.nl\\\/wp-content\\\/uploads\\\/2021\\\/04\\\/cart-base.jpg\",\"datePublished\":\"2021-05-12T19:28:34+00:00\",\"dateModified\":\"2024-05-29T10:48:34+00:00\",\"breadcrumb\":{\"@id\":\"https:\\\/\\\/bulaoutdoor.nl\\\/product\\\/kar-basis-met-mand-voor-primo-oval-jr-200\\\/#breadcrumb\"},\"inLanguage\":\"fr-FR\",\"potentialAction\":[{\"@type\":\"ReadAction\",\"target\":[\"https:\\\/\\\/bulaoutdoor.nl\\\/product\\\/kar-basis-met-mand-voor-primo-oval-jr-200\\\/\"]}]},{\"@type\":\"ImageObject\",\"inLanguage\":\"fr-FR\",\"@id\":\"https:\\\/\\\/bulaoutdoor.nl\\\/product\\\/kar-basis-met-mand-voor-primo-oval-jr-200\\\/#primaryimage\",\"url\":\"https:\\\/\\\/bulaoutdoor.nl\\\/wp-content\\\/uploads\\\/2021\\\/04\\\/cart-base.jpg\",\"contentUrl\":\"https:\\\/\\\/bulaoutdoor.nl\\\/wp-content\\\/uploads\\\/2021\\\/04\\\/cart-base.jpg\",\"width\":480,\"height\":392},{\"@type\":\"BreadcrumbList\",\"@id\":\"https:\\\/\\\/bulaoutdoor.nl\\\/product\\\/kar-basis-met-mand-voor-primo-oval-jr-200\\\/#breadcrumb\",\"itemListElement\":[{\"@type\":\"ListItem\",\"position\":1,\"name\":\"Home\",\"item\":\"https:\\\/\\\/bulaoutdoor.nl\\\/\"},{\"@type\":\"ListItem\",\"position\":2,\"name\":\"Online BBQ kopen\",\"item\":\"https:\\\/\\\/bulaoutdoor.nl\\\/\"},{\"@type\":\"ListItem\",\"position\":3,\"name\":\"Basis kar met mand voor Primo Oval JR 200\"}]},{\"@type\":\"WebSite\",\"@id\":\"https:\\\/\\\/bulaoutdoor.nl\\\/#website\",\"url\":\"https:\\\/\\\/bulaoutdoor.nl\\\/\",\"name\":\"Bula Outdoor\",\"description\":\"Voor uw buitenhaard, BBQ, tuinfakkel en houtoven\",\"publisher\":{\"@id\":\"https:\\\/\\\/bulaoutdoor.nl\\\/#organization\"},\"potentialAction\":[{\"@type\":\"SearchAction\",\"target\":{\"@type\":\"EntryPoint\",\"urlTemplate\":\"https:\\\/\\\/bulaoutdoor.nl\\\/?s={search_term_string}\"},\"query-input\":{\"@type\":\"PropertyValueSpecification\",\"valueRequired\":true,\"valueName\":\"search_term_string\"}}],\"inLanguage\":\"fr-FR\"},{\"@type\":\"Organization\",\"@id\":\"https:\\\/\\\/bulaoutdoor.nl\\\/#organization\",\"name\":\"Bula Outdoor\",\"url\":\"https:\\\/\\\/bulaoutdoor.nl\\\/\",\"logo\":{\"@type\":\"ImageObject\",\"inLanguage\":\"fr-FR\",\"@id\":\"https:\\\/\\\/bulaoutdoor.nl\\\/#\\\/schema\\\/logo\\\/image\\\/\",\"url\":\"https:\\\/\\\/www.bulaoutdoor.nl\\\/wp-content\\\/uploads\\\/2018\\\/04\\\/bulaoutdoor-logo.png\",\"contentUrl\":\"https:\\\/\\\/www.bulaoutdoor.nl\\\/wp-content\\\/uploads\\\/2018\\\/04\\\/bulaoutdoor-logo.png\",\"width\":324,\"height\":91,\"caption\":\"Bula Outdoor\"},\"image\":{\"@id\":\"https:\\\/\\\/bulaoutdoor.nl\\\/#\\\/schema\\\/logo\\\/image\\\/\"}}]}<\/script>\n<!-- \/ Yoast SEO plugin. -->","yoast_head_json":{"title":"Chariot de base avec panier pour Primo Oval JR 200 - Bula Outdoor","robots":{"index":"index","follow":"follow","max-snippet":"max-snippet:-1","max-image-preview":"max-image-preview:large","max-video-preview":"max-video-preview:-1"},"canonical":"https:\/\/bulaoutdoor.nl\/fr\/produit\/base-de-chariot-avec-panier-pour-primo-oval-jr-200\/","og_locale":"fr_FR","og_type":"article","og_title":"Basis kar met mand voor Primo Oval JR 200 &#8211; Bula Outdoor","og_description":"Stevige metalen basiskar die zowel bescherming als mobaliteit toevoegd aan je grill. Beschikbaar in combinatie met verschillende zijbladen en beschermhoes. Bestel hem hier direct.","og_url":"https:\/\/bulaoutdoor.nl\/fr\/produit\/base-de-chariot-avec-panier-pour-primo-oval-jr-200\/","og_site_name":"Bula Outdoor","article_modified_time":"2024-05-29T10:48:34+00:00","og_image":[{"width":480,"height":392,"url":"https:\/\/bulaoutdoor.nl\/wp-content\/uploads\/2021\/04\/cart-base.jpg","type":"image\/jpeg"}],"twitter_card":"summary_large_image","twitter_misc":{"Dur\u00e9e de lecture estim\u00e9e":"1 minute"},"schema":{"@context":"https:\/\/schema.org","@graph":[{"@type":"WebPage","@id":"https:\/\/bulaoutdoor.nl\/product\/kar-basis-met-mand-voor-primo-oval-jr-200\/","url":"https:\/\/bulaoutdoor.nl\/product\/kar-basis-met-mand-voor-primo-oval-jr-200\/","name":"Chariot de base avec panier pour Primo Oval JR 200 - Bula Outdoor","isPartOf":{"@id":"https:\/\/bulaoutdoor.nl\/#website"},"primaryImageOfPage":{"@id":"https:\/\/bulaoutdoor.nl\/product\/kar-basis-met-mand-voor-primo-oval-jr-200\/#primaryimage"},"image":{"@id":"https:\/\/bulaoutdoor.nl\/product\/kar-basis-met-mand-voor-primo-oval-jr-200\/#primaryimage"},"thumbnailUrl":"https:\/\/bulaoutdoor.nl\/wp-content\/uploads\/2021\/04\/cart-base.jpg","datePublished":"2021-05-12T19:28:34+00:00","dateModified":"2024-05-29T10:48:34+00:00","breadcrumb":{"@id":"https:\/\/bulaoutdoor.nl\/product\/kar-basis-met-mand-voor-primo-oval-jr-200\/#breadcrumb"},"inLanguage":"fr-FR","potentialAction":[{"@type":"ReadAction","target":["https:\/\/bulaoutdoor.nl\/product\/kar-basis-met-mand-voor-primo-oval-jr-200\/"]}]},{"@type":"ImageObject","inLanguage":"fr-FR","@id":"https:\/\/bulaoutdoor.nl\/product\/kar-basis-met-mand-voor-primo-oval-jr-200\/#primaryimage","url":"https:\/\/bulaoutdoor.nl\/wp-content\/uploads\/2021\/04\/cart-base.jpg","contentUrl":"https:\/\/bulaoutdoor.nl\/wp-content\/uploads\/2021\/04\/cart-base.jpg","width":480,"height":392},{"@type":"BreadcrumbList","@id":"https:\/\/bulaoutdoor.nl\/product\/kar-basis-met-mand-voor-primo-oval-jr-200\/#breadcrumb","itemListElement":[{"@type":"ListItem","position":1,"name":"Home","item":"https:\/\/bulaoutdoor.nl\/"},{"@type":"ListItem","position":2,"name":"Online BBQ kopen","item":"https:\/\/bulaoutdoor.nl\/"},{"@type":"ListItem","position":3,"name":"Basis kar met mand voor Primo Oval JR 200"}]},{"@type":"WebSite","@id":"https:\/\/bulaoutdoor.nl\/#website","url":"https:\/\/bulaoutdoor.nl\/","name":"Bula Outdoor","description":"Pour votre chemin\u00e9e ext\u00e9rieure, votre barbecue, votre torche de jardin et votre four \u00e0 bois","publisher":{"@id":"https:\/\/bulaoutdoor.nl\/#organization"},"potentialAction":[{"@type":"SearchAction","target":{"@type":"EntryPoint","urlTemplate":"https:\/\/bulaoutdoor.nl\/?s={search_term_string}"},"query-input":{"@type":"PropertyValueSpecification","valueRequired":true,"valueName":"search_term_string"}}],"inLanguage":"fr-FR"},{"@type":"Organization","@id":"https:\/\/bulaoutdoor.nl\/#organization","name":"Bula Outdoor","url":"https:\/\/bulaoutdoor.nl\/","logo":{"@type":"ImageObject","inLanguage":"fr-FR","@id":"https:\/\/bulaoutdoor.nl\/#\/schema\/logo\/image\/","url":"https:\/\/www.bulaoutdoor.nl\/wp-content\/uploads\/2018\/04\/bulaoutdoor-logo.png","contentUrl":"https:\/\/www.bulaoutdoor.nl\/wp-content\/uploads\/2018\/04\/bulaoutdoor-logo.png","width":324,"height":91,"caption":"Bula Outdoor"},"image":{"@id":"https:\/\/bulaoutdoor.nl\/#\/schema\/logo\/image\/"}}]}},"jetpack_sharing_enabled":true,"_links":{"self":[{"href":"https:\/\/bulaoutdoor.nl\/fr\/wp-json\/wp\/v2\/product\/10437","targetHints":{"allow":["GET"]}}],"collection":[{"href":"https:\/\/bulaoutdoor.nl\/fr\/wp-json\/wp\/v2\/product"}],"about":[{"href":"https:\/\/bulaoutdoor.nl\/fr\/wp-json\/wp\/v2\/types\/product"}],"replies":[{"embeddable":true,"href":"https:\/\/bulaoutdoor.nl\/fr\/wp-json\/wp\/v2\/comments?post=10437"}],"wp:featuredmedia":[{"embeddable":true,"href":"https:\/\/bulaoutdoor.nl\/fr\/wp-json\/wp\/v2\/media\/10438"}],"wp:attachment":[{"href":"https:\/\/bulaoutdoor.nl\/fr\/wp-json\/wp\/v2\/media?parent=10437"}],"wp:term":[{"taxonomy":"product_brand","embeddable":true,"href":"https:\/\/bulaoutdoor.nl\/fr\/wp-json\/wp\/v2\/product_brand?post=10437"},{"taxonomy":"product_cat","embeddable":true,"href":"https:\/\/bulaoutdoor.nl\/fr\/wp-json\/wp\/v2\/product_cat?post=10437"},{"taxonomy":"product_tag","embeddable":true,"href":"https:\/\/bulaoutdoor.nl\/fr\/wp-json\/wp\/v2\/product_tag?post=10437"}],"curies":[{"name":"wp","href":"https:\/\/api.w.org\/{rel}","templated":true}]}}