{"id":10447,"date":"2021-05-12T11:24:25","date_gmt":"2021-05-12T11:24:25","guid":{"rendered":"https:\/\/www.bulaoutdoor.nl\/?post_type=product&#038;p=10447"},"modified":"2024-05-14T10:01:33","modified_gmt":"2024-05-14T10:01:33","slug":"table-en-cypres-pour-le-primo-oval-xl-400","status":"publish","type":"product","link":"https:\/\/bulaoutdoor.nl\/fr\/product\/cypres-tafel-voor-de-primo-oval-xl-400\/","title":{"rendered":"Table en cypr\u00e8s pour le Primo Oval XL 400"},"content":{"rendered":"<p>Cette table en bois de cypr\u00e8s fabriqu\u00e9e \u00e0 la main est con\u00e7ue pour durer mais aussi pour \u00eatre belle.<\/p>\n<ul>\n<li>Les quatre pieds en c\u00e9ramique pour placer le barbecue sont inclus.<\/li>\n<li>Le bois de cypr\u00e8s n'est pas transform\u00e9.<\/li>\n<li>Les deux roulettes avant sont verrouillables, ce qui permet au barbecue de se tenir fermement lorsqu'il est utilis\u00e9.<\/li>\n<li>Con\u00e7u sur mesure pour le Primo Oval XL 400.<\/li>\n<li>Pour commander uniquement la housse de protection, s\u00e9lectionnez \"accessoires uniquement\" sous le produit de base et n'oubliez pas de s\u00e9lectionner la housse. Si vous ne s\u00e9lectionnez pas la housse, le message \"\u00e9puis\u00e9\" s'affichera \u00e0 l'\u00e9cran.<\/li>\n<\/ul>","protected":false},"excerpt":{"rendered":"<p>Table robuste en bois de cypr\u00e8s, offrant une mobilit\u00e9 suppl\u00e9mentaire au barbecue. Disponible avec une housse de protection sp\u00e9ciale, pour une protection contre les intemp\u00e9ries.<\/p>","protected":false},"featured_media":10454,"comment_status":"open","ping_status":"closed","template":"","meta":{"_acf_changed":false},"product_brand":[],"product_cat":[385],"product_tag":[380,379,501,381],"class_list":{"0":"post-10447","1":"product","2":"type-product","3":"status-publish","4":"has-post-thumbnail","6":"product_cat-oval-400-xl","7":"product_tag-barbecuekar","8":"product_tag-barbecuetafel","9":"product_tag-pg00600","10":"product_tag-primo-grill-tafel","12":"first","13":"instock","14":"taxable","15":"shipping-taxable","16":"purchasable","17":"product-type-variable","18":"has-default-attributes"},"acf":[],"yoast_head":"<!-- This site is optimized with the Yoast SEO plugin v27.4 - https:\/\/yoast.com\/product\/yoast-seo-wordpress\/ -->\n<title>Cyprestafel voor de Primo Oval XL 400 &#8211; Bula Outdoor<\/title>\n<meta name=\"robots\" content=\"index, follow, max-snippet:-1, max-image-preview:large, max-video-preview:-1\" \/>\n<link rel=\"canonical\" href=\"https:\/\/bulaoutdoor.nl\/fr\/produit\/table-en-cypres-pour-le-primo-oval-xl-400\/\" \/>\n<meta property=\"og:locale\" content=\"fr_FR\" \/>\n<meta property=\"og:type\" content=\"article\" \/>\n<meta property=\"og:title\" content=\"Cyprestafel voor de Primo Oval XL 400 &#8211; Bula Outdoor\" \/>\n<meta property=\"og:description\" content=\"Stevige cypreshouten tafel, die zorgt voor extra mobiliteit van de barbecue. Beschikbaar met speciale beschermhoes, voor bescherming tegen weersinvloeden.\" \/>\n<meta property=\"og:url\" content=\"https:\/\/bulaoutdoor.nl\/fr\/produit\/table-en-cypres-pour-le-primo-oval-xl-400\/\" \/>\n<meta property=\"og:site_name\" content=\"Bula Outdoor\" \/>\n<meta property=\"article:modified_time\" content=\"2024-05-14T10:01:33+00:00\" \/>\n<meta property=\"og:image\" content=\"https:\/\/bulaoutdoor.nl\/wp-content\/uploads\/2021\/04\/cypres-grill-tablemetgrill.jpg\" \/>\n\t<meta property=\"og:image:width\" content=\"480\" \/>\n\t<meta property=\"og:image:height\" content=\"392\" \/>\n\t<meta property=\"og:image:type\" content=\"image\/jpeg\" \/>\n<meta name=\"twitter:card\" content=\"summary_large_image\" \/>\n<meta name=\"twitter:label1\" content=\"Dur\u00e9e de lecture estim\u00e9e\" \/>\n\t<meta name=\"twitter:data1\" content=\"1 minute\" \/>\n<script type=\"application\/ld+json\" class=\"yoast-schema-graph\">{\"@context\":\"https:\\\/\\\/schema.org\",\"@graph\":[{\"@type\":\"WebPage\",\"@id\":\"https:\\\/\\\/bulaoutdoor.nl\\\/product\\\/cypres-tafel-voor-de-primo-oval-xl-400\\\/\",\"url\":\"https:\\\/\\\/bulaoutdoor.nl\\\/product\\\/cypres-tafel-voor-de-primo-oval-xl-400\\\/\",\"name\":\"Cyprestafel voor de Primo Oval XL 400 &#8211; Bula Outdoor\",\"isPartOf\":{\"@id\":\"https:\\\/\\\/bulaoutdoor.nl\\\/#website\"},\"primaryImageOfPage\":{\"@id\":\"https:\\\/\\\/bulaoutdoor.nl\\\/product\\\/cypres-tafel-voor-de-primo-oval-xl-400\\\/#primaryimage\"},\"image\":{\"@id\":\"https:\\\/\\\/bulaoutdoor.nl\\\/product\\\/cypres-tafel-voor-de-primo-oval-xl-400\\\/#primaryimage\"},\"thumbnailUrl\":\"https:\\\/\\\/bulaoutdoor.nl\\\/wp-content\\\/uploads\\\/2021\\\/04\\\/cypres-grill-tablemetgrill.jpg\",\"datePublished\":\"2021-05-12T11:24:25+00:00\",\"dateModified\":\"2024-05-14T10:01:33+00:00\",\"breadcrumb\":{\"@id\":\"https:\\\/\\\/bulaoutdoor.nl\\\/product\\\/cypres-tafel-voor-de-primo-oval-xl-400\\\/#breadcrumb\"},\"inLanguage\":\"fr-FR\",\"potentialAction\":[{\"@type\":\"ReadAction\",\"target\":[\"https:\\\/\\\/bulaoutdoor.nl\\\/product\\\/cypres-tafel-voor-de-primo-oval-xl-400\\\/\"]}]},{\"@type\":\"ImageObject\",\"inLanguage\":\"fr-FR\",\"@id\":\"https:\\\/\\\/bulaoutdoor.nl\\\/product\\\/cypres-tafel-voor-de-primo-oval-xl-400\\\/#primaryimage\",\"url\":\"https:\\\/\\\/bulaoutdoor.nl\\\/wp-content\\\/uploads\\\/2021\\\/04\\\/cypres-grill-tablemetgrill.jpg\",\"contentUrl\":\"https:\\\/\\\/bulaoutdoor.nl\\\/wp-content\\\/uploads\\\/2021\\\/04\\\/cypres-grill-tablemetgrill.jpg\",\"width\":480,\"height\":392},{\"@type\":\"BreadcrumbList\",\"@id\":\"https:\\\/\\\/bulaoutdoor.nl\\\/product\\\/cypres-tafel-voor-de-primo-oval-xl-400\\\/#breadcrumb\",\"itemListElement\":[{\"@type\":\"ListItem\",\"position\":1,\"name\":\"Home\",\"item\":\"https:\\\/\\\/bulaoutdoor.nl\\\/\"},{\"@type\":\"ListItem\",\"position\":2,\"name\":\"Online BBQ kopen\",\"item\":\"https:\\\/\\\/bulaoutdoor.nl\\\/\"},{\"@type\":\"ListItem\",\"position\":3,\"name\":\"Cyprestafel voor de Primo Oval XL 400\"}]},{\"@type\":\"WebSite\",\"@id\":\"https:\\\/\\\/bulaoutdoor.nl\\\/#website\",\"url\":\"https:\\\/\\\/bulaoutdoor.nl\\\/\",\"name\":\"Bula Outdoor\",\"description\":\"Voor uw buitenhaard, BBQ, tuinfakkel en houtoven\",\"publisher\":{\"@id\":\"https:\\\/\\\/bulaoutdoor.nl\\\/#organization\"},\"potentialAction\":[{\"@type\":\"SearchAction\",\"target\":{\"@type\":\"EntryPoint\",\"urlTemplate\":\"https:\\\/\\\/bulaoutdoor.nl\\\/?s={search_term_string}\"},\"query-input\":{\"@type\":\"PropertyValueSpecification\",\"valueRequired\":true,\"valueName\":\"search_term_string\"}}],\"inLanguage\":\"fr-FR\"},{\"@type\":\"Organization\",\"@id\":\"https:\\\/\\\/bulaoutdoor.nl\\\/#organization\",\"name\":\"Bula Outdoor\",\"url\":\"https:\\\/\\\/bulaoutdoor.nl\\\/\",\"logo\":{\"@type\":\"ImageObject\",\"inLanguage\":\"fr-FR\",\"@id\":\"https:\\\/\\\/bulaoutdoor.nl\\\/#\\\/schema\\\/logo\\\/image\\\/\",\"url\":\"https:\\\/\\\/www.bulaoutdoor.nl\\\/wp-content\\\/uploads\\\/2018\\\/04\\\/bulaoutdoor-logo.png\",\"contentUrl\":\"https:\\\/\\\/www.bulaoutdoor.nl\\\/wp-content\\\/uploads\\\/2018\\\/04\\\/bulaoutdoor-logo.png\",\"width\":324,\"height\":91,\"caption\":\"Bula Outdoor\"},\"image\":{\"@id\":\"https:\\\/\\\/bulaoutdoor.nl\\\/#\\\/schema\\\/logo\\\/image\\\/\"}}]}<\/script>\n<!-- \/ Yoast SEO plugin. -->","yoast_head_json":{"title":"Table en cypr\u00e8s pour le Primo Oval XL 400 - Bula Outdoor","robots":{"index":"index","follow":"follow","max-snippet":"max-snippet:-1","max-image-preview":"max-image-preview:large","max-video-preview":"max-video-preview:-1"},"canonical":"https:\/\/bulaoutdoor.nl\/fr\/produit\/table-en-cypres-pour-le-primo-oval-xl-400\/","og_locale":"fr_FR","og_type":"article","og_title":"Cyprestafel voor de Primo Oval XL 400 &#8211; Bula Outdoor","og_description":"Stevige cypreshouten tafel, die zorgt voor extra mobiliteit van de barbecue. Beschikbaar met speciale beschermhoes, voor bescherming tegen weersinvloeden.","og_url":"https:\/\/bulaoutdoor.nl\/fr\/produit\/table-en-cypres-pour-le-primo-oval-xl-400\/","og_site_name":"Bula Outdoor","article_modified_time":"2024-05-14T10:01:33+00:00","og_image":[{"width":480,"height":392,"url":"https:\/\/bulaoutdoor.nl\/wp-content\/uploads\/2021\/04\/cypres-grill-tablemetgrill.jpg","type":"image\/jpeg"}],"twitter_card":"summary_large_image","twitter_misc":{"Dur\u00e9e de lecture estim\u00e9e":"1 minute"},"schema":{"@context":"https:\/\/schema.org","@graph":[{"@type":"WebPage","@id":"https:\/\/bulaoutdoor.nl\/product\/cypres-tafel-voor-de-primo-oval-xl-400\/","url":"https:\/\/bulaoutdoor.nl\/product\/cypres-tafel-voor-de-primo-oval-xl-400\/","name":"Table en cypr\u00e8s pour le Primo Oval XL 400 - Bula Outdoor","isPartOf":{"@id":"https:\/\/bulaoutdoor.nl\/#website"},"primaryImageOfPage":{"@id":"https:\/\/bulaoutdoor.nl\/product\/cypres-tafel-voor-de-primo-oval-xl-400\/#primaryimage"},"image":{"@id":"https:\/\/bulaoutdoor.nl\/product\/cypres-tafel-voor-de-primo-oval-xl-400\/#primaryimage"},"thumbnailUrl":"https:\/\/bulaoutdoor.nl\/wp-content\/uploads\/2021\/04\/cypres-grill-tablemetgrill.jpg","datePublished":"2021-05-12T11:24:25+00:00","dateModified":"2024-05-14T10:01:33+00:00","breadcrumb":{"@id":"https:\/\/bulaoutdoor.nl\/product\/cypres-tafel-voor-de-primo-oval-xl-400\/#breadcrumb"},"inLanguage":"fr-FR","potentialAction":[{"@type":"ReadAction","target":["https:\/\/bulaoutdoor.nl\/product\/cypres-tafel-voor-de-primo-oval-xl-400\/"]}]},{"@type":"ImageObject","inLanguage":"fr-FR","@id":"https:\/\/bulaoutdoor.nl\/product\/cypres-tafel-voor-de-primo-oval-xl-400\/#primaryimage","url":"https:\/\/bulaoutdoor.nl\/wp-content\/uploads\/2021\/04\/cypres-grill-tablemetgrill.jpg","contentUrl":"https:\/\/bulaoutdoor.nl\/wp-content\/uploads\/2021\/04\/cypres-grill-tablemetgrill.jpg","width":480,"height":392},{"@type":"BreadcrumbList","@id":"https:\/\/bulaoutdoor.nl\/product\/cypres-tafel-voor-de-primo-oval-xl-400\/#breadcrumb","itemListElement":[{"@type":"ListItem","position":1,"name":"Home","item":"https:\/\/bulaoutdoor.nl\/"},{"@type":"ListItem","position":2,"name":"Online BBQ kopen","item":"https:\/\/bulaoutdoor.nl\/"},{"@type":"ListItem","position":3,"name":"Cyprestafel voor de Primo Oval XL 400"}]},{"@type":"WebSite","@id":"https:\/\/bulaoutdoor.nl\/#website","url":"https:\/\/bulaoutdoor.nl\/","name":"Bula Outdoor","description":"Pour votre chemin\u00e9e ext\u00e9rieure, votre barbecue, votre torche de jardin et votre four \u00e0 bois","publisher":{"@id":"https:\/\/bulaoutdoor.nl\/#organization"},"potentialAction":[{"@type":"SearchAction","target":{"@type":"EntryPoint","urlTemplate":"https:\/\/bulaoutdoor.nl\/?s={search_term_string}"},"query-input":{"@type":"PropertyValueSpecification","valueRequired":true,"valueName":"search_term_string"}}],"inLanguage":"fr-FR"},{"@type":"Organization","@id":"https:\/\/bulaoutdoor.nl\/#organization","name":"Bula Outdoor","url":"https:\/\/bulaoutdoor.nl\/","logo":{"@type":"ImageObject","inLanguage":"fr-FR","@id":"https:\/\/bulaoutdoor.nl\/#\/schema\/logo\/image\/","url":"https:\/\/www.bulaoutdoor.nl\/wp-content\/uploads\/2018\/04\/bulaoutdoor-logo.png","contentUrl":"https:\/\/www.bulaoutdoor.nl\/wp-content\/uploads\/2018\/04\/bulaoutdoor-logo.png","width":324,"height":91,"caption":"Bula Outdoor"},"image":{"@id":"https:\/\/bulaoutdoor.nl\/#\/schema\/logo\/image\/"}}]}},"jetpack_sharing_enabled":true,"_links":{"self":[{"href":"https:\/\/bulaoutdoor.nl\/fr\/wp-json\/wp\/v2\/product\/10447","targetHints":{"allow":["GET"]}}],"collection":[{"href":"https:\/\/bulaoutdoor.nl\/fr\/wp-json\/wp\/v2\/product"}],"about":[{"href":"https:\/\/bulaoutdoor.nl\/fr\/wp-json\/wp\/v2\/types\/product"}],"replies":[{"embeddable":true,"href":"https:\/\/bulaoutdoor.nl\/fr\/wp-json\/wp\/v2\/comments?post=10447"}],"wp:featuredmedia":[{"embeddable":true,"href":"https:\/\/bulaoutdoor.nl\/fr\/wp-json\/wp\/v2\/media\/10454"}],"wp:attachment":[{"href":"https:\/\/bulaoutdoor.nl\/fr\/wp-json\/wp\/v2\/media?parent=10447"}],"wp:term":[{"taxonomy":"product_brand","embeddable":true,"href":"https:\/\/bulaoutdoor.nl\/fr\/wp-json\/wp\/v2\/product_brand?post=10447"},{"taxonomy":"product_cat","embeddable":true,"href":"https:\/\/bulaoutdoor.nl\/fr\/wp-json\/wp\/v2\/product_cat?post=10447"},{"taxonomy":"product_tag","embeddable":true,"href":"https:\/\/bulaoutdoor.nl\/fr\/wp-json\/wp\/v2\/product_tag?post=10447"}],"curies":[{"name":"wp","href":"https:\/\/api.w.org\/{rel}","templated":true}]}}