{"id":10479,"date":"2021-04-20T10:59:36","date_gmt":"2021-04-20T10:59:36","guid":{"rendered":"https:\/\/www.bulaoutdoor.nl\/?post_type=product&#038;p=10479"},"modified":"2024-05-29T10:31:30","modified_gmt":"2024-05-29T10:31:30","slug":"table-en-cypres-avec-plan-de-travail-pour-primo-oval-300-lg","status":"publish","type":"product","link":"https:\/\/bulaoutdoor.nl\/fr\/product\/cyprestafel-met-werkblad-voor-de-primo-oval-300-lg\/","title":{"rendered":"Table en cypr\u00e8s avec plan de travail pour le Primo Oval LG 300"},"content":{"rendered":"<p>Cette magnifique table en bois de cypr\u00e8s est con\u00e7ue pour le v\u00e9ritable chef d'ext\u00e9rieur qui souhaite disposer d'un espace suppl\u00e9mentaire pour cuisiner.<\/p>\n<ul>\n<li>Les quatre pieds en c\u00e9ramique pour placer le barbecue sont inclus.<\/li>\n<li>Le bois de cypr\u00e8s n'est pas transform\u00e9.<\/li>\n<li>Les deux roulettes avant sont verrouillables, ce qui permet au barbecue de se tenir fermement lorsqu'il est utilis\u00e9.<\/li>\n<li>La table offre une mobilit\u00e9 et une protection suppl\u00e9mentaires pour le barbecue.<\/li>\n<li>Pour commander uniquement la housse de protection, s\u00e9lectionnez \"accessoires uniquement\" sous le produit de base et n'oubliez pas de s\u00e9lectionner la housse. Si vous ne s\u00e9lectionnez pas la housse, le message \"\u00e9puis\u00e9\" s'affichera \u00e0 l'\u00e9cran.<\/li>\n<li>Con\u00e7u sur mesure pour le Primo Oval LG 300<\/li>\n<\/ul>","protected":false},"excerpt":{"rendered":"<p>Table robuste en bois de cypr\u00e8s avec un plan de travail pour plus d'espace. Disponible avec une housse de protection sp\u00e9ciale contre les intemp\u00e9ries.<\/p>","protected":false},"featured_media":10464,"comment_status":"open","ping_status":"closed","template":"","meta":{"_acf_changed":false},"product_brand":[],"product_cat":[384],"product_tag":[380,379,544,545,381],"class_list":{"0":"post-10479","1":"product","2":"type-product","3":"status-publish","4":"has-post-thumbnail","6":"product_cat-oval-300-lg","7":"product_tag-barbecuekar","8":"product_tag-barbecuetafel","9":"product_tag-bbq-kar-primo-lg-300","10":"product_tag-pg00613","11":"product_tag-primo-grill-tafel","13":"first","14":"instock","15":"taxable","16":"shipping-taxable","17":"purchasable","18":"product-type-variable","19":"has-default-attributes"},"acf":[],"yoast_head":"<!-- This site is optimized with the Yoast SEO plugin v27.4 - https:\/\/yoast.com\/product\/yoast-seo-wordpress\/ -->\n<title>Cyprestafel met werkblad voor de Primo Oval LG 300 &#8211; Bula Outdoor<\/title>\n<meta name=\"robots\" content=\"index, follow, max-snippet:-1, max-image-preview:large, max-video-preview:-1\" \/>\n<link rel=\"canonical\" href=\"https:\/\/bulaoutdoor.nl\/fr\/produit\/table-en-cypres-avec-plan-de-travail-pour-primo-oval-300-lg\/\" \/>\n<meta property=\"og:locale\" content=\"fr_FR\" \/>\n<meta property=\"og:type\" content=\"article\" \/>\n<meta property=\"og:title\" content=\"Cyprestafel met werkblad voor de Primo Oval LG 300 &#8211; Bula Outdoor\" \/>\n<meta property=\"og:description\" content=\"Stevige cypreshouten tafel met een werkblad voor extra ruimte. Beschikbaar met speciale beschermhoes voor bescherming tegen weersinvloeden.\" \/>\n<meta property=\"og:url\" content=\"https:\/\/bulaoutdoor.nl\/fr\/produit\/table-en-cypres-avec-plan-de-travail-pour-primo-oval-300-lg\/\" \/>\n<meta property=\"og:site_name\" content=\"Bula Outdoor\" \/>\n<meta property=\"article:modified_time\" content=\"2024-05-29T10:31:30+00:00\" \/>\n<meta property=\"og:image\" content=\"https:\/\/bulaoutdoor.nl\/wp-content\/uploads\/2021\/04\/cypres-countertop-grilltable.jpg\" \/>\n\t<meta property=\"og:image:width\" content=\"480\" \/>\n\t<meta property=\"og:image:height\" content=\"392\" \/>\n\t<meta property=\"og:image:type\" content=\"image\/jpeg\" \/>\n<meta name=\"twitter:card\" content=\"summary_large_image\" \/>\n<meta name=\"twitter:label1\" content=\"Dur\u00e9e de lecture estim\u00e9e\" \/>\n\t<meta name=\"twitter:data1\" content=\"1 minute\" \/>\n<script type=\"application\/ld+json\" class=\"yoast-schema-graph\">{\"@context\":\"https:\\\/\\\/schema.org\",\"@graph\":[{\"@type\":\"WebPage\",\"@id\":\"https:\\\/\\\/bulaoutdoor.nl\\\/product\\\/cyprestafel-met-werkblad-voor-de-primo-oval-300-lg\\\/\",\"url\":\"https:\\\/\\\/bulaoutdoor.nl\\\/product\\\/cyprestafel-met-werkblad-voor-de-primo-oval-300-lg\\\/\",\"name\":\"Cyprestafel met werkblad voor de Primo Oval LG 300 &#8211; Bula Outdoor\",\"isPartOf\":{\"@id\":\"https:\\\/\\\/bulaoutdoor.nl\\\/#website\"},\"primaryImageOfPage\":{\"@id\":\"https:\\\/\\\/bulaoutdoor.nl\\\/product\\\/cyprestafel-met-werkblad-voor-de-primo-oval-300-lg\\\/#primaryimage\"},\"image\":{\"@id\":\"https:\\\/\\\/bulaoutdoor.nl\\\/product\\\/cyprestafel-met-werkblad-voor-de-primo-oval-300-lg\\\/#primaryimage\"},\"thumbnailUrl\":\"https:\\\/\\\/bulaoutdoor.nl\\\/wp-content\\\/uploads\\\/2021\\\/04\\\/cypres-countertop-grilltable.jpg\",\"datePublished\":\"2021-04-20T10:59:36+00:00\",\"dateModified\":\"2024-05-29T10:31:30+00:00\",\"breadcrumb\":{\"@id\":\"https:\\\/\\\/bulaoutdoor.nl\\\/product\\\/cyprestafel-met-werkblad-voor-de-primo-oval-300-lg\\\/#breadcrumb\"},\"inLanguage\":\"fr-FR\",\"potentialAction\":[{\"@type\":\"ReadAction\",\"target\":[\"https:\\\/\\\/bulaoutdoor.nl\\\/product\\\/cyprestafel-met-werkblad-voor-de-primo-oval-300-lg\\\/\"]}]},{\"@type\":\"ImageObject\",\"inLanguage\":\"fr-FR\",\"@id\":\"https:\\\/\\\/bulaoutdoor.nl\\\/product\\\/cyprestafel-met-werkblad-voor-de-primo-oval-300-lg\\\/#primaryimage\",\"url\":\"https:\\\/\\\/bulaoutdoor.nl\\\/wp-content\\\/uploads\\\/2021\\\/04\\\/cypres-countertop-grilltable.jpg\",\"contentUrl\":\"https:\\\/\\\/bulaoutdoor.nl\\\/wp-content\\\/uploads\\\/2021\\\/04\\\/cypres-countertop-grilltable.jpg\",\"width\":480,\"height\":392},{\"@type\":\"BreadcrumbList\",\"@id\":\"https:\\\/\\\/bulaoutdoor.nl\\\/product\\\/cyprestafel-met-werkblad-voor-de-primo-oval-300-lg\\\/#breadcrumb\",\"itemListElement\":[{\"@type\":\"ListItem\",\"position\":1,\"name\":\"Home\",\"item\":\"https:\\\/\\\/bulaoutdoor.nl\\\/\"},{\"@type\":\"ListItem\",\"position\":2,\"name\":\"Online BBQ kopen\",\"item\":\"https:\\\/\\\/bulaoutdoor.nl\\\/\"},{\"@type\":\"ListItem\",\"position\":3,\"name\":\"Cyprestafel met werkblad voor de Primo Oval LG 300\"}]},{\"@type\":\"WebSite\",\"@id\":\"https:\\\/\\\/bulaoutdoor.nl\\\/#website\",\"url\":\"https:\\\/\\\/bulaoutdoor.nl\\\/\",\"name\":\"Bula Outdoor\",\"description\":\"Voor uw buitenhaard, BBQ, tuinfakkel en houtoven\",\"publisher\":{\"@id\":\"https:\\\/\\\/bulaoutdoor.nl\\\/#organization\"},\"potentialAction\":[{\"@type\":\"SearchAction\",\"target\":{\"@type\":\"EntryPoint\",\"urlTemplate\":\"https:\\\/\\\/bulaoutdoor.nl\\\/?s={search_term_string}\"},\"query-input\":{\"@type\":\"PropertyValueSpecification\",\"valueRequired\":true,\"valueName\":\"search_term_string\"}}],\"inLanguage\":\"fr-FR\"},{\"@type\":\"Organization\",\"@id\":\"https:\\\/\\\/bulaoutdoor.nl\\\/#organization\",\"name\":\"Bula Outdoor\",\"url\":\"https:\\\/\\\/bulaoutdoor.nl\\\/\",\"logo\":{\"@type\":\"ImageObject\",\"inLanguage\":\"fr-FR\",\"@id\":\"https:\\\/\\\/bulaoutdoor.nl\\\/#\\\/schema\\\/logo\\\/image\\\/\",\"url\":\"https:\\\/\\\/www.bulaoutdoor.nl\\\/wp-content\\\/uploads\\\/2018\\\/04\\\/bulaoutdoor-logo.png\",\"contentUrl\":\"https:\\\/\\\/www.bulaoutdoor.nl\\\/wp-content\\\/uploads\\\/2018\\\/04\\\/bulaoutdoor-logo.png\",\"width\":324,\"height\":91,\"caption\":\"Bula Outdoor\"},\"image\":{\"@id\":\"https:\\\/\\\/bulaoutdoor.nl\\\/#\\\/schema\\\/logo\\\/image\\\/\"}}]}<\/script>\n<!-- \/ Yoast SEO plugin. -->","yoast_head_json":{"title":"Table en cypr\u00e8s avec plan de travail pour le Primo Oval LG 300 - Bula Outdoor","robots":{"index":"index","follow":"follow","max-snippet":"max-snippet:-1","max-image-preview":"max-image-preview:large","max-video-preview":"max-video-preview:-1"},"canonical":"https:\/\/bulaoutdoor.nl\/fr\/produit\/table-en-cypres-avec-plan-de-travail-pour-primo-oval-300-lg\/","og_locale":"fr_FR","og_type":"article","og_title":"Cyprestafel met werkblad voor de Primo Oval LG 300 &#8211; Bula Outdoor","og_description":"Stevige cypreshouten tafel met een werkblad voor extra ruimte. Beschikbaar met speciale beschermhoes voor bescherming tegen weersinvloeden.","og_url":"https:\/\/bulaoutdoor.nl\/fr\/produit\/table-en-cypres-avec-plan-de-travail-pour-primo-oval-300-lg\/","og_site_name":"Bula Outdoor","article_modified_time":"2024-05-29T10:31:30+00:00","og_image":[{"width":480,"height":392,"url":"https:\/\/bulaoutdoor.nl\/wp-content\/uploads\/2021\/04\/cypres-countertop-grilltable.jpg","type":"image\/jpeg"}],"twitter_card":"summary_large_image","twitter_misc":{"Dur\u00e9e de lecture estim\u00e9e":"1 minute"},"schema":{"@context":"https:\/\/schema.org","@graph":[{"@type":"WebPage","@id":"https:\/\/bulaoutdoor.nl\/product\/cyprestafel-met-werkblad-voor-de-primo-oval-300-lg\/","url":"https:\/\/bulaoutdoor.nl\/product\/cyprestafel-met-werkblad-voor-de-primo-oval-300-lg\/","name":"Table en cypr\u00e8s avec plan de travail pour le Primo Oval LG 300 - Bula Outdoor","isPartOf":{"@id":"https:\/\/bulaoutdoor.nl\/#website"},"primaryImageOfPage":{"@id":"https:\/\/bulaoutdoor.nl\/product\/cyprestafel-met-werkblad-voor-de-primo-oval-300-lg\/#primaryimage"},"image":{"@id":"https:\/\/bulaoutdoor.nl\/product\/cyprestafel-met-werkblad-voor-de-primo-oval-300-lg\/#primaryimage"},"thumbnailUrl":"https:\/\/bulaoutdoor.nl\/wp-content\/uploads\/2021\/04\/cypres-countertop-grilltable.jpg","datePublished":"2021-04-20T10:59:36+00:00","dateModified":"2024-05-29T10:31:30+00:00","breadcrumb":{"@id":"https:\/\/bulaoutdoor.nl\/product\/cyprestafel-met-werkblad-voor-de-primo-oval-300-lg\/#breadcrumb"},"inLanguage":"fr-FR","potentialAction":[{"@type":"ReadAction","target":["https:\/\/bulaoutdoor.nl\/product\/cyprestafel-met-werkblad-voor-de-primo-oval-300-lg\/"]}]},{"@type":"ImageObject","inLanguage":"fr-FR","@id":"https:\/\/bulaoutdoor.nl\/product\/cyprestafel-met-werkblad-voor-de-primo-oval-300-lg\/#primaryimage","url":"https:\/\/bulaoutdoor.nl\/wp-content\/uploads\/2021\/04\/cypres-countertop-grilltable.jpg","contentUrl":"https:\/\/bulaoutdoor.nl\/wp-content\/uploads\/2021\/04\/cypres-countertop-grilltable.jpg","width":480,"height":392},{"@type":"BreadcrumbList","@id":"https:\/\/bulaoutdoor.nl\/product\/cyprestafel-met-werkblad-voor-de-primo-oval-300-lg\/#breadcrumb","itemListElement":[{"@type":"ListItem","position":1,"name":"Home","item":"https:\/\/bulaoutdoor.nl\/"},{"@type":"ListItem","position":2,"name":"Online BBQ kopen","item":"https:\/\/bulaoutdoor.nl\/"},{"@type":"ListItem","position":3,"name":"Cyprestafel met werkblad voor de Primo Oval LG 300"}]},{"@type":"WebSite","@id":"https:\/\/bulaoutdoor.nl\/#website","url":"https:\/\/bulaoutdoor.nl\/","name":"Bula Outdoor","description":"Pour votre chemin\u00e9e ext\u00e9rieure, votre barbecue, votre torche de jardin et votre four \u00e0 bois","publisher":{"@id":"https:\/\/bulaoutdoor.nl\/#organization"},"potentialAction":[{"@type":"SearchAction","target":{"@type":"EntryPoint","urlTemplate":"https:\/\/bulaoutdoor.nl\/?s={search_term_string}"},"query-input":{"@type":"PropertyValueSpecification","valueRequired":true,"valueName":"search_term_string"}}],"inLanguage":"fr-FR"},{"@type":"Organization","@id":"https:\/\/bulaoutdoor.nl\/#organization","name":"Bula Outdoor","url":"https:\/\/bulaoutdoor.nl\/","logo":{"@type":"ImageObject","inLanguage":"fr-FR","@id":"https:\/\/bulaoutdoor.nl\/#\/schema\/logo\/image\/","url":"https:\/\/www.bulaoutdoor.nl\/wp-content\/uploads\/2018\/04\/bulaoutdoor-logo.png","contentUrl":"https:\/\/www.bulaoutdoor.nl\/wp-content\/uploads\/2018\/04\/bulaoutdoor-logo.png","width":324,"height":91,"caption":"Bula Outdoor"},"image":{"@id":"https:\/\/bulaoutdoor.nl\/#\/schema\/logo\/image\/"}}]}},"jetpack_sharing_enabled":true,"_links":{"self":[{"href":"https:\/\/bulaoutdoor.nl\/fr\/wp-json\/wp\/v2\/product\/10479","targetHints":{"allow":["GET"]}}],"collection":[{"href":"https:\/\/bulaoutdoor.nl\/fr\/wp-json\/wp\/v2\/product"}],"about":[{"href":"https:\/\/bulaoutdoor.nl\/fr\/wp-json\/wp\/v2\/types\/product"}],"replies":[{"embeddable":true,"href":"https:\/\/bulaoutdoor.nl\/fr\/wp-json\/wp\/v2\/comments?post=10479"}],"wp:featuredmedia":[{"embeddable":true,"href":"https:\/\/bulaoutdoor.nl\/fr\/wp-json\/wp\/v2\/media\/10464"}],"wp:attachment":[{"href":"https:\/\/bulaoutdoor.nl\/fr\/wp-json\/wp\/v2\/media?parent=10479"}],"wp:term":[{"taxonomy":"product_brand","embeddable":true,"href":"https:\/\/bulaoutdoor.nl\/fr\/wp-json\/wp\/v2\/product_brand?post=10479"},{"taxonomy":"product_cat","embeddable":true,"href":"https:\/\/bulaoutdoor.nl\/fr\/wp-json\/wp\/v2\/product_cat?post=10479"},{"taxonomy":"product_tag","embeddable":true,"href":"https:\/\/bulaoutdoor.nl\/fr\/wp-json\/wp\/v2\/product_tag?post=10479"}],"curies":[{"name":"wp","href":"https:\/\/api.w.org\/{rel}","templated":true}]}}