{"id":10551,"date":"2021-05-11T09:07:52","date_gmt":"2021-05-11T09:07:52","guid":{"rendered":"https:\/\/www.bulaoutdoor.nl\/?post_type=product&#038;p=10551"},"modified":"2024-05-14T09:45:18","modified_gmt":"2024-05-14T09:45:18","slug":"pierres-a-pizza-primo","status":"publish","type":"product","link":"https:\/\/bulaoutdoor.nl\/fr\/product\/pizzastenen-van-primo\/","title":{"rendered":"Pierres \u00e0 pizza de Primo"},"content":{"rendered":"<p>Les pierres \u00e0 pizza en c\u00e9ramique permettent de cuire du pain, de pr\u00e9parer des rago\u00fbts et des pizzas au feu de bois.<\/p>\n<ul>\n<li>Disponible en 33cm ou 40cm de diam\u00e8tre<\/li>\n<li>La pierre \u00e0 pizza de 40 cm ne convient qu'aux mod\u00e8les Oval XL 400, Oval LG 300 et Kamado round.<\/li>\n<li>La variante de 33 cm peut \u00eatre utilis\u00e9e sur tous les barbecues Primo.<\/li>\n<li>Vous avez le choix entre une finition \u00e9maill\u00e9e et une finition sans \u00e9mail. Une couche d'\u00e9mail donne une belle finition noire qui emp\u00eache \u00e9galement les marques d'utilisation sur la pierre.<\/li>\n<\/ul>","protected":false},"excerpt":{"rendered":"<p>Utilisez les pierres \u00e0 pizza pour cuire le pain, pr\u00e9parer des rago\u00fbts et des pizzas au feu de bois. Veuillez noter que la pierre de 40 cm ne convient pas \u00e0 l'Oval 200 JR. S\u00e9lectionnez la taille et la finition souhait\u00e9es ci-dessous et commandez directement.<\/p>","protected":false},"featured_media":10966,"comment_status":"open","ping_status":"closed","template":"","meta":{"_acf_changed":false},"product_brand":[],"product_cat":[395,394,393,392,391],"product_tag":[509,508,507,510,452,453,451],"class_list":{"0":"post-10551","1":"product","2":"type-product","3":"status-publish","4":"has-post-thumbnail","6":"product_cat-kamado-round-primo-accessoires","7":"product_cat-oval-200-jr-primo-accessoires","8":"product_cat-oval-300-lg-primo-accessoires","9":"product_cat-oval-400-xl-primo-accessoires","10":"product_cat-algemene-accessoires","11":"product_tag-pg00338","12":"product_tag-pg00340","13":"product_tag-pg00348","14":"product_tag-pg00350","15":"product_tag-pizzasteen-barbecue","16":"product_tag-pizzasteen-bbq","17":"product_tag-pizzasteen-primo","19":"first","20":"instock","21":"taxable","22":"shipping-taxable","23":"purchasable","24":"product-type-variable","25":"has-default-attributes"},"acf":[],"yoast_head":"<!-- This site is optimized with the Yoast SEO plugin v27.4 - https:\/\/yoast.com\/product\/yoast-seo-wordpress\/ -->\n<title>Pizzastenen van Primo &#8211; Bula Outdoor<\/title>\n<meta name=\"robots\" content=\"index, follow, max-snippet:-1, max-image-preview:large, max-video-preview:-1\" \/>\n<link rel=\"canonical\" href=\"https:\/\/bulaoutdoor.nl\/fr\/produit\/pierres-a-pizza-primo\/\" \/>\n<meta property=\"og:locale\" content=\"fr_FR\" \/>\n<meta property=\"og:type\" content=\"article\" \/>\n<meta property=\"og:title\" content=\"Pizzastenen van Primo &#8211; Bula Outdoor\" \/>\n<meta property=\"og:description\" content=\"Met de pizzastenen bak je brood, bereid stoofschotels en houtgebakken pizza\u2019s. Let op de 40cm past niet op de Oval 200 JR. Selecteer jouw gewenste maat en finish hieronder en bestel direct.\" \/>\n<meta property=\"og:url\" content=\"https:\/\/bulaoutdoor.nl\/fr\/produit\/pierres-a-pizza-primo\/\" \/>\n<meta property=\"og:site_name\" content=\"Bula Outdoor\" \/>\n<meta property=\"article:modified_time\" content=\"2024-05-14T09:45:18+00:00\" \/>\n<meta property=\"og:image\" content=\"https:\/\/bulaoutdoor.nl\/wp-content\/uploads\/2021\/05\/pizzasteen-gigapixel-standard-scale-2_00x_SCALED.jpg\" \/>\n\t<meta property=\"og:image:width\" content=\"436\" \/>\n\t<meta property=\"og:image:height\" content=\"436\" \/>\n\t<meta property=\"og:image:type\" content=\"image\/jpeg\" \/>\n<meta name=\"twitter:card\" content=\"summary_large_image\" \/>\n<meta name=\"twitter:label1\" content=\"Dur\u00e9e de lecture estim\u00e9e\" \/>\n\t<meta name=\"twitter:data1\" content=\"1 minute\" \/>\n<script type=\"application\/ld+json\" class=\"yoast-schema-graph\">{\"@context\":\"https:\\\/\\\/schema.org\",\"@graph\":[{\"@type\":\"WebPage\",\"@id\":\"https:\\\/\\\/bulaoutdoor.nl\\\/product\\\/pizzastenen-van-primo\\\/\",\"url\":\"https:\\\/\\\/bulaoutdoor.nl\\\/product\\\/pizzastenen-van-primo\\\/\",\"name\":\"Pizzastenen van Primo &#8211; Bula Outdoor\",\"isPartOf\":{\"@id\":\"https:\\\/\\\/bulaoutdoor.nl\\\/#website\"},\"primaryImageOfPage\":{\"@id\":\"https:\\\/\\\/bulaoutdoor.nl\\\/product\\\/pizzastenen-van-primo\\\/#primaryimage\"},\"image\":{\"@id\":\"https:\\\/\\\/bulaoutdoor.nl\\\/product\\\/pizzastenen-van-primo\\\/#primaryimage\"},\"thumbnailUrl\":\"https:\\\/\\\/bulaoutdoor.nl\\\/wp-content\\\/uploads\\\/2021\\\/05\\\/pizzasteen-gigapixel-standard-scale-2_00x_SCALED.jpg\",\"datePublished\":\"2021-05-11T09:07:52+00:00\",\"dateModified\":\"2024-05-14T09:45:18+00:00\",\"breadcrumb\":{\"@id\":\"https:\\\/\\\/bulaoutdoor.nl\\\/product\\\/pizzastenen-van-primo\\\/#breadcrumb\"},\"inLanguage\":\"fr-FR\",\"potentialAction\":[{\"@type\":\"ReadAction\",\"target\":[\"https:\\\/\\\/bulaoutdoor.nl\\\/product\\\/pizzastenen-van-primo\\\/\"]}]},{\"@type\":\"ImageObject\",\"inLanguage\":\"fr-FR\",\"@id\":\"https:\\\/\\\/bulaoutdoor.nl\\\/product\\\/pizzastenen-van-primo\\\/#primaryimage\",\"url\":\"https:\\\/\\\/bulaoutdoor.nl\\\/wp-content\\\/uploads\\\/2021\\\/05\\\/pizzasteen-gigapixel-standard-scale-2_00x_SCALED.jpg\",\"contentUrl\":\"https:\\\/\\\/bulaoutdoor.nl\\\/wp-content\\\/uploads\\\/2021\\\/05\\\/pizzasteen-gigapixel-standard-scale-2_00x_SCALED.jpg\",\"width\":436,\"height\":436},{\"@type\":\"BreadcrumbList\",\"@id\":\"https:\\\/\\\/bulaoutdoor.nl\\\/product\\\/pizzastenen-van-primo\\\/#breadcrumb\",\"itemListElement\":[{\"@type\":\"ListItem\",\"position\":1,\"name\":\"Home\",\"item\":\"https:\\\/\\\/bulaoutdoor.nl\\\/\"},{\"@type\":\"ListItem\",\"position\":2,\"name\":\"Online BBQ kopen\",\"item\":\"https:\\\/\\\/bulaoutdoor.nl\\\/\"},{\"@type\":\"ListItem\",\"position\":3,\"name\":\"Pizzastenen van Primo\"}]},{\"@type\":\"WebSite\",\"@id\":\"https:\\\/\\\/bulaoutdoor.nl\\\/#website\",\"url\":\"https:\\\/\\\/bulaoutdoor.nl\\\/\",\"name\":\"Bula Outdoor\",\"description\":\"Voor uw buitenhaard, BBQ, tuinfakkel en houtoven\",\"publisher\":{\"@id\":\"https:\\\/\\\/bulaoutdoor.nl\\\/#organization\"},\"potentialAction\":[{\"@type\":\"SearchAction\",\"target\":{\"@type\":\"EntryPoint\",\"urlTemplate\":\"https:\\\/\\\/bulaoutdoor.nl\\\/?s={search_term_string}\"},\"query-input\":{\"@type\":\"PropertyValueSpecification\",\"valueRequired\":true,\"valueName\":\"search_term_string\"}}],\"inLanguage\":\"fr-FR\"},{\"@type\":\"Organization\",\"@id\":\"https:\\\/\\\/bulaoutdoor.nl\\\/#organization\",\"name\":\"Bula Outdoor\",\"url\":\"https:\\\/\\\/bulaoutdoor.nl\\\/\",\"logo\":{\"@type\":\"ImageObject\",\"inLanguage\":\"fr-FR\",\"@id\":\"https:\\\/\\\/bulaoutdoor.nl\\\/#\\\/schema\\\/logo\\\/image\\\/\",\"url\":\"https:\\\/\\\/www.bulaoutdoor.nl\\\/wp-content\\\/uploads\\\/2018\\\/04\\\/bulaoutdoor-logo.png\",\"contentUrl\":\"https:\\\/\\\/www.bulaoutdoor.nl\\\/wp-content\\\/uploads\\\/2018\\\/04\\\/bulaoutdoor-logo.png\",\"width\":324,\"height\":91,\"caption\":\"Bula Outdoor\"},\"image\":{\"@id\":\"https:\\\/\\\/bulaoutdoor.nl\\\/#\\\/schema\\\/logo\\\/image\\\/\"}}]}<\/script>\n<!-- \/ Yoast SEO plugin. -->","yoast_head_json":{"title":"Pierres \u00e0 pizza de Primo - Bula Outdoor","robots":{"index":"index","follow":"follow","max-snippet":"max-snippet:-1","max-image-preview":"max-image-preview:large","max-video-preview":"max-video-preview:-1"},"canonical":"https:\/\/bulaoutdoor.nl\/fr\/produit\/pierres-a-pizza-primo\/","og_locale":"fr_FR","og_type":"article","og_title":"Pizzastenen van Primo &#8211; Bula Outdoor","og_description":"Met de pizzastenen bak je brood, bereid stoofschotels en houtgebakken pizza\u2019s. Let op de 40cm past niet op de Oval 200 JR. Selecteer jouw gewenste maat en finish hieronder en bestel direct.","og_url":"https:\/\/bulaoutdoor.nl\/fr\/produit\/pierres-a-pizza-primo\/","og_site_name":"Bula Outdoor","article_modified_time":"2024-05-14T09:45:18+00:00","og_image":[{"width":436,"height":436,"url":"https:\/\/bulaoutdoor.nl\/wp-content\/uploads\/2021\/05\/pizzasteen-gigapixel-standard-scale-2_00x_SCALED.jpg","type":"image\/jpeg"}],"twitter_card":"summary_large_image","twitter_misc":{"Dur\u00e9e de lecture estim\u00e9e":"1 minute"},"schema":{"@context":"https:\/\/schema.org","@graph":[{"@type":"WebPage","@id":"https:\/\/bulaoutdoor.nl\/product\/pizzastenen-van-primo\/","url":"https:\/\/bulaoutdoor.nl\/product\/pizzastenen-van-primo\/","name":"Pierres \u00e0 pizza de Primo - Bula Outdoor","isPartOf":{"@id":"https:\/\/bulaoutdoor.nl\/#website"},"primaryImageOfPage":{"@id":"https:\/\/bulaoutdoor.nl\/product\/pizzastenen-van-primo\/#primaryimage"},"image":{"@id":"https:\/\/bulaoutdoor.nl\/product\/pizzastenen-van-primo\/#primaryimage"},"thumbnailUrl":"https:\/\/bulaoutdoor.nl\/wp-content\/uploads\/2021\/05\/pizzasteen-gigapixel-standard-scale-2_00x_SCALED.jpg","datePublished":"2021-05-11T09:07:52+00:00","dateModified":"2024-05-14T09:45:18+00:00","breadcrumb":{"@id":"https:\/\/bulaoutdoor.nl\/product\/pizzastenen-van-primo\/#breadcrumb"},"inLanguage":"fr-FR","potentialAction":[{"@type":"ReadAction","target":["https:\/\/bulaoutdoor.nl\/product\/pizzastenen-van-primo\/"]}]},{"@type":"ImageObject","inLanguage":"fr-FR","@id":"https:\/\/bulaoutdoor.nl\/product\/pizzastenen-van-primo\/#primaryimage","url":"https:\/\/bulaoutdoor.nl\/wp-content\/uploads\/2021\/05\/pizzasteen-gigapixel-standard-scale-2_00x_SCALED.jpg","contentUrl":"https:\/\/bulaoutdoor.nl\/wp-content\/uploads\/2021\/05\/pizzasteen-gigapixel-standard-scale-2_00x_SCALED.jpg","width":436,"height":436},{"@type":"BreadcrumbList","@id":"https:\/\/bulaoutdoor.nl\/product\/pizzastenen-van-primo\/#breadcrumb","itemListElement":[{"@type":"ListItem","position":1,"name":"Home","item":"https:\/\/bulaoutdoor.nl\/"},{"@type":"ListItem","position":2,"name":"Online BBQ kopen","item":"https:\/\/bulaoutdoor.nl\/"},{"@type":"ListItem","position":3,"name":"Pizzastenen van Primo"}]},{"@type":"WebSite","@id":"https:\/\/bulaoutdoor.nl\/#website","url":"https:\/\/bulaoutdoor.nl\/","name":"Bula Outdoor","description":"Pour votre chemin\u00e9e ext\u00e9rieure, votre barbecue, votre torche de jardin et votre four \u00e0 bois","publisher":{"@id":"https:\/\/bulaoutdoor.nl\/#organization"},"potentialAction":[{"@type":"SearchAction","target":{"@type":"EntryPoint","urlTemplate":"https:\/\/bulaoutdoor.nl\/?s={search_term_string}"},"query-input":{"@type":"PropertyValueSpecification","valueRequired":true,"valueName":"search_term_string"}}],"inLanguage":"fr-FR"},{"@type":"Organization","@id":"https:\/\/bulaoutdoor.nl\/#organization","name":"Bula Outdoor","url":"https:\/\/bulaoutdoor.nl\/","logo":{"@type":"ImageObject","inLanguage":"fr-FR","@id":"https:\/\/bulaoutdoor.nl\/#\/schema\/logo\/image\/","url":"https:\/\/www.bulaoutdoor.nl\/wp-content\/uploads\/2018\/04\/bulaoutdoor-logo.png","contentUrl":"https:\/\/www.bulaoutdoor.nl\/wp-content\/uploads\/2018\/04\/bulaoutdoor-logo.png","width":324,"height":91,"caption":"Bula Outdoor"},"image":{"@id":"https:\/\/bulaoutdoor.nl\/#\/schema\/logo\/image\/"}}]}},"jetpack_sharing_enabled":true,"_links":{"self":[{"href":"https:\/\/bulaoutdoor.nl\/fr\/wp-json\/wp\/v2\/product\/10551","targetHints":{"allow":["GET"]}}],"collection":[{"href":"https:\/\/bulaoutdoor.nl\/fr\/wp-json\/wp\/v2\/product"}],"about":[{"href":"https:\/\/bulaoutdoor.nl\/fr\/wp-json\/wp\/v2\/types\/product"}],"replies":[{"embeddable":true,"href":"https:\/\/bulaoutdoor.nl\/fr\/wp-json\/wp\/v2\/comments?post=10551"}],"wp:featuredmedia":[{"embeddable":true,"href":"https:\/\/bulaoutdoor.nl\/fr\/wp-json\/wp\/v2\/media\/10966"}],"wp:attachment":[{"href":"https:\/\/bulaoutdoor.nl\/fr\/wp-json\/wp\/v2\/media?parent=10551"}],"wp:term":[{"taxonomy":"product_brand","embeddable":true,"href":"https:\/\/bulaoutdoor.nl\/fr\/wp-json\/wp\/v2\/product_brand?post=10551"},{"taxonomy":"product_cat","embeddable":true,"href":"https:\/\/bulaoutdoor.nl\/fr\/wp-json\/wp\/v2\/product_cat?post=10551"},{"taxonomy":"product_tag","embeddable":true,"href":"https:\/\/bulaoutdoor.nl\/fr\/wp-json\/wp\/v2\/product_tag?post=10551"}],"curies":[{"name":"wp","href":"https:\/\/api.w.org\/{rel}","templated":true}]}}