{"id":10605,"date":"2021-04-26T12:15:01","date_gmt":"2021-04-26T12:15:01","guid":{"rendered":"https:\/\/www.bulaoutdoor.nl\/?post_type=product&#038;p=10605"},"modified":"2024-11-26T16:54:01","modified_gmt":"2024-11-26T16:54:01","slug":"rotissoire-pour-ovale-lg-300","status":"publish","type":"product","link":"https:\/\/bulaoutdoor.nl\/fr\/product\/draaispit-voor-oval-lg-300\/","title":{"rendered":"Broche rotative pour Oval LG 300"},"content":{"rendered":"<p>Cette r\u00f4tissoire est fabriqu\u00e9e en acier inoxydable et utilise un moteur \u00e9lectrique pour transformer votre gril en four \u00e0 r\u00f4tir.<\/p>\n<ul>\n<li>Le moteur est suffisamment puissant pour faire fonctionner un poulet entier, une entrec\u00f4te ou une \u00e9paule de porc.<\/li>\n<li>Le couvercle peut \u00eatre compl\u00e8tement ferm\u00e9 \u00e0 l'aide de cette broche. La chaleur est ainsi conserv\u00e9e de mani\u00e8re optimale.<\/li>\n<li>Trois accessoires suppl\u00e9mentaires permettent d'\u00e9largir les fonctions de ce produit.  Le panier ovale, le panier \u00e0 trois c\u00f4t\u00e9s ou le support \u00e0 brochettes.<div id='gallery-1' class='gallery galleryid-10605 gallery-columns-3 gallery-size-full'><figure class='gallery-item'>\n\t\t\t<div class='gallery-icon landscape'>\n\t\t\t\t<img loading=\"lazy\" decoding=\"async\" width=\"450\" height=\"276\" src=\"https:\/\/bulaoutdoor.nl\/wp-content\/uploads\/2021\/04\/ovale-mand-standard-scale-2_00x-gigapixel2.jpg\" class=\"attachment-full size-full\" alt=\"\" aria-describedby=\"gallery-1-10740\" srcset=\"https:\/\/bulaoutdoor.nl\/wp-content\/uploads\/2021\/04\/ovale-mand-standard-scale-2_00x-gigapixel2.jpg 450w, https:\/\/bulaoutdoor.nl\/wp-content\/uploads\/2021\/04\/ovale-mand-standard-scale-2_00x-gigapixel2-416x255.jpg 416w, https:\/\/bulaoutdoor.nl\/wp-content\/uploads\/2021\/04\/ovale-mand-standard-scale-2_00x-gigapixel2-300x184.jpg 300w\" sizes=\"auto, (max-width: 450px) 100vw, 450px\" \/>\n\t\t\t<\/div>\n\t\t\t\t<figcaption class='wp-caption-text gallery-caption' id='gallery-1-10740'>\n\t\t\t\tpanier ovale\n\t\t\t\t<\/figcaption><\/figure><figure class='gallery-item'>\n\t\t\t<div class='gallery-icon landscape'>\n\t\t\t\t<img loading=\"lazy\" decoding=\"async\" width=\"378\" height=\"238\" src=\"https:\/\/bulaoutdoor.nl\/wp-content\/uploads\/2021\/04\/drie-zijdige-mand-gigapixel-standard-scale-2_00x.jpg\" class=\"attachment-full size-full\" alt=\"\" aria-describedby=\"gallery-1-10577\" srcset=\"https:\/\/bulaoutdoor.nl\/wp-content\/uploads\/2021\/04\/drie-zijdige-mand-gigapixel-standard-scale-2_00x.jpg 378w, https:\/\/bulaoutdoor.nl\/wp-content\/uploads\/2021\/04\/drie-zijdige-mand-gigapixel-standard-scale-2_00x-300x189.jpg 300w\" sizes=\"auto, (max-width: 378px) 100vw, 378px\" \/>\n\t\t\t<\/div>\n\t\t\t\t<figcaption class='wp-caption-text gallery-caption' id='gallery-1-10577'>\n\t\t\t\tpanier \u00e0 trois faces\n\t\t\t\t<\/figcaption><\/figure><figure class='gallery-item'>\n\t\t\t<div class='gallery-icon landscape'>\n\t\t\t\t<img loading=\"lazy\" decoding=\"async\" width=\"360\" height=\"238\" src=\"https:\/\/bulaoutdoor.nl\/wp-content\/uploads\/2021\/04\/kebabhouder-gigapixel-standard-scale-2_00x-1.jpg\" class=\"attachment-full size-full\" alt=\"\" aria-describedby=\"gallery-1-10578\" srcset=\"https:\/\/bulaoutdoor.nl\/wp-content\/uploads\/2021\/04\/kebabhouder-gigapixel-standard-scale-2_00x-1.jpg 360w, https:\/\/bulaoutdoor.nl\/wp-content\/uploads\/2021\/04\/kebabhouder-gigapixel-standard-scale-2_00x-1-300x198.jpg 300w\" sizes=\"auto, (max-width: 360px) 100vw, 360px\" \/>\n\t\t\t<\/div>\n\t\t\t\t<figcaption class='wp-caption-text gallery-caption' id='gallery-1-10578'>\n\t\t\t\tsupport \u00e0 kebab\n\t\t\t\t<\/figcaption><\/figure>\n\t\t<\/div>\n<\/li>\n<li>Le panier ovale peut \u00eatre utilis\u00e9 pour les petits morceaux de l\u00e9gumes ou de viande qui passeraient \u00e0 travers la grille normale. Mais aussi pour les frites, par exemple.<\/li>\n<li>Le panier \u00e0 trois c\u00f4t\u00e9s est pratique pour le homard, le poisson ou les r\u00f4tis farcis. Il emp\u00eache les petits morceaux de tomber \u00e0 travers le gril.<\/li>\n<li>Le support \u00e0 brochettes peut \u00eatre utilis\u00e9 pour pr\u00e9parer des brochettes.<\/li>\n<\/ul>\n<p>Dans les options de r\u00f4tisserie, choisissez \"r\u00f4tisserie compl\u00e8te\" pour la r\u00f4tissoire avec les trois accessoires.<\/p>\n<p>&nbsp;<\/p>","protected":false},"excerpt":{"rendered":"<p>R\u00f4tissoire avec moteur \u00e9lectrique pour le Primo Oval LG 300. Combinez avec plusieurs accessoires pour des options de cuisson vari\u00e9es et commandez directement.<\/p>","protected":false},"featured_media":10576,"comment_status":"open","ping_status":"closed","template":"","meta":{"_acf_changed":false},"product_brand":[],"product_cat":[393],"product_tag":[439,538,440],"class_list":{"0":"post-10605","1":"product","2":"type-product","3":"status-publish","4":"has-post-thumbnail","6":"product_cat-oval-300-lg-primo-accessoires","7":"product_tag-draaispit-primo-large-300","8":"product_tag-pglgr","9":"product_tag-primo-lg-300-draaispit","11":"first","12":"instock","13":"taxable","14":"shipping-taxable","15":"purchasable","16":"product-type-variable","17":"has-default-attributes"},"acf":[],"yoast_head":"<!-- This site is optimized with the Yoast SEO plugin v27.4 - https:\/\/yoast.com\/product\/yoast-seo-wordpress\/ -->\n<title>Draaispit voor Oval LG 300 &#8211; Bula Outdoor<\/title>\n<meta name=\"robots\" content=\"index, follow, max-snippet:-1, max-image-preview:large, max-video-preview:-1\" \/>\n<link rel=\"canonical\" href=\"https:\/\/bulaoutdoor.nl\/fr\/produit\/rotissoire-pour-ovale-lg-300\/\" \/>\n<meta property=\"og:locale\" content=\"fr_FR\" \/>\n<meta property=\"og:type\" content=\"article\" \/>\n<meta property=\"og:title\" content=\"Draaispit voor Oval LG 300 &#8211; Bula Outdoor\" \/>\n<meta property=\"og:description\" content=\"Draaispit met elektrische motor voor de Primo Oval LG 300. Combineer met meerdere opzetstukken voor gevarieerde kookopties en bestel direct.\" \/>\n<meta property=\"og:url\" content=\"https:\/\/bulaoutdoor.nl\/fr\/produit\/rotissoire-pour-ovale-lg-300\/\" \/>\n<meta property=\"og:site_name\" content=\"Bula Outdoor\" \/>\n<meta property=\"article:modified_time\" content=\"2024-11-26T16:54:01+00:00\" \/>\n<meta property=\"og:image\" content=\"https:\/\/bulaoutdoor.nl\/wp-content\/uploads\/2021\/04\/spit-gigapixel-standard-scale-2_00x.jpg\" \/>\n\t<meta property=\"og:image:width\" content=\"448\" \/>\n\t<meta property=\"og:image:height\" content=\"298\" \/>\n\t<meta property=\"og:image:type\" content=\"image\/jpeg\" \/>\n<meta name=\"twitter:card\" content=\"summary_large_image\" \/>\n<meta name=\"twitter:label1\" content=\"Dur\u00e9e de lecture estim\u00e9e\" \/>\n\t<meta name=\"twitter:data1\" content=\"1 minute\" \/>\n<script type=\"application\/ld+json\" class=\"yoast-schema-graph\">{\"@context\":\"https:\\\/\\\/schema.org\",\"@graph\":[{\"@type\":\"WebPage\",\"@id\":\"https:\\\/\\\/bulaoutdoor.nl\\\/product\\\/draaispit-voor-oval-lg-300\\\/\",\"url\":\"https:\\\/\\\/bulaoutdoor.nl\\\/product\\\/draaispit-voor-oval-lg-300\\\/\",\"name\":\"Draaispit voor Oval LG 300 &#8211; Bula Outdoor\",\"isPartOf\":{\"@id\":\"https:\\\/\\\/bulaoutdoor.nl\\\/#website\"},\"primaryImageOfPage\":{\"@id\":\"https:\\\/\\\/bulaoutdoor.nl\\\/product\\\/draaispit-voor-oval-lg-300\\\/#primaryimage\"},\"image\":{\"@id\":\"https:\\\/\\\/bulaoutdoor.nl\\\/product\\\/draaispit-voor-oval-lg-300\\\/#primaryimage\"},\"thumbnailUrl\":\"https:\\\/\\\/bulaoutdoor.nl\\\/wp-content\\\/uploads\\\/2021\\\/04\\\/spit-gigapixel-standard-scale-2_00x.jpg\",\"datePublished\":\"2021-04-26T12:15:01+00:00\",\"dateModified\":\"2024-11-26T16:54:01+00:00\",\"breadcrumb\":{\"@id\":\"https:\\\/\\\/bulaoutdoor.nl\\\/product\\\/draaispit-voor-oval-lg-300\\\/#breadcrumb\"},\"inLanguage\":\"fr-FR\",\"potentialAction\":[{\"@type\":\"ReadAction\",\"target\":[\"https:\\\/\\\/bulaoutdoor.nl\\\/product\\\/draaispit-voor-oval-lg-300\\\/\"]}]},{\"@type\":\"ImageObject\",\"inLanguage\":\"fr-FR\",\"@id\":\"https:\\\/\\\/bulaoutdoor.nl\\\/product\\\/draaispit-voor-oval-lg-300\\\/#primaryimage\",\"url\":\"https:\\\/\\\/bulaoutdoor.nl\\\/wp-content\\\/uploads\\\/2021\\\/04\\\/spit-gigapixel-standard-scale-2_00x.jpg\",\"contentUrl\":\"https:\\\/\\\/bulaoutdoor.nl\\\/wp-content\\\/uploads\\\/2021\\\/04\\\/spit-gigapixel-standard-scale-2_00x.jpg\",\"width\":448,\"height\":298},{\"@type\":\"BreadcrumbList\",\"@id\":\"https:\\\/\\\/bulaoutdoor.nl\\\/product\\\/draaispit-voor-oval-lg-300\\\/#breadcrumb\",\"itemListElement\":[{\"@type\":\"ListItem\",\"position\":1,\"name\":\"Home\",\"item\":\"https:\\\/\\\/bulaoutdoor.nl\\\/\"},{\"@type\":\"ListItem\",\"position\":2,\"name\":\"Online BBQ kopen\",\"item\":\"https:\\\/\\\/bulaoutdoor.nl\\\/\"},{\"@type\":\"ListItem\",\"position\":3,\"name\":\"Draaispit voor Oval LG 300\"}]},{\"@type\":\"WebSite\",\"@id\":\"https:\\\/\\\/bulaoutdoor.nl\\\/#website\",\"url\":\"https:\\\/\\\/bulaoutdoor.nl\\\/\",\"name\":\"Bula Outdoor\",\"description\":\"Voor uw buitenhaard, BBQ, tuinfakkel en houtoven\",\"publisher\":{\"@id\":\"https:\\\/\\\/bulaoutdoor.nl\\\/#organization\"},\"potentialAction\":[{\"@type\":\"SearchAction\",\"target\":{\"@type\":\"EntryPoint\",\"urlTemplate\":\"https:\\\/\\\/bulaoutdoor.nl\\\/?s={search_term_string}\"},\"query-input\":{\"@type\":\"PropertyValueSpecification\",\"valueRequired\":true,\"valueName\":\"search_term_string\"}}],\"inLanguage\":\"fr-FR\"},{\"@type\":\"Organization\",\"@id\":\"https:\\\/\\\/bulaoutdoor.nl\\\/#organization\",\"name\":\"Bula Outdoor\",\"url\":\"https:\\\/\\\/bulaoutdoor.nl\\\/\",\"logo\":{\"@type\":\"ImageObject\",\"inLanguage\":\"fr-FR\",\"@id\":\"https:\\\/\\\/bulaoutdoor.nl\\\/#\\\/schema\\\/logo\\\/image\\\/\",\"url\":\"https:\\\/\\\/www.bulaoutdoor.nl\\\/wp-content\\\/uploads\\\/2018\\\/04\\\/bulaoutdoor-logo.png\",\"contentUrl\":\"https:\\\/\\\/www.bulaoutdoor.nl\\\/wp-content\\\/uploads\\\/2018\\\/04\\\/bulaoutdoor-logo.png\",\"width\":324,\"height\":91,\"caption\":\"Bula Outdoor\"},\"image\":{\"@id\":\"https:\\\/\\\/bulaoutdoor.nl\\\/#\\\/schema\\\/logo\\\/image\\\/\"}}]}<\/script>\n<!-- \/ Yoast SEO plugin. -->","yoast_head_json":{"title":"Broche rotative pour Oval LG 300 - Bula Outdoor","robots":{"index":"index","follow":"follow","max-snippet":"max-snippet:-1","max-image-preview":"max-image-preview:large","max-video-preview":"max-video-preview:-1"},"canonical":"https:\/\/bulaoutdoor.nl\/fr\/produit\/rotissoire-pour-ovale-lg-300\/","og_locale":"fr_FR","og_type":"article","og_title":"Draaispit voor Oval LG 300 &#8211; Bula Outdoor","og_description":"Draaispit met elektrische motor voor de Primo Oval LG 300. Combineer met meerdere opzetstukken voor gevarieerde kookopties en bestel direct.","og_url":"https:\/\/bulaoutdoor.nl\/fr\/produit\/rotissoire-pour-ovale-lg-300\/","og_site_name":"Bula Outdoor","article_modified_time":"2024-11-26T16:54:01+00:00","og_image":[{"width":448,"height":298,"url":"https:\/\/bulaoutdoor.nl\/wp-content\/uploads\/2021\/04\/spit-gigapixel-standard-scale-2_00x.jpg","type":"image\/jpeg"}],"twitter_card":"summary_large_image","twitter_misc":{"Dur\u00e9e de lecture estim\u00e9e":"1 minute"},"schema":{"@context":"https:\/\/schema.org","@graph":[{"@type":"WebPage","@id":"https:\/\/bulaoutdoor.nl\/product\/draaispit-voor-oval-lg-300\/","url":"https:\/\/bulaoutdoor.nl\/product\/draaispit-voor-oval-lg-300\/","name":"Broche rotative pour Oval LG 300 - Bula Outdoor","isPartOf":{"@id":"https:\/\/bulaoutdoor.nl\/#website"},"primaryImageOfPage":{"@id":"https:\/\/bulaoutdoor.nl\/product\/draaispit-voor-oval-lg-300\/#primaryimage"},"image":{"@id":"https:\/\/bulaoutdoor.nl\/product\/draaispit-voor-oval-lg-300\/#primaryimage"},"thumbnailUrl":"https:\/\/bulaoutdoor.nl\/wp-content\/uploads\/2021\/04\/spit-gigapixel-standard-scale-2_00x.jpg","datePublished":"2021-04-26T12:15:01+00:00","dateModified":"2024-11-26T16:54:01+00:00","breadcrumb":{"@id":"https:\/\/bulaoutdoor.nl\/product\/draaispit-voor-oval-lg-300\/#breadcrumb"},"inLanguage":"fr-FR","potentialAction":[{"@type":"ReadAction","target":["https:\/\/bulaoutdoor.nl\/product\/draaispit-voor-oval-lg-300\/"]}]},{"@type":"ImageObject","inLanguage":"fr-FR","@id":"https:\/\/bulaoutdoor.nl\/product\/draaispit-voor-oval-lg-300\/#primaryimage","url":"https:\/\/bulaoutdoor.nl\/wp-content\/uploads\/2021\/04\/spit-gigapixel-standard-scale-2_00x.jpg","contentUrl":"https:\/\/bulaoutdoor.nl\/wp-content\/uploads\/2021\/04\/spit-gigapixel-standard-scale-2_00x.jpg","width":448,"height":298},{"@type":"BreadcrumbList","@id":"https:\/\/bulaoutdoor.nl\/product\/draaispit-voor-oval-lg-300\/#breadcrumb","itemListElement":[{"@type":"ListItem","position":1,"name":"Home","item":"https:\/\/bulaoutdoor.nl\/"},{"@type":"ListItem","position":2,"name":"Online BBQ kopen","item":"https:\/\/bulaoutdoor.nl\/"},{"@type":"ListItem","position":3,"name":"Draaispit voor Oval LG 300"}]},{"@type":"WebSite","@id":"https:\/\/bulaoutdoor.nl\/#website","url":"https:\/\/bulaoutdoor.nl\/","name":"Bula Outdoor","description":"Pour votre chemin\u00e9e ext\u00e9rieure, votre barbecue, votre torche de jardin et votre four \u00e0 bois","publisher":{"@id":"https:\/\/bulaoutdoor.nl\/#organization"},"potentialAction":[{"@type":"SearchAction","target":{"@type":"EntryPoint","urlTemplate":"https:\/\/bulaoutdoor.nl\/?s={search_term_string}"},"query-input":{"@type":"PropertyValueSpecification","valueRequired":true,"valueName":"search_term_string"}}],"inLanguage":"fr-FR"},{"@type":"Organization","@id":"https:\/\/bulaoutdoor.nl\/#organization","name":"Bula Outdoor","url":"https:\/\/bulaoutdoor.nl\/","logo":{"@type":"ImageObject","inLanguage":"fr-FR","@id":"https:\/\/bulaoutdoor.nl\/#\/schema\/logo\/image\/","url":"https:\/\/www.bulaoutdoor.nl\/wp-content\/uploads\/2018\/04\/bulaoutdoor-logo.png","contentUrl":"https:\/\/www.bulaoutdoor.nl\/wp-content\/uploads\/2018\/04\/bulaoutdoor-logo.png","width":324,"height":91,"caption":"Bula Outdoor"},"image":{"@id":"https:\/\/bulaoutdoor.nl\/#\/schema\/logo\/image\/"}}]}},"jetpack_sharing_enabled":true,"_links":{"self":[{"href":"https:\/\/bulaoutdoor.nl\/fr\/wp-json\/wp\/v2\/product\/10605","targetHints":{"allow":["GET"]}}],"collection":[{"href":"https:\/\/bulaoutdoor.nl\/fr\/wp-json\/wp\/v2\/product"}],"about":[{"href":"https:\/\/bulaoutdoor.nl\/fr\/wp-json\/wp\/v2\/types\/product"}],"replies":[{"embeddable":true,"href":"https:\/\/bulaoutdoor.nl\/fr\/wp-json\/wp\/v2\/comments?post=10605"}],"wp:featuredmedia":[{"embeddable":true,"href":"https:\/\/bulaoutdoor.nl\/fr\/wp-json\/wp\/v2\/media\/10576"}],"wp:attachment":[{"href":"https:\/\/bulaoutdoor.nl\/fr\/wp-json\/wp\/v2\/media?parent=10605"}],"wp:term":[{"taxonomy":"product_brand","embeddable":true,"href":"https:\/\/bulaoutdoor.nl\/fr\/wp-json\/wp\/v2\/product_brand?post=10605"},{"taxonomy":"product_cat","embeddable":true,"href":"https:\/\/bulaoutdoor.nl\/fr\/wp-json\/wp\/v2\/product_cat?post=10605"},{"taxonomy":"product_tag","embeddable":true,"href":"https:\/\/bulaoutdoor.nl\/fr\/wp-json\/wp\/v2\/product_tag?post=10605"}],"curies":[{"name":"wp","href":"https:\/\/api.w.org\/{rel}","templated":true}]}}