{"id":10635,"date":"2021-04-26T12:50:55","date_gmt":"2021-04-26T12:50:55","guid":{"rendered":"https:\/\/www.bulaoutdoor.nl\/?post_type=product&#038;p=10635"},"modified":"2025-05-30T07:08:37","modified_gmt":"2025-05-30T07:08:37","slug":"panier-ovale","status":"publish","type":"product","link":"https:\/\/bulaoutdoor.nl\/fr\/product\/ovale-mand\/","title":{"rendered":"Panier ovale"},"content":{"rendered":"<p>Le panier ovale en vrac peut \u00eatre utilis\u00e9 pour les petits morceaux de l\u00e9gumes ou de viande qui passeraient \u00e0 travers la grille normale. Le panier convient \u00e9galement pour les frites, par exemple.<\/p>\n<p>Vous n'avez pas encore de tournebroche ? Pour commander directement le set avec un tournebroche pour votre gril Primo sp\u00e9cifique, cliquez sur l'image de votre barbecue.<\/p>\n<div id='gallery-1' class='gallery galleryid-10635 gallery-columns-4 gallery-size-full'><figure class='gallery-item'>\n\t\t\t<div class='gallery-icon landscape'>\n\t\t\t\t<img loading=\"lazy\" decoding=\"async\" width=\"480\" height=\"392\" src=\"https:\/\/bulaoutdoor.nl\/wp-content\/uploads\/2021\/05\/LINK-lg200-Spit.png\" class=\"attachment-full size-full\" alt=\"\" aria-describedby=\"gallery-1-10753\" srcset=\"https:\/\/bulaoutdoor.nl\/wp-content\/uploads\/2021\/05\/LINK-lg200-Spit.png 480w, https:\/\/bulaoutdoor.nl\/wp-content\/uploads\/2021\/05\/LINK-lg200-Spit-416x340.png 416w, https:\/\/bulaoutdoor.nl\/wp-content\/uploads\/2021\/05\/LINK-lg200-Spit-300x245.png 300w\" sizes=\"auto, (max-width: 480px) 100vw, 480px\" \/>\n\t\t\t<\/div>\n\t\t\t\t<figcaption class='wp-caption-text gallery-caption' id='gallery-1-10753'>\n\t\t\t\tOvale JR 200\n\t\t\t\t<\/figcaption><\/figure><figure class='gallery-item'>\n\t\t\t<div class='gallery-icon landscape'>\n\t\t\t\t<img loading=\"lazy\" decoding=\"async\" width=\"480\" height=\"392\" src=\"https:\/\/bulaoutdoor.nl\/wp-content\/uploads\/2021\/05\/LINK-lg300-spit.png\" class=\"attachment-full size-full\" alt=\"\" aria-describedby=\"gallery-1-10755\" srcset=\"https:\/\/bulaoutdoor.nl\/wp-content\/uploads\/2021\/05\/LINK-lg300-spit.png 480w, https:\/\/bulaoutdoor.nl\/wp-content\/uploads\/2021\/05\/LINK-lg300-spit-416x340.png 416w, https:\/\/bulaoutdoor.nl\/wp-content\/uploads\/2021\/05\/LINK-lg300-spit-300x245.png 300w\" sizes=\"auto, (max-width: 480px) 100vw, 480px\" \/>\n\t\t\t<\/div>\n\t\t\t\t<figcaption class='wp-caption-text gallery-caption' id='gallery-1-10755'>\n\t\t\t\tOvale LG 300\n\t\t\t\t<\/figcaption><\/figure><figure class='gallery-item'>\n\t\t\t<div class='gallery-icon landscape'>\n\t\t\t\t<img loading=\"lazy\" decoding=\"async\" width=\"480\" height=\"392\" src=\"https:\/\/bulaoutdoor.nl\/wp-content\/uploads\/2021\/05\/LINK-xl400-spit.png\" class=\"attachment-full size-full\" alt=\"\" aria-describedby=\"gallery-1-10756\" srcset=\"https:\/\/bulaoutdoor.nl\/wp-content\/uploads\/2021\/05\/LINK-xl400-spit.png 480w, https:\/\/bulaoutdoor.nl\/wp-content\/uploads\/2021\/05\/LINK-xl400-spit-416x340.png 416w, https:\/\/bulaoutdoor.nl\/wp-content\/uploads\/2021\/05\/LINK-xl400-spit-300x245.png 300w\" sizes=\"auto, (max-width: 480px) 100vw, 480px\" \/>\n\t\t\t<\/div>\n\t\t\t\t<figcaption class='wp-caption-text gallery-caption' id='gallery-1-10756'>\n\t\t\t\tOvale XL 400\n\t\t\t\t<\/figcaption><\/figure><figure class='gallery-item'>\n\t\t\t<div class='gallery-icon landscape'>\n\t\t\t\t<img loading=\"lazy\" decoding=\"async\" width=\"480\" height=\"392\" src=\"https:\/\/bulaoutdoor.nl\/wp-content\/uploads\/2021\/05\/LINK-kamado-spit.png\" class=\"attachment-full size-full\" alt=\"\" aria-describedby=\"gallery-1-10752\" srcset=\"https:\/\/bulaoutdoor.nl\/wp-content\/uploads\/2021\/05\/LINK-kamado-spit.png 480w, https:\/\/bulaoutdoor.nl\/wp-content\/uploads\/2021\/05\/LINK-kamado-spit-416x340.png 416w, https:\/\/bulaoutdoor.nl\/wp-content\/uploads\/2021\/05\/LINK-kamado-spit-300x245.png 300w\" sizes=\"auto, (max-width: 480px) 100vw, 480px\" \/>\n\t\t\t<\/div>\n\t\t\t\t<figcaption class='wp-caption-text gallery-caption' id='gallery-1-10752'>\n\t\t\t\tKamado Round\n\t\t\t\t<\/figcaption><\/figure>\n\t\t<\/div>","protected":false},"excerpt":{"rendered":"<p>Panier ovale pour la broche \u00e0 r\u00f4tir Primo. Pour utiliser ce produit, un tournebroche Primo est n\u00e9cessaire pour votre barbecue.<\/p>\n<p>Vous n'avez pas encore de tournebroche ? Faites d\u00e9filer vers le bas jusqu'\u00e0 la description du produit pour commander l'ensemble. Commandez les pi\u00e8ces individuelles directement ici.<\/p>","protected":false},"featured_media":10965,"comment_status":"open","ping_status":"closed","template":"","meta":{"_acf_changed":false},"product_brand":[],"product_cat":[391],"product_tag":[398,399,535],"class_list":{"0":"post-10635","1":"product","2":"type-product","3":"status-publish","4":"has-post-thumbnail","6":"product_cat-algemene-accessoires","7":"product_tag-draaispit-accessoires","8":"product_tag-ovale-mand","9":"product_tag-pgrbo","11":"first","12":"instock","13":"taxable","14":"shipping-taxable","15":"purchasable","16":"product-type-simple"},"acf":[],"yoast_head":"<!-- This site is optimized with the Yoast SEO plugin v27.6 - https:\/\/yoast.com\/product\/yoast-seo-wordpress\/ -->\n<title>Ovale mand &#8211; Bula Outdoor<\/title>\n<meta name=\"robots\" content=\"index, follow, max-snippet:-1, max-image-preview:large, max-video-preview:-1\" \/>\n<link rel=\"canonical\" href=\"https:\/\/bulaoutdoor.nl\/fr\/produit\/panier-ovale\/\" \/>\n<meta property=\"og:locale\" content=\"fr_FR\" \/>\n<meta property=\"og:type\" content=\"article\" \/>\n<meta property=\"og:title\" content=\"Ovale mand &#8211; Bula Outdoor\" \/>\n<meta property=\"og:description\" content=\"Ovale mand opzetstuk voor het draaispit van Primo. Om dit product te gebruiken is een Primo draaispit nodig voor jouw barbecue.  Heb je nog geen draaispit? Scroll naar beneden naar de product beschrijving om de set te kunnen bestellen. Bestel het losse onderdeel hier direct.\" \/>\n<meta property=\"og:url\" content=\"https:\/\/bulaoutdoor.nl\/fr\/produit\/panier-ovale\/\" \/>\n<meta property=\"og:site_name\" content=\"Bula Outdoor\" \/>\n<meta property=\"article:modified_time\" content=\"2025-05-30T07:08:37+00:00\" \/>\n<meta property=\"og:image\" content=\"https:\/\/bulaoutdoor.nl\/wp-content\/uploads\/2021\/04\/ovale-mand-standard-scale-2_00x-gigapixel_SCALED.jpg\" \/>\n\t<meta property=\"og:image:width\" content=\"448\" \/>\n\t<meta property=\"og:image:height\" content=\"448\" \/>\n\t<meta property=\"og:image:type\" content=\"image\/jpeg\" \/>\n<meta name=\"twitter:card\" content=\"summary_large_image\" \/>\n<meta name=\"twitter:label1\" content=\"Dur\u00e9e de lecture estim\u00e9e\" \/>\n\t<meta name=\"twitter:data1\" content=\"1 minute\" \/>\n<script type=\"application\/ld+json\" class=\"yoast-schema-graph\">{\"@context\":\"https:\\\/\\\/schema.org\",\"@graph\":[{\"@type\":\"WebPage\",\"@id\":\"https:\\\/\\\/bulaoutdoor.nl\\\/product\\\/ovale-mand\\\/\",\"url\":\"https:\\\/\\\/bulaoutdoor.nl\\\/product\\\/ovale-mand\\\/\",\"name\":\"Ovale mand &#8211; Bula Outdoor\",\"isPartOf\":{\"@id\":\"https:\\\/\\\/bulaoutdoor.nl\\\/#website\"},\"primaryImageOfPage\":{\"@id\":\"https:\\\/\\\/bulaoutdoor.nl\\\/product\\\/ovale-mand\\\/#primaryimage\"},\"image\":{\"@id\":\"https:\\\/\\\/bulaoutdoor.nl\\\/product\\\/ovale-mand\\\/#primaryimage\"},\"thumbnailUrl\":\"https:\\\/\\\/bulaoutdoor.nl\\\/wp-content\\\/uploads\\\/2021\\\/04\\\/ovale-mand-standard-scale-2_00x-gigapixel_SCALED.jpg\",\"datePublished\":\"2021-04-26T12:50:55+00:00\",\"dateModified\":\"2025-05-30T07:08:37+00:00\",\"breadcrumb\":{\"@id\":\"https:\\\/\\\/bulaoutdoor.nl\\\/product\\\/ovale-mand\\\/#breadcrumb\"},\"inLanguage\":\"fr-FR\",\"potentialAction\":[{\"@type\":\"ReadAction\",\"target\":[\"https:\\\/\\\/bulaoutdoor.nl\\\/product\\\/ovale-mand\\\/\"]}]},{\"@type\":\"ImageObject\",\"inLanguage\":\"fr-FR\",\"@id\":\"https:\\\/\\\/bulaoutdoor.nl\\\/product\\\/ovale-mand\\\/#primaryimage\",\"url\":\"https:\\\/\\\/bulaoutdoor.nl\\\/wp-content\\\/uploads\\\/2021\\\/04\\\/ovale-mand-standard-scale-2_00x-gigapixel_SCALED.jpg\",\"contentUrl\":\"https:\\\/\\\/bulaoutdoor.nl\\\/wp-content\\\/uploads\\\/2021\\\/04\\\/ovale-mand-standard-scale-2_00x-gigapixel_SCALED.jpg\",\"width\":448,\"height\":448},{\"@type\":\"BreadcrumbList\",\"@id\":\"https:\\\/\\\/bulaoutdoor.nl\\\/product\\\/ovale-mand\\\/#breadcrumb\",\"itemListElement\":[{\"@type\":\"ListItem\",\"position\":1,\"name\":\"Home\",\"item\":\"https:\\\/\\\/bulaoutdoor.nl\\\/\"},{\"@type\":\"ListItem\",\"position\":2,\"name\":\"Online BBQ kopen\",\"item\":\"https:\\\/\\\/bulaoutdoor.nl\\\/\"},{\"@type\":\"ListItem\",\"position\":3,\"name\":\"Ovale mand\"}]},{\"@type\":\"WebSite\",\"@id\":\"https:\\\/\\\/bulaoutdoor.nl\\\/#website\",\"url\":\"https:\\\/\\\/bulaoutdoor.nl\\\/\",\"name\":\"Bula Outdoor\",\"description\":\"Voor uw buitenhaard, BBQ, tuinfakkel en houtoven\",\"publisher\":{\"@id\":\"https:\\\/\\\/bulaoutdoor.nl\\\/#organization\"},\"potentialAction\":[{\"@type\":\"SearchAction\",\"target\":{\"@type\":\"EntryPoint\",\"urlTemplate\":\"https:\\\/\\\/bulaoutdoor.nl\\\/?s={search_term_string}\"},\"query-input\":{\"@type\":\"PropertyValueSpecification\",\"valueRequired\":true,\"valueName\":\"search_term_string\"}}],\"inLanguage\":\"fr-FR\"},{\"@type\":\"Organization\",\"@id\":\"https:\\\/\\\/bulaoutdoor.nl\\\/#organization\",\"name\":\"Bula Outdoor\",\"url\":\"https:\\\/\\\/bulaoutdoor.nl\\\/\",\"logo\":{\"@type\":\"ImageObject\",\"inLanguage\":\"fr-FR\",\"@id\":\"https:\\\/\\\/bulaoutdoor.nl\\\/#\\\/schema\\\/logo\\\/image\\\/\",\"url\":\"https:\\\/\\\/www.bulaoutdoor.nl\\\/wp-content\\\/uploads\\\/2018\\\/04\\\/bulaoutdoor-logo.png\",\"contentUrl\":\"https:\\\/\\\/www.bulaoutdoor.nl\\\/wp-content\\\/uploads\\\/2018\\\/04\\\/bulaoutdoor-logo.png\",\"width\":324,\"height\":91,\"caption\":\"Bula Outdoor\"},\"image\":{\"@id\":\"https:\\\/\\\/bulaoutdoor.nl\\\/#\\\/schema\\\/logo\\\/image\\\/\"}}]}<\/script>\n<!-- \/ Yoast SEO plugin. -->","yoast_head_json":{"title":"Panier ovale - Bula Outdoor","robots":{"index":"index","follow":"follow","max-snippet":"max-snippet:-1","max-image-preview":"max-image-preview:large","max-video-preview":"max-video-preview:-1"},"canonical":"https:\/\/bulaoutdoor.nl\/fr\/produit\/panier-ovale\/","og_locale":"fr_FR","og_type":"article","og_title":"Ovale mand &#8211; Bula Outdoor","og_description":"Ovale mand opzetstuk voor het draaispit van Primo. Om dit product te gebruiken is een Primo draaispit nodig voor jouw barbecue.  Heb je nog geen draaispit? Scroll naar beneden naar de product beschrijving om de set te kunnen bestellen. Bestel het losse onderdeel hier direct.","og_url":"https:\/\/bulaoutdoor.nl\/fr\/produit\/panier-ovale\/","og_site_name":"Bula Outdoor","article_modified_time":"2025-05-30T07:08:37+00:00","og_image":[{"width":448,"height":448,"url":"https:\/\/bulaoutdoor.nl\/wp-content\/uploads\/2021\/04\/ovale-mand-standard-scale-2_00x-gigapixel_SCALED.jpg","type":"image\/jpeg"}],"twitter_card":"summary_large_image","twitter_misc":{"Dur\u00e9e de lecture estim\u00e9e":"1 minute"},"schema":{"@context":"https:\/\/schema.org","@graph":[{"@type":"WebPage","@id":"https:\/\/bulaoutdoor.nl\/product\/ovale-mand\/","url":"https:\/\/bulaoutdoor.nl\/product\/ovale-mand\/","name":"Panier ovale - Bula Outdoor","isPartOf":{"@id":"https:\/\/bulaoutdoor.nl\/#website"},"primaryImageOfPage":{"@id":"https:\/\/bulaoutdoor.nl\/product\/ovale-mand\/#primaryimage"},"image":{"@id":"https:\/\/bulaoutdoor.nl\/product\/ovale-mand\/#primaryimage"},"thumbnailUrl":"https:\/\/bulaoutdoor.nl\/wp-content\/uploads\/2021\/04\/ovale-mand-standard-scale-2_00x-gigapixel_SCALED.jpg","datePublished":"2021-04-26T12:50:55+00:00","dateModified":"2025-05-30T07:08:37+00:00","breadcrumb":{"@id":"https:\/\/bulaoutdoor.nl\/product\/ovale-mand\/#breadcrumb"},"inLanguage":"fr-FR","potentialAction":[{"@type":"ReadAction","target":["https:\/\/bulaoutdoor.nl\/product\/ovale-mand\/"]}]},{"@type":"ImageObject","inLanguage":"fr-FR","@id":"https:\/\/bulaoutdoor.nl\/product\/ovale-mand\/#primaryimage","url":"https:\/\/bulaoutdoor.nl\/wp-content\/uploads\/2021\/04\/ovale-mand-standard-scale-2_00x-gigapixel_SCALED.jpg","contentUrl":"https:\/\/bulaoutdoor.nl\/wp-content\/uploads\/2021\/04\/ovale-mand-standard-scale-2_00x-gigapixel_SCALED.jpg","width":448,"height":448},{"@type":"BreadcrumbList","@id":"https:\/\/bulaoutdoor.nl\/product\/ovale-mand\/#breadcrumb","itemListElement":[{"@type":"ListItem","position":1,"name":"Home","item":"https:\/\/bulaoutdoor.nl\/"},{"@type":"ListItem","position":2,"name":"Online BBQ kopen","item":"https:\/\/bulaoutdoor.nl\/"},{"@type":"ListItem","position":3,"name":"Ovale mand"}]},{"@type":"WebSite","@id":"https:\/\/bulaoutdoor.nl\/#website","url":"https:\/\/bulaoutdoor.nl\/","name":"Bula Outdoor","description":"Pour votre chemin\u00e9e ext\u00e9rieure, votre barbecue, votre torche de jardin et votre four \u00e0 bois","publisher":{"@id":"https:\/\/bulaoutdoor.nl\/#organization"},"potentialAction":[{"@type":"SearchAction","target":{"@type":"EntryPoint","urlTemplate":"https:\/\/bulaoutdoor.nl\/?s={search_term_string}"},"query-input":{"@type":"PropertyValueSpecification","valueRequired":true,"valueName":"search_term_string"}}],"inLanguage":"fr-FR"},{"@type":"Organization","@id":"https:\/\/bulaoutdoor.nl\/#organization","name":"Bula Outdoor","url":"https:\/\/bulaoutdoor.nl\/","logo":{"@type":"ImageObject","inLanguage":"fr-FR","@id":"https:\/\/bulaoutdoor.nl\/#\/schema\/logo\/image\/","url":"https:\/\/www.bulaoutdoor.nl\/wp-content\/uploads\/2018\/04\/bulaoutdoor-logo.png","contentUrl":"https:\/\/www.bulaoutdoor.nl\/wp-content\/uploads\/2018\/04\/bulaoutdoor-logo.png","width":324,"height":91,"caption":"Bula Outdoor"},"image":{"@id":"https:\/\/bulaoutdoor.nl\/#\/schema\/logo\/image\/"}}]}},"jetpack_sharing_enabled":true,"_links":{"self":[{"href":"https:\/\/bulaoutdoor.nl\/fr\/wp-json\/wp\/v2\/product\/10635","targetHints":{"allow":["GET"]}}],"collection":[{"href":"https:\/\/bulaoutdoor.nl\/fr\/wp-json\/wp\/v2\/product"}],"about":[{"href":"https:\/\/bulaoutdoor.nl\/fr\/wp-json\/wp\/v2\/types\/product"}],"replies":[{"embeddable":true,"href":"https:\/\/bulaoutdoor.nl\/fr\/wp-json\/wp\/v2\/comments?post=10635"}],"wp:featuredmedia":[{"embeddable":true,"href":"https:\/\/bulaoutdoor.nl\/fr\/wp-json\/wp\/v2\/media\/10965"}],"wp:attachment":[{"href":"https:\/\/bulaoutdoor.nl\/fr\/wp-json\/wp\/v2\/media?parent=10635"}],"wp:term":[{"taxonomy":"product_brand","embeddable":true,"href":"https:\/\/bulaoutdoor.nl\/fr\/wp-json\/wp\/v2\/product_brand?post=10635"},{"taxonomy":"product_cat","embeddable":true,"href":"https:\/\/bulaoutdoor.nl\/fr\/wp-json\/wp\/v2\/product_cat?post=10635"},{"taxonomy":"product_tag","embeddable":true,"href":"https:\/\/bulaoutdoor.nl\/fr\/wp-json\/wp\/v2\/product_tag?post=10635"}],"curies":[{"name":"wp","href":"https:\/\/api.w.org\/{rel}","templated":true}]}}