{"id":10699,"date":"2021-05-03T17:18:32","date_gmt":"2021-05-03T17:18:32","guid":{"rendered":"https:\/\/www.bulaoutdoor.nl\/?post_type=product&#038;p=10699"},"modified":"2024-05-14T08:50:17","modified_gmt":"2024-05-14T08:50:17","slug":"bac-de-recuperation-pour-lovale-lg-300","status":"publish","type":"product","link":"https:\/\/bulaoutdoor.nl\/fr\/product\/druiprek-voor-de-oval-lg-300\/","title":{"rendered":"Plateau d'\u00e9gouttage pour l'Oval LG 300"},"content":{"rendered":"<p>La grille d'\u00e9gouttage peut \u00eatre utilis\u00e9e avec :<\/p>\n<ul>\n<li>Plaques r\u00e9fl\u00e9chissantes pour cr\u00e9er diff\u00e9rentes zones de cuisson ou un fumoir.<\/li>\n<li>Le bac de r\u00e9cup\u00e9ration demi-rond pour r\u00e9cup\u00e9rer les graisses.<\/li>\n<\/ul>\n<div id='gallery-1' class='gallery galleryid-10699 gallery-columns-2 gallery-size-full'><figure class='gallery-item'>\n\t\t\t<div class='gallery-icon landscape'>\n\t\t\t\t<img loading=\"lazy\" decoding=\"async\" width=\"480\" height=\"392\" src=\"https:\/\/bulaoutdoor.nl\/wp-content\/uploads\/2021\/05\/LINK-lg300-warmte-reflector-platen.jpg\" class=\"attachment-full size-full\" alt=\"\" srcset=\"https:\/\/bulaoutdoor.nl\/wp-content\/uploads\/2021\/05\/LINK-lg300-warmte-reflector-platen.jpg 480w, https:\/\/bulaoutdoor.nl\/wp-content\/uploads\/2021\/05\/LINK-lg300-warmte-reflector-platen-416x340.jpg 416w, https:\/\/bulaoutdoor.nl\/wp-content\/uploads\/2021\/05\/LINK-lg300-warmte-reflector-platen-300x245.jpg 300w\" sizes=\"auto, (max-width: 480px) 100vw, 480px\" \/>\n\t\t\t<\/div><\/figure><figure class='gallery-item'>\n\t\t\t<div class='gallery-icon landscape'>\n\t\t\t\t<img loading=\"lazy\" decoding=\"async\" width=\"478\" height=\"324\" src=\"https:\/\/bulaoutdoor.nl\/wp-content\/uploads\/2021\/05\/LINK-lg300-opvangbak.jpg\" class=\"attachment-full size-full\" alt=\"\" srcset=\"https:\/\/bulaoutdoor.nl\/wp-content\/uploads\/2021\/05\/LINK-lg300-opvangbak.jpg 478w, https:\/\/bulaoutdoor.nl\/wp-content\/uploads\/2021\/05\/LINK-lg300-opvangbak-416x282.jpg 416w, https:\/\/bulaoutdoor.nl\/wp-content\/uploads\/2021\/05\/LINK-lg300-opvangbak-300x203.jpg 300w\" sizes=\"auto, (max-width: 478px) 100vw, 478px\" \/>\n\t\t\t<\/div><\/figure>\n\t\t<\/div>\n\n<ul>\n<li>La grille d'\u00e9gouttage est en acier inoxydable.<\/li>\n<li>Cette version est con\u00e7ue sur mesure pour le Primo Oval LG 300<\/li>\n<li>S\u00e9lectionnez des accessoires suppl\u00e9mentaires si n\u00e9cessaire et cliquez sur \"compl\u00e9ter\" pour commander directement l'ensemble.<\/li>\n<\/ul>","protected":false},"excerpt":{"rendered":"<p>La grille d'\u00e9gouttage pour le Primo Oval LG 300. Commandez-la d\u00e8s maintenant ou s\u00e9lectionnez d'autres accessoires \u00e0 commander imm\u00e9diatement.<\/p>","protected":false},"featured_media":10974,"comment_status":"open","ping_status":"closed","template":"","meta":{"_acf_changed":false},"product_brand":[],"product_cat":[393],"product_tag":[427],"class_list":{"0":"post-10699","1":"product","2":"type-product","3":"status-publish","4":"has-post-thumbnail","6":"product_cat-oval-300-lg-primo-accessoires","7":"product_tag-primo-druiprek-lg-300","9":"first","10":"instock","11":"taxable","12":"shipping-taxable","13":"purchasable","14":"product-type-variable","15":"has-default-attributes"},"acf":[],"yoast_head":"<!-- This site is optimized with the Yoast SEO plugin v27.4 - https:\/\/yoast.com\/product\/yoast-seo-wordpress\/ -->\n<title>Druiprek voor de Oval LG 300 &#8211; Bula Outdoor<\/title>\n<meta name=\"robots\" content=\"index, follow, max-snippet:-1, max-image-preview:large, max-video-preview:-1\" \/>\n<link rel=\"canonical\" href=\"https:\/\/bulaoutdoor.nl\/fr\/produit\/bac-de-recuperation-pour-lovale-lg-300\/\" \/>\n<meta property=\"og:locale\" content=\"fr_FR\" \/>\n<meta property=\"og:type\" content=\"article\" \/>\n<meta property=\"og:title\" content=\"Druiprek voor de Oval LG 300 &#8211; Bula Outdoor\" \/>\n<meta property=\"og:description\" content=\"Het druiprek voor de Primo Oval LG 300. Bestel hem nu direct of selecteer extra accessoires om meteen mee te bestellen.\" \/>\n<meta property=\"og:url\" content=\"https:\/\/bulaoutdoor.nl\/fr\/produit\/bac-de-recuperation-pour-lovale-lg-300\/\" \/>\n<meta property=\"og:site_name\" content=\"Bula Outdoor\" \/>\n<meta property=\"article:modified_time\" content=\"2024-05-14T08:50:17+00:00\" \/>\n<meta property=\"og:image\" content=\"https:\/\/bulaoutdoor.nl\/wp-content\/uploads\/2021\/05\/druiprekrvs_SCALED.jpg\" \/>\n\t<meta property=\"og:image:width\" content=\"480\" \/>\n\t<meta property=\"og:image:height\" content=\"480\" \/>\n\t<meta property=\"og:image:type\" content=\"image\/jpeg\" \/>\n<meta name=\"twitter:card\" content=\"summary_large_image\" \/>\n<meta name=\"twitter:label1\" content=\"Dur\u00e9e de lecture estim\u00e9e\" \/>\n\t<meta name=\"twitter:data1\" content=\"1 minute\" \/>\n<script type=\"application\/ld+json\" class=\"yoast-schema-graph\">{\"@context\":\"https:\\\/\\\/schema.org\",\"@graph\":[{\"@type\":\"WebPage\",\"@id\":\"https:\\\/\\\/bulaoutdoor.nl\\\/product\\\/druiprek-voor-de-oval-lg-300\\\/\",\"url\":\"https:\\\/\\\/bulaoutdoor.nl\\\/product\\\/druiprek-voor-de-oval-lg-300\\\/\",\"name\":\"Druiprek voor de Oval LG 300 &#8211; Bula Outdoor\",\"isPartOf\":{\"@id\":\"https:\\\/\\\/bulaoutdoor.nl\\\/#website\"},\"primaryImageOfPage\":{\"@id\":\"https:\\\/\\\/bulaoutdoor.nl\\\/product\\\/druiprek-voor-de-oval-lg-300\\\/#primaryimage\"},\"image\":{\"@id\":\"https:\\\/\\\/bulaoutdoor.nl\\\/product\\\/druiprek-voor-de-oval-lg-300\\\/#primaryimage\"},\"thumbnailUrl\":\"https:\\\/\\\/bulaoutdoor.nl\\\/wp-content\\\/uploads\\\/2021\\\/05\\\/druiprekrvs_SCALED.jpg\",\"datePublished\":\"2021-05-03T17:18:32+00:00\",\"dateModified\":\"2024-05-14T08:50:17+00:00\",\"breadcrumb\":{\"@id\":\"https:\\\/\\\/bulaoutdoor.nl\\\/product\\\/druiprek-voor-de-oval-lg-300\\\/#breadcrumb\"},\"inLanguage\":\"fr-FR\",\"potentialAction\":[{\"@type\":\"ReadAction\",\"target\":[\"https:\\\/\\\/bulaoutdoor.nl\\\/product\\\/druiprek-voor-de-oval-lg-300\\\/\"]}]},{\"@type\":\"ImageObject\",\"inLanguage\":\"fr-FR\",\"@id\":\"https:\\\/\\\/bulaoutdoor.nl\\\/product\\\/druiprek-voor-de-oval-lg-300\\\/#primaryimage\",\"url\":\"https:\\\/\\\/bulaoutdoor.nl\\\/wp-content\\\/uploads\\\/2021\\\/05\\\/druiprekrvs_SCALED.jpg\",\"contentUrl\":\"https:\\\/\\\/bulaoutdoor.nl\\\/wp-content\\\/uploads\\\/2021\\\/05\\\/druiprekrvs_SCALED.jpg\",\"width\":480,\"height\":480,\"caption\":\"druiprek\"},{\"@type\":\"BreadcrumbList\",\"@id\":\"https:\\\/\\\/bulaoutdoor.nl\\\/product\\\/druiprek-voor-de-oval-lg-300\\\/#breadcrumb\",\"itemListElement\":[{\"@type\":\"ListItem\",\"position\":1,\"name\":\"Home\",\"item\":\"https:\\\/\\\/bulaoutdoor.nl\\\/\"},{\"@type\":\"ListItem\",\"position\":2,\"name\":\"Online BBQ kopen\",\"item\":\"https:\\\/\\\/bulaoutdoor.nl\\\/\"},{\"@type\":\"ListItem\",\"position\":3,\"name\":\"Druiprek voor de Oval LG 300\"}]},{\"@type\":\"WebSite\",\"@id\":\"https:\\\/\\\/bulaoutdoor.nl\\\/#website\",\"url\":\"https:\\\/\\\/bulaoutdoor.nl\\\/\",\"name\":\"Bula Outdoor\",\"description\":\"Voor uw buitenhaard, BBQ, tuinfakkel en houtoven\",\"publisher\":{\"@id\":\"https:\\\/\\\/bulaoutdoor.nl\\\/#organization\"},\"potentialAction\":[{\"@type\":\"SearchAction\",\"target\":{\"@type\":\"EntryPoint\",\"urlTemplate\":\"https:\\\/\\\/bulaoutdoor.nl\\\/?s={search_term_string}\"},\"query-input\":{\"@type\":\"PropertyValueSpecification\",\"valueRequired\":true,\"valueName\":\"search_term_string\"}}],\"inLanguage\":\"fr-FR\"},{\"@type\":\"Organization\",\"@id\":\"https:\\\/\\\/bulaoutdoor.nl\\\/#organization\",\"name\":\"Bula Outdoor\",\"url\":\"https:\\\/\\\/bulaoutdoor.nl\\\/\",\"logo\":{\"@type\":\"ImageObject\",\"inLanguage\":\"fr-FR\",\"@id\":\"https:\\\/\\\/bulaoutdoor.nl\\\/#\\\/schema\\\/logo\\\/image\\\/\",\"url\":\"https:\\\/\\\/www.bulaoutdoor.nl\\\/wp-content\\\/uploads\\\/2018\\\/04\\\/bulaoutdoor-logo.png\",\"contentUrl\":\"https:\\\/\\\/www.bulaoutdoor.nl\\\/wp-content\\\/uploads\\\/2018\\\/04\\\/bulaoutdoor-logo.png\",\"width\":324,\"height\":91,\"caption\":\"Bula Outdoor\"},\"image\":{\"@id\":\"https:\\\/\\\/bulaoutdoor.nl\\\/#\\\/schema\\\/logo\\\/image\\\/\"}}]}<\/script>\n<!-- \/ Yoast SEO plugin. -->","yoast_head_json":{"title":"Egouttoir pour l'Oval LG 300 - Bula Outdoor","robots":{"index":"index","follow":"follow","max-snippet":"max-snippet:-1","max-image-preview":"max-image-preview:large","max-video-preview":"max-video-preview:-1"},"canonical":"https:\/\/bulaoutdoor.nl\/fr\/produit\/bac-de-recuperation-pour-lovale-lg-300\/","og_locale":"fr_FR","og_type":"article","og_title":"Druiprek voor de Oval LG 300 &#8211; Bula Outdoor","og_description":"Het druiprek voor de Primo Oval LG 300. Bestel hem nu direct of selecteer extra accessoires om meteen mee te bestellen.","og_url":"https:\/\/bulaoutdoor.nl\/fr\/produit\/bac-de-recuperation-pour-lovale-lg-300\/","og_site_name":"Bula Outdoor","article_modified_time":"2024-05-14T08:50:17+00:00","og_image":[{"width":480,"height":480,"url":"https:\/\/bulaoutdoor.nl\/wp-content\/uploads\/2021\/05\/druiprekrvs_SCALED.jpg","type":"image\/jpeg"}],"twitter_card":"summary_large_image","twitter_misc":{"Dur\u00e9e de lecture estim\u00e9e":"1 minute"},"schema":{"@context":"https:\/\/schema.org","@graph":[{"@type":"WebPage","@id":"https:\/\/bulaoutdoor.nl\/product\/druiprek-voor-de-oval-lg-300\/","url":"https:\/\/bulaoutdoor.nl\/product\/druiprek-voor-de-oval-lg-300\/","name":"Egouttoir pour l'Oval LG 300 - Bula Outdoor","isPartOf":{"@id":"https:\/\/bulaoutdoor.nl\/#website"},"primaryImageOfPage":{"@id":"https:\/\/bulaoutdoor.nl\/product\/druiprek-voor-de-oval-lg-300\/#primaryimage"},"image":{"@id":"https:\/\/bulaoutdoor.nl\/product\/druiprek-voor-de-oval-lg-300\/#primaryimage"},"thumbnailUrl":"https:\/\/bulaoutdoor.nl\/wp-content\/uploads\/2021\/05\/druiprekrvs_SCALED.jpg","datePublished":"2021-05-03T17:18:32+00:00","dateModified":"2024-05-14T08:50:17+00:00","breadcrumb":{"@id":"https:\/\/bulaoutdoor.nl\/product\/druiprek-voor-de-oval-lg-300\/#breadcrumb"},"inLanguage":"fr-FR","potentialAction":[{"@type":"ReadAction","target":["https:\/\/bulaoutdoor.nl\/product\/druiprek-voor-de-oval-lg-300\/"]}]},{"@type":"ImageObject","inLanguage":"fr-FR","@id":"https:\/\/bulaoutdoor.nl\/product\/druiprek-voor-de-oval-lg-300\/#primaryimage","url":"https:\/\/bulaoutdoor.nl\/wp-content\/uploads\/2021\/05\/druiprekrvs_SCALED.jpg","contentUrl":"https:\/\/bulaoutdoor.nl\/wp-content\/uploads\/2021\/05\/druiprekrvs_SCALED.jpg","width":480,"height":480,"caption":"druiprek"},{"@type":"BreadcrumbList","@id":"https:\/\/bulaoutdoor.nl\/product\/druiprek-voor-de-oval-lg-300\/#breadcrumb","itemListElement":[{"@type":"ListItem","position":1,"name":"Home","item":"https:\/\/bulaoutdoor.nl\/"},{"@type":"ListItem","position":2,"name":"Online BBQ kopen","item":"https:\/\/bulaoutdoor.nl\/"},{"@type":"ListItem","position":3,"name":"Druiprek voor de Oval LG 300"}]},{"@type":"WebSite","@id":"https:\/\/bulaoutdoor.nl\/#website","url":"https:\/\/bulaoutdoor.nl\/","name":"Bula Outdoor","description":"Pour votre chemin\u00e9e ext\u00e9rieure, votre barbecue, votre torche de jardin et votre four \u00e0 bois","publisher":{"@id":"https:\/\/bulaoutdoor.nl\/#organization"},"potentialAction":[{"@type":"SearchAction","target":{"@type":"EntryPoint","urlTemplate":"https:\/\/bulaoutdoor.nl\/?s={search_term_string}"},"query-input":{"@type":"PropertyValueSpecification","valueRequired":true,"valueName":"search_term_string"}}],"inLanguage":"fr-FR"},{"@type":"Organization","@id":"https:\/\/bulaoutdoor.nl\/#organization","name":"Bula Outdoor","url":"https:\/\/bulaoutdoor.nl\/","logo":{"@type":"ImageObject","inLanguage":"fr-FR","@id":"https:\/\/bulaoutdoor.nl\/#\/schema\/logo\/image\/","url":"https:\/\/www.bulaoutdoor.nl\/wp-content\/uploads\/2018\/04\/bulaoutdoor-logo.png","contentUrl":"https:\/\/www.bulaoutdoor.nl\/wp-content\/uploads\/2018\/04\/bulaoutdoor-logo.png","width":324,"height":91,"caption":"Bula Outdoor"},"image":{"@id":"https:\/\/bulaoutdoor.nl\/#\/schema\/logo\/image\/"}}]}},"jetpack_sharing_enabled":true,"_links":{"self":[{"href":"https:\/\/bulaoutdoor.nl\/fr\/wp-json\/wp\/v2\/product\/10699","targetHints":{"allow":["GET"]}}],"collection":[{"href":"https:\/\/bulaoutdoor.nl\/fr\/wp-json\/wp\/v2\/product"}],"about":[{"href":"https:\/\/bulaoutdoor.nl\/fr\/wp-json\/wp\/v2\/types\/product"}],"replies":[{"embeddable":true,"href":"https:\/\/bulaoutdoor.nl\/fr\/wp-json\/wp\/v2\/comments?post=10699"}],"wp:featuredmedia":[{"embeddable":true,"href":"https:\/\/bulaoutdoor.nl\/fr\/wp-json\/wp\/v2\/media\/10974"}],"wp:attachment":[{"href":"https:\/\/bulaoutdoor.nl\/fr\/wp-json\/wp\/v2\/media?parent=10699"}],"wp:term":[{"taxonomy":"product_brand","embeddable":true,"href":"https:\/\/bulaoutdoor.nl\/fr\/wp-json\/wp\/v2\/product_brand?post=10699"},{"taxonomy":"product_cat","embeddable":true,"href":"https:\/\/bulaoutdoor.nl\/fr\/wp-json\/wp\/v2\/product_cat?post=10699"},{"taxonomy":"product_tag","embeddable":true,"href":"https:\/\/bulaoutdoor.nl\/fr\/wp-json\/wp\/v2\/product_tag?post=10699"}],"curies":[{"name":"wp","href":"https:\/\/api.w.org\/{rel}","templated":true}]}}