{"id":10713,"date":"2021-05-04T13:00:30","date_gmt":"2021-05-04T13:00:30","guid":{"rendered":"https:\/\/www.bulaoutdoor.nl\/?post_type=product&#038;p=10713"},"modified":"2024-05-29T10:54:18","modified_gmt":"2024-05-29T10:54:18","slug":"housse-de-protection-pour-tous-les-barbecues-primo-ovales-lorsquelle-est-montee","status":"publish","type":"product","link":"https:\/\/bulaoutdoor.nl\/fr\/product\/beschermhoes-voor-alle-primo-oval-barbecues-bij-inbouw\/","title":{"rendered":"Couvercle de protection pour tous les barbecues Primo Oval une fois install\u00e9s"},"content":{"rendered":"<p>Couvercle de protection pour tous les barbecues Primo Oval.<\/p>\n<ul>\n<li>Utilisable pour l'Oval XL 400, l'Oval LG 300, l'Oval JR 200 lorsque le barbecue est int\u00e9gr\u00e9.<\/li>\n<li>Prot\u00e8ge le barbecue des intemp\u00e9ries.<\/li>\n<li>Pour les couvertures plus larges, faites sur mesure pour les barbecues, y compris les tables ou les chariots :<br \/>\nCliquez sur la section \"Tables et chariots\" qui se trouve sous \"Primo Grill and Smoker\" et cliquez ensuite sur la table ou le chariot pour lequel vous recherchez une housse.<\/li>\n<\/ul>","protected":false},"excerpt":{"rendered":"<p>Couvercle de protection pour tous les barbecues Primo Oval.<\/p>","protected":false},"featured_media":10714,"comment_status":"open","ping_status":"closed","template":"","meta":{"_acf_changed":false},"product_brand":[],"product_cat":[383,384,385],"product_tag":[433,432,518],"class_list":{"0":"post-10713","1":"product","2":"type-product","3":"status-publish","4":"has-post-thumbnail","6":"product_cat-oval-200-jr","7":"product_cat-oval-300-lg","8":"product_cat-oval-400-xl","9":"product_tag-beschermhoes-oval-inbouw","10":"product_tag-beschermhoes-primo-inbouw","11":"product_tag-pg00416","13":"first","14":"instock","15":"taxable","16":"shipping-taxable","17":"purchasable","18":"product-type-simple"},"acf":[],"yoast_head":"<!-- This site is optimized with the Yoast SEO plugin v27.6 - https:\/\/yoast.com\/product\/yoast-seo-wordpress\/ -->\n<title>Beschermhoes voor alle Primo Oval barbecues bij inbouw &#8211; Bula Outdoor<\/title>\n<meta name=\"robots\" content=\"index, follow, max-snippet:-1, max-image-preview:large, max-video-preview:-1\" \/>\n<link rel=\"canonical\" href=\"https:\/\/bulaoutdoor.nl\/fr\/produit\/housse-de-protection-pour-tous-les-barbecues-primo-ovales-lorsquelle-est-montee\/\" \/>\n<meta property=\"og:locale\" content=\"fr_FR\" \/>\n<meta property=\"og:type\" content=\"article\" \/>\n<meta property=\"og:title\" content=\"Beschermhoes voor alle Primo Oval barbecues bij inbouw &#8211; Bula Outdoor\" \/>\n<meta property=\"og:description\" content=\"Beschermhoes voor alle Primo Oval barbecues bij inbouw.\" \/>\n<meta property=\"og:url\" content=\"https:\/\/bulaoutdoor.nl\/fr\/produit\/housse-de-protection-pour-tous-les-barbecues-primo-ovales-lorsquelle-est-montee\/\" \/>\n<meta property=\"og:site_name\" content=\"Bula Outdoor\" \/>\n<meta property=\"article:modified_time\" content=\"2024-05-29T10:54:18+00:00\" \/>\n<meta property=\"og:image\" content=\"https:\/\/bulaoutdoor.nl\/wp-content\/uploads\/2021\/05\/416.jpg\" \/>\n\t<meta property=\"og:image:width\" content=\"314\" \/>\n\t<meta property=\"og:image:height\" content=\"310\" \/>\n\t<meta property=\"og:image:type\" content=\"image\/jpeg\" \/>\n<meta name=\"twitter:card\" content=\"summary_large_image\" \/>\n<meta name=\"twitter:label1\" content=\"Dur\u00e9e de lecture estim\u00e9e\" \/>\n\t<meta name=\"twitter:data1\" content=\"1 minute\" \/>\n<script type=\"application\/ld+json\" class=\"yoast-schema-graph\">{\"@context\":\"https:\\\/\\\/schema.org\",\"@graph\":[{\"@type\":\"WebPage\",\"@id\":\"https:\\\/\\\/bulaoutdoor.nl\\\/product\\\/beschermhoes-voor-alle-primo-oval-barbecues-bij-inbouw\\\/\",\"url\":\"https:\\\/\\\/bulaoutdoor.nl\\\/product\\\/beschermhoes-voor-alle-primo-oval-barbecues-bij-inbouw\\\/\",\"name\":\"Beschermhoes voor alle Primo Oval barbecues bij inbouw &#8211; Bula Outdoor\",\"isPartOf\":{\"@id\":\"https:\\\/\\\/bulaoutdoor.nl\\\/#website\"},\"primaryImageOfPage\":{\"@id\":\"https:\\\/\\\/bulaoutdoor.nl\\\/product\\\/beschermhoes-voor-alle-primo-oval-barbecues-bij-inbouw\\\/#primaryimage\"},\"image\":{\"@id\":\"https:\\\/\\\/bulaoutdoor.nl\\\/product\\\/beschermhoes-voor-alle-primo-oval-barbecues-bij-inbouw\\\/#primaryimage\"},\"thumbnailUrl\":\"https:\\\/\\\/bulaoutdoor.nl\\\/wp-content\\\/uploads\\\/2021\\\/05\\\/416.jpg\",\"datePublished\":\"2021-05-04T13:00:30+00:00\",\"dateModified\":\"2024-05-29T10:54:18+00:00\",\"breadcrumb\":{\"@id\":\"https:\\\/\\\/bulaoutdoor.nl\\\/product\\\/beschermhoes-voor-alle-primo-oval-barbecues-bij-inbouw\\\/#breadcrumb\"},\"inLanguage\":\"fr-FR\",\"potentialAction\":[{\"@type\":\"ReadAction\",\"target\":[\"https:\\\/\\\/bulaoutdoor.nl\\\/product\\\/beschermhoes-voor-alle-primo-oval-barbecues-bij-inbouw\\\/\"]}]},{\"@type\":\"ImageObject\",\"inLanguage\":\"fr-FR\",\"@id\":\"https:\\\/\\\/bulaoutdoor.nl\\\/product\\\/beschermhoes-voor-alle-primo-oval-barbecues-bij-inbouw\\\/#primaryimage\",\"url\":\"https:\\\/\\\/bulaoutdoor.nl\\\/wp-content\\\/uploads\\\/2021\\\/05\\\/416.jpg\",\"contentUrl\":\"https:\\\/\\\/bulaoutdoor.nl\\\/wp-content\\\/uploads\\\/2021\\\/05\\\/416.jpg\",\"width\":314,\"height\":310},{\"@type\":\"BreadcrumbList\",\"@id\":\"https:\\\/\\\/bulaoutdoor.nl\\\/product\\\/beschermhoes-voor-alle-primo-oval-barbecues-bij-inbouw\\\/#breadcrumb\",\"itemListElement\":[{\"@type\":\"ListItem\",\"position\":1,\"name\":\"Home\",\"item\":\"https:\\\/\\\/bulaoutdoor.nl\\\/\"},{\"@type\":\"ListItem\",\"position\":2,\"name\":\"Online BBQ kopen\",\"item\":\"https:\\\/\\\/bulaoutdoor.nl\\\/\"},{\"@type\":\"ListItem\",\"position\":3,\"name\":\"Beschermhoes voor alle Primo Oval barbecues bij inbouw\"}]},{\"@type\":\"WebSite\",\"@id\":\"https:\\\/\\\/bulaoutdoor.nl\\\/#website\",\"url\":\"https:\\\/\\\/bulaoutdoor.nl\\\/\",\"name\":\"Bula Outdoor\",\"description\":\"Voor uw buitenhaard, BBQ, tuinfakkel en houtoven\",\"publisher\":{\"@id\":\"https:\\\/\\\/bulaoutdoor.nl\\\/#organization\"},\"potentialAction\":[{\"@type\":\"SearchAction\",\"target\":{\"@type\":\"EntryPoint\",\"urlTemplate\":\"https:\\\/\\\/bulaoutdoor.nl\\\/?s={search_term_string}\"},\"query-input\":{\"@type\":\"PropertyValueSpecification\",\"valueRequired\":true,\"valueName\":\"search_term_string\"}}],\"inLanguage\":\"fr-FR\"},{\"@type\":\"Organization\",\"@id\":\"https:\\\/\\\/bulaoutdoor.nl\\\/#organization\",\"name\":\"Bula Outdoor\",\"url\":\"https:\\\/\\\/bulaoutdoor.nl\\\/\",\"logo\":{\"@type\":\"ImageObject\",\"inLanguage\":\"fr-FR\",\"@id\":\"https:\\\/\\\/bulaoutdoor.nl\\\/#\\\/schema\\\/logo\\\/image\\\/\",\"url\":\"https:\\\/\\\/www.bulaoutdoor.nl\\\/wp-content\\\/uploads\\\/2018\\\/04\\\/bulaoutdoor-logo.png\",\"contentUrl\":\"https:\\\/\\\/www.bulaoutdoor.nl\\\/wp-content\\\/uploads\\\/2018\\\/04\\\/bulaoutdoor-logo.png\",\"width\":324,\"height\":91,\"caption\":\"Bula Outdoor\"},\"image\":{\"@id\":\"https:\\\/\\\/bulaoutdoor.nl\\\/#\\\/schema\\\/logo\\\/image\\\/\"}}]}<\/script>\n<!-- \/ Yoast SEO plugin. -->","yoast_head_json":{"title":"Housse de protection pour tous les barbecues Primo Oval lors de l'installation - Bula Outdoor","robots":{"index":"index","follow":"follow","max-snippet":"max-snippet:-1","max-image-preview":"max-image-preview:large","max-video-preview":"max-video-preview:-1"},"canonical":"https:\/\/bulaoutdoor.nl\/fr\/produit\/housse-de-protection-pour-tous-les-barbecues-primo-ovales-lorsquelle-est-montee\/","og_locale":"fr_FR","og_type":"article","og_title":"Beschermhoes voor alle Primo Oval barbecues bij inbouw &#8211; Bula Outdoor","og_description":"Beschermhoes voor alle Primo Oval barbecues bij inbouw.","og_url":"https:\/\/bulaoutdoor.nl\/fr\/produit\/housse-de-protection-pour-tous-les-barbecues-primo-ovales-lorsquelle-est-montee\/","og_site_name":"Bula Outdoor","article_modified_time":"2024-05-29T10:54:18+00:00","og_image":[{"width":314,"height":310,"url":"https:\/\/bulaoutdoor.nl\/wp-content\/uploads\/2021\/05\/416.jpg","type":"image\/jpeg"}],"twitter_card":"summary_large_image","twitter_misc":{"Dur\u00e9e de lecture estim\u00e9e":"1 minute"},"schema":{"@context":"https:\/\/schema.org","@graph":[{"@type":"WebPage","@id":"https:\/\/bulaoutdoor.nl\/product\/beschermhoes-voor-alle-primo-oval-barbecues-bij-inbouw\/","url":"https:\/\/bulaoutdoor.nl\/product\/beschermhoes-voor-alle-primo-oval-barbecues-bij-inbouw\/","name":"Housse de protection pour tous les barbecues Primo Oval lors de l'installation - Bula Outdoor","isPartOf":{"@id":"https:\/\/bulaoutdoor.nl\/#website"},"primaryImageOfPage":{"@id":"https:\/\/bulaoutdoor.nl\/product\/beschermhoes-voor-alle-primo-oval-barbecues-bij-inbouw\/#primaryimage"},"image":{"@id":"https:\/\/bulaoutdoor.nl\/product\/beschermhoes-voor-alle-primo-oval-barbecues-bij-inbouw\/#primaryimage"},"thumbnailUrl":"https:\/\/bulaoutdoor.nl\/wp-content\/uploads\/2021\/05\/416.jpg","datePublished":"2021-05-04T13:00:30+00:00","dateModified":"2024-05-29T10:54:18+00:00","breadcrumb":{"@id":"https:\/\/bulaoutdoor.nl\/product\/beschermhoes-voor-alle-primo-oval-barbecues-bij-inbouw\/#breadcrumb"},"inLanguage":"fr-FR","potentialAction":[{"@type":"ReadAction","target":["https:\/\/bulaoutdoor.nl\/product\/beschermhoes-voor-alle-primo-oval-barbecues-bij-inbouw\/"]}]},{"@type":"ImageObject","inLanguage":"fr-FR","@id":"https:\/\/bulaoutdoor.nl\/product\/beschermhoes-voor-alle-primo-oval-barbecues-bij-inbouw\/#primaryimage","url":"https:\/\/bulaoutdoor.nl\/wp-content\/uploads\/2021\/05\/416.jpg","contentUrl":"https:\/\/bulaoutdoor.nl\/wp-content\/uploads\/2021\/05\/416.jpg","width":314,"height":310},{"@type":"BreadcrumbList","@id":"https:\/\/bulaoutdoor.nl\/product\/beschermhoes-voor-alle-primo-oval-barbecues-bij-inbouw\/#breadcrumb","itemListElement":[{"@type":"ListItem","position":1,"name":"Home","item":"https:\/\/bulaoutdoor.nl\/"},{"@type":"ListItem","position":2,"name":"Online BBQ kopen","item":"https:\/\/bulaoutdoor.nl\/"},{"@type":"ListItem","position":3,"name":"Beschermhoes voor alle Primo Oval barbecues bij inbouw"}]},{"@type":"WebSite","@id":"https:\/\/bulaoutdoor.nl\/#website","url":"https:\/\/bulaoutdoor.nl\/","name":"Bula Outdoor","description":"Pour votre chemin\u00e9e ext\u00e9rieure, votre barbecue, votre torche de jardin et votre four \u00e0 bois","publisher":{"@id":"https:\/\/bulaoutdoor.nl\/#organization"},"potentialAction":[{"@type":"SearchAction","target":{"@type":"EntryPoint","urlTemplate":"https:\/\/bulaoutdoor.nl\/?s={search_term_string}"},"query-input":{"@type":"PropertyValueSpecification","valueRequired":true,"valueName":"search_term_string"}}],"inLanguage":"fr-FR"},{"@type":"Organization","@id":"https:\/\/bulaoutdoor.nl\/#organization","name":"Bula Outdoor","url":"https:\/\/bulaoutdoor.nl\/","logo":{"@type":"ImageObject","inLanguage":"fr-FR","@id":"https:\/\/bulaoutdoor.nl\/#\/schema\/logo\/image\/","url":"https:\/\/www.bulaoutdoor.nl\/wp-content\/uploads\/2018\/04\/bulaoutdoor-logo.png","contentUrl":"https:\/\/www.bulaoutdoor.nl\/wp-content\/uploads\/2018\/04\/bulaoutdoor-logo.png","width":324,"height":91,"caption":"Bula Outdoor"},"image":{"@id":"https:\/\/bulaoutdoor.nl\/#\/schema\/logo\/image\/"}}]}},"jetpack_sharing_enabled":true,"_links":{"self":[{"href":"https:\/\/bulaoutdoor.nl\/fr\/wp-json\/wp\/v2\/product\/10713","targetHints":{"allow":["GET"]}}],"collection":[{"href":"https:\/\/bulaoutdoor.nl\/fr\/wp-json\/wp\/v2\/product"}],"about":[{"href":"https:\/\/bulaoutdoor.nl\/fr\/wp-json\/wp\/v2\/types\/product"}],"replies":[{"embeddable":true,"href":"https:\/\/bulaoutdoor.nl\/fr\/wp-json\/wp\/v2\/comments?post=10713"}],"wp:featuredmedia":[{"embeddable":true,"href":"https:\/\/bulaoutdoor.nl\/fr\/wp-json\/wp\/v2\/media\/10714"}],"wp:attachment":[{"href":"https:\/\/bulaoutdoor.nl\/fr\/wp-json\/wp\/v2\/media?parent=10713"}],"wp:term":[{"taxonomy":"product_brand","embeddable":true,"href":"https:\/\/bulaoutdoor.nl\/fr\/wp-json\/wp\/v2\/product_brand?post=10713"},{"taxonomy":"product_cat","embeddable":true,"href":"https:\/\/bulaoutdoor.nl\/fr\/wp-json\/wp\/v2\/product_cat?post=10713"},{"taxonomy":"product_tag","embeddable":true,"href":"https:\/\/bulaoutdoor.nl\/fr\/wp-json\/wp\/v2\/product_tag?post=10713"}],"curies":[{"name":"wp","href":"https:\/\/api.w.org\/{rel}","templated":true}]}}