{"id":11185,"date":"2021-06-03T16:28:42","date_gmt":"2021-06-03T16:28:42","guid":{"rendered":"https:\/\/www.bulaoutdoor.nl\/?post_type=product&#038;p=11185"},"modified":"2024-05-14T09:57:18","modified_gmt":"2024-05-14T09:57:18","slug":"accessoires-de-base","status":"publish","type":"product","link":"https:\/\/bulaoutdoor.nl\/fr\/product\/basisaccessoires\/","title":{"rendered":"Accessoires de base"},"content":{"rendered":"<pre><strong>Accessoires de base<\/strong><\/pre>\n<div id='gallery-1' class='gallery galleryid-11185 gallery-columns-3 gallery-size-full'><figure class='gallery-item'>\n\t\t\t<div class='gallery-icon landscape'>\n\t\t\t\t<img loading=\"lazy\" decoding=\"async\" width=\"480\" height=\"392\" src=\"https:\/\/bulaoutdoor.nl\/wp-content\/uploads\/2021\/04\/asschraper-1.jpg\" class=\"attachment-full size-full\" alt=\"\" srcset=\"https:\/\/bulaoutdoor.nl\/wp-content\/uploads\/2021\/04\/asschraper-1.jpg 480w, https:\/\/bulaoutdoor.nl\/wp-content\/uploads\/2021\/04\/asschraper-1-416x340.jpg 416w, https:\/\/bulaoutdoor.nl\/wp-content\/uploads\/2021\/04\/asschraper-1-300x245.jpg 300w\" sizes=\"auto, (max-width: 480px) 100vw, 480px\" \/>\n\t\t\t<\/div><\/figure><figure class='gallery-item'>\n\t\t\t<div class='gallery-icon landscape'>\n\t\t\t\t<img loading=\"lazy\" decoding=\"async\" width=\"480\" height=\"392\" src=\"https:\/\/bulaoutdoor.nl\/wp-content\/uploads\/2021\/04\/grill-tang-1.jpg\" class=\"attachment-full size-full\" alt=\"\" aria-describedby=\"gallery-1-10419\" srcset=\"https:\/\/bulaoutdoor.nl\/wp-content\/uploads\/2021\/04\/grill-tang-1.jpg 480w, https:\/\/bulaoutdoor.nl\/wp-content\/uploads\/2021\/04\/grill-tang-1-416x340.jpg 416w, https:\/\/bulaoutdoor.nl\/wp-content\/uploads\/2021\/04\/grill-tang-1-300x245.jpg 300w\" sizes=\"auto, (max-width: 480px) 100vw, 480px\" \/>\n\t\t\t<\/div>\n\t\t\t\t<figcaption class='wp-caption-text gallery-caption' id='gallery-1-10419'>\n\t\t\t\tpinces \u00e0 griller\n\t\t\t\t<\/figcaption><\/figure><figure class='gallery-item'>\n\t\t\t<div class='gallery-icon landscape'>\n\t\t\t\t<img loading=\"lazy\" decoding=\"async\" width=\"480\" height=\"392\" src=\"https:\/\/bulaoutdoor.nl\/wp-content\/uploads\/2021\/04\/schoonmaakstang-1.jpg\" class=\"attachment-full size-full\" alt=\"\" srcset=\"https:\/\/bulaoutdoor.nl\/wp-content\/uploads\/2021\/04\/schoonmaakstang-1.jpg 480w, https:\/\/bulaoutdoor.nl\/wp-content\/uploads\/2021\/04\/schoonmaakstang-1-416x340.jpg 416w, https:\/\/bulaoutdoor.nl\/wp-content\/uploads\/2021\/04\/schoonmaakstang-1-300x245.jpg 300w\" sizes=\"auto, (max-width: 480px) 100vw, 480px\" \/>\n\t\t\t<\/div><\/figure>\n\t\t<\/div>\n\n<p><strong>Aspook\/Scraper<\/strong><br \/>\nOutil permettant de retirer les cendres sous le gril ou de piquer dans le charbon de bois incandescent pour m\u00e9langer le charbon de bois br\u00fblant et le charbon de bois neuf.<\/p>\n<p><strong>Pince \u00e0 griller<\/strong><br \/>\nPermet de soulever facilement la grille de cuisson ou la grille du gril. Mod\u00e8le en m\u00e9tal chrom\u00e9 pour une utilisation durable.<\/p>\n<p><strong>Grattoir\/tige de nettoyage<\/strong><br \/>\nRaclez facilement les restes de nourriture sur la grille de cuisson.<\/p>\n<p>Faites une combinaison ou choisissez l'offre compl\u00e8te.<\/p>","protected":false},"excerpt":{"rendered":"<p>Choisissez rapidement parmi les accessoires de base de Primo.<\/p>","protected":false},"featured_media":11198,"comment_status":"open","ping_status":"closed","template":"","meta":{"_acf_changed":false},"product_brand":[],"product_cat":[391],"product_tag":[560,559,511,561,562,558],"class_list":{"0":"post-11185","1":"product","2":"type-product","3":"status-publish","4":"has-post-thumbnail","6":"product_cat-algemene-accessoires","7":"product_tag-aspook","8":"product_tag-grill-tang","9":"product_tag-pg00770","10":"product_tag-pg00776","11":"product_tag-pg00777","12":"product_tag-roosterschraper","14":"first","15":"instock","16":"taxable","17":"shipping-taxable","18":"purchasable","19":"product-type-variable","20":"has-default-attributes"},"acf":[],"yoast_head":"<!-- This site is optimized with the Yoast SEO plugin v27.4 - https:\/\/yoast.com\/product\/yoast-seo-wordpress\/ -->\n<title>Basisaccessoires &#8211; Bula Outdoor<\/title>\n<meta name=\"robots\" content=\"index, follow, max-snippet:-1, max-image-preview:large, max-video-preview:-1\" \/>\n<link rel=\"canonical\" href=\"https:\/\/bulaoutdoor.nl\/fr\/produit\/accessoires-de-base\/\" \/>\n<meta property=\"og:locale\" content=\"fr_FR\" \/>\n<meta property=\"og:type\" content=\"article\" \/>\n<meta property=\"og:title\" content=\"Basisaccessoires &#8211; Bula Outdoor\" \/>\n<meta property=\"og:description\" content=\"Maak snel een selectie uit de basisaccessoires van Primo.\" \/>\n<meta property=\"og:url\" content=\"https:\/\/bulaoutdoor.nl\/fr\/produit\/accessoires-de-base\/\" \/>\n<meta property=\"og:site_name\" content=\"Bula Outdoor\" \/>\n<meta property=\"article:modified_time\" content=\"2024-05-14T09:57:18+00:00\" \/>\n<meta property=\"og:image\" content=\"https:\/\/bulaoutdoor.nl\/wp-content\/uploads\/2021\/06\/asschraap-aspook-tang.jpg\" \/>\n\t<meta property=\"og:image:width\" content=\"900\" \/>\n\t<meta property=\"og:image:height\" content=\"900\" \/>\n\t<meta property=\"og:image:type\" content=\"image\/jpeg\" \/>\n<meta name=\"twitter:card\" content=\"summary_large_image\" \/>\n<meta name=\"twitter:label1\" content=\"Dur\u00e9e de lecture estim\u00e9e\" \/>\n\t<meta name=\"twitter:data1\" content=\"1 minute\" \/>\n<script type=\"application\/ld+json\" class=\"yoast-schema-graph\">{\"@context\":\"https:\\\/\\\/schema.org\",\"@graph\":[{\"@type\":\"WebPage\",\"@id\":\"https:\\\/\\\/bulaoutdoor.nl\\\/product\\\/basisaccessoires\\\/\",\"url\":\"https:\\\/\\\/bulaoutdoor.nl\\\/product\\\/basisaccessoires\\\/\",\"name\":\"Basisaccessoires &#8211; Bula Outdoor\",\"isPartOf\":{\"@id\":\"https:\\\/\\\/bulaoutdoor.nl\\\/#website\"},\"primaryImageOfPage\":{\"@id\":\"https:\\\/\\\/bulaoutdoor.nl\\\/product\\\/basisaccessoires\\\/#primaryimage\"},\"image\":{\"@id\":\"https:\\\/\\\/bulaoutdoor.nl\\\/product\\\/basisaccessoires\\\/#primaryimage\"},\"thumbnailUrl\":\"https:\\\/\\\/bulaoutdoor.nl\\\/wp-content\\\/uploads\\\/2021\\\/06\\\/asschraap-aspook-tang.jpg\",\"datePublished\":\"2021-06-03T16:28:42+00:00\",\"dateModified\":\"2024-05-14T09:57:18+00:00\",\"breadcrumb\":{\"@id\":\"https:\\\/\\\/bulaoutdoor.nl\\\/product\\\/basisaccessoires\\\/#breadcrumb\"},\"inLanguage\":\"fr-FR\",\"potentialAction\":[{\"@type\":\"ReadAction\",\"target\":[\"https:\\\/\\\/bulaoutdoor.nl\\\/product\\\/basisaccessoires\\\/\"]}]},{\"@type\":\"ImageObject\",\"inLanguage\":\"fr-FR\",\"@id\":\"https:\\\/\\\/bulaoutdoor.nl\\\/product\\\/basisaccessoires\\\/#primaryimage\",\"url\":\"https:\\\/\\\/bulaoutdoor.nl\\\/wp-content\\\/uploads\\\/2021\\\/06\\\/asschraap-aspook-tang.jpg\",\"contentUrl\":\"https:\\\/\\\/bulaoutdoor.nl\\\/wp-content\\\/uploads\\\/2021\\\/06\\\/asschraap-aspook-tang.jpg\",\"width\":900,\"height\":900},{\"@type\":\"BreadcrumbList\",\"@id\":\"https:\\\/\\\/bulaoutdoor.nl\\\/product\\\/basisaccessoires\\\/#breadcrumb\",\"itemListElement\":[{\"@type\":\"ListItem\",\"position\":1,\"name\":\"Home\",\"item\":\"https:\\\/\\\/bulaoutdoor.nl\\\/\"},{\"@type\":\"ListItem\",\"position\":2,\"name\":\"Online BBQ kopen\",\"item\":\"https:\\\/\\\/bulaoutdoor.nl\\\/\"},{\"@type\":\"ListItem\",\"position\":3,\"name\":\"Basisaccessoires\"}]},{\"@type\":\"WebSite\",\"@id\":\"https:\\\/\\\/bulaoutdoor.nl\\\/#website\",\"url\":\"https:\\\/\\\/bulaoutdoor.nl\\\/\",\"name\":\"Bula Outdoor\",\"description\":\"Voor uw buitenhaard, BBQ, tuinfakkel en houtoven\",\"publisher\":{\"@id\":\"https:\\\/\\\/bulaoutdoor.nl\\\/#organization\"},\"potentialAction\":[{\"@type\":\"SearchAction\",\"target\":{\"@type\":\"EntryPoint\",\"urlTemplate\":\"https:\\\/\\\/bulaoutdoor.nl\\\/?s={search_term_string}\"},\"query-input\":{\"@type\":\"PropertyValueSpecification\",\"valueRequired\":true,\"valueName\":\"search_term_string\"}}],\"inLanguage\":\"fr-FR\"},{\"@type\":\"Organization\",\"@id\":\"https:\\\/\\\/bulaoutdoor.nl\\\/#organization\",\"name\":\"Bula Outdoor\",\"url\":\"https:\\\/\\\/bulaoutdoor.nl\\\/\",\"logo\":{\"@type\":\"ImageObject\",\"inLanguage\":\"fr-FR\",\"@id\":\"https:\\\/\\\/bulaoutdoor.nl\\\/#\\\/schema\\\/logo\\\/image\\\/\",\"url\":\"https:\\\/\\\/www.bulaoutdoor.nl\\\/wp-content\\\/uploads\\\/2018\\\/04\\\/bulaoutdoor-logo.png\",\"contentUrl\":\"https:\\\/\\\/www.bulaoutdoor.nl\\\/wp-content\\\/uploads\\\/2018\\\/04\\\/bulaoutdoor-logo.png\",\"width\":324,\"height\":91,\"caption\":\"Bula Outdoor\"},\"image\":{\"@id\":\"https:\\\/\\\/bulaoutdoor.nl\\\/#\\\/schema\\\/logo\\\/image\\\/\"}}]}<\/script>\n<!-- \/ Yoast SEO plugin. -->","yoast_head_json":{"title":"Accessoires de base - Bula Outdoor","robots":{"index":"index","follow":"follow","max-snippet":"max-snippet:-1","max-image-preview":"max-image-preview:large","max-video-preview":"max-video-preview:-1"},"canonical":"https:\/\/bulaoutdoor.nl\/fr\/produit\/accessoires-de-base\/","og_locale":"fr_FR","og_type":"article","og_title":"Basisaccessoires &#8211; Bula Outdoor","og_description":"Maak snel een selectie uit de basisaccessoires van Primo.","og_url":"https:\/\/bulaoutdoor.nl\/fr\/produit\/accessoires-de-base\/","og_site_name":"Bula Outdoor","article_modified_time":"2024-05-14T09:57:18+00:00","og_image":[{"width":900,"height":900,"url":"https:\/\/bulaoutdoor.nl\/wp-content\/uploads\/2021\/06\/asschraap-aspook-tang.jpg","type":"image\/jpeg"}],"twitter_card":"summary_large_image","twitter_misc":{"Dur\u00e9e de lecture estim\u00e9e":"1 minute"},"schema":{"@context":"https:\/\/schema.org","@graph":[{"@type":"WebPage","@id":"https:\/\/bulaoutdoor.nl\/product\/basisaccessoires\/","url":"https:\/\/bulaoutdoor.nl\/product\/basisaccessoires\/","name":"Accessoires de base - Bula Outdoor","isPartOf":{"@id":"https:\/\/bulaoutdoor.nl\/#website"},"primaryImageOfPage":{"@id":"https:\/\/bulaoutdoor.nl\/product\/basisaccessoires\/#primaryimage"},"image":{"@id":"https:\/\/bulaoutdoor.nl\/product\/basisaccessoires\/#primaryimage"},"thumbnailUrl":"https:\/\/bulaoutdoor.nl\/wp-content\/uploads\/2021\/06\/asschraap-aspook-tang.jpg","datePublished":"2021-06-03T16:28:42+00:00","dateModified":"2024-05-14T09:57:18+00:00","breadcrumb":{"@id":"https:\/\/bulaoutdoor.nl\/product\/basisaccessoires\/#breadcrumb"},"inLanguage":"fr-FR","potentialAction":[{"@type":"ReadAction","target":["https:\/\/bulaoutdoor.nl\/product\/basisaccessoires\/"]}]},{"@type":"ImageObject","inLanguage":"fr-FR","@id":"https:\/\/bulaoutdoor.nl\/product\/basisaccessoires\/#primaryimage","url":"https:\/\/bulaoutdoor.nl\/wp-content\/uploads\/2021\/06\/asschraap-aspook-tang.jpg","contentUrl":"https:\/\/bulaoutdoor.nl\/wp-content\/uploads\/2021\/06\/asschraap-aspook-tang.jpg","width":900,"height":900},{"@type":"BreadcrumbList","@id":"https:\/\/bulaoutdoor.nl\/product\/basisaccessoires\/#breadcrumb","itemListElement":[{"@type":"ListItem","position":1,"name":"Home","item":"https:\/\/bulaoutdoor.nl\/"},{"@type":"ListItem","position":2,"name":"Online BBQ kopen","item":"https:\/\/bulaoutdoor.nl\/"},{"@type":"ListItem","position":3,"name":"Basisaccessoires"}]},{"@type":"WebSite","@id":"https:\/\/bulaoutdoor.nl\/#website","url":"https:\/\/bulaoutdoor.nl\/","name":"Bula Outdoor","description":"Pour votre chemin\u00e9e ext\u00e9rieure, votre barbecue, votre torche de jardin et votre four \u00e0 bois","publisher":{"@id":"https:\/\/bulaoutdoor.nl\/#organization"},"potentialAction":[{"@type":"SearchAction","target":{"@type":"EntryPoint","urlTemplate":"https:\/\/bulaoutdoor.nl\/?s={search_term_string}"},"query-input":{"@type":"PropertyValueSpecification","valueRequired":true,"valueName":"search_term_string"}}],"inLanguage":"fr-FR"},{"@type":"Organization","@id":"https:\/\/bulaoutdoor.nl\/#organization","name":"Bula Outdoor","url":"https:\/\/bulaoutdoor.nl\/","logo":{"@type":"ImageObject","inLanguage":"fr-FR","@id":"https:\/\/bulaoutdoor.nl\/#\/schema\/logo\/image\/","url":"https:\/\/www.bulaoutdoor.nl\/wp-content\/uploads\/2018\/04\/bulaoutdoor-logo.png","contentUrl":"https:\/\/www.bulaoutdoor.nl\/wp-content\/uploads\/2018\/04\/bulaoutdoor-logo.png","width":324,"height":91,"caption":"Bula Outdoor"},"image":{"@id":"https:\/\/bulaoutdoor.nl\/#\/schema\/logo\/image\/"}}]}},"jetpack_sharing_enabled":true,"_links":{"self":[{"href":"https:\/\/bulaoutdoor.nl\/fr\/wp-json\/wp\/v2\/product\/11185","targetHints":{"allow":["GET"]}}],"collection":[{"href":"https:\/\/bulaoutdoor.nl\/fr\/wp-json\/wp\/v2\/product"}],"about":[{"href":"https:\/\/bulaoutdoor.nl\/fr\/wp-json\/wp\/v2\/types\/product"}],"replies":[{"embeddable":true,"href":"https:\/\/bulaoutdoor.nl\/fr\/wp-json\/wp\/v2\/comments?post=11185"}],"wp:featuredmedia":[{"embeddable":true,"href":"https:\/\/bulaoutdoor.nl\/fr\/wp-json\/wp\/v2\/media\/11198"}],"wp:attachment":[{"href":"https:\/\/bulaoutdoor.nl\/fr\/wp-json\/wp\/v2\/media?parent=11185"}],"wp:term":[{"taxonomy":"product_brand","embeddable":true,"href":"https:\/\/bulaoutdoor.nl\/fr\/wp-json\/wp\/v2\/product_brand?post=11185"},{"taxonomy":"product_cat","embeddable":true,"href":"https:\/\/bulaoutdoor.nl\/fr\/wp-json\/wp\/v2\/product_cat?post=11185"},{"taxonomy":"product_tag","embeddable":true,"href":"https:\/\/bulaoutdoor.nl\/fr\/wp-json\/wp\/v2\/product_tag?post=11185"}],"curies":[{"name":"wp","href":"https:\/\/api.w.org\/{rel}","templated":true}]}}