{"id":11479,"date":"2021-06-15T21:23:41","date_gmt":"2021-06-15T21:23:41","guid":{"rendered":"https:\/\/www.bulaoutdoor.nl\/?post_type=product&#038;p=11479"},"modified":"2024-05-14T09:21:24","modified_gmt":"2024-05-14T09:21:24","slug":"grille-degouttage-kamado-round","status":"publish","type":"product","link":"https:\/\/bulaoutdoor.nl\/fr\/product\/druiprek-kamado-round\/","title":{"rendered":"Grille d'\u00e9gouttage Kamado Round"},"content":{"rendered":"<p>La grille d'\u00e9gouttage peut \u00eatre utilis\u00e9e avec :<\/p>\n<ul>\n<li>La plaque r\u00e9flectrice permet la cuisson indirecte.<\/li>\n<li>Le bac de r\u00e9cup\u00e9ration demi-rond pour r\u00e9cup\u00e9rer les graisses.<\/li>\n<li>Cliquez sur l'image avec la plaque r\u00e9flectrice pour commander le set complet.<\/li>\n<\/ul>\n<div id=\"gallery-1\" class=\"gallery galleryid-10704 gallery-columns-2 gallery-size-full\">\n<div id='gallery-1' class='gallery galleryid-11479 gallery-columns-1 gallery-size-full'><figure class='gallery-item'>\n\t\t\t<div class='gallery-icon landscape'>\n\t\t\t\t<a href='https:\/\/bulaoutdoor.nl\/fr\/?attachment_id=11480'><img loading=\"lazy\" decoding=\"async\" width=\"600\" height=\"600\" src=\"https:\/\/bulaoutdoor.nl\/wp-content\/uploads\/2021\/06\/druiprek-kamadoround-met-platen-architectural-scale-2_00x-gigapixel.jpg\" class=\"attachment-full size-full\" alt=\"\" aria-describedby=\"gallery-1-11480\" srcset=\"https:\/\/bulaoutdoor.nl\/wp-content\/uploads\/2021\/06\/druiprek-kamadoround-met-platen-architectural-scale-2_00x-gigapixel.jpg 600w, https:\/\/bulaoutdoor.nl\/wp-content\/uploads\/2021\/06\/druiprek-kamadoround-met-platen-architectural-scale-2_00x-gigapixel-300x300.jpg 300w, https:\/\/bulaoutdoor.nl\/wp-content\/uploads\/2021\/06\/druiprek-kamadoround-met-platen-architectural-scale-2_00x-gigapixel-150x150.jpg 150w, https:\/\/bulaoutdoor.nl\/wp-content\/uploads\/2021\/06\/druiprek-kamadoround-met-platen-architectural-scale-2_00x-gigapixel-324x324.jpg 324w, https:\/\/bulaoutdoor.nl\/wp-content\/uploads\/2021\/06\/druiprek-kamadoround-met-platen-architectural-scale-2_00x-gigapixel-416x416.jpg 416w, https:\/\/bulaoutdoor.nl\/wp-content\/uploads\/2021\/06\/druiprek-kamadoround-met-platen-architectural-scale-2_00x-gigapixel-100x100.jpg 100w\" sizes=\"auto, (max-width: 600px) 100vw, 600px\" \/><\/a>\n\t\t\t<\/div>\n\t\t\t\t<figcaption class='wp-caption-text gallery-caption' id='gallery-1-11480'>\n\t\t\t\tPorte-gouttes avec plaque r\u00e9flectrice\n\t\t\t\t<\/figcaption><\/figure>\n\t\t<\/div>\n\n<\/div>\n<ul>\n<li>La grille d'\u00e9gouttage est en acier inoxydable.<\/li>\n<li>Cette version est faite sur mesure pour le Primo Kamado Round.<\/li>\n<\/ul>","protected":false},"excerpt":{"rendered":"<p>Le porte-gouttes pour le Primo Kamado Round. Commandez-la maintenant ou cliquez ci-dessous sur la version avec la plaque r\u00e9flectrice pour la commander directement.<\/p>","protected":false},"featured_media":11481,"comment_status":"open","ping_status":"closed","template":"","meta":{"_acf_changed":false},"product_brand":[],"product_cat":[395],"product_tag":[581,580],"class_list":{"0":"post-11479","1":"product","2":"type-product","3":"status-publish","4":"has-post-thumbnail","6":"product_cat-kamado-round-primo-accessoires","7":"product_tag-druiprek-kamado-round","8":"product_tag-pg00331","10":"first","11":"instock","12":"taxable","13":"shipping-taxable","14":"purchasable","15":"product-type-simple"},"acf":[],"yoast_head":"<!-- This site is optimized with the Yoast SEO plugin v27.6 - https:\/\/yoast.com\/product\/yoast-seo-wordpress\/ -->\n<title>Druiprek Kamado Round &#8211; Bula Outdoor<\/title>\n<meta name=\"robots\" content=\"index, follow, max-snippet:-1, max-image-preview:large, max-video-preview:-1\" \/>\n<link rel=\"canonical\" href=\"https:\/\/bulaoutdoor.nl\/fr\/produit\/grille-degouttage-kamado-round\/\" \/>\n<meta property=\"og:locale\" content=\"fr_FR\" \/>\n<meta property=\"og:type\" content=\"article\" \/>\n<meta property=\"og:title\" content=\"Druiprek Kamado Round &#8211; Bula Outdoor\" \/>\n<meta property=\"og:description\" content=\"Het druiprek voor de Primo Kamado Round. Bestel hem nu direct of klik hieronder op de versie met de reflectorplaat om die direct mee te bestellen.\" \/>\n<meta property=\"og:url\" content=\"https:\/\/bulaoutdoor.nl\/fr\/produit\/grille-degouttage-kamado-round\/\" \/>\n<meta property=\"og:site_name\" content=\"Bula Outdoor\" \/>\n<meta property=\"article:modified_time\" content=\"2024-05-14T09:21:24+00:00\" \/>\n<meta property=\"og:image\" content=\"https:\/\/bulaoutdoor.nl\/wp-content\/uploads\/2021\/06\/druiprek-kamadoround.jpg\" \/>\n\t<meta property=\"og:image:width\" content=\"300\" \/>\n\t<meta property=\"og:image:height\" content=\"300\" \/>\n\t<meta property=\"og:image:type\" content=\"image\/jpeg\" \/>\n<meta name=\"twitter:card\" content=\"summary_large_image\" \/>\n<meta name=\"twitter:label1\" content=\"Dur\u00e9e de lecture estim\u00e9e\" \/>\n\t<meta name=\"twitter:data1\" content=\"1 minute\" \/>\n<script type=\"application\/ld+json\" class=\"yoast-schema-graph\">{\"@context\":\"https:\\\/\\\/schema.org\",\"@graph\":[{\"@type\":\"WebPage\",\"@id\":\"https:\\\/\\\/bulaoutdoor.nl\\\/product\\\/druiprek-kamado-round\\\/\",\"url\":\"https:\\\/\\\/bulaoutdoor.nl\\\/product\\\/druiprek-kamado-round\\\/\",\"name\":\"Druiprek Kamado Round &#8211; Bula Outdoor\",\"isPartOf\":{\"@id\":\"https:\\\/\\\/bulaoutdoor.nl\\\/#website\"},\"primaryImageOfPage\":{\"@id\":\"https:\\\/\\\/bulaoutdoor.nl\\\/product\\\/druiprek-kamado-round\\\/#primaryimage\"},\"image\":{\"@id\":\"https:\\\/\\\/bulaoutdoor.nl\\\/product\\\/druiprek-kamado-round\\\/#primaryimage\"},\"thumbnailUrl\":\"https:\\\/\\\/bulaoutdoor.nl\\\/wp-content\\\/uploads\\\/2021\\\/06\\\/druiprek-kamadoround.jpg\",\"datePublished\":\"2021-06-15T21:23:41+00:00\",\"dateModified\":\"2024-05-14T09:21:24+00:00\",\"breadcrumb\":{\"@id\":\"https:\\\/\\\/bulaoutdoor.nl\\\/product\\\/druiprek-kamado-round\\\/#breadcrumb\"},\"inLanguage\":\"fr-FR\",\"potentialAction\":[{\"@type\":\"ReadAction\",\"target\":[\"https:\\\/\\\/bulaoutdoor.nl\\\/product\\\/druiprek-kamado-round\\\/\"]}]},{\"@type\":\"ImageObject\",\"inLanguage\":\"fr-FR\",\"@id\":\"https:\\\/\\\/bulaoutdoor.nl\\\/product\\\/druiprek-kamado-round\\\/#primaryimage\",\"url\":\"https:\\\/\\\/bulaoutdoor.nl\\\/wp-content\\\/uploads\\\/2021\\\/06\\\/druiprek-kamadoround.jpg\",\"contentUrl\":\"https:\\\/\\\/bulaoutdoor.nl\\\/wp-content\\\/uploads\\\/2021\\\/06\\\/druiprek-kamadoround.jpg\",\"width\":300,\"height\":300,\"caption\":\"druiprek kamadoround\"},{\"@type\":\"BreadcrumbList\",\"@id\":\"https:\\\/\\\/bulaoutdoor.nl\\\/product\\\/druiprek-kamado-round\\\/#breadcrumb\",\"itemListElement\":[{\"@type\":\"ListItem\",\"position\":1,\"name\":\"Home\",\"item\":\"https:\\\/\\\/bulaoutdoor.nl\\\/\"},{\"@type\":\"ListItem\",\"position\":2,\"name\":\"Online BBQ kopen\",\"item\":\"https:\\\/\\\/bulaoutdoor.nl\\\/\"},{\"@type\":\"ListItem\",\"position\":3,\"name\":\"Druiprek Kamado Round\"}]},{\"@type\":\"WebSite\",\"@id\":\"https:\\\/\\\/bulaoutdoor.nl\\\/#website\",\"url\":\"https:\\\/\\\/bulaoutdoor.nl\\\/\",\"name\":\"Bula Outdoor\",\"description\":\"Voor uw buitenhaard, BBQ, tuinfakkel en houtoven\",\"publisher\":{\"@id\":\"https:\\\/\\\/bulaoutdoor.nl\\\/#organization\"},\"potentialAction\":[{\"@type\":\"SearchAction\",\"target\":{\"@type\":\"EntryPoint\",\"urlTemplate\":\"https:\\\/\\\/bulaoutdoor.nl\\\/?s={search_term_string}\"},\"query-input\":{\"@type\":\"PropertyValueSpecification\",\"valueRequired\":true,\"valueName\":\"search_term_string\"}}],\"inLanguage\":\"fr-FR\"},{\"@type\":\"Organization\",\"@id\":\"https:\\\/\\\/bulaoutdoor.nl\\\/#organization\",\"name\":\"Bula Outdoor\",\"url\":\"https:\\\/\\\/bulaoutdoor.nl\\\/\",\"logo\":{\"@type\":\"ImageObject\",\"inLanguage\":\"fr-FR\",\"@id\":\"https:\\\/\\\/bulaoutdoor.nl\\\/#\\\/schema\\\/logo\\\/image\\\/\",\"url\":\"https:\\\/\\\/www.bulaoutdoor.nl\\\/wp-content\\\/uploads\\\/2018\\\/04\\\/bulaoutdoor-logo.png\",\"contentUrl\":\"https:\\\/\\\/www.bulaoutdoor.nl\\\/wp-content\\\/uploads\\\/2018\\\/04\\\/bulaoutdoor-logo.png\",\"width\":324,\"height\":91,\"caption\":\"Bula Outdoor\"},\"image\":{\"@id\":\"https:\\\/\\\/bulaoutdoor.nl\\\/#\\\/schema\\\/logo\\\/image\\\/\"}}]}<\/script>\n<!-- \/ Yoast SEO plugin. -->","yoast_head_json":{"title":"Porte-gouttes Kamado Round - Bula Outdoor","robots":{"index":"index","follow":"follow","max-snippet":"max-snippet:-1","max-image-preview":"max-image-preview:large","max-video-preview":"max-video-preview:-1"},"canonical":"https:\/\/bulaoutdoor.nl\/fr\/produit\/grille-degouttage-kamado-round\/","og_locale":"fr_FR","og_type":"article","og_title":"Druiprek Kamado Round &#8211; Bula Outdoor","og_description":"Het druiprek voor de Primo Kamado Round. Bestel hem nu direct of klik hieronder op de versie met de reflectorplaat om die direct mee te bestellen.","og_url":"https:\/\/bulaoutdoor.nl\/fr\/produit\/grille-degouttage-kamado-round\/","og_site_name":"Bula Outdoor","article_modified_time":"2024-05-14T09:21:24+00:00","og_image":[{"width":300,"height":300,"url":"https:\/\/bulaoutdoor.nl\/wp-content\/uploads\/2021\/06\/druiprek-kamadoround.jpg","type":"image\/jpeg"}],"twitter_card":"summary_large_image","twitter_misc":{"Dur\u00e9e de lecture estim\u00e9e":"1 minute"},"schema":{"@context":"https:\/\/schema.org","@graph":[{"@type":"WebPage","@id":"https:\/\/bulaoutdoor.nl\/product\/druiprek-kamado-round\/","url":"https:\/\/bulaoutdoor.nl\/product\/druiprek-kamado-round\/","name":"Porte-gouttes Kamado Round - Bula Outdoor","isPartOf":{"@id":"https:\/\/bulaoutdoor.nl\/#website"},"primaryImageOfPage":{"@id":"https:\/\/bulaoutdoor.nl\/product\/druiprek-kamado-round\/#primaryimage"},"image":{"@id":"https:\/\/bulaoutdoor.nl\/product\/druiprek-kamado-round\/#primaryimage"},"thumbnailUrl":"https:\/\/bulaoutdoor.nl\/wp-content\/uploads\/2021\/06\/druiprek-kamadoround.jpg","datePublished":"2021-06-15T21:23:41+00:00","dateModified":"2024-05-14T09:21:24+00:00","breadcrumb":{"@id":"https:\/\/bulaoutdoor.nl\/product\/druiprek-kamado-round\/#breadcrumb"},"inLanguage":"fr-FR","potentialAction":[{"@type":"ReadAction","target":["https:\/\/bulaoutdoor.nl\/product\/druiprek-kamado-round\/"]}]},{"@type":"ImageObject","inLanguage":"fr-FR","@id":"https:\/\/bulaoutdoor.nl\/product\/druiprek-kamado-round\/#primaryimage","url":"https:\/\/bulaoutdoor.nl\/wp-content\/uploads\/2021\/06\/druiprek-kamadoround.jpg","contentUrl":"https:\/\/bulaoutdoor.nl\/wp-content\/uploads\/2021\/06\/druiprek-kamadoround.jpg","width":300,"height":300,"caption":"druiprek kamadoround"},{"@type":"BreadcrumbList","@id":"https:\/\/bulaoutdoor.nl\/product\/druiprek-kamado-round\/#breadcrumb","itemListElement":[{"@type":"ListItem","position":1,"name":"Home","item":"https:\/\/bulaoutdoor.nl\/"},{"@type":"ListItem","position":2,"name":"Online BBQ kopen","item":"https:\/\/bulaoutdoor.nl\/"},{"@type":"ListItem","position":3,"name":"Druiprek Kamado Round"}]},{"@type":"WebSite","@id":"https:\/\/bulaoutdoor.nl\/#website","url":"https:\/\/bulaoutdoor.nl\/","name":"Bula Outdoor","description":"Pour votre chemin\u00e9e ext\u00e9rieure, votre barbecue, votre torche de jardin et votre four \u00e0 bois","publisher":{"@id":"https:\/\/bulaoutdoor.nl\/#organization"},"potentialAction":[{"@type":"SearchAction","target":{"@type":"EntryPoint","urlTemplate":"https:\/\/bulaoutdoor.nl\/?s={search_term_string}"},"query-input":{"@type":"PropertyValueSpecification","valueRequired":true,"valueName":"search_term_string"}}],"inLanguage":"fr-FR"},{"@type":"Organization","@id":"https:\/\/bulaoutdoor.nl\/#organization","name":"Bula Outdoor","url":"https:\/\/bulaoutdoor.nl\/","logo":{"@type":"ImageObject","inLanguage":"fr-FR","@id":"https:\/\/bulaoutdoor.nl\/#\/schema\/logo\/image\/","url":"https:\/\/www.bulaoutdoor.nl\/wp-content\/uploads\/2018\/04\/bulaoutdoor-logo.png","contentUrl":"https:\/\/www.bulaoutdoor.nl\/wp-content\/uploads\/2018\/04\/bulaoutdoor-logo.png","width":324,"height":91,"caption":"Bula Outdoor"},"image":{"@id":"https:\/\/bulaoutdoor.nl\/#\/schema\/logo\/image\/"}}]}},"jetpack_sharing_enabled":true,"_links":{"self":[{"href":"https:\/\/bulaoutdoor.nl\/fr\/wp-json\/wp\/v2\/product\/11479","targetHints":{"allow":["GET"]}}],"collection":[{"href":"https:\/\/bulaoutdoor.nl\/fr\/wp-json\/wp\/v2\/product"}],"about":[{"href":"https:\/\/bulaoutdoor.nl\/fr\/wp-json\/wp\/v2\/types\/product"}],"replies":[{"embeddable":true,"href":"https:\/\/bulaoutdoor.nl\/fr\/wp-json\/wp\/v2\/comments?post=11479"}],"wp:featuredmedia":[{"embeddable":true,"href":"https:\/\/bulaoutdoor.nl\/fr\/wp-json\/wp\/v2\/media\/11481"}],"wp:attachment":[{"href":"https:\/\/bulaoutdoor.nl\/fr\/wp-json\/wp\/v2\/media?parent=11479"}],"wp:term":[{"taxonomy":"product_brand","embeddable":true,"href":"https:\/\/bulaoutdoor.nl\/fr\/wp-json\/wp\/v2\/product_brand?post=11479"},{"taxonomy":"product_cat","embeddable":true,"href":"https:\/\/bulaoutdoor.nl\/fr\/wp-json\/wp\/v2\/product_cat?post=11479"},{"taxonomy":"product_tag","embeddable":true,"href":"https:\/\/bulaoutdoor.nl\/fr\/wp-json\/wp\/v2\/product_tag?post=11479"}],"curies":[{"name":"wp","href":"https:\/\/api.w.org\/{rel}","templated":true}]}}