{"id":11519,"date":"2021-06-21T11:09:56","date_gmt":"2021-06-21T11:09:56","guid":{"rendered":"https:\/\/www.bulaoutdoor.nl\/?post_type=product&#038;p=11519"},"modified":"2024-05-14T09:03:59","modified_gmt":"2024-05-14T09:03:59","slug":"options-degouttoir-pour-le-kamado-round","status":"publish","type":"product","link":"https:\/\/bulaoutdoor.nl\/fr\/product\/druiprek-opties-voor-de-kamado-round\/","title":{"rendered":"Options d'\u00e9gouttoirs pour le Kamado Round"},"content":{"rendered":"<p>La grille d'\u00e9gouttage peut \u00eatre utilis\u00e9e avec :<\/p>\n<ul>\n<li>La plaque r\u00e9flectrice permet de cr\u00e9er un fumoir et une cuisson indirecte.<\/li>\n<li>Le bac de r\u00e9cup\u00e9ration demi-rond pour r\u00e9cup\u00e9rer la graisse ou l'ajout d'eau dans le bac permet de garder la viande juteuse pendant les sessions de fumage prolong\u00e9es.<br \/>\n<div id='gallery-1' class='gallery galleryid-11519 gallery-columns-3 gallery-size-full'><figure class='gallery-item'>\n\t\t\t<div class='gallery-icon landscape'>\n\t\t\t\t<a href='https:\/\/bulaoutdoor.nl\/fr\/?attachment_id=11481'><img loading=\"lazy\" decoding=\"async\" width=\"300\" height=\"300\" src=\"https:\/\/bulaoutdoor.nl\/wp-content\/uploads\/2021\/06\/druiprek-kamadoround.jpg\" class=\"attachment-full size-full\" alt=\"\" aria-describedby=\"gallery-1-11481\" srcset=\"https:\/\/bulaoutdoor.nl\/wp-content\/uploads\/2021\/06\/druiprek-kamadoround.jpg 300w, https:\/\/bulaoutdoor.nl\/wp-content\/uploads\/2021\/06\/druiprek-kamadoround-150x150.jpg 150w, https:\/\/bulaoutdoor.nl\/wp-content\/uploads\/2021\/06\/druiprek-kamadoround-100x100.jpg 100w\" sizes=\"auto, (max-width: 300px) 100vw, 300px\" \/><\/a>\n\t\t\t<\/div>\n\t\t\t\t<figcaption class='wp-caption-text gallery-caption' id='gallery-1-11481'>\n\t\t\t\tgrille d'\u00e9gouttage kamadoround\n\t\t\t\t<\/figcaption><\/figure><figure class='gallery-item'>\n\t\t\t<div class='gallery-icon landscape'>\n\t\t\t\t<a href='https:\/\/bulaoutdoor.nl\/fr\/?attachment_id=11520'><img loading=\"lazy\" decoding=\"async\" width=\"478\" height=\"478\" src=\"https:\/\/bulaoutdoor.nl\/wp-content\/uploads\/2021\/06\/kam-overzicht.jpg\" class=\"attachment-full size-full\" alt=\"\" aria-describedby=\"gallery-1-11520\" srcset=\"https:\/\/bulaoutdoor.nl\/wp-content\/uploads\/2021\/06\/kam-overzicht.jpg 478w, https:\/\/bulaoutdoor.nl\/wp-content\/uploads\/2021\/06\/kam-overzicht-300x300.jpg 300w, https:\/\/bulaoutdoor.nl\/wp-content\/uploads\/2021\/06\/kam-overzicht-150x150.jpg 150w, https:\/\/bulaoutdoor.nl\/wp-content\/uploads\/2021\/06\/kam-overzicht-324x324.jpg 324w, https:\/\/bulaoutdoor.nl\/wp-content\/uploads\/2021\/06\/kam-overzicht-416x416.jpg 416w, https:\/\/bulaoutdoor.nl\/wp-content\/uploads\/2021\/06\/kam-overzicht-100x100.jpg 100w\" sizes=\"auto, (max-width: 478px) 100vw, 478px\" \/><\/a>\n\t\t\t<\/div>\n\t\t\t\t<figcaption class='wp-caption-text gallery-caption' id='gallery-1-11520'>\n\t\t\t\tBac de r\u00e9tention demi-rond Kamadoround\n\t\t\t\t<\/figcaption><\/figure><figure class='gallery-item'>\n\t\t\t<div class='gallery-icon landscape'>\n\t\t\t\t<a href='https:\/\/bulaoutdoor.nl\/fr\/?attachment_id=11521'><img loading=\"lazy\" decoding=\"async\" width=\"600\" height=\"600\" src=\"https:\/\/bulaoutdoor.nl\/wp-content\/uploads\/2021\/06\/overzicht-druiprek-kamadoround-met-platen-architectural-scale-2_00x-gigapixel.jpg\" class=\"attachment-full size-full\" alt=\"grille d&#039;\u00e9gouttage plaque r\u00e9flectrice ronde kamado\" aria-describedby=\"gallery-1-11521\" srcset=\"https:\/\/bulaoutdoor.nl\/wp-content\/uploads\/2021\/06\/overzicht-druiprek-kamadoround-met-platen-architectural-scale-2_00x-gigapixel.jpg 600w, https:\/\/bulaoutdoor.nl\/wp-content\/uploads\/2021\/06\/overzicht-druiprek-kamadoround-met-platen-architectural-scale-2_00x-gigapixel-300x300.jpg 300w, https:\/\/bulaoutdoor.nl\/wp-content\/uploads\/2021\/06\/overzicht-druiprek-kamadoround-met-platen-architectural-scale-2_00x-gigapixel-150x150.jpg 150w, https:\/\/bulaoutdoor.nl\/wp-content\/uploads\/2021\/06\/overzicht-druiprek-kamadoround-met-platen-architectural-scale-2_00x-gigapixel-324x324.jpg 324w, https:\/\/bulaoutdoor.nl\/wp-content\/uploads\/2021\/06\/overzicht-druiprek-kamadoround-met-platen-architectural-scale-2_00x-gigapixel-416x416.jpg 416w, https:\/\/bulaoutdoor.nl\/wp-content\/uploads\/2021\/06\/overzicht-druiprek-kamadoround-met-platen-architectural-scale-2_00x-gigapixel-100x100.jpg 100w\" sizes=\"auto, (max-width: 600px) 100vw, 600px\" \/><\/a>\n\t\t\t<\/div>\n\t\t\t\t<figcaption class='wp-caption-text gallery-caption' id='gallery-1-11521'>\n\t\t\t\t\u00e9gouttoir kamado rond avec plaque r\u00e9flectrice\n\t\t\t\t<\/figcaption><\/figure>\n\t\t<\/div>\n<\/li>\n<li>La grille d'\u00e9gouttage est en acier inoxydable.<\/li>\n<li>Cette version est con\u00e7ue pour le Kamado Round.<\/li>\n<li>La plaque r\u00e9flectrice ne peut pas \u00eatre command\u00e9e s\u00e9par\u00e9ment.<\/li>\n<li>Un \u00e9gouttoir est n\u00e9cessaire pour utiliser le bac de collecte demi-rond.<\/li>\n<\/ul>","protected":false},"excerpt":{"rendered":"<p>La grille d'\u00e9gouttage pour le Primo Kamado Round. Commandez-le d\u00e8s maintenant ou s\u00e9lectionnez d'autres accessoires \u00e0 commander imm\u00e9diatement.<\/p>","protected":false},"featured_media":11535,"comment_status":"open","ping_status":"closed","template":"","meta":{"_acf_changed":false},"product_brand":[],"product_cat":[395],"product_tag":[581,580,579,520],"class_list":{"0":"post-11519","1":"product","2":"type-product","3":"status-publish","4":"has-post-thumbnail","6":"product_cat-kamado-round-primo-accessoires","7":"product_tag-druiprek-kamado-round","8":"product_tag-pg00331","9":"product_tag-pg00349","10":"product_tag-pgrdp","12":"first","13":"instock","14":"taxable","15":"shipping-taxable","16":"purchasable","17":"product-type-variable","18":"has-default-attributes"},"acf":[],"yoast_head":"<!-- This site is optimized with the Yoast SEO plugin v27.3 - https:\/\/yoast.com\/product\/yoast-seo-wordpress\/ -->\n<title>Druiprek opties voor de Kamado Round &#8211; Bula Outdoor<\/title>\n<meta name=\"robots\" content=\"index, follow, max-snippet:-1, max-image-preview:large, max-video-preview:-1\" \/>\n<link rel=\"canonical\" href=\"https:\/\/bulaoutdoor.nl\/fr\/produit\/options-degouttoir-pour-le-kamado-round\/\" \/>\n<meta property=\"og:locale\" content=\"fr_FR\" \/>\n<meta property=\"og:type\" content=\"article\" \/>\n<meta property=\"og:title\" content=\"Druiprek opties voor de Kamado Round &#8211; Bula Outdoor\" \/>\n<meta property=\"og:description\" content=\"Het druiprek voor de Primo Kamado Round. Bestel hem nu direct of selecteer extra accessoires om meteen mee te bestellen.\" \/>\n<meta property=\"og:url\" content=\"https:\/\/bulaoutdoor.nl\/fr\/produit\/options-degouttoir-pour-le-kamado-round\/\" \/>\n<meta property=\"og:site_name\" content=\"Bula Outdoor\" \/>\n<meta property=\"article:modified_time\" content=\"2024-05-14T09:03:59+00:00\" \/>\n<meta property=\"og:image\" content=\"https:\/\/bulaoutdoor.nl\/wp-content\/uploads\/2021\/06\/druiprek-plaat-bak-overview.jpg\" \/>\n\t<meta property=\"og:image:width\" content=\"900\" \/>\n\t<meta property=\"og:image:height\" content=\"900\" \/>\n\t<meta property=\"og:image:type\" content=\"image\/jpeg\" \/>\n<meta name=\"twitter:card\" content=\"summary_large_image\" \/>\n<meta name=\"twitter:label1\" content=\"Dur\u00e9e de lecture estim\u00e9e\" \/>\n\t<meta name=\"twitter:data1\" content=\"1 minute\" \/>\n<script type=\"application\/ld+json\" class=\"yoast-schema-graph\">{\"@context\":\"https:\\\/\\\/schema.org\",\"@graph\":[{\"@type\":\"WebPage\",\"@id\":\"https:\\\/\\\/bulaoutdoor.nl\\\/product\\\/druiprek-opties-voor-de-kamado-round\\\/\",\"url\":\"https:\\\/\\\/bulaoutdoor.nl\\\/product\\\/druiprek-opties-voor-de-kamado-round\\\/\",\"name\":\"Druiprek opties voor de Kamado Round &#8211; Bula Outdoor\",\"isPartOf\":{\"@id\":\"https:\\\/\\\/bulaoutdoor.nl\\\/#website\"},\"primaryImageOfPage\":{\"@id\":\"https:\\\/\\\/bulaoutdoor.nl\\\/product\\\/druiprek-opties-voor-de-kamado-round\\\/#primaryimage\"},\"image\":{\"@id\":\"https:\\\/\\\/bulaoutdoor.nl\\\/product\\\/druiprek-opties-voor-de-kamado-round\\\/#primaryimage\"},\"thumbnailUrl\":\"https:\\\/\\\/bulaoutdoor.nl\\\/wp-content\\\/uploads\\\/2021\\\/06\\\/druiprek-plaat-bak-overview.jpg\",\"datePublished\":\"2021-06-21T11:09:56+00:00\",\"dateModified\":\"2024-05-14T09:03:59+00:00\",\"breadcrumb\":{\"@id\":\"https:\\\/\\\/bulaoutdoor.nl\\\/product\\\/druiprek-opties-voor-de-kamado-round\\\/#breadcrumb\"},\"inLanguage\":\"fr-FR\",\"potentialAction\":[{\"@type\":\"ReadAction\",\"target\":[\"https:\\\/\\\/bulaoutdoor.nl\\\/product\\\/druiprek-opties-voor-de-kamado-round\\\/\"]}]},{\"@type\":\"ImageObject\",\"inLanguage\":\"fr-FR\",\"@id\":\"https:\\\/\\\/bulaoutdoor.nl\\\/product\\\/druiprek-opties-voor-de-kamado-round\\\/#primaryimage\",\"url\":\"https:\\\/\\\/bulaoutdoor.nl\\\/wp-content\\\/uploads\\\/2021\\\/06\\\/druiprek-plaat-bak-overview.jpg\",\"contentUrl\":\"https:\\\/\\\/bulaoutdoor.nl\\\/wp-content\\\/uploads\\\/2021\\\/06\\\/druiprek-plaat-bak-overview.jpg\",\"width\":900,\"height\":900},{\"@type\":\"BreadcrumbList\",\"@id\":\"https:\\\/\\\/bulaoutdoor.nl\\\/product\\\/druiprek-opties-voor-de-kamado-round\\\/#breadcrumb\",\"itemListElement\":[{\"@type\":\"ListItem\",\"position\":1,\"name\":\"Home\",\"item\":\"https:\\\/\\\/bulaoutdoor.nl\\\/\"},{\"@type\":\"ListItem\",\"position\":2,\"name\":\"Online BBQ kopen\",\"item\":\"https:\\\/\\\/bulaoutdoor.nl\\\/\"},{\"@type\":\"ListItem\",\"position\":3,\"name\":\"Druiprek opties voor de Kamado Round\"}]},{\"@type\":\"WebSite\",\"@id\":\"https:\\\/\\\/bulaoutdoor.nl\\\/#website\",\"url\":\"https:\\\/\\\/bulaoutdoor.nl\\\/\",\"name\":\"Bula Outdoor\",\"description\":\"Voor uw buitenhaard, BBQ, tuinfakkel en houtoven\",\"publisher\":{\"@id\":\"https:\\\/\\\/bulaoutdoor.nl\\\/#organization\"},\"potentialAction\":[{\"@type\":\"SearchAction\",\"target\":{\"@type\":\"EntryPoint\",\"urlTemplate\":\"https:\\\/\\\/bulaoutdoor.nl\\\/?s={search_term_string}\"},\"query-input\":{\"@type\":\"PropertyValueSpecification\",\"valueRequired\":true,\"valueName\":\"search_term_string\"}}],\"inLanguage\":\"fr-FR\"},{\"@type\":\"Organization\",\"@id\":\"https:\\\/\\\/bulaoutdoor.nl\\\/#organization\",\"name\":\"Bula Outdoor\",\"url\":\"https:\\\/\\\/bulaoutdoor.nl\\\/\",\"logo\":{\"@type\":\"ImageObject\",\"inLanguage\":\"fr-FR\",\"@id\":\"https:\\\/\\\/bulaoutdoor.nl\\\/#\\\/schema\\\/logo\\\/image\\\/\",\"url\":\"https:\\\/\\\/www.bulaoutdoor.nl\\\/wp-content\\\/uploads\\\/2018\\\/04\\\/bulaoutdoor-logo.png\",\"contentUrl\":\"https:\\\/\\\/www.bulaoutdoor.nl\\\/wp-content\\\/uploads\\\/2018\\\/04\\\/bulaoutdoor-logo.png\",\"width\":324,\"height\":91,\"caption\":\"Bula Outdoor\"},\"image\":{\"@id\":\"https:\\\/\\\/bulaoutdoor.nl\\\/#\\\/schema\\\/logo\\\/image\\\/\"}}]}<\/script>\n<!-- \/ Yoast SEO plugin. -->","yoast_head_json":{"title":"Options d'\u00e9gouttoirs pour le Kamado Round - Bula Outdoor","robots":{"index":"index","follow":"follow","max-snippet":"max-snippet:-1","max-image-preview":"max-image-preview:large","max-video-preview":"max-video-preview:-1"},"canonical":"https:\/\/bulaoutdoor.nl\/fr\/produit\/options-degouttoir-pour-le-kamado-round\/","og_locale":"fr_FR","og_type":"article","og_title":"Druiprek opties voor de Kamado Round &#8211; Bula Outdoor","og_description":"Het druiprek voor de Primo Kamado Round. Bestel hem nu direct of selecteer extra accessoires om meteen mee te bestellen.","og_url":"https:\/\/bulaoutdoor.nl\/fr\/produit\/options-degouttoir-pour-le-kamado-round\/","og_site_name":"Bula Outdoor","article_modified_time":"2024-05-14T09:03:59+00:00","og_image":[{"width":900,"height":900,"url":"https:\/\/bulaoutdoor.nl\/wp-content\/uploads\/2021\/06\/druiprek-plaat-bak-overview.jpg","type":"image\/jpeg"}],"twitter_card":"summary_large_image","twitter_misc":{"Dur\u00e9e de lecture estim\u00e9e":"1 minute"},"schema":{"@context":"https:\/\/schema.org","@graph":[{"@type":"WebPage","@id":"https:\/\/bulaoutdoor.nl\/product\/druiprek-opties-voor-de-kamado-round\/","url":"https:\/\/bulaoutdoor.nl\/product\/druiprek-opties-voor-de-kamado-round\/","name":"Options d'\u00e9gouttoirs pour le Kamado Round - Bula Outdoor","isPartOf":{"@id":"https:\/\/bulaoutdoor.nl\/#website"},"primaryImageOfPage":{"@id":"https:\/\/bulaoutdoor.nl\/product\/druiprek-opties-voor-de-kamado-round\/#primaryimage"},"image":{"@id":"https:\/\/bulaoutdoor.nl\/product\/druiprek-opties-voor-de-kamado-round\/#primaryimage"},"thumbnailUrl":"https:\/\/bulaoutdoor.nl\/wp-content\/uploads\/2021\/06\/druiprek-plaat-bak-overview.jpg","datePublished":"2021-06-21T11:09:56+00:00","dateModified":"2024-05-14T09:03:59+00:00","breadcrumb":{"@id":"https:\/\/bulaoutdoor.nl\/product\/druiprek-opties-voor-de-kamado-round\/#breadcrumb"},"inLanguage":"fr-FR","potentialAction":[{"@type":"ReadAction","target":["https:\/\/bulaoutdoor.nl\/product\/druiprek-opties-voor-de-kamado-round\/"]}]},{"@type":"ImageObject","inLanguage":"fr-FR","@id":"https:\/\/bulaoutdoor.nl\/product\/druiprek-opties-voor-de-kamado-round\/#primaryimage","url":"https:\/\/bulaoutdoor.nl\/wp-content\/uploads\/2021\/06\/druiprek-plaat-bak-overview.jpg","contentUrl":"https:\/\/bulaoutdoor.nl\/wp-content\/uploads\/2021\/06\/druiprek-plaat-bak-overview.jpg","width":900,"height":900},{"@type":"BreadcrumbList","@id":"https:\/\/bulaoutdoor.nl\/product\/druiprek-opties-voor-de-kamado-round\/#breadcrumb","itemListElement":[{"@type":"ListItem","position":1,"name":"Home","item":"https:\/\/bulaoutdoor.nl\/"},{"@type":"ListItem","position":2,"name":"Online BBQ kopen","item":"https:\/\/bulaoutdoor.nl\/"},{"@type":"ListItem","position":3,"name":"Druiprek opties voor de Kamado Round"}]},{"@type":"WebSite","@id":"https:\/\/bulaoutdoor.nl\/#website","url":"https:\/\/bulaoutdoor.nl\/","name":"Bula Outdoor","description":"Pour votre chemin\u00e9e ext\u00e9rieure, votre barbecue, votre torche de jardin et votre four \u00e0 bois","publisher":{"@id":"https:\/\/bulaoutdoor.nl\/#organization"},"potentialAction":[{"@type":"SearchAction","target":{"@type":"EntryPoint","urlTemplate":"https:\/\/bulaoutdoor.nl\/?s={search_term_string}"},"query-input":{"@type":"PropertyValueSpecification","valueRequired":true,"valueName":"search_term_string"}}],"inLanguage":"fr-FR"},{"@type":"Organization","@id":"https:\/\/bulaoutdoor.nl\/#organization","name":"Bula Outdoor","url":"https:\/\/bulaoutdoor.nl\/","logo":{"@type":"ImageObject","inLanguage":"fr-FR","@id":"https:\/\/bulaoutdoor.nl\/#\/schema\/logo\/image\/","url":"https:\/\/www.bulaoutdoor.nl\/wp-content\/uploads\/2018\/04\/bulaoutdoor-logo.png","contentUrl":"https:\/\/www.bulaoutdoor.nl\/wp-content\/uploads\/2018\/04\/bulaoutdoor-logo.png","width":324,"height":91,"caption":"Bula Outdoor"},"image":{"@id":"https:\/\/bulaoutdoor.nl\/#\/schema\/logo\/image\/"}}]}},"jetpack_sharing_enabled":true,"_links":{"self":[{"href":"https:\/\/bulaoutdoor.nl\/fr\/wp-json\/wp\/v2\/product\/11519","targetHints":{"allow":["GET"]}}],"collection":[{"href":"https:\/\/bulaoutdoor.nl\/fr\/wp-json\/wp\/v2\/product"}],"about":[{"href":"https:\/\/bulaoutdoor.nl\/fr\/wp-json\/wp\/v2\/types\/product"}],"replies":[{"embeddable":true,"href":"https:\/\/bulaoutdoor.nl\/fr\/wp-json\/wp\/v2\/comments?post=11519"}],"wp:featuredmedia":[{"embeddable":true,"href":"https:\/\/bulaoutdoor.nl\/fr\/wp-json\/wp\/v2\/media\/11535"}],"wp:attachment":[{"href":"https:\/\/bulaoutdoor.nl\/fr\/wp-json\/wp\/v2\/media?parent=11519"}],"wp:term":[{"taxonomy":"product_brand","embeddable":true,"href":"https:\/\/bulaoutdoor.nl\/fr\/wp-json\/wp\/v2\/product_brand?post=11519"},{"taxonomy":"product_cat","embeddable":true,"href":"https:\/\/bulaoutdoor.nl\/fr\/wp-json\/wp\/v2\/product_cat?post=11519"},{"taxonomy":"product_tag","embeddable":true,"href":"https:\/\/bulaoutdoor.nl\/fr\/wp-json\/wp\/v2\/product_tag?post=11519"}],"curies":[{"name":"wp","href":"https:\/\/api.w.org\/{rel}","templated":true}]}}