{"id":11608,"date":"2021-07-07T16:28:42","date_gmt":"2021-07-07T16:28:42","guid":{"rendered":"https:\/\/www.bulaoutdoor.nl\/?post_type=product&#038;p=11608"},"modified":"2023-12-13T12:44:36","modified_gmt":"2023-12-13T12:44:36","slug":"allume-feu-en-laine-de-bois-32-pieces-choix-vert","status":"publish","type":"product","link":"https:\/\/bulaoutdoor.nl\/fr\/product\/aanmaakblokjes-van-houtwol-32-stuks-groene-keuze\/","title":{"rendered":"Allume-feu en laine de bois 32 pi\u00e8ces dans un tambour de stockage"},"content":{"rendered":"<p>Cet allume-feu \u00e9cologiquement responsable est compos\u00e9 de bois naturel certifi\u00e9 FSC\u00ae et de cire v\u00e9g\u00e9tale.<\/p>\n<ul>\n<li>100% fabriqu\u00e9 \u00e0 partir de ressources renouvelables.<\/li>\n<li>Fabriqu\u00e9 en bois certifi\u00e9 FSC\u00ae.<\/li>\n<li>Conforme \u00e0 la norme DIN EN 1860-3 relative aux cubes allume-barbecue.<\/li>\n<li>Le tambour contient 32 pi\u00e8ces d'allume-feu en laine de bois. Environ 500 grammes.<\/li>\n<\/ul>\n<p><iframe loading=\"lazy\" title=\"BOOMEX Product video Firelighter laine de bois\" width=\"980\" height=\"551\" src=\"https:\/\/www.youtube.com\/embed\/Xiaabh2edTg?start=25&#038;feature=oembed&#038;enablejsapi=1&#038;origin=https:\/\/bulaoutdoor.nl\" frameborder=\"0\" allow=\"accelerometer; autoplay; clipboard-write; encrypted-media; gyroscope; picture-in-picture; web-share\" allowfullscreen><\/iframe><\/p>","protected":false},"excerpt":{"rendered":"<p>Un choix respectueux de l'environnement pour les allume-feu.<\/p>","protected":false},"featured_media":11612,"comment_status":"open","ping_status":"closed","template":"","meta":{"_acf_changed":false},"product_brand":[],"product_cat":[619],"product_tag":[603,738,600,601],"class_list":{"0":"post-11608","1":"product","2":"type-product","3":"status-publish","4":"has-post-thumbnail","6":"product_cat-vuuraanmakers","7":"product_tag-aanmaakblokjes-barbecue-eco","8":"product_tag-boomex-flash-90340","9":"product_tag-flash-ecologisch-houtwol","10":"product_tag-flash-green-houtwol","12":"first","13":"outofstock","14":"taxable","15":"shipping-taxable","16":"purchasable","17":"product-type-simple"},"acf":[],"yoast_head":"<!-- This site is optimized with the Yoast SEO plugin v27.3 - https:\/\/yoast.com\/product\/yoast-seo-wordpress\/ -->\n<title>Aanmaakblokjes van houtwol 32 stuks in bewaartrommel &#8211; Bula Outdoor<\/title>\n<meta name=\"robots\" content=\"index, follow, max-snippet:-1, max-image-preview:large, max-video-preview:-1\" \/>\n<link rel=\"canonical\" href=\"https:\/\/bulaoutdoor.nl\/fr\/produit\/allume-feu-en-laine-de-bois-32-pieces-choix-vert\/\" \/>\n<meta property=\"og:locale\" content=\"fr_FR\" \/>\n<meta property=\"og:type\" content=\"article\" \/>\n<meta property=\"og:title\" content=\"Aanmaakblokjes van houtwol 32 stuks in bewaartrommel &#8211; Bula Outdoor\" \/>\n<meta property=\"og:description\" content=\"Een ecologisch verantwoorde keuze voor aanmaakblokjes.\" \/>\n<meta property=\"og:url\" content=\"https:\/\/bulaoutdoor.nl\/fr\/produit\/allume-feu-en-laine-de-bois-32-pieces-choix-vert\/\" \/>\n<meta property=\"og:site_name\" content=\"Bula Outdoor\" \/>\n<meta property=\"article:modified_time\" content=\"2023-12-13T12:44:36+00:00\" \/>\n<meta property=\"og:image\" content=\"https:\/\/bulaoutdoor.nl\/wp-content\/uploads\/2021\/06\/90340-FLASH-Anzundwolle-32er-Dose-1030x1030-1.jpg\" \/>\n\t<meta property=\"og:image:width\" content=\"1030\" \/>\n\t<meta property=\"og:image:height\" content=\"1030\" \/>\n\t<meta property=\"og:image:type\" content=\"image\/jpeg\" \/>\n<meta name=\"twitter:card\" content=\"summary_large_image\" \/>\n<meta name=\"twitter:label1\" content=\"Dur\u00e9e de lecture estim\u00e9e\" \/>\n\t<meta name=\"twitter:data1\" content=\"1 minute\" \/>\n<script type=\"application\/ld+json\" class=\"yoast-schema-graph\">{\"@context\":\"https:\\\/\\\/schema.org\",\"@graph\":[{\"@type\":\"WebPage\",\"@id\":\"https:\\\/\\\/bulaoutdoor.nl\\\/product\\\/aanmaakblokjes-van-houtwol-32-stuks-groene-keuze\\\/\",\"url\":\"https:\\\/\\\/bulaoutdoor.nl\\\/product\\\/aanmaakblokjes-van-houtwol-32-stuks-groene-keuze\\\/\",\"name\":\"Aanmaakblokjes van houtwol 32 stuks in bewaartrommel &#8211; Bula Outdoor\",\"isPartOf\":{\"@id\":\"https:\\\/\\\/bulaoutdoor.nl\\\/#website\"},\"primaryImageOfPage\":{\"@id\":\"https:\\\/\\\/bulaoutdoor.nl\\\/product\\\/aanmaakblokjes-van-houtwol-32-stuks-groene-keuze\\\/#primaryimage\"},\"image\":{\"@id\":\"https:\\\/\\\/bulaoutdoor.nl\\\/product\\\/aanmaakblokjes-van-houtwol-32-stuks-groene-keuze\\\/#primaryimage\"},\"thumbnailUrl\":\"https:\\\/\\\/bulaoutdoor.nl\\\/wp-content\\\/uploads\\\/2021\\\/06\\\/90340-FLASH-Anzundwolle-32er-Dose-1030x1030-1.jpg\",\"datePublished\":\"2021-07-07T16:28:42+00:00\",\"dateModified\":\"2023-12-13T12:44:36+00:00\",\"breadcrumb\":{\"@id\":\"https:\\\/\\\/bulaoutdoor.nl\\\/product\\\/aanmaakblokjes-van-houtwol-32-stuks-groene-keuze\\\/#breadcrumb\"},\"inLanguage\":\"fr-FR\",\"potentialAction\":[{\"@type\":\"ReadAction\",\"target\":[\"https:\\\/\\\/bulaoutdoor.nl\\\/product\\\/aanmaakblokjes-van-houtwol-32-stuks-groene-keuze\\\/\"]}]},{\"@type\":\"ImageObject\",\"inLanguage\":\"fr-FR\",\"@id\":\"https:\\\/\\\/bulaoutdoor.nl\\\/product\\\/aanmaakblokjes-van-houtwol-32-stuks-groene-keuze\\\/#primaryimage\",\"url\":\"https:\\\/\\\/bulaoutdoor.nl\\\/wp-content\\\/uploads\\\/2021\\\/06\\\/90340-FLASH-Anzundwolle-32er-Dose-1030x1030-1.jpg\",\"contentUrl\":\"https:\\\/\\\/bulaoutdoor.nl\\\/wp-content\\\/uploads\\\/2021\\\/06\\\/90340-FLASH-Anzundwolle-32er-Dose-1030x1030-1.jpg\",\"width\":1030,\"height\":1030},{\"@type\":\"BreadcrumbList\",\"@id\":\"https:\\\/\\\/bulaoutdoor.nl\\\/product\\\/aanmaakblokjes-van-houtwol-32-stuks-groene-keuze\\\/#breadcrumb\",\"itemListElement\":[{\"@type\":\"ListItem\",\"position\":1,\"name\":\"Home\",\"item\":\"https:\\\/\\\/bulaoutdoor.nl\\\/\"},{\"@type\":\"ListItem\",\"position\":2,\"name\":\"Online BBQ kopen\",\"item\":\"https:\\\/\\\/bulaoutdoor.nl\\\/\"},{\"@type\":\"ListItem\",\"position\":3,\"name\":\"Aanmaakblokjes van houtwol 32 stuks in bewaartrommel\"}]},{\"@type\":\"WebSite\",\"@id\":\"https:\\\/\\\/bulaoutdoor.nl\\\/#website\",\"url\":\"https:\\\/\\\/bulaoutdoor.nl\\\/\",\"name\":\"Bula Outdoor\",\"description\":\"Voor uw buitenhaard, BBQ, tuinfakkel en houtoven\",\"publisher\":{\"@id\":\"https:\\\/\\\/bulaoutdoor.nl\\\/#organization\"},\"potentialAction\":[{\"@type\":\"SearchAction\",\"target\":{\"@type\":\"EntryPoint\",\"urlTemplate\":\"https:\\\/\\\/bulaoutdoor.nl\\\/?s={search_term_string}\"},\"query-input\":{\"@type\":\"PropertyValueSpecification\",\"valueRequired\":true,\"valueName\":\"search_term_string\"}}],\"inLanguage\":\"fr-FR\"},{\"@type\":\"Organization\",\"@id\":\"https:\\\/\\\/bulaoutdoor.nl\\\/#organization\",\"name\":\"Bula Outdoor\",\"url\":\"https:\\\/\\\/bulaoutdoor.nl\\\/\",\"logo\":{\"@type\":\"ImageObject\",\"inLanguage\":\"fr-FR\",\"@id\":\"https:\\\/\\\/bulaoutdoor.nl\\\/#\\\/schema\\\/logo\\\/image\\\/\",\"url\":\"https:\\\/\\\/www.bulaoutdoor.nl\\\/wp-content\\\/uploads\\\/2018\\\/04\\\/bulaoutdoor-logo.png\",\"contentUrl\":\"https:\\\/\\\/www.bulaoutdoor.nl\\\/wp-content\\\/uploads\\\/2018\\\/04\\\/bulaoutdoor-logo.png\",\"width\":324,\"height\":91,\"caption\":\"Bula Outdoor\"},\"image\":{\"@id\":\"https:\\\/\\\/bulaoutdoor.nl\\\/#\\\/schema\\\/logo\\\/image\\\/\"}}]}<\/script>\n<!-- \/ Yoast SEO plugin. -->","yoast_head_json":{"title":"Allume-feu en laine de bois 32 pi\u00e8ces dans un tambour de stockage - Bula Outdoor","robots":{"index":"index","follow":"follow","max-snippet":"max-snippet:-1","max-image-preview":"max-image-preview:large","max-video-preview":"max-video-preview:-1"},"canonical":"https:\/\/bulaoutdoor.nl\/fr\/produit\/allume-feu-en-laine-de-bois-32-pieces-choix-vert\/","og_locale":"fr_FR","og_type":"article","og_title":"Aanmaakblokjes van houtwol 32 stuks in bewaartrommel &#8211; Bula Outdoor","og_description":"Een ecologisch verantwoorde keuze voor aanmaakblokjes.","og_url":"https:\/\/bulaoutdoor.nl\/fr\/produit\/allume-feu-en-laine-de-bois-32-pieces-choix-vert\/","og_site_name":"Bula Outdoor","article_modified_time":"2023-12-13T12:44:36+00:00","og_image":[{"width":1030,"height":1030,"url":"https:\/\/bulaoutdoor.nl\/wp-content\/uploads\/2021\/06\/90340-FLASH-Anzundwolle-32er-Dose-1030x1030-1.jpg","type":"image\/jpeg"}],"twitter_card":"summary_large_image","twitter_misc":{"Dur\u00e9e de lecture estim\u00e9e":"1 minute"},"schema":{"@context":"https:\/\/schema.org","@graph":[{"@type":"WebPage","@id":"https:\/\/bulaoutdoor.nl\/product\/aanmaakblokjes-van-houtwol-32-stuks-groene-keuze\/","url":"https:\/\/bulaoutdoor.nl\/product\/aanmaakblokjes-van-houtwol-32-stuks-groene-keuze\/","name":"Allume-feu en laine de bois 32 pi\u00e8ces dans un tambour de stockage - Bula Outdoor","isPartOf":{"@id":"https:\/\/bulaoutdoor.nl\/#website"},"primaryImageOfPage":{"@id":"https:\/\/bulaoutdoor.nl\/product\/aanmaakblokjes-van-houtwol-32-stuks-groene-keuze\/#primaryimage"},"image":{"@id":"https:\/\/bulaoutdoor.nl\/product\/aanmaakblokjes-van-houtwol-32-stuks-groene-keuze\/#primaryimage"},"thumbnailUrl":"https:\/\/bulaoutdoor.nl\/wp-content\/uploads\/2021\/06\/90340-FLASH-Anzundwolle-32er-Dose-1030x1030-1.jpg","datePublished":"2021-07-07T16:28:42+00:00","dateModified":"2023-12-13T12:44:36+00:00","breadcrumb":{"@id":"https:\/\/bulaoutdoor.nl\/product\/aanmaakblokjes-van-houtwol-32-stuks-groene-keuze\/#breadcrumb"},"inLanguage":"fr-FR","potentialAction":[{"@type":"ReadAction","target":["https:\/\/bulaoutdoor.nl\/product\/aanmaakblokjes-van-houtwol-32-stuks-groene-keuze\/"]}]},{"@type":"ImageObject","inLanguage":"fr-FR","@id":"https:\/\/bulaoutdoor.nl\/product\/aanmaakblokjes-van-houtwol-32-stuks-groene-keuze\/#primaryimage","url":"https:\/\/bulaoutdoor.nl\/wp-content\/uploads\/2021\/06\/90340-FLASH-Anzundwolle-32er-Dose-1030x1030-1.jpg","contentUrl":"https:\/\/bulaoutdoor.nl\/wp-content\/uploads\/2021\/06\/90340-FLASH-Anzundwolle-32er-Dose-1030x1030-1.jpg","width":1030,"height":1030},{"@type":"BreadcrumbList","@id":"https:\/\/bulaoutdoor.nl\/product\/aanmaakblokjes-van-houtwol-32-stuks-groene-keuze\/#breadcrumb","itemListElement":[{"@type":"ListItem","position":1,"name":"Home","item":"https:\/\/bulaoutdoor.nl\/"},{"@type":"ListItem","position":2,"name":"Online BBQ kopen","item":"https:\/\/bulaoutdoor.nl\/"},{"@type":"ListItem","position":3,"name":"Aanmaakblokjes van houtwol 32 stuks in bewaartrommel"}]},{"@type":"WebSite","@id":"https:\/\/bulaoutdoor.nl\/#website","url":"https:\/\/bulaoutdoor.nl\/","name":"Bula Outdoor","description":"Pour votre chemin\u00e9e ext\u00e9rieure, votre barbecue, votre torche de jardin et votre four \u00e0 bois","publisher":{"@id":"https:\/\/bulaoutdoor.nl\/#organization"},"potentialAction":[{"@type":"SearchAction","target":{"@type":"EntryPoint","urlTemplate":"https:\/\/bulaoutdoor.nl\/?s={search_term_string}"},"query-input":{"@type":"PropertyValueSpecification","valueRequired":true,"valueName":"search_term_string"}}],"inLanguage":"fr-FR"},{"@type":"Organization","@id":"https:\/\/bulaoutdoor.nl\/#organization","name":"Bula Outdoor","url":"https:\/\/bulaoutdoor.nl\/","logo":{"@type":"ImageObject","inLanguage":"fr-FR","@id":"https:\/\/bulaoutdoor.nl\/#\/schema\/logo\/image\/","url":"https:\/\/www.bulaoutdoor.nl\/wp-content\/uploads\/2018\/04\/bulaoutdoor-logo.png","contentUrl":"https:\/\/www.bulaoutdoor.nl\/wp-content\/uploads\/2018\/04\/bulaoutdoor-logo.png","width":324,"height":91,"caption":"Bula Outdoor"},"image":{"@id":"https:\/\/bulaoutdoor.nl\/#\/schema\/logo\/image\/"}}]}},"jetpack_sharing_enabled":true,"_links":{"self":[{"href":"https:\/\/bulaoutdoor.nl\/fr\/wp-json\/wp\/v2\/product\/11608","targetHints":{"allow":["GET"]}}],"collection":[{"href":"https:\/\/bulaoutdoor.nl\/fr\/wp-json\/wp\/v2\/product"}],"about":[{"href":"https:\/\/bulaoutdoor.nl\/fr\/wp-json\/wp\/v2\/types\/product"}],"replies":[{"embeddable":true,"href":"https:\/\/bulaoutdoor.nl\/fr\/wp-json\/wp\/v2\/comments?post=11608"}],"wp:featuredmedia":[{"embeddable":true,"href":"https:\/\/bulaoutdoor.nl\/fr\/wp-json\/wp\/v2\/media\/11612"}],"wp:attachment":[{"href":"https:\/\/bulaoutdoor.nl\/fr\/wp-json\/wp\/v2\/media?parent=11608"}],"wp:term":[{"taxonomy":"product_brand","embeddable":true,"href":"https:\/\/bulaoutdoor.nl\/fr\/wp-json\/wp\/v2\/product_brand?post=11608"},{"taxonomy":"product_cat","embeddable":true,"href":"https:\/\/bulaoutdoor.nl\/fr\/wp-json\/wp\/v2\/product_cat?post=11608"},{"taxonomy":"product_tag","embeddable":true,"href":"https:\/\/bulaoutdoor.nl\/fr\/wp-json\/wp\/v2\/product_tag?post=11608"}],"curies":[{"name":"wp","href":"https:\/\/api.w.org\/{rel}","templated":true}]}}