{"id":11742,"date":"2021-07-01T14:34:39","date_gmt":"2021-07-01T14:34:39","guid":{"rendered":"https:\/\/www.bulaoutdoor.nl\/?post_type=product&#038;p=11742"},"modified":"2024-07-18T15:39:41","modified_gmt":"2024-07-18T15:39:41","slug":"entree-bbq","status":"publish","type":"product","link":"https:\/\/bulaoutdoor.nl\/fr\/product\/bbq-starter\/","title":{"rendered":"Entr\u00e9e barbecue"},"content":{"rendered":"<p>Une entr\u00e9e pour le barbecue pour tous les barbecues.<\/p>\n<ul>\n<li>Poign\u00e9e ergonomique avec protection contre la chaleur.<\/li>\n<li>Fabriqu\u00e9 en acier galvanis\u00e9.<\/li>\n<li>Les trous d'a\u00e9ration au fond et la plaque interm\u00e9diaire cr\u00e9ent un effet de chemin\u00e9e. Pour un allumage rapide et efficace du charbon de bois ou des briquettes.<img loading=\"lazy\" decoding=\"async\" class=\"alignnone wp-image-11744\" src=\"https:\/\/www.bulaoutdoor.nl\/wp-content\/uploads\/2021\/07\/57424-FLASH-Grill-Anzundkamin-Anwendungserklarung-1030x1030-1-300x300.jpg\" alt=\"\" width=\"371\" height=\"371\" srcset=\"https:\/\/bulaoutdoor.nl\/wp-content\/uploads\/2021\/07\/57424-FLASH-Grill-Anzundkamin-Anwendungserklarung-1030x1030-1-300x300.jpg 300w, https:\/\/bulaoutdoor.nl\/wp-content\/uploads\/2021\/07\/57424-FLASH-Grill-Anzundkamin-Anwendungserklarung-1030x1030-1-1024x1024.jpg 1024w, https:\/\/bulaoutdoor.nl\/wp-content\/uploads\/2021\/07\/57424-FLASH-Grill-Anzundkamin-Anwendungserklarung-1030x1030-1-150x150.jpg 150w, https:\/\/bulaoutdoor.nl\/wp-content\/uploads\/2021\/07\/57424-FLASH-Grill-Anzundkamin-Anwendungserklarung-1030x1030-1-768x768.jpg 768w, https:\/\/bulaoutdoor.nl\/wp-content\/uploads\/2021\/07\/57424-FLASH-Grill-Anzundkamin-Anwendungserklarung-1030x1030-1-324x324.jpg 324w, https:\/\/bulaoutdoor.nl\/wp-content\/uploads\/2021\/07\/57424-FLASH-Grill-Anzundkamin-Anwendungserklarung-1030x1030-1-416x416.jpg 416w, https:\/\/bulaoutdoor.nl\/wp-content\/uploads\/2021\/07\/57424-FLASH-Grill-Anzundkamin-Anwendungserklarung-1030x1030-1-100x100.jpg 100w, https:\/\/bulaoutdoor.nl\/wp-content\/uploads\/2021\/07\/57424-FLASH-Grill-Anzundkamin-Anwendungserklarung-1030x1030-1.jpg 1030w\" sizes=\"auto, (max-width: 371px) 100vw, 371px\" \/><\/li>\n<\/ul>","protected":false},"excerpt":{"rendered":"<p>Une entr\u00e9e pour le barbecue pour tous les barbecues.<\/p>","protected":false},"featured_media":11745,"comment_status":"open","ping_status":"closed","template":"","meta":{"_acf_changed":false},"product_brand":[],"product_cat":[620],"product_tag":[707,709,708],"class_list":{"0":"post-11742","1":"product","2":"type-product","3":"status-publish","4":"has-post-thumbnail","6":"product_cat-bbq-accessoires","7":"product_tag-barbecue-starter","8":"product_tag-bbq-kolen-starter","9":"product_tag-boomex-flash-57424","11":"first","12":"outofstock","13":"taxable","14":"shipping-taxable","15":"purchasable","16":"product-type-simple"},"acf":[],"yoast_head":"<!-- This site is optimized with the Yoast SEO plugin v27.3 - https:\/\/yoast.com\/product\/yoast-seo-wordpress\/ -->\n<title>BBQ starter &#8211; Bula Outdoor<\/title>\n<meta name=\"robots\" content=\"index, follow, max-snippet:-1, max-image-preview:large, max-video-preview:-1\" \/>\n<link rel=\"canonical\" href=\"https:\/\/bulaoutdoor.nl\/fr\/produit\/entree-bbq\/\" \/>\n<meta property=\"og:locale\" content=\"fr_FR\" \/>\n<meta property=\"og:type\" content=\"article\" \/>\n<meta property=\"og:title\" content=\"BBQ starter &#8211; Bula Outdoor\" \/>\n<meta property=\"og:description\" content=\"Barbecue starter voor elke barbecue.\" \/>\n<meta property=\"og:url\" content=\"https:\/\/bulaoutdoor.nl\/fr\/produit\/entree-bbq\/\" \/>\n<meta property=\"og:site_name\" content=\"Bula Outdoor\" \/>\n<meta property=\"article:modified_time\" content=\"2024-07-18T15:39:41+00:00\" \/>\n<meta property=\"og:image\" content=\"https:\/\/bulaoutdoor.nl\/wp-content\/uploads\/2021\/07\/57424-FLASH-Grill-Anzuendkamin-1030x1030-1.jpg\" \/>\n\t<meta property=\"og:image:width\" content=\"1030\" \/>\n\t<meta property=\"og:image:height\" content=\"1030\" \/>\n\t<meta property=\"og:image:type\" content=\"image\/jpeg\" \/>\n<meta name=\"twitter:card\" content=\"summary_large_image\" \/>\n<meta name=\"twitter:label1\" content=\"Dur\u00e9e de lecture estim\u00e9e\" \/>\n\t<meta name=\"twitter:data1\" content=\"1 minute\" \/>\n<script type=\"application\/ld+json\" class=\"yoast-schema-graph\">{\"@context\":\"https:\\\/\\\/schema.org\",\"@graph\":[{\"@type\":\"WebPage\",\"@id\":\"https:\\\/\\\/bulaoutdoor.nl\\\/product\\\/bbq-starter\\\/\",\"url\":\"https:\\\/\\\/bulaoutdoor.nl\\\/product\\\/bbq-starter\\\/\",\"name\":\"BBQ starter &#8211; Bula Outdoor\",\"isPartOf\":{\"@id\":\"https:\\\/\\\/bulaoutdoor.nl\\\/#website\"},\"primaryImageOfPage\":{\"@id\":\"https:\\\/\\\/bulaoutdoor.nl\\\/product\\\/bbq-starter\\\/#primaryimage\"},\"image\":{\"@id\":\"https:\\\/\\\/bulaoutdoor.nl\\\/product\\\/bbq-starter\\\/#primaryimage\"},\"thumbnailUrl\":\"https:\\\/\\\/bulaoutdoor.nl\\\/wp-content\\\/uploads\\\/2021\\\/07\\\/57424-FLASH-Grill-Anzuendkamin-1030x1030-1.jpg\",\"datePublished\":\"2021-07-01T14:34:39+00:00\",\"dateModified\":\"2024-07-18T15:39:41+00:00\",\"breadcrumb\":{\"@id\":\"https:\\\/\\\/bulaoutdoor.nl\\\/product\\\/bbq-starter\\\/#breadcrumb\"},\"inLanguage\":\"fr-FR\",\"potentialAction\":[{\"@type\":\"ReadAction\",\"target\":[\"https:\\\/\\\/bulaoutdoor.nl\\\/product\\\/bbq-starter\\\/\"]}]},{\"@type\":\"ImageObject\",\"inLanguage\":\"fr-FR\",\"@id\":\"https:\\\/\\\/bulaoutdoor.nl\\\/product\\\/bbq-starter\\\/#primaryimage\",\"url\":\"https:\\\/\\\/bulaoutdoor.nl\\\/wp-content\\\/uploads\\\/2021\\\/07\\\/57424-FLASH-Grill-Anzuendkamin-1030x1030-1.jpg\",\"contentUrl\":\"https:\\\/\\\/bulaoutdoor.nl\\\/wp-content\\\/uploads\\\/2021\\\/07\\\/57424-FLASH-Grill-Anzuendkamin-1030x1030-1.jpg\",\"width\":1030,\"height\":1030},{\"@type\":\"BreadcrumbList\",\"@id\":\"https:\\\/\\\/bulaoutdoor.nl\\\/product\\\/bbq-starter\\\/#breadcrumb\",\"itemListElement\":[{\"@type\":\"ListItem\",\"position\":1,\"name\":\"Home\",\"item\":\"https:\\\/\\\/bulaoutdoor.nl\\\/\"},{\"@type\":\"ListItem\",\"position\":2,\"name\":\"Online BBQ kopen\",\"item\":\"https:\\\/\\\/bulaoutdoor.nl\\\/\"},{\"@type\":\"ListItem\",\"position\":3,\"name\":\"BBQ starter\"}]},{\"@type\":\"WebSite\",\"@id\":\"https:\\\/\\\/bulaoutdoor.nl\\\/#website\",\"url\":\"https:\\\/\\\/bulaoutdoor.nl\\\/\",\"name\":\"Bula Outdoor\",\"description\":\"Voor uw buitenhaard, BBQ, tuinfakkel en houtoven\",\"publisher\":{\"@id\":\"https:\\\/\\\/bulaoutdoor.nl\\\/#organization\"},\"potentialAction\":[{\"@type\":\"SearchAction\",\"target\":{\"@type\":\"EntryPoint\",\"urlTemplate\":\"https:\\\/\\\/bulaoutdoor.nl\\\/?s={search_term_string}\"},\"query-input\":{\"@type\":\"PropertyValueSpecification\",\"valueRequired\":true,\"valueName\":\"search_term_string\"}}],\"inLanguage\":\"fr-FR\"},{\"@type\":\"Organization\",\"@id\":\"https:\\\/\\\/bulaoutdoor.nl\\\/#organization\",\"name\":\"Bula Outdoor\",\"url\":\"https:\\\/\\\/bulaoutdoor.nl\\\/\",\"logo\":{\"@type\":\"ImageObject\",\"inLanguage\":\"fr-FR\",\"@id\":\"https:\\\/\\\/bulaoutdoor.nl\\\/#\\\/schema\\\/logo\\\/image\\\/\",\"url\":\"https:\\\/\\\/www.bulaoutdoor.nl\\\/wp-content\\\/uploads\\\/2018\\\/04\\\/bulaoutdoor-logo.png\",\"contentUrl\":\"https:\\\/\\\/www.bulaoutdoor.nl\\\/wp-content\\\/uploads\\\/2018\\\/04\\\/bulaoutdoor-logo.png\",\"width\":324,\"height\":91,\"caption\":\"Bula Outdoor\"},\"image\":{\"@id\":\"https:\\\/\\\/bulaoutdoor.nl\\\/#\\\/schema\\\/logo\\\/image\\\/\"}}]}<\/script>\n<!-- \/ Yoast SEO plugin. -->","yoast_head_json":{"title":"Entr\u00e9e de barbecue - Bula Outdoor","robots":{"index":"index","follow":"follow","max-snippet":"max-snippet:-1","max-image-preview":"max-image-preview:large","max-video-preview":"max-video-preview:-1"},"canonical":"https:\/\/bulaoutdoor.nl\/fr\/produit\/entree-bbq\/","og_locale":"fr_FR","og_type":"article","og_title":"BBQ starter &#8211; Bula Outdoor","og_description":"Barbecue starter voor elke barbecue.","og_url":"https:\/\/bulaoutdoor.nl\/fr\/produit\/entree-bbq\/","og_site_name":"Bula Outdoor","article_modified_time":"2024-07-18T15:39:41+00:00","og_image":[{"width":1030,"height":1030,"url":"https:\/\/bulaoutdoor.nl\/wp-content\/uploads\/2021\/07\/57424-FLASH-Grill-Anzuendkamin-1030x1030-1.jpg","type":"image\/jpeg"}],"twitter_card":"summary_large_image","twitter_misc":{"Dur\u00e9e de lecture estim\u00e9e":"1 minute"},"schema":{"@context":"https:\/\/schema.org","@graph":[{"@type":"WebPage","@id":"https:\/\/bulaoutdoor.nl\/product\/bbq-starter\/","url":"https:\/\/bulaoutdoor.nl\/product\/bbq-starter\/","name":"Entr\u00e9e de barbecue - Bula Outdoor","isPartOf":{"@id":"https:\/\/bulaoutdoor.nl\/#website"},"primaryImageOfPage":{"@id":"https:\/\/bulaoutdoor.nl\/product\/bbq-starter\/#primaryimage"},"image":{"@id":"https:\/\/bulaoutdoor.nl\/product\/bbq-starter\/#primaryimage"},"thumbnailUrl":"https:\/\/bulaoutdoor.nl\/wp-content\/uploads\/2021\/07\/57424-FLASH-Grill-Anzuendkamin-1030x1030-1.jpg","datePublished":"2021-07-01T14:34:39+00:00","dateModified":"2024-07-18T15:39:41+00:00","breadcrumb":{"@id":"https:\/\/bulaoutdoor.nl\/product\/bbq-starter\/#breadcrumb"},"inLanguage":"fr-FR","potentialAction":[{"@type":"ReadAction","target":["https:\/\/bulaoutdoor.nl\/product\/bbq-starter\/"]}]},{"@type":"ImageObject","inLanguage":"fr-FR","@id":"https:\/\/bulaoutdoor.nl\/product\/bbq-starter\/#primaryimage","url":"https:\/\/bulaoutdoor.nl\/wp-content\/uploads\/2021\/07\/57424-FLASH-Grill-Anzuendkamin-1030x1030-1.jpg","contentUrl":"https:\/\/bulaoutdoor.nl\/wp-content\/uploads\/2021\/07\/57424-FLASH-Grill-Anzuendkamin-1030x1030-1.jpg","width":1030,"height":1030},{"@type":"BreadcrumbList","@id":"https:\/\/bulaoutdoor.nl\/product\/bbq-starter\/#breadcrumb","itemListElement":[{"@type":"ListItem","position":1,"name":"Home","item":"https:\/\/bulaoutdoor.nl\/"},{"@type":"ListItem","position":2,"name":"Online BBQ kopen","item":"https:\/\/bulaoutdoor.nl\/"},{"@type":"ListItem","position":3,"name":"BBQ starter"}]},{"@type":"WebSite","@id":"https:\/\/bulaoutdoor.nl\/#website","url":"https:\/\/bulaoutdoor.nl\/","name":"Bula Outdoor","description":"Pour votre chemin\u00e9e ext\u00e9rieure, votre barbecue, votre torche de jardin et votre four \u00e0 bois","publisher":{"@id":"https:\/\/bulaoutdoor.nl\/#organization"},"potentialAction":[{"@type":"SearchAction","target":{"@type":"EntryPoint","urlTemplate":"https:\/\/bulaoutdoor.nl\/?s={search_term_string}"},"query-input":{"@type":"PropertyValueSpecification","valueRequired":true,"valueName":"search_term_string"}}],"inLanguage":"fr-FR"},{"@type":"Organization","@id":"https:\/\/bulaoutdoor.nl\/#organization","name":"Bula Outdoor","url":"https:\/\/bulaoutdoor.nl\/","logo":{"@type":"ImageObject","inLanguage":"fr-FR","@id":"https:\/\/bulaoutdoor.nl\/#\/schema\/logo\/image\/","url":"https:\/\/www.bulaoutdoor.nl\/wp-content\/uploads\/2018\/04\/bulaoutdoor-logo.png","contentUrl":"https:\/\/www.bulaoutdoor.nl\/wp-content\/uploads\/2018\/04\/bulaoutdoor-logo.png","width":324,"height":91,"caption":"Bula Outdoor"},"image":{"@id":"https:\/\/bulaoutdoor.nl\/#\/schema\/logo\/image\/"}}]}},"jetpack_sharing_enabled":true,"_links":{"self":[{"href":"https:\/\/bulaoutdoor.nl\/fr\/wp-json\/wp\/v2\/product\/11742","targetHints":{"allow":["GET"]}}],"collection":[{"href":"https:\/\/bulaoutdoor.nl\/fr\/wp-json\/wp\/v2\/product"}],"about":[{"href":"https:\/\/bulaoutdoor.nl\/fr\/wp-json\/wp\/v2\/types\/product"}],"replies":[{"embeddable":true,"href":"https:\/\/bulaoutdoor.nl\/fr\/wp-json\/wp\/v2\/comments?post=11742"}],"wp:featuredmedia":[{"embeddable":true,"href":"https:\/\/bulaoutdoor.nl\/fr\/wp-json\/wp\/v2\/media\/11745"}],"wp:attachment":[{"href":"https:\/\/bulaoutdoor.nl\/fr\/wp-json\/wp\/v2\/media?parent=11742"}],"wp:term":[{"taxonomy":"product_brand","embeddable":true,"href":"https:\/\/bulaoutdoor.nl\/fr\/wp-json\/wp\/v2\/product_brand?post=11742"},{"taxonomy":"product_cat","embeddable":true,"href":"https:\/\/bulaoutdoor.nl\/fr\/wp-json\/wp\/v2\/product_cat?post=11742"},{"taxonomy":"product_tag","embeddable":true,"href":"https:\/\/bulaoutdoor.nl\/fr\/wp-json\/wp\/v2\/product_tag?post=11742"}],"curies":[{"name":"wp","href":"https:\/\/api.w.org\/{rel}","templated":true}]}}