{"id":12092,"date":"2021-08-27T07:06:20","date_gmt":"2021-08-27T07:06:20","guid":{"rendered":"https:\/\/www.bulaoutdoor.nl\/?post_type=product&#038;p=12092"},"modified":"2022-03-28T10:38:39","modified_gmt":"2022-03-28T10:38:39","slug":"oasi-205-c5-t2-station-de-cuisson-en-plein-air","status":"publish","type":"product","link":"https:\/\/bulaoutdoor.nl\/fr\/product\/oasi-205-c5-t2-outdoor-cooking-station\/","title":{"rendered":"OASI 205 C5.T2 station de cuisson en plein air"},"content":{"rendered":"<h2>Pla.net Barbecue inox OASI 205 C5.T2<\/h2>\n<p>Vous \u00eates \u00e0 la recherche de style et de fonctionnalit\u00e9 pour votre jardin ? Planet propose de v\u00e9ritables accroche-regards pour la cuisine en plein air.<\/p>\n<ul>\n<li>La station de cuisson ext\u00e9rieure en acier inoxydable Planet Oasi est \u00e9quip\u00e9e d'une plaque de cuisson, d'une plaque de cuisson au gaz, d'un plan de travail et d'un robinet avec \u00e9vier.<\/li>\n<li>Livr\u00e9 dans son ensemble.<\/li>\n<li>Conception en acier inoxydable facile \u00e0 nettoyer avec rabat de fermeture pratique.<\/li>\n<li>Espace de rangement derri\u00e8re deux portes battantes.<\/li>\n<\/ul>\n<p>Voir plus d'informations sur la gamme compl\u00e8te des <a href=\"https:\/\/bulaoutdoor.nl\/fr\/produit\/personnalisation-du-filet-pour-les-cuisines-dexterieur\/\" target=\"_blank\" rel=\"noopener\">Pla.net<\/a>, la brochure et la liste de prix.<\/p>\n<div id='gallery-1' class='gallery galleryid-12092 gallery-columns-1 gallery-size-full'><figure class='gallery-item'>\n\t\t\t<div class='gallery-icon landscape'>\n\t\t\t\t<img loading=\"lazy\" decoding=\"async\" width=\"701\" height=\"579\" src=\"https:\/\/bulaoutdoor.nl\/wp-content\/uploads\/2021\/08\/stats2-c5t2.png\" class=\"attachment-full size-full\" alt=\"\" srcset=\"https:\/\/bulaoutdoor.nl\/wp-content\/uploads\/2021\/08\/stats2-c5t2.png 701w, https:\/\/bulaoutdoor.nl\/wp-content\/uploads\/2021\/08\/stats2-c5t2-300x248.png 300w, https:\/\/bulaoutdoor.nl\/wp-content\/uploads\/2021\/08\/stats2-c5t2-416x344.png 416w\" sizes=\"auto, (max-width: 701px) 100vw, 701px\" \/>\n\t\t\t<\/div><\/figure>\n\t\t<\/div>\n\n<p>&nbsp;<\/p>","protected":false},"excerpt":{"rendered":"<p>Magnifique cuisine ext\u00e9rieure de Planet<\/p>","protected":false},"featured_media":12238,"comment_status":"open","ping_status":"closed","template":"","meta":{"_acf_changed":false},"product_brand":[],"product_cat":[753],"product_tag":[755,761,756,867,113],"class_list":{"0":"post-12092","1":"product","2":"type-product","3":"status-publish","4":"has-post-thumbnail","6":"product_cat-pla-net-outdoor-kitchen","7":"product_tag-buiten-keuken-ready-to-cook","8":"product_tag-oasi-205-c5-t2-outdoor-cooking-station","9":"product_tag-outdoor-kitchen-ready-to-cook","10":"product_tag-planet-barbecue","11":"product_tag-rvs","13":"first","14":"onbackorder","15":"taxable","16":"shipping-taxable","17":"purchasable","18":"product-type-simple"},"acf":[],"yoast_head":"<!-- This site is optimized with the Yoast SEO plugin v27.3 - https:\/\/yoast.com\/product\/yoast-seo-wordpress\/ -->\n<title>OASI 205 C5.T2 outdoor cooking station &#8211; Bula Outdoor<\/title>\n<meta name=\"robots\" content=\"index, follow, max-snippet:-1, max-image-preview:large, max-video-preview:-1\" \/>\n<link rel=\"canonical\" href=\"https:\/\/bulaoutdoor.nl\/fr\/produit\/oasi-205-c5-t2-station-de-cuisson-en-plein-air\/\" \/>\n<meta property=\"og:locale\" content=\"fr_FR\" \/>\n<meta property=\"og:type\" content=\"article\" \/>\n<meta property=\"og:title\" content=\"OASI 205 C5.T2 outdoor cooking station &#8211; Bula Outdoor\" \/>\n<meta property=\"og:description\" content=\"Mooie buitenkeuken van Planet\" \/>\n<meta property=\"og:url\" content=\"https:\/\/bulaoutdoor.nl\/fr\/produit\/oasi-205-c5-t2-station-de-cuisson-en-plein-air\/\" \/>\n<meta property=\"og:site_name\" content=\"Bula Outdoor\" \/>\n<meta property=\"article:modified_time\" content=\"2022-03-28T10:38:39+00:00\" \/>\n<meta property=\"og:image\" content=\"https:\/\/bulaoutdoor.nl\/wp-content\/uploads\/2021\/08\/Planet_7671.jpg\" \/>\n\t<meta property=\"og:image:width\" content=\"900\" \/>\n\t<meta property=\"og:image:height\" content=\"900\" \/>\n\t<meta property=\"og:image:type\" content=\"image\/jpeg\" \/>\n<meta name=\"twitter:card\" content=\"summary_large_image\" \/>\n<meta name=\"twitter:label1\" content=\"Dur\u00e9e de lecture estim\u00e9e\" \/>\n\t<meta name=\"twitter:data1\" content=\"1 minute\" \/>\n<script type=\"application\/ld+json\" class=\"yoast-schema-graph\">{\"@context\":\"https:\\\/\\\/schema.org\",\"@graph\":[{\"@type\":\"WebPage\",\"@id\":\"https:\\\/\\\/bulaoutdoor.nl\\\/product\\\/oasi-205-c5-t2-outdoor-cooking-station\\\/\",\"url\":\"https:\\\/\\\/bulaoutdoor.nl\\\/product\\\/oasi-205-c5-t2-outdoor-cooking-station\\\/\",\"name\":\"OASI 205 C5.T2 outdoor cooking station &#8211; Bula Outdoor\",\"isPartOf\":{\"@id\":\"https:\\\/\\\/bulaoutdoor.nl\\\/#website\"},\"primaryImageOfPage\":{\"@id\":\"https:\\\/\\\/bulaoutdoor.nl\\\/product\\\/oasi-205-c5-t2-outdoor-cooking-station\\\/#primaryimage\"},\"image\":{\"@id\":\"https:\\\/\\\/bulaoutdoor.nl\\\/product\\\/oasi-205-c5-t2-outdoor-cooking-station\\\/#primaryimage\"},\"thumbnailUrl\":\"https:\\\/\\\/bulaoutdoor.nl\\\/wp-content\\\/uploads\\\/2021\\\/08\\\/Planet_7671.jpg\",\"datePublished\":\"2021-08-27T07:06:20+00:00\",\"dateModified\":\"2022-03-28T10:38:39+00:00\",\"breadcrumb\":{\"@id\":\"https:\\\/\\\/bulaoutdoor.nl\\\/product\\\/oasi-205-c5-t2-outdoor-cooking-station\\\/#breadcrumb\"},\"inLanguage\":\"fr-FR\",\"potentialAction\":[{\"@type\":\"ReadAction\",\"target\":[\"https:\\\/\\\/bulaoutdoor.nl\\\/product\\\/oasi-205-c5-t2-outdoor-cooking-station\\\/\"]}]},{\"@type\":\"ImageObject\",\"inLanguage\":\"fr-FR\",\"@id\":\"https:\\\/\\\/bulaoutdoor.nl\\\/product\\\/oasi-205-c5-t2-outdoor-cooking-station\\\/#primaryimage\",\"url\":\"https:\\\/\\\/bulaoutdoor.nl\\\/wp-content\\\/uploads\\\/2021\\\/08\\\/Planet_7671.jpg\",\"contentUrl\":\"https:\\\/\\\/bulaoutdoor.nl\\\/wp-content\\\/uploads\\\/2021\\\/08\\\/Planet_7671.jpg\",\"width\":900,\"height\":900},{\"@type\":\"BreadcrumbList\",\"@id\":\"https:\\\/\\\/bulaoutdoor.nl\\\/product\\\/oasi-205-c5-t2-outdoor-cooking-station\\\/#breadcrumb\",\"itemListElement\":[{\"@type\":\"ListItem\",\"position\":1,\"name\":\"Home\",\"item\":\"https:\\\/\\\/bulaoutdoor.nl\\\/\"},{\"@type\":\"ListItem\",\"position\":2,\"name\":\"Online BBQ kopen\",\"item\":\"https:\\\/\\\/bulaoutdoor.nl\\\/\"},{\"@type\":\"ListItem\",\"position\":3,\"name\":\"OASI 205 C5.T2 outdoor cooking station\"}]},{\"@type\":\"WebSite\",\"@id\":\"https:\\\/\\\/bulaoutdoor.nl\\\/#website\",\"url\":\"https:\\\/\\\/bulaoutdoor.nl\\\/\",\"name\":\"Bula Outdoor\",\"description\":\"Voor uw buitenhaard, BBQ, tuinfakkel en houtoven\",\"publisher\":{\"@id\":\"https:\\\/\\\/bulaoutdoor.nl\\\/#organization\"},\"potentialAction\":[{\"@type\":\"SearchAction\",\"target\":{\"@type\":\"EntryPoint\",\"urlTemplate\":\"https:\\\/\\\/bulaoutdoor.nl\\\/?s={search_term_string}\"},\"query-input\":{\"@type\":\"PropertyValueSpecification\",\"valueRequired\":true,\"valueName\":\"search_term_string\"}}],\"inLanguage\":\"fr-FR\"},{\"@type\":\"Organization\",\"@id\":\"https:\\\/\\\/bulaoutdoor.nl\\\/#organization\",\"name\":\"Bula Outdoor\",\"url\":\"https:\\\/\\\/bulaoutdoor.nl\\\/\",\"logo\":{\"@type\":\"ImageObject\",\"inLanguage\":\"fr-FR\",\"@id\":\"https:\\\/\\\/bulaoutdoor.nl\\\/#\\\/schema\\\/logo\\\/image\\\/\",\"url\":\"https:\\\/\\\/www.bulaoutdoor.nl\\\/wp-content\\\/uploads\\\/2018\\\/04\\\/bulaoutdoor-logo.png\",\"contentUrl\":\"https:\\\/\\\/www.bulaoutdoor.nl\\\/wp-content\\\/uploads\\\/2018\\\/04\\\/bulaoutdoor-logo.png\",\"width\":324,\"height\":91,\"caption\":\"Bula Outdoor\"},\"image\":{\"@id\":\"https:\\\/\\\/bulaoutdoor.nl\\\/#\\\/schema\\\/logo\\\/image\\\/\"}}]}<\/script>\n<!-- \/ Yoast SEO plugin. -->","yoast_head_json":{"title":"Station de cuisson ext\u00e9rieure OASI 205 C5.T2 - Bula Outdoor","robots":{"index":"index","follow":"follow","max-snippet":"max-snippet:-1","max-image-preview":"max-image-preview:large","max-video-preview":"max-video-preview:-1"},"canonical":"https:\/\/bulaoutdoor.nl\/fr\/produit\/oasi-205-c5-t2-station-de-cuisson-en-plein-air\/","og_locale":"fr_FR","og_type":"article","og_title":"OASI 205 C5.T2 outdoor cooking station &#8211; Bula Outdoor","og_description":"Mooie buitenkeuken van Planet","og_url":"https:\/\/bulaoutdoor.nl\/fr\/produit\/oasi-205-c5-t2-station-de-cuisson-en-plein-air\/","og_site_name":"Bula Outdoor","article_modified_time":"2022-03-28T10:38:39+00:00","og_image":[{"width":900,"height":900,"url":"https:\/\/bulaoutdoor.nl\/wp-content\/uploads\/2021\/08\/Planet_7671.jpg","type":"image\/jpeg"}],"twitter_card":"summary_large_image","twitter_misc":{"Dur\u00e9e de lecture estim\u00e9e":"1 minute"},"schema":{"@context":"https:\/\/schema.org","@graph":[{"@type":"WebPage","@id":"https:\/\/bulaoutdoor.nl\/product\/oasi-205-c5-t2-outdoor-cooking-station\/","url":"https:\/\/bulaoutdoor.nl\/product\/oasi-205-c5-t2-outdoor-cooking-station\/","name":"Station de cuisson ext\u00e9rieure OASI 205 C5.T2 - Bula Outdoor","isPartOf":{"@id":"https:\/\/bulaoutdoor.nl\/#website"},"primaryImageOfPage":{"@id":"https:\/\/bulaoutdoor.nl\/product\/oasi-205-c5-t2-outdoor-cooking-station\/#primaryimage"},"image":{"@id":"https:\/\/bulaoutdoor.nl\/product\/oasi-205-c5-t2-outdoor-cooking-station\/#primaryimage"},"thumbnailUrl":"https:\/\/bulaoutdoor.nl\/wp-content\/uploads\/2021\/08\/Planet_7671.jpg","datePublished":"2021-08-27T07:06:20+00:00","dateModified":"2022-03-28T10:38:39+00:00","breadcrumb":{"@id":"https:\/\/bulaoutdoor.nl\/product\/oasi-205-c5-t2-outdoor-cooking-station\/#breadcrumb"},"inLanguage":"fr-FR","potentialAction":[{"@type":"ReadAction","target":["https:\/\/bulaoutdoor.nl\/product\/oasi-205-c5-t2-outdoor-cooking-station\/"]}]},{"@type":"ImageObject","inLanguage":"fr-FR","@id":"https:\/\/bulaoutdoor.nl\/product\/oasi-205-c5-t2-outdoor-cooking-station\/#primaryimage","url":"https:\/\/bulaoutdoor.nl\/wp-content\/uploads\/2021\/08\/Planet_7671.jpg","contentUrl":"https:\/\/bulaoutdoor.nl\/wp-content\/uploads\/2021\/08\/Planet_7671.jpg","width":900,"height":900},{"@type":"BreadcrumbList","@id":"https:\/\/bulaoutdoor.nl\/product\/oasi-205-c5-t2-outdoor-cooking-station\/#breadcrumb","itemListElement":[{"@type":"ListItem","position":1,"name":"Home","item":"https:\/\/bulaoutdoor.nl\/"},{"@type":"ListItem","position":2,"name":"Online BBQ kopen","item":"https:\/\/bulaoutdoor.nl\/"},{"@type":"ListItem","position":3,"name":"OASI 205 C5.T2 outdoor cooking station"}]},{"@type":"WebSite","@id":"https:\/\/bulaoutdoor.nl\/#website","url":"https:\/\/bulaoutdoor.nl\/","name":"Bula Outdoor","description":"Pour votre chemin\u00e9e ext\u00e9rieure, votre barbecue, votre torche de jardin et votre four \u00e0 bois","publisher":{"@id":"https:\/\/bulaoutdoor.nl\/#organization"},"potentialAction":[{"@type":"SearchAction","target":{"@type":"EntryPoint","urlTemplate":"https:\/\/bulaoutdoor.nl\/?s={search_term_string}"},"query-input":{"@type":"PropertyValueSpecification","valueRequired":true,"valueName":"search_term_string"}}],"inLanguage":"fr-FR"},{"@type":"Organization","@id":"https:\/\/bulaoutdoor.nl\/#organization","name":"Bula Outdoor","url":"https:\/\/bulaoutdoor.nl\/","logo":{"@type":"ImageObject","inLanguage":"fr-FR","@id":"https:\/\/bulaoutdoor.nl\/#\/schema\/logo\/image\/","url":"https:\/\/www.bulaoutdoor.nl\/wp-content\/uploads\/2018\/04\/bulaoutdoor-logo.png","contentUrl":"https:\/\/www.bulaoutdoor.nl\/wp-content\/uploads\/2018\/04\/bulaoutdoor-logo.png","width":324,"height":91,"caption":"Bula Outdoor"},"image":{"@id":"https:\/\/bulaoutdoor.nl\/#\/schema\/logo\/image\/"}}]}},"jetpack_sharing_enabled":true,"_links":{"self":[{"href":"https:\/\/bulaoutdoor.nl\/fr\/wp-json\/wp\/v2\/product\/12092","targetHints":{"allow":["GET"]}}],"collection":[{"href":"https:\/\/bulaoutdoor.nl\/fr\/wp-json\/wp\/v2\/product"}],"about":[{"href":"https:\/\/bulaoutdoor.nl\/fr\/wp-json\/wp\/v2\/types\/product"}],"replies":[{"embeddable":true,"href":"https:\/\/bulaoutdoor.nl\/fr\/wp-json\/wp\/v2\/comments?post=12092"}],"wp:featuredmedia":[{"embeddable":true,"href":"https:\/\/bulaoutdoor.nl\/fr\/wp-json\/wp\/v2\/media\/12238"}],"wp:attachment":[{"href":"https:\/\/bulaoutdoor.nl\/fr\/wp-json\/wp\/v2\/media?parent=12092"}],"wp:term":[{"taxonomy":"product_brand","embeddable":true,"href":"https:\/\/bulaoutdoor.nl\/fr\/wp-json\/wp\/v2\/product_brand?post=12092"},{"taxonomy":"product_cat","embeddable":true,"href":"https:\/\/bulaoutdoor.nl\/fr\/wp-json\/wp\/v2\/product_cat?post=12092"},{"taxonomy":"product_tag","embeddable":true,"href":"https:\/\/bulaoutdoor.nl\/fr\/wp-json\/wp\/v2\/product_tag?post=12092"}],"curies":[{"name":"wp","href":"https:\/\/api.w.org\/{rel}","templated":true}]}}