{"id":12190,"date":"2021-09-09T14:41:57","date_gmt":"2021-09-09T14:41:57","guid":{"rendered":"https:\/\/www.bulaoutdoor.nl\/?post_type=product&#038;p=12190"},"modified":"2024-03-31T09:54:16","modified_gmt":"2024-03-31T09:54:16","slug":"alpha-peel-set-universal","status":"publish","type":"product","link":"https:\/\/bulaoutdoor.nl\/fr\/product\/alfa-peelset-universal\/","title":{"rendered":"Alfa Peel Set Universal"},"content":{"rendered":"<h2>Kit Alfa Peel<\/h2>\n<p>Le premier\u00a0<strong>modulaire<\/strong>\u00a0Le kit de peeling le plus complet au monde ! Tous les peelings peuvent \u00eatre adapt\u00e9s \u00e0 la longueur souhait\u00e9e en ins\u00e9rant ou en retirant des sections.<\/p>\n<p><img loading=\"lazy\" decoding=\"async\" class=\"aligncenter size-full wp-image-12191\" src=\"https:\/\/www.bulaoutdoor.nl\/wp-content\/uploads\/2021\/09\/dimensions.png\" alt=\"\" width=\"875\" height=\"263\" srcset=\"https:\/\/bulaoutdoor.nl\/wp-content\/uploads\/2021\/09\/dimensions.png 875w, https:\/\/bulaoutdoor.nl\/wp-content\/uploads\/2021\/09\/dimensions-300x90.png 300w, https:\/\/bulaoutdoor.nl\/wp-content\/uploads\/2021\/09\/dimensions-768x231.png 768w, https:\/\/bulaoutdoor.nl\/wp-content\/uploads\/2021\/09\/dimensions-416x125.png 416w\" sizes=\"auto, (max-width: 875px) 100vw, 875px\" \/><\/p>\n<p>Serveur de pizza<br \/>\nLa pelle \u00e0 pizza est perfor\u00e9e pour \u00e9liminer l'exc\u00e9dent de farine et pr\u00e9sente une surface de contact r\u00e9duite, comme le font les pizza\u00efolos professionnels.<\/p>\n<p>La pelle \u00e0 pizza permet de faire glisser les pizzas dans le four et hors du four en un rien de temps !<br \/>\nServeur de pizza rond<br \/>\nVous pouvez utiliser la pelle \u00e0 pizza ronde pour retourner les pizzas dans le four. Vous pouvez \u00e9galement l'utiliser pour retourner d'autres plats ou les sortir du four comme un pizza\u00efolo professionnel.<\/p>\n<p>Brosse<br \/>\nLa brosse est dot\u00e9e de poils en laiton pour un nettoyage efficace sans endommager la sole du four.<\/p>\n<p>Grattoir \u00e0 bois<br \/>\nLe grattoir vous permet de pr\u00e9parer la sole du four et de d\u00e9placer les cendres et le bois br\u00fbl\u00e9 vers les c\u00f4t\u00e9s facilement et en toute s\u00e9curit\u00e9.<\/p>\n<p>&nbsp;<\/p>\n<p><img loading=\"lazy\" decoding=\"async\" class=\"alignnone size-medium wp-image-12192\" src=\"https:\/\/www.bulaoutdoor.nl\/wp-content\/uploads\/2021\/09\/universal-pizza-peel-273x300.jpg\" alt=\"\" width=\"273\" height=\"300\" srcset=\"https:\/\/bulaoutdoor.nl\/wp-content\/uploads\/2021\/09\/universal-pizza-peel-273x300.jpg 273w, https:\/\/bulaoutdoor.nl\/wp-content\/uploads\/2021\/09\/universal-pizza-peel-768x843.jpg 768w, https:\/\/bulaoutdoor.nl\/wp-content\/uploads\/2021\/09\/universal-pizza-peel-416x457.jpg 416w, https:\/\/bulaoutdoor.nl\/wp-content\/uploads\/2021\/09\/universal-pizza-peel.jpg 830w\" sizes=\"auto, (max-width: 273px) 100vw, 273px\" \/><\/p>\n<p>Commandez le set d'\u00e9pluchures Alfa directement aupr\u00e8s de Bula Outdoor, votre sp\u00e9cialiste des fours \u00e0 pizza !<\/p>","protected":false},"excerpt":{"rendered":"<p>Le premier set de p\u00e8le modulaire au monde !<\/p>","protected":false},"featured_media":12193,"comment_status":"open","ping_status":"closed","template":"","meta":{"_acf_changed":false},"product_brand":[],"product_cat":[1327,361],"product_tag":[],"class_list":{"0":"post-12190","1":"product","2":"type-product","3":"status-publish","4":"has-post-thumbnail","6":"product_cat-alfa-forni-accessoires","7":"product_cat-pizza-bereiding-accessoires","9":"first","10":"instock","11":"taxable","12":"shipping-taxable","13":"purchasable","14":"product-type-simple"},"acf":[],"yoast_head":"<!-- This site is optimized with the Yoast SEO plugin v27.4 - https:\/\/yoast.com\/product\/yoast-seo-wordpress\/ -->\n<title>Alfa Peelset Universal &#8211; Bula Outdoor<\/title>\n<meta name=\"robots\" content=\"index, follow, max-snippet:-1, max-image-preview:large, max-video-preview:-1\" \/>\n<link rel=\"canonical\" href=\"https:\/\/bulaoutdoor.nl\/fr\/produit\/alpha-peel-set-universal\/\" \/>\n<meta property=\"og:locale\" content=\"fr_FR\" \/>\n<meta property=\"og:type\" content=\"article\" \/>\n<meta property=\"og:title\" content=\"Alfa Peelset Universal &#8211; Bula Outdoor\" \/>\n<meta property=\"og:description\" content=\"De eerste modulaire peelset ter wereld!\" \/>\n<meta property=\"og:url\" content=\"https:\/\/bulaoutdoor.nl\/fr\/produit\/alpha-peel-set-universal\/\" \/>\n<meta property=\"og:site_name\" content=\"Bula Outdoor\" \/>\n<meta property=\"article:modified_time\" content=\"2024-03-31T09:54:16+00:00\" \/>\n<meta property=\"og:image\" content=\"https:\/\/bulaoutdoor.nl\/wp-content\/uploads\/2021\/09\/Peelset-Alfa-ac-pale.jpg\" \/>\n\t<meta property=\"og:image:width\" content=\"351\" \/>\n\t<meta property=\"og:image:height\" content=\"307\" \/>\n\t<meta property=\"og:image:type\" content=\"image\/jpeg\" \/>\n<meta name=\"twitter:card\" content=\"summary_large_image\" \/>\n<meta name=\"twitter:label1\" content=\"Dur\u00e9e de lecture estim\u00e9e\" \/>\n\t<meta name=\"twitter:data1\" content=\"2 minutes\" \/>\n<script type=\"application\/ld+json\" class=\"yoast-schema-graph\">{\"@context\":\"https:\\\/\\\/schema.org\",\"@graph\":[{\"@type\":\"WebPage\",\"@id\":\"https:\\\/\\\/bulaoutdoor.nl\\\/product\\\/alfa-peelset-universal\\\/\",\"url\":\"https:\\\/\\\/bulaoutdoor.nl\\\/product\\\/alfa-peelset-universal\\\/\",\"name\":\"Alfa Peelset Universal &#8211; Bula Outdoor\",\"isPartOf\":{\"@id\":\"https:\\\/\\\/bulaoutdoor.nl\\\/#website\"},\"primaryImageOfPage\":{\"@id\":\"https:\\\/\\\/bulaoutdoor.nl\\\/product\\\/alfa-peelset-universal\\\/#primaryimage\"},\"image\":{\"@id\":\"https:\\\/\\\/bulaoutdoor.nl\\\/product\\\/alfa-peelset-universal\\\/#primaryimage\"},\"thumbnailUrl\":\"https:\\\/\\\/bulaoutdoor.nl\\\/wp-content\\\/uploads\\\/2021\\\/09\\\/Peelset-Alfa-ac-pale.jpg\",\"datePublished\":\"2021-09-09T14:41:57+00:00\",\"dateModified\":\"2024-03-31T09:54:16+00:00\",\"breadcrumb\":{\"@id\":\"https:\\\/\\\/bulaoutdoor.nl\\\/product\\\/alfa-peelset-universal\\\/#breadcrumb\"},\"inLanguage\":\"fr-FR\",\"potentialAction\":[{\"@type\":\"ReadAction\",\"target\":[\"https:\\\/\\\/bulaoutdoor.nl\\\/product\\\/alfa-peelset-universal\\\/\"]}]},{\"@type\":\"ImageObject\",\"inLanguage\":\"fr-FR\",\"@id\":\"https:\\\/\\\/bulaoutdoor.nl\\\/product\\\/alfa-peelset-universal\\\/#primaryimage\",\"url\":\"https:\\\/\\\/bulaoutdoor.nl\\\/wp-content\\\/uploads\\\/2021\\\/09\\\/Peelset-Alfa-ac-pale.jpg\",\"contentUrl\":\"https:\\\/\\\/bulaoutdoor.nl\\\/wp-content\\\/uploads\\\/2021\\\/09\\\/Peelset-Alfa-ac-pale.jpg\",\"width\":351,\"height\":307},{\"@type\":\"BreadcrumbList\",\"@id\":\"https:\\\/\\\/bulaoutdoor.nl\\\/product\\\/alfa-peelset-universal\\\/#breadcrumb\",\"itemListElement\":[{\"@type\":\"ListItem\",\"position\":1,\"name\":\"Home\",\"item\":\"https:\\\/\\\/bulaoutdoor.nl\\\/\"},{\"@type\":\"ListItem\",\"position\":2,\"name\":\"Online BBQ kopen\",\"item\":\"https:\\\/\\\/bulaoutdoor.nl\\\/\"},{\"@type\":\"ListItem\",\"position\":3,\"name\":\"Alfa Peelset Universal\"}]},{\"@type\":\"WebSite\",\"@id\":\"https:\\\/\\\/bulaoutdoor.nl\\\/#website\",\"url\":\"https:\\\/\\\/bulaoutdoor.nl\\\/\",\"name\":\"Bula Outdoor\",\"description\":\"Voor uw buitenhaard, BBQ, tuinfakkel en houtoven\",\"publisher\":{\"@id\":\"https:\\\/\\\/bulaoutdoor.nl\\\/#organization\"},\"potentialAction\":[{\"@type\":\"SearchAction\",\"target\":{\"@type\":\"EntryPoint\",\"urlTemplate\":\"https:\\\/\\\/bulaoutdoor.nl\\\/?s={search_term_string}\"},\"query-input\":{\"@type\":\"PropertyValueSpecification\",\"valueRequired\":true,\"valueName\":\"search_term_string\"}}],\"inLanguage\":\"fr-FR\"},{\"@type\":\"Organization\",\"@id\":\"https:\\\/\\\/bulaoutdoor.nl\\\/#organization\",\"name\":\"Bula Outdoor\",\"url\":\"https:\\\/\\\/bulaoutdoor.nl\\\/\",\"logo\":{\"@type\":\"ImageObject\",\"inLanguage\":\"fr-FR\",\"@id\":\"https:\\\/\\\/bulaoutdoor.nl\\\/#\\\/schema\\\/logo\\\/image\\\/\",\"url\":\"https:\\\/\\\/www.bulaoutdoor.nl\\\/wp-content\\\/uploads\\\/2018\\\/04\\\/bulaoutdoor-logo.png\",\"contentUrl\":\"https:\\\/\\\/www.bulaoutdoor.nl\\\/wp-content\\\/uploads\\\/2018\\\/04\\\/bulaoutdoor-logo.png\",\"width\":324,\"height\":91,\"caption\":\"Bula Outdoor\"},\"image\":{\"@id\":\"https:\\\/\\\/bulaoutdoor.nl\\\/#\\\/schema\\\/logo\\\/image\\\/\"}}]}<\/script>\n<!-- \/ Yoast SEO plugin. -->","yoast_head_json":{"title":"Alfa Peel Set Universal - Bula Outdoor","robots":{"index":"index","follow":"follow","max-snippet":"max-snippet:-1","max-image-preview":"max-image-preview:large","max-video-preview":"max-video-preview:-1"},"canonical":"https:\/\/bulaoutdoor.nl\/fr\/produit\/alpha-peel-set-universal\/","og_locale":"fr_FR","og_type":"article","og_title":"Alfa Peelset Universal &#8211; Bula Outdoor","og_description":"De eerste modulaire peelset ter wereld!","og_url":"https:\/\/bulaoutdoor.nl\/fr\/produit\/alpha-peel-set-universal\/","og_site_name":"Bula Outdoor","article_modified_time":"2024-03-31T09:54:16+00:00","og_image":[{"width":351,"height":307,"url":"https:\/\/bulaoutdoor.nl\/wp-content\/uploads\/2021\/09\/Peelset-Alfa-ac-pale.jpg","type":"image\/jpeg"}],"twitter_card":"summary_large_image","twitter_misc":{"Dur\u00e9e de lecture estim\u00e9e":"2 minutes"},"schema":{"@context":"https:\/\/schema.org","@graph":[{"@type":"WebPage","@id":"https:\/\/bulaoutdoor.nl\/product\/alfa-peelset-universal\/","url":"https:\/\/bulaoutdoor.nl\/product\/alfa-peelset-universal\/","name":"Alfa Peel Set Universal - Bula Outdoor","isPartOf":{"@id":"https:\/\/bulaoutdoor.nl\/#website"},"primaryImageOfPage":{"@id":"https:\/\/bulaoutdoor.nl\/product\/alfa-peelset-universal\/#primaryimage"},"image":{"@id":"https:\/\/bulaoutdoor.nl\/product\/alfa-peelset-universal\/#primaryimage"},"thumbnailUrl":"https:\/\/bulaoutdoor.nl\/wp-content\/uploads\/2021\/09\/Peelset-Alfa-ac-pale.jpg","datePublished":"2021-09-09T14:41:57+00:00","dateModified":"2024-03-31T09:54:16+00:00","breadcrumb":{"@id":"https:\/\/bulaoutdoor.nl\/product\/alfa-peelset-universal\/#breadcrumb"},"inLanguage":"fr-FR","potentialAction":[{"@type":"ReadAction","target":["https:\/\/bulaoutdoor.nl\/product\/alfa-peelset-universal\/"]}]},{"@type":"ImageObject","inLanguage":"fr-FR","@id":"https:\/\/bulaoutdoor.nl\/product\/alfa-peelset-universal\/#primaryimage","url":"https:\/\/bulaoutdoor.nl\/wp-content\/uploads\/2021\/09\/Peelset-Alfa-ac-pale.jpg","contentUrl":"https:\/\/bulaoutdoor.nl\/wp-content\/uploads\/2021\/09\/Peelset-Alfa-ac-pale.jpg","width":351,"height":307},{"@type":"BreadcrumbList","@id":"https:\/\/bulaoutdoor.nl\/product\/alfa-peelset-universal\/#breadcrumb","itemListElement":[{"@type":"ListItem","position":1,"name":"Home","item":"https:\/\/bulaoutdoor.nl\/"},{"@type":"ListItem","position":2,"name":"Online BBQ kopen","item":"https:\/\/bulaoutdoor.nl\/"},{"@type":"ListItem","position":3,"name":"Alfa Peelset Universal"}]},{"@type":"WebSite","@id":"https:\/\/bulaoutdoor.nl\/#website","url":"https:\/\/bulaoutdoor.nl\/","name":"Bula Outdoor","description":"Pour votre chemin\u00e9e ext\u00e9rieure, votre barbecue, votre torche de jardin et votre four \u00e0 bois","publisher":{"@id":"https:\/\/bulaoutdoor.nl\/#organization"},"potentialAction":[{"@type":"SearchAction","target":{"@type":"EntryPoint","urlTemplate":"https:\/\/bulaoutdoor.nl\/?s={search_term_string}"},"query-input":{"@type":"PropertyValueSpecification","valueRequired":true,"valueName":"search_term_string"}}],"inLanguage":"fr-FR"},{"@type":"Organization","@id":"https:\/\/bulaoutdoor.nl\/#organization","name":"Bula Outdoor","url":"https:\/\/bulaoutdoor.nl\/","logo":{"@type":"ImageObject","inLanguage":"fr-FR","@id":"https:\/\/bulaoutdoor.nl\/#\/schema\/logo\/image\/","url":"https:\/\/www.bulaoutdoor.nl\/wp-content\/uploads\/2018\/04\/bulaoutdoor-logo.png","contentUrl":"https:\/\/www.bulaoutdoor.nl\/wp-content\/uploads\/2018\/04\/bulaoutdoor-logo.png","width":324,"height":91,"caption":"Bula Outdoor"},"image":{"@id":"https:\/\/bulaoutdoor.nl\/#\/schema\/logo\/image\/"}}]}},"jetpack_sharing_enabled":true,"_links":{"self":[{"href":"https:\/\/bulaoutdoor.nl\/fr\/wp-json\/wp\/v2\/product\/12190","targetHints":{"allow":["GET"]}}],"collection":[{"href":"https:\/\/bulaoutdoor.nl\/fr\/wp-json\/wp\/v2\/product"}],"about":[{"href":"https:\/\/bulaoutdoor.nl\/fr\/wp-json\/wp\/v2\/types\/product"}],"replies":[{"embeddable":true,"href":"https:\/\/bulaoutdoor.nl\/fr\/wp-json\/wp\/v2\/comments?post=12190"}],"wp:featuredmedia":[{"embeddable":true,"href":"https:\/\/bulaoutdoor.nl\/fr\/wp-json\/wp\/v2\/media\/12193"}],"wp:attachment":[{"href":"https:\/\/bulaoutdoor.nl\/fr\/wp-json\/wp\/v2\/media?parent=12190"}],"wp:term":[{"taxonomy":"product_brand","embeddable":true,"href":"https:\/\/bulaoutdoor.nl\/fr\/wp-json\/wp\/v2\/product_brand?post=12190"},{"taxonomy":"product_cat","embeddable":true,"href":"https:\/\/bulaoutdoor.nl\/fr\/wp-json\/wp\/v2\/product_cat?post=12190"},{"taxonomy":"product_tag","embeddable":true,"href":"https:\/\/bulaoutdoor.nl\/fr\/wp-json\/wp\/v2\/product_tag?post=12190"}],"curies":[{"name":"wp","href":"https:\/\/api.w.org\/{rel}","templated":true}]}}