{"id":12219,"date":"2021-09-11T16:28:50","date_gmt":"2021-09-11T16:28:50","guid":{"rendered":"https:\/\/www.bulaoutdoor.nl\/?post_type=product&#038;p=12219"},"modified":"2026-02-13T15:46:42","modified_gmt":"2026-02-13T15:46:42","slug":"kit-pizzaiolo","status":"publish","type":"product","link":"https:\/\/bulaoutdoor.nl\/fr\/product\/kit-pizzaiolo\/","title":{"rendered":"Kit Pizzaiolo"},"content":{"rendered":"<h2>Kit Pizzaiolo<\/h2>\n<p>Le Kit Pizzaiolo comprend le nouveau set d'\u00e9corces ALFA, le premier set modulaire au monde ! 3 tailles disponibles. Toutes les peaux peuvent \u00eatre viss\u00e9es et d\u00e9viss\u00e9es selon les besoins et leur longueur peut \u00eatre augment\u00e9e gr\u00e2ce \u00e0 des extensions.<\/p>\n<p><img loading=\"lazy\" decoding=\"async\" class=\"wp-image-12191 alignright\" src=\"https:\/\/www.bulaoutdoor.nl\/wp-content\/uploads\/2021\/09\/dimensions-300x90.png\" alt=\"\" width=\"430\" height=\"129\" srcset=\"https:\/\/bulaoutdoor.nl\/wp-content\/uploads\/2021\/09\/dimensions-300x90.png 300w, https:\/\/bulaoutdoor.nl\/wp-content\/uploads\/2021\/09\/dimensions-768x231.png 768w, https:\/\/bulaoutdoor.nl\/wp-content\/uploads\/2021\/09\/dimensions-416x125.png 416w, https:\/\/bulaoutdoor.nl\/wp-content\/uploads\/2021\/09\/dimensions.png 875w\" sizes=\"auto, (max-width: 430px) 100vw, 430px\" \/><\/p>\n<p>Les pelles con\u00e7ues par Alfa sont le r\u00e9sultat de plus d'un an de recherche par l'\u00e9quipe R&amp;D : les premi\u00e8res pelles modulaires au monde en sont le r\u00e9sultat ! Alfa Forni a s\u00e9lectionn\u00e9 les meilleurs outils pour pr\u00e9parer la pizza \u00e0 la maison. Ces outils sont certifi\u00e9s pour un usage alimentaire et r\u00e9pondent aux normes de qualit\u00e9 \u00e9lev\u00e9es d'Alfa.<\/p>\n<p>L'ensemble peel est la combinaison parfaite de la technologie, de la performance et du design.<\/p>\n<p><img loading=\"lazy\" decoding=\"async\" class=\"wp-image-12233 aligncenter\" src=\"https:\/\/www.bulaoutdoor.nl\/wp-content\/uploads\/2021\/09\/pizza-peel-set-alfa-forni-Bula-Outdoor-300x188.jpg\" alt=\"Set \u00e0 pizza Bula Outdoor\" width=\"631\" height=\"395\" srcset=\"https:\/\/bulaoutdoor.nl\/wp-content\/uploads\/2021\/09\/pizza-peel-set-alfa-forni-Bula-Outdoor-300x188.jpg 300w, https:\/\/bulaoutdoor.nl\/wp-content\/uploads\/2021\/09\/pizza-peel-set-alfa-forni-Bula-Outdoor-1024x640.jpg 1024w, https:\/\/bulaoutdoor.nl\/wp-content\/uploads\/2021\/09\/pizza-peel-set-alfa-forni-Bula-Outdoor-768x480.jpg 768w, https:\/\/bulaoutdoor.nl\/wp-content\/uploads\/2021\/09\/pizza-peel-set-alfa-forni-Bula-Outdoor-416x260.jpg 416w, https:\/\/bulaoutdoor.nl\/wp-content\/uploads\/2021\/09\/pizza-peel-set-alfa-forni-Bula-Outdoor.jpg 1200w\" sizes=\"auto, (max-width: 631px) 100vw, 631px\" \/><\/p>\n<p>SERVEUR DE PIZZA PERFOR\u00c9<br \/>\nLa pelle \u00e0 pizza est perfor\u00e9e pour \u00e9liminer le surplus de farine, comme le font les pizza\u00efolos professionnels. La pelle \u00e0 pizza est utilis\u00e9e pour faire glisser les pizzas dans le four et hors du four en un rien de temps !<\/p>\n<p><img loading=\"lazy\" decoding=\"async\" class=\"alignnone size-full wp-image-12194\" src=\"https:\/\/www.bulaoutdoor.nl\/wp-content\/uploads\/2021\/09\/large-pizza-peel-set-alfa-forni-100x100-1.jpg\" alt=\"\" width=\"100\" height=\"100\" \/><\/p>\n<p>SERVEUR DE PIZZA ROND<br \/>\nTu peux utiliser la pelle \u00e0 pizza ronde pour retourner les aliments dans le four. Quoi qu'il en soit, avec un peu d'entra\u00eenement, vous deviendrez bient\u00f4t un ma\u00eetre de la pizza !<\/p>\n<p><img loading=\"lazy\" decoding=\"async\" class=\"alignnone size-full wp-image-12196\" src=\"https:\/\/www.bulaoutdoor.nl\/wp-content\/uploads\/2021\/09\/turner-pizza-peel-set-alfa-forni-100x100-1.jpg\" alt=\"\" width=\"100\" height=\"100\" \/><\/p>\n<p>BORSTEL<br \/>\nLa brosse est dot\u00e9e de poils en laiton pour un meilleur nettoyage sans endommager la sole du four.<\/p>\n<p><img loading=\"lazy\" decoding=\"async\" class=\"alignnone size-full wp-image-12195\" src=\"https:\/\/www.bulaoutdoor.nl\/wp-content\/uploads\/2021\/09\/brush-peel-set-alfa-forni-100x100-1.jpg\" alt=\"\" width=\"100\" height=\"100\" \/><\/p>\n<p>HOUTSCHRAPER<br \/>\nLe grattoir permet de pr\u00e9parer la sole du four et de d\u00e9placer en toute s\u00e9curit\u00e9 les cendres, les braises et le bois br\u00fblant vers les c\u00f4t\u00e9s.<\/p>\n<p><img loading=\"lazy\" decoding=\"async\" class=\"alignnone size-full wp-image-12197\" src=\"https:\/\/www.bulaoutdoor.nl\/wp-content\/uploads\/2021\/09\/rake-pizza-peel-set-alfa-forni-100x100-1.jpg\" alt=\"\" width=\"100\" height=\"100\" \/><\/p>\n<p>PIZZASNIJDER<\/p>\n<p>Coupe-p\u00e2te, avec poign\u00e9e ergonomique et lame en acier inoxydable, parfait pour une coupe nette de la p\u00e2te.<\/p>\n<p><img loading=\"lazy\" decoding=\"async\" class=\"alignnone size-medium wp-image-12230\" src=\"https:\/\/www.bulaoutdoor.nl\/wp-content\/uploads\/2021\/09\/Pizza-snijmes--300x300.jpg\" alt=\"Trancheuse \u00e0 pizza\" width=\"300\" height=\"300\" srcset=\"https:\/\/bulaoutdoor.nl\/wp-content\/uploads\/2021\/09\/Pizza-snijmes--300x300.jpg 300w, https:\/\/bulaoutdoor.nl\/wp-content\/uploads\/2021\/09\/Pizza-snijmes--1024x1024.jpg 1024w, https:\/\/bulaoutdoor.nl\/wp-content\/uploads\/2021\/09\/Pizza-snijmes--150x150.jpg 150w, https:\/\/bulaoutdoor.nl\/wp-content\/uploads\/2021\/09\/Pizza-snijmes--768x768.jpg 768w, https:\/\/bulaoutdoor.nl\/wp-content\/uploads\/2021\/09\/Pizza-snijmes--324x324.jpg 324w, https:\/\/bulaoutdoor.nl\/wp-content\/uploads\/2021\/09\/Pizza-snijmes--416x416.jpg 416w, https:\/\/bulaoutdoor.nl\/wp-content\/uploads\/2021\/09\/Pizza-snijmes--100x100.jpg 100w, https:\/\/bulaoutdoor.nl\/wp-content\/uploads\/2021\/09\/Pizza-snijmes-.jpg 1200w\" sizes=\"auto, (max-width: 300px) 100vw, 300px\" \/><\/p>\n<p>GRATTOIR POUR BOULES DE P\u00c2TE<\/p>\n<p>Petit grattoir asym\u00e9trique pour les boules de p\u00e2te afin d'en faciliter la manipulation.<\/p>\n<p><img loading=\"lazy\" decoding=\"async\" class=\"alignnone size-medium wp-image-12222\" src=\"https:\/\/www.bulaoutdoor.nl\/wp-content\/uploads\/2021\/09\/Deegsnijder-300x300.jpg\" alt=\"Coupe-p\u00e2te\" width=\"300\" height=\"300\" srcset=\"https:\/\/bulaoutdoor.nl\/wp-content\/uploads\/2021\/09\/Deegsnijder-300x300.jpg 300w, https:\/\/bulaoutdoor.nl\/wp-content\/uploads\/2021\/09\/Deegsnijder-1024x1024.jpg 1024w, https:\/\/bulaoutdoor.nl\/wp-content\/uploads\/2021\/09\/Deegsnijder-150x150.jpg 150w, https:\/\/bulaoutdoor.nl\/wp-content\/uploads\/2021\/09\/Deegsnijder-768x768.jpg 768w, https:\/\/bulaoutdoor.nl\/wp-content\/uploads\/2021\/09\/Deegsnijder-324x324.jpg 324w, https:\/\/bulaoutdoor.nl\/wp-content\/uploads\/2021\/09\/Deegsnijder-416x416.jpg 416w, https:\/\/bulaoutdoor.nl\/wp-content\/uploads\/2021\/09\/Deegsnijder-100x100.jpg 100w, https:\/\/bulaoutdoor.nl\/wp-content\/uploads\/2021\/09\/Deegsnijder.jpg 1200w\" sizes=\"auto, (max-width: 300px) 100vw, 300px\" \/><\/p>\n<p>PIZZADEEG DOOS<\/p>\n<p>La bo\u00eete \u00e0 p\u00e2te garantit les bonnes conditions d'air et une hygi\u00e8ne maximale pour le processus de fermentation. Convient \u00e0 tout r\u00e9frig\u00e9rateur domestique (40x30cm).<\/p>\n<p><img loading=\"lazy\" decoding=\"async\" class=\"alignnone size-medium wp-image-12228\" src=\"https:\/\/www.bulaoutdoor.nl\/wp-content\/uploads\/2021\/09\/Pizza-deegbox-300x300.jpg\" alt=\"\" width=\"300\" height=\"300\" srcset=\"https:\/\/bulaoutdoor.nl\/wp-content\/uploads\/2021\/09\/Pizza-deegbox-300x300.jpg 300w, https:\/\/bulaoutdoor.nl\/wp-content\/uploads\/2021\/09\/Pizza-deegbox-1024x1024.jpg 1024w, https:\/\/bulaoutdoor.nl\/wp-content\/uploads\/2021\/09\/Pizza-deegbox-150x150.jpg 150w, https:\/\/bulaoutdoor.nl\/wp-content\/uploads\/2021\/09\/Pizza-deegbox-768x768.jpg 768w, https:\/\/bulaoutdoor.nl\/wp-content\/uploads\/2021\/09\/Pizza-deegbox-324x324.jpg 324w, https:\/\/bulaoutdoor.nl\/wp-content\/uploads\/2021\/09\/Pizza-deegbox-416x416.jpg 416w, https:\/\/bulaoutdoor.nl\/wp-content\/uploads\/2021\/09\/Pizza-deegbox-100x100.jpg 100w, https:\/\/bulaoutdoor.nl\/wp-content\/uploads\/2021\/09\/Pizza-deegbox.jpg 1200w\" sizes=\"auto, (max-width: 300px) 100vw, 300px\" \/><\/p>\n<p>THERMOM\u00c8TRE INFRAROUGE<\/p>\n<p>Le thermom\u00e8tre infrarouge vous permet de lire la temp\u00e9rature en tout point de la sole du four, afin de cuire au bon moment.<\/p>\n<p><img loading=\"lazy\" decoding=\"async\" class=\"alignnone size-medium wp-image-12226\" src=\"https:\/\/www.bulaoutdoor.nl\/wp-content\/uploads\/2021\/09\/laser-thermometer-300x300.jpg\" alt=\"\" width=\"300\" height=\"300\" srcset=\"https:\/\/bulaoutdoor.nl\/wp-content\/uploads\/2021\/09\/laser-thermometer-300x300.jpg 300w, https:\/\/bulaoutdoor.nl\/wp-content\/uploads\/2021\/09\/laser-thermometer-1024x1024.jpg 1024w, https:\/\/bulaoutdoor.nl\/wp-content\/uploads\/2021\/09\/laser-thermometer-150x150.jpg 150w, https:\/\/bulaoutdoor.nl\/wp-content\/uploads\/2021\/09\/laser-thermometer-768x768.jpg 768w, https:\/\/bulaoutdoor.nl\/wp-content\/uploads\/2021\/09\/laser-thermometer-324x324.jpg 324w, https:\/\/bulaoutdoor.nl\/wp-content\/uploads\/2021\/09\/laser-thermometer-416x416.jpg 416w, https:\/\/bulaoutdoor.nl\/wp-content\/uploads\/2021\/09\/laser-thermometer-100x100.jpg 100w, https:\/\/bulaoutdoor.nl\/wp-content\/uploads\/2021\/09\/laser-thermometer.jpg 1200w\" sizes=\"auto, (max-width: 300px) 100vw, 300px\" \/><\/p>\n<p>PLANCHE \u00c0 D\u00c9COUPER EN BOIS<\/p>\n<p>Avec la planche \u00e0 d\u00e9couper en bois modifi\u00e9e pour les aliments, il est possible de suivre les rainures pour couper la pizza en parts \u00e9gales.<\/p>\n<p><img loading=\"lazy\" decoding=\"async\" class=\"alignnone size-medium wp-image-12229\" src=\"https:\/\/www.bulaoutdoor.nl\/wp-content\/uploads\/2021\/09\/Pizza-houten-snijplank-Bula-Outdoor-300x300.jpg\" alt=\"\" width=\"300\" height=\"300\" srcset=\"https:\/\/bulaoutdoor.nl\/wp-content\/uploads\/2021\/09\/Pizza-houten-snijplank-Bula-Outdoor-300x300.jpg 300w, https:\/\/bulaoutdoor.nl\/wp-content\/uploads\/2021\/09\/Pizza-houten-snijplank-Bula-Outdoor-1024x1024.jpg 1024w, https:\/\/bulaoutdoor.nl\/wp-content\/uploads\/2021\/09\/Pizza-houten-snijplank-Bula-Outdoor-150x150.jpg 150w, https:\/\/bulaoutdoor.nl\/wp-content\/uploads\/2021\/09\/Pizza-houten-snijplank-Bula-Outdoor-768x768.jpg 768w, https:\/\/bulaoutdoor.nl\/wp-content\/uploads\/2021\/09\/Pizza-houten-snijplank-Bula-Outdoor-324x324.jpg 324w, https:\/\/bulaoutdoor.nl\/wp-content\/uploads\/2021\/09\/Pizza-houten-snijplank-Bula-Outdoor-416x416.jpg 416w, https:\/\/bulaoutdoor.nl\/wp-content\/uploads\/2021\/09\/Pizza-houten-snijplank-Bula-Outdoor-100x100.jpg 100w, https:\/\/bulaoutdoor.nl\/wp-content\/uploads\/2021\/09\/Pizza-houten-snijplank-Bula-Outdoor.jpg 1200w\" sizes=\"auto, (max-width: 300px) 100vw, 300px\" \/><\/p>\n<p>COOK<\/p>\n<p>Le livre de cuisine contient de nombreuses recettes pour cuisiner dans votre four \u00e0 bois. Les recettes ont \u00e9t\u00e9 cr\u00e9\u00e9es par les chefs ALFA.<\/p>\n<p><img loading=\"lazy\" decoding=\"async\" class=\"alignnone size-medium wp-image-12224\" src=\"https:\/\/www.bulaoutdoor.nl\/wp-content\/uploads\/2021\/09\/Kookboek-Pizza-Alfa-Bula-Outdoor-300x300.jpg\" alt=\"\" width=\"300\" height=\"300\" srcset=\"https:\/\/bulaoutdoor.nl\/wp-content\/uploads\/2021\/09\/Kookboek-Pizza-Alfa-Bula-Outdoor-300x300.jpg 300w, https:\/\/bulaoutdoor.nl\/wp-content\/uploads\/2021\/09\/Kookboek-Pizza-Alfa-Bula-Outdoor-1024x1024.jpg 1024w, https:\/\/bulaoutdoor.nl\/wp-content\/uploads\/2021\/09\/Kookboek-Pizza-Alfa-Bula-Outdoor-150x150.jpg 150w, https:\/\/bulaoutdoor.nl\/wp-content\/uploads\/2021\/09\/Kookboek-Pizza-Alfa-Bula-Outdoor-768x768.jpg 768w, https:\/\/bulaoutdoor.nl\/wp-content\/uploads\/2021\/09\/Kookboek-Pizza-Alfa-Bula-Outdoor-324x324.jpg 324w, https:\/\/bulaoutdoor.nl\/wp-content\/uploads\/2021\/09\/Kookboek-Pizza-Alfa-Bula-Outdoor-416x416.jpg 416w, https:\/\/bulaoutdoor.nl\/wp-content\/uploads\/2021\/09\/Kookboek-Pizza-Alfa-Bula-Outdoor-100x100.jpg 100w, https:\/\/bulaoutdoor.nl\/wp-content\/uploads\/2021\/09\/Kookboek-Pizza-Alfa-Bula-Outdoor.jpg 1200w\" sizes=\"auto, (max-width: 300px) 100vw, 300px\" \/><\/p>\n<p>GANT DE FOUR<\/p>\n<p>Le gant r\u00e9sistant \u00e0 la chaleur en bouclette de coton 100% est id\u00e9al pour entrer et sortir les plats chauds du four \u00e0 bois en toute s\u00e9curit\u00e9.<\/p>\n<p><img loading=\"lazy\" decoding=\"async\" class=\"alignnone size-medium wp-image-12227\" src=\"https:\/\/www.bulaoutdoor.nl\/wp-content\/uploads\/2021\/09\/Ovenhandschoenen-Bula-Outdoor-300x300.jpg\" alt=\"\" width=\"300\" height=\"300\" srcset=\"https:\/\/bulaoutdoor.nl\/wp-content\/uploads\/2021\/09\/Ovenhandschoenen-Bula-Outdoor-300x300.jpg 300w, https:\/\/bulaoutdoor.nl\/wp-content\/uploads\/2021\/09\/Ovenhandschoenen-Bula-Outdoor-1024x1024.jpg 1024w, https:\/\/bulaoutdoor.nl\/wp-content\/uploads\/2021\/09\/Ovenhandschoenen-Bula-Outdoor-150x150.jpg 150w, https:\/\/bulaoutdoor.nl\/wp-content\/uploads\/2021\/09\/Ovenhandschoenen-Bula-Outdoor-768x768.jpg 768w, https:\/\/bulaoutdoor.nl\/wp-content\/uploads\/2021\/09\/Ovenhandschoenen-Bula-Outdoor-324x324.jpg 324w, https:\/\/bulaoutdoor.nl\/wp-content\/uploads\/2021\/09\/Ovenhandschoenen-Bula-Outdoor-416x416.jpg 416w, https:\/\/bulaoutdoor.nl\/wp-content\/uploads\/2021\/09\/Ovenhandschoenen-Bula-Outdoor-100x100.jpg 100w, https:\/\/bulaoutdoor.nl\/wp-content\/uploads\/2021\/09\/Ovenhandschoenen-Bula-Outdoor.jpg 1200w\" sizes=\"auto, (max-width: 300px) 100vw, 300px\" \/><\/p>\n<p>COUVERTURE COURTE<\/p>\n<p>Avec le tablier ALFA, chaque chef sera reconnu.<\/p>\n<p><img loading=\"lazy\" decoding=\"async\" class=\"alignnone size-medium wp-image-12225\" src=\"https:\/\/www.bulaoutdoor.nl\/wp-content\/uploads\/2021\/09\/Kookschort-Alfa-Forni-Bula-Outdoor-300x300.jpg\" alt=\"\" width=\"300\" height=\"300\" srcset=\"https:\/\/bulaoutdoor.nl\/wp-content\/uploads\/2021\/09\/Kookschort-Alfa-Forni-Bula-Outdoor-300x300.jpg 300w, https:\/\/bulaoutdoor.nl\/wp-content\/uploads\/2021\/09\/Kookschort-Alfa-Forni-Bula-Outdoor-1024x1024.jpg 1024w, https:\/\/bulaoutdoor.nl\/wp-content\/uploads\/2021\/09\/Kookschort-Alfa-Forni-Bula-Outdoor-150x150.jpg 150w, https:\/\/bulaoutdoor.nl\/wp-content\/uploads\/2021\/09\/Kookschort-Alfa-Forni-Bula-Outdoor-768x768.jpg 768w, https:\/\/bulaoutdoor.nl\/wp-content\/uploads\/2021\/09\/Kookschort-Alfa-Forni-Bula-Outdoor-324x324.jpg 324w, https:\/\/bulaoutdoor.nl\/wp-content\/uploads\/2021\/09\/Kookschort-Alfa-Forni-Bula-Outdoor-416x416.jpg 416w, https:\/\/bulaoutdoor.nl\/wp-content\/uploads\/2021\/09\/Kookschort-Alfa-Forni-Bula-Outdoor-100x100.jpg 100w, https:\/\/bulaoutdoor.nl\/wp-content\/uploads\/2021\/09\/Kookschort-Alfa-Forni-Bula-Outdoor.jpg 1200w\" sizes=\"auto, (max-width: 300px) 100vw, 300px\" \/><\/p>\n<p><img loading=\"lazy\" decoding=\"async\" class=\"wp-image-12232 alignnone\" src=\"https:\/\/www.bulaoutdoor.nl\/wp-content\/uploads\/2021\/09\/turner-pizza-peel-pizzaiolo-Bula-Outdoor-300x188.jpg\" alt=\"Set \u00e0 pizza Bula Outdoor\" width=\"653\" height=\"409\" srcset=\"https:\/\/bulaoutdoor.nl\/wp-content\/uploads\/2021\/09\/turner-pizza-peel-pizzaiolo-Bula-Outdoor-300x188.jpg 300w, https:\/\/bulaoutdoor.nl\/wp-content\/uploads\/2021\/09\/turner-pizza-peel-pizzaiolo-Bula-Outdoor-1024x640.jpg 1024w, https:\/\/bulaoutdoor.nl\/wp-content\/uploads\/2021\/09\/turner-pizza-peel-pizzaiolo-Bula-Outdoor-768x480.jpg 768w, https:\/\/bulaoutdoor.nl\/wp-content\/uploads\/2021\/09\/turner-pizza-peel-pizzaiolo-Bula-Outdoor-416x260.jpg 416w, https:\/\/bulaoutdoor.nl\/wp-content\/uploads\/2021\/09\/turner-pizza-peel-pizzaiolo-Bula-Outdoor.jpg 1200w\" sizes=\"auto, (max-width: 653px) 100vw, 653px\" \/><\/p>\n<p>Que trouverez-vous dans le kit du pizzaiolo ?<\/p>\n<p><img loading=\"lazy\" decoding=\"async\" class=\"alignnone size-medium wp-image-12223\" src=\"https:\/\/www.bulaoutdoor.nl\/wp-content\/uploads\/2021\/09\/kit-pizzaiolo-224x300.jpg\" alt=\"\" width=\"224\" height=\"300\" srcset=\"https:\/\/bulaoutdoor.nl\/wp-content\/uploads\/2021\/09\/kit-pizzaiolo-224x300.jpg 224w, https:\/\/bulaoutdoor.nl\/wp-content\/uploads\/2021\/09\/kit-pizzaiolo-763x1024.jpg 763w, https:\/\/bulaoutdoor.nl\/wp-content\/uploads\/2021\/09\/kit-pizzaiolo-768x1031.jpg 768w, https:\/\/bulaoutdoor.nl\/wp-content\/uploads\/2021\/09\/kit-pizzaiolo-416x558.jpg 416w, https:\/\/bulaoutdoor.nl\/wp-content\/uploads\/2021\/09\/kit-pizzaiolo.jpg 894w\" sizes=\"auto, (max-width: 224px) 100vw, 224px\" \/><\/p>\n<p>1 pelure d'aluminium perfor\u00e9e, semi-professionnelle.<br \/>\n1 acier inoxydable, pelure ronde.<br \/>\n1 grattoir \u00e0 bois en acier inoxydable.<br \/>\n1 brosse en laiton.<br \/>\n4 pi\u00e8ces en aluminium anodis\u00e9, rallonges tubulaires et poign\u00e9es en Duroplast.<br \/>\n8 extensions en aluminium anodis\u00e9.<br \/>\n1 coupe-pizza.<br \/>\n1 grattoir pour boule de p\u00e2te.<br \/>\n1 Thermom\u00e8tre \u00e0 infrarouge.<br \/>\n1 Planche \u00e0 d\u00e9couper en bois.<br \/>\n1 Tablier de cuisine.<br \/>\n1 Gant de cuisine.<br \/>\n1 Livre de cuisine.<br \/>\n1 bo\u00eete de p\u00e2te \u00e0 pizza.<\/p>\n<p>Commandez d\u00e8s maintenant le Pizza Set directement aupr\u00e8s de Bula Outdoor, votre sp\u00e9cialiste de la pizza !<\/p>","protected":false},"excerpt":{"rendered":"<p>Surprenez tout le monde avec vos pizzas, les outils parfaits pour une pizzeria \u00e0 four en pierre.<\/p>","protected":false},"featured_media":12231,"comment_status":"open","ping_status":"closed","template":"","meta":{"_acf_changed":false},"product_brand":[],"product_cat":[1327,361],"product_tag":[],"class_list":{"0":"post-12219","1":"product","2":"type-product","3":"status-publish","4":"has-post-thumbnail","6":"product_cat-alfa-forni-accessoires","7":"product_cat-pizza-bereiding-accessoires","9":"first","10":"instock","11":"sale","12":"taxable","13":"shipping-taxable","14":"purchasable","15":"product-type-simple"},"acf":[],"yoast_head":"<!-- This site is optimized with the Yoast SEO plugin v27.4 - https:\/\/yoast.com\/product\/yoast-seo-wordpress\/ -->\n<title>Kit Pizzaiolo &#8211; Bula Outdoor<\/title>\n<meta name=\"robots\" content=\"index, follow, max-snippet:-1, max-image-preview:large, max-video-preview:-1\" \/>\n<link rel=\"canonical\" href=\"https:\/\/bulaoutdoor.nl\/fr\/produit\/kit-pizzaiolo\/\" \/>\n<meta property=\"og:locale\" content=\"fr_FR\" \/>\n<meta property=\"og:type\" content=\"article\" \/>\n<meta property=\"og:title\" content=\"Kit Pizzaiolo &#8211; Bula Outdoor\" \/>\n<meta property=\"og:description\" content=\"Verras iedereen met je pizza\u2019s, de perfecte tools voor een steenoven pizzabakker.\" \/>\n<meta property=\"og:url\" content=\"https:\/\/bulaoutdoor.nl\/fr\/produit\/kit-pizzaiolo\/\" \/>\n<meta property=\"og:site_name\" content=\"Bula Outdoor\" \/>\n<meta property=\"article:modified_time\" content=\"2026-02-13T15:46:42+00:00\" \/>\n<meta property=\"og:image\" content=\"https:\/\/bulaoutdoor.nl\/wp-content\/uploads\/2021\/09\/kit-pizzaiolo-alfa-forni-2021.jpg\" \/>\n\t<meta property=\"og:image:width\" content=\"1200\" \/>\n\t<meta property=\"og:image:height\" content=\"1200\" \/>\n\t<meta property=\"og:image:type\" content=\"image\/jpeg\" \/>\n<meta name=\"twitter:card\" content=\"summary_large_image\" \/>\n<meta name=\"twitter:label1\" content=\"Dur\u00e9e de lecture estim\u00e9e\" \/>\n\t<meta name=\"twitter:data1\" content=\"6 minutes\" \/>\n<script type=\"application\/ld+json\" class=\"yoast-schema-graph\">{\"@context\":\"https:\\\/\\\/schema.org\",\"@graph\":[{\"@type\":\"WebPage\",\"@id\":\"https:\\\/\\\/bulaoutdoor.nl\\\/product\\\/kit-pizzaiolo\\\/\",\"url\":\"https:\\\/\\\/bulaoutdoor.nl\\\/product\\\/kit-pizzaiolo\\\/\",\"name\":\"Kit Pizzaiolo &#8211; Bula Outdoor\",\"isPartOf\":{\"@id\":\"https:\\\/\\\/bulaoutdoor.nl\\\/#website\"},\"primaryImageOfPage\":{\"@id\":\"https:\\\/\\\/bulaoutdoor.nl\\\/product\\\/kit-pizzaiolo\\\/#primaryimage\"},\"image\":{\"@id\":\"https:\\\/\\\/bulaoutdoor.nl\\\/product\\\/kit-pizzaiolo\\\/#primaryimage\"},\"thumbnailUrl\":\"https:\\\/\\\/bulaoutdoor.nl\\\/wp-content\\\/uploads\\\/2021\\\/09\\\/kit-pizzaiolo-alfa-forni-2021.jpg\",\"datePublished\":\"2021-09-11T16:28:50+00:00\",\"dateModified\":\"2026-02-13T15:46:42+00:00\",\"breadcrumb\":{\"@id\":\"https:\\\/\\\/bulaoutdoor.nl\\\/product\\\/kit-pizzaiolo\\\/#breadcrumb\"},\"inLanguage\":\"fr-FR\",\"potentialAction\":[{\"@type\":\"ReadAction\",\"target\":[\"https:\\\/\\\/bulaoutdoor.nl\\\/product\\\/kit-pizzaiolo\\\/\"]}]},{\"@type\":\"ImageObject\",\"inLanguage\":\"fr-FR\",\"@id\":\"https:\\\/\\\/bulaoutdoor.nl\\\/product\\\/kit-pizzaiolo\\\/#primaryimage\",\"url\":\"https:\\\/\\\/bulaoutdoor.nl\\\/wp-content\\\/uploads\\\/2021\\\/09\\\/kit-pizzaiolo-alfa-forni-2021.jpg\",\"contentUrl\":\"https:\\\/\\\/bulaoutdoor.nl\\\/wp-content\\\/uploads\\\/2021\\\/09\\\/kit-pizzaiolo-alfa-forni-2021.jpg\",\"width\":1200,\"height\":1200},{\"@type\":\"BreadcrumbList\",\"@id\":\"https:\\\/\\\/bulaoutdoor.nl\\\/product\\\/kit-pizzaiolo\\\/#breadcrumb\",\"itemListElement\":[{\"@type\":\"ListItem\",\"position\":1,\"name\":\"Home\",\"item\":\"https:\\\/\\\/bulaoutdoor.nl\\\/\"},{\"@type\":\"ListItem\",\"position\":2,\"name\":\"Online BBQ kopen\",\"item\":\"https:\\\/\\\/bulaoutdoor.nl\\\/\"},{\"@type\":\"ListItem\",\"position\":3,\"name\":\"Kit Pizzaiolo\"}]},{\"@type\":\"WebSite\",\"@id\":\"https:\\\/\\\/bulaoutdoor.nl\\\/#website\",\"url\":\"https:\\\/\\\/bulaoutdoor.nl\\\/\",\"name\":\"Bula Outdoor\",\"description\":\"Voor uw buitenhaard, BBQ, tuinfakkel en houtoven\",\"publisher\":{\"@id\":\"https:\\\/\\\/bulaoutdoor.nl\\\/#organization\"},\"potentialAction\":[{\"@type\":\"SearchAction\",\"target\":{\"@type\":\"EntryPoint\",\"urlTemplate\":\"https:\\\/\\\/bulaoutdoor.nl\\\/?s={search_term_string}\"},\"query-input\":{\"@type\":\"PropertyValueSpecification\",\"valueRequired\":true,\"valueName\":\"search_term_string\"}}],\"inLanguage\":\"fr-FR\"},{\"@type\":\"Organization\",\"@id\":\"https:\\\/\\\/bulaoutdoor.nl\\\/#organization\",\"name\":\"Bula Outdoor\",\"url\":\"https:\\\/\\\/bulaoutdoor.nl\\\/\",\"logo\":{\"@type\":\"ImageObject\",\"inLanguage\":\"fr-FR\",\"@id\":\"https:\\\/\\\/bulaoutdoor.nl\\\/#\\\/schema\\\/logo\\\/image\\\/\",\"url\":\"https:\\\/\\\/www.bulaoutdoor.nl\\\/wp-content\\\/uploads\\\/2018\\\/04\\\/bulaoutdoor-logo.png\",\"contentUrl\":\"https:\\\/\\\/www.bulaoutdoor.nl\\\/wp-content\\\/uploads\\\/2018\\\/04\\\/bulaoutdoor-logo.png\",\"width\":324,\"height\":91,\"caption\":\"Bula Outdoor\"},\"image\":{\"@id\":\"https:\\\/\\\/bulaoutdoor.nl\\\/#\\\/schema\\\/logo\\\/image\\\/\"}}]}<\/script>\n<!-- \/ Yoast SEO plugin. -->","yoast_head_json":{"title":"Kit Pizzaiolo - Bula Outdoor","robots":{"index":"index","follow":"follow","max-snippet":"max-snippet:-1","max-image-preview":"max-image-preview:large","max-video-preview":"max-video-preview:-1"},"canonical":"https:\/\/bulaoutdoor.nl\/fr\/produit\/kit-pizzaiolo\/","og_locale":"fr_FR","og_type":"article","og_title":"Kit Pizzaiolo &#8211; Bula Outdoor","og_description":"Verras iedereen met je pizza\u2019s, de perfecte tools voor een steenoven pizzabakker.","og_url":"https:\/\/bulaoutdoor.nl\/fr\/produit\/kit-pizzaiolo\/","og_site_name":"Bula Outdoor","article_modified_time":"2026-02-13T15:46:42+00:00","og_image":[{"width":1200,"height":1200,"url":"https:\/\/bulaoutdoor.nl\/wp-content\/uploads\/2021\/09\/kit-pizzaiolo-alfa-forni-2021.jpg","type":"image\/jpeg"}],"twitter_card":"summary_large_image","twitter_misc":{"Dur\u00e9e de lecture estim\u00e9e":"6 minutes"},"schema":{"@context":"https:\/\/schema.org","@graph":[{"@type":"WebPage","@id":"https:\/\/bulaoutdoor.nl\/product\/kit-pizzaiolo\/","url":"https:\/\/bulaoutdoor.nl\/product\/kit-pizzaiolo\/","name":"Kit Pizzaiolo - Bula Outdoor","isPartOf":{"@id":"https:\/\/bulaoutdoor.nl\/#website"},"primaryImageOfPage":{"@id":"https:\/\/bulaoutdoor.nl\/product\/kit-pizzaiolo\/#primaryimage"},"image":{"@id":"https:\/\/bulaoutdoor.nl\/product\/kit-pizzaiolo\/#primaryimage"},"thumbnailUrl":"https:\/\/bulaoutdoor.nl\/wp-content\/uploads\/2021\/09\/kit-pizzaiolo-alfa-forni-2021.jpg","datePublished":"2021-09-11T16:28:50+00:00","dateModified":"2026-02-13T15:46:42+00:00","breadcrumb":{"@id":"https:\/\/bulaoutdoor.nl\/product\/kit-pizzaiolo\/#breadcrumb"},"inLanguage":"fr-FR","potentialAction":[{"@type":"ReadAction","target":["https:\/\/bulaoutdoor.nl\/product\/kit-pizzaiolo\/"]}]},{"@type":"ImageObject","inLanguage":"fr-FR","@id":"https:\/\/bulaoutdoor.nl\/product\/kit-pizzaiolo\/#primaryimage","url":"https:\/\/bulaoutdoor.nl\/wp-content\/uploads\/2021\/09\/kit-pizzaiolo-alfa-forni-2021.jpg","contentUrl":"https:\/\/bulaoutdoor.nl\/wp-content\/uploads\/2021\/09\/kit-pizzaiolo-alfa-forni-2021.jpg","width":1200,"height":1200},{"@type":"BreadcrumbList","@id":"https:\/\/bulaoutdoor.nl\/product\/kit-pizzaiolo\/#breadcrumb","itemListElement":[{"@type":"ListItem","position":1,"name":"Home","item":"https:\/\/bulaoutdoor.nl\/"},{"@type":"ListItem","position":2,"name":"Online BBQ kopen","item":"https:\/\/bulaoutdoor.nl\/"},{"@type":"ListItem","position":3,"name":"Kit Pizzaiolo"}]},{"@type":"WebSite","@id":"https:\/\/bulaoutdoor.nl\/#website","url":"https:\/\/bulaoutdoor.nl\/","name":"Bula Outdoor","description":"Pour votre chemin\u00e9e ext\u00e9rieure, votre barbecue, votre torche de jardin et votre four \u00e0 bois","publisher":{"@id":"https:\/\/bulaoutdoor.nl\/#organization"},"potentialAction":[{"@type":"SearchAction","target":{"@type":"EntryPoint","urlTemplate":"https:\/\/bulaoutdoor.nl\/?s={search_term_string}"},"query-input":{"@type":"PropertyValueSpecification","valueRequired":true,"valueName":"search_term_string"}}],"inLanguage":"fr-FR"},{"@type":"Organization","@id":"https:\/\/bulaoutdoor.nl\/#organization","name":"Bula Outdoor","url":"https:\/\/bulaoutdoor.nl\/","logo":{"@type":"ImageObject","inLanguage":"fr-FR","@id":"https:\/\/bulaoutdoor.nl\/#\/schema\/logo\/image\/","url":"https:\/\/www.bulaoutdoor.nl\/wp-content\/uploads\/2018\/04\/bulaoutdoor-logo.png","contentUrl":"https:\/\/www.bulaoutdoor.nl\/wp-content\/uploads\/2018\/04\/bulaoutdoor-logo.png","width":324,"height":91,"caption":"Bula Outdoor"},"image":{"@id":"https:\/\/bulaoutdoor.nl\/#\/schema\/logo\/image\/"}}]}},"jetpack_sharing_enabled":true,"_links":{"self":[{"href":"https:\/\/bulaoutdoor.nl\/fr\/wp-json\/wp\/v2\/product\/12219","targetHints":{"allow":["GET"]}}],"collection":[{"href":"https:\/\/bulaoutdoor.nl\/fr\/wp-json\/wp\/v2\/product"}],"about":[{"href":"https:\/\/bulaoutdoor.nl\/fr\/wp-json\/wp\/v2\/types\/product"}],"replies":[{"embeddable":true,"href":"https:\/\/bulaoutdoor.nl\/fr\/wp-json\/wp\/v2\/comments?post=12219"}],"wp:featuredmedia":[{"embeddable":true,"href":"https:\/\/bulaoutdoor.nl\/fr\/wp-json\/wp\/v2\/media\/12231"}],"wp:attachment":[{"href":"https:\/\/bulaoutdoor.nl\/fr\/wp-json\/wp\/v2\/media?parent=12219"}],"wp:term":[{"taxonomy":"product_brand","embeddable":true,"href":"https:\/\/bulaoutdoor.nl\/fr\/wp-json\/wp\/v2\/product_brand?post=12219"},{"taxonomy":"product_cat","embeddable":true,"href":"https:\/\/bulaoutdoor.nl\/fr\/wp-json\/wp\/v2\/product_cat?post=12219"},{"taxonomy":"product_tag","embeddable":true,"href":"https:\/\/bulaoutdoor.nl\/fr\/wp-json\/wp\/v2\/product_tag?post=12219"}],"curies":[{"name":"wp","href":"https:\/\/api.w.org\/{rel}","templated":true}]}}