{"id":12266,"date":"2021-09-15T14:33:41","date_gmt":"2021-09-15T14:33:41","guid":{"rendered":"https:\/\/www.bulaoutdoor.nl\/?post_type=product&#038;p=12266"},"modified":"2021-09-15T14:49:21","modified_gmt":"2021-09-15T14:49:21","slug":"personnalisation-du-filet-pour-les-cuisines-dexterieur","status":"publish","type":"product","link":"https:\/\/bulaoutdoor.nl\/fr\/product\/pla-net-maatwerk-voor-buitenkeukens\/","title":{"rendered":"Personnalisation de Pla.net pour les cuisines ext\u00e9rieures"},"content":{"rendered":"<p>Planet propose une gamme \u00e9tendue pour les amateurs de cuisine en plein air. Bien entendu, toutes les options ne trouvent pas leur place dans la salle d'exposition. N'h\u00e9sitez donc pas \u00e0 parcourir la collection compl\u00e8te de Planet, \u00e0 prendre des photos et \u00e0 vous rendre sur place. <a href=\"https:\/\/bulaoutdoor.nl\/fr\/contact\/\">contacter Bula<\/a> ou <a href=\"https:\/\/bulaoutdoor.nl\/fr\/contact\/\">n'h\u00e9sitez pas \u00e0 prendre rendez-vous<\/a> pour discuter personnellement des nombreuses possibilit\u00e9s.<\/p>\n<ul>\n<li>Il est possible de cuisiner au gaz ou \u00e0 l'\u00e9lectricit\u00e9.<\/li>\n<li>Nombreuses options pour les stations de cuisson compl\u00e8tes et la composition modulaire de votre station de cuisson personnelle.<\/li>\n<li>Des planchas individuelles aux appareils int\u00e9gr\u00e9s pour votre propre cuisine ext\u00e9rieure.<\/li>\n<li>Si vous avez des questions ou si vous souhaitez discuter des possibilit\u00e9s, vous \u00eates toujours le bienvenu dans le magasin ou par l'interm\u00e9diaire de nos autres canaux.<\/li>\n<\/ul>\n<p>La gamme compl\u00e8te de Planet peut \u00eatre consult\u00e9e \u00e0 l'adresse suivante <a href=\"https:\/\/drive.google.com\/uc?export=download&amp;id=1Jv-NeYPq6ZLS3_V-hA2iHKGxMGlR6ItD\">la brochure<\/a> et <a href=\"https:\/\/drive.google.com\/uc?export=download&amp;id=1GcT4_FiFcUlSepmXFtdJfyRlKDr-isEA\">la liste des prix.<\/a><\/p>\n<div id='gallery-1' class='gallery galleryid-12266 gallery-columns-1 gallery-size-full'><figure class='gallery-item'>\n\t\t\t<div class='gallery-icon landscape'>\n\t\t\t\t<img loading=\"lazy\" decoding=\"async\" width=\"900\" height=\"666\" src=\"https:\/\/bulaoutdoor.nl\/wp-content\/uploads\/2021\/09\/OASI142.COASI97-3.jpg\" class=\"attachment-full size-full\" alt=\"\" srcset=\"https:\/\/bulaoutdoor.nl\/wp-content\/uploads\/2021\/09\/OASI142.COASI97-3.jpg 900w, https:\/\/bulaoutdoor.nl\/wp-content\/uploads\/2021\/09\/OASI142.COASI97-3-300x222.jpg 300w, https:\/\/bulaoutdoor.nl\/wp-content\/uploads\/2021\/09\/OASI142.COASI97-3-768x568.jpg 768w, https:\/\/bulaoutdoor.nl\/wp-content\/uploads\/2021\/09\/OASI142.COASI97-3-416x308.jpg 416w\" sizes=\"auto, (max-width: 900px) 100vw, 900px\" \/>\n\t\t\t<\/div><\/figure>\n\t\t<\/div>","protected":false},"excerpt":{"rendered":"<p>Consultez les options ici pour conna\u00eetre les nombreuses possibilit\u00e9s que Bula Outdoor peut offrir en termes de personnalisation de Pla.net. Faites d\u00e9filer vers le bas pour obtenir la brochure et la liste de prix.<\/p>","protected":false},"featured_media":12261,"comment_status":"open","ping_status":"closed","template":"","meta":{"_acf_changed":false},"product_brand":[],"product_cat":[753],"product_tag":[773,771,772,770],"class_list":{"0":"post-12266","1":"product","2":"type-product","3":"status-publish","4":"has-post-thumbnail","6":"product_cat-pla-net-outdoor-kitchen","7":"product_tag-buiten-koken-op-maat-planet","8":"product_tag-buitenkeukens-planet","9":"product_tag-maatwerk-buitenkeukens","10":"product_tag-outdoor-kitchen-pla-net","12":"first","13":"instock","14":"taxable","15":"shipping-taxable","16":"product-type-simple"},"acf":[],"yoast_head":"<!-- This site is optimized with the Yoast SEO plugin v27.3 - https:\/\/yoast.com\/product\/yoast-seo-wordpress\/ -->\n<title>Pla.net maatwerk voor buitenkeukens &#8211; Bula Outdoor<\/title>\n<meta name=\"robots\" content=\"index, follow, max-snippet:-1, max-image-preview:large, max-video-preview:-1\" \/>\n<link rel=\"canonical\" href=\"https:\/\/bulaoutdoor.nl\/fr\/produit\/personnalisation-du-filet-pour-les-cuisines-dexterieur\/\" \/>\n<meta property=\"og:locale\" content=\"fr_FR\" \/>\n<meta property=\"og:type\" content=\"article\" \/>\n<meta property=\"og:title\" content=\"Pla.net maatwerk voor buitenkeukens &#8211; Bula Outdoor\" \/>\n<meta property=\"og:description\" content=\"Bekijk hier de opties voor de vele mogelijkheden die Bula Outdoor kan bieden op het gebied van Pla.net maatwerk. Scroll naar beneden voor de brochure en de prijslijst.\" \/>\n<meta property=\"og:url\" content=\"https:\/\/bulaoutdoor.nl\/fr\/produit\/personnalisation-du-filet-pour-les-cuisines-dexterieur\/\" \/>\n<meta property=\"og:site_name\" content=\"Bula Outdoor\" \/>\n<meta property=\"article:modified_time\" content=\"2021-09-15T14:49:21+00:00\" \/>\n<meta property=\"og:image\" content=\"https:\/\/bulaoutdoor.nl\/wp-content\/uploads\/2021\/09\/planet-mainnew.jpg\" \/>\n\t<meta property=\"og:image:width\" content=\"900\" \/>\n\t<meta property=\"og:image:height\" content=\"900\" \/>\n\t<meta property=\"og:image:type\" content=\"image\/jpeg\" \/>\n<meta name=\"twitter:card\" content=\"summary_large_image\" \/>\n<meta name=\"twitter:label1\" content=\"Dur\u00e9e de lecture estim\u00e9e\" \/>\n\t<meta name=\"twitter:data1\" content=\"1 minute\" \/>\n<script type=\"application\/ld+json\" class=\"yoast-schema-graph\">{\"@context\":\"https:\\\/\\\/schema.org\",\"@graph\":[{\"@type\":\"WebPage\",\"@id\":\"https:\\\/\\\/bulaoutdoor.nl\\\/product\\\/pla-net-maatwerk-voor-buitenkeukens\\\/\",\"url\":\"https:\\\/\\\/bulaoutdoor.nl\\\/product\\\/pla-net-maatwerk-voor-buitenkeukens\\\/\",\"name\":\"Pla.net maatwerk voor buitenkeukens &#8211; Bula Outdoor\",\"isPartOf\":{\"@id\":\"https:\\\/\\\/bulaoutdoor.nl\\\/#website\"},\"primaryImageOfPage\":{\"@id\":\"https:\\\/\\\/bulaoutdoor.nl\\\/product\\\/pla-net-maatwerk-voor-buitenkeukens\\\/#primaryimage\"},\"image\":{\"@id\":\"https:\\\/\\\/bulaoutdoor.nl\\\/product\\\/pla-net-maatwerk-voor-buitenkeukens\\\/#primaryimage\"},\"thumbnailUrl\":\"https:\\\/\\\/bulaoutdoor.nl\\\/wp-content\\\/uploads\\\/2021\\\/09\\\/planet-mainnew.jpg\",\"datePublished\":\"2021-09-15T14:33:41+00:00\",\"dateModified\":\"2021-09-15T14:49:21+00:00\",\"breadcrumb\":{\"@id\":\"https:\\\/\\\/bulaoutdoor.nl\\\/product\\\/pla-net-maatwerk-voor-buitenkeukens\\\/#breadcrumb\"},\"inLanguage\":\"fr-FR\",\"potentialAction\":[{\"@type\":\"ReadAction\",\"target\":[\"https:\\\/\\\/bulaoutdoor.nl\\\/product\\\/pla-net-maatwerk-voor-buitenkeukens\\\/\"]}]},{\"@type\":\"ImageObject\",\"inLanguage\":\"fr-FR\",\"@id\":\"https:\\\/\\\/bulaoutdoor.nl\\\/product\\\/pla-net-maatwerk-voor-buitenkeukens\\\/#primaryimage\",\"url\":\"https:\\\/\\\/bulaoutdoor.nl\\\/wp-content\\\/uploads\\\/2021\\\/09\\\/planet-mainnew.jpg\",\"contentUrl\":\"https:\\\/\\\/bulaoutdoor.nl\\\/wp-content\\\/uploads\\\/2021\\\/09\\\/planet-mainnew.jpg\",\"width\":900,\"height\":900},{\"@type\":\"BreadcrumbList\",\"@id\":\"https:\\\/\\\/bulaoutdoor.nl\\\/product\\\/pla-net-maatwerk-voor-buitenkeukens\\\/#breadcrumb\",\"itemListElement\":[{\"@type\":\"ListItem\",\"position\":1,\"name\":\"Home\",\"item\":\"https:\\\/\\\/bulaoutdoor.nl\\\/\"},{\"@type\":\"ListItem\",\"position\":2,\"name\":\"Online BBQ kopen\",\"item\":\"https:\\\/\\\/bulaoutdoor.nl\\\/\"},{\"@type\":\"ListItem\",\"position\":3,\"name\":\"Pla.net maatwerk voor buitenkeukens\"}]},{\"@type\":\"WebSite\",\"@id\":\"https:\\\/\\\/bulaoutdoor.nl\\\/#website\",\"url\":\"https:\\\/\\\/bulaoutdoor.nl\\\/\",\"name\":\"Bula Outdoor\",\"description\":\"Voor uw buitenhaard, BBQ, tuinfakkel en houtoven\",\"publisher\":{\"@id\":\"https:\\\/\\\/bulaoutdoor.nl\\\/#organization\"},\"potentialAction\":[{\"@type\":\"SearchAction\",\"target\":{\"@type\":\"EntryPoint\",\"urlTemplate\":\"https:\\\/\\\/bulaoutdoor.nl\\\/?s={search_term_string}\"},\"query-input\":{\"@type\":\"PropertyValueSpecification\",\"valueRequired\":true,\"valueName\":\"search_term_string\"}}],\"inLanguage\":\"fr-FR\"},{\"@type\":\"Organization\",\"@id\":\"https:\\\/\\\/bulaoutdoor.nl\\\/#organization\",\"name\":\"Bula Outdoor\",\"url\":\"https:\\\/\\\/bulaoutdoor.nl\\\/\",\"logo\":{\"@type\":\"ImageObject\",\"inLanguage\":\"fr-FR\",\"@id\":\"https:\\\/\\\/bulaoutdoor.nl\\\/#\\\/schema\\\/logo\\\/image\\\/\",\"url\":\"https:\\\/\\\/www.bulaoutdoor.nl\\\/wp-content\\\/uploads\\\/2018\\\/04\\\/bulaoutdoor-logo.png\",\"contentUrl\":\"https:\\\/\\\/www.bulaoutdoor.nl\\\/wp-content\\\/uploads\\\/2018\\\/04\\\/bulaoutdoor-logo.png\",\"width\":324,\"height\":91,\"caption\":\"Bula Outdoor\"},\"image\":{\"@id\":\"https:\\\/\\\/bulaoutdoor.nl\\\/#\\\/schema\\\/logo\\\/image\\\/\"}}]}<\/script>\n<!-- \/ Yoast SEO plugin. -->","yoast_head_json":{"title":"Personnalisation Pla.net pour les cuisines d'ext\u00e9rieur - Bula Outdoor","robots":{"index":"index","follow":"follow","max-snippet":"max-snippet:-1","max-image-preview":"max-image-preview:large","max-video-preview":"max-video-preview:-1"},"canonical":"https:\/\/bulaoutdoor.nl\/fr\/produit\/personnalisation-du-filet-pour-les-cuisines-dexterieur\/","og_locale":"fr_FR","og_type":"article","og_title":"Pla.net maatwerk voor buitenkeukens &#8211; Bula Outdoor","og_description":"Bekijk hier de opties voor de vele mogelijkheden die Bula Outdoor kan bieden op het gebied van Pla.net maatwerk. Scroll naar beneden voor de brochure en de prijslijst.","og_url":"https:\/\/bulaoutdoor.nl\/fr\/produit\/personnalisation-du-filet-pour-les-cuisines-dexterieur\/","og_site_name":"Bula Outdoor","article_modified_time":"2021-09-15T14:49:21+00:00","og_image":[{"width":900,"height":900,"url":"https:\/\/bulaoutdoor.nl\/wp-content\/uploads\/2021\/09\/planet-mainnew.jpg","type":"image\/jpeg"}],"twitter_card":"summary_large_image","twitter_misc":{"Dur\u00e9e de lecture estim\u00e9e":"1 minute"},"schema":{"@context":"https:\/\/schema.org","@graph":[{"@type":"WebPage","@id":"https:\/\/bulaoutdoor.nl\/product\/pla-net-maatwerk-voor-buitenkeukens\/","url":"https:\/\/bulaoutdoor.nl\/product\/pla-net-maatwerk-voor-buitenkeukens\/","name":"Personnalisation Pla.net pour les cuisines d'ext\u00e9rieur - Bula Outdoor","isPartOf":{"@id":"https:\/\/bulaoutdoor.nl\/#website"},"primaryImageOfPage":{"@id":"https:\/\/bulaoutdoor.nl\/product\/pla-net-maatwerk-voor-buitenkeukens\/#primaryimage"},"image":{"@id":"https:\/\/bulaoutdoor.nl\/product\/pla-net-maatwerk-voor-buitenkeukens\/#primaryimage"},"thumbnailUrl":"https:\/\/bulaoutdoor.nl\/wp-content\/uploads\/2021\/09\/planet-mainnew.jpg","datePublished":"2021-09-15T14:33:41+00:00","dateModified":"2021-09-15T14:49:21+00:00","breadcrumb":{"@id":"https:\/\/bulaoutdoor.nl\/product\/pla-net-maatwerk-voor-buitenkeukens\/#breadcrumb"},"inLanguage":"fr-FR","potentialAction":[{"@type":"ReadAction","target":["https:\/\/bulaoutdoor.nl\/product\/pla-net-maatwerk-voor-buitenkeukens\/"]}]},{"@type":"ImageObject","inLanguage":"fr-FR","@id":"https:\/\/bulaoutdoor.nl\/product\/pla-net-maatwerk-voor-buitenkeukens\/#primaryimage","url":"https:\/\/bulaoutdoor.nl\/wp-content\/uploads\/2021\/09\/planet-mainnew.jpg","contentUrl":"https:\/\/bulaoutdoor.nl\/wp-content\/uploads\/2021\/09\/planet-mainnew.jpg","width":900,"height":900},{"@type":"BreadcrumbList","@id":"https:\/\/bulaoutdoor.nl\/product\/pla-net-maatwerk-voor-buitenkeukens\/#breadcrumb","itemListElement":[{"@type":"ListItem","position":1,"name":"Home","item":"https:\/\/bulaoutdoor.nl\/"},{"@type":"ListItem","position":2,"name":"Online BBQ kopen","item":"https:\/\/bulaoutdoor.nl\/"},{"@type":"ListItem","position":3,"name":"Pla.net maatwerk voor buitenkeukens"}]},{"@type":"WebSite","@id":"https:\/\/bulaoutdoor.nl\/#website","url":"https:\/\/bulaoutdoor.nl\/","name":"Bula Outdoor","description":"Pour votre chemin\u00e9e ext\u00e9rieure, votre barbecue, votre torche de jardin et votre four \u00e0 bois","publisher":{"@id":"https:\/\/bulaoutdoor.nl\/#organization"},"potentialAction":[{"@type":"SearchAction","target":{"@type":"EntryPoint","urlTemplate":"https:\/\/bulaoutdoor.nl\/?s={search_term_string}"},"query-input":{"@type":"PropertyValueSpecification","valueRequired":true,"valueName":"search_term_string"}}],"inLanguage":"fr-FR"},{"@type":"Organization","@id":"https:\/\/bulaoutdoor.nl\/#organization","name":"Bula Outdoor","url":"https:\/\/bulaoutdoor.nl\/","logo":{"@type":"ImageObject","inLanguage":"fr-FR","@id":"https:\/\/bulaoutdoor.nl\/#\/schema\/logo\/image\/","url":"https:\/\/www.bulaoutdoor.nl\/wp-content\/uploads\/2018\/04\/bulaoutdoor-logo.png","contentUrl":"https:\/\/www.bulaoutdoor.nl\/wp-content\/uploads\/2018\/04\/bulaoutdoor-logo.png","width":324,"height":91,"caption":"Bula Outdoor"},"image":{"@id":"https:\/\/bulaoutdoor.nl\/#\/schema\/logo\/image\/"}}]}},"jetpack_sharing_enabled":true,"_links":{"self":[{"href":"https:\/\/bulaoutdoor.nl\/fr\/wp-json\/wp\/v2\/product\/12266","targetHints":{"allow":["GET"]}}],"collection":[{"href":"https:\/\/bulaoutdoor.nl\/fr\/wp-json\/wp\/v2\/product"}],"about":[{"href":"https:\/\/bulaoutdoor.nl\/fr\/wp-json\/wp\/v2\/types\/product"}],"replies":[{"embeddable":true,"href":"https:\/\/bulaoutdoor.nl\/fr\/wp-json\/wp\/v2\/comments?post=12266"}],"wp:featuredmedia":[{"embeddable":true,"href":"https:\/\/bulaoutdoor.nl\/fr\/wp-json\/wp\/v2\/media\/12261"}],"wp:attachment":[{"href":"https:\/\/bulaoutdoor.nl\/fr\/wp-json\/wp\/v2\/media?parent=12266"}],"wp:term":[{"taxonomy":"product_brand","embeddable":true,"href":"https:\/\/bulaoutdoor.nl\/fr\/wp-json\/wp\/v2\/product_brand?post=12266"},{"taxonomy":"product_cat","embeddable":true,"href":"https:\/\/bulaoutdoor.nl\/fr\/wp-json\/wp\/v2\/product_cat?post=12266"},{"taxonomy":"product_tag","embeddable":true,"href":"https:\/\/bulaoutdoor.nl\/fr\/wp-json\/wp\/v2\/product_tag?post=12266"}],"curies":[{"name":"wp","href":"https:\/\/api.w.org\/{rel}","templated":true}]}}