{"id":12502,"date":"2021-10-18T10:35:27","date_gmt":"2021-10-18T10:35:27","guid":{"rendered":"https:\/\/www.bulaoutdoor.nl\/?post_type=product&#038;p=12502"},"modified":"2025-05-20T13:31:35","modified_gmt":"2025-05-20T13:31:35","slug":"regal-690","status":"publish","type":"product","link":"https:\/\/bulaoutdoor.nl\/fr\/product\/regal-690\/","title":{"rendered":"Regal 690"},"content":{"rendered":"<p>La gamme Regal de Broil King est synonyme d'hospitalit\u00e9. Con\u00e7ue sp\u00e9cialement pour le chef de cuisine en plein air dont l'objectif est de ravir ses invit\u00e9s.<\/p>\n<ul>\n<li>Surface de r\u00f4tissage de 69 x 49 cm et 30 x 49 cm dans deux fours compl\u00e8tement s\u00e9par\u00e9s avec des grilles de r\u00f4tissage en fonte.<img loading=\"lazy\" decoding=\"async\" class=\"alignnone wp-image-12504\" src=\"https:\/\/www.bulaoutdoor.nl\/wp-content\/uploads\/2021\/10\/690-rooster-300x184.jpg\" alt=\"\" width=\"654\" height=\"401\" srcset=\"https:\/\/bulaoutdoor.nl\/wp-content\/uploads\/2021\/10\/690-rooster-300x184.jpg 300w, https:\/\/bulaoutdoor.nl\/wp-content\/uploads\/2021\/10\/690-rooster-416x255.jpg 416w, https:\/\/bulaoutdoor.nl\/wp-content\/uploads\/2021\/10\/690-rooster.jpg 593w\" sizes=\"auto, (max-width: 654px) 100vw, 654px\" \/><\/li>\n<li>Br\u00fbleurs principaux (6) 17,6 kW + br\u00fbleur lat\u00e9ral en fonte 2,7 kWh + br\u00fbleur \u00e0 broche 4,4 kW.<\/li>\n<li>Robinets \u00e0 gaz r\u00e9glables en continu et dot\u00e9s de boutons lumineux pratiques.<\/li>\n<li>Bac \u00e0 barbecue coupe-vent.<\/li>\n<li>Thermom\u00e8tre int\u00e9gr\u00e9.<\/li>\n<li>Dimensions totales : 193 x 63 x 124 cm avec une hauteur de travail de 92 cm. Offre un espace de rangement pratique pour la bouteille de gaz ainsi qu'une housse et est facile \u00e0 d\u00e9placer gr\u00e2ce \u00e0 ses grandes roulettes.<\/li>\n<\/ul>\n<p>Broil King utilise diff\u00e9rentes techniques pour obtenir cette d\u00e9licieuse saveur de barbecue. Pour en savoir plus sur les caract\u00e9ristiques des barbecues Regal de Broil King, cliquez ci-dessous.<\/p>\n<h4>Le four<\/h4>\n<p>Les fours Regal sont sp\u00e9cialement con\u00e7us pour conserver la chaleur. Ils sont fabriqu\u00e9s en acier \u00e9maill\u00e9 double face combin\u00e9 \u00e0 des parois en aluminium pour une longue dur\u00e9e de vie.  Le Regal 690 dispose de deux fours compl\u00e8tement s\u00e9par\u00e9s. Ainsi, le plus petit four peut \u00eatre utilis\u00e9 comme zone de saisie pour les steaks, les hamburgers ou d'autres plats qui doivent \u00eatre saisis rapidement pour conserver toute leur saveur.<\/p>\n<p><img loading=\"lazy\" decoding=\"async\" class=\"wp-image-12349 aligncenter\" src=\"https:\/\/www.bulaoutdoor.nl\/wp-content\/uploads\/2021\/09\/pic_side-09-300x200.jpg\" alt=\"\" width=\"503\" height=\"335\" srcset=\"https:\/\/bulaoutdoor.nl\/wp-content\/uploads\/2021\/09\/pic_side-09-300x200.jpg 300w, https:\/\/bulaoutdoor.nl\/wp-content\/uploads\/2021\/09\/pic_side-09-416x278.jpg 416w, https:\/\/bulaoutdoor.nl\/wp-content\/uploads\/2021\/09\/pic_side-09.jpg 640w\" sizes=\"auto, (max-width: 503px) 100vw, 503px\" \/><\/p>\n<h4>Grilles de cuisson<\/h4>\n<p>Les grilles de cuisson en fonte sont sp\u00e9cialement con\u00e7ues pour conserver la chaleur. Les grilles ont deux c\u00f4t\u00e9s diff\u00e9rents. L'une d'elles est tranchante, ce qui permet de saisir de belles marques de steakhouse. L'autre c\u00f4t\u00e9 de la grille est rainur\u00e9, ce qui permet de griller la viande dans son propre jus. Ces grilles sont faciles \u00e0 nettoyer et durent tr\u00e8s longtemps.<img loading=\"lazy\" decoding=\"async\" class=\"wp-image-12355 aligncenter\" src=\"https:\/\/www.bulaoutdoor.nl\/wp-content\/uploads\/2021\/09\/roosters2-300x227.jpg\" alt=\"\" width=\"430\" height=\"325\" srcset=\"https:\/\/bulaoutdoor.nl\/wp-content\/uploads\/2021\/09\/roosters2-300x227.jpg 300w, https:\/\/bulaoutdoor.nl\/wp-content\/uploads\/2021\/09\/roosters2-416x315.jpg 416w, https:\/\/bulaoutdoor.nl\/wp-content\/uploads\/2021\/09\/roosters2.jpg 500w\" sizes=\"auto, (max-width: 430px) 100vw, 430px\" \/><\/p>\n<h4>Flav-r-wave<\/h4>\n<p>Le syst\u00e8me de cuisson Flav-r-wave\u2122 est con\u00e7u pour capturer et \u00e9vaporer imm\u00e9diatement les jus de viande qui tombent \u00e0 travers la grille. C'est gr\u00e2ce \u00e0 cette technique que la saveur unique du barbecue est cr\u00e9\u00e9e.<\/p>\n<p><img loading=\"lazy\" decoding=\"async\" class=\"size-medium wp-image-12353 aligncenter\" src=\"https:\/\/www.bulaoutdoor.nl\/wp-content\/uploads\/2021\/09\/flavrwave-300x300.jpg\" alt=\"\" width=\"300\" height=\"300\" srcset=\"https:\/\/bulaoutdoor.nl\/wp-content\/uploads\/2021\/09\/flavrwave-300x300.jpg 300w, https:\/\/bulaoutdoor.nl\/wp-content\/uploads\/2021\/09\/flavrwave-150x150.jpg 150w, https:\/\/bulaoutdoor.nl\/wp-content\/uploads\/2021\/09\/flavrwave-324x324.jpg 324w, https:\/\/bulaoutdoor.nl\/wp-content\/uploads\/2021\/09\/flavrwave-100x100.jpg 100w, https:\/\/bulaoutdoor.nl\/wp-content\/uploads\/2021\/09\/flavrwave.jpg 337w\" sizes=\"auto, (max-width: 300px) 100vw, 300px\" \/><\/p>\n<h4>Br\u00fbleurs \u00e0 deux tubes<\/h4>\n<p>Les br\u00fbleurs Dual-tube\u2122 sont con\u00e7us pour cr\u00e9er une r\u00e9partition parfaitement homog\u00e8ne des flammes. Cela garantit une distribution uniforme de la chaleur dans toute la cuve de votre barbecue.<img loading=\"lazy\" decoding=\"async\" class=\"size-medium wp-image-12354 aligncenter\" src=\"https:\/\/www.bulaoutdoor.nl\/wp-content\/uploads\/2021\/09\/dualtube-300x300.png\" alt=\"\" width=\"300\" height=\"300\" srcset=\"https:\/\/bulaoutdoor.nl\/wp-content\/uploads\/2021\/09\/dualtube-300x300.png 300w, https:\/\/bulaoutdoor.nl\/wp-content\/uploads\/2021\/09\/dualtube-150x150.png 150w, https:\/\/bulaoutdoor.nl\/wp-content\/uploads\/2021\/09\/dualtube-324x324.png 324w, https:\/\/bulaoutdoor.nl\/wp-content\/uploads\/2021\/09\/dualtube-100x100.png 100w, https:\/\/bulaoutdoor.nl\/wp-content\/uploads\/2021\/09\/dualtube.png 337w\" sizes=\"auto, (max-width: 300px) 100vw, 300px\" \/><\/p>\n<h4>Une temp\u00e9rature parfaite<\/h4>\n<p>Les robinets \u00e0 gaz Linear-Flow\u2122 sont con\u00e7us pour permettre un contr\u00f4le infini de la temp\u00e9rature. Gr\u00e2ce \u00e0 cette technique, vous pouvez saisir des steaks \u00e0 haute temp\u00e9rature ou cuire lentement des plats \u00e0 basse temp\u00e9rature. Tout cela est r\u00e9glable gr\u00e2ce aux boutons de commande Sensi-Touch\u2122 \u00e0 180\u00b0. La temp\u00e9rature \u00e0 l'int\u00e9rieur du barbecue est facile \u00e0 lire sur le thermom\u00e8tre int\u00e9gr\u00e9.<img loading=\"lazy\" decoding=\"async\" class=\"size-medium wp-image-12356 aligncenter\" src=\"https:\/\/www.bulaoutdoor.nl\/wp-content\/uploads\/2021\/09\/Sensi-touch-300x300.jpg\" alt=\"\" width=\"300\" height=\"300\" srcset=\"https:\/\/bulaoutdoor.nl\/wp-content\/uploads\/2021\/09\/Sensi-touch-300x300.jpg 300w, https:\/\/bulaoutdoor.nl\/wp-content\/uploads\/2021\/09\/Sensi-touch-150x150.jpg 150w, https:\/\/bulaoutdoor.nl\/wp-content\/uploads\/2021\/09\/Sensi-touch-324x324.jpg 324w, https:\/\/bulaoutdoor.nl\/wp-content\/uploads\/2021\/09\/Sensi-touch-100x100.jpg 100w, https:\/\/bulaoutdoor.nl\/wp-content\/uploads\/2021\/09\/Sensi-touch.jpg 337w\" sizes=\"auto, (max-width: 300px) 100vw, 300px\" \/><\/p>\n<h4>Garantie<\/h4>\n<p><img loading=\"lazy\" decoding=\"async\" class=\"alignnone wp-image-12464\" src=\"https:\/\/www.bulaoutdoor.nl\/wp-content\/uploads\/2021\/09\/garantie-broil-king-e1633719212469-300x131.jpg\" alt=\"dur\u00e9e de la garantie\" width=\"573\" height=\"250\" srcset=\"https:\/\/bulaoutdoor.nl\/wp-content\/uploads\/2021\/09\/garantie-broil-king-e1633719212469-300x131.jpg 300w, https:\/\/bulaoutdoor.nl\/wp-content\/uploads\/2021\/09\/garantie-broil-king-e1633719212469-768x336.jpg 768w, https:\/\/bulaoutdoor.nl\/wp-content\/uploads\/2021\/09\/garantie-broil-king-e1633719212469-416x182.jpg 416w, https:\/\/bulaoutdoor.nl\/wp-content\/uploads\/2021\/09\/garantie-broil-king-e1633719212469.jpg 828w\" sizes=\"auto, (max-width: 573px) 100vw, 573px\" \/><\/p>\n<p>Commandez le Regal 690 d\u00e8s maintenant chez Bula Outdoor, votre sp\u00e9cialiste du bbq !<\/p>","protected":false},"excerpt":{"rendered":"<p>L'un des barbecues les plus complets de Broil King pour le v\u00e9ritable chef de cuisine en plein air. Deux fours et un br\u00fbleur lat\u00e9ral.<\/p>","protected":false},"featured_media":12503,"comment_status":"open","ping_status":"closed","template":"","meta":{"_acf_changed":false},"product_brand":[],"product_cat":[780],"product_tag":[824,825,826],"class_list":{"0":"post-12502","1":"product","2":"type-product","3":"status-publish","4":"has-post-thumbnail","6":"product_cat-regal-gastvrij","7":"product_tag-broil-king-barbecue-370997283","8":"product_tag-broil-king-bbq-regal-serie-690","9":"product_tag-broil-king-regal-690-bbq-zijbrander-twee-ovens","11":"first","12":"instock","13":"taxable","14":"shipping-taxable","15":"purchasable","16":"product-type-simple"},"acf":[],"yoast_head":"<!-- This site is optimized with the Yoast SEO plugin v27.4 - https:\/\/yoast.com\/product\/yoast-seo-wordpress\/ -->\n<title>Regal 690 &#8211; Bula Outdoor<\/title>\n<meta name=\"robots\" content=\"index, follow, max-snippet:-1, max-image-preview:large, max-video-preview:-1\" \/>\n<link rel=\"canonical\" href=\"https:\/\/bulaoutdoor.nl\/fr\/produit\/regal-690\/\" \/>\n<meta property=\"og:locale\" content=\"fr_FR\" \/>\n<meta property=\"og:type\" content=\"article\" \/>\n<meta property=\"og:title\" content=\"Regal 690 &#8211; Bula Outdoor\" \/>\n<meta property=\"og:description\" content=\"E\u00e9n van de meest uitgebreide barbecues van Broil King voor de echte buiten chef. Twee ovens en een zijbrander.\" \/>\n<meta property=\"og:url\" content=\"https:\/\/bulaoutdoor.nl\/fr\/produit\/regal-690\/\" \/>\n<meta property=\"og:site_name\" content=\"Bula Outdoor\" \/>\n<meta property=\"article:modified_time\" content=\"2025-05-20T13:31:35+00:00\" \/>\n<meta property=\"og:image\" content=\"https:\/\/bulaoutdoor.nl\/wp-content\/uploads\/2021\/10\/690.jpg\" \/>\n\t<meta property=\"og:image:width\" content=\"600\" \/>\n\t<meta property=\"og:image:height\" content=\"600\" \/>\n\t<meta property=\"og:image:type\" content=\"image\/jpeg\" \/>\n<meta name=\"twitter:card\" content=\"summary_large_image\" \/>\n<meta name=\"twitter:label1\" content=\"Dur\u00e9e de lecture estim\u00e9e\" \/>\n\t<meta name=\"twitter:data1\" content=\"4 minutes\" \/>\n<script type=\"application\/ld+json\" class=\"yoast-schema-graph\">{\"@context\":\"https:\\\/\\\/schema.org\",\"@graph\":[{\"@type\":\"WebPage\",\"@id\":\"https:\\\/\\\/bulaoutdoor.nl\\\/product\\\/regal-690\\\/\",\"url\":\"https:\\\/\\\/bulaoutdoor.nl\\\/product\\\/regal-690\\\/\",\"name\":\"Regal 690 &#8211; Bula Outdoor\",\"isPartOf\":{\"@id\":\"https:\\\/\\\/bulaoutdoor.nl\\\/#website\"},\"primaryImageOfPage\":{\"@id\":\"https:\\\/\\\/bulaoutdoor.nl\\\/product\\\/regal-690\\\/#primaryimage\"},\"image\":{\"@id\":\"https:\\\/\\\/bulaoutdoor.nl\\\/product\\\/regal-690\\\/#primaryimage\"},\"thumbnailUrl\":\"https:\\\/\\\/bulaoutdoor.nl\\\/wp-content\\\/uploads\\\/2021\\\/10\\\/690.jpg\",\"datePublished\":\"2021-10-18T10:35:27+00:00\",\"dateModified\":\"2025-05-20T13:31:35+00:00\",\"breadcrumb\":{\"@id\":\"https:\\\/\\\/bulaoutdoor.nl\\\/product\\\/regal-690\\\/#breadcrumb\"},\"inLanguage\":\"fr-FR\",\"potentialAction\":[{\"@type\":\"ReadAction\",\"target\":[\"https:\\\/\\\/bulaoutdoor.nl\\\/product\\\/regal-690\\\/\"]}]},{\"@type\":\"ImageObject\",\"inLanguage\":\"fr-FR\",\"@id\":\"https:\\\/\\\/bulaoutdoor.nl\\\/product\\\/regal-690\\\/#primaryimage\",\"url\":\"https:\\\/\\\/bulaoutdoor.nl\\\/wp-content\\\/uploads\\\/2021\\\/10\\\/690.jpg\",\"contentUrl\":\"https:\\\/\\\/bulaoutdoor.nl\\\/wp-content\\\/uploads\\\/2021\\\/10\\\/690.jpg\",\"width\":600,\"height\":600,\"caption\":\"product zelf\"},{\"@type\":\"BreadcrumbList\",\"@id\":\"https:\\\/\\\/bulaoutdoor.nl\\\/product\\\/regal-690\\\/#breadcrumb\",\"itemListElement\":[{\"@type\":\"ListItem\",\"position\":1,\"name\":\"Home\",\"item\":\"https:\\\/\\\/bulaoutdoor.nl\\\/\"},{\"@type\":\"ListItem\",\"position\":2,\"name\":\"Online BBQ kopen\",\"item\":\"https:\\\/\\\/bulaoutdoor.nl\\\/\"},{\"@type\":\"ListItem\",\"position\":3,\"name\":\"Regal 690\"}]},{\"@type\":\"WebSite\",\"@id\":\"https:\\\/\\\/bulaoutdoor.nl\\\/#website\",\"url\":\"https:\\\/\\\/bulaoutdoor.nl\\\/\",\"name\":\"Bula Outdoor\",\"description\":\"Voor uw buitenhaard, BBQ, tuinfakkel en houtoven\",\"publisher\":{\"@id\":\"https:\\\/\\\/bulaoutdoor.nl\\\/#organization\"},\"potentialAction\":[{\"@type\":\"SearchAction\",\"target\":{\"@type\":\"EntryPoint\",\"urlTemplate\":\"https:\\\/\\\/bulaoutdoor.nl\\\/?s={search_term_string}\"},\"query-input\":{\"@type\":\"PropertyValueSpecification\",\"valueRequired\":true,\"valueName\":\"search_term_string\"}}],\"inLanguage\":\"fr-FR\"},{\"@type\":\"Organization\",\"@id\":\"https:\\\/\\\/bulaoutdoor.nl\\\/#organization\",\"name\":\"Bula Outdoor\",\"url\":\"https:\\\/\\\/bulaoutdoor.nl\\\/\",\"logo\":{\"@type\":\"ImageObject\",\"inLanguage\":\"fr-FR\",\"@id\":\"https:\\\/\\\/bulaoutdoor.nl\\\/#\\\/schema\\\/logo\\\/image\\\/\",\"url\":\"https:\\\/\\\/www.bulaoutdoor.nl\\\/wp-content\\\/uploads\\\/2018\\\/04\\\/bulaoutdoor-logo.png\",\"contentUrl\":\"https:\\\/\\\/www.bulaoutdoor.nl\\\/wp-content\\\/uploads\\\/2018\\\/04\\\/bulaoutdoor-logo.png\",\"width\":324,\"height\":91,\"caption\":\"Bula Outdoor\"},\"image\":{\"@id\":\"https:\\\/\\\/bulaoutdoor.nl\\\/#\\\/schema\\\/logo\\\/image\\\/\"}}]}<\/script>\n<!-- \/ Yoast SEO plugin. -->","yoast_head_json":{"title":"Regal 690 - Bula Outdoor","robots":{"index":"index","follow":"follow","max-snippet":"max-snippet:-1","max-image-preview":"max-image-preview:large","max-video-preview":"max-video-preview:-1"},"canonical":"https:\/\/bulaoutdoor.nl\/fr\/produit\/regal-690\/","og_locale":"fr_FR","og_type":"article","og_title":"Regal 690 &#8211; Bula Outdoor","og_description":"E\u00e9n van de meest uitgebreide barbecues van Broil King voor de echte buiten chef. Twee ovens en een zijbrander.","og_url":"https:\/\/bulaoutdoor.nl\/fr\/produit\/regal-690\/","og_site_name":"Bula Outdoor","article_modified_time":"2025-05-20T13:31:35+00:00","og_image":[{"width":600,"height":600,"url":"https:\/\/bulaoutdoor.nl\/wp-content\/uploads\/2021\/10\/690.jpg","type":"image\/jpeg"}],"twitter_card":"summary_large_image","twitter_misc":{"Dur\u00e9e de lecture estim\u00e9e":"4 minutes"},"schema":{"@context":"https:\/\/schema.org","@graph":[{"@type":"WebPage","@id":"https:\/\/bulaoutdoor.nl\/product\/regal-690\/","url":"https:\/\/bulaoutdoor.nl\/product\/regal-690\/","name":"Regal 690 - Bula Outdoor","isPartOf":{"@id":"https:\/\/bulaoutdoor.nl\/#website"},"primaryImageOfPage":{"@id":"https:\/\/bulaoutdoor.nl\/product\/regal-690\/#primaryimage"},"image":{"@id":"https:\/\/bulaoutdoor.nl\/product\/regal-690\/#primaryimage"},"thumbnailUrl":"https:\/\/bulaoutdoor.nl\/wp-content\/uploads\/2021\/10\/690.jpg","datePublished":"2021-10-18T10:35:27+00:00","dateModified":"2025-05-20T13:31:35+00:00","breadcrumb":{"@id":"https:\/\/bulaoutdoor.nl\/product\/regal-690\/#breadcrumb"},"inLanguage":"fr-FR","potentialAction":[{"@type":"ReadAction","target":["https:\/\/bulaoutdoor.nl\/product\/regal-690\/"]}]},{"@type":"ImageObject","inLanguage":"fr-FR","@id":"https:\/\/bulaoutdoor.nl\/product\/regal-690\/#primaryimage","url":"https:\/\/bulaoutdoor.nl\/wp-content\/uploads\/2021\/10\/690.jpg","contentUrl":"https:\/\/bulaoutdoor.nl\/wp-content\/uploads\/2021\/10\/690.jpg","width":600,"height":600,"caption":"product zelf"},{"@type":"BreadcrumbList","@id":"https:\/\/bulaoutdoor.nl\/product\/regal-690\/#breadcrumb","itemListElement":[{"@type":"ListItem","position":1,"name":"Home","item":"https:\/\/bulaoutdoor.nl\/"},{"@type":"ListItem","position":2,"name":"Online BBQ kopen","item":"https:\/\/bulaoutdoor.nl\/"},{"@type":"ListItem","position":3,"name":"Regal 690"}]},{"@type":"WebSite","@id":"https:\/\/bulaoutdoor.nl\/#website","url":"https:\/\/bulaoutdoor.nl\/","name":"Bula Outdoor","description":"Pour votre chemin\u00e9e ext\u00e9rieure, votre barbecue, votre torche de jardin et votre four \u00e0 bois","publisher":{"@id":"https:\/\/bulaoutdoor.nl\/#organization"},"potentialAction":[{"@type":"SearchAction","target":{"@type":"EntryPoint","urlTemplate":"https:\/\/bulaoutdoor.nl\/?s={search_term_string}"},"query-input":{"@type":"PropertyValueSpecification","valueRequired":true,"valueName":"search_term_string"}}],"inLanguage":"fr-FR"},{"@type":"Organization","@id":"https:\/\/bulaoutdoor.nl\/#organization","name":"Bula Outdoor","url":"https:\/\/bulaoutdoor.nl\/","logo":{"@type":"ImageObject","inLanguage":"fr-FR","@id":"https:\/\/bulaoutdoor.nl\/#\/schema\/logo\/image\/","url":"https:\/\/www.bulaoutdoor.nl\/wp-content\/uploads\/2018\/04\/bulaoutdoor-logo.png","contentUrl":"https:\/\/www.bulaoutdoor.nl\/wp-content\/uploads\/2018\/04\/bulaoutdoor-logo.png","width":324,"height":91,"caption":"Bula Outdoor"},"image":{"@id":"https:\/\/bulaoutdoor.nl\/#\/schema\/logo\/image\/"}}]}},"jetpack_sharing_enabled":true,"_links":{"self":[{"href":"https:\/\/bulaoutdoor.nl\/fr\/wp-json\/wp\/v2\/product\/12502","targetHints":{"allow":["GET"]}}],"collection":[{"href":"https:\/\/bulaoutdoor.nl\/fr\/wp-json\/wp\/v2\/product"}],"about":[{"href":"https:\/\/bulaoutdoor.nl\/fr\/wp-json\/wp\/v2\/types\/product"}],"replies":[{"embeddable":true,"href":"https:\/\/bulaoutdoor.nl\/fr\/wp-json\/wp\/v2\/comments?post=12502"}],"wp:featuredmedia":[{"embeddable":true,"href":"https:\/\/bulaoutdoor.nl\/fr\/wp-json\/wp\/v2\/media\/12503"}],"wp:attachment":[{"href":"https:\/\/bulaoutdoor.nl\/fr\/wp-json\/wp\/v2\/media?parent=12502"}],"wp:term":[{"taxonomy":"product_brand","embeddable":true,"href":"https:\/\/bulaoutdoor.nl\/fr\/wp-json\/wp\/v2\/product_brand?post=12502"},{"taxonomy":"product_cat","embeddable":true,"href":"https:\/\/bulaoutdoor.nl\/fr\/wp-json\/wp\/v2\/product_cat?post=12502"},{"taxonomy":"product_tag","embeddable":true,"href":"https:\/\/bulaoutdoor.nl\/fr\/wp-json\/wp\/v2\/product_tag?post=12502"}],"curies":[{"name":"wp","href":"https:\/\/api.w.org\/{rel}","templated":true}]}}