{"id":12520,"date":"2021-10-26T10:42:31","date_gmt":"2021-10-26T10:42:31","guid":{"rendered":"https:\/\/www.bulaoutdoor.nl\/?post_type=product&#038;p=12520"},"modified":"2024-09-02T11:15:38","modified_gmt":"2024-09-02T11:15:38","slug":"baron-590","status":"publish","type":"product","link":"https:\/\/bulaoutdoor.nl\/fr\/product\/baron-590-2\/","title":{"rendered":"Baron 590"},"content":{"rendered":"<p>Le Baron 590 est l'achat id\u00e9al pour un amateur de barbecue soucieux du prix. En effet, la gamme Baron de Broil King est propos\u00e9e \u00e0 un prix tr\u00e8s attractif et dispose de toutes les fonctionnalit\u00e9s que vous \u00eates en droit d'attendre de cette marque. Les syst\u00e8mes et la conception uniques garantissent des r\u00e9sultats d\u00e9licieux. Vous pouvez acheter le Baron 590 en ligne et en magasin.<\/p>\n<h2>Qu'est-ce qui rend le Baron 590 si int\u00e9ressant \u00e0 acheter ?<\/h2>\n<p>Chez Bula Outdoor \u00e0 Bussum, pr\u00e8s de Hilversum, vous pouvez <a href=\"https:\/\/bulaoutdoor.nl\/fr\/categorie-de-produits\/bbq\/\">acheter un barbecue en ligne<\/a>. Vous souhaitez acheter un Baron 590 ? Vous optez alors pour une qualit\u00e9 sup\u00e9rieure \u00e0 un prix attractif. Ce barbecue mesure 161 x 61 x 116 centim\u00e8tres. Ce mod\u00e8le pr\u00e9sente les caract\u00e9ristiques suivantes :<\/p>\n<ul>\n<li>Une surface de r\u00f4tissage de 81 x 44 centim\u00e8tres dans un seul four. Comprend des grilles en fonte<\/li>\n<\/ul>\n<p><img loading=\"lazy\" decoding=\"async\" class=\"alignnone wp-image-12537\" src=\"https:\/\/www.bulaoutdoor.nl\/wp-content\/uploads\/2021\/10\/roosterbaron590-300x150.png\" alt=\"grille baron 590\" width=\"750\" height=\"375\" srcset=\"https:\/\/bulaoutdoor.nl\/wp-content\/uploads\/2021\/10\/roosterbaron590-300x150.png 300w, https:\/\/bulaoutdoor.nl\/wp-content\/uploads\/2021\/10\/roosterbaron590-416x208.png 416w, https:\/\/bulaoutdoor.nl\/wp-content\/uploads\/2021\/10\/roosterbaron590.png 760w\" sizes=\"auto, (max-width: 750px) 100vw, 750px\" \/><\/p>\n<ul>\n<li>Cinq br\u00fbleurs principaux de 15,5 kW, un br\u00fbleur lat\u00e9ral de 2,7 kW et un br\u00fbleur \u00e0 broche de 4,4 kW<\/li>\n<li>Une cuve en fonte d'aluminium Therma-Cast et un tournebroche \u00e9lectrique<\/li>\n<li>Des robinets \u00e0 gaz que vous contr\u00f4lez \u00e0 l'infini, avec des boutons \u00e9clair\u00e9s<\/li>\n<li>Un thermom\u00e8tre int\u00e9gr\u00e9<\/li>\n<\/ul>\n<h2>Des techniques brevet\u00e9es pour des plats d\u00e9licieux<\/h2>\n<p>La ligne Baron utilise les techniques de barbecue les plus r\u00e9centes pour obtenir les r\u00e9sultats les plus savoureux. Le four est sp\u00e9cialement con\u00e7u pour conserver la chaleur. L'acier \u00e9maill\u00e9 est \u00e0 double paroi avec des c\u00f4t\u00e9s en aluminium.<\/p>\n<p><img loading=\"lazy\" decoding=\"async\" class=\"wp-image-12538 aligncenter\" src=\"https:\/\/www.bulaoutdoor.nl\/wp-content\/uploads\/2021\/10\/BK_Baron_Cookbox_03-300x300.png\" alt=\"four bk info baron\" width=\"345\" height=\"345\" srcset=\"https:\/\/bulaoutdoor.nl\/wp-content\/uploads\/2021\/10\/BK_Baron_Cookbox_03-300x300.png 300w, https:\/\/bulaoutdoor.nl\/wp-content\/uploads\/2021\/10\/BK_Baron_Cookbox_03-150x150.png 150w, https:\/\/bulaoutdoor.nl\/wp-content\/uploads\/2021\/10\/BK_Baron_Cookbox_03-768x768.png 768w, https:\/\/bulaoutdoor.nl\/wp-content\/uploads\/2021\/10\/BK_Baron_Cookbox_03-324x324.png 324w, https:\/\/bulaoutdoor.nl\/wp-content\/uploads\/2021\/10\/BK_Baron_Cookbox_03-416x416.png 416w, https:\/\/bulaoutdoor.nl\/wp-content\/uploads\/2021\/10\/BK_Baron_Cookbox_03-100x100.png 100w, https:\/\/bulaoutdoor.nl\/wp-content\/uploads\/2021\/10\/BK_Baron_Cookbox_03.png 842w\" sizes=\"auto, (max-width: 345px) 100vw, 345px\" \/><\/p>\n<p>&nbsp;<\/p>\n<p><img loading=\"lazy\" decoding=\"async\" class=\"wp-image-12355 aligncenter\" src=\"https:\/\/www.bulaoutdoor.nl\/wp-content\/uploads\/2021\/09\/roosters2-300x227.jpg\" alt=\"\" width=\"430\" height=\"325\" srcset=\"https:\/\/bulaoutdoor.nl\/wp-content\/uploads\/2021\/09\/roosters2-300x227.jpg 300w, https:\/\/bulaoutdoor.nl\/wp-content\/uploads\/2021\/09\/roosters2-416x315.jpg 416w, https:\/\/bulaoutdoor.nl\/wp-content\/uploads\/2021\/09\/roosters2.jpg 500w\" sizes=\"auto, (max-width: 430px) 100vw, 430px\" \/><\/p>\n<h4><\/h4>\n<p>Il est dot\u00e9 d'un syst\u00e8me de cuisson Flav-r-wave\u2122, qui \u00e9vapore imm\u00e9diatement les jus de viande qui tombent \u00e0 travers le gril. Vous obtenez ainsi une saveur de barbecue unique.<\/p>\n<p><img loading=\"lazy\" decoding=\"async\" class=\"size-medium wp-image-12353 aligncenter\" src=\"https:\/\/www.bulaoutdoor.nl\/wp-content\/uploads\/2021\/09\/flavrwave-300x300.jpg\" alt=\"\" width=\"300\" height=\"300\" srcset=\"https:\/\/bulaoutdoor.nl\/wp-content\/uploads\/2021\/09\/flavrwave-300x300.jpg 300w, https:\/\/bulaoutdoor.nl\/wp-content\/uploads\/2021\/09\/flavrwave-150x150.jpg 150w, https:\/\/bulaoutdoor.nl\/wp-content\/uploads\/2021\/09\/flavrwave-324x324.jpg 324w, https:\/\/bulaoutdoor.nl\/wp-content\/uploads\/2021\/09\/flavrwave-100x100.jpg 100w, https:\/\/bulaoutdoor.nl\/wp-content\/uploads\/2021\/09\/flavrwave.jpg 337w\" sizes=\"auto, (max-width: 300px) 100vw, 300px\" \/><\/p>\n<p>Vous pouvez contr\u00f4ler la temp\u00e9rature en continu gr\u00e2ce aux robinets de gaz Linear-Flow\u2122. Cela vous permet d'atteindre facilement des temp\u00e9ratures \u00e9lev\u00e9es pour saisir, ainsi que des temp\u00e9ratures basses pour une cuisson lente. Les boutons 180\u00b0 Sensi-Touch\u2122 sont faciles \u00e0 utiliser et vous pouvez lire la temp\u00e9rature sur le thermom\u00e8tre int\u00e9gr\u00e9.<\/p>\n<p><img loading=\"lazy\" decoding=\"async\" class=\"size-medium wp-image-12354 aligncenter\" src=\"https:\/\/www.bulaoutdoor.nl\/wp-content\/uploads\/2021\/09\/dualtube-300x300.png\" alt=\"\" width=\"300\" height=\"300\" srcset=\"https:\/\/bulaoutdoor.nl\/wp-content\/uploads\/2021\/09\/dualtube-300x300.png 300w, https:\/\/bulaoutdoor.nl\/wp-content\/uploads\/2021\/09\/dualtube-150x150.png 150w, https:\/\/bulaoutdoor.nl\/wp-content\/uploads\/2021\/09\/dualtube-324x324.png 324w, https:\/\/bulaoutdoor.nl\/wp-content\/uploads\/2021\/09\/dualtube-100x100.png 100w, https:\/\/bulaoutdoor.nl\/wp-content\/uploads\/2021\/09\/dualtube.png 337w\" sizes=\"auto, (max-width: 300px) 100vw, 300px\" \/><\/p>\n<h4>Une temp\u00e9rature parfaite<\/h4>\n<p>Vous pouvez contr\u00f4ler la temp\u00e9rature en continu gr\u00e2ce aux robinets de gaz Linear-Flow\u2122. Cela vous permet d'atteindre facilement des temp\u00e9ratures \u00e9lev\u00e9es pour saisir, ainsi que des temp\u00e9ratures basses pour une cuisson lente. Les boutons 180\u00b0 Sensi-Touch\u2122 sont faciles \u00e0 utiliser et vous pouvez lire la temp\u00e9rature sur le thermom\u00e8tre int\u00e9gr\u00e9.<\/p>\n<p><img loading=\"lazy\" decoding=\"async\" class=\"size-medium wp-image-12356 aligncenter\" src=\"https:\/\/www.bulaoutdoor.nl\/wp-content\/uploads\/2021\/09\/Sensi-touch-300x300.jpg\" alt=\"\" width=\"300\" height=\"300\" srcset=\"https:\/\/bulaoutdoor.nl\/wp-content\/uploads\/2021\/09\/Sensi-touch-300x300.jpg 300w, https:\/\/bulaoutdoor.nl\/wp-content\/uploads\/2021\/09\/Sensi-touch-150x150.jpg 150w, https:\/\/bulaoutdoor.nl\/wp-content\/uploads\/2021\/09\/Sensi-touch-324x324.jpg 324w, https:\/\/bulaoutdoor.nl\/wp-content\/uploads\/2021\/09\/Sensi-touch-100x100.jpg 100w, https:\/\/bulaoutdoor.nl\/wp-content\/uploads\/2021\/09\/Sensi-touch.jpg 337w\" sizes=\"auto, (max-width: 300px) 100vw, 300px\" \/><\/p>\n<h4><\/h4>\n<p><img loading=\"lazy\" decoding=\"async\" class=\"alignnone wp-image-12536\" src=\"https:\/\/www.bulaoutdoor.nl\/wp-content\/uploads\/2021\/10\/garantiebaron-300x172.jpg\" alt=\"baron de garantie\" width=\"515\" height=\"295\" srcset=\"https:\/\/bulaoutdoor.nl\/wp-content\/uploads\/2021\/10\/garantiebaron-300x172.jpg 300w, https:\/\/bulaoutdoor.nl\/wp-content\/uploads\/2021\/10\/garantiebaron.jpg 408w\" sizes=\"auto, (max-width: 515px) 100vw, 515px\" \/><\/p>\n<h2>Autres mod\u00e8les de cette grande marque<\/h2>\n<p>Les autres mod\u00e8les Baron sont \u00e9galement dot\u00e9s de cette technologie moderne. Outre le Baron 590, vous pouvez \u00e9galement obtenir un <a href=\"https:\/\/bulaoutdoor.nl\/fr\/produit\/baron-490\/\">Baron 490<\/a> acheter. Ce mod\u00e8le est l\u00e9g\u00e8rement plus compact, id\u00e9al pour un jardin \u00e0 l'espace limit\u00e9. Vous cherchez un mod\u00e8le que vous pouvez facilement emporter avec vous ? Alors, jetez un coup d'\u0153il au <a href=\"https:\/\/bulaoutdoor.nl\/fr\/categorie-de-produits\/bbq\/roi-du-gril-2\/porta-chef-compact\/\">Porta-Chef<\/a> pour un petit mod\u00e8le avec la qualit\u00e9 \u00e0 laquelle vous \u00eates habitu\u00e9.<\/p>\n<h3>Passez votre commande en ligne<\/h3>\n<p>Pour acheter le Baron 590, placez le produit dans votre panier et passez \u00e0 la caisse facilement et en toute s\u00e9curit\u00e9. Vous souhaitez recevoir des conseils d'experts avant d'acheter le Baron 590 ? Dans ce cas, prenez <a href=\"https:\/\/bulaoutdoor.nl\/fr\/contact\/\">nous contacter<\/a>. Si vous prenez rendez-vous dans notre magasin, nous nous ferons un plaisir de vous en dire plus sur cet excellent produit. N'h\u00e9sitez pas \u00e0 appeler <a href=\"tel:0031355330658\">035-5330658<\/a> ou envoyer un courriel \u00e0 <a href=\"mailto:info@bulaoutdoor.nl\">info@bulaoutdoor.nl<\/a>.<\/p>","protected":false},"excerpt":{"rendered":"<p>La variante la plus compl\u00e8te de la gamme de barbecues Broil King la plus vendue, \"Baron\", avec un br\u00fbleur lat\u00e9ral et un tournebroche de qualit\u00e9 sup\u00e9rieure.<\/p>","protected":false},"featured_media":12535,"comment_status":"open","ping_status":"closed","template":"","meta":{"_acf_changed":false},"product_brand":[],"product_cat":[781],"product_tag":[835,834],"class_list":{"0":"post-12520","1":"product","2":"type-product","3":"status-publish","4":"has-post-thumbnail","6":"product_cat-baron-klasse","7":"product_tag-broil-king-barbecue-baron-590-met-spit-en-zijbrander","8":"product_tag-broil-king-bbq-370876283","10":"first","11":"instock","12":"taxable","13":"shipping-taxable","14":"purchasable","15":"product-type-simple"},"acf":[],"yoast_head":"<!-- This site is optimized with the Yoast SEO plugin v27.4 - https:\/\/yoast.com\/product\/yoast-seo-wordpress\/ -->\n<title>Baron 590 &#8211; Bula Outdoor<\/title>\n<meta name=\"description\" content=\"U kunt de Baron 590 en andere modellen kopen via onze webshop. Profiteer van het brede assortiment. Bestel eenvoudig uw nieuwe, sublieme barbecue.\" \/>\n<meta name=\"robots\" content=\"index, follow, max-snippet:-1, max-image-preview:large, max-video-preview:-1\" \/>\n<link rel=\"canonical\" href=\"https:\/\/bulaoutdoor.nl\/fr\/produit\/baron-590\/\" \/>\n<meta property=\"og:locale\" content=\"fr_FR\" \/>\n<meta property=\"og:type\" content=\"article\" \/>\n<meta property=\"og:title\" content=\"Baron 590 &#8211; Bula Outdoor\" \/>\n<meta property=\"og:description\" content=\"U kunt de Baron 590 en andere modellen kopen via onze webshop. Profiteer van het brede assortiment. Bestel eenvoudig uw nieuwe, sublieme barbecue.\" \/>\n<meta property=\"og:url\" content=\"https:\/\/bulaoutdoor.nl\/fr\/produit\/baron-590\/\" \/>\n<meta property=\"og:site_name\" content=\"Bula Outdoor\" \/>\n<meta property=\"article:modified_time\" content=\"2024-09-02T11:15:38+00:00\" \/>\n<meta property=\"og:image\" content=\"https:\/\/bulaoutdoor.nl\/wp-content\/uploads\/2021\/10\/BK_Baron-590_Front_01wit.png\" \/>\n\t<meta property=\"og:image:width\" content=\"842\" \/>\n\t<meta property=\"og:image:height\" content=\"842\" \/>\n\t<meta property=\"og:image:type\" content=\"image\/png\" \/>\n<meta name=\"twitter:card\" content=\"summary_large_image\" \/>\n<meta name=\"twitter:label1\" content=\"Dur\u00e9e de lecture estim\u00e9e\" \/>\n\t<meta name=\"twitter:data1\" content=\"3 minutes\" \/>\n<script type=\"application\/ld+json\" class=\"yoast-schema-graph\">{\"@context\":\"https:\\\/\\\/schema.org\",\"@graph\":[{\"@type\":\"WebPage\",\"@id\":\"https:\\\/\\\/bulaoutdoor.nl\\\/product\\\/baron-590-2\\\/\",\"url\":\"https:\\\/\\\/bulaoutdoor.nl\\\/product\\\/baron-590-2\\\/\",\"name\":\"Baron 590 &#8211; Bula Outdoor\",\"isPartOf\":{\"@id\":\"https:\\\/\\\/bulaoutdoor.nl\\\/#website\"},\"primaryImageOfPage\":{\"@id\":\"https:\\\/\\\/bulaoutdoor.nl\\\/product\\\/baron-590-2\\\/#primaryimage\"},\"image\":{\"@id\":\"https:\\\/\\\/bulaoutdoor.nl\\\/product\\\/baron-590-2\\\/#primaryimage\"},\"thumbnailUrl\":\"https:\\\/\\\/bulaoutdoor.nl\\\/wp-content\\\/uploads\\\/2021\\\/10\\\/BK_Baron-590_Front_01wit.png\",\"datePublished\":\"2021-10-26T10:42:31+00:00\",\"dateModified\":\"2024-09-02T11:15:38+00:00\",\"description\":\"U kunt de Baron 590 en andere modellen kopen via onze webshop. Profiteer van het brede assortiment. Bestel eenvoudig uw nieuwe, sublieme barbecue.\",\"breadcrumb\":{\"@id\":\"https:\\\/\\\/bulaoutdoor.nl\\\/product\\\/baron-590-2\\\/#breadcrumb\"},\"inLanguage\":\"fr-FR\",\"potentialAction\":[{\"@type\":\"ReadAction\",\"target\":[\"https:\\\/\\\/bulaoutdoor.nl\\\/product\\\/baron-590-2\\\/\"]}]},{\"@type\":\"ImageObject\",\"inLanguage\":\"fr-FR\",\"@id\":\"https:\\\/\\\/bulaoutdoor.nl\\\/product\\\/baron-590-2\\\/#primaryimage\",\"url\":\"https:\\\/\\\/bulaoutdoor.nl\\\/wp-content\\\/uploads\\\/2021\\\/10\\\/BK_Baron-590_Front_01wit.png\",\"contentUrl\":\"https:\\\/\\\/bulaoutdoor.nl\\\/wp-content\\\/uploads\\\/2021\\\/10\\\/BK_Baron-590_Front_01wit.png\",\"width\":842,\"height\":842,\"caption\":\"product zelf\"},{\"@type\":\"BreadcrumbList\",\"@id\":\"https:\\\/\\\/bulaoutdoor.nl\\\/product\\\/baron-590-2\\\/#breadcrumb\",\"itemListElement\":[{\"@type\":\"ListItem\",\"position\":1,\"name\":\"Home\",\"item\":\"https:\\\/\\\/bulaoutdoor.nl\\\/\"},{\"@type\":\"ListItem\",\"position\":2,\"name\":\"Online BBQ kopen\",\"item\":\"https:\\\/\\\/bulaoutdoor.nl\\\/\"},{\"@type\":\"ListItem\",\"position\":3,\"name\":\"Baron 590\"}]},{\"@type\":\"WebSite\",\"@id\":\"https:\\\/\\\/bulaoutdoor.nl\\\/#website\",\"url\":\"https:\\\/\\\/bulaoutdoor.nl\\\/\",\"name\":\"Bula Outdoor\",\"description\":\"Voor uw buitenhaard, BBQ, tuinfakkel en houtoven\",\"publisher\":{\"@id\":\"https:\\\/\\\/bulaoutdoor.nl\\\/#organization\"},\"potentialAction\":[{\"@type\":\"SearchAction\",\"target\":{\"@type\":\"EntryPoint\",\"urlTemplate\":\"https:\\\/\\\/bulaoutdoor.nl\\\/?s={search_term_string}\"},\"query-input\":{\"@type\":\"PropertyValueSpecification\",\"valueRequired\":true,\"valueName\":\"search_term_string\"}}],\"inLanguage\":\"fr-FR\"},{\"@type\":\"Organization\",\"@id\":\"https:\\\/\\\/bulaoutdoor.nl\\\/#organization\",\"name\":\"Bula Outdoor\",\"url\":\"https:\\\/\\\/bulaoutdoor.nl\\\/\",\"logo\":{\"@type\":\"ImageObject\",\"inLanguage\":\"fr-FR\",\"@id\":\"https:\\\/\\\/bulaoutdoor.nl\\\/#\\\/schema\\\/logo\\\/image\\\/\",\"url\":\"https:\\\/\\\/www.bulaoutdoor.nl\\\/wp-content\\\/uploads\\\/2018\\\/04\\\/bulaoutdoor-logo.png\",\"contentUrl\":\"https:\\\/\\\/www.bulaoutdoor.nl\\\/wp-content\\\/uploads\\\/2018\\\/04\\\/bulaoutdoor-logo.png\",\"width\":324,\"height\":91,\"caption\":\"Bula Outdoor\"},\"image\":{\"@id\":\"https:\\\/\\\/bulaoutdoor.nl\\\/#\\\/schema\\\/logo\\\/image\\\/\"}}]}<\/script>\n<!-- \/ Yoast SEO plugin. -->","yoast_head_json":{"title":"Baron 590 - Bula Outdoor","description":"Vous pouvez acheter le Baron 590 et d'autres mod\u00e8les via notre boutique en ligne. Profitez de notre large gamme. Commandez facilement votre nouveau et sublime barbecue.","robots":{"index":"index","follow":"follow","max-snippet":"max-snippet:-1","max-image-preview":"max-image-preview:large","max-video-preview":"max-video-preview:-1"},"canonical":"https:\/\/bulaoutdoor.nl\/fr\/produit\/baron-590\/","og_locale":"fr_FR","og_type":"article","og_title":"Baron 590 &#8211; Bula Outdoor","og_description":"U kunt de Baron 590 en andere modellen kopen via onze webshop. Profiteer van het brede assortiment. Bestel eenvoudig uw nieuwe, sublieme barbecue.","og_url":"https:\/\/bulaoutdoor.nl\/fr\/produit\/baron-590\/","og_site_name":"Bula Outdoor","article_modified_time":"2024-09-02T11:15:38+00:00","og_image":[{"width":842,"height":842,"url":"https:\/\/bulaoutdoor.nl\/wp-content\/uploads\/2021\/10\/BK_Baron-590_Front_01wit.png","type":"image\/png"}],"twitter_card":"summary_large_image","twitter_misc":{"Dur\u00e9e de lecture estim\u00e9e":"3 minutes"},"schema":{"@context":"https:\/\/schema.org","@graph":[{"@type":"WebPage","@id":"https:\/\/bulaoutdoor.nl\/product\/baron-590-2\/","url":"https:\/\/bulaoutdoor.nl\/product\/baron-590-2\/","name":"Baron 590 - Bula Outdoor","isPartOf":{"@id":"https:\/\/bulaoutdoor.nl\/#website"},"primaryImageOfPage":{"@id":"https:\/\/bulaoutdoor.nl\/product\/baron-590-2\/#primaryimage"},"image":{"@id":"https:\/\/bulaoutdoor.nl\/product\/baron-590-2\/#primaryimage"},"thumbnailUrl":"https:\/\/bulaoutdoor.nl\/wp-content\/uploads\/2021\/10\/BK_Baron-590_Front_01wit.png","datePublished":"2021-10-26T10:42:31+00:00","dateModified":"2024-09-02T11:15:38+00:00","description":"Vous pouvez acheter le Baron 590 et d'autres mod\u00e8les via notre boutique en ligne. Profitez de notre large gamme. Commandez facilement votre nouveau et sublime barbecue.","breadcrumb":{"@id":"https:\/\/bulaoutdoor.nl\/product\/baron-590-2\/#breadcrumb"},"inLanguage":"fr-FR","potentialAction":[{"@type":"ReadAction","target":["https:\/\/bulaoutdoor.nl\/product\/baron-590-2\/"]}]},{"@type":"ImageObject","inLanguage":"fr-FR","@id":"https:\/\/bulaoutdoor.nl\/product\/baron-590-2\/#primaryimage","url":"https:\/\/bulaoutdoor.nl\/wp-content\/uploads\/2021\/10\/BK_Baron-590_Front_01wit.png","contentUrl":"https:\/\/bulaoutdoor.nl\/wp-content\/uploads\/2021\/10\/BK_Baron-590_Front_01wit.png","width":842,"height":842,"caption":"product zelf"},{"@type":"BreadcrumbList","@id":"https:\/\/bulaoutdoor.nl\/product\/baron-590-2\/#breadcrumb","itemListElement":[{"@type":"ListItem","position":1,"name":"Home","item":"https:\/\/bulaoutdoor.nl\/"},{"@type":"ListItem","position":2,"name":"Online BBQ kopen","item":"https:\/\/bulaoutdoor.nl\/"},{"@type":"ListItem","position":3,"name":"Baron 590"}]},{"@type":"WebSite","@id":"https:\/\/bulaoutdoor.nl\/#website","url":"https:\/\/bulaoutdoor.nl\/","name":"Bula Outdoor","description":"Pour votre chemin\u00e9e ext\u00e9rieure, votre barbecue, votre torche de jardin et votre four \u00e0 bois","publisher":{"@id":"https:\/\/bulaoutdoor.nl\/#organization"},"potentialAction":[{"@type":"SearchAction","target":{"@type":"EntryPoint","urlTemplate":"https:\/\/bulaoutdoor.nl\/?s={search_term_string}"},"query-input":{"@type":"PropertyValueSpecification","valueRequired":true,"valueName":"search_term_string"}}],"inLanguage":"fr-FR"},{"@type":"Organization","@id":"https:\/\/bulaoutdoor.nl\/#organization","name":"Bula Outdoor","url":"https:\/\/bulaoutdoor.nl\/","logo":{"@type":"ImageObject","inLanguage":"fr-FR","@id":"https:\/\/bulaoutdoor.nl\/#\/schema\/logo\/image\/","url":"https:\/\/www.bulaoutdoor.nl\/wp-content\/uploads\/2018\/04\/bulaoutdoor-logo.png","contentUrl":"https:\/\/www.bulaoutdoor.nl\/wp-content\/uploads\/2018\/04\/bulaoutdoor-logo.png","width":324,"height":91,"caption":"Bula Outdoor"},"image":{"@id":"https:\/\/bulaoutdoor.nl\/#\/schema\/logo\/image\/"}}]}},"jetpack_sharing_enabled":true,"_links":{"self":[{"href":"https:\/\/bulaoutdoor.nl\/fr\/wp-json\/wp\/v2\/product\/12520","targetHints":{"allow":["GET"]}}],"collection":[{"href":"https:\/\/bulaoutdoor.nl\/fr\/wp-json\/wp\/v2\/product"}],"about":[{"href":"https:\/\/bulaoutdoor.nl\/fr\/wp-json\/wp\/v2\/types\/product"}],"replies":[{"embeddable":true,"href":"https:\/\/bulaoutdoor.nl\/fr\/wp-json\/wp\/v2\/comments?post=12520"}],"wp:featuredmedia":[{"embeddable":true,"href":"https:\/\/bulaoutdoor.nl\/fr\/wp-json\/wp\/v2\/media\/12535"}],"wp:attachment":[{"href":"https:\/\/bulaoutdoor.nl\/fr\/wp-json\/wp\/v2\/media?parent=12520"}],"wp:term":[{"taxonomy":"product_brand","embeddable":true,"href":"https:\/\/bulaoutdoor.nl\/fr\/wp-json\/wp\/v2\/product_brand?post=12520"},{"taxonomy":"product_cat","embeddable":true,"href":"https:\/\/bulaoutdoor.nl\/fr\/wp-json\/wp\/v2\/product_cat?post=12520"},{"taxonomy":"product_tag","embeddable":true,"href":"https:\/\/bulaoutdoor.nl\/fr\/wp-json\/wp\/v2\/product_tag?post=12520"}],"curies":[{"name":"wp","href":"https:\/\/api.w.org\/{rel}","templated":true}]}}