{"id":12528,"date":"2021-10-26T12:03:59","date_gmt":"2021-10-26T12:03:59","guid":{"rendered":"https:\/\/www.bulaoutdoor.nl\/?post_type=product&#038;p=12528"},"modified":"2024-09-02T11:16:06","modified_gmt":"2024-09-02T11:16:06","slug":"baron-490","status":"publish","type":"product","link":"https:\/\/bulaoutdoor.nl\/fr\/product\/baron-490-2\/","title":{"rendered":"Baron 490"},"content":{"rendered":"<p>Voulez-vous acheter le Baron 490 ? Chez Bula Outdoor, vous trouverez, en ligne et en magasin, ce mod\u00e8le et d'autres mod\u00e8les de Broil King. Cette gamme est connue pour sa qualit\u00e9 sup\u00e9rieure \u00e0 un prix raisonnable. Tous les mod\u00e8les sont dot\u00e9s de syst\u00e8mes uniques sp\u00e9cialement con\u00e7us pour une exp\u00e9rience de barbecue optimale.<\/p>\n<h2>Vous pouvez acheter le Baron 490 en ligne ou en magasin<\/h2>\n<p>En tant que <a href=\"https:\/\/bulaoutdoor.nl\/fr\/specialiste-du-barbecue\/\">sp\u00e9cialiste du barbecue<\/a> nous n'offrons que le meilleur du meilleur. Si vous <a href=\"https:\/\/bulaoutdoor.nl\/fr\/les-references\/\">nos r\u00e9f\u00e9rences<\/a> vous verrez que nos clients sont d'accord. Vous pouvez acheter le Baron 490 dans notre boutique en ligne, mais vous pouvez \u00e9galement passer au magasin de Bussum, pr\u00e8s d'Hilversum. Ce barbecue mesure 145 x 61 x 116 centim\u00e8tres avec une hauteur de travail de 93 centim\u00e8tres. Avec ce mod\u00e8le, vous b\u00e9n\u00e9ficiez de :<\/p>\n<ul>\n<li>Une surface de r\u00f4tissage de 66 x 44 centim\u00e8tres dans un seul four, avec des grilles en fonte.<\/li>\n<\/ul>\n<p><img loading=\"lazy\" decoding=\"async\" class=\"alignnone wp-image-12570\" src=\"https:\/\/www.bulaoutdoor.nl\/wp-content\/uploads\/2021\/10\/roosterbaron400-300x151.png\" alt=\"grille baron 490\" width=\"721\" height=\"363\" srcset=\"https:\/\/bulaoutdoor.nl\/wp-content\/uploads\/2021\/10\/roosterbaron400-300x151.png 300w, https:\/\/bulaoutdoor.nl\/wp-content\/uploads\/2021\/10\/roosterbaron400-416x209.png 416w, https:\/\/bulaoutdoor.nl\/wp-content\/uploads\/2021\/10\/roosterbaron400.png 760w\" sizes=\"auto, (max-width: 721px) 100vw, 721px\" \/><\/p>\n<ul>\n<li>Quatre br\u00fbleurs principaux de 12,4 kW, un br\u00fbleur lat\u00e9ral de 2,7 kW et un br\u00fbleur de spit de 4,4 kW<\/li>\n<li>Une cuve en fonte d'aluminium Therma-Cast et un tournebroche avec moteur \u00e9lectrique<\/li>\n<li>Robinets \u00e0 gaz r\u00e9glables en continu avec boutons lumineux<\/li>\n<li>Un thermom\u00e8tre int\u00e9gr\u00e9<\/li>\n<\/ul>\n<p>Cet excellent mod\u00e8le, comme le reste de la gamme Baron, est dot\u00e9 de plusieurs syst\u00e8mes uniques de Broil King. Le <a href=\"https:\/\/bulaoutdoor.nl\/fr\/produit\/baron-590\/\">Baron 590<\/a> est \u00e9galement une option int\u00e9ressante, par exemple avec une plus grande surface de r\u00f4tissage. Les fours de <a href=\"https:\/\/bulaoutdoor.nl\/fr\/categorie-de-produits\/bbq\/roi-du-gril-2\/\">Barbecues Broil King<\/a> sont fabriqu\u00e9es en acier doublement \u00e9maill\u00e9 et avec des parois en aluminium pour une r\u00e9tention optimale de la chaleur.<\/p>\n<p><img loading=\"lazy\" decoding=\"async\" class=\"wp-image-12538 aligncenter\" src=\"https:\/\/www.bulaoutdoor.nl\/wp-content\/uploads\/2021\/10\/BK_Baron_Cookbox_03-300x300.png\" alt=\"four bk info baron\" width=\"345\" height=\"345\" srcset=\"https:\/\/bulaoutdoor.nl\/wp-content\/uploads\/2021\/10\/BK_Baron_Cookbox_03-300x300.png 300w, https:\/\/bulaoutdoor.nl\/wp-content\/uploads\/2021\/10\/BK_Baron_Cookbox_03-150x150.png 150w, https:\/\/bulaoutdoor.nl\/wp-content\/uploads\/2021\/10\/BK_Baron_Cookbox_03-768x768.png 768w, https:\/\/bulaoutdoor.nl\/wp-content\/uploads\/2021\/10\/BK_Baron_Cookbox_03-324x324.png 324w, https:\/\/bulaoutdoor.nl\/wp-content\/uploads\/2021\/10\/BK_Baron_Cookbox_03-416x416.png 416w, https:\/\/bulaoutdoor.nl\/wp-content\/uploads\/2021\/10\/BK_Baron_Cookbox_03-100x100.png 100w, https:\/\/bulaoutdoor.nl\/wp-content\/uploads\/2021\/10\/BK_Baron_Cookbox_03.png 842w\" sizes=\"auto, (max-width: 345px) 100vw, 345px\" \/><\/p>\n<p>Les grilles de cuisson en fonte sont \u00e9galement con\u00e7ues pour retenir la chaleur et ont deux c\u00f4t\u00e9s diff\u00e9rents. Le c\u00f4t\u00e9 tranchant permet de saisir les marques typiques des steaks et le c\u00f4t\u00e9 avec une rainure recueille les jus de viande, ce qui permet \u00e0 la viande de reposer dans les jus pour \u00eatre grill\u00e9e. Les grilles sont \u00e9galement faciles \u00e0 nettoyer.<\/p>\n<p><img loading=\"lazy\" decoding=\"async\" class=\"wp-image-12355 aligncenter\" src=\"https:\/\/www.bulaoutdoor.nl\/wp-content\/uploads\/2021\/09\/roosters2-300x227.jpg\" alt=\"\" width=\"430\" height=\"325\" srcset=\"https:\/\/bulaoutdoor.nl\/wp-content\/uploads\/2021\/09\/roosters2-300x227.jpg 300w, https:\/\/bulaoutdoor.nl\/wp-content\/uploads\/2021\/09\/roosters2-416x315.jpg 416w, https:\/\/bulaoutdoor.nl\/wp-content\/uploads\/2021\/09\/roosters2.jpg 500w\" sizes=\"auto, (max-width: 430px) 100vw, 430px\" \/><\/p>\n<p>Le syst\u00e8me de friture Flav-r-wave\u2122 cr\u00e9e une saveur de barbecue unique en capturant les jus de viande et en les \u00e9vaporant instantan\u00e9ment.<\/p>\n<p><img loading=\"lazy\" decoding=\"async\" class=\"size-medium wp-image-12353 aligncenter\" src=\"https:\/\/www.bulaoutdoor.nl\/wp-content\/uploads\/2021\/09\/flavrwave-300x300.jpg\" alt=\"\" width=\"300\" height=\"300\" srcset=\"https:\/\/bulaoutdoor.nl\/wp-content\/uploads\/2021\/09\/flavrwave-300x300.jpg 300w, https:\/\/bulaoutdoor.nl\/wp-content\/uploads\/2021\/09\/flavrwave-150x150.jpg 150w, https:\/\/bulaoutdoor.nl\/wp-content\/uploads\/2021\/09\/flavrwave-324x324.jpg 324w, https:\/\/bulaoutdoor.nl\/wp-content\/uploads\/2021\/09\/flavrwave-100x100.jpg 100w, https:\/\/bulaoutdoor.nl\/wp-content\/uploads\/2021\/09\/flavrwave.jpg 337w\" sizes=\"auto, (max-width: 300px) 100vw, 300px\" \/><\/p>\n<p>Le Dual-tube\u2122 assure une parfaite r\u00e9partition des flammes. Cela permet de cr\u00e9er une distribution uniforme de la chaleur dans l'ensemble de la fosse de barbecue.<\/p>\n<p><img loading=\"lazy\" decoding=\"async\" class=\"size-medium wp-image-12354 aligncenter\" src=\"https:\/\/www.bulaoutdoor.nl\/wp-content\/uploads\/2021\/09\/dualtube-300x300.png\" alt=\"\" width=\"300\" height=\"300\" srcset=\"https:\/\/bulaoutdoor.nl\/wp-content\/uploads\/2021\/09\/dualtube-300x300.png 300w, https:\/\/bulaoutdoor.nl\/wp-content\/uploads\/2021\/09\/dualtube-150x150.png 150w, https:\/\/bulaoutdoor.nl\/wp-content\/uploads\/2021\/09\/dualtube-324x324.png 324w, https:\/\/bulaoutdoor.nl\/wp-content\/uploads\/2021\/09\/dualtube-100x100.png 100w, https:\/\/bulaoutdoor.nl\/wp-content\/uploads\/2021\/09\/dualtube.png 337w\" sizes=\"auto, (max-width: 300px) 100vw, 300px\" \/><\/p>\n<p>Vous pouvez contr\u00f4ler la temp\u00e9rature en continu gr\u00e2ce aux robinets \u00e0 gaz Linear-Flow\u2122. Cette technologie vous permet de griller aussi bien \u00e0 haute qu'\u00e0 basse temp\u00e9rature. Les boutons de commande Sensi-Touch\u2122 \u00e9clair\u00e9s \u00e0 180\u00b0 rendent cela possible. Vous pouvez facilement lire la temp\u00e9rature sur le thermom\u00e8tre int\u00e9gr\u00e9.<\/p>\n<p><img loading=\"lazy\" decoding=\"async\" class=\"size-medium wp-image-12356 aligncenter\" src=\"https:\/\/www.bulaoutdoor.nl\/wp-content\/uploads\/2021\/09\/Sensi-touch-300x300.jpg\" alt=\"\" width=\"300\" height=\"300\" srcset=\"https:\/\/bulaoutdoor.nl\/wp-content\/uploads\/2021\/09\/Sensi-touch-300x300.jpg 300w, https:\/\/bulaoutdoor.nl\/wp-content\/uploads\/2021\/09\/Sensi-touch-150x150.jpg 150w, https:\/\/bulaoutdoor.nl\/wp-content\/uploads\/2021\/09\/Sensi-touch-324x324.jpg 324w, https:\/\/bulaoutdoor.nl\/wp-content\/uploads\/2021\/09\/Sensi-touch-100x100.jpg 100w, https:\/\/bulaoutdoor.nl\/wp-content\/uploads\/2021\/09\/Sensi-touch.jpg 337w\" sizes=\"auto, (max-width: 300px) 100vw, 300px\" \/><\/p>\n<p><img loading=\"lazy\" decoding=\"async\" class=\"alignnone wp-image-12536\" src=\"https:\/\/www.bulaoutdoor.nl\/wp-content\/uploads\/2021\/10\/garantiebaron-300x172.jpg\" alt=\"baron de garantie\" width=\"515\" height=\"295\" srcset=\"https:\/\/bulaoutdoor.nl\/wp-content\/uploads\/2021\/10\/garantiebaron-300x172.jpg 300w, https:\/\/bulaoutdoor.nl\/wp-content\/uploads\/2021\/10\/garantiebaron.jpg 408w\" sizes=\"auto, (max-width: 515px) 100vw, 515px\" \/><\/p>\n<p>Lorsque vous achetez un Baron 490, vous b\u00e9n\u00e9ficiez \u00e9galement d'une garantie \u00e0 vie sur la cuve et le couvercle. Vous b\u00e9n\u00e9ficiez \u00e9galement d'une garantie de dix ans sur les br\u00fbleurs et d'une garantie de deux ans sur la peinture et les pi\u00e8ces d\u00e9tach\u00e9es. Cette garantie s'applique \u00e9galement au <a href=\"https:\/\/bulaoutdoor.nl\/fr\/produit\/baron-s490-ir\/\">Baron s490 IR<\/a> de notre gamme. Comme le Baron 490, vous pouvez acheter ce gril en ligne ou en magasin.<\/p>\n<h3>Posez vos questions ou passez votre commande directement<\/h3>\n<p>Vous souhaitez acheter le Baron 490 ? Commandez-le facilement via notre boutique en ligne. Si vous avez besoin de conseils ou si vous souhaitez voir le mod\u00e8le en vrai, vous pouvez prendre rendez-vous dans notre magasin. Il vous suffit d'appeler le <a href=\"tel:0031355330658\">035-5330658<\/a> ou envoyer un courriel \u00e0 <a href=\"mailto:info@bulaoutdoor.nl\">info@bulaoutdoor.nl<\/a>. Nous vous conseillons volontiers sur l'achat d'un Baron 490.<\/p>","protected":false},"excerpt":{"rendered":"<p>Variante interm\u00e9diaire de la ligne \"Baron\" avec br\u00fbleur lat\u00e9ral et tournebroche.<\/p>","protected":false},"featured_media":12533,"comment_status":"open","ping_status":"closed","template":"","meta":{"_acf_changed":false},"product_brand":[],"product_cat":[781],"product_tag":[975,836],"class_list":{"0":"post-12528","1":"product","2":"type-product","3":"status-publish","4":"has-post-thumbnail","6":"product_cat-baron-klasse","7":"product_tag-broil-king-baron-490-zijbrander-spit-875283","8":"product_tag-broil-king-bbq-370875283","10":"first","11":"instock","12":"taxable","13":"shipping-taxable","14":"purchasable","15":"product-type-simple"},"acf":[],"yoast_head":"<!-- This site is optimized with the Yoast SEO plugin v27.4 - https:\/\/yoast.com\/product\/yoast-seo-wordpress\/ -->\n<title>Baron 490 &#8211; Bula Outdoor<\/title>\n<meta name=\"description\" content=\"Om de Baron 490 te kopen, gebruikt u onze webshop. Bij ons vindt u een breed assortiment aan verschillende barbecues. Bestel uw ideale model.\" \/>\n<meta name=\"robots\" content=\"index, follow, max-snippet:-1, max-image-preview:large, max-video-preview:-1\" \/>\n<link rel=\"canonical\" href=\"https:\/\/bulaoutdoor.nl\/fr\/produit\/baron-490\/\" \/>\n<meta property=\"og:locale\" content=\"fr_FR\" \/>\n<meta property=\"og:type\" content=\"article\" \/>\n<meta property=\"og:title\" content=\"Baron 490 &#8211; Bula Outdoor\" \/>\n<meta property=\"og:description\" content=\"Om de Baron 490 te kopen, gebruikt u onze webshop. Bij ons vindt u een breed assortiment aan verschillende barbecues. Bestel uw ideale model.\" \/>\n<meta property=\"og:url\" content=\"https:\/\/bulaoutdoor.nl\/fr\/produit\/baron-490\/\" \/>\n<meta property=\"og:site_name\" content=\"Bula Outdoor\" \/>\n<meta property=\"article:modified_time\" content=\"2024-09-02T11:16:06+00:00\" \/>\n<meta property=\"og:image\" content=\"https:\/\/bulaoutdoor.nl\/wp-content\/uploads\/2021\/10\/BK_Baron-490_Front_01_website-600x600-1.jpg\" \/>\n\t<meta property=\"og:image:width\" content=\"600\" \/>\n\t<meta property=\"og:image:height\" content=\"600\" \/>\n\t<meta property=\"og:image:type\" content=\"image\/jpeg\" \/>\n<meta name=\"twitter:card\" content=\"summary_large_image\" \/>\n<meta name=\"twitter:label1\" content=\"Dur\u00e9e de lecture estim\u00e9e\" \/>\n\t<meta name=\"twitter:data1\" content=\"3 minutes\" \/>\n<script type=\"application\/ld+json\" class=\"yoast-schema-graph\">{\"@context\":\"https:\\\/\\\/schema.org\",\"@graph\":[{\"@type\":\"WebPage\",\"@id\":\"https:\\\/\\\/bulaoutdoor.nl\\\/product\\\/baron-490-2\\\/\",\"url\":\"https:\\\/\\\/bulaoutdoor.nl\\\/product\\\/baron-490-2\\\/\",\"name\":\"Baron 490 &#8211; Bula Outdoor\",\"isPartOf\":{\"@id\":\"https:\\\/\\\/bulaoutdoor.nl\\\/#website\"},\"primaryImageOfPage\":{\"@id\":\"https:\\\/\\\/bulaoutdoor.nl\\\/product\\\/baron-490-2\\\/#primaryimage\"},\"image\":{\"@id\":\"https:\\\/\\\/bulaoutdoor.nl\\\/product\\\/baron-490-2\\\/#primaryimage\"},\"thumbnailUrl\":\"https:\\\/\\\/bulaoutdoor.nl\\\/wp-content\\\/uploads\\\/2021\\\/10\\\/BK_Baron-490_Front_01_website-600x600-1.jpg\",\"datePublished\":\"2021-10-26T12:03:59+00:00\",\"dateModified\":\"2024-09-02T11:16:06+00:00\",\"description\":\"Om de Baron 490 te kopen, gebruikt u onze webshop. Bij ons vindt u een breed assortiment aan verschillende barbecues. Bestel uw ideale model.\",\"breadcrumb\":{\"@id\":\"https:\\\/\\\/bulaoutdoor.nl\\\/product\\\/baron-490-2\\\/#breadcrumb\"},\"inLanguage\":\"fr-FR\",\"potentialAction\":[{\"@type\":\"ReadAction\",\"target\":[\"https:\\\/\\\/bulaoutdoor.nl\\\/product\\\/baron-490-2\\\/\"]}]},{\"@type\":\"ImageObject\",\"inLanguage\":\"fr-FR\",\"@id\":\"https:\\\/\\\/bulaoutdoor.nl\\\/product\\\/baron-490-2\\\/#primaryimage\",\"url\":\"https:\\\/\\\/bulaoutdoor.nl\\\/wp-content\\\/uploads\\\/2021\\\/10\\\/BK_Baron-490_Front_01_website-600x600-1.jpg\",\"contentUrl\":\"https:\\\/\\\/bulaoutdoor.nl\\\/wp-content\\\/uploads\\\/2021\\\/10\\\/BK_Baron-490_Front_01_website-600x600-1.jpg\",\"width\":600,\"height\":600,\"caption\":\"product zelf\"},{\"@type\":\"BreadcrumbList\",\"@id\":\"https:\\\/\\\/bulaoutdoor.nl\\\/product\\\/baron-490-2\\\/#breadcrumb\",\"itemListElement\":[{\"@type\":\"ListItem\",\"position\":1,\"name\":\"Home\",\"item\":\"https:\\\/\\\/bulaoutdoor.nl\\\/\"},{\"@type\":\"ListItem\",\"position\":2,\"name\":\"Online BBQ kopen\",\"item\":\"https:\\\/\\\/bulaoutdoor.nl\\\/\"},{\"@type\":\"ListItem\",\"position\":3,\"name\":\"Baron 490\"}]},{\"@type\":\"WebSite\",\"@id\":\"https:\\\/\\\/bulaoutdoor.nl\\\/#website\",\"url\":\"https:\\\/\\\/bulaoutdoor.nl\\\/\",\"name\":\"Bula Outdoor\",\"description\":\"Voor uw buitenhaard, BBQ, tuinfakkel en houtoven\",\"publisher\":{\"@id\":\"https:\\\/\\\/bulaoutdoor.nl\\\/#organization\"},\"potentialAction\":[{\"@type\":\"SearchAction\",\"target\":{\"@type\":\"EntryPoint\",\"urlTemplate\":\"https:\\\/\\\/bulaoutdoor.nl\\\/?s={search_term_string}\"},\"query-input\":{\"@type\":\"PropertyValueSpecification\",\"valueRequired\":true,\"valueName\":\"search_term_string\"}}],\"inLanguage\":\"fr-FR\"},{\"@type\":\"Organization\",\"@id\":\"https:\\\/\\\/bulaoutdoor.nl\\\/#organization\",\"name\":\"Bula Outdoor\",\"url\":\"https:\\\/\\\/bulaoutdoor.nl\\\/\",\"logo\":{\"@type\":\"ImageObject\",\"inLanguage\":\"fr-FR\",\"@id\":\"https:\\\/\\\/bulaoutdoor.nl\\\/#\\\/schema\\\/logo\\\/image\\\/\",\"url\":\"https:\\\/\\\/www.bulaoutdoor.nl\\\/wp-content\\\/uploads\\\/2018\\\/04\\\/bulaoutdoor-logo.png\",\"contentUrl\":\"https:\\\/\\\/www.bulaoutdoor.nl\\\/wp-content\\\/uploads\\\/2018\\\/04\\\/bulaoutdoor-logo.png\",\"width\":324,\"height\":91,\"caption\":\"Bula Outdoor\"},\"image\":{\"@id\":\"https:\\\/\\\/bulaoutdoor.nl\\\/#\\\/schema\\\/logo\\\/image\\\/\"}}]}<\/script>\n<!-- \/ Yoast SEO plugin. -->","yoast_head_json":{"title":"Baron 490 - Bula Outdoor","description":"Pour acheter le Baron 490, utilisez notre boutique en ligne. Chez nous, vous trouverez un large \u00e9ventail de barbecues diff\u00e9rents. Commandez votre mod\u00e8le id\u00e9al.","robots":{"index":"index","follow":"follow","max-snippet":"max-snippet:-1","max-image-preview":"max-image-preview:large","max-video-preview":"max-video-preview:-1"},"canonical":"https:\/\/bulaoutdoor.nl\/fr\/produit\/baron-490\/","og_locale":"fr_FR","og_type":"article","og_title":"Baron 490 &#8211; Bula Outdoor","og_description":"Om de Baron 490 te kopen, gebruikt u onze webshop. Bij ons vindt u een breed assortiment aan verschillende barbecues. Bestel uw ideale model.","og_url":"https:\/\/bulaoutdoor.nl\/fr\/produit\/baron-490\/","og_site_name":"Bula Outdoor","article_modified_time":"2024-09-02T11:16:06+00:00","og_image":[{"width":600,"height":600,"url":"https:\/\/bulaoutdoor.nl\/wp-content\/uploads\/2021\/10\/BK_Baron-490_Front_01_website-600x600-1.jpg","type":"image\/jpeg"}],"twitter_card":"summary_large_image","twitter_misc":{"Dur\u00e9e de lecture estim\u00e9e":"3 minutes"},"schema":{"@context":"https:\/\/schema.org","@graph":[{"@type":"WebPage","@id":"https:\/\/bulaoutdoor.nl\/product\/baron-490-2\/","url":"https:\/\/bulaoutdoor.nl\/product\/baron-490-2\/","name":"Baron 490 - Bula Outdoor","isPartOf":{"@id":"https:\/\/bulaoutdoor.nl\/#website"},"primaryImageOfPage":{"@id":"https:\/\/bulaoutdoor.nl\/product\/baron-490-2\/#primaryimage"},"image":{"@id":"https:\/\/bulaoutdoor.nl\/product\/baron-490-2\/#primaryimage"},"thumbnailUrl":"https:\/\/bulaoutdoor.nl\/wp-content\/uploads\/2021\/10\/BK_Baron-490_Front_01_website-600x600-1.jpg","datePublished":"2021-10-26T12:03:59+00:00","dateModified":"2024-09-02T11:16:06+00:00","description":"Pour acheter le Baron 490, utilisez notre boutique en ligne. Chez nous, vous trouverez un large \u00e9ventail de barbecues diff\u00e9rents. Commandez votre mod\u00e8le id\u00e9al.","breadcrumb":{"@id":"https:\/\/bulaoutdoor.nl\/product\/baron-490-2\/#breadcrumb"},"inLanguage":"fr-FR","potentialAction":[{"@type":"ReadAction","target":["https:\/\/bulaoutdoor.nl\/product\/baron-490-2\/"]}]},{"@type":"ImageObject","inLanguage":"fr-FR","@id":"https:\/\/bulaoutdoor.nl\/product\/baron-490-2\/#primaryimage","url":"https:\/\/bulaoutdoor.nl\/wp-content\/uploads\/2021\/10\/BK_Baron-490_Front_01_website-600x600-1.jpg","contentUrl":"https:\/\/bulaoutdoor.nl\/wp-content\/uploads\/2021\/10\/BK_Baron-490_Front_01_website-600x600-1.jpg","width":600,"height":600,"caption":"product zelf"},{"@type":"BreadcrumbList","@id":"https:\/\/bulaoutdoor.nl\/product\/baron-490-2\/#breadcrumb","itemListElement":[{"@type":"ListItem","position":1,"name":"Home","item":"https:\/\/bulaoutdoor.nl\/"},{"@type":"ListItem","position":2,"name":"Online BBQ kopen","item":"https:\/\/bulaoutdoor.nl\/"},{"@type":"ListItem","position":3,"name":"Baron 490"}]},{"@type":"WebSite","@id":"https:\/\/bulaoutdoor.nl\/#website","url":"https:\/\/bulaoutdoor.nl\/","name":"Bula Outdoor","description":"Pour votre chemin\u00e9e ext\u00e9rieure, votre barbecue, votre torche de jardin et votre four \u00e0 bois","publisher":{"@id":"https:\/\/bulaoutdoor.nl\/#organization"},"potentialAction":[{"@type":"SearchAction","target":{"@type":"EntryPoint","urlTemplate":"https:\/\/bulaoutdoor.nl\/?s={search_term_string}"},"query-input":{"@type":"PropertyValueSpecification","valueRequired":true,"valueName":"search_term_string"}}],"inLanguage":"fr-FR"},{"@type":"Organization","@id":"https:\/\/bulaoutdoor.nl\/#organization","name":"Bula Outdoor","url":"https:\/\/bulaoutdoor.nl\/","logo":{"@type":"ImageObject","inLanguage":"fr-FR","@id":"https:\/\/bulaoutdoor.nl\/#\/schema\/logo\/image\/","url":"https:\/\/www.bulaoutdoor.nl\/wp-content\/uploads\/2018\/04\/bulaoutdoor-logo.png","contentUrl":"https:\/\/www.bulaoutdoor.nl\/wp-content\/uploads\/2018\/04\/bulaoutdoor-logo.png","width":324,"height":91,"caption":"Bula Outdoor"},"image":{"@id":"https:\/\/bulaoutdoor.nl\/#\/schema\/logo\/image\/"}}]}},"jetpack_sharing_enabled":true,"_links":{"self":[{"href":"https:\/\/bulaoutdoor.nl\/fr\/wp-json\/wp\/v2\/product\/12528","targetHints":{"allow":["GET"]}}],"collection":[{"href":"https:\/\/bulaoutdoor.nl\/fr\/wp-json\/wp\/v2\/product"}],"about":[{"href":"https:\/\/bulaoutdoor.nl\/fr\/wp-json\/wp\/v2\/types\/product"}],"replies":[{"embeddable":true,"href":"https:\/\/bulaoutdoor.nl\/fr\/wp-json\/wp\/v2\/comments?post=12528"}],"wp:featuredmedia":[{"embeddable":true,"href":"https:\/\/bulaoutdoor.nl\/fr\/wp-json\/wp\/v2\/media\/12533"}],"wp:attachment":[{"href":"https:\/\/bulaoutdoor.nl\/fr\/wp-json\/wp\/v2\/media?parent=12528"}],"wp:term":[{"taxonomy":"product_brand","embeddable":true,"href":"https:\/\/bulaoutdoor.nl\/fr\/wp-json\/wp\/v2\/product_brand?post=12528"},{"taxonomy":"product_cat","embeddable":true,"href":"https:\/\/bulaoutdoor.nl\/fr\/wp-json\/wp\/v2\/product_cat?post=12528"},{"taxonomy":"product_tag","embeddable":true,"href":"https:\/\/bulaoutdoor.nl\/fr\/wp-json\/wp\/v2\/product_tag?post=12528"}],"curies":[{"name":"wp","href":"https:\/\/api.w.org\/{rel}","templated":true}]}}