{"id":12529,"date":"2021-10-26T12:25:25","date_gmt":"2021-10-26T12:25:25","guid":{"rendered":"https:\/\/www.bulaoutdoor.nl\/?post_type=product&#038;p=12529"},"modified":"2025-05-30T07:08:56","modified_gmt":"2025-05-30T07:08:56","slug":"baron-s490-ir","status":"publish","type":"product","link":"https:\/\/bulaoutdoor.nl\/fr\/product\/baron-s490-ir\/","title":{"rendered":"Baron S490 IR"},"content":{"rendered":"<p>Chez nous, vous pouvez acheter le Baron s490 IR et d'autres barbecues haut de gamme. Les barbecues Baron sont \u00e9quip\u00e9s des derni\u00e8res technologies pour faciliter la pr\u00e9paration de vos d\u00e9licieux plats. Du contr\u00f4le optimal de la temp\u00e9rature \u00e0 la distribution parfaite de la chaleur, cet excellent mod\u00e8le a tout ce qu'il faut. Vous pouvez acheter le Baron s490 IR en ligne et en magasin.<\/p>\n<h2>Vous pouvez acheter le Baron s490 IR dans notre magasin ou webshop<\/h2>\n<p>Le Baron s490 IR que vous pouvez acheter chez nous mesure 145 x 61 x 116 centim\u00e8tres, avec une hauteur de travail de 93 centim\u00e8tres. Vous recevrez des grilles de r\u00f4tissage en fonte ainsi qu'une grille de maintien au chaud \u00e9maill\u00e9e. Les autres caract\u00e9ristiques de ce mod\u00e8le haut de gamme sont les suivantes :<\/p>\n<ul>\n<li>Surface de r\u00f4tissage spacieuse de 66 x 44 centim\u00e8tres.<img loading=\"lazy\" decoding=\"async\" class=\"alignnone wp-image-12570\" src=\"https:\/\/www.bulaoutdoor.nl\/wp-content\/uploads\/2021\/10\/roosterbaron400-300x151.png\" alt=\"grille baron 490\" width=\"721\" height=\"363\" srcset=\"https:\/\/bulaoutdoor.nl\/wp-content\/uploads\/2021\/10\/roosterbaron400-300x151.png 300w, https:\/\/bulaoutdoor.nl\/wp-content\/uploads\/2021\/10\/roosterbaron400-416x209.png 416w, https:\/\/bulaoutdoor.nl\/wp-content\/uploads\/2021\/10\/roosterbaron400.png 760w\" sizes=\"auto, (max-width: 721px) 100vw, 721px\" \/><\/li>\n<\/ul>\n<ul>\n<li>Quatre br\u00fbleurs principaux de 12,4 kW, un br\u00fbleur lat\u00e9ral infrarouge de 3,1 kWh et un br\u00fbleur \u00e0 broche de 4,4 kW. Le br\u00fbleur lat\u00e9ral infrarouge peut saisir des plats de viande jusqu'\u00e0 900 \u00b0C.<\/li>\n<li>Une cuve en fonte d'aluminium Therma-Cast avec un tournebroche \u00e9lectrique.<\/li>\n<li>Des robinets \u00e0 gaz que vous pouvez contr\u00f4ler \u00e0 l'infini gr\u00e2ce \u00e0 des boutons lumineux.<\/li>\n<li>Un thermom\u00e8tre int\u00e9gr\u00e9.<\/li>\n<\/ul>\n<p>Comme vous pouvez le constater, le Baron s490 IR est un excellent mod\u00e8le \u00e0 acheter. Cependant, nous vendons \u00e9galement d'autres mod\u00e8les de la gamme Baron. Par exemple, vous trouverez \u00e9galement le <a href=\"https:\/\/bulaoutdoor.nl\/fr\/produit\/baron-490\/\">Baron 490<\/a> dans notre offre. L'offre <a href=\"https:\/\/bulaoutdoor.nl\/fr\/produit\/baron-440\/\">Baron 440<\/a> est \u00e9galement un atout pour tout amateur de barbecue.<\/p>\n<h2>La technologie moderne de la collection Baron<\/h2>\n<p>Ce barbecue est dot\u00e9 de techniques sp\u00e9ciales pour soutenir votre talent de r\u00f4tisseur. Par exemple, le four est fabriqu\u00e9 en acier \u00e9maill\u00e9 \u00e0 double paroi et en aluminium sur les c\u00f4t\u00e9s.<\/p>\n<p><img loading=\"lazy\" decoding=\"async\" class=\"wp-image-12538 aligncenter\" src=\"https:\/\/www.bulaoutdoor.nl\/wp-content\/uploads\/2021\/10\/BK_Baron_Cookbox_03-300x300.png\" alt=\"four bk info baron\" width=\"345\" height=\"345\" srcset=\"https:\/\/bulaoutdoor.nl\/wp-content\/uploads\/2021\/10\/BK_Baron_Cookbox_03-300x300.png 300w, https:\/\/bulaoutdoor.nl\/wp-content\/uploads\/2021\/10\/BK_Baron_Cookbox_03-150x150.png 150w, https:\/\/bulaoutdoor.nl\/wp-content\/uploads\/2021\/10\/BK_Baron_Cookbox_03-768x768.png 768w, https:\/\/bulaoutdoor.nl\/wp-content\/uploads\/2021\/10\/BK_Baron_Cookbox_03-324x324.png 324w, https:\/\/bulaoutdoor.nl\/wp-content\/uploads\/2021\/10\/BK_Baron_Cookbox_03-416x416.png 416w, https:\/\/bulaoutdoor.nl\/wp-content\/uploads\/2021\/10\/BK_Baron_Cookbox_03-100x100.png 100w, https:\/\/bulaoutdoor.nl\/wp-content\/uploads\/2021\/10\/BK_Baron_Cookbox_03.png 842w\" sizes=\"auto, (max-width: 345px) 100vw, 345px\" \/><\/p>\n<p>Les grilles de cuisson en fonte conservent parfaitement la chaleur et sont faciles \u00e0 nettoyer. Elles ont deux c\u00f4t\u00e9s : un c\u00f4t\u00e9 tranchant et un c\u00f4t\u00e9 rainur\u00e9. Le c\u00f4t\u00e9 rainur\u00e9 capture les jus de viande pour que vos plats cuisent dans leur propre jus et le c\u00f4t\u00e9 tranchant fait des marques de steakhouse sur votre viande.<\/p>\n<p><img loading=\"lazy\" decoding=\"async\" class=\"wp-image-12355 aligncenter\" src=\"https:\/\/www.bulaoutdoor.nl\/wp-content\/uploads\/2021\/09\/roosters2-300x227.jpg\" alt=\"\" width=\"430\" height=\"325\" srcset=\"https:\/\/bulaoutdoor.nl\/wp-content\/uploads\/2021\/09\/roosters2-300x227.jpg 300w, https:\/\/bulaoutdoor.nl\/wp-content\/uploads\/2021\/09\/roosters2-416x315.jpg 416w, https:\/\/bulaoutdoor.nl\/wp-content\/uploads\/2021\/09\/roosters2.jpg 500w\" sizes=\"auto, (max-width: 430px) 100vw, 430px\" \/><\/p>\n<p>Vous aimez la saveur caract\u00e9ristique du barbecue ? Le syst\u00e8me de cuisson Flav-r-wave\u2122 \u00e9vapore les jus de viande qu'il capture, de sorte que la saveur est absorb\u00e9e par la viande.<\/p>\n<p><img loading=\"lazy\" decoding=\"async\" class=\"size-medium wp-image-12353 aligncenter\" src=\"https:\/\/www.bulaoutdoor.nl\/wp-content\/uploads\/2021\/09\/flavrwave-300x300.jpg\" alt=\"\" width=\"300\" height=\"300\" srcset=\"https:\/\/bulaoutdoor.nl\/wp-content\/uploads\/2021\/09\/flavrwave-300x300.jpg 300w, https:\/\/bulaoutdoor.nl\/wp-content\/uploads\/2021\/09\/flavrwave-150x150.jpg 150w, https:\/\/bulaoutdoor.nl\/wp-content\/uploads\/2021\/09\/flavrwave-324x324.jpg 324w, https:\/\/bulaoutdoor.nl\/wp-content\/uploads\/2021\/09\/flavrwave-100x100.jpg 100w, https:\/\/bulaoutdoor.nl\/wp-content\/uploads\/2021\/09\/flavrwave.jpg 337w\" sizes=\"auto, (max-width: 300px) 100vw, 300px\" \/><\/p>\n<p>Les br\u00fbleurs Dual-tube\u2122 garantissent une parfaite r\u00e9partition de la chaleur sur l'ensemble de votre emplacement barbecue. En effet, les flammes sont bien r\u00e9parties.<\/p>\n<p><img loading=\"lazy\" decoding=\"async\" class=\"size-medium wp-image-12354 aligncenter\" src=\"https:\/\/www.bulaoutdoor.nl\/wp-content\/uploads\/2021\/09\/dualtube-300x300.png\" alt=\"\" width=\"300\" height=\"300\" srcset=\"https:\/\/bulaoutdoor.nl\/wp-content\/uploads\/2021\/09\/dualtube-300x300.png 300w, https:\/\/bulaoutdoor.nl\/wp-content\/uploads\/2021\/09\/dualtube-150x150.png 150w, https:\/\/bulaoutdoor.nl\/wp-content\/uploads\/2021\/09\/dualtube-324x324.png 324w, https:\/\/bulaoutdoor.nl\/wp-content\/uploads\/2021\/09\/dualtube-100x100.png 100w, https:\/\/bulaoutdoor.nl\/wp-content\/uploads\/2021\/09\/dualtube.png 337w\" sizes=\"auto, (max-width: 300px) 100vw, 300px\" \/><\/p>\n<h4><\/h4>\n<p>Avec les robinets \u00e0 gaz Linear-Flow\u2122, vous contr\u00f4lez la temp\u00e9rature \u00e0 l'infini. Les boutons Sensi-Touch\u2122 \u00e0 180\u00b0 permettent d'obtenir des temp\u00e9ratures \u00e9lev\u00e9es et basses. Vous pouvez lire la temp\u00e9rature sur le thermom\u00e8tre.<\/p>\n<p><img loading=\"lazy\" decoding=\"async\" class=\"size-medium wp-image-12356 aligncenter\" src=\"https:\/\/www.bulaoutdoor.nl\/wp-content\/uploads\/2021\/09\/Sensi-touch-300x300.jpg\" alt=\"\" width=\"300\" height=\"300\" srcset=\"https:\/\/bulaoutdoor.nl\/wp-content\/uploads\/2021\/09\/Sensi-touch-300x300.jpg 300w, https:\/\/bulaoutdoor.nl\/wp-content\/uploads\/2021\/09\/Sensi-touch-150x150.jpg 150w, https:\/\/bulaoutdoor.nl\/wp-content\/uploads\/2021\/09\/Sensi-touch-324x324.jpg 324w, https:\/\/bulaoutdoor.nl\/wp-content\/uploads\/2021\/09\/Sensi-touch-100x100.jpg 100w, https:\/\/bulaoutdoor.nl\/wp-content\/uploads\/2021\/09\/Sensi-touch.jpg 337w\" sizes=\"auto, (max-width: 300px) 100vw, 300px\" \/><\/p>\n<p><img loading=\"lazy\" decoding=\"async\" class=\"alignnone wp-image-12536\" src=\"https:\/\/www.bulaoutdoor.nl\/wp-content\/uploads\/2021\/10\/garantiebaron-300x172.jpg\" alt=\"baron de garantie\" width=\"515\" height=\"295\" srcset=\"https:\/\/bulaoutdoor.nl\/wp-content\/uploads\/2021\/10\/garantiebaron-300x172.jpg 300w, https:\/\/bulaoutdoor.nl\/wp-content\/uploads\/2021\/10\/garantiebaron.jpg 408w\" sizes=\"auto, (max-width: 515px) 100vw, 515px\" \/><\/p>\n<h2>Autres produits d'ext\u00e9rieur<\/h2>\n<p>Outre un Baron s490 IR, vous pouvez acheter d'autres articles de plein air chez Bula Outdoor. Vous y trouverez par exemple un <a href=\"https:\/\/bulaoutdoor.nl\/fr\/categorie-de-produits\/cheminees-de-jardin-bula\/\">chemin\u00e9e de jardin<\/a> dans notre offre. Parcourez notre large gamme en ligne et commandez divers produits pour d\u00e9corer votre jardin. Si vous souhaitez visiter le magasin, vous pouvez bien s\u00fbr prendre rendez-vous.<\/p>\n<h3>Consultez notre offre et commandez directement<\/h3>\n<p>Voulez-vous acheter le Baron s490 IR ? Passez votre commande dans notre boutique en ligne et recevez rapidement votre nouveau barbecue. Vous avez \u00e9galement la possibilit\u00e9 de visiter notre magasin. Visiter <a href=\"https:\/\/bulaoutdoor.nl\/fr\/contact\/\">nous contacter<\/a> pour prendre rendez-vous. Envoyez un courriel \u00e0 <a href=\"mailto:info@bulaoutdoor.nl\">info@bulaoutdoor.nl<\/a> ou appeler <a href=\"tel:0031355330658\">035-5330658<\/a> Pour parler \u00e0 nos experts.<\/p>","protected":false},"excerpt":{"rendered":"<p>Variante interm\u00e9diaire de la ligne \"Baron\" avec br\u00fbleur lat\u00e9ral \u00e0 infrarouge et tournebroche.<\/p>","protected":false},"featured_media":45028,"comment_status":"open","ping_status":"closed","template":"","meta":{"_acf_changed":false},"product_brand":[],"product_cat":[781],"product_tag":[976,838],"class_list":{"0":"post-12529","1":"product","2":"type-product","3":"status-publish","4":"has-post-thumbnail","6":"product_cat-baron-klasse","7":"product_tag-broil-king-barbecue-baron-s490-ir-spit-en-infrarood-zijbrander-875983","8":"product_tag-broil-king-bbq-370875983","10":"first","11":"instock","12":"taxable","13":"shipping-taxable","14":"purchasable","15":"product-type-simple"},"acf":[],"yoast_head":"<!-- This site is optimized with the Yoast SEO plugin v27.6 - https:\/\/yoast.com\/product\/yoast-seo-wordpress\/ -->\n<title>Baron S490 IR &#8211; Bula Outdoor<\/title>\n<meta name=\"description\" content=\"De Baron s490 IR is een uitstekende barbecue die u bij ons kunt kopen. Dit model staat voor topkwaliteit voor een aantrekkelijke prijs. Bestel hem online.\" \/>\n<meta name=\"robots\" content=\"index, follow, max-snippet:-1, max-image-preview:large, max-video-preview:-1\" \/>\n<link rel=\"canonical\" href=\"https:\/\/bulaoutdoor.nl\/fr\/produit\/baron-s490-ir\/\" \/>\n<meta property=\"og:locale\" content=\"fr_FR\" \/>\n<meta property=\"og:type\" content=\"article\" \/>\n<meta property=\"og:title\" content=\"Baron S490 IR &#8211; Bula Outdoor\" \/>\n<meta property=\"og:description\" content=\"De Baron s490 IR is een uitstekende barbecue die u bij ons kunt kopen. Dit model staat voor topkwaliteit voor een aantrekkelijke prijs. Bestel hem online.\" \/>\n<meta property=\"og:url\" content=\"https:\/\/bulaoutdoor.nl\/fr\/produit\/baron-s490-ir\/\" \/>\n<meta property=\"og:site_name\" content=\"Bula Outdoor\" \/>\n<meta property=\"article:modified_time\" content=\"2025-05-30T07:08:56+00:00\" \/>\n<meta property=\"og:image\" content=\"https:\/\/bulaoutdoor.nl\/wp-content\/uploads\/2021\/10\/8f4603e3-640c-4d07-a587-4328dff2553c.jpeg\" \/>\n\t<meta property=\"og:image:width\" content=\"720\" \/>\n\t<meta property=\"og:image:height\" content=\"720\" \/>\n\t<meta property=\"og:image:type\" content=\"image\/jpeg\" \/>\n<meta name=\"twitter:card\" content=\"summary_large_image\" \/>\n<meta name=\"twitter:label1\" content=\"Dur\u00e9e de lecture estim\u00e9e\" \/>\n\t<meta name=\"twitter:data1\" content=\"4 minutes\" \/>\n<script type=\"application\/ld+json\" class=\"yoast-schema-graph\">{\"@context\":\"https:\\\/\\\/schema.org\",\"@graph\":[{\"@type\":\"WebPage\",\"@id\":\"https:\\\/\\\/bulaoutdoor.nl\\\/product\\\/baron-s490-ir\\\/\",\"url\":\"https:\\\/\\\/bulaoutdoor.nl\\\/product\\\/baron-s490-ir\\\/\",\"name\":\"Baron S490 IR &#8211; Bula Outdoor\",\"isPartOf\":{\"@id\":\"https:\\\/\\\/bulaoutdoor.nl\\\/#website\"},\"primaryImageOfPage\":{\"@id\":\"https:\\\/\\\/bulaoutdoor.nl\\\/product\\\/baron-s490-ir\\\/#primaryimage\"},\"image\":{\"@id\":\"https:\\\/\\\/bulaoutdoor.nl\\\/product\\\/baron-s490-ir\\\/#primaryimage\"},\"thumbnailUrl\":\"https:\\\/\\\/bulaoutdoor.nl\\\/wp-content\\\/uploads\\\/2021\\\/10\\\/8f4603e3-640c-4d07-a587-4328dff2553c.jpeg\",\"datePublished\":\"2021-10-26T12:25:25+00:00\",\"dateModified\":\"2025-05-30T07:08:56+00:00\",\"description\":\"De Baron s490 IR is een uitstekende barbecue die u bij ons kunt kopen. Dit model staat voor topkwaliteit voor een aantrekkelijke prijs. Bestel hem online.\",\"breadcrumb\":{\"@id\":\"https:\\\/\\\/bulaoutdoor.nl\\\/product\\\/baron-s490-ir\\\/#breadcrumb\"},\"inLanguage\":\"fr-FR\",\"potentialAction\":[{\"@type\":\"ReadAction\",\"target\":[\"https:\\\/\\\/bulaoutdoor.nl\\\/product\\\/baron-s490-ir\\\/\"]}]},{\"@type\":\"ImageObject\",\"inLanguage\":\"fr-FR\",\"@id\":\"https:\\\/\\\/bulaoutdoor.nl\\\/product\\\/baron-s490-ir\\\/#primaryimage\",\"url\":\"https:\\\/\\\/bulaoutdoor.nl\\\/wp-content\\\/uploads\\\/2021\\\/10\\\/8f4603e3-640c-4d07-a587-4328dff2553c.jpeg\",\"contentUrl\":\"https:\\\/\\\/bulaoutdoor.nl\\\/wp-content\\\/uploads\\\/2021\\\/10\\\/8f4603e3-640c-4d07-a587-4328dff2553c.jpeg\",\"width\":720,\"height\":720,\"caption\":\"Broil king baron s490 ir\"},{\"@type\":\"BreadcrumbList\",\"@id\":\"https:\\\/\\\/bulaoutdoor.nl\\\/product\\\/baron-s490-ir\\\/#breadcrumb\",\"itemListElement\":[{\"@type\":\"ListItem\",\"position\":1,\"name\":\"Home\",\"item\":\"https:\\\/\\\/bulaoutdoor.nl\\\/\"},{\"@type\":\"ListItem\",\"position\":2,\"name\":\"Online BBQ kopen\",\"item\":\"https:\\\/\\\/bulaoutdoor.nl\\\/\"},{\"@type\":\"ListItem\",\"position\":3,\"name\":\"Baron S490 IR\"}]},{\"@type\":\"WebSite\",\"@id\":\"https:\\\/\\\/bulaoutdoor.nl\\\/#website\",\"url\":\"https:\\\/\\\/bulaoutdoor.nl\\\/\",\"name\":\"Bula Outdoor\",\"description\":\"Voor uw buitenhaard, BBQ, tuinfakkel en houtoven\",\"publisher\":{\"@id\":\"https:\\\/\\\/bulaoutdoor.nl\\\/#organization\"},\"potentialAction\":[{\"@type\":\"SearchAction\",\"target\":{\"@type\":\"EntryPoint\",\"urlTemplate\":\"https:\\\/\\\/bulaoutdoor.nl\\\/?s={search_term_string}\"},\"query-input\":{\"@type\":\"PropertyValueSpecification\",\"valueRequired\":true,\"valueName\":\"search_term_string\"}}],\"inLanguage\":\"fr-FR\"},{\"@type\":\"Organization\",\"@id\":\"https:\\\/\\\/bulaoutdoor.nl\\\/#organization\",\"name\":\"Bula Outdoor\",\"url\":\"https:\\\/\\\/bulaoutdoor.nl\\\/\",\"logo\":{\"@type\":\"ImageObject\",\"inLanguage\":\"fr-FR\",\"@id\":\"https:\\\/\\\/bulaoutdoor.nl\\\/#\\\/schema\\\/logo\\\/image\\\/\",\"url\":\"https:\\\/\\\/www.bulaoutdoor.nl\\\/wp-content\\\/uploads\\\/2018\\\/04\\\/bulaoutdoor-logo.png\",\"contentUrl\":\"https:\\\/\\\/www.bulaoutdoor.nl\\\/wp-content\\\/uploads\\\/2018\\\/04\\\/bulaoutdoor-logo.png\",\"width\":324,\"height\":91,\"caption\":\"Bula Outdoor\"},\"image\":{\"@id\":\"https:\\\/\\\/bulaoutdoor.nl\\\/#\\\/schema\\\/logo\\\/image\\\/\"}}]}<\/script>\n<!-- \/ Yoast SEO plugin. -->","yoast_head_json":{"title":"Baron S490 IR - Bula Outdoor","description":"Le Baron s490 IR est un excellent barbecue que vous pouvez acheter chez nous. Ce mod\u00e8le est synonyme de qualit\u00e9 sup\u00e9rieure \u00e0 un prix attractif. Commandez-le en ligne.","robots":{"index":"index","follow":"follow","max-snippet":"max-snippet:-1","max-image-preview":"max-image-preview:large","max-video-preview":"max-video-preview:-1"},"canonical":"https:\/\/bulaoutdoor.nl\/fr\/produit\/baron-s490-ir\/","og_locale":"fr_FR","og_type":"article","og_title":"Baron S490 IR &#8211; Bula Outdoor","og_description":"De Baron s490 IR is een uitstekende barbecue die u bij ons kunt kopen. Dit model staat voor topkwaliteit voor een aantrekkelijke prijs. Bestel hem online.","og_url":"https:\/\/bulaoutdoor.nl\/fr\/produit\/baron-s490-ir\/","og_site_name":"Bula Outdoor","article_modified_time":"2025-05-30T07:08:56+00:00","og_image":[{"width":720,"height":720,"url":"https:\/\/bulaoutdoor.nl\/wp-content\/uploads\/2021\/10\/8f4603e3-640c-4d07-a587-4328dff2553c.jpeg","type":"image\/jpeg"}],"twitter_card":"summary_large_image","twitter_misc":{"Dur\u00e9e de lecture estim\u00e9e":"4 minutes"},"schema":{"@context":"https:\/\/schema.org","@graph":[{"@type":"WebPage","@id":"https:\/\/bulaoutdoor.nl\/product\/baron-s490-ir\/","url":"https:\/\/bulaoutdoor.nl\/product\/baron-s490-ir\/","name":"Baron S490 IR - Bula Outdoor","isPartOf":{"@id":"https:\/\/bulaoutdoor.nl\/#website"},"primaryImageOfPage":{"@id":"https:\/\/bulaoutdoor.nl\/product\/baron-s490-ir\/#primaryimage"},"image":{"@id":"https:\/\/bulaoutdoor.nl\/product\/baron-s490-ir\/#primaryimage"},"thumbnailUrl":"https:\/\/bulaoutdoor.nl\/wp-content\/uploads\/2021\/10\/8f4603e3-640c-4d07-a587-4328dff2553c.jpeg","datePublished":"2021-10-26T12:25:25+00:00","dateModified":"2025-05-30T07:08:56+00:00","description":"Le Baron s490 IR est un excellent barbecue que vous pouvez acheter chez nous. Ce mod\u00e8le est synonyme de qualit\u00e9 sup\u00e9rieure \u00e0 un prix attractif. Commandez-le en ligne.","breadcrumb":{"@id":"https:\/\/bulaoutdoor.nl\/product\/baron-s490-ir\/#breadcrumb"},"inLanguage":"fr-FR","potentialAction":[{"@type":"ReadAction","target":["https:\/\/bulaoutdoor.nl\/product\/baron-s490-ir\/"]}]},{"@type":"ImageObject","inLanguage":"fr-FR","@id":"https:\/\/bulaoutdoor.nl\/product\/baron-s490-ir\/#primaryimage","url":"https:\/\/bulaoutdoor.nl\/wp-content\/uploads\/2021\/10\/8f4603e3-640c-4d07-a587-4328dff2553c.jpeg","contentUrl":"https:\/\/bulaoutdoor.nl\/wp-content\/uploads\/2021\/10\/8f4603e3-640c-4d07-a587-4328dff2553c.jpeg","width":720,"height":720,"caption":"Broil king baron s490 ir"},{"@type":"BreadcrumbList","@id":"https:\/\/bulaoutdoor.nl\/product\/baron-s490-ir\/#breadcrumb","itemListElement":[{"@type":"ListItem","position":1,"name":"Home","item":"https:\/\/bulaoutdoor.nl\/"},{"@type":"ListItem","position":2,"name":"Online BBQ kopen","item":"https:\/\/bulaoutdoor.nl\/"},{"@type":"ListItem","position":3,"name":"Baron S490 IR"}]},{"@type":"WebSite","@id":"https:\/\/bulaoutdoor.nl\/#website","url":"https:\/\/bulaoutdoor.nl\/","name":"Bula Outdoor","description":"Pour votre chemin\u00e9e ext\u00e9rieure, votre barbecue, votre torche de jardin et votre four \u00e0 bois","publisher":{"@id":"https:\/\/bulaoutdoor.nl\/#organization"},"potentialAction":[{"@type":"SearchAction","target":{"@type":"EntryPoint","urlTemplate":"https:\/\/bulaoutdoor.nl\/?s={search_term_string}"},"query-input":{"@type":"PropertyValueSpecification","valueRequired":true,"valueName":"search_term_string"}}],"inLanguage":"fr-FR"},{"@type":"Organization","@id":"https:\/\/bulaoutdoor.nl\/#organization","name":"Bula Outdoor","url":"https:\/\/bulaoutdoor.nl\/","logo":{"@type":"ImageObject","inLanguage":"fr-FR","@id":"https:\/\/bulaoutdoor.nl\/#\/schema\/logo\/image\/","url":"https:\/\/www.bulaoutdoor.nl\/wp-content\/uploads\/2018\/04\/bulaoutdoor-logo.png","contentUrl":"https:\/\/www.bulaoutdoor.nl\/wp-content\/uploads\/2018\/04\/bulaoutdoor-logo.png","width":324,"height":91,"caption":"Bula Outdoor"},"image":{"@id":"https:\/\/bulaoutdoor.nl\/#\/schema\/logo\/image\/"}}]}},"jetpack_sharing_enabled":true,"_links":{"self":[{"href":"https:\/\/bulaoutdoor.nl\/fr\/wp-json\/wp\/v2\/product\/12529","targetHints":{"allow":["GET"]}}],"collection":[{"href":"https:\/\/bulaoutdoor.nl\/fr\/wp-json\/wp\/v2\/product"}],"about":[{"href":"https:\/\/bulaoutdoor.nl\/fr\/wp-json\/wp\/v2\/types\/product"}],"replies":[{"embeddable":true,"href":"https:\/\/bulaoutdoor.nl\/fr\/wp-json\/wp\/v2\/comments?post=12529"}],"wp:featuredmedia":[{"embeddable":true,"href":"https:\/\/bulaoutdoor.nl\/fr\/wp-json\/wp\/v2\/media\/45028"}],"wp:attachment":[{"href":"https:\/\/bulaoutdoor.nl\/fr\/wp-json\/wp\/v2\/media?parent=12529"}],"wp:term":[{"taxonomy":"product_brand","embeddable":true,"href":"https:\/\/bulaoutdoor.nl\/fr\/wp-json\/wp\/v2\/product_brand?post=12529"},{"taxonomy":"product_cat","embeddable":true,"href":"https:\/\/bulaoutdoor.nl\/fr\/wp-json\/wp\/v2\/product_cat?post=12529"},{"taxonomy":"product_tag","embeddable":true,"href":"https:\/\/bulaoutdoor.nl\/fr\/wp-json\/wp\/v2\/product_tag?post=12529"}],"curies":[{"name":"wp","href":"https:\/\/api.w.org\/{rel}","templated":true}]}}