{"id":12530,"date":"2021-10-26T13:14:17","date_gmt":"2021-10-26T13:14:17","guid":{"rendered":"https:\/\/www.bulaoutdoor.nl\/?post_type=product&#038;p=12530"},"modified":"2024-09-02T11:16:47","modified_gmt":"2024-09-02T11:16:47","slug":"baron-440","status":"publish","type":"product","link":"https:\/\/bulaoutdoor.nl\/fr\/product\/baron-440-2\/","title":{"rendered":"Baron 440"},"content":{"rendered":"<p>En achetant le Baron 440 de Broil King, vous faites le choix de la classe. Avec cet excellent mod\u00e8le, vous b\u00e9n\u00e9ficierez d'une qualit\u00e9 sup\u00e9rieure \u00e0 un prix abordable. Ce n'est pas pour rien que la gamme Baron est la plus vendue. Chez Bula Outdoor, vous pouvez facilement acheter le Baron 440 en ligne. Vous pouvez \u00e9galement prendre rendez-vous au magasin de Bussum, pr\u00e8s de Hilversum.<\/p>\n<h2>Pourquoi vous voulez absolument acheter le Baron 440<\/h2>\n<p>Le Baron 440 est disponible aupr\u00e8s de nous en ligne ou dans les bureaux de la Commission europ\u00e9enne. <a href=\"https:\/\/bulaoutdoor.nl\/fr\/\">magasin de barbecue<\/a> Acheter. Le barbecue mesure 145 x 61 x 116 centim\u00e8tres avec une hauteur de travail de 93 centim\u00e8tres. Ce beau mod\u00e8le pr\u00e9sente les caract\u00e9ristiques suivantes :<\/p>\n<ul>\n<li>Surface de r\u00f4tissage de 66 x 44 centim\u00e8tres dans un four, avec grilles de r\u00f4tissage en fonte.<\/li>\n<\/ul>\n<p><img loading=\"lazy\" decoding=\"async\" class=\"alignnone wp-image-12570\" src=\"https:\/\/www.bulaoutdoor.nl\/wp-content\/uploads\/2021\/10\/roosterbaron400-300x151.png\" alt=\"grille baron 490\" width=\"721\" height=\"363\" srcset=\"https:\/\/bulaoutdoor.nl\/wp-content\/uploads\/2021\/10\/roosterbaron400-300x151.png 300w, https:\/\/bulaoutdoor.nl\/wp-content\/uploads\/2021\/10\/roosterbaron400-416x209.png 416w, https:\/\/bulaoutdoor.nl\/wp-content\/uploads\/2021\/10\/roosterbaron400.png 760w\" sizes=\"auto, (max-width: 721px) 100vw, 721px\" \/><\/p>\n<ul>\n<li>Quatre br\u00fbleurs principaux de 12,4 kW et un br\u00fbleur lat\u00e9ral de 2,7 kW<\/li>\n<li>Une cuve de barbecue en fonte d'aluminium Therma-Cast<\/li>\n<li>Robinets \u00e0 gaz r\u00e9glables \u00e0 l'infini avec des boutons \u00e9clair\u00e9s de mani\u00e8re pratique<\/li>\n<li>Un thermom\u00e8tre int\u00e9gr\u00e9<\/li>\n<li>Espace de rangement pratique pour la bouteille de gaz et la housse<\/li>\n<li>Des roulettes qui facilitent les d\u00e9placements<\/li>\n<\/ul>\n<p>Nous nous ferons un plaisir de vous en dire plus sur les qualit\u00e9s particuli\u00e8res des barbecues Broil King. Par exemple, les fours sont sp\u00e9cialement con\u00e7us pour conserver la chaleur, avec une double paroi en acier \u00e9maill\u00e9 et des parois en aluminium.<\/p>\n<p><img loading=\"lazy\" decoding=\"async\" class=\"wp-image-12538 aligncenter\" src=\"https:\/\/www.bulaoutdoor.nl\/wp-content\/uploads\/2021\/10\/BK_Baron_Cookbox_03-300x300.png\" alt=\"four bk info baron\" width=\"345\" height=\"345\" srcset=\"https:\/\/bulaoutdoor.nl\/wp-content\/uploads\/2021\/10\/BK_Baron_Cookbox_03-300x300.png 300w, https:\/\/bulaoutdoor.nl\/wp-content\/uploads\/2021\/10\/BK_Baron_Cookbox_03-150x150.png 150w, https:\/\/bulaoutdoor.nl\/wp-content\/uploads\/2021\/10\/BK_Baron_Cookbox_03-768x768.png 768w, https:\/\/bulaoutdoor.nl\/wp-content\/uploads\/2021\/10\/BK_Baron_Cookbox_03-324x324.png 324w, https:\/\/bulaoutdoor.nl\/wp-content\/uploads\/2021\/10\/BK_Baron_Cookbox_03-416x416.png 416w, https:\/\/bulaoutdoor.nl\/wp-content\/uploads\/2021\/10\/BK_Baron_Cookbox_03-100x100.png 100w, https:\/\/bulaoutdoor.nl\/wp-content\/uploads\/2021\/10\/BK_Baron_Cookbox_03.png 842w\" sizes=\"auto, (max-width: 345px) 100vw, 345px\" \/><\/p>\n<p>Les r\u00f4tissoires en fonte sont con\u00e7ues pour conserver la chaleur. Un c\u00f4t\u00e9 est tranchant, pour saisir les marques typiques d'un steakhouse. L'autre c\u00f4t\u00e9 est rainur\u00e9, ce qui permet de griller la viande dans son propre jus. Les grilles sont faciles \u00e0 nettoyer.<\/p>\n<p><img loading=\"lazy\" decoding=\"async\" class=\"wp-image-12355 aligncenter\" src=\"https:\/\/www.bulaoutdoor.nl\/wp-content\/uploads\/2021\/09\/roosters2-300x227.jpg\" alt=\"\" width=\"430\" height=\"325\" srcset=\"https:\/\/bulaoutdoor.nl\/wp-content\/uploads\/2021\/09\/roosters2-300x227.jpg 300w, https:\/\/bulaoutdoor.nl\/wp-content\/uploads\/2021\/09\/roosters2-416x315.jpg 416w, https:\/\/bulaoutdoor.nl\/wp-content\/uploads\/2021\/09\/roosters2.jpg 500w\" sizes=\"auto, (max-width: 430px) 100vw, 430px\" \/><\/p>\n<p>Le syst\u00e8me de cuisson Flav-r-wave\u2122 capture les jus de viande qui tombent \u00e0 travers le gril et les \u00e9vapore imm\u00e9diatement. C'est ce qui cr\u00e9e la saveur unique du barbecue.<\/p>\n<p><img loading=\"lazy\" decoding=\"async\" class=\"size-medium wp-image-12353 aligncenter\" src=\"https:\/\/www.bulaoutdoor.nl\/wp-content\/uploads\/2021\/09\/flavrwave-300x300.jpg\" alt=\"\" width=\"300\" height=\"300\" srcset=\"https:\/\/bulaoutdoor.nl\/wp-content\/uploads\/2021\/09\/flavrwave-300x300.jpg 300w, https:\/\/bulaoutdoor.nl\/wp-content\/uploads\/2021\/09\/flavrwave-150x150.jpg 150w, https:\/\/bulaoutdoor.nl\/wp-content\/uploads\/2021\/09\/flavrwave-324x324.jpg 324w, https:\/\/bulaoutdoor.nl\/wp-content\/uploads\/2021\/09\/flavrwave-100x100.jpg 100w, https:\/\/bulaoutdoor.nl\/wp-content\/uploads\/2021\/09\/flavrwave.jpg 337w\" sizes=\"auto, (max-width: 300px) 100vw, 300px\" \/><\/p>\n<p>Les br\u00fbleurs Dual-tube\u2122 cr\u00e9ent une distribution parfaitement homog\u00e8ne des flammes. Cela garantit une distribution uniforme de la chaleur dans l'ensemble de la fosse de barbecue.<\/p>\n<p><img loading=\"lazy\" decoding=\"async\" class=\"size-medium wp-image-12354 aligncenter\" src=\"https:\/\/www.bulaoutdoor.nl\/wp-content\/uploads\/2021\/09\/dualtube-300x300.png\" alt=\"\" width=\"300\" height=\"300\" srcset=\"https:\/\/bulaoutdoor.nl\/wp-content\/uploads\/2021\/09\/dualtube-300x300.png 300w, https:\/\/bulaoutdoor.nl\/wp-content\/uploads\/2021\/09\/dualtube-150x150.png 150w, https:\/\/bulaoutdoor.nl\/wp-content\/uploads\/2021\/09\/dualtube-324x324.png 324w, https:\/\/bulaoutdoor.nl\/wp-content\/uploads\/2021\/09\/dualtube-100x100.png 100w, https:\/\/bulaoutdoor.nl\/wp-content\/uploads\/2021\/09\/dualtube.png 337w\" sizes=\"auto, (max-width: 300px) 100vw, 300px\" \/><\/p>\n<p>Les robinets \u00e0 gaz Linear-Flow\u2122 sont con\u00e7us pour contr\u00f4ler la temp\u00e9rature en continu. Gr\u00e2ce \u00e0 cette technique, vous pouvez saisir des steaks \u00e0 haute temp\u00e9rature ou cuire lentement des plats \u00e0 basse temp\u00e9rature. Vous utilisez ici les boutons de commande 180\u00b0 Sensi-Touch\u2122.<\/p>\n<p><img loading=\"lazy\" decoding=\"async\" class=\"size-medium wp-image-12356 aligncenter\" src=\"https:\/\/www.bulaoutdoor.nl\/wp-content\/uploads\/2021\/09\/Sensi-touch-300x300.jpg\" alt=\"\" width=\"300\" height=\"300\" srcset=\"https:\/\/bulaoutdoor.nl\/wp-content\/uploads\/2021\/09\/Sensi-touch-300x300.jpg 300w, https:\/\/bulaoutdoor.nl\/wp-content\/uploads\/2021\/09\/Sensi-touch-150x150.jpg 150w, https:\/\/bulaoutdoor.nl\/wp-content\/uploads\/2021\/09\/Sensi-touch-324x324.jpg 324w, https:\/\/bulaoutdoor.nl\/wp-content\/uploads\/2021\/09\/Sensi-touch-100x100.jpg 100w, https:\/\/bulaoutdoor.nl\/wp-content\/uploads\/2021\/09\/Sensi-touch.jpg 337w\" sizes=\"auto, (max-width: 300px) 100vw, 300px\" \/><\/p>\n<h4>Garantie<\/h4>\n<p><img loading=\"lazy\" decoding=\"async\" class=\"alignnone wp-image-12536\" src=\"https:\/\/www.bulaoutdoor.nl\/wp-content\/uploads\/2021\/10\/garantiebaron-300x172.jpg\" alt=\"baron de garantie\" width=\"515\" height=\"295\" srcset=\"https:\/\/bulaoutdoor.nl\/wp-content\/uploads\/2021\/10\/garantiebaron-300x172.jpg 300w, https:\/\/bulaoutdoor.nl\/wp-content\/uploads\/2021\/10\/garantiebaron.jpg 408w\" sizes=\"auto, (max-width: 515px) 100vw, 515px\" \/><\/p>\n<p>Lorsque vous achetez chez Broil King un <a href=\"https:\/\/bulaoutdoor.nl\/fr\/categorie-de-produits\/bbq\/\">commander un barbecue en ligne<\/a>En outre, vous b\u00e9n\u00e9ficiez d'une garantie \u00e0 vie sur la cuve et le couvercle, d'une garantie de dix ans sur les br\u00fbleurs et d'une garantie de deux ans sur les pi\u00e8ces et la peinture. N'h\u00e9sitez donc plus et utilisez notre boutique en ligne pour acheter le Baron 440. Vous trouverez \u00e9galement toutes ces sp\u00e9cifications dans tous les autres mod\u00e8les Baron de Broil King, tels que le <a href=\"https:\/\/bulaoutdoor.nl\/fr\/produit\/baron-s490-ir\/\">Baron s490 IR<\/a>. Vous trouverez \u00e9galement dans notre gamme des barbecues de cette grande marque qui peuvent \u00eatre encastr\u00e9s. Voir les <a href=\"https:\/\/bulaoutdoor.nl\/fr\/categorie-de-produits\/bbq\/roi-du-gril-2\/personnalisation-integree\/\">Mod\u00e8les encastrables de Broil King<\/a>.<\/p>\n<h3>Commandez votre barbecue en ligne<\/h3>\n<p>Si vous voulez acheter le Baron 440, venez chez Bula Outdoor. Chez nous, vous pouvez choisir parmi une large gamme de barbecues aux sp\u00e9cifications vari\u00e9es. Passez votre commande en ligne ou prenez rendez-vous dans notre magasin pour acheter le Baron 440. Pour un rendez-vous <a href=\"https:\/\/bulaoutdoor.nl\/fr\/contact\/\">nous contacter<\/a> en envoyant un courriel \u00e0 <a href=\"mailto:info@bulaoutdoor.nl\">info@bulaoutdoor.nl<\/a> ou en appelant le <a href=\"tel:0031355330658\">035-5330658<\/a>.<\/p>","protected":false},"excerpt":{"rendered":"<p>Variante \u00e9conomique de la ligne \"Baron\" avec br\u00fbleur lat\u00e9ral, mais sans tournebroche.<\/p>","protected":false},"featured_media":12531,"comment_status":"open","ping_status":"closed","template":"","meta":{"_acf_changed":false},"product_brand":[],"product_cat":[781],"product_tag":[841,840],"class_list":{"0":"post-12530","1":"product","2":"type-product","3":"status-publish","4":"has-post-thumbnail","6":"product_cat-baron-klasse","7":"product_tag-broil-king-barbecue-baron-440-met-zijbrander","8":"product_tag-broil-king-bbq-370875263","10":"first","11":"instock","12":"taxable","13":"shipping-taxable","14":"purchasable","15":"product-type-simple"},"acf":[],"yoast_head":"<!-- This site is optimized with the Yoast SEO plugin v27.5 - https:\/\/yoast.com\/product\/yoast-seo-wordpress\/ -->\n<title>Baron 440 &#8211; Bula Outdoor<\/title>\n<meta name=\"description\" content=\"Om de Baron 440 te kopen, bent u bij ons op de juiste plek. U vindt in ons aanbod deze en andere topbarbecues. Bekijk de webshop en bestel.\" \/>\n<meta name=\"robots\" content=\"index, follow, max-snippet:-1, max-image-preview:large, max-video-preview:-1\" \/>\n<link rel=\"canonical\" href=\"https:\/\/bulaoutdoor.nl\/fr\/produit\/baron-440\/\" \/>\n<meta property=\"og:locale\" content=\"fr_FR\" \/>\n<meta property=\"og:type\" content=\"article\" \/>\n<meta property=\"og:title\" content=\"Baron 440 &#8211; Bula Outdoor\" \/>\n<meta property=\"og:description\" content=\"Om de Baron 440 te kopen, bent u bij ons op de juiste plek. U vindt in ons aanbod deze en andere topbarbecues. Bekijk de webshop en bestel.\" \/>\n<meta property=\"og:url\" content=\"https:\/\/bulaoutdoor.nl\/fr\/produit\/baron-440\/\" \/>\n<meta property=\"og:site_name\" content=\"Bula Outdoor\" \/>\n<meta property=\"article:modified_time\" content=\"2024-09-02T11:16:47+00:00\" \/>\n<meta property=\"og:image\" content=\"https:\/\/bulaoutdoor.nl\/wp-content\/uploads\/2021\/10\/BK_Baron-440_Front_01.png\" \/>\n\t<meta property=\"og:image:width\" content=\"842\" \/>\n\t<meta property=\"og:image:height\" content=\"842\" \/>\n\t<meta property=\"og:image:type\" content=\"image\/png\" \/>\n<meta name=\"twitter:card\" content=\"summary_large_image\" \/>\n<meta name=\"twitter:label1\" content=\"Dur\u00e9e de lecture estim\u00e9e\" \/>\n\t<meta name=\"twitter:data1\" content=\"4 minutes\" \/>\n<script type=\"application\/ld+json\" class=\"yoast-schema-graph\">{\"@context\":\"https:\\\/\\\/schema.org\",\"@graph\":[{\"@type\":\"WebPage\",\"@id\":\"https:\\\/\\\/bulaoutdoor.nl\\\/product\\\/baron-440-2\\\/\",\"url\":\"https:\\\/\\\/bulaoutdoor.nl\\\/product\\\/baron-440-2\\\/\",\"name\":\"Baron 440 &#8211; Bula Outdoor\",\"isPartOf\":{\"@id\":\"https:\\\/\\\/bulaoutdoor.nl\\\/#website\"},\"primaryImageOfPage\":{\"@id\":\"https:\\\/\\\/bulaoutdoor.nl\\\/product\\\/baron-440-2\\\/#primaryimage\"},\"image\":{\"@id\":\"https:\\\/\\\/bulaoutdoor.nl\\\/product\\\/baron-440-2\\\/#primaryimage\"},\"thumbnailUrl\":\"https:\\\/\\\/bulaoutdoor.nl\\\/wp-content\\\/uploads\\\/2021\\\/10\\\/BK_Baron-440_Front_01.png\",\"datePublished\":\"2021-10-26T13:14:17+00:00\",\"dateModified\":\"2024-09-02T11:16:47+00:00\",\"description\":\"Om de Baron 440 te kopen, bent u bij ons op de juiste plek. U vindt in ons aanbod deze en andere topbarbecues. Bekijk de webshop en bestel.\",\"breadcrumb\":{\"@id\":\"https:\\\/\\\/bulaoutdoor.nl\\\/product\\\/baron-440-2\\\/#breadcrumb\"},\"inLanguage\":\"fr-FR\",\"potentialAction\":[{\"@type\":\"ReadAction\",\"target\":[\"https:\\\/\\\/bulaoutdoor.nl\\\/product\\\/baron-440-2\\\/\"]}]},{\"@type\":\"ImageObject\",\"inLanguage\":\"fr-FR\",\"@id\":\"https:\\\/\\\/bulaoutdoor.nl\\\/product\\\/baron-440-2\\\/#primaryimage\",\"url\":\"https:\\\/\\\/bulaoutdoor.nl\\\/wp-content\\\/uploads\\\/2021\\\/10\\\/BK_Baron-440_Front_01.png\",\"contentUrl\":\"https:\\\/\\\/bulaoutdoor.nl\\\/wp-content\\\/uploads\\\/2021\\\/10\\\/BK_Baron-440_Front_01.png\",\"width\":842,\"height\":842,\"caption\":\"product zelf\"},{\"@type\":\"BreadcrumbList\",\"@id\":\"https:\\\/\\\/bulaoutdoor.nl\\\/product\\\/baron-440-2\\\/#breadcrumb\",\"itemListElement\":[{\"@type\":\"ListItem\",\"position\":1,\"name\":\"Home\",\"item\":\"https:\\\/\\\/bulaoutdoor.nl\\\/\"},{\"@type\":\"ListItem\",\"position\":2,\"name\":\"Online BBQ kopen\",\"item\":\"https:\\\/\\\/bulaoutdoor.nl\\\/\"},{\"@type\":\"ListItem\",\"position\":3,\"name\":\"Baron 440\"}]},{\"@type\":\"WebSite\",\"@id\":\"https:\\\/\\\/bulaoutdoor.nl\\\/#website\",\"url\":\"https:\\\/\\\/bulaoutdoor.nl\\\/\",\"name\":\"Bula Outdoor\",\"description\":\"Voor uw buitenhaard, BBQ, tuinfakkel en houtoven\",\"publisher\":{\"@id\":\"https:\\\/\\\/bulaoutdoor.nl\\\/#organization\"},\"potentialAction\":[{\"@type\":\"SearchAction\",\"target\":{\"@type\":\"EntryPoint\",\"urlTemplate\":\"https:\\\/\\\/bulaoutdoor.nl\\\/?s={search_term_string}\"},\"query-input\":{\"@type\":\"PropertyValueSpecification\",\"valueRequired\":true,\"valueName\":\"search_term_string\"}}],\"inLanguage\":\"fr-FR\"},{\"@type\":\"Organization\",\"@id\":\"https:\\\/\\\/bulaoutdoor.nl\\\/#organization\",\"name\":\"Bula Outdoor\",\"url\":\"https:\\\/\\\/bulaoutdoor.nl\\\/\",\"logo\":{\"@type\":\"ImageObject\",\"inLanguage\":\"fr-FR\",\"@id\":\"https:\\\/\\\/bulaoutdoor.nl\\\/#\\\/schema\\\/logo\\\/image\\\/\",\"url\":\"https:\\\/\\\/www.bulaoutdoor.nl\\\/wp-content\\\/uploads\\\/2018\\\/04\\\/bulaoutdoor-logo.png\",\"contentUrl\":\"https:\\\/\\\/www.bulaoutdoor.nl\\\/wp-content\\\/uploads\\\/2018\\\/04\\\/bulaoutdoor-logo.png\",\"width\":324,\"height\":91,\"caption\":\"Bula Outdoor\"},\"image\":{\"@id\":\"https:\\\/\\\/bulaoutdoor.nl\\\/#\\\/schema\\\/logo\\\/image\\\/\"}}]}<\/script>\n<!-- \/ Yoast SEO plugin. -->","yoast_head_json":{"title":"Baron 440 - Bula Outdoor","description":"Pour acheter le Baron 440, vous \u00eates au bon endroit. Vous trouverez ce barbecue et d'autres barbecues haut de gamme dans notre gamme. Parcourez la boutique en ligne et commandez.","robots":{"index":"index","follow":"follow","max-snippet":"max-snippet:-1","max-image-preview":"max-image-preview:large","max-video-preview":"max-video-preview:-1"},"canonical":"https:\/\/bulaoutdoor.nl\/fr\/produit\/baron-440\/","og_locale":"fr_FR","og_type":"article","og_title":"Baron 440 &#8211; Bula Outdoor","og_description":"Om de Baron 440 te kopen, bent u bij ons op de juiste plek. U vindt in ons aanbod deze en andere topbarbecues. Bekijk de webshop en bestel.","og_url":"https:\/\/bulaoutdoor.nl\/fr\/produit\/baron-440\/","og_site_name":"Bula Outdoor","article_modified_time":"2024-09-02T11:16:47+00:00","og_image":[{"width":842,"height":842,"url":"https:\/\/bulaoutdoor.nl\/wp-content\/uploads\/2021\/10\/BK_Baron-440_Front_01.png","type":"image\/png"}],"twitter_card":"summary_large_image","twitter_misc":{"Dur\u00e9e de lecture estim\u00e9e":"4 minutes"},"schema":{"@context":"https:\/\/schema.org","@graph":[{"@type":"WebPage","@id":"https:\/\/bulaoutdoor.nl\/product\/baron-440-2\/","url":"https:\/\/bulaoutdoor.nl\/product\/baron-440-2\/","name":"Baron 440 - Bula Outdoor","isPartOf":{"@id":"https:\/\/bulaoutdoor.nl\/#website"},"primaryImageOfPage":{"@id":"https:\/\/bulaoutdoor.nl\/product\/baron-440-2\/#primaryimage"},"image":{"@id":"https:\/\/bulaoutdoor.nl\/product\/baron-440-2\/#primaryimage"},"thumbnailUrl":"https:\/\/bulaoutdoor.nl\/wp-content\/uploads\/2021\/10\/BK_Baron-440_Front_01.png","datePublished":"2021-10-26T13:14:17+00:00","dateModified":"2024-09-02T11:16:47+00:00","description":"Pour acheter le Baron 440, vous \u00eates au bon endroit. Vous trouverez ce barbecue et d'autres barbecues haut de gamme dans notre gamme. Parcourez la boutique en ligne et commandez.","breadcrumb":{"@id":"https:\/\/bulaoutdoor.nl\/product\/baron-440-2\/#breadcrumb"},"inLanguage":"fr-FR","potentialAction":[{"@type":"ReadAction","target":["https:\/\/bulaoutdoor.nl\/product\/baron-440-2\/"]}]},{"@type":"ImageObject","inLanguage":"fr-FR","@id":"https:\/\/bulaoutdoor.nl\/product\/baron-440-2\/#primaryimage","url":"https:\/\/bulaoutdoor.nl\/wp-content\/uploads\/2021\/10\/BK_Baron-440_Front_01.png","contentUrl":"https:\/\/bulaoutdoor.nl\/wp-content\/uploads\/2021\/10\/BK_Baron-440_Front_01.png","width":842,"height":842,"caption":"product zelf"},{"@type":"BreadcrumbList","@id":"https:\/\/bulaoutdoor.nl\/product\/baron-440-2\/#breadcrumb","itemListElement":[{"@type":"ListItem","position":1,"name":"Home","item":"https:\/\/bulaoutdoor.nl\/"},{"@type":"ListItem","position":2,"name":"Online BBQ kopen","item":"https:\/\/bulaoutdoor.nl\/"},{"@type":"ListItem","position":3,"name":"Baron 440"}]},{"@type":"WebSite","@id":"https:\/\/bulaoutdoor.nl\/#website","url":"https:\/\/bulaoutdoor.nl\/","name":"Bula Outdoor","description":"Pour votre chemin\u00e9e ext\u00e9rieure, votre barbecue, votre torche de jardin et votre four \u00e0 bois","publisher":{"@id":"https:\/\/bulaoutdoor.nl\/#organization"},"potentialAction":[{"@type":"SearchAction","target":{"@type":"EntryPoint","urlTemplate":"https:\/\/bulaoutdoor.nl\/?s={search_term_string}"},"query-input":{"@type":"PropertyValueSpecification","valueRequired":true,"valueName":"search_term_string"}}],"inLanguage":"fr-FR"},{"@type":"Organization","@id":"https:\/\/bulaoutdoor.nl\/#organization","name":"Bula Outdoor","url":"https:\/\/bulaoutdoor.nl\/","logo":{"@type":"ImageObject","inLanguage":"fr-FR","@id":"https:\/\/bulaoutdoor.nl\/#\/schema\/logo\/image\/","url":"https:\/\/www.bulaoutdoor.nl\/wp-content\/uploads\/2018\/04\/bulaoutdoor-logo.png","contentUrl":"https:\/\/www.bulaoutdoor.nl\/wp-content\/uploads\/2018\/04\/bulaoutdoor-logo.png","width":324,"height":91,"caption":"Bula Outdoor"},"image":{"@id":"https:\/\/bulaoutdoor.nl\/#\/schema\/logo\/image\/"}}]}},"jetpack_sharing_enabled":true,"_links":{"self":[{"href":"https:\/\/bulaoutdoor.nl\/fr\/wp-json\/wp\/v2\/product\/12530","targetHints":{"allow":["GET"]}}],"collection":[{"href":"https:\/\/bulaoutdoor.nl\/fr\/wp-json\/wp\/v2\/product"}],"about":[{"href":"https:\/\/bulaoutdoor.nl\/fr\/wp-json\/wp\/v2\/types\/product"}],"replies":[{"embeddable":true,"href":"https:\/\/bulaoutdoor.nl\/fr\/wp-json\/wp\/v2\/comments?post=12530"}],"wp:featuredmedia":[{"embeddable":true,"href":"https:\/\/bulaoutdoor.nl\/fr\/wp-json\/wp\/v2\/media\/12531"}],"wp:attachment":[{"href":"https:\/\/bulaoutdoor.nl\/fr\/wp-json\/wp\/v2\/media?parent=12530"}],"wp:term":[{"taxonomy":"product_brand","embeddable":true,"href":"https:\/\/bulaoutdoor.nl\/fr\/wp-json\/wp\/v2\/product_brand?post=12530"},{"taxonomy":"product_cat","embeddable":true,"href":"https:\/\/bulaoutdoor.nl\/fr\/wp-json\/wp\/v2\/product_cat?post=12530"},{"taxonomy":"product_tag","embeddable":true,"href":"https:\/\/bulaoutdoor.nl\/fr\/wp-json\/wp\/v2\/product_tag?post=12530"}],"curies":[{"name":"wp","href":"https:\/\/api.w.org\/{rel}","templated":true}]}}