{"id":12623,"date":"2021-11-16T14:20:31","date_gmt":"2021-11-16T14:20:31","guid":{"rendered":"https:\/\/www.bulaoutdoor.nl\/?post_type=product&#038;p=12623"},"modified":"2024-09-02T11:21:45","modified_gmt":"2024-09-02T11:21:45","slug":"monarque-390","status":"publish","type":"product","link":"https:\/\/bulaoutdoor.nl\/fr\/product\/monarch-390\/","title":{"rendered":"Monarch 390"},"content":{"rendered":"<p>La gamme compacte \"Monarch\" de Broil King est con\u00e7ue pour les petits jardins ou les patios. Bien que moins encombrants, les barbecues Monarch offrent la qualit\u00e9 et l'exp\u00e9rience gustative bien connues de Broil King.<\/p>\n<ul>\n<li>Surface de r\u00f4tissage de 56 x 38 cm dans un four avec grilles de r\u00f4tissage en fonte.<img loading=\"lazy\" decoding=\"async\" class=\"alignnone wp-image-12699\" src=\"https:\/\/www.bulaoutdoor.nl\/wp-content\/uploads\/2021\/11\/rooster-300-300x178.jpg\" alt=\"\" width=\"620\" height=\"368\" srcset=\"https:\/\/bulaoutdoor.nl\/wp-content\/uploads\/2021\/11\/rooster-300-300x178.jpg 300w, https:\/\/bulaoutdoor.nl\/wp-content\/uploads\/2021\/11\/rooster-300-416x247.jpg 416w, https:\/\/bulaoutdoor.nl\/wp-content\/uploads\/2021\/11\/rooster-300.jpg 578w\" sizes=\"auto, (max-width: 620px) 100vw, 620px\" \/><\/li>\n<li>Br\u00fbleurs principaux (3) 8,8 kW + br\u00fbleur lat\u00e9ral 2,7 kW + br\u00fbleur \u00e0 broche 3,5 kW.<\/li>\n<li>Cuve de barbecue en fonte d'aluminium Therma-Cast.<img loading=\"lazy\" decoding=\"async\" class=\"alignnone wp-image-12702\" src=\"https:\/\/www.bulaoutdoor.nl\/wp-content\/uploads\/2021\/11\/brander-en-deksel-300x99.jpg\" alt=\"\" width=\"715\" height=\"236\" srcset=\"https:\/\/bulaoutdoor.nl\/wp-content\/uploads\/2021\/11\/brander-en-deksel-300x99.jpg 300w, https:\/\/bulaoutdoor.nl\/wp-content\/uploads\/2021\/11\/brander-en-deksel-768x252.jpg 768w, https:\/\/bulaoutdoor.nl\/wp-content\/uploads\/2021\/11\/brander-en-deksel-416x137.jpg 416w, https:\/\/bulaoutdoor.nl\/wp-content\/uploads\/2021\/11\/brander-en-deksel.jpg 782w\" sizes=\"auto, (max-width: 715px) 100vw, 715px\" \/><\/li>\n<li>Robinets \u00e0 gaz r\u00e9glables en continu et thermom\u00e8tre int\u00e9gr\u00e9.<\/li>\n<li>Les tables d'appoint pliantes permettent de gagner de la place et offrent un espace de rangement pour la bouteille de gaz et sa housse.<\/li>\n<li>Dimensions totales : 142 x 56 x 124 cm avec une hauteur de travail de 97 cm. Facile \u00e0 d\u00e9placer gr\u00e2ce \u00e0 deux grandes roulettes et deux roulettes pivotantes avec frein.<img loading=\"lazy\" decoding=\"async\" class=\"alignnone wp-image-12701\" src=\"https:\/\/www.bulaoutdoor.nl\/wp-content\/uploads\/2021\/11\/gasopberging-klaptafels-300x101.jpg\" alt=\"\" width=\"707\" height=\"238\" srcset=\"https:\/\/bulaoutdoor.nl\/wp-content\/uploads\/2021\/11\/gasopberging-klaptafels-300x101.jpg 300w, https:\/\/bulaoutdoor.nl\/wp-content\/uploads\/2021\/11\/gasopberging-klaptafels-768x258.jpg 768w, https:\/\/bulaoutdoor.nl\/wp-content\/uploads\/2021\/11\/gasopberging-klaptafels-416x140.jpg 416w, https:\/\/bulaoutdoor.nl\/wp-content\/uploads\/2021\/11\/gasopberging-klaptafels.jpg 782w\" sizes=\"auto, (max-width: 707px) 100vw, 707px\" \/><\/li>\n<\/ul>\n<p>Broil King utilise diff\u00e9rentes techniques pour obtenir cette d\u00e9licieuse saveur de barbecue. Pour en savoir plus sur les caract\u00e9ristiques des barbecues \"Monarch\" de Broil King, cliquez ci-dessous.<\/p>\n<h4>Grilles de cuisson<\/h4>\n<p>Les grilles de cuisson en fonte sont sp\u00e9cialement con\u00e7ues pour conserver la chaleur. Les grilles ont deux c\u00f4t\u00e9s diff\u00e9rents. L'une d'elles est tranchante, ce qui permet de saisir de belles marques de steakhouse. L'autre c\u00f4t\u00e9 de la grille est rainur\u00e9, ce qui permet de griller la viande dans son propre jus. Ces grilles sont faciles \u00e0 nettoyer et ont un excellent pouvoir de saisie.<img loading=\"lazy\" decoding=\"async\" class=\"wp-image-12355 aligncenter\" src=\"https:\/\/www.bulaoutdoor.nl\/wp-content\/uploads\/2021\/09\/roosters2-300x227.jpg\" alt=\"\" width=\"430\" height=\"325\" srcset=\"https:\/\/bulaoutdoor.nl\/wp-content\/uploads\/2021\/09\/roosters2-300x227.jpg 300w, https:\/\/bulaoutdoor.nl\/wp-content\/uploads\/2021\/09\/roosters2-416x315.jpg 416w, https:\/\/bulaoutdoor.nl\/wp-content\/uploads\/2021\/09\/roosters2.jpg 500w\" sizes=\"auto, (max-width: 430px) 100vw, 430px\" \/><\/p>\n<h4>Flav-r-wave<\/h4>\n<p>Le syst\u00e8me de cuisson Flav-r-wave\u2122 est con\u00e7u pour capturer et \u00e9vaporer imm\u00e9diatement les jus de viande qui tombent \u00e0 travers la grille. C'est gr\u00e2ce \u00e0 cette technique que la saveur unique du barbecue est cr\u00e9\u00e9e.<\/p>\n<p><img loading=\"lazy\" decoding=\"async\" class=\"size-medium wp-image-12353 aligncenter\" src=\"https:\/\/www.bulaoutdoor.nl\/wp-content\/uploads\/2021\/09\/flavrwave-300x300.jpg\" alt=\"\" width=\"300\" height=\"300\" srcset=\"https:\/\/bulaoutdoor.nl\/wp-content\/uploads\/2021\/09\/flavrwave-300x300.jpg 300w, https:\/\/bulaoutdoor.nl\/wp-content\/uploads\/2021\/09\/flavrwave-150x150.jpg 150w, https:\/\/bulaoutdoor.nl\/wp-content\/uploads\/2021\/09\/flavrwave-324x324.jpg 324w, https:\/\/bulaoutdoor.nl\/wp-content\/uploads\/2021\/09\/flavrwave-100x100.jpg 100w, https:\/\/bulaoutdoor.nl\/wp-content\/uploads\/2021\/09\/flavrwave.jpg 337w\" sizes=\"auto, (max-width: 300px) 100vw, 300px\" \/><\/p>\n<h4>Br\u00fbleurs \u00e0 deux tubes<\/h4>\n<p>Les br\u00fbleurs Dual-tube\u2122 sont con\u00e7us pour cr\u00e9er une r\u00e9partition parfaitement homog\u00e8ne des flammes. Cela garantit une distribution uniforme de la chaleur dans toute la cuve de votre barbecue.<img loading=\"lazy\" decoding=\"async\" class=\"size-medium wp-image-12354 aligncenter\" src=\"https:\/\/www.bulaoutdoor.nl\/wp-content\/uploads\/2021\/09\/dualtube-300x300.png\" alt=\"\" width=\"300\" height=\"300\" srcset=\"https:\/\/bulaoutdoor.nl\/wp-content\/uploads\/2021\/09\/dualtube-300x300.png 300w, https:\/\/bulaoutdoor.nl\/wp-content\/uploads\/2021\/09\/dualtube-150x150.png 150w, https:\/\/bulaoutdoor.nl\/wp-content\/uploads\/2021\/09\/dualtube-324x324.png 324w, https:\/\/bulaoutdoor.nl\/wp-content\/uploads\/2021\/09\/dualtube-100x100.png 100w, https:\/\/bulaoutdoor.nl\/wp-content\/uploads\/2021\/09\/dualtube.png 337w\" sizes=\"auto, (max-width: 300px) 100vw, 300px\" \/><\/p>\n<h4><\/h4>\n<h4>Une temp\u00e9rature parfaite<\/h4>\n<p>Les robinets \u00e0 gaz Linear-Flow\u2122 sont con\u00e7us pour permettre un contr\u00f4le infini de la temp\u00e9rature. Gr\u00e2ce \u00e0 cette technique, vous pouvez saisir des steaks \u00e0 haute temp\u00e9rature ou faire cuire lentement des plats \u00e0 basse temp\u00e9rature. La temp\u00e9rature \u00e0 l'int\u00e9rieur du barbecue est facile \u00e0 lire sur le thermom\u00e8tre int\u00e9gr\u00e9.<\/p>\n<h4>Garantie<\/h4>\n<p><img loading=\"lazy\" decoding=\"async\" class=\"wp-image-12700 aligncenter\" src=\"https:\/\/www.bulaoutdoor.nl\/wp-content\/uploads\/2021\/11\/garantie-monarch-300x161.jpg\" alt=\"\" width=\"451\" height=\"242\" srcset=\"https:\/\/bulaoutdoor.nl\/wp-content\/uploads\/2021\/11\/garantie-monarch-300x161.jpg 300w, https:\/\/bulaoutdoor.nl\/wp-content\/uploads\/2021\/11\/garantie-monarch-416x223.jpg 416w, https:\/\/bulaoutdoor.nl\/wp-content\/uploads\/2021\/11\/garantie-monarch.jpg 491w\" sizes=\"auto, (max-width: 451px) 100vw, 451px\" \/><\/p>\n<p>Commandez d\u00e8s maintenant le Monarch 390 aupr\u00e8s de Bula outdoor, votre sp\u00e9cialiste en mati\u00e8re de barbecue !<\/p>","protected":false},"excerpt":{"rendered":"<p>Le mod\u00e8le 390 de la gamme compacte \"Monarch\" est \u00e9quip\u00e9 d'un br\u00fbleur lat\u00e9ral et d'une r\u00f4tissoire.<\/p>","protected":false},"featured_media":12662,"comment_status":"open","ping_status":"closed","template":"","meta":{"_acf_changed":false},"product_brand":[],"product_cat":[783],"product_tag":[852,851],"class_list":{"0":"post-12623","1":"product","2":"type-product","3":"status-publish","4":"has-post-thumbnail","6":"product_cat-royal-monarch","7":"product_tag-broil-king-barbecue-monarch-390-met-draaispit-en-zijbrander","8":"product_tag-broil-king-bbq-370834283","10":"first","11":"instock","12":"taxable","13":"shipping-taxable","14":"purchasable","15":"product-type-simple"},"acf":[],"yoast_head":"<!-- This site is optimized with the Yoast SEO plugin v27.3 - https:\/\/yoast.com\/product\/yoast-seo-wordpress\/ -->\n<title>Monarch 390 &#8211; Bula Outdoor<\/title>\n<meta name=\"robots\" content=\"index, follow, max-snippet:-1, max-image-preview:large, max-video-preview:-1\" \/>\n<link rel=\"canonical\" href=\"https:\/\/bulaoutdoor.nl\/fr\/produit\/monarque-390\/\" \/>\n<meta property=\"og:locale\" content=\"fr_FR\" \/>\n<meta property=\"og:type\" content=\"article\" \/>\n<meta property=\"og:title\" content=\"Monarch 390 &#8211; Bula Outdoor\" \/>\n<meta property=\"og:description\" content=\"De 390 uit compacte &quot;Monarch&quot; lijn biedt zowel een zijbrander als een draaispit.\" \/>\n<meta property=\"og:url\" content=\"https:\/\/bulaoutdoor.nl\/fr\/produit\/monarque-390\/\" \/>\n<meta property=\"og:site_name\" content=\"Bula Outdoor\" \/>\n<meta property=\"article:modified_time\" content=\"2024-09-02T11:21:45+00:00\" \/>\n<meta property=\"og:image\" content=\"https:\/\/bulaoutdoor.nl\/wp-content\/uploads\/2021\/10\/BK_Monarch-390_Front_01.png\" \/>\n\t<meta property=\"og:image:width\" content=\"842\" \/>\n\t<meta property=\"og:image:height\" content=\"842\" \/>\n\t<meta property=\"og:image:type\" content=\"image\/png\" \/>\n<meta name=\"twitter:card\" content=\"summary_large_image\" \/>\n<meta name=\"twitter:label1\" content=\"Dur\u00e9e de lecture estim\u00e9e\" \/>\n\t<meta name=\"twitter:data1\" content=\"4 minutes\" \/>\n<script type=\"application\/ld+json\" class=\"yoast-schema-graph\">{\"@context\":\"https:\\\/\\\/schema.org\",\"@graph\":[{\"@type\":\"WebPage\",\"@id\":\"https:\\\/\\\/bulaoutdoor.nl\\\/product\\\/monarch-390\\\/\",\"url\":\"https:\\\/\\\/bulaoutdoor.nl\\\/product\\\/monarch-390\\\/\",\"name\":\"Monarch 390 &#8211; Bula Outdoor\",\"isPartOf\":{\"@id\":\"https:\\\/\\\/bulaoutdoor.nl\\\/#website\"},\"primaryImageOfPage\":{\"@id\":\"https:\\\/\\\/bulaoutdoor.nl\\\/product\\\/monarch-390\\\/#primaryimage\"},\"image\":{\"@id\":\"https:\\\/\\\/bulaoutdoor.nl\\\/product\\\/monarch-390\\\/#primaryimage\"},\"thumbnailUrl\":\"https:\\\/\\\/bulaoutdoor.nl\\\/wp-content\\\/uploads\\\/2021\\\/10\\\/BK_Monarch-390_Front_01.png\",\"datePublished\":\"2021-11-16T14:20:31+00:00\",\"dateModified\":\"2024-09-02T11:21:45+00:00\",\"breadcrumb\":{\"@id\":\"https:\\\/\\\/bulaoutdoor.nl\\\/product\\\/monarch-390\\\/#breadcrumb\"},\"inLanguage\":\"fr-FR\",\"potentialAction\":[{\"@type\":\"ReadAction\",\"target\":[\"https:\\\/\\\/bulaoutdoor.nl\\\/product\\\/monarch-390\\\/\"]}]},{\"@type\":\"ImageObject\",\"inLanguage\":\"fr-FR\",\"@id\":\"https:\\\/\\\/bulaoutdoor.nl\\\/product\\\/monarch-390\\\/#primaryimage\",\"url\":\"https:\\\/\\\/bulaoutdoor.nl\\\/wp-content\\\/uploads\\\/2021\\\/10\\\/BK_Monarch-390_Front_01.png\",\"contentUrl\":\"https:\\\/\\\/bulaoutdoor.nl\\\/wp-content\\\/uploads\\\/2021\\\/10\\\/BK_Monarch-390_Front_01.png\",\"width\":842,\"height\":842,\"caption\":\"product zelf\"},{\"@type\":\"BreadcrumbList\",\"@id\":\"https:\\\/\\\/bulaoutdoor.nl\\\/product\\\/monarch-390\\\/#breadcrumb\",\"itemListElement\":[{\"@type\":\"ListItem\",\"position\":1,\"name\":\"Home\",\"item\":\"https:\\\/\\\/bulaoutdoor.nl\\\/\"},{\"@type\":\"ListItem\",\"position\":2,\"name\":\"Online BBQ kopen\",\"item\":\"https:\\\/\\\/bulaoutdoor.nl\\\/\"},{\"@type\":\"ListItem\",\"position\":3,\"name\":\"Monarch 390\"}]},{\"@type\":\"WebSite\",\"@id\":\"https:\\\/\\\/bulaoutdoor.nl\\\/#website\",\"url\":\"https:\\\/\\\/bulaoutdoor.nl\\\/\",\"name\":\"Bula Outdoor\",\"description\":\"Voor uw buitenhaard, BBQ, tuinfakkel en houtoven\",\"publisher\":{\"@id\":\"https:\\\/\\\/bulaoutdoor.nl\\\/#organization\"},\"potentialAction\":[{\"@type\":\"SearchAction\",\"target\":{\"@type\":\"EntryPoint\",\"urlTemplate\":\"https:\\\/\\\/bulaoutdoor.nl\\\/?s={search_term_string}\"},\"query-input\":{\"@type\":\"PropertyValueSpecification\",\"valueRequired\":true,\"valueName\":\"search_term_string\"}}],\"inLanguage\":\"fr-FR\"},{\"@type\":\"Organization\",\"@id\":\"https:\\\/\\\/bulaoutdoor.nl\\\/#organization\",\"name\":\"Bula Outdoor\",\"url\":\"https:\\\/\\\/bulaoutdoor.nl\\\/\",\"logo\":{\"@type\":\"ImageObject\",\"inLanguage\":\"fr-FR\",\"@id\":\"https:\\\/\\\/bulaoutdoor.nl\\\/#\\\/schema\\\/logo\\\/image\\\/\",\"url\":\"https:\\\/\\\/www.bulaoutdoor.nl\\\/wp-content\\\/uploads\\\/2018\\\/04\\\/bulaoutdoor-logo.png\",\"contentUrl\":\"https:\\\/\\\/www.bulaoutdoor.nl\\\/wp-content\\\/uploads\\\/2018\\\/04\\\/bulaoutdoor-logo.png\",\"width\":324,\"height\":91,\"caption\":\"Bula Outdoor\"},\"image\":{\"@id\":\"https:\\\/\\\/bulaoutdoor.nl\\\/#\\\/schema\\\/logo\\\/image\\\/\"}}]}<\/script>\n<!-- \/ Yoast SEO plugin. -->","yoast_head_json":{"title":"Monarch 390 - Bula Outdoor","robots":{"index":"index","follow":"follow","max-snippet":"max-snippet:-1","max-image-preview":"max-image-preview:large","max-video-preview":"max-video-preview:-1"},"canonical":"https:\/\/bulaoutdoor.nl\/fr\/produit\/monarque-390\/","og_locale":"fr_FR","og_type":"article","og_title":"Monarch 390 &#8211; Bula Outdoor","og_description":"De 390 uit compacte \"Monarch\" lijn biedt zowel een zijbrander als een draaispit.","og_url":"https:\/\/bulaoutdoor.nl\/fr\/produit\/monarque-390\/","og_site_name":"Bula Outdoor","article_modified_time":"2024-09-02T11:21:45+00:00","og_image":[{"width":842,"height":842,"url":"https:\/\/bulaoutdoor.nl\/wp-content\/uploads\/2021\/10\/BK_Monarch-390_Front_01.png","type":"image\/png"}],"twitter_card":"summary_large_image","twitter_misc":{"Dur\u00e9e de lecture estim\u00e9e":"4 minutes"},"schema":{"@context":"https:\/\/schema.org","@graph":[{"@type":"WebPage","@id":"https:\/\/bulaoutdoor.nl\/product\/monarch-390\/","url":"https:\/\/bulaoutdoor.nl\/product\/monarch-390\/","name":"Monarch 390 - Bula Outdoor","isPartOf":{"@id":"https:\/\/bulaoutdoor.nl\/#website"},"primaryImageOfPage":{"@id":"https:\/\/bulaoutdoor.nl\/product\/monarch-390\/#primaryimage"},"image":{"@id":"https:\/\/bulaoutdoor.nl\/product\/monarch-390\/#primaryimage"},"thumbnailUrl":"https:\/\/bulaoutdoor.nl\/wp-content\/uploads\/2021\/10\/BK_Monarch-390_Front_01.png","datePublished":"2021-11-16T14:20:31+00:00","dateModified":"2024-09-02T11:21:45+00:00","breadcrumb":{"@id":"https:\/\/bulaoutdoor.nl\/product\/monarch-390\/#breadcrumb"},"inLanguage":"fr-FR","potentialAction":[{"@type":"ReadAction","target":["https:\/\/bulaoutdoor.nl\/product\/monarch-390\/"]}]},{"@type":"ImageObject","inLanguage":"fr-FR","@id":"https:\/\/bulaoutdoor.nl\/product\/monarch-390\/#primaryimage","url":"https:\/\/bulaoutdoor.nl\/wp-content\/uploads\/2021\/10\/BK_Monarch-390_Front_01.png","contentUrl":"https:\/\/bulaoutdoor.nl\/wp-content\/uploads\/2021\/10\/BK_Monarch-390_Front_01.png","width":842,"height":842,"caption":"product zelf"},{"@type":"BreadcrumbList","@id":"https:\/\/bulaoutdoor.nl\/product\/monarch-390\/#breadcrumb","itemListElement":[{"@type":"ListItem","position":1,"name":"Home","item":"https:\/\/bulaoutdoor.nl\/"},{"@type":"ListItem","position":2,"name":"Online BBQ kopen","item":"https:\/\/bulaoutdoor.nl\/"},{"@type":"ListItem","position":3,"name":"Monarch 390"}]},{"@type":"WebSite","@id":"https:\/\/bulaoutdoor.nl\/#website","url":"https:\/\/bulaoutdoor.nl\/","name":"Bula Outdoor","description":"Pour votre chemin\u00e9e ext\u00e9rieure, votre barbecue, votre torche de jardin et votre four \u00e0 bois","publisher":{"@id":"https:\/\/bulaoutdoor.nl\/#organization"},"potentialAction":[{"@type":"SearchAction","target":{"@type":"EntryPoint","urlTemplate":"https:\/\/bulaoutdoor.nl\/?s={search_term_string}"},"query-input":{"@type":"PropertyValueSpecification","valueRequired":true,"valueName":"search_term_string"}}],"inLanguage":"fr-FR"},{"@type":"Organization","@id":"https:\/\/bulaoutdoor.nl\/#organization","name":"Bula Outdoor","url":"https:\/\/bulaoutdoor.nl\/","logo":{"@type":"ImageObject","inLanguage":"fr-FR","@id":"https:\/\/bulaoutdoor.nl\/#\/schema\/logo\/image\/","url":"https:\/\/www.bulaoutdoor.nl\/wp-content\/uploads\/2018\/04\/bulaoutdoor-logo.png","contentUrl":"https:\/\/www.bulaoutdoor.nl\/wp-content\/uploads\/2018\/04\/bulaoutdoor-logo.png","width":324,"height":91,"caption":"Bula Outdoor"},"image":{"@id":"https:\/\/bulaoutdoor.nl\/#\/schema\/logo\/image\/"}}]}},"jetpack_sharing_enabled":true,"_links":{"self":[{"href":"https:\/\/bulaoutdoor.nl\/fr\/wp-json\/wp\/v2\/product\/12623","targetHints":{"allow":["GET"]}}],"collection":[{"href":"https:\/\/bulaoutdoor.nl\/fr\/wp-json\/wp\/v2\/product"}],"about":[{"href":"https:\/\/bulaoutdoor.nl\/fr\/wp-json\/wp\/v2\/types\/product"}],"replies":[{"embeddable":true,"href":"https:\/\/bulaoutdoor.nl\/fr\/wp-json\/wp\/v2\/comments?post=12623"}],"wp:featuredmedia":[{"embeddable":true,"href":"https:\/\/bulaoutdoor.nl\/fr\/wp-json\/wp\/v2\/media\/12662"}],"wp:attachment":[{"href":"https:\/\/bulaoutdoor.nl\/fr\/wp-json\/wp\/v2\/media?parent=12623"}],"wp:term":[{"taxonomy":"product_brand","embeddable":true,"href":"https:\/\/bulaoutdoor.nl\/fr\/wp-json\/wp\/v2\/product_brand?post=12623"},{"taxonomy":"product_cat","embeddable":true,"href":"https:\/\/bulaoutdoor.nl\/fr\/wp-json\/wp\/v2\/product_cat?post=12623"},{"taxonomy":"product_tag","embeddable":true,"href":"https:\/\/bulaoutdoor.nl\/fr\/wp-json\/wp\/v2\/product_tag?post=12623"}],"curies":[{"name":"wp","href":"https:\/\/api.w.org\/{rel}","templated":true}]}}