{"id":12720,"date":"2021-11-18T10:57:19","date_gmt":"2021-11-18T10:57:19","guid":{"rendered":"https:\/\/www.bulaoutdoor.nl\/?post_type=product&#038;p=12720"},"modified":"2023-04-12T14:10:11","modified_gmt":"2023-04-12T14:10:11","slug":"bk-310","status":"publish","type":"product","link":"https:\/\/bulaoutdoor.nl\/fr\/product\/bk-310\/","title":{"rendered":"BK 310"},"content":{"rendered":"<p>Le BK 310 compact de Broil King est con\u00e7u pour les petits budgets. Malgr\u00e9 son prix avantageux, le BK 310 offre la qualit\u00e9 et l'exp\u00e9rience gustative bien connues de Broil King.<\/p>\n<ul>\n<li>Surface de r\u00f4tissage de 53 x 33 cm dans un four avec grilles de r\u00f4tissage en fonte.<img loading=\"lazy\" decoding=\"async\" class=\"alignnone wp-image-12745\" src=\"https:\/\/www.bulaoutdoor.nl\/wp-content\/uploads\/2021\/11\/bk-310-rooster-300x160.jpg\" alt=\"\" width=\"696\" height=\"371\" srcset=\"https:\/\/bulaoutdoor.nl\/wp-content\/uploads\/2021\/11\/bk-310-rooster-300x160.jpg 300w, https:\/\/bulaoutdoor.nl\/wp-content\/uploads\/2021\/11\/bk-310-rooster-416x222.jpg 416w, https:\/\/bulaoutdoor.nl\/wp-content\/uploads\/2021\/11\/bk-310-rooster.jpg 692w\" sizes=\"auto, (max-width: 696px) 100vw, 696px\" \/><\/li>\n<li>Br\u00fbleurs principaux(3) 6,9 kW avec tentes thermiques pour prot\u00e9ger des graisses. Ces br\u00fbleurs donnent \u00e9galement la saveur distinctive du barbecue.<img loading=\"lazy\" decoding=\"async\" class=\"alignnone wp-image-12743\" src=\"https:\/\/www.bulaoutdoor.nl\/wp-content\/uploads\/2021\/11\/buis-en-warmte-300x105.jpg\" alt=\"\" width=\"566\" height=\"198\" srcset=\"https:\/\/bulaoutdoor.nl\/wp-content\/uploads\/2021\/11\/buis-en-warmte-300x105.jpg 300w, https:\/\/bulaoutdoor.nl\/wp-content\/uploads\/2021\/11\/buis-en-warmte-416x146.jpg 416w, https:\/\/bulaoutdoor.nl\/wp-content\/uploads\/2021\/11\/buis-en-warmte.jpg 594w\" sizes=\"auto, (max-width: 566px) 100vw, 566px\" \/><\/li>\n<li>Cuvette de barbecue en aluminium moul\u00e9 Therma-Cast avec couvercle pour une excellente r\u00e9tention de la chaleur.<\/li>\n<li>Robinets \u00e0 gaz r\u00e9glables en continu et thermom\u00e8tre int\u00e9gr\u00e9.<\/li>\n<li>Tables d'appoint pliables en plastique pour un gain de place suppl\u00e9mentaire et un espace de rangement pour la bouteille de gaz.<\/li>\n<li>Dimensions totales : 122,5 x 53,3 x 108 cm avec une hauteur de travail de 90 cm. Facile \u00e0 d\u00e9placer gr\u00e2ce aux deux grandes roues.<\/li>\n<\/ul>\n<p>Broil King utilise diff\u00e9rentes techniques pour obtenir cette d\u00e9licieuse saveur de barbecue. Pour en savoir plus sur les caract\u00e9ristiques du barbecue \"BK\" de Broil King, cliquez ci-dessous.<\/p>\n<h4>Grilles de cuisson<\/h4>\n<p>Les grilles de cuisson en fonte sont sp\u00e9cialement con\u00e7ues pour conserver la chaleur. Les grilles ont deux c\u00f4t\u00e9s diff\u00e9rents. L'une d'elles est tranchante, ce qui permet de saisir de belles marques de steakhouse. L'autre c\u00f4t\u00e9 de la grille est rainur\u00e9, ce qui permet de griller la viande dans son propre jus. Ces grilles sont faciles \u00e0 nettoyer et ont un excellent pouvoir de saisie.<img loading=\"lazy\" decoding=\"async\" class=\"wp-image-12355 aligncenter\" src=\"https:\/\/www.bulaoutdoor.nl\/wp-content\/uploads\/2021\/09\/roosters2-300x227.jpg\" alt=\"\" width=\"430\" height=\"325\" srcset=\"https:\/\/bulaoutdoor.nl\/wp-content\/uploads\/2021\/09\/roosters2-300x227.jpg 300w, https:\/\/bulaoutdoor.nl\/wp-content\/uploads\/2021\/09\/roosters2-416x315.jpg 416w, https:\/\/bulaoutdoor.nl\/wp-content\/uploads\/2021\/09\/roosters2.jpg 500w\" sizes=\"auto, (max-width: 430px) 100vw, 430px\" \/><\/p>\n<h4><\/h4>\n<h4>Une temp\u00e9rature parfaite<\/h4>\n<p>Les robinets \u00e0 gaz Linear-Flow\u2122 sont con\u00e7us pour permettre un contr\u00f4le infini de la temp\u00e9rature. Gr\u00e2ce \u00e0 cette technique, vous pouvez saisir des steaks \u00e0 haute temp\u00e9rature ou faire cuire lentement des plats \u00e0 basse temp\u00e9rature. La temp\u00e9rature \u00e0 l'int\u00e9rieur du barbecue est facile \u00e0 lire sur le thermom\u00e8tre int\u00e9gr\u00e9.<\/p>\n<h4>Garantie<\/h4>\n<p><img loading=\"lazy\" decoding=\"async\" class=\"alignnone wp-image-12744\" src=\"https:\/\/www.bulaoutdoor.nl\/wp-content\/uploads\/2021\/11\/garantie-gem-bk-porta-300x161.jpg\" alt=\"\" width=\"487\" height=\"261\" srcset=\"https:\/\/bulaoutdoor.nl\/wp-content\/uploads\/2021\/11\/garantie-gem-bk-porta-300x161.jpg 300w, https:\/\/bulaoutdoor.nl\/wp-content\/uploads\/2021\/11\/garantie-gem-bk-porta-416x223.jpg 416w, https:\/\/bulaoutdoor.nl\/wp-content\/uploads\/2021\/11\/garantie-gem-bk-porta.jpg 486w\" sizes=\"auto, (max-width: 487px) 100vw, 487px\" \/><\/p>\n<p>Commandez d\u00e8s maintenant le BK 310 chez Bula outdoor, votre sp\u00e9cialiste en mati\u00e8re de bbq !<\/p>","protected":false},"excerpt":{"rendered":"<p>Le BK 310 compact de Broil King est l'option la moins ch\u00e8re de la gamme Broil King. Bien entendu, il b\u00e9n\u00e9ficie de la qualit\u00e9 Broil King bien connue.<\/p>","protected":false},"featured_media":12721,"comment_status":"open","ping_status":"closed","template":"","meta":{"_acf_changed":false},"product_brand":[],"product_cat":[784],"product_tag":[861,860],"class_list":{"0":"post-12720","1":"product","2":"type-product","3":"status-publish","4":"has-post-thumbnail","6":"product_cat-gem-compact","7":"product_tag-broil-king-barbecue-bk-310","8":"product_tag-broil-king-bbq-370932353","10":"first","11":"instock","12":"taxable","13":"shipping-taxable","14":"purchasable","15":"product-type-simple"},"acf":[],"yoast_head":"<!-- This site is optimized with the Yoast SEO plugin v27.6 - https:\/\/yoast.com\/product\/yoast-seo-wordpress\/ -->\n<title>BK 310 &#8211; Bula Outdoor<\/title>\n<meta name=\"robots\" content=\"index, follow, max-snippet:-1, max-image-preview:large, max-video-preview:-1\" \/>\n<link rel=\"canonical\" href=\"https:\/\/bulaoutdoor.nl\/fr\/produit\/bk-310\/\" \/>\n<meta property=\"og:locale\" content=\"fr_FR\" \/>\n<meta property=\"og:type\" content=\"article\" \/>\n<meta property=\"og:title\" content=\"BK 310 &#8211; Bula Outdoor\" \/>\n<meta property=\"og:description\" content=\"De compacte BK 310 van Broil King is de goedkoopste optie in het Broil king assortiment. Uiteraard met de bekende Broil King kwaliteit.\" \/>\n<meta property=\"og:url\" content=\"https:\/\/bulaoutdoor.nl\/fr\/produit\/bk-310\/\" \/>\n<meta property=\"og:site_name\" content=\"Bula Outdoor\" \/>\n<meta property=\"article:modified_time\" content=\"2023-04-12T14:10:11+00:00\" \/>\n<meta property=\"og:image\" content=\"https:\/\/bulaoutdoor.nl\/wp-content\/uploads\/2021\/11\/BK_BK-310_Front_01.png\" \/>\n\t<meta property=\"og:image:width\" content=\"842\" \/>\n\t<meta property=\"og:image:height\" content=\"842\" \/>\n\t<meta property=\"og:image:type\" content=\"image\/png\" \/>\n<meta name=\"twitter:card\" content=\"summary_large_image\" \/>\n<meta name=\"twitter:label1\" content=\"Dur\u00e9e de lecture estim\u00e9e\" \/>\n\t<meta name=\"twitter:data1\" content=\"3 minutes\" \/>\n<script type=\"application\/ld+json\" class=\"yoast-schema-graph\">{\"@context\":\"https:\\\/\\\/schema.org\",\"@graph\":[{\"@type\":\"WebPage\",\"@id\":\"https:\\\/\\\/bulaoutdoor.nl\\\/product\\\/bk-310\\\/\",\"url\":\"https:\\\/\\\/bulaoutdoor.nl\\\/product\\\/bk-310\\\/\",\"name\":\"BK 310 &#8211; Bula Outdoor\",\"isPartOf\":{\"@id\":\"https:\\\/\\\/bulaoutdoor.nl\\\/#website\"},\"primaryImageOfPage\":{\"@id\":\"https:\\\/\\\/bulaoutdoor.nl\\\/product\\\/bk-310\\\/#primaryimage\"},\"image\":{\"@id\":\"https:\\\/\\\/bulaoutdoor.nl\\\/product\\\/bk-310\\\/#primaryimage\"},\"thumbnailUrl\":\"https:\\\/\\\/bulaoutdoor.nl\\\/wp-content\\\/uploads\\\/2021\\\/11\\\/BK_BK-310_Front_01.png\",\"datePublished\":\"2021-11-18T10:57:19+00:00\",\"dateModified\":\"2023-04-12T14:10:11+00:00\",\"breadcrumb\":{\"@id\":\"https:\\\/\\\/bulaoutdoor.nl\\\/product\\\/bk-310\\\/#breadcrumb\"},\"inLanguage\":\"fr-FR\",\"potentialAction\":[{\"@type\":\"ReadAction\",\"target\":[\"https:\\\/\\\/bulaoutdoor.nl\\\/product\\\/bk-310\\\/\"]}]},{\"@type\":\"ImageObject\",\"inLanguage\":\"fr-FR\",\"@id\":\"https:\\\/\\\/bulaoutdoor.nl\\\/product\\\/bk-310\\\/#primaryimage\",\"url\":\"https:\\\/\\\/bulaoutdoor.nl\\\/wp-content\\\/uploads\\\/2021\\\/11\\\/BK_BK-310_Front_01.png\",\"contentUrl\":\"https:\\\/\\\/bulaoutdoor.nl\\\/wp-content\\\/uploads\\\/2021\\\/11\\\/BK_BK-310_Front_01.png\",\"width\":842,\"height\":842},{\"@type\":\"BreadcrumbList\",\"@id\":\"https:\\\/\\\/bulaoutdoor.nl\\\/product\\\/bk-310\\\/#breadcrumb\",\"itemListElement\":[{\"@type\":\"ListItem\",\"position\":1,\"name\":\"Home\",\"item\":\"https:\\\/\\\/bulaoutdoor.nl\\\/\"},{\"@type\":\"ListItem\",\"position\":2,\"name\":\"Online BBQ kopen\",\"item\":\"https:\\\/\\\/bulaoutdoor.nl\\\/\"},{\"@type\":\"ListItem\",\"position\":3,\"name\":\"BK 310\"}]},{\"@type\":\"WebSite\",\"@id\":\"https:\\\/\\\/bulaoutdoor.nl\\\/#website\",\"url\":\"https:\\\/\\\/bulaoutdoor.nl\\\/\",\"name\":\"Bula Outdoor\",\"description\":\"Voor uw buitenhaard, BBQ, tuinfakkel en houtoven\",\"publisher\":{\"@id\":\"https:\\\/\\\/bulaoutdoor.nl\\\/#organization\"},\"potentialAction\":[{\"@type\":\"SearchAction\",\"target\":{\"@type\":\"EntryPoint\",\"urlTemplate\":\"https:\\\/\\\/bulaoutdoor.nl\\\/?s={search_term_string}\"},\"query-input\":{\"@type\":\"PropertyValueSpecification\",\"valueRequired\":true,\"valueName\":\"search_term_string\"}}],\"inLanguage\":\"fr-FR\"},{\"@type\":\"Organization\",\"@id\":\"https:\\\/\\\/bulaoutdoor.nl\\\/#organization\",\"name\":\"Bula Outdoor\",\"url\":\"https:\\\/\\\/bulaoutdoor.nl\\\/\",\"logo\":{\"@type\":\"ImageObject\",\"inLanguage\":\"fr-FR\",\"@id\":\"https:\\\/\\\/bulaoutdoor.nl\\\/#\\\/schema\\\/logo\\\/image\\\/\",\"url\":\"https:\\\/\\\/www.bulaoutdoor.nl\\\/wp-content\\\/uploads\\\/2018\\\/04\\\/bulaoutdoor-logo.png\",\"contentUrl\":\"https:\\\/\\\/www.bulaoutdoor.nl\\\/wp-content\\\/uploads\\\/2018\\\/04\\\/bulaoutdoor-logo.png\",\"width\":324,\"height\":91,\"caption\":\"Bula Outdoor\"},\"image\":{\"@id\":\"https:\\\/\\\/bulaoutdoor.nl\\\/#\\\/schema\\\/logo\\\/image\\\/\"}}]}<\/script>\n<!-- \/ Yoast SEO plugin. -->","yoast_head_json":{"title":"BK 310 - Bula Outdoor","robots":{"index":"index","follow":"follow","max-snippet":"max-snippet:-1","max-image-preview":"max-image-preview:large","max-video-preview":"max-video-preview:-1"},"canonical":"https:\/\/bulaoutdoor.nl\/fr\/produit\/bk-310\/","og_locale":"fr_FR","og_type":"article","og_title":"BK 310 &#8211; Bula Outdoor","og_description":"De compacte BK 310 van Broil King is de goedkoopste optie in het Broil king assortiment. Uiteraard met de bekende Broil King kwaliteit.","og_url":"https:\/\/bulaoutdoor.nl\/fr\/produit\/bk-310\/","og_site_name":"Bula Outdoor","article_modified_time":"2023-04-12T14:10:11+00:00","og_image":[{"width":842,"height":842,"url":"https:\/\/bulaoutdoor.nl\/wp-content\/uploads\/2021\/11\/BK_BK-310_Front_01.png","type":"image\/png"}],"twitter_card":"summary_large_image","twitter_misc":{"Dur\u00e9e de lecture estim\u00e9e":"3 minutes"},"schema":{"@context":"https:\/\/schema.org","@graph":[{"@type":"WebPage","@id":"https:\/\/bulaoutdoor.nl\/product\/bk-310\/","url":"https:\/\/bulaoutdoor.nl\/product\/bk-310\/","name":"BK 310 - Bula Outdoor","isPartOf":{"@id":"https:\/\/bulaoutdoor.nl\/#website"},"primaryImageOfPage":{"@id":"https:\/\/bulaoutdoor.nl\/product\/bk-310\/#primaryimage"},"image":{"@id":"https:\/\/bulaoutdoor.nl\/product\/bk-310\/#primaryimage"},"thumbnailUrl":"https:\/\/bulaoutdoor.nl\/wp-content\/uploads\/2021\/11\/BK_BK-310_Front_01.png","datePublished":"2021-11-18T10:57:19+00:00","dateModified":"2023-04-12T14:10:11+00:00","breadcrumb":{"@id":"https:\/\/bulaoutdoor.nl\/product\/bk-310\/#breadcrumb"},"inLanguage":"fr-FR","potentialAction":[{"@type":"ReadAction","target":["https:\/\/bulaoutdoor.nl\/product\/bk-310\/"]}]},{"@type":"ImageObject","inLanguage":"fr-FR","@id":"https:\/\/bulaoutdoor.nl\/product\/bk-310\/#primaryimage","url":"https:\/\/bulaoutdoor.nl\/wp-content\/uploads\/2021\/11\/BK_BK-310_Front_01.png","contentUrl":"https:\/\/bulaoutdoor.nl\/wp-content\/uploads\/2021\/11\/BK_BK-310_Front_01.png","width":842,"height":842},{"@type":"BreadcrumbList","@id":"https:\/\/bulaoutdoor.nl\/product\/bk-310\/#breadcrumb","itemListElement":[{"@type":"ListItem","position":1,"name":"Home","item":"https:\/\/bulaoutdoor.nl\/"},{"@type":"ListItem","position":2,"name":"Online BBQ kopen","item":"https:\/\/bulaoutdoor.nl\/"},{"@type":"ListItem","position":3,"name":"BK 310"}]},{"@type":"WebSite","@id":"https:\/\/bulaoutdoor.nl\/#website","url":"https:\/\/bulaoutdoor.nl\/","name":"Bula Outdoor","description":"Pour votre chemin\u00e9e ext\u00e9rieure, votre barbecue, votre torche de jardin et votre four \u00e0 bois","publisher":{"@id":"https:\/\/bulaoutdoor.nl\/#organization"},"potentialAction":[{"@type":"SearchAction","target":{"@type":"EntryPoint","urlTemplate":"https:\/\/bulaoutdoor.nl\/?s={search_term_string}"},"query-input":{"@type":"PropertyValueSpecification","valueRequired":true,"valueName":"search_term_string"}}],"inLanguage":"fr-FR"},{"@type":"Organization","@id":"https:\/\/bulaoutdoor.nl\/#organization","name":"Bula Outdoor","url":"https:\/\/bulaoutdoor.nl\/","logo":{"@type":"ImageObject","inLanguage":"fr-FR","@id":"https:\/\/bulaoutdoor.nl\/#\/schema\/logo\/image\/","url":"https:\/\/www.bulaoutdoor.nl\/wp-content\/uploads\/2018\/04\/bulaoutdoor-logo.png","contentUrl":"https:\/\/www.bulaoutdoor.nl\/wp-content\/uploads\/2018\/04\/bulaoutdoor-logo.png","width":324,"height":91,"caption":"Bula Outdoor"},"image":{"@id":"https:\/\/bulaoutdoor.nl\/#\/schema\/logo\/image\/"}}]}},"jetpack_sharing_enabled":true,"_links":{"self":[{"href":"https:\/\/bulaoutdoor.nl\/fr\/wp-json\/wp\/v2\/product\/12720","targetHints":{"allow":["GET"]}}],"collection":[{"href":"https:\/\/bulaoutdoor.nl\/fr\/wp-json\/wp\/v2\/product"}],"about":[{"href":"https:\/\/bulaoutdoor.nl\/fr\/wp-json\/wp\/v2\/types\/product"}],"replies":[{"embeddable":true,"href":"https:\/\/bulaoutdoor.nl\/fr\/wp-json\/wp\/v2\/comments?post=12720"}],"wp:featuredmedia":[{"embeddable":true,"href":"https:\/\/bulaoutdoor.nl\/fr\/wp-json\/wp\/v2\/media\/12721"}],"wp:attachment":[{"href":"https:\/\/bulaoutdoor.nl\/fr\/wp-json\/wp\/v2\/media?parent=12720"}],"wp:term":[{"taxonomy":"product_brand","embeddable":true,"href":"https:\/\/bulaoutdoor.nl\/fr\/wp-json\/wp\/v2\/product_brand?post=12720"},{"taxonomy":"product_cat","embeddable":true,"href":"https:\/\/bulaoutdoor.nl\/fr\/wp-json\/wp\/v2\/product_cat?post=12720"},{"taxonomy":"product_tag","embeddable":true,"href":"https:\/\/bulaoutdoor.nl\/fr\/wp-json\/wp\/v2\/product_tag?post=12720"}],"curies":[{"name":"wp","href":"https:\/\/api.w.org\/{rel}","templated":true}]}}