{"id":12784,"date":"2021-11-22T11:36:31","date_gmt":"2021-11-22T11:36:31","guid":{"rendered":"https:\/\/www.bulaoutdoor.nl\/?post_type=product&#038;p=12784"},"modified":"2026-02-20T20:34:14","modified_gmt":"2026-02-20T20:34:14","slug":"four-hollandais-45-qt","status":"publish","type":"product","link":"https:\/\/bulaoutdoor.nl\/fr\/product\/dutch-oven-45-qt\/","title":{"rendered":"Four hollandais 4.5 Qt"},"content":{"rendered":"<h2>Le four hollandais Windmill 4.5 Qt 3.8 litres<\/h2>\n<p>D\u00e9couvrez la polyvalence de notre four hollandais, une invention hollandaise ing\u00e9nieuse. Cette po\u00eale en fonte multifonctionnelle tire son nom de sa capacit\u00e9 \u00e0 \u00eatre chauff\u00e9e \u00e0 la fois par le haut et par le bas, ce qui en fait un four parfait pour une utilisation avec du bois, du charbon de bois ou des briquettes. Fabriqu\u00e9e enti\u00e8rement en fonte durable, cette po\u00eale peut \u00eatre utilis\u00e9e sur n'importe quelle source de chaleur.<\/p>\n<p>Le four hollandais est id\u00e9al pour la cuisson, le r\u00f4tissage, les rago\u00fbts, les tartes, les brownies, les rago\u00fbts et m\u00eame les boules d'huile. Les pieds pratiques du couvercle permettent de le retourner et de l'utiliser comme plaque de cuisson, id\u00e9ale pour pr\u00e9parer des pizzas. De plus, gr\u00e2ce aux pieds, vous pouvez empiler plusieurs fours hollandais et les faire chauffer simultan\u00e9ment. Vous pouvez \u00e9galement placer une po\u00eale en fonte ou une po\u00eale \u00e0 barbecue sur le four hollandais pour plus d'options de cuisson.<\/p>\n<p>Ce four hollandais est pr\u00e9-assaisonn\u00e9 pour une utilisation imm\u00e9diate et comporte des pieds extra-hauts pour le placer sur des briquettes. Le couvercle est \u00e9galement dot\u00e9 de pieds sur\u00e9lev\u00e9s, ce qui lui permet de servir de po\u00eale. Convient pour 1 \u00e0 3 personnes et est compatible avec le syst\u00e8me GBS de Weber. Notre four hollandais convient au gaz, au feu ouvert et au barbecue, ce qui en fait le choix id\u00e9al pour tous les amateurs de cuisine.<\/p>\n<p>Sp\u00e9cifications :<\/p>\n<ul>\n<li>Poids : 6000 grammes<\/li>\n<li>\u00d8 de la casserole : 255 mm<\/li>\n<li>Poign\u00e9es : 2\u00d720 mm<\/li>\n<li>\u00d8 total : 295 mm<\/li>\n<li>Hauteur de la casserole sans couvercle : 130 mm<\/li>\n<li>Hauteur du couvercle : 45 mm<\/li>\n<li>Hauteur totale : 165 mm<\/li>\n<li>Capacit\u00e9 : 3,8 litres<\/li>\n<\/ul>\n<p>Caract\u00e9ristiques :<\/p>\n<ul>\n<li>Pr\u00e9-saisonn\u00e9<\/li>\n<li>Pieds extra hauts pour placer le four hollandais sur les briquettes<\/li>\n<li>Pieds extra hauts sur le couvercle pour utilisation comme po\u00eale \u00e0 frire<\/li>\n<li>Convient pour 1-3 personnes<\/li>\n<li>Convient au syst\u00e8me Weber GBS<\/li>\n<li>Convient pour le gaz, le feu ouvert et le barbecue<\/li>\n<\/ul>\n<p><iframe loading=\"lazy\" title=\"Four hollandais - The Windmill Cast Iron\" width=\"980\" height=\"551\" src=\"https:\/\/www.youtube.com\/embed\/zGJ_LF-Gcyg?start=5&#038;feature=oembed&#038;enablejsapi=1&#038;origin=https:\/\/bulaoutdoor.nl\" frameborder=\"0\" allow=\"accelerometer; autoplay; clipboard-write; encrypted-media; gyroscope; picture-in-picture; web-share\" allowfullscreen><\/iframe><\/p>\n<p>Commandez le four hollandais 4.5 Qt directement aupr\u00e8s de Bula Outdoor, votre fournisseur de produits de sant\u00e9. <a href=\"https:\/\/bulaoutdoor.nl\/fr\/categorie-de-produits\/ustensiles-de-cuisine-pour-lexterieur\/\">Cuisine en plein air<\/a>\u00a0sp\u00e9cialiste.<\/p>","protected":false},"excerpt":{"rendered":"<p>Four hollandaisTWM009 | 3.8 L<\/p>","protected":false},"featured_media":34028,"comment_status":"open","ping_status":"closed","template":"","meta":{"_acf_changed":false},"product_brand":[],"product_cat":[26],"product_tag":[43,87,78,79,81],"class_list":{"0":"post-12784","1":"product","2":"type-product","3":"status-publish","4":"has-post-thumbnail","6":"product_cat-outdoor-kookset","7":"product_tag-bbq","8":"product_tag-gietijzer","9":"product_tag-gietijzeren","10":"product_tag-pan","11":"product_tag-windmill","13":"first","14":"instock","15":"sale","16":"taxable","17":"shipping-taxable","18":"purchasable","19":"product-type-simple"},"acf":[],"yoast_head":"<!-- This site is optimized with the Yoast SEO plugin v27.3 - https:\/\/yoast.com\/product\/yoast-seo-wordpress\/ -->\n<title>Dutch Oven 4,5 Qt &#8211; Bula Outdoor<\/title>\n<meta name=\"description\" content=\"Gietijzeren BBQ Pan met deksel 195\u00f8, geschikt voor op de BBQ, in de oven, op het fornuis of in de houtoven. Voor stoven of bakken.\" \/>\n<meta name=\"robots\" content=\"index, follow, max-snippet:-1, max-image-preview:large, max-video-preview:-1\" \/>\n<link rel=\"canonical\" href=\"https:\/\/bulaoutdoor.nl\/fr\/produit\/four-hollandais-45-qt\/\" \/>\n<meta property=\"og:locale\" content=\"fr_FR\" \/>\n<meta property=\"og:type\" content=\"article\" \/>\n<meta property=\"og:title\" content=\"Dutch Oven 4,5 Qt &#8211; Bula Outdoor\" \/>\n<meta property=\"og:description\" content=\"Gietijzeren BBQ Pan met deksel 195\u00f8, geschikt voor op de BBQ, in de oven, op het fornuis of in de houtoven. Voor stoven of bakken.\" \/>\n<meta property=\"og:url\" content=\"https:\/\/bulaoutdoor.nl\/fr\/produit\/four-hollandais-45-qt\/\" \/>\n<meta property=\"og:site_name\" content=\"Bula Outdoor\" \/>\n<meta property=\"article:modified_time\" content=\"2026-02-20T20:34:14+00:00\" \/>\n<meta property=\"og:image\" content=\"https:\/\/bulaoutdoor.nl\/wp-content\/uploads\/2021\/11\/Dutch-Oven-45-Qt-2.jpg\" \/>\n\t<meta property=\"og:image:width\" content=\"900\" \/>\n\t<meta property=\"og:image:height\" content=\"900\" \/>\n\t<meta property=\"og:image:type\" content=\"image\/jpeg\" \/>\n<meta name=\"twitter:card\" content=\"summary_large_image\" \/>\n<meta name=\"twitter:label1\" content=\"Dur\u00e9e de lecture estim\u00e9e\" \/>\n\t<meta name=\"twitter:data1\" content=\"2 minutes\" \/>\n<script type=\"application\/ld+json\" class=\"yoast-schema-graph\">{\"@context\":\"https:\\\/\\\/schema.org\",\"@graph\":[{\"@type\":\"WebPage\",\"@id\":\"https:\\\/\\\/bulaoutdoor.nl\\\/product\\\/dutch-oven-45-qt\\\/\",\"url\":\"https:\\\/\\\/bulaoutdoor.nl\\\/product\\\/dutch-oven-45-qt\\\/\",\"name\":\"Dutch Oven 4,5 Qt &#8211; Bula Outdoor\",\"isPartOf\":{\"@id\":\"https:\\\/\\\/bulaoutdoor.nl\\\/#website\"},\"primaryImageOfPage\":{\"@id\":\"https:\\\/\\\/bulaoutdoor.nl\\\/product\\\/dutch-oven-45-qt\\\/#primaryimage\"},\"image\":{\"@id\":\"https:\\\/\\\/bulaoutdoor.nl\\\/product\\\/dutch-oven-45-qt\\\/#primaryimage\"},\"thumbnailUrl\":\"https:\\\/\\\/bulaoutdoor.nl\\\/wp-content\\\/uploads\\\/2021\\\/11\\\/Dutch-Oven-45-Qt-2.jpg\",\"datePublished\":\"2021-11-22T11:36:31+00:00\",\"dateModified\":\"2026-02-20T20:34:14+00:00\",\"description\":\"Gietijzeren BBQ Pan met deksel 195\u00f8, geschikt voor op de BBQ, in de oven, op het fornuis of in de houtoven. Voor stoven of bakken.\",\"breadcrumb\":{\"@id\":\"https:\\\/\\\/bulaoutdoor.nl\\\/product\\\/dutch-oven-45-qt\\\/#breadcrumb\"},\"inLanguage\":\"fr-FR\",\"potentialAction\":[{\"@type\":\"ReadAction\",\"target\":[\"https:\\\/\\\/bulaoutdoor.nl\\\/product\\\/dutch-oven-45-qt\\\/\"]}]},{\"@type\":\"ImageObject\",\"inLanguage\":\"fr-FR\",\"@id\":\"https:\\\/\\\/bulaoutdoor.nl\\\/product\\\/dutch-oven-45-qt\\\/#primaryimage\",\"url\":\"https:\\\/\\\/bulaoutdoor.nl\\\/wp-content\\\/uploads\\\/2021\\\/11\\\/Dutch-Oven-45-Qt-2.jpg\",\"contentUrl\":\"https:\\\/\\\/bulaoutdoor.nl\\\/wp-content\\\/uploads\\\/2021\\\/11\\\/Dutch-Oven-45-Qt-2.jpg\",\"width\":900,\"height\":900},{\"@type\":\"BreadcrumbList\",\"@id\":\"https:\\\/\\\/bulaoutdoor.nl\\\/product\\\/dutch-oven-45-qt\\\/#breadcrumb\",\"itemListElement\":[{\"@type\":\"ListItem\",\"position\":1,\"name\":\"Home\",\"item\":\"https:\\\/\\\/bulaoutdoor.nl\\\/\"},{\"@type\":\"ListItem\",\"position\":2,\"name\":\"Online BBQ kopen\",\"item\":\"https:\\\/\\\/bulaoutdoor.nl\\\/\"},{\"@type\":\"ListItem\",\"position\":3,\"name\":\"Dutch Oven 4,5 Qt\"}]},{\"@type\":\"WebSite\",\"@id\":\"https:\\\/\\\/bulaoutdoor.nl\\\/#website\",\"url\":\"https:\\\/\\\/bulaoutdoor.nl\\\/\",\"name\":\"Bula Outdoor\",\"description\":\"Voor uw buitenhaard, BBQ, tuinfakkel en houtoven\",\"publisher\":{\"@id\":\"https:\\\/\\\/bulaoutdoor.nl\\\/#organization\"},\"potentialAction\":[{\"@type\":\"SearchAction\",\"target\":{\"@type\":\"EntryPoint\",\"urlTemplate\":\"https:\\\/\\\/bulaoutdoor.nl\\\/?s={search_term_string}\"},\"query-input\":{\"@type\":\"PropertyValueSpecification\",\"valueRequired\":true,\"valueName\":\"search_term_string\"}}],\"inLanguage\":\"fr-FR\"},{\"@type\":\"Organization\",\"@id\":\"https:\\\/\\\/bulaoutdoor.nl\\\/#organization\",\"name\":\"Bula Outdoor\",\"url\":\"https:\\\/\\\/bulaoutdoor.nl\\\/\",\"logo\":{\"@type\":\"ImageObject\",\"inLanguage\":\"fr-FR\",\"@id\":\"https:\\\/\\\/bulaoutdoor.nl\\\/#\\\/schema\\\/logo\\\/image\\\/\",\"url\":\"https:\\\/\\\/www.bulaoutdoor.nl\\\/wp-content\\\/uploads\\\/2018\\\/04\\\/bulaoutdoor-logo.png\",\"contentUrl\":\"https:\\\/\\\/www.bulaoutdoor.nl\\\/wp-content\\\/uploads\\\/2018\\\/04\\\/bulaoutdoor-logo.png\",\"width\":324,\"height\":91,\"caption\":\"Bula Outdoor\"},\"image\":{\"@id\":\"https:\\\/\\\/bulaoutdoor.nl\\\/#\\\/schema\\\/logo\\\/image\\\/\"}}]}<\/script>\n<!-- \/ Yoast SEO plugin. -->","yoast_head_json":{"title":"Four hollandais 4.5 Qt - Bula Outdoor","description":"Po\u00eale en fonte pour barbecue avec couvercle 195\u00f8, convient pour le barbecue, le four, la cuisini\u00e8re ou le four \u00e0 bois. Pour la cuisson \u00e0 l'\u00e9touff\u00e9e ou au four.","robots":{"index":"index","follow":"follow","max-snippet":"max-snippet:-1","max-image-preview":"max-image-preview:large","max-video-preview":"max-video-preview:-1"},"canonical":"https:\/\/bulaoutdoor.nl\/fr\/produit\/four-hollandais-45-qt\/","og_locale":"fr_FR","og_type":"article","og_title":"Dutch Oven 4,5 Qt &#8211; Bula Outdoor","og_description":"Gietijzeren BBQ Pan met deksel 195\u00f8, geschikt voor op de BBQ, in de oven, op het fornuis of in de houtoven. Voor stoven of bakken.","og_url":"https:\/\/bulaoutdoor.nl\/fr\/produit\/four-hollandais-45-qt\/","og_site_name":"Bula Outdoor","article_modified_time":"2026-02-20T20:34:14+00:00","og_image":[{"width":900,"height":900,"url":"https:\/\/bulaoutdoor.nl\/wp-content\/uploads\/2021\/11\/Dutch-Oven-45-Qt-2.jpg","type":"image\/jpeg"}],"twitter_card":"summary_large_image","twitter_misc":{"Dur\u00e9e de lecture estim\u00e9e":"2 minutes"},"schema":{"@context":"https:\/\/schema.org","@graph":[{"@type":"WebPage","@id":"https:\/\/bulaoutdoor.nl\/product\/dutch-oven-45-qt\/","url":"https:\/\/bulaoutdoor.nl\/product\/dutch-oven-45-qt\/","name":"Four hollandais 4.5 Qt - Bula Outdoor","isPartOf":{"@id":"https:\/\/bulaoutdoor.nl\/#website"},"primaryImageOfPage":{"@id":"https:\/\/bulaoutdoor.nl\/product\/dutch-oven-45-qt\/#primaryimage"},"image":{"@id":"https:\/\/bulaoutdoor.nl\/product\/dutch-oven-45-qt\/#primaryimage"},"thumbnailUrl":"https:\/\/bulaoutdoor.nl\/wp-content\/uploads\/2021\/11\/Dutch-Oven-45-Qt-2.jpg","datePublished":"2021-11-22T11:36:31+00:00","dateModified":"2026-02-20T20:34:14+00:00","description":"Po\u00eale en fonte pour barbecue avec couvercle 195\u00f8, convient pour le barbecue, le four, la cuisini\u00e8re ou le four \u00e0 bois. Pour la cuisson \u00e0 l'\u00e9touff\u00e9e ou au four.","breadcrumb":{"@id":"https:\/\/bulaoutdoor.nl\/product\/dutch-oven-45-qt\/#breadcrumb"},"inLanguage":"fr-FR","potentialAction":[{"@type":"ReadAction","target":["https:\/\/bulaoutdoor.nl\/product\/dutch-oven-45-qt\/"]}]},{"@type":"ImageObject","inLanguage":"fr-FR","@id":"https:\/\/bulaoutdoor.nl\/product\/dutch-oven-45-qt\/#primaryimage","url":"https:\/\/bulaoutdoor.nl\/wp-content\/uploads\/2021\/11\/Dutch-Oven-45-Qt-2.jpg","contentUrl":"https:\/\/bulaoutdoor.nl\/wp-content\/uploads\/2021\/11\/Dutch-Oven-45-Qt-2.jpg","width":900,"height":900},{"@type":"BreadcrumbList","@id":"https:\/\/bulaoutdoor.nl\/product\/dutch-oven-45-qt\/#breadcrumb","itemListElement":[{"@type":"ListItem","position":1,"name":"Home","item":"https:\/\/bulaoutdoor.nl\/"},{"@type":"ListItem","position":2,"name":"Online BBQ kopen","item":"https:\/\/bulaoutdoor.nl\/"},{"@type":"ListItem","position":3,"name":"Dutch Oven 4,5 Qt"}]},{"@type":"WebSite","@id":"https:\/\/bulaoutdoor.nl\/#website","url":"https:\/\/bulaoutdoor.nl\/","name":"Bula Outdoor","description":"Pour votre chemin\u00e9e ext\u00e9rieure, votre barbecue, votre torche de jardin et votre four \u00e0 bois","publisher":{"@id":"https:\/\/bulaoutdoor.nl\/#organization"},"potentialAction":[{"@type":"SearchAction","target":{"@type":"EntryPoint","urlTemplate":"https:\/\/bulaoutdoor.nl\/?s={search_term_string}"},"query-input":{"@type":"PropertyValueSpecification","valueRequired":true,"valueName":"search_term_string"}}],"inLanguage":"fr-FR"},{"@type":"Organization","@id":"https:\/\/bulaoutdoor.nl\/#organization","name":"Bula Outdoor","url":"https:\/\/bulaoutdoor.nl\/","logo":{"@type":"ImageObject","inLanguage":"fr-FR","@id":"https:\/\/bulaoutdoor.nl\/#\/schema\/logo\/image\/","url":"https:\/\/www.bulaoutdoor.nl\/wp-content\/uploads\/2018\/04\/bulaoutdoor-logo.png","contentUrl":"https:\/\/www.bulaoutdoor.nl\/wp-content\/uploads\/2018\/04\/bulaoutdoor-logo.png","width":324,"height":91,"caption":"Bula Outdoor"},"image":{"@id":"https:\/\/bulaoutdoor.nl\/#\/schema\/logo\/image\/"}}]}},"jetpack_sharing_enabled":true,"_links":{"self":[{"href":"https:\/\/bulaoutdoor.nl\/fr\/wp-json\/wp\/v2\/product\/12784","targetHints":{"allow":["GET"]}}],"collection":[{"href":"https:\/\/bulaoutdoor.nl\/fr\/wp-json\/wp\/v2\/product"}],"about":[{"href":"https:\/\/bulaoutdoor.nl\/fr\/wp-json\/wp\/v2\/types\/product"}],"replies":[{"embeddable":true,"href":"https:\/\/bulaoutdoor.nl\/fr\/wp-json\/wp\/v2\/comments?post=12784"}],"wp:featuredmedia":[{"embeddable":true,"href":"https:\/\/bulaoutdoor.nl\/fr\/wp-json\/wp\/v2\/media\/34028"}],"wp:attachment":[{"href":"https:\/\/bulaoutdoor.nl\/fr\/wp-json\/wp\/v2\/media?parent=12784"}],"wp:term":[{"taxonomy":"product_brand","embeddable":true,"href":"https:\/\/bulaoutdoor.nl\/fr\/wp-json\/wp\/v2\/product_brand?post=12784"},{"taxonomy":"product_cat","embeddable":true,"href":"https:\/\/bulaoutdoor.nl\/fr\/wp-json\/wp\/v2\/product_cat?post=12784"},{"taxonomy":"product_tag","embeddable":true,"href":"https:\/\/bulaoutdoor.nl\/fr\/wp-json\/wp\/v2\/product_tag?post=12784"}],"curies":[{"name":"wp","href":"https:\/\/api.w.org\/{rel}","templated":true}]}}