{"id":12808,"date":"2022-01-27T11:12:48","date_gmt":"2022-01-27T11:12:48","guid":{"rendered":"https:\/\/www.bulaoutdoor.nl\/?post_type=product&#038;p=12808"},"modified":"2022-02-03T10:41:03","modified_gmt":"2022-02-03T10:41:03","slug":"regal-pellet-500","status":"publish","type":"product","link":"https:\/\/bulaoutdoor.nl\/fr\/product\/regal-pellet-500\/","title":{"rendered":"Regal Pellet 500"},"content":{"rendered":"<p>La gamme de barbecues haute technologie de Broil King est synonyme de commodit\u00e9 et d'innovation. Le confort du barbecue gr\u00e2ce \u00e0 la technologie la plus r\u00e9cente. Fumer, r\u00f4tir et griller avec une temp\u00e9rature stable d'une simple pression sur un bouton. Contr\u00f4le et surveillance \u00e0 distance via une application par le biais d'une connexion Wifi ou Bluetooth.<\/p>\n<ul>\n<li>Surface de r\u00f4tissage de 81 x 49 cm dans un four avec grilles de r\u00f4tissage en fonte.<img loading=\"lazy\" decoding=\"async\" class=\"alignnone wp-image-12874\" src=\"https:\/\/www.bulaoutdoor.nl\/wp-content\/uploads\/2021\/11\/Rooster-regal-pellet-500-300x179.jpg\" alt=\"grille\" width=\"707\" height=\"422\" srcset=\"https:\/\/bulaoutdoor.nl\/wp-content\/uploads\/2021\/11\/Rooster-regal-pellet-500-300x179.jpg 300w, https:\/\/bulaoutdoor.nl\/wp-content\/uploads\/2021\/11\/Rooster-regal-pellet-500-768x459.jpg 768w, https:\/\/bulaoutdoor.nl\/wp-content\/uploads\/2021\/11\/Rooster-regal-pellet-500-416x248.jpg 416w, https:\/\/bulaoutdoor.nl\/wp-content\/uploads\/2021\/11\/Rooster-regal-pellet-500.jpg 829w\" sizes=\"auto, (max-width: 707px) 100vw, 707px\" \/><\/li>\n<li>Acier de 2 mm d'\u00e9paisseur pour une excellente r\u00e9tention de la chaleur, vous permettant de cuisiner de mani\u00e8re uniforme et efficace.<\/li>\n<li>Couvercle en acier \u00e9pais \u00e0 double paroi pour une excellente \u00e9tanch\u00e9it\u00e9.<\/li>\n<li>Finition avec une peinture durable r\u00e9sistante \u00e0 la chaleur.<\/li>\n<li>Chemin\u00e9e de grand diam\u00e8tre avec contr\u00f4le de l'air.<\/li>\n<li>Deux roues robustes d'un diam\u00e8tre de 20,3 cm<\/li>\n<li><img loading=\"lazy\" decoding=\"async\" class=\"alignnone wp-image-12889\" src=\"https:\/\/www.bulaoutdoor.nl\/wp-content\/uploads\/2021\/11\/regal-pellet-spit-en-wiel-300x107.jpg\" alt=\"\" width=\"606\" height=\"216\" \/>Broche \u00e9lectrique et deux sondes \u00e9lectroniques pour v\u00e9rifier la temp\u00e9rature \u00e0 c\u0153ur des aliments.<\/li>\n<li>Les granul\u00e9s de bois donnent \u00e0 vos aliments une agr\u00e9able saveur fum\u00e9e.<\/li>\n<li>Table d'appoint amovible en acier inoxydable avec d\u00e9capsuleur.<\/li>\n<\/ul>\n<p><img loading=\"lazy\" decoding=\"async\" class=\"alignnone wp-image-12887\" src=\"https:\/\/www.bulaoutdoor.nl\/wp-content\/uploads\/2021\/11\/regal-pellet-verhaal2-1-300x115.jpg\" alt=\"\" width=\"687\" height=\"263\" srcset=\"https:\/\/bulaoutdoor.nl\/wp-content\/uploads\/2021\/11\/regal-pellet-verhaal2-1-300x115.jpg 300w, https:\/\/bulaoutdoor.nl\/wp-content\/uploads\/2021\/11\/regal-pellet-verhaal2-1-416x160.jpg 416w, https:\/\/bulaoutdoor.nl\/wp-content\/uploads\/2021\/11\/regal-pellet-verhaal2-1.jpg 868w\" sizes=\"auto, (max-width: 687px) 100vw, 687px\" \/><img loading=\"lazy\" decoding=\"async\" class=\"wp-image-12888 size-medium alignright\" src=\"https:\/\/www.bulaoutdoor.nl\/wp-content\/uploads\/2021\/11\/regal-pellet-verhaal1-1-300x120.jpg\" alt=\"\" width=\"300\" height=\"120\" srcset=\"https:\/\/bulaoutdoor.nl\/wp-content\/uploads\/2021\/11\/regal-pellet-verhaal1-1-300x120.jpg 300w, https:\/\/bulaoutdoor.nl\/wp-content\/uploads\/2021\/11\/regal-pellet-verhaal1-1-416x166.jpg 416w, https:\/\/bulaoutdoor.nl\/wp-content\/uploads\/2021\/11\/regal-pellet-verhaal1-1.jpg 700w\" sizes=\"auto, (max-width: 300px) 100vw, 300px\" \/><img loading=\"lazy\" decoding=\"async\" class=\"size-medium wp-image-12879 alignleft\" src=\"https:\/\/www.bulaoutdoor.nl\/wp-content\/uploads\/2021\/11\/regal-pellet-verhaal3-300x118.jpg\" alt=\"\" width=\"300\" height=\"118\" srcset=\"https:\/\/bulaoutdoor.nl\/wp-content\/uploads\/2021\/11\/regal-pellet-verhaal3-300x118.jpg 300w, https:\/\/bulaoutdoor.nl\/wp-content\/uploads\/2021\/11\/regal-pellet-verhaal3-416x163.jpg 416w, https:\/\/bulaoutdoor.nl\/wp-content\/uploads\/2021\/11\/regal-pellet-verhaal3.jpg 728w\" sizes=\"auto, (max-width: 300px) 100vw, 300px\" \/> <img loading=\"lazy\" decoding=\"async\" class=\"size-medium wp-image-12880 alignright\" src=\"https:\/\/www.bulaoutdoor.nl\/wp-content\/uploads\/2021\/11\/regal-pellet-verhaal4-300x118.jpg\" alt=\"\" width=\"300\" height=\"118\" srcset=\"https:\/\/bulaoutdoor.nl\/wp-content\/uploads\/2021\/11\/regal-pellet-verhaal4-300x118.jpg 300w, https:\/\/bulaoutdoor.nl\/wp-content\/uploads\/2021\/11\/regal-pellet-verhaal4-416x163.jpg 416w, https:\/\/bulaoutdoor.nl\/wp-content\/uploads\/2021\/11\/regal-pellet-verhaal4.jpg 728w\" sizes=\"auto, (max-width: 300px) 100vw, 300px\" \/><img loading=\"lazy\" decoding=\"async\" class=\"size-medium wp-image-12881 alignleft\" src=\"https:\/\/www.bulaoutdoor.nl\/wp-content\/uploads\/2021\/11\/regal-pellet-verhaal5-300x118.jpg\" alt=\"\" width=\"300\" height=\"118\" srcset=\"https:\/\/bulaoutdoor.nl\/wp-content\/uploads\/2021\/11\/regal-pellet-verhaal5-300x118.jpg 300w, https:\/\/bulaoutdoor.nl\/wp-content\/uploads\/2021\/11\/regal-pellet-verhaal5-416x163.jpg 416w, https:\/\/bulaoutdoor.nl\/wp-content\/uploads\/2021\/11\/regal-pellet-verhaal5.jpg 728w\" sizes=\"auto, (max-width: 300px) 100vw, 300px\" \/> <img loading=\"lazy\" decoding=\"async\" class=\"size-medium wp-image-12882 alignright\" src=\"https:\/\/www.bulaoutdoor.nl\/wp-content\/uploads\/2021\/11\/regal-pellet-verhaal6-300x118.jpg\" alt=\"\" width=\"300\" height=\"118\" srcset=\"https:\/\/bulaoutdoor.nl\/wp-content\/uploads\/2021\/11\/regal-pellet-verhaal6-300x118.jpg 300w, https:\/\/bulaoutdoor.nl\/wp-content\/uploads\/2021\/11\/regal-pellet-verhaal6-416x163.jpg 416w, https:\/\/bulaoutdoor.nl\/wp-content\/uploads\/2021\/11\/regal-pellet-verhaal6.jpg 728w\" sizes=\"auto, (max-width: 300px) 100vw, 300px\" \/> <img loading=\"lazy\" decoding=\"async\" class=\"alignnone size-medium wp-image-12885\" src=\"https:\/\/www.bulaoutdoor.nl\/wp-content\/uploads\/2021\/11\/regal-pellet-verhaal9-232zoom-300x125.jpg\" alt=\"\" width=\"300\" height=\"125\" srcset=\"https:\/\/bulaoutdoor.nl\/wp-content\/uploads\/2021\/11\/regal-pellet-verhaal9-232zoom-300x125.jpg 300w, https:\/\/bulaoutdoor.nl\/wp-content\/uploads\/2021\/11\/regal-pellet-verhaal9-232zoom-416x174.jpg 416w, https:\/\/bulaoutdoor.nl\/wp-content\/uploads\/2021\/11\/regal-pellet-verhaal9-232zoom.jpg 685w\" sizes=\"auto, (max-width: 300px) 100vw, 300px\" \/> <img loading=\"lazy\" decoding=\"async\" class=\"size-medium wp-image-12886 alignright\" src=\"https:\/\/www.bulaoutdoor.nl\/wp-content\/uploads\/2021\/11\/regal-pellet-verhaal10-232zoom-300x125.jpg\" alt=\"\" width=\"300\" height=\"125\" srcset=\"https:\/\/bulaoutdoor.nl\/wp-content\/uploads\/2021\/11\/regal-pellet-verhaal10-232zoom-300x125.jpg 300w, https:\/\/bulaoutdoor.nl\/wp-content\/uploads\/2021\/11\/regal-pellet-verhaal10-232zoom-416x173.jpg 416w, https:\/\/bulaoutdoor.nl\/wp-content\/uploads\/2021\/11\/regal-pellet-verhaal10-232zoom.jpg 687w\" sizes=\"auto, (max-width: 300px) 100vw, 300px\" \/><\/p>\n<p><img loading=\"lazy\" decoding=\"async\" class=\"alignnone wp-image-12883\" src=\"https:\/\/www.bulaoutdoor.nl\/wp-content\/uploads\/2021\/11\/regal-pellet-verhaal7-232zoom-300x147.jpg\" alt=\"\" width=\"258\" height=\"126\" srcset=\"https:\/\/bulaoutdoor.nl\/wp-content\/uploads\/2021\/11\/regal-pellet-verhaal7-232zoom-300x147.jpg 300w, https:\/\/bulaoutdoor.nl\/wp-content\/uploads\/2021\/11\/regal-pellet-verhaal7-232zoom-416x204.jpg 416w, https:\/\/bulaoutdoor.nl\/wp-content\/uploads\/2021\/11\/regal-pellet-verhaal7-232zoom.jpg 584w\" sizes=\"auto, (max-width: 258px) 100vw, 258px\" \/><img loading=\"lazy\" decoding=\"async\" class=\"size-medium wp-image-12884 alignright\" src=\"https:\/\/www.bulaoutdoor.nl\/wp-content\/uploads\/2021\/11\/regal-pellet-verhaal8-232zoom-300x125.jpg\" alt=\"\" width=\"300\" height=\"125\" srcset=\"https:\/\/bulaoutdoor.nl\/wp-content\/uploads\/2021\/11\/regal-pellet-verhaal8-232zoom-300x125.jpg 300w, https:\/\/bulaoutdoor.nl\/wp-content\/uploads\/2021\/11\/regal-pellet-verhaal8-232zoom-416x174.jpg 416w, https:\/\/bulaoutdoor.nl\/wp-content\/uploads\/2021\/11\/regal-pellet-verhaal8-232zoom.jpg 685w\" sizes=\"auto, (max-width: 300px) 100vw, 300px\" \/><img loading=\"lazy\" decoding=\"async\" class=\"alignnone wp-image-12877\" src=\"https:\/\/www.bulaoutdoor.nl\/wp-content\/uploads\/2021\/11\/regal-en-crown-tempsetting-300x80.jpg\" alt=\"\" width=\"911\" height=\"243\" srcset=\"https:\/\/bulaoutdoor.nl\/wp-content\/uploads\/2021\/11\/regal-en-crown-tempsetting-300x80.jpg 300w, https:\/\/bulaoutdoor.nl\/wp-content\/uploads\/2021\/11\/regal-en-crown-tempsetting-768x204.jpg 768w, https:\/\/bulaoutdoor.nl\/wp-content\/uploads\/2021\/11\/regal-en-crown-tempsetting-416x111.jpg 416w, https:\/\/bulaoutdoor.nl\/wp-content\/uploads\/2021\/11\/regal-en-crown-tempsetting.jpg 816w\" sizes=\"auto, (max-width: 911px) 100vw, 911px\" \/><\/p>\n<p><img loading=\"lazy\" decoding=\"async\" class=\"alignnone wp-image-12876\" src=\"https:\/\/www.bulaoutdoor.nl\/wp-content\/uploads\/2021\/11\/regal-pellet-verhaal11-232zoom-300x179.jpg\" alt=\"\" width=\"682\" height=\"407\" srcset=\"https:\/\/bulaoutdoor.nl\/wp-content\/uploads\/2021\/11\/regal-pellet-verhaal11-232zoom-300x179.jpg 300w, https:\/\/bulaoutdoor.nl\/wp-content\/uploads\/2021\/11\/regal-pellet-verhaal11-232zoom-416x249.jpg 416w, https:\/\/bulaoutdoor.nl\/wp-content\/uploads\/2021\/11\/regal-pellet-verhaal11-232zoom.jpg 721w\" sizes=\"auto, (max-width: 682px) 100vw, 682px\" \/><\/p>\n<p>Vous n'arrivez toujours pas \u00e0 choisir entre le Regal Pellet et le Crown Pellet ? Voici la valeur ajout\u00e9e du Regal Pellet :<\/p>\n<ul>\n<li>La broche \u00e0 r\u00f4tir avec moteur est fournie de s\u00e9rie. Avec le Crown, vous pouvez l'acheter en tant qu'accessoire.<\/li>\n<li>Une table d'appoint en acier inoxydable est amovible.<\/li>\n<li>Vous avez une chemin\u00e9e avec contr\u00f4le de l'air.<\/li>\n<li>Le couvercle est \u00e0 double paroi et poss\u00e8de un joint de qualit\u00e9.<\/li>\n<li>R\u00e9servoir \u00e0 granul\u00e9s pour 9 kg de granul\u00e9s et un peu plus. Vous pouvez ajouter un sac plein lorsque le r\u00e9servoir est presque vide. Sur le Crown, le r\u00e9servoir est un peu plus petit.<\/li>\n<li>Un \u00e9cran plus grand avec un bouton rotatif pratique.<\/li>\n<li>Les grilles de cuisson des barbecues Regal sont l\u00e9g\u00e8rement plus lourdes et plus \u00e9paisses que celles des barbecues Crown. En outre, elles se composent de 4 ou 5 grilles individuelles. Dans la s\u00e9rie Crown, vous disposez de 2 grilles doubles (Crown 400) ou de 2 grilles doubles et d'une grille simple (Crown 500).<\/li>\n<\/ul>\n<p>Commandez le Regal Pellet 500 d\u00e8s maintenant chez Bula Outdoor, votre sp\u00e9cialiste bbq !<\/p>\n<p>&nbsp;<\/p>\n<p>&nbsp;<\/p>","protected":false},"excerpt":{"rendered":"<p>Ce barbecue high-tech peut prendre en charge une grande partie de votre travail de barbecue. Contr\u00f4lez et surveillez votre barbecue via l'application Pellet tr\u00e8s pratique. Comprend une broche de r\u00f4tisserie avec moteur \u00e9lectrique.<\/p>","protected":false},"featured_media":12813,"comment_status":"open","ping_status":"closed","template":"","meta":{"_acf_changed":false},"product_brand":[],"product_cat":[787],"product_tag":[869,868,870],"class_list":{"0":"post-12808","1":"product","2":"type-product","3":"status-publish","4":"has-post-thumbnail","6":"product_cat-pellet-high-tech","7":"product_tag-broil-king-barbecue-regal-pellet-500","8":"product_tag-broil-king-bbq-370496051","9":"product_tag-gadget-bbq-draaispit-regal-pellet-500","11":"first","12":"instock","13":"taxable","14":"shipping-taxable","15":"purchasable","16":"product-type-simple"},"acf":[],"yoast_head":"<!-- This site is optimized with the Yoast SEO plugin v27.4 - https:\/\/yoast.com\/product\/yoast-seo-wordpress\/ -->\n<title>Regal Pellet 500 &#8211; Bula Outdoor<\/title>\n<meta name=\"robots\" content=\"index, follow, max-snippet:-1, max-image-preview:large, max-video-preview:-1\" \/>\n<link rel=\"canonical\" href=\"https:\/\/bulaoutdoor.nl\/fr\/produit\/regal-pellet-500\/\" \/>\n<meta property=\"og:locale\" content=\"fr_FR\" \/>\n<meta property=\"og:type\" content=\"article\" \/>\n<meta property=\"og:title\" content=\"Regal Pellet 500 &#8211; Bula Outdoor\" \/>\n<meta property=\"og:description\" content=\"Deze high-tech barbecue kan een groot deel van jouw barbecue werk overnemen. Bedien en controleer jouw barbecue via de handige Pellet app. Incl. draaispit met elektrische motor.\" \/>\n<meta property=\"og:url\" content=\"https:\/\/bulaoutdoor.nl\/fr\/produit\/regal-pellet-500\/\" \/>\n<meta property=\"og:site_name\" content=\"Bula Outdoor\" \/>\n<meta property=\"article:modified_time\" content=\"2022-02-03T10:41:03+00:00\" \/>\n<meta property=\"og:image\" content=\"https:\/\/bulaoutdoor.nl\/wp-content\/uploads\/2021\/11\/496051-FRONT-01-1-1030x1030-1.jpg\" \/>\n\t<meta property=\"og:image:width\" content=\"1030\" \/>\n\t<meta property=\"og:image:height\" content=\"1030\" \/>\n\t<meta property=\"og:image:type\" content=\"image\/jpeg\" \/>\n<meta name=\"twitter:card\" content=\"summary_large_image\" \/>\n<meta name=\"twitter:label1\" content=\"Dur\u00e9e de lecture estim\u00e9e\" \/>\n\t<meta name=\"twitter:data1\" content=\"5 minutes\" \/>\n<script type=\"application\/ld+json\" class=\"yoast-schema-graph\">{\"@context\":\"https:\\\/\\\/schema.org\",\"@graph\":[{\"@type\":\"WebPage\",\"@id\":\"https:\\\/\\\/bulaoutdoor.nl\\\/product\\\/regal-pellet-500\\\/\",\"url\":\"https:\\\/\\\/bulaoutdoor.nl\\\/product\\\/regal-pellet-500\\\/\",\"name\":\"Regal Pellet 500 &#8211; Bula Outdoor\",\"isPartOf\":{\"@id\":\"https:\\\/\\\/bulaoutdoor.nl\\\/#website\"},\"primaryImageOfPage\":{\"@id\":\"https:\\\/\\\/bulaoutdoor.nl\\\/product\\\/regal-pellet-500\\\/#primaryimage\"},\"image\":{\"@id\":\"https:\\\/\\\/bulaoutdoor.nl\\\/product\\\/regal-pellet-500\\\/#primaryimage\"},\"thumbnailUrl\":\"https:\\\/\\\/bulaoutdoor.nl\\\/wp-content\\\/uploads\\\/2021\\\/11\\\/496051-FRONT-01-1-1030x1030-1.jpg\",\"datePublished\":\"2022-01-27T11:12:48+00:00\",\"dateModified\":\"2022-02-03T10:41:03+00:00\",\"breadcrumb\":{\"@id\":\"https:\\\/\\\/bulaoutdoor.nl\\\/product\\\/regal-pellet-500\\\/#breadcrumb\"},\"inLanguage\":\"fr-FR\",\"potentialAction\":[{\"@type\":\"ReadAction\",\"target\":[\"https:\\\/\\\/bulaoutdoor.nl\\\/product\\\/regal-pellet-500\\\/\"]}]},{\"@type\":\"ImageObject\",\"inLanguage\":\"fr-FR\",\"@id\":\"https:\\\/\\\/bulaoutdoor.nl\\\/product\\\/regal-pellet-500\\\/#primaryimage\",\"url\":\"https:\\\/\\\/bulaoutdoor.nl\\\/wp-content\\\/uploads\\\/2021\\\/11\\\/496051-FRONT-01-1-1030x1030-1.jpg\",\"contentUrl\":\"https:\\\/\\\/bulaoutdoor.nl\\\/wp-content\\\/uploads\\\/2021\\\/11\\\/496051-FRONT-01-1-1030x1030-1.jpg\",\"width\":1030,\"height\":1030,\"caption\":\"product zelf\"},{\"@type\":\"BreadcrumbList\",\"@id\":\"https:\\\/\\\/bulaoutdoor.nl\\\/product\\\/regal-pellet-500\\\/#breadcrumb\",\"itemListElement\":[{\"@type\":\"ListItem\",\"position\":1,\"name\":\"Home\",\"item\":\"https:\\\/\\\/bulaoutdoor.nl\\\/\"},{\"@type\":\"ListItem\",\"position\":2,\"name\":\"Online BBQ kopen\",\"item\":\"https:\\\/\\\/bulaoutdoor.nl\\\/\"},{\"@type\":\"ListItem\",\"position\":3,\"name\":\"Regal Pellet 500\"}]},{\"@type\":\"WebSite\",\"@id\":\"https:\\\/\\\/bulaoutdoor.nl\\\/#website\",\"url\":\"https:\\\/\\\/bulaoutdoor.nl\\\/\",\"name\":\"Bula Outdoor\",\"description\":\"Voor uw buitenhaard, BBQ, tuinfakkel en houtoven\",\"publisher\":{\"@id\":\"https:\\\/\\\/bulaoutdoor.nl\\\/#organization\"},\"potentialAction\":[{\"@type\":\"SearchAction\",\"target\":{\"@type\":\"EntryPoint\",\"urlTemplate\":\"https:\\\/\\\/bulaoutdoor.nl\\\/?s={search_term_string}\"},\"query-input\":{\"@type\":\"PropertyValueSpecification\",\"valueRequired\":true,\"valueName\":\"search_term_string\"}}],\"inLanguage\":\"fr-FR\"},{\"@type\":\"Organization\",\"@id\":\"https:\\\/\\\/bulaoutdoor.nl\\\/#organization\",\"name\":\"Bula Outdoor\",\"url\":\"https:\\\/\\\/bulaoutdoor.nl\\\/\",\"logo\":{\"@type\":\"ImageObject\",\"inLanguage\":\"fr-FR\",\"@id\":\"https:\\\/\\\/bulaoutdoor.nl\\\/#\\\/schema\\\/logo\\\/image\\\/\",\"url\":\"https:\\\/\\\/www.bulaoutdoor.nl\\\/wp-content\\\/uploads\\\/2018\\\/04\\\/bulaoutdoor-logo.png\",\"contentUrl\":\"https:\\\/\\\/www.bulaoutdoor.nl\\\/wp-content\\\/uploads\\\/2018\\\/04\\\/bulaoutdoor-logo.png\",\"width\":324,\"height\":91,\"caption\":\"Bula Outdoor\"},\"image\":{\"@id\":\"https:\\\/\\\/bulaoutdoor.nl\\\/#\\\/schema\\\/logo\\\/image\\\/\"}}]}<\/script>\n<!-- \/ Yoast SEO plugin. -->","yoast_head_json":{"title":"Regal Pellet 500 - Bula Outdoor","robots":{"index":"index","follow":"follow","max-snippet":"max-snippet:-1","max-image-preview":"max-image-preview:large","max-video-preview":"max-video-preview:-1"},"canonical":"https:\/\/bulaoutdoor.nl\/fr\/produit\/regal-pellet-500\/","og_locale":"fr_FR","og_type":"article","og_title":"Regal Pellet 500 &#8211; Bula Outdoor","og_description":"Deze high-tech barbecue kan een groot deel van jouw barbecue werk overnemen. Bedien en controleer jouw barbecue via de handige Pellet app. Incl. draaispit met elektrische motor.","og_url":"https:\/\/bulaoutdoor.nl\/fr\/produit\/regal-pellet-500\/","og_site_name":"Bula Outdoor","article_modified_time":"2022-02-03T10:41:03+00:00","og_image":[{"width":1030,"height":1030,"url":"https:\/\/bulaoutdoor.nl\/wp-content\/uploads\/2021\/11\/496051-FRONT-01-1-1030x1030-1.jpg","type":"image\/jpeg"}],"twitter_card":"summary_large_image","twitter_misc":{"Dur\u00e9e de lecture estim\u00e9e":"5 minutes"},"schema":{"@context":"https:\/\/schema.org","@graph":[{"@type":"WebPage","@id":"https:\/\/bulaoutdoor.nl\/product\/regal-pellet-500\/","url":"https:\/\/bulaoutdoor.nl\/product\/regal-pellet-500\/","name":"Regal Pellet 500 - Bula Outdoor","isPartOf":{"@id":"https:\/\/bulaoutdoor.nl\/#website"},"primaryImageOfPage":{"@id":"https:\/\/bulaoutdoor.nl\/product\/regal-pellet-500\/#primaryimage"},"image":{"@id":"https:\/\/bulaoutdoor.nl\/product\/regal-pellet-500\/#primaryimage"},"thumbnailUrl":"https:\/\/bulaoutdoor.nl\/wp-content\/uploads\/2021\/11\/496051-FRONT-01-1-1030x1030-1.jpg","datePublished":"2022-01-27T11:12:48+00:00","dateModified":"2022-02-03T10:41:03+00:00","breadcrumb":{"@id":"https:\/\/bulaoutdoor.nl\/product\/regal-pellet-500\/#breadcrumb"},"inLanguage":"fr-FR","potentialAction":[{"@type":"ReadAction","target":["https:\/\/bulaoutdoor.nl\/product\/regal-pellet-500\/"]}]},{"@type":"ImageObject","inLanguage":"fr-FR","@id":"https:\/\/bulaoutdoor.nl\/product\/regal-pellet-500\/#primaryimage","url":"https:\/\/bulaoutdoor.nl\/wp-content\/uploads\/2021\/11\/496051-FRONT-01-1-1030x1030-1.jpg","contentUrl":"https:\/\/bulaoutdoor.nl\/wp-content\/uploads\/2021\/11\/496051-FRONT-01-1-1030x1030-1.jpg","width":1030,"height":1030,"caption":"product zelf"},{"@type":"BreadcrumbList","@id":"https:\/\/bulaoutdoor.nl\/product\/regal-pellet-500\/#breadcrumb","itemListElement":[{"@type":"ListItem","position":1,"name":"Home","item":"https:\/\/bulaoutdoor.nl\/"},{"@type":"ListItem","position":2,"name":"Online BBQ kopen","item":"https:\/\/bulaoutdoor.nl\/"},{"@type":"ListItem","position":3,"name":"Regal Pellet 500"}]},{"@type":"WebSite","@id":"https:\/\/bulaoutdoor.nl\/#website","url":"https:\/\/bulaoutdoor.nl\/","name":"Bula Outdoor","description":"Pour votre chemin\u00e9e ext\u00e9rieure, votre barbecue, votre torche de jardin et votre four \u00e0 bois","publisher":{"@id":"https:\/\/bulaoutdoor.nl\/#organization"},"potentialAction":[{"@type":"SearchAction","target":{"@type":"EntryPoint","urlTemplate":"https:\/\/bulaoutdoor.nl\/?s={search_term_string}"},"query-input":{"@type":"PropertyValueSpecification","valueRequired":true,"valueName":"search_term_string"}}],"inLanguage":"fr-FR"},{"@type":"Organization","@id":"https:\/\/bulaoutdoor.nl\/#organization","name":"Bula Outdoor","url":"https:\/\/bulaoutdoor.nl\/","logo":{"@type":"ImageObject","inLanguage":"fr-FR","@id":"https:\/\/bulaoutdoor.nl\/#\/schema\/logo\/image\/","url":"https:\/\/www.bulaoutdoor.nl\/wp-content\/uploads\/2018\/04\/bulaoutdoor-logo.png","contentUrl":"https:\/\/www.bulaoutdoor.nl\/wp-content\/uploads\/2018\/04\/bulaoutdoor-logo.png","width":324,"height":91,"caption":"Bula Outdoor"},"image":{"@id":"https:\/\/bulaoutdoor.nl\/#\/schema\/logo\/image\/"}}]}},"jetpack_sharing_enabled":true,"_links":{"self":[{"href":"https:\/\/bulaoutdoor.nl\/fr\/wp-json\/wp\/v2\/product\/12808","targetHints":{"allow":["GET"]}}],"collection":[{"href":"https:\/\/bulaoutdoor.nl\/fr\/wp-json\/wp\/v2\/product"}],"about":[{"href":"https:\/\/bulaoutdoor.nl\/fr\/wp-json\/wp\/v2\/types\/product"}],"replies":[{"embeddable":true,"href":"https:\/\/bulaoutdoor.nl\/fr\/wp-json\/wp\/v2\/comments?post=12808"}],"wp:featuredmedia":[{"embeddable":true,"href":"https:\/\/bulaoutdoor.nl\/fr\/wp-json\/wp\/v2\/media\/12813"}],"wp:attachment":[{"href":"https:\/\/bulaoutdoor.nl\/fr\/wp-json\/wp\/v2\/media?parent=12808"}],"wp:term":[{"taxonomy":"product_brand","embeddable":true,"href":"https:\/\/bulaoutdoor.nl\/fr\/wp-json\/wp\/v2\/product_brand?post=12808"},{"taxonomy":"product_cat","embeddable":true,"href":"https:\/\/bulaoutdoor.nl\/fr\/wp-json\/wp\/v2\/product_cat?post=12808"},{"taxonomy":"product_tag","embeddable":true,"href":"https:\/\/bulaoutdoor.nl\/fr\/wp-json\/wp\/v2\/product_tag?post=12808"}],"curies":[{"name":"wp","href":"https:\/\/api.w.org\/{rel}","templated":true}]}}