{"id":12815,"date":"2022-01-27T11:20:29","date_gmt":"2022-01-27T11:20:29","guid":{"rendered":"https:\/\/www.bulaoutdoor.nl\/?post_type=product&#038;p=12815"},"modified":"2022-02-03T09:45:40","modified_gmt":"2022-02-03T09:45:40","slug":"crown-pellet-500","status":"publish","type":"product","link":"https:\/\/bulaoutdoor.nl\/fr\/product\/crown-pellet-500\/","title":{"rendered":"Crown Pellet 500"},"content":{"rendered":"<p>La gamme de barbecues haute technologie de Broil King est synonyme de commodit\u00e9 et d'innovation. Le confort du barbecue gr\u00e2ce \u00e0 la technologie la plus r\u00e9cente. Fumer, r\u00f4tir et griller avec une temp\u00e9rature stable d'une simple pression sur un bouton. Contr\u00f4le et surveillance \u00e0 distance via une application par le biais d'une connexion Wifi ou Bluetooth.<\/p>\n<ul>\n<li>Surface de r\u00f4tissage de 81 x 44 cm dans un four avec grilles de r\u00f4tissage en fonte.<img loading=\"lazy\" decoding=\"async\" class=\"alignnone wp-image-12892\" src=\"https:\/\/www.bulaoutdoor.nl\/wp-content\/uploads\/2021\/11\/rooster-crown-pellet-500-300x185.jpg\" alt=\"grille pellet crown 500\" width=\"555\" height=\"342\" srcset=\"https:\/\/bulaoutdoor.nl\/wp-content\/uploads\/2021\/11\/rooster-crown-pellet-500-300x185.jpg 300w, https:\/\/bulaoutdoor.nl\/wp-content\/uploads\/2021\/11\/rooster-crown-pellet-500-416x256.jpg 416w, https:\/\/bulaoutdoor.nl\/wp-content\/uploads\/2021\/11\/rooster-crown-pellet-500.jpg 651w\" sizes=\"auto, (max-width: 555px) 100vw, 555px\" \/><\/li>\n<li>Acier de 2 mm d'\u00e9paisseur pour une excellente r\u00e9tention de la chaleur, vous permettant de cuisiner de mani\u00e8re uniforme et efficace.<\/li>\n<li>Finition avec une peinture durable r\u00e9sistante \u00e0 la chaleur.<\/li>\n<li>Deux roues robustes d'un diam\u00e8tre de 20,3 cm<\/li>\n<li>Deux sondes \u00e9lectroniques pour v\u00e9rifier la temp\u00e9rature \u00e0 c\u0153ur des aliments.<\/li>\n<li>Les granul\u00e9s de bois donnent \u00e0 vos aliments une agr\u00e9able saveur fum\u00e9e.<\/li>\n<\/ul>\n<p><img loading=\"lazy\" decoding=\"async\" class=\"alignnone wp-image-12887\" src=\"https:\/\/www.bulaoutdoor.nl\/wp-content\/uploads\/2021\/11\/regal-pellet-verhaal2-1-300x115.jpg\" alt=\"\" width=\"687\" height=\"263\" srcset=\"https:\/\/bulaoutdoor.nl\/wp-content\/uploads\/2021\/11\/regal-pellet-verhaal2-1-300x115.jpg 300w, https:\/\/bulaoutdoor.nl\/wp-content\/uploads\/2021\/11\/regal-pellet-verhaal2-1-416x160.jpg 416w, https:\/\/bulaoutdoor.nl\/wp-content\/uploads\/2021\/11\/regal-pellet-verhaal2-1.jpg 868w\" sizes=\"auto, (max-width: 687px) 100vw, 687px\" \/><img loading=\"lazy\" decoding=\"async\" class=\"size-medium wp-image-12879 alignleft\" src=\"https:\/\/www.bulaoutdoor.nl\/wp-content\/uploads\/2021\/11\/regal-pellet-verhaal3-300x118.jpg\" alt=\"\" width=\"300\" height=\"118\" srcset=\"https:\/\/bulaoutdoor.nl\/wp-content\/uploads\/2021\/11\/regal-pellet-verhaal3-300x118.jpg 300w, https:\/\/bulaoutdoor.nl\/wp-content\/uploads\/2021\/11\/regal-pellet-verhaal3-416x163.jpg 416w, https:\/\/bulaoutdoor.nl\/wp-content\/uploads\/2021\/11\/regal-pellet-verhaal3.jpg 728w\" sizes=\"auto, (max-width: 300px) 100vw, 300px\" \/> <img loading=\"lazy\" decoding=\"async\" class=\"size-medium wp-image-12880 alignright\" src=\"https:\/\/www.bulaoutdoor.nl\/wp-content\/uploads\/2021\/11\/regal-pellet-verhaal4-300x118.jpg\" alt=\"\" width=\"300\" height=\"118\" srcset=\"https:\/\/bulaoutdoor.nl\/wp-content\/uploads\/2021\/11\/regal-pellet-verhaal4-300x118.jpg 300w, https:\/\/bulaoutdoor.nl\/wp-content\/uploads\/2021\/11\/regal-pellet-verhaal4-416x163.jpg 416w, https:\/\/bulaoutdoor.nl\/wp-content\/uploads\/2021\/11\/regal-pellet-verhaal4.jpg 728w\" sizes=\"auto, (max-width: 300px) 100vw, 300px\" \/><img loading=\"lazy\" decoding=\"async\" class=\"size-medium wp-image-12881 alignleft\" src=\"https:\/\/www.bulaoutdoor.nl\/wp-content\/uploads\/2021\/11\/regal-pellet-verhaal5-300x118.jpg\" alt=\"\" width=\"300\" height=\"118\" srcset=\"https:\/\/bulaoutdoor.nl\/wp-content\/uploads\/2021\/11\/regal-pellet-verhaal5-300x118.jpg 300w, https:\/\/bulaoutdoor.nl\/wp-content\/uploads\/2021\/11\/regal-pellet-verhaal5-416x163.jpg 416w, https:\/\/bulaoutdoor.nl\/wp-content\/uploads\/2021\/11\/regal-pellet-verhaal5.jpg 728w\" sizes=\"auto, (max-width: 300px) 100vw, 300px\" \/> <img loading=\"lazy\" decoding=\"async\" class=\"size-medium wp-image-12882 alignright\" src=\"https:\/\/www.bulaoutdoor.nl\/wp-content\/uploads\/2021\/11\/regal-pellet-verhaal6-300x118.jpg\" alt=\"\" width=\"300\" height=\"118\" srcset=\"https:\/\/bulaoutdoor.nl\/wp-content\/uploads\/2021\/11\/regal-pellet-verhaal6-300x118.jpg 300w, https:\/\/bulaoutdoor.nl\/wp-content\/uploads\/2021\/11\/regal-pellet-verhaal6-416x163.jpg 416w, https:\/\/bulaoutdoor.nl\/wp-content\/uploads\/2021\/11\/regal-pellet-verhaal6.jpg 728w\" sizes=\"auto, (max-width: 300px) 100vw, 300px\" \/> <img loading=\"lazy\" decoding=\"async\" class=\"wp-image-12883 alignleft\" src=\"https:\/\/www.bulaoutdoor.nl\/wp-content\/uploads\/2021\/11\/regal-pellet-verhaal7-232zoom-300x147.jpg\" alt=\"\" width=\"230\" height=\"113\" srcset=\"https:\/\/bulaoutdoor.nl\/wp-content\/uploads\/2021\/11\/regal-pellet-verhaal7-232zoom-300x147.jpg 300w, https:\/\/bulaoutdoor.nl\/wp-content\/uploads\/2021\/11\/regal-pellet-verhaal7-232zoom-416x204.jpg 416w, https:\/\/bulaoutdoor.nl\/wp-content\/uploads\/2021\/11\/regal-pellet-verhaal7-232zoom.jpg 584w\" sizes=\"auto, (max-width: 230px) 100vw, 230px\" \/><img loading=\"lazy\" decoding=\"async\" class=\"size-medium wp-image-12885 alignright\" src=\"https:\/\/www.bulaoutdoor.nl\/wp-content\/uploads\/2021\/11\/regal-pellet-verhaal9-232zoom-300x125.jpg\" alt=\"\" width=\"300\" height=\"125\" srcset=\"https:\/\/bulaoutdoor.nl\/wp-content\/uploads\/2021\/11\/regal-pellet-verhaal9-232zoom-300x125.jpg 300w, https:\/\/bulaoutdoor.nl\/wp-content\/uploads\/2021\/11\/regal-pellet-verhaal9-232zoom-416x174.jpg 416w, https:\/\/bulaoutdoor.nl\/wp-content\/uploads\/2021\/11\/regal-pellet-verhaal9-232zoom.jpg 685w\" sizes=\"auto, (max-width: 300px) 100vw, 300px\" \/><\/p>\n<p><img loading=\"lazy\" decoding=\"async\" class=\"alignnone wp-image-12877\" src=\"https:\/\/www.bulaoutdoor.nl\/wp-content\/uploads\/2021\/11\/regal-en-crown-tempsetting-300x80.jpg\" alt=\"\" width=\"911\" height=\"243\" srcset=\"https:\/\/bulaoutdoor.nl\/wp-content\/uploads\/2021\/11\/regal-en-crown-tempsetting-300x80.jpg 300w, https:\/\/bulaoutdoor.nl\/wp-content\/uploads\/2021\/11\/regal-en-crown-tempsetting-768x204.jpg 768w, https:\/\/bulaoutdoor.nl\/wp-content\/uploads\/2021\/11\/regal-en-crown-tempsetting-416x111.jpg 416w, https:\/\/bulaoutdoor.nl\/wp-content\/uploads\/2021\/11\/regal-en-crown-tempsetting.jpg 816w\" sizes=\"auto, (max-width: 911px) 100vw, 911px\" \/><\/p>\n<p><img loading=\"lazy\" decoding=\"async\" class=\"alignnone wp-image-12876\" src=\"https:\/\/www.bulaoutdoor.nl\/wp-content\/uploads\/2021\/11\/regal-pellet-verhaal11-232zoom-300x179.jpg\" alt=\"\" width=\"682\" height=\"407\" srcset=\"https:\/\/bulaoutdoor.nl\/wp-content\/uploads\/2021\/11\/regal-pellet-verhaal11-232zoom-300x179.jpg 300w, https:\/\/bulaoutdoor.nl\/wp-content\/uploads\/2021\/11\/regal-pellet-verhaal11-232zoom-416x249.jpg 416w, https:\/\/bulaoutdoor.nl\/wp-content\/uploads\/2021\/11\/regal-pellet-verhaal11-232zoom.jpg 721w\" sizes=\"auto, (max-width: 682px) 100vw, 682px\" \/><\/p>\n<p>Vous ne savez toujours pas si un\u00a0<a href=\"https:\/\/bulaoutdoor.nl\/fr\/produit\/regal-pellet-500\/\">passer au Regal Pellet<\/a>\u00a0en vaut-il la peine ?<\/p>\n<p>C'est la valeur ajout\u00e9e du Regal Pellet :<\/p>\n<ul>\n<li>La broche \u00e0 r\u00f4tir avec moteur est fournie de s\u00e9rie. Avec le Crown, vous pouvez l'acheter en tant qu'accessoire.<\/li>\n<li>Une table d'appoint en acier inoxydable est amovible.<\/li>\n<li>Vous avez une chemin\u00e9e avec contr\u00f4le de l'air.<\/li>\n<li>Le couvercle est \u00e0 double paroi et pr\u00e9sente un joint de meilleure qualit\u00e9.<\/li>\n<li>R\u00e9servoir \u00e0 granul\u00e9s pour 9 kg de granul\u00e9s et un peu plus. Vous pouvez ajouter un sac plein lorsque le r\u00e9servoir est presque vide. Sur le Crown, le r\u00e9servoir est un peu plus petit.<\/li>\n<li>Un \u00e9cran plus grand avec un bouton rotatif pratique.<\/li>\n<li>Les grilles de cuisson des barbecues Regal sont l\u00e9g\u00e8rement plus lourdes et plus \u00e9paisses que celles des barbecues Crown. En outre, elles se composent de 4 ou 5 grilles individuelles. Dans la s\u00e9rie Crown, vous disposez de 2 grilles doubles (Crown 400) ou de 2 grilles doubles et d'une grille simple (Crown 500).<\/li>\n<\/ul>\n<p>Commandez d\u00e8s maintenant le Crown Pellet 500 aupr\u00e8s de Bula outdoor, votre sp\u00e9cialiste en mati\u00e8re de barbecue !<\/p>","protected":false},"excerpt":{"rendered":"<p>Les barbecues Crowns Pellet sont la version un peu moins luxueuse de la s\u00e9rie high-tech Pellet. Contr\u00f4lez et surveillez votre barbecue via l'application Pellet tr\u00e8s pratique.<\/p>","protected":false},"featured_media":12816,"comment_status":"open","ping_status":"closed","template":"","meta":{"_acf_changed":false},"product_brand":[],"product_cat":[787],"product_tag":[882,881],"class_list":{"0":"post-12815","1":"product","2":"type-product","3":"status-publish","4":"has-post-thumbnail","6":"product_cat-pellet-high-tech","7":"product_tag-broil-king-barbecue-crown-pellet-500-370494055","8":"product_tag-broil-king-gadget-bbq-crown-pellet-500","10":"first","11":"instock","12":"taxable","13":"shipping-taxable","14":"purchasable","15":"product-type-simple"},"acf":[],"yoast_head":"<!-- This site is optimized with the Yoast SEO plugin v27.3 - https:\/\/yoast.com\/product\/yoast-seo-wordpress\/ -->\n<title>Crown Pellet 500 &#8211; Bula Outdoor<\/title>\n<meta name=\"robots\" content=\"index, follow, max-snippet:-1, max-image-preview:large, max-video-preview:-1\" \/>\n<link rel=\"canonical\" href=\"https:\/\/bulaoutdoor.nl\/fr\/produit\/crown-pellet-500\/\" \/>\n<meta property=\"og:locale\" content=\"fr_FR\" \/>\n<meta property=\"og:type\" content=\"article\" \/>\n<meta property=\"og:title\" content=\"Crown Pellet 500 &#8211; Bula Outdoor\" \/>\n<meta property=\"og:description\" content=\"De Crowns Pellet barbecues zijn de iets minder luxe uitvoering van de high-tech Pellet serie. Bedien en controleer jouw barbecue via de handige Pellet app.\" \/>\n<meta property=\"og:url\" content=\"https:\/\/bulaoutdoor.nl\/fr\/produit\/crown-pellet-500\/\" \/>\n<meta property=\"og:site_name\" content=\"Bula Outdoor\" \/>\n<meta property=\"article:modified_time\" content=\"2022-02-03T09:45:40+00:00\" \/>\n<meta property=\"og:image\" content=\"https:\/\/bulaoutdoor.nl\/wp-content\/uploads\/2021\/11\/BK_CrownPellet500-EU_Front_01.jpg\" \/>\n\t<meta property=\"og:image:width\" content=\"842\" \/>\n\t<meta property=\"og:image:height\" content=\"842\" \/>\n\t<meta property=\"og:image:type\" content=\"image\/jpeg\" \/>\n<meta name=\"twitter:card\" content=\"summary_large_image\" \/>\n<meta name=\"twitter:label1\" content=\"Dur\u00e9e de lecture estim\u00e9e\" \/>\n\t<meta name=\"twitter:data1\" content=\"4 minutes\" \/>\n<script type=\"application\/ld+json\" class=\"yoast-schema-graph\">{\"@context\":\"https:\\\/\\\/schema.org\",\"@graph\":[{\"@type\":\"WebPage\",\"@id\":\"https:\\\/\\\/bulaoutdoor.nl\\\/product\\\/crown-pellet-500\\\/\",\"url\":\"https:\\\/\\\/bulaoutdoor.nl\\\/product\\\/crown-pellet-500\\\/\",\"name\":\"Crown Pellet 500 &#8211; Bula Outdoor\",\"isPartOf\":{\"@id\":\"https:\\\/\\\/bulaoutdoor.nl\\\/#website\"},\"primaryImageOfPage\":{\"@id\":\"https:\\\/\\\/bulaoutdoor.nl\\\/product\\\/crown-pellet-500\\\/#primaryimage\"},\"image\":{\"@id\":\"https:\\\/\\\/bulaoutdoor.nl\\\/product\\\/crown-pellet-500\\\/#primaryimage\"},\"thumbnailUrl\":\"https:\\\/\\\/bulaoutdoor.nl\\\/wp-content\\\/uploads\\\/2021\\\/11\\\/BK_CrownPellet500-EU_Front_01.jpg\",\"datePublished\":\"2022-01-27T11:20:29+00:00\",\"dateModified\":\"2022-02-03T09:45:40+00:00\",\"breadcrumb\":{\"@id\":\"https:\\\/\\\/bulaoutdoor.nl\\\/product\\\/crown-pellet-500\\\/#breadcrumb\"},\"inLanguage\":\"fr-FR\",\"potentialAction\":[{\"@type\":\"ReadAction\",\"target\":[\"https:\\\/\\\/bulaoutdoor.nl\\\/product\\\/crown-pellet-500\\\/\"]}]},{\"@type\":\"ImageObject\",\"inLanguage\":\"fr-FR\",\"@id\":\"https:\\\/\\\/bulaoutdoor.nl\\\/product\\\/crown-pellet-500\\\/#primaryimage\",\"url\":\"https:\\\/\\\/bulaoutdoor.nl\\\/wp-content\\\/uploads\\\/2021\\\/11\\\/BK_CrownPellet500-EU_Front_01.jpg\",\"contentUrl\":\"https:\\\/\\\/bulaoutdoor.nl\\\/wp-content\\\/uploads\\\/2021\\\/11\\\/BK_CrownPellet500-EU_Front_01.jpg\",\"width\":842,\"height\":842,\"caption\":\"product zelf\"},{\"@type\":\"BreadcrumbList\",\"@id\":\"https:\\\/\\\/bulaoutdoor.nl\\\/product\\\/crown-pellet-500\\\/#breadcrumb\",\"itemListElement\":[{\"@type\":\"ListItem\",\"position\":1,\"name\":\"Home\",\"item\":\"https:\\\/\\\/bulaoutdoor.nl\\\/\"},{\"@type\":\"ListItem\",\"position\":2,\"name\":\"Online BBQ kopen\",\"item\":\"https:\\\/\\\/bulaoutdoor.nl\\\/\"},{\"@type\":\"ListItem\",\"position\":3,\"name\":\"Crown Pellet 500\"}]},{\"@type\":\"WebSite\",\"@id\":\"https:\\\/\\\/bulaoutdoor.nl\\\/#website\",\"url\":\"https:\\\/\\\/bulaoutdoor.nl\\\/\",\"name\":\"Bula Outdoor\",\"description\":\"Voor uw buitenhaard, BBQ, tuinfakkel en houtoven\",\"publisher\":{\"@id\":\"https:\\\/\\\/bulaoutdoor.nl\\\/#organization\"},\"potentialAction\":[{\"@type\":\"SearchAction\",\"target\":{\"@type\":\"EntryPoint\",\"urlTemplate\":\"https:\\\/\\\/bulaoutdoor.nl\\\/?s={search_term_string}\"},\"query-input\":{\"@type\":\"PropertyValueSpecification\",\"valueRequired\":true,\"valueName\":\"search_term_string\"}}],\"inLanguage\":\"fr-FR\"},{\"@type\":\"Organization\",\"@id\":\"https:\\\/\\\/bulaoutdoor.nl\\\/#organization\",\"name\":\"Bula Outdoor\",\"url\":\"https:\\\/\\\/bulaoutdoor.nl\\\/\",\"logo\":{\"@type\":\"ImageObject\",\"inLanguage\":\"fr-FR\",\"@id\":\"https:\\\/\\\/bulaoutdoor.nl\\\/#\\\/schema\\\/logo\\\/image\\\/\",\"url\":\"https:\\\/\\\/www.bulaoutdoor.nl\\\/wp-content\\\/uploads\\\/2018\\\/04\\\/bulaoutdoor-logo.png\",\"contentUrl\":\"https:\\\/\\\/www.bulaoutdoor.nl\\\/wp-content\\\/uploads\\\/2018\\\/04\\\/bulaoutdoor-logo.png\",\"width\":324,\"height\":91,\"caption\":\"Bula Outdoor\"},\"image\":{\"@id\":\"https:\\\/\\\/bulaoutdoor.nl\\\/#\\\/schema\\\/logo\\\/image\\\/\"}}]}<\/script>\n<!-- \/ Yoast SEO plugin. -->","yoast_head_json":{"title":"Crown Pellet 500 - Bula Outdoor","robots":{"index":"index","follow":"follow","max-snippet":"max-snippet:-1","max-image-preview":"max-image-preview:large","max-video-preview":"max-video-preview:-1"},"canonical":"https:\/\/bulaoutdoor.nl\/fr\/produit\/crown-pellet-500\/","og_locale":"fr_FR","og_type":"article","og_title":"Crown Pellet 500 &#8211; Bula Outdoor","og_description":"De Crowns Pellet barbecues zijn de iets minder luxe uitvoering van de high-tech Pellet serie. Bedien en controleer jouw barbecue via de handige Pellet app.","og_url":"https:\/\/bulaoutdoor.nl\/fr\/produit\/crown-pellet-500\/","og_site_name":"Bula Outdoor","article_modified_time":"2022-02-03T09:45:40+00:00","og_image":[{"width":842,"height":842,"url":"https:\/\/bulaoutdoor.nl\/wp-content\/uploads\/2021\/11\/BK_CrownPellet500-EU_Front_01.jpg","type":"image\/jpeg"}],"twitter_card":"summary_large_image","twitter_misc":{"Dur\u00e9e de lecture estim\u00e9e":"4 minutes"},"schema":{"@context":"https:\/\/schema.org","@graph":[{"@type":"WebPage","@id":"https:\/\/bulaoutdoor.nl\/product\/crown-pellet-500\/","url":"https:\/\/bulaoutdoor.nl\/product\/crown-pellet-500\/","name":"Crown Pellet 500 - Bula Outdoor","isPartOf":{"@id":"https:\/\/bulaoutdoor.nl\/#website"},"primaryImageOfPage":{"@id":"https:\/\/bulaoutdoor.nl\/product\/crown-pellet-500\/#primaryimage"},"image":{"@id":"https:\/\/bulaoutdoor.nl\/product\/crown-pellet-500\/#primaryimage"},"thumbnailUrl":"https:\/\/bulaoutdoor.nl\/wp-content\/uploads\/2021\/11\/BK_CrownPellet500-EU_Front_01.jpg","datePublished":"2022-01-27T11:20:29+00:00","dateModified":"2022-02-03T09:45:40+00:00","breadcrumb":{"@id":"https:\/\/bulaoutdoor.nl\/product\/crown-pellet-500\/#breadcrumb"},"inLanguage":"fr-FR","potentialAction":[{"@type":"ReadAction","target":["https:\/\/bulaoutdoor.nl\/product\/crown-pellet-500\/"]}]},{"@type":"ImageObject","inLanguage":"fr-FR","@id":"https:\/\/bulaoutdoor.nl\/product\/crown-pellet-500\/#primaryimage","url":"https:\/\/bulaoutdoor.nl\/wp-content\/uploads\/2021\/11\/BK_CrownPellet500-EU_Front_01.jpg","contentUrl":"https:\/\/bulaoutdoor.nl\/wp-content\/uploads\/2021\/11\/BK_CrownPellet500-EU_Front_01.jpg","width":842,"height":842,"caption":"product zelf"},{"@type":"BreadcrumbList","@id":"https:\/\/bulaoutdoor.nl\/product\/crown-pellet-500\/#breadcrumb","itemListElement":[{"@type":"ListItem","position":1,"name":"Home","item":"https:\/\/bulaoutdoor.nl\/"},{"@type":"ListItem","position":2,"name":"Online BBQ kopen","item":"https:\/\/bulaoutdoor.nl\/"},{"@type":"ListItem","position":3,"name":"Crown Pellet 500"}]},{"@type":"WebSite","@id":"https:\/\/bulaoutdoor.nl\/#website","url":"https:\/\/bulaoutdoor.nl\/","name":"Bula Outdoor","description":"Pour votre chemin\u00e9e ext\u00e9rieure, votre barbecue, votre torche de jardin et votre four \u00e0 bois","publisher":{"@id":"https:\/\/bulaoutdoor.nl\/#organization"},"potentialAction":[{"@type":"SearchAction","target":{"@type":"EntryPoint","urlTemplate":"https:\/\/bulaoutdoor.nl\/?s={search_term_string}"},"query-input":{"@type":"PropertyValueSpecification","valueRequired":true,"valueName":"search_term_string"}}],"inLanguage":"fr-FR"},{"@type":"Organization","@id":"https:\/\/bulaoutdoor.nl\/#organization","name":"Bula Outdoor","url":"https:\/\/bulaoutdoor.nl\/","logo":{"@type":"ImageObject","inLanguage":"fr-FR","@id":"https:\/\/bulaoutdoor.nl\/#\/schema\/logo\/image\/","url":"https:\/\/www.bulaoutdoor.nl\/wp-content\/uploads\/2018\/04\/bulaoutdoor-logo.png","contentUrl":"https:\/\/www.bulaoutdoor.nl\/wp-content\/uploads\/2018\/04\/bulaoutdoor-logo.png","width":324,"height":91,"caption":"Bula Outdoor"},"image":{"@id":"https:\/\/bulaoutdoor.nl\/#\/schema\/logo\/image\/"}}]}},"jetpack_sharing_enabled":true,"_links":{"self":[{"href":"https:\/\/bulaoutdoor.nl\/fr\/wp-json\/wp\/v2\/product\/12815","targetHints":{"allow":["GET"]}}],"collection":[{"href":"https:\/\/bulaoutdoor.nl\/fr\/wp-json\/wp\/v2\/product"}],"about":[{"href":"https:\/\/bulaoutdoor.nl\/fr\/wp-json\/wp\/v2\/types\/product"}],"replies":[{"embeddable":true,"href":"https:\/\/bulaoutdoor.nl\/fr\/wp-json\/wp\/v2\/comments?post=12815"}],"wp:featuredmedia":[{"embeddable":true,"href":"https:\/\/bulaoutdoor.nl\/fr\/wp-json\/wp\/v2\/media\/12816"}],"wp:attachment":[{"href":"https:\/\/bulaoutdoor.nl\/fr\/wp-json\/wp\/v2\/media?parent=12815"}],"wp:term":[{"taxonomy":"product_brand","embeddable":true,"href":"https:\/\/bulaoutdoor.nl\/fr\/wp-json\/wp\/v2\/product_brand?post=12815"},{"taxonomy":"product_cat","embeddable":true,"href":"https:\/\/bulaoutdoor.nl\/fr\/wp-json\/wp\/v2\/product_cat?post=12815"},{"taxonomy":"product_tag","embeddable":true,"href":"https:\/\/bulaoutdoor.nl\/fr\/wp-json\/wp\/v2\/product_tag?post=12815"}],"curies":[{"name":"wp","href":"https:\/\/api.w.org\/{rel}","templated":true}]}}