{"id":12895,"date":"2022-01-30T13:30:41","date_gmt":"2022-01-30T13:30:41","guid":{"rendered":"https:\/\/www.bulaoutdoor.nl\/?post_type=product&#038;p=12895"},"modified":"2023-07-09T13:21:17","modified_gmt":"2023-07-09T13:21:17","slug":"table-de-travail-regal-pellet-400","status":"publish","type":"product","link":"https:\/\/bulaoutdoor.nl\/fr\/product\/werktafel-regal-pellet-400\/","title":{"rendered":"Table de travail Regal Pellet 400"},"content":{"rendered":"<p>Plan de travail pratique \u00e0 monter \u00e0 l'avant de votre barbecue.<\/p>\n<ul>\n<li>Utilisable uniquement avec le Regal Pellet 400 de Broil King.<\/li>\n<\/ul>\n<p>Commandez d\u00e8s maintenant la table de travail suppl\u00e9mentaire chez Bula Outdoor, votre sp\u00e9cialiste du bbq !<\/p>","protected":false},"excerpt":{"rendered":"<p>Une table de travail suppl\u00e9mentaire \u00e0 monter \u00e0 l'avant du barbecue pour le mod\u00e8le Regal Pellet 400.<\/p>","protected":false},"featured_media":13473,"comment_status":"open","ping_status":"closed","template":"","meta":{"_acf_changed":false},"product_brand":[],"product_cat":[892,787],"product_tag":[880,879],"class_list":{"0":"post-12895","1":"product","2":"type-product","3":"status-publish","4":"has-post-thumbnail","6":"product_cat-broil-king-accessoires","7":"product_cat-pellet-high-tech","8":"product_tag-broil-king-barbecue-voortafel-60684","9":"product_tag-broil-king-bbq-zijtafel-37060684","11":"first","12":"instock","13":"taxable","14":"shipping-taxable","15":"purchasable","16":"product-type-simple"},"acf":[],"yoast_head":"<!-- This site is optimized with the Yoast SEO plugin v27.3 - https:\/\/yoast.com\/product\/yoast-seo-wordpress\/ -->\n<title>Werktafel Regal Pellet 400 &#8211; Bula Outdoor<\/title>\n<meta name=\"robots\" content=\"index, follow, max-snippet:-1, max-image-preview:large, max-video-preview:-1\" \/>\n<link rel=\"canonical\" href=\"https:\/\/bulaoutdoor.nl\/fr\/produit\/table-de-travail-regal-pellet-400\/\" \/>\n<meta property=\"og:locale\" content=\"fr_FR\" \/>\n<meta property=\"og:type\" content=\"article\" \/>\n<meta property=\"og:title\" content=\"Werktafel Regal Pellet 400 &#8211; Bula Outdoor\" \/>\n<meta property=\"og:description\" content=\"Een extra werktafel om vooraan de barbecue te monteren bij het Regal Pellet 400 model.\" \/>\n<meta property=\"og:url\" content=\"https:\/\/bulaoutdoor.nl\/fr\/produit\/table-de-travail-regal-pellet-400\/\" \/>\n<meta property=\"og:site_name\" content=\"Bula Outdoor\" \/>\n<meta property=\"article:modified_time\" content=\"2023-07-09T13:21:17+00:00\" \/>\n<meta property=\"og:image\" content=\"https:\/\/bulaoutdoor.nl\/wp-content\/uploads\/2022\/01\/BK_60684-Pellet-Shelf-Kit_item_02.png\" \/>\n\t<meta property=\"og:image:width\" content=\"842\" \/>\n\t<meta property=\"og:image:height\" content=\"842\" \/>\n\t<meta property=\"og:image:type\" content=\"image\/png\" \/>\n<meta name=\"twitter:card\" content=\"summary_large_image\" \/>\n<script type=\"application\/ld+json\" class=\"yoast-schema-graph\">{\"@context\":\"https:\\\/\\\/schema.org\",\"@graph\":[{\"@type\":\"WebPage\",\"@id\":\"https:\\\/\\\/bulaoutdoor.nl\\\/product\\\/werktafel-regal-pellet-400\\\/\",\"url\":\"https:\\\/\\\/bulaoutdoor.nl\\\/product\\\/werktafel-regal-pellet-400\\\/\",\"name\":\"Werktafel Regal Pellet 400 &#8211; Bula Outdoor\",\"isPartOf\":{\"@id\":\"https:\\\/\\\/bulaoutdoor.nl\\\/#website\"},\"primaryImageOfPage\":{\"@id\":\"https:\\\/\\\/bulaoutdoor.nl\\\/product\\\/werktafel-regal-pellet-400\\\/#primaryimage\"},\"image\":{\"@id\":\"https:\\\/\\\/bulaoutdoor.nl\\\/product\\\/werktafel-regal-pellet-400\\\/#primaryimage\"},\"thumbnailUrl\":\"https:\\\/\\\/bulaoutdoor.nl\\\/wp-content\\\/uploads\\\/2022\\\/01\\\/BK_60684-Pellet-Shelf-Kit_item_02.png\",\"datePublished\":\"2022-01-30T13:30:41+00:00\",\"dateModified\":\"2023-07-09T13:21:17+00:00\",\"breadcrumb\":{\"@id\":\"https:\\\/\\\/bulaoutdoor.nl\\\/product\\\/werktafel-regal-pellet-400\\\/#breadcrumb\"},\"inLanguage\":\"fr-FR\",\"potentialAction\":[{\"@type\":\"ReadAction\",\"target\":[\"https:\\\/\\\/bulaoutdoor.nl\\\/product\\\/werktafel-regal-pellet-400\\\/\"]}]},{\"@type\":\"ImageObject\",\"inLanguage\":\"fr-FR\",\"@id\":\"https:\\\/\\\/bulaoutdoor.nl\\\/product\\\/werktafel-regal-pellet-400\\\/#primaryimage\",\"url\":\"https:\\\/\\\/bulaoutdoor.nl\\\/wp-content\\\/uploads\\\/2022\\\/01\\\/BK_60684-Pellet-Shelf-Kit_item_02.png\",\"contentUrl\":\"https:\\\/\\\/bulaoutdoor.nl\\\/wp-content\\\/uploads\\\/2022\\\/01\\\/BK_60684-Pellet-Shelf-Kit_item_02.png\",\"width\":842,\"height\":842,\"caption\":\"product zelf\"},{\"@type\":\"BreadcrumbList\",\"@id\":\"https:\\\/\\\/bulaoutdoor.nl\\\/product\\\/werktafel-regal-pellet-400\\\/#breadcrumb\",\"itemListElement\":[{\"@type\":\"ListItem\",\"position\":1,\"name\":\"Home\",\"item\":\"https:\\\/\\\/bulaoutdoor.nl\\\/\"},{\"@type\":\"ListItem\",\"position\":2,\"name\":\"Online BBQ kopen\",\"item\":\"https:\\\/\\\/bulaoutdoor.nl\\\/\"},{\"@type\":\"ListItem\",\"position\":3,\"name\":\"Werktafel Regal Pellet 400\"}]},{\"@type\":\"WebSite\",\"@id\":\"https:\\\/\\\/bulaoutdoor.nl\\\/#website\",\"url\":\"https:\\\/\\\/bulaoutdoor.nl\\\/\",\"name\":\"Bula Outdoor\",\"description\":\"Voor uw buitenhaard, BBQ, tuinfakkel en houtoven\",\"publisher\":{\"@id\":\"https:\\\/\\\/bulaoutdoor.nl\\\/#organization\"},\"potentialAction\":[{\"@type\":\"SearchAction\",\"target\":{\"@type\":\"EntryPoint\",\"urlTemplate\":\"https:\\\/\\\/bulaoutdoor.nl\\\/?s={search_term_string}\"},\"query-input\":{\"@type\":\"PropertyValueSpecification\",\"valueRequired\":true,\"valueName\":\"search_term_string\"}}],\"inLanguage\":\"fr-FR\"},{\"@type\":\"Organization\",\"@id\":\"https:\\\/\\\/bulaoutdoor.nl\\\/#organization\",\"name\":\"Bula Outdoor\",\"url\":\"https:\\\/\\\/bulaoutdoor.nl\\\/\",\"logo\":{\"@type\":\"ImageObject\",\"inLanguage\":\"fr-FR\",\"@id\":\"https:\\\/\\\/bulaoutdoor.nl\\\/#\\\/schema\\\/logo\\\/image\\\/\",\"url\":\"https:\\\/\\\/www.bulaoutdoor.nl\\\/wp-content\\\/uploads\\\/2018\\\/04\\\/bulaoutdoor-logo.png\",\"contentUrl\":\"https:\\\/\\\/www.bulaoutdoor.nl\\\/wp-content\\\/uploads\\\/2018\\\/04\\\/bulaoutdoor-logo.png\",\"width\":324,\"height\":91,\"caption\":\"Bula Outdoor\"},\"image\":{\"@id\":\"https:\\\/\\\/bulaoutdoor.nl\\\/#\\\/schema\\\/logo\\\/image\\\/\"}}]}<\/script>\n<!-- \/ Yoast SEO plugin. -->","yoast_head_json":{"title":"Table de travail Regal Pellet 400 - Bula Outdoor","robots":{"index":"index","follow":"follow","max-snippet":"max-snippet:-1","max-image-preview":"max-image-preview:large","max-video-preview":"max-video-preview:-1"},"canonical":"https:\/\/bulaoutdoor.nl\/fr\/produit\/table-de-travail-regal-pellet-400\/","og_locale":"fr_FR","og_type":"article","og_title":"Werktafel Regal Pellet 400 &#8211; Bula Outdoor","og_description":"Een extra werktafel om vooraan de barbecue te monteren bij het Regal Pellet 400 model.","og_url":"https:\/\/bulaoutdoor.nl\/fr\/produit\/table-de-travail-regal-pellet-400\/","og_site_name":"Bula Outdoor","article_modified_time":"2023-07-09T13:21:17+00:00","og_image":[{"width":842,"height":842,"url":"https:\/\/bulaoutdoor.nl\/wp-content\/uploads\/2022\/01\/BK_60684-Pellet-Shelf-Kit_item_02.png","type":"image\/png"}],"twitter_card":"summary_large_image","schema":{"@context":"https:\/\/schema.org","@graph":[{"@type":"WebPage","@id":"https:\/\/bulaoutdoor.nl\/product\/werktafel-regal-pellet-400\/","url":"https:\/\/bulaoutdoor.nl\/product\/werktafel-regal-pellet-400\/","name":"Table de travail Regal Pellet 400 - Bula Outdoor","isPartOf":{"@id":"https:\/\/bulaoutdoor.nl\/#website"},"primaryImageOfPage":{"@id":"https:\/\/bulaoutdoor.nl\/product\/werktafel-regal-pellet-400\/#primaryimage"},"image":{"@id":"https:\/\/bulaoutdoor.nl\/product\/werktafel-regal-pellet-400\/#primaryimage"},"thumbnailUrl":"https:\/\/bulaoutdoor.nl\/wp-content\/uploads\/2022\/01\/BK_60684-Pellet-Shelf-Kit_item_02.png","datePublished":"2022-01-30T13:30:41+00:00","dateModified":"2023-07-09T13:21:17+00:00","breadcrumb":{"@id":"https:\/\/bulaoutdoor.nl\/product\/werktafel-regal-pellet-400\/#breadcrumb"},"inLanguage":"fr-FR","potentialAction":[{"@type":"ReadAction","target":["https:\/\/bulaoutdoor.nl\/product\/werktafel-regal-pellet-400\/"]}]},{"@type":"ImageObject","inLanguage":"fr-FR","@id":"https:\/\/bulaoutdoor.nl\/product\/werktafel-regal-pellet-400\/#primaryimage","url":"https:\/\/bulaoutdoor.nl\/wp-content\/uploads\/2022\/01\/BK_60684-Pellet-Shelf-Kit_item_02.png","contentUrl":"https:\/\/bulaoutdoor.nl\/wp-content\/uploads\/2022\/01\/BK_60684-Pellet-Shelf-Kit_item_02.png","width":842,"height":842,"caption":"product zelf"},{"@type":"BreadcrumbList","@id":"https:\/\/bulaoutdoor.nl\/product\/werktafel-regal-pellet-400\/#breadcrumb","itemListElement":[{"@type":"ListItem","position":1,"name":"Home","item":"https:\/\/bulaoutdoor.nl\/"},{"@type":"ListItem","position":2,"name":"Online BBQ kopen","item":"https:\/\/bulaoutdoor.nl\/"},{"@type":"ListItem","position":3,"name":"Werktafel Regal Pellet 400"}]},{"@type":"WebSite","@id":"https:\/\/bulaoutdoor.nl\/#website","url":"https:\/\/bulaoutdoor.nl\/","name":"Bula Outdoor","description":"Pour votre chemin\u00e9e ext\u00e9rieure, votre barbecue, votre torche de jardin et votre four \u00e0 bois","publisher":{"@id":"https:\/\/bulaoutdoor.nl\/#organization"},"potentialAction":[{"@type":"SearchAction","target":{"@type":"EntryPoint","urlTemplate":"https:\/\/bulaoutdoor.nl\/?s={search_term_string}"},"query-input":{"@type":"PropertyValueSpecification","valueRequired":true,"valueName":"search_term_string"}}],"inLanguage":"fr-FR"},{"@type":"Organization","@id":"https:\/\/bulaoutdoor.nl\/#organization","name":"Bula Outdoor","url":"https:\/\/bulaoutdoor.nl\/","logo":{"@type":"ImageObject","inLanguage":"fr-FR","@id":"https:\/\/bulaoutdoor.nl\/#\/schema\/logo\/image\/","url":"https:\/\/www.bulaoutdoor.nl\/wp-content\/uploads\/2018\/04\/bulaoutdoor-logo.png","contentUrl":"https:\/\/www.bulaoutdoor.nl\/wp-content\/uploads\/2018\/04\/bulaoutdoor-logo.png","width":324,"height":91,"caption":"Bula Outdoor"},"image":{"@id":"https:\/\/bulaoutdoor.nl\/#\/schema\/logo\/image\/"}}]}},"jetpack_sharing_enabled":true,"_links":{"self":[{"href":"https:\/\/bulaoutdoor.nl\/fr\/wp-json\/wp\/v2\/product\/12895","targetHints":{"allow":["GET"]}}],"collection":[{"href":"https:\/\/bulaoutdoor.nl\/fr\/wp-json\/wp\/v2\/product"}],"about":[{"href":"https:\/\/bulaoutdoor.nl\/fr\/wp-json\/wp\/v2\/types\/product"}],"replies":[{"embeddable":true,"href":"https:\/\/bulaoutdoor.nl\/fr\/wp-json\/wp\/v2\/comments?post=12895"}],"wp:featuredmedia":[{"embeddable":true,"href":"https:\/\/bulaoutdoor.nl\/fr\/wp-json\/wp\/v2\/media\/13473"}],"wp:attachment":[{"href":"https:\/\/bulaoutdoor.nl\/fr\/wp-json\/wp\/v2\/media?parent=12895"}],"wp:term":[{"taxonomy":"product_brand","embeddable":true,"href":"https:\/\/bulaoutdoor.nl\/fr\/wp-json\/wp\/v2\/product_brand?post=12895"},{"taxonomy":"product_cat","embeddable":true,"href":"https:\/\/bulaoutdoor.nl\/fr\/wp-json\/wp\/v2\/product_cat?post=12895"},{"taxonomy":"product_tag","embeddable":true,"href":"https:\/\/bulaoutdoor.nl\/fr\/wp-json\/wp\/v2\/product_tag?post=12895"}],"curies":[{"name":"wp","href":"https:\/\/api.w.org\/{rel}","templated":true}]}}