{"id":12990,"date":"2021-12-06T11:07:13","date_gmt":"2021-12-06T11:07:13","guid":{"rendered":"https:\/\/www.bulaoutdoor.nl\/?post_type=product&#038;p=12990"},"modified":"2023-04-12T14:39:27","modified_gmt":"2023-04-12T14:39:27","slug":"wok-adapte","status":"publish","type":"product","link":"https:\/\/bulaoutdoor.nl\/fr\/product\/exact-fit-wok\/","title":{"rendered":"Wok parfaitement adapt\u00e9"},"content":{"rendered":"<p>Ce wok peut \u00eatre plac\u00e9 sur le barbecue \u00e0 la place d'une des grilles. Le wok est ainsi plus proche de la source de chaleur qu'un wok plac\u00e9 sur la grille.<\/p>\n<p><img loading=\"lazy\" decoding=\"async\" class=\"alignnone wp-image-12991\" src=\"https:\/\/www.bulaoutdoor.nl\/wp-content\/uploads\/2021\/12\/plaatsing-wok-300x300.png\" alt=\"wok de placement\" width=\"458\" height=\"458\" srcset=\"https:\/\/bulaoutdoor.nl\/wp-content\/uploads\/2021\/12\/plaatsing-wok-300x300.png 300w, https:\/\/bulaoutdoor.nl\/wp-content\/uploads\/2021\/12\/plaatsing-wok-150x150.png 150w, https:\/\/bulaoutdoor.nl\/wp-content\/uploads\/2021\/12\/plaatsing-wok-324x324.png 324w, https:\/\/bulaoutdoor.nl\/wp-content\/uploads\/2021\/12\/plaatsing-wok-100x100.png 100w, https:\/\/bulaoutdoor.nl\/wp-content\/uploads\/2021\/12\/plaatsing-wok.png 332w\" sizes=\"auto, (max-width: 458px) 100vw, 458px\" \/><\/p>\n<ul>\n<li>Ce wok est fabriqu\u00e9 en fonte.<\/li>\n<li>Fourni en deux tailles possibles. Imp\u00e9rial\/R\u00e9gal (69618) ou Baron\/Souverain (69617). <strong>Choisissez la bonne taille pour votre barbecue.<\/strong><\/li>\n<li>Id\u00e9al pour les saut\u00e9s \u00e0 haute temp\u00e9rature, gr\u00e2ce \u00e0 sa position basse pr\u00e8s de la source de chaleur.<\/li>\n<li>Commandez deux woks en fonte pour vous faciliter la t\u00e2che.<img loading=\"lazy\" decoding=\"async\" class=\"alignnone wp-image-12992\" src=\"https:\/\/www.bulaoutdoor.nl\/wp-content\/uploads\/2021\/12\/dutch-oven-300x196.jpg\" alt=\"four hollandais\" width=\"468\" height=\"306\" srcset=\"https:\/\/bulaoutdoor.nl\/wp-content\/uploads\/2021\/12\/dutch-oven-300x196.jpg 300w, https:\/\/bulaoutdoor.nl\/wp-content\/uploads\/2021\/12\/dutch-oven.jpg 412w\" sizes=\"auto, (max-width: 468px) 100vw, 468px\" \/><\/li>\n<li>Facile \u00e0 d\u00e9placer <a href=\"https:\/\/bulaoutdoor.nl\/fr\/produit\/grille-de-prehension-broil-king\/\">deux pinces \u00e0 grille.<\/a><img loading=\"lazy\" decoding=\"async\" class=\"alignnone wp-image-13454\" src=\"https:\/\/www.bulaoutdoor.nl\/wp-content\/uploads\/2021\/12\/roosterlifters-300x176.jpg\" alt=\"\" width=\"481\" height=\"282\" srcset=\"https:\/\/bulaoutdoor.nl\/wp-content\/uploads\/2021\/12\/roosterlifters-300x176.jpg 300w, https:\/\/bulaoutdoor.nl\/wp-content\/uploads\/2021\/12\/roosterlifters-416x244.jpg 416w, https:\/\/bulaoutdoor.nl\/wp-content\/uploads\/2021\/12\/roosterlifters.jpg 511w\" sizes=\"auto, (max-width: 481px) 100vw, 481px\" \/><\/li>\n<\/ul>\n<p>Commandez d\u00e8s maintenant le wok qui vous convient chez Bula outdoor, votre sp\u00e9cialiste du bbq !<\/p>\n<p>&nbsp;<\/p>","protected":false},"excerpt":{"rendered":"<p>Avec son emplacement profond, le wok exactement adapt\u00e9 permet de faire des saut\u00e9s \u00e0 haute temp\u00e9rature ou de combiner deux woks pour obtenir un four hollandais. <strong>Choisissez la bonne taille.<\/strong><\/p>","protected":false},"featured_media":13477,"comment_status":"open","ping_status":"closed","template":"","meta":{"_acf_changed":false},"product_brand":[],"product_cat":[892],"product_tag":[974,901],"class_list":{"0":"post-12990","1":"product","2":"type-product","3":"status-publish","4":"has-post-thumbnail","6":"product_cat-broil-king-accessoires","7":"product_tag-broil-king-exact-fit-wok-37069617-37069618-gietijzer","8":"product_tag-broil-king-exact-fit-wok-69617-69618-regal-imperial-baron-gietijzer","10":"first","11":"instock","12":"taxable","13":"shipping-taxable","14":"purchasable","15":"product-type-variable","16":"has-default-attributes"},"acf":[],"yoast_head":"<!-- This site is optimized with the Yoast SEO plugin v27.4 - https:\/\/yoast.com\/product\/yoast-seo-wordpress\/ -->\n<title>Exact fit wok &#8211; Bula Outdoor<\/title>\n<meta name=\"robots\" content=\"index, follow, max-snippet:-1, max-image-preview:large, max-video-preview:-1\" \/>\n<link rel=\"canonical\" href=\"https:\/\/bulaoutdoor.nl\/fr\/produit\/wok-adapte\/\" \/>\n<meta property=\"og:locale\" content=\"fr_FR\" \/>\n<meta property=\"og:type\" content=\"article\" \/>\n<meta property=\"og:title\" content=\"Exact fit wok &#8211; Bula Outdoor\" \/>\n<meta property=\"og:description\" content=\"De exact fit wok geeft met een diepe ligging een mogelijkheid voor sauteren op hoge temperaturen of combineer er twee voor een dutch oven. Kies de juiste maat.\" \/>\n<meta property=\"og:url\" content=\"https:\/\/bulaoutdoor.nl\/fr\/produit\/wok-adapte\/\" \/>\n<meta property=\"og:site_name\" content=\"Bula Outdoor\" \/>\n<meta property=\"article:modified_time\" content=\"2023-04-12T14:39:27+00:00\" \/>\n<meta property=\"og:image\" content=\"https:\/\/bulaoutdoor.nl\/wp-content\/uploads\/2021\/12\/BK_69617-item-01-1.png\" \/>\n\t<meta property=\"og:image:width\" content=\"842\" \/>\n\t<meta property=\"og:image:height\" content=\"842\" \/>\n\t<meta property=\"og:image:type\" content=\"image\/png\" \/>\n<meta name=\"twitter:card\" content=\"summary_large_image\" \/>\n<meta name=\"twitter:label1\" content=\"Dur\u00e9e de lecture estim\u00e9e\" \/>\n\t<meta name=\"twitter:data1\" content=\"2 minutes\" \/>\n<script type=\"application\/ld+json\" class=\"yoast-schema-graph\">{\"@context\":\"https:\\\/\\\/schema.org\",\"@graph\":[{\"@type\":\"WebPage\",\"@id\":\"https:\\\/\\\/bulaoutdoor.nl\\\/product\\\/exact-fit-wok\\\/\",\"url\":\"https:\\\/\\\/bulaoutdoor.nl\\\/product\\\/exact-fit-wok\\\/\",\"name\":\"Exact fit wok &#8211; Bula Outdoor\",\"isPartOf\":{\"@id\":\"https:\\\/\\\/bulaoutdoor.nl\\\/#website\"},\"primaryImageOfPage\":{\"@id\":\"https:\\\/\\\/bulaoutdoor.nl\\\/product\\\/exact-fit-wok\\\/#primaryimage\"},\"image\":{\"@id\":\"https:\\\/\\\/bulaoutdoor.nl\\\/product\\\/exact-fit-wok\\\/#primaryimage\"},\"thumbnailUrl\":\"https:\\\/\\\/bulaoutdoor.nl\\\/wp-content\\\/uploads\\\/2021\\\/12\\\/BK_69617-item-01-1.png\",\"datePublished\":\"2021-12-06T11:07:13+00:00\",\"dateModified\":\"2023-04-12T14:39:27+00:00\",\"breadcrumb\":{\"@id\":\"https:\\\/\\\/bulaoutdoor.nl\\\/product\\\/exact-fit-wok\\\/#breadcrumb\"},\"inLanguage\":\"fr-FR\",\"potentialAction\":[{\"@type\":\"ReadAction\",\"target\":[\"https:\\\/\\\/bulaoutdoor.nl\\\/product\\\/exact-fit-wok\\\/\"]}]},{\"@type\":\"ImageObject\",\"inLanguage\":\"fr-FR\",\"@id\":\"https:\\\/\\\/bulaoutdoor.nl\\\/product\\\/exact-fit-wok\\\/#primaryimage\",\"url\":\"https:\\\/\\\/bulaoutdoor.nl\\\/wp-content\\\/uploads\\\/2021\\\/12\\\/BK_69617-item-01-1.png\",\"contentUrl\":\"https:\\\/\\\/bulaoutdoor.nl\\\/wp-content\\\/uploads\\\/2021\\\/12\\\/BK_69617-item-01-1.png\",\"width\":842,\"height\":842,\"caption\":\"product zelf\"},{\"@type\":\"BreadcrumbList\",\"@id\":\"https:\\\/\\\/bulaoutdoor.nl\\\/product\\\/exact-fit-wok\\\/#breadcrumb\",\"itemListElement\":[{\"@type\":\"ListItem\",\"position\":1,\"name\":\"Home\",\"item\":\"https:\\\/\\\/bulaoutdoor.nl\\\/\"},{\"@type\":\"ListItem\",\"position\":2,\"name\":\"Online BBQ kopen\",\"item\":\"https:\\\/\\\/bulaoutdoor.nl\\\/\"},{\"@type\":\"ListItem\",\"position\":3,\"name\":\"Exact fit wok\"}]},{\"@type\":\"WebSite\",\"@id\":\"https:\\\/\\\/bulaoutdoor.nl\\\/#website\",\"url\":\"https:\\\/\\\/bulaoutdoor.nl\\\/\",\"name\":\"Bula Outdoor\",\"description\":\"Voor uw buitenhaard, BBQ, tuinfakkel en houtoven\",\"publisher\":{\"@id\":\"https:\\\/\\\/bulaoutdoor.nl\\\/#organization\"},\"potentialAction\":[{\"@type\":\"SearchAction\",\"target\":{\"@type\":\"EntryPoint\",\"urlTemplate\":\"https:\\\/\\\/bulaoutdoor.nl\\\/?s={search_term_string}\"},\"query-input\":{\"@type\":\"PropertyValueSpecification\",\"valueRequired\":true,\"valueName\":\"search_term_string\"}}],\"inLanguage\":\"fr-FR\"},{\"@type\":\"Organization\",\"@id\":\"https:\\\/\\\/bulaoutdoor.nl\\\/#organization\",\"name\":\"Bula Outdoor\",\"url\":\"https:\\\/\\\/bulaoutdoor.nl\\\/\",\"logo\":{\"@type\":\"ImageObject\",\"inLanguage\":\"fr-FR\",\"@id\":\"https:\\\/\\\/bulaoutdoor.nl\\\/#\\\/schema\\\/logo\\\/image\\\/\",\"url\":\"https:\\\/\\\/www.bulaoutdoor.nl\\\/wp-content\\\/uploads\\\/2018\\\/04\\\/bulaoutdoor-logo.png\",\"contentUrl\":\"https:\\\/\\\/www.bulaoutdoor.nl\\\/wp-content\\\/uploads\\\/2018\\\/04\\\/bulaoutdoor-logo.png\",\"width\":324,\"height\":91,\"caption\":\"Bula Outdoor\"},\"image\":{\"@id\":\"https:\\\/\\\/bulaoutdoor.nl\\\/#\\\/schema\\\/logo\\\/image\\\/\"}}]}<\/script>\n<!-- \/ Yoast SEO plugin. -->","yoast_head_json":{"title":"Wok adapt\u00e9 - Bula Outdoor","robots":{"index":"index","follow":"follow","max-snippet":"max-snippet:-1","max-image-preview":"max-image-preview:large","max-video-preview":"max-video-preview:-1"},"canonical":"https:\/\/bulaoutdoor.nl\/fr\/produit\/wok-adapte\/","og_locale":"fr_FR","og_type":"article","og_title":"Exact fit wok &#8211; Bula Outdoor","og_description":"De exact fit wok geeft met een diepe ligging een mogelijkheid voor sauteren op hoge temperaturen of combineer er twee voor een dutch oven. Kies de juiste maat.","og_url":"https:\/\/bulaoutdoor.nl\/fr\/produit\/wok-adapte\/","og_site_name":"Bula Outdoor","article_modified_time":"2023-04-12T14:39:27+00:00","og_image":[{"width":842,"height":842,"url":"https:\/\/bulaoutdoor.nl\/wp-content\/uploads\/2021\/12\/BK_69617-item-01-1.png","type":"image\/png"}],"twitter_card":"summary_large_image","twitter_misc":{"Dur\u00e9e de lecture estim\u00e9e":"2 minutes"},"schema":{"@context":"https:\/\/schema.org","@graph":[{"@type":"WebPage","@id":"https:\/\/bulaoutdoor.nl\/product\/exact-fit-wok\/","url":"https:\/\/bulaoutdoor.nl\/product\/exact-fit-wok\/","name":"Wok adapt\u00e9 - Bula Outdoor","isPartOf":{"@id":"https:\/\/bulaoutdoor.nl\/#website"},"primaryImageOfPage":{"@id":"https:\/\/bulaoutdoor.nl\/product\/exact-fit-wok\/#primaryimage"},"image":{"@id":"https:\/\/bulaoutdoor.nl\/product\/exact-fit-wok\/#primaryimage"},"thumbnailUrl":"https:\/\/bulaoutdoor.nl\/wp-content\/uploads\/2021\/12\/BK_69617-item-01-1.png","datePublished":"2021-12-06T11:07:13+00:00","dateModified":"2023-04-12T14:39:27+00:00","breadcrumb":{"@id":"https:\/\/bulaoutdoor.nl\/product\/exact-fit-wok\/#breadcrumb"},"inLanguage":"fr-FR","potentialAction":[{"@type":"ReadAction","target":["https:\/\/bulaoutdoor.nl\/product\/exact-fit-wok\/"]}]},{"@type":"ImageObject","inLanguage":"fr-FR","@id":"https:\/\/bulaoutdoor.nl\/product\/exact-fit-wok\/#primaryimage","url":"https:\/\/bulaoutdoor.nl\/wp-content\/uploads\/2021\/12\/BK_69617-item-01-1.png","contentUrl":"https:\/\/bulaoutdoor.nl\/wp-content\/uploads\/2021\/12\/BK_69617-item-01-1.png","width":842,"height":842,"caption":"product zelf"},{"@type":"BreadcrumbList","@id":"https:\/\/bulaoutdoor.nl\/product\/exact-fit-wok\/#breadcrumb","itemListElement":[{"@type":"ListItem","position":1,"name":"Home","item":"https:\/\/bulaoutdoor.nl\/"},{"@type":"ListItem","position":2,"name":"Online BBQ kopen","item":"https:\/\/bulaoutdoor.nl\/"},{"@type":"ListItem","position":3,"name":"Exact fit wok"}]},{"@type":"WebSite","@id":"https:\/\/bulaoutdoor.nl\/#website","url":"https:\/\/bulaoutdoor.nl\/","name":"Bula Outdoor","description":"Pour votre chemin\u00e9e ext\u00e9rieure, votre barbecue, votre torche de jardin et votre four \u00e0 bois","publisher":{"@id":"https:\/\/bulaoutdoor.nl\/#organization"},"potentialAction":[{"@type":"SearchAction","target":{"@type":"EntryPoint","urlTemplate":"https:\/\/bulaoutdoor.nl\/?s={search_term_string}"},"query-input":{"@type":"PropertyValueSpecification","valueRequired":true,"valueName":"search_term_string"}}],"inLanguage":"fr-FR"},{"@type":"Organization","@id":"https:\/\/bulaoutdoor.nl\/#organization","name":"Bula Outdoor","url":"https:\/\/bulaoutdoor.nl\/","logo":{"@type":"ImageObject","inLanguage":"fr-FR","@id":"https:\/\/bulaoutdoor.nl\/#\/schema\/logo\/image\/","url":"https:\/\/www.bulaoutdoor.nl\/wp-content\/uploads\/2018\/04\/bulaoutdoor-logo.png","contentUrl":"https:\/\/www.bulaoutdoor.nl\/wp-content\/uploads\/2018\/04\/bulaoutdoor-logo.png","width":324,"height":91,"caption":"Bula Outdoor"},"image":{"@id":"https:\/\/bulaoutdoor.nl\/#\/schema\/logo\/image\/"}}]}},"jetpack_sharing_enabled":true,"_links":{"self":[{"href":"https:\/\/bulaoutdoor.nl\/fr\/wp-json\/wp\/v2\/product\/12990","targetHints":{"allow":["GET"]}}],"collection":[{"href":"https:\/\/bulaoutdoor.nl\/fr\/wp-json\/wp\/v2\/product"}],"about":[{"href":"https:\/\/bulaoutdoor.nl\/fr\/wp-json\/wp\/v2\/types\/product"}],"replies":[{"embeddable":true,"href":"https:\/\/bulaoutdoor.nl\/fr\/wp-json\/wp\/v2\/comments?post=12990"}],"wp:featuredmedia":[{"embeddable":true,"href":"https:\/\/bulaoutdoor.nl\/fr\/wp-json\/wp\/v2\/media\/13477"}],"wp:attachment":[{"href":"https:\/\/bulaoutdoor.nl\/fr\/wp-json\/wp\/v2\/media?parent=12990"}],"wp:term":[{"taxonomy":"product_brand","embeddable":true,"href":"https:\/\/bulaoutdoor.nl\/fr\/wp-json\/wp\/v2\/product_brand?post=12990"},{"taxonomy":"product_cat","embeddable":true,"href":"https:\/\/bulaoutdoor.nl\/fr\/wp-json\/wp\/v2\/product_cat?post=12990"},{"taxonomy":"product_tag","embeddable":true,"href":"https:\/\/bulaoutdoor.nl\/fr\/wp-json\/wp\/v2\/product_tag?post=12990"}],"curies":[{"name":"wp","href":"https:\/\/api.w.org\/{rel}","templated":true}]}}