{"id":13280,"date":"2022-01-13T22:09:38","date_gmt":"2022-01-13T22:09:38","guid":{"rendered":"https:\/\/www.bulaoutdoor.nl\/?post_type=product&#038;p=13280"},"modified":"2023-06-21T09:22:37","modified_gmt":"2023-06-21T09:22:37","slug":"vagues-de-saveurs-pour-broil-king","status":"publish","type":"product","link":"https:\/\/bulaoutdoor.nl\/fr\/product\/flav-r-waves-voor-broil-king\/","title":{"rendered":"Flav-R-Waves pour Broil King"},"content":{"rendered":"<p>Flav-R-Waves de remplacement pour les barbecues \u00e0 gaz Broil King.<\/p>\n<p>S\u00e9lectionnez le mod\u00e8le de votre barbecue pour obtenir le bon Flav-R-Waves.<\/p>\n<ul>\n<li>Imp\u00e9rial, R\u00e9gal<\/li>\n<li>Baron<\/li>\n<li>Monarque, Royal, Souverain, Signe<\/li>\n<\/ul>\n<p>Commandez le Flav-R-Waves pour Broil King maintenant chez Bula Outdoor, votre sp\u00e9cialiste en bbq !<\/p>","protected":false},"excerpt":{"rendered":"<p>S\u00e9lectionnez le groupe avec votre mod\u00e8le de bbq pour le Flav-R-Waves correct.<\/p>","protected":false},"featured_media":13408,"comment_status":"open","ping_status":"closed","template":"","meta":{"_acf_changed":false},"product_brand":[],"product_cat":[892],"product_tag":[947,948,949],"class_list":{"0":"post-13280","1":"product","2":"type-product","3":"status-publish","4":"has-post-thumbnail","6":"product_cat-broil-king-accessoires","7":"product_tag-flav-r-wave-broil-king-dual-tube-imperial-regal-monarch-baron","8":"product_tag-flav-r-wave-broil-king-royal-sovereign-signet","9":"product_tag-flav-r-wave-broil-king-vervanging-18433-18431-18429","11":"first","12":"instock","13":"taxable","14":"shipping-taxable","15":"purchasable","16":"product-type-variable"},"acf":[],"yoast_head":"<!-- This site is optimized with the Yoast SEO plugin v27.3 - https:\/\/yoast.com\/product\/yoast-seo-wordpress\/ -->\n<title>Flav-R-Waves voor Broil King &#8211; Bula Outdoor<\/title>\n<meta name=\"robots\" content=\"index, follow, max-snippet:-1, max-image-preview:large, max-video-preview:-1\" \/>\n<link rel=\"canonical\" href=\"https:\/\/bulaoutdoor.nl\/fr\/produit\/vagues-de-saveurs-pour-broil-king\/\" \/>\n<meta property=\"og:locale\" content=\"fr_FR\" \/>\n<meta property=\"og:type\" content=\"article\" \/>\n<meta property=\"og:title\" content=\"Flav-R-Waves voor Broil King &#8211; Bula Outdoor\" \/>\n<meta property=\"og:description\" content=\"Selecteer de groep met jouw bbq model voor de juiste Flav-R-Waves.\" \/>\n<meta property=\"og:url\" content=\"https:\/\/bulaoutdoor.nl\/fr\/produit\/vagues-de-saveurs-pour-broil-king\/\" \/>\n<meta property=\"og:site_name\" content=\"Bula Outdoor\" \/>\n<meta property=\"article:modified_time\" content=\"2023-06-21T09:22:37+00:00\" \/>\n<meta property=\"og:image\" content=\"https:\/\/bulaoutdoor.nl\/wp-content\/uploads\/2022\/01\/BK_18433_item_01-1.png\" \/>\n\t<meta property=\"og:image:width\" content=\"842\" \/>\n\t<meta property=\"og:image:height\" content=\"836\" \/>\n\t<meta property=\"og:image:type\" content=\"image\/png\" \/>\n<meta name=\"twitter:card\" content=\"summary_large_image\" \/>\n<meta name=\"twitter:label1\" content=\"Dur\u00e9e de lecture estim\u00e9e\" \/>\n\t<meta name=\"twitter:data1\" content=\"1 minute\" \/>\n<script type=\"application\/ld+json\" class=\"yoast-schema-graph\">{\"@context\":\"https:\\\/\\\/schema.org\",\"@graph\":[{\"@type\":\"WebPage\",\"@id\":\"https:\\\/\\\/bulaoutdoor.nl\\\/product\\\/flav-r-waves-voor-broil-king\\\/\",\"url\":\"https:\\\/\\\/bulaoutdoor.nl\\\/product\\\/flav-r-waves-voor-broil-king\\\/\",\"name\":\"Flav-R-Waves voor Broil King &#8211; Bula Outdoor\",\"isPartOf\":{\"@id\":\"https:\\\/\\\/bulaoutdoor.nl\\\/#website\"},\"primaryImageOfPage\":{\"@id\":\"https:\\\/\\\/bulaoutdoor.nl\\\/product\\\/flav-r-waves-voor-broil-king\\\/#primaryimage\"},\"image\":{\"@id\":\"https:\\\/\\\/bulaoutdoor.nl\\\/product\\\/flav-r-waves-voor-broil-king\\\/#primaryimage\"},\"thumbnailUrl\":\"https:\\\/\\\/bulaoutdoor.nl\\\/wp-content\\\/uploads\\\/2022\\\/01\\\/BK_18433_item_01-1.png\",\"datePublished\":\"2022-01-13T22:09:38+00:00\",\"dateModified\":\"2023-06-21T09:22:37+00:00\",\"breadcrumb\":{\"@id\":\"https:\\\/\\\/bulaoutdoor.nl\\\/product\\\/flav-r-waves-voor-broil-king\\\/#breadcrumb\"},\"inLanguage\":\"fr-FR\",\"potentialAction\":[{\"@type\":\"ReadAction\",\"target\":[\"https:\\\/\\\/bulaoutdoor.nl\\\/product\\\/flav-r-waves-voor-broil-king\\\/\"]}]},{\"@type\":\"ImageObject\",\"inLanguage\":\"fr-FR\",\"@id\":\"https:\\\/\\\/bulaoutdoor.nl\\\/product\\\/flav-r-waves-voor-broil-king\\\/#primaryimage\",\"url\":\"https:\\\/\\\/bulaoutdoor.nl\\\/wp-content\\\/uploads\\\/2022\\\/01\\\/BK_18433_item_01-1.png\",\"contentUrl\":\"https:\\\/\\\/bulaoutdoor.nl\\\/wp-content\\\/uploads\\\/2022\\\/01\\\/BK_18433_item_01-1.png\",\"width\":842,\"height\":836,\"caption\":\"product zelf\"},{\"@type\":\"BreadcrumbList\",\"@id\":\"https:\\\/\\\/bulaoutdoor.nl\\\/product\\\/flav-r-waves-voor-broil-king\\\/#breadcrumb\",\"itemListElement\":[{\"@type\":\"ListItem\",\"position\":1,\"name\":\"Home\",\"item\":\"https:\\\/\\\/bulaoutdoor.nl\\\/\"},{\"@type\":\"ListItem\",\"position\":2,\"name\":\"Online BBQ kopen\",\"item\":\"https:\\\/\\\/bulaoutdoor.nl\\\/\"},{\"@type\":\"ListItem\",\"position\":3,\"name\":\"Flav-R-Waves voor Broil King\"}]},{\"@type\":\"WebSite\",\"@id\":\"https:\\\/\\\/bulaoutdoor.nl\\\/#website\",\"url\":\"https:\\\/\\\/bulaoutdoor.nl\\\/\",\"name\":\"Bula Outdoor\",\"description\":\"Voor uw buitenhaard, BBQ, tuinfakkel en houtoven\",\"publisher\":{\"@id\":\"https:\\\/\\\/bulaoutdoor.nl\\\/#organization\"},\"potentialAction\":[{\"@type\":\"SearchAction\",\"target\":{\"@type\":\"EntryPoint\",\"urlTemplate\":\"https:\\\/\\\/bulaoutdoor.nl\\\/?s={search_term_string}\"},\"query-input\":{\"@type\":\"PropertyValueSpecification\",\"valueRequired\":true,\"valueName\":\"search_term_string\"}}],\"inLanguage\":\"fr-FR\"},{\"@type\":\"Organization\",\"@id\":\"https:\\\/\\\/bulaoutdoor.nl\\\/#organization\",\"name\":\"Bula Outdoor\",\"url\":\"https:\\\/\\\/bulaoutdoor.nl\\\/\",\"logo\":{\"@type\":\"ImageObject\",\"inLanguage\":\"fr-FR\",\"@id\":\"https:\\\/\\\/bulaoutdoor.nl\\\/#\\\/schema\\\/logo\\\/image\\\/\",\"url\":\"https:\\\/\\\/www.bulaoutdoor.nl\\\/wp-content\\\/uploads\\\/2018\\\/04\\\/bulaoutdoor-logo.png\",\"contentUrl\":\"https:\\\/\\\/www.bulaoutdoor.nl\\\/wp-content\\\/uploads\\\/2018\\\/04\\\/bulaoutdoor-logo.png\",\"width\":324,\"height\":91,\"caption\":\"Bula Outdoor\"},\"image\":{\"@id\":\"https:\\\/\\\/bulaoutdoor.nl\\\/#\\\/schema\\\/logo\\\/image\\\/\"}}]}<\/script>\n<!-- \/ Yoast SEO plugin. -->","yoast_head_json":{"title":"Flav-R-Waves pour Broil King - Bula Outdoor","robots":{"index":"index","follow":"follow","max-snippet":"max-snippet:-1","max-image-preview":"max-image-preview:large","max-video-preview":"max-video-preview:-1"},"canonical":"https:\/\/bulaoutdoor.nl\/fr\/produit\/vagues-de-saveurs-pour-broil-king\/","og_locale":"fr_FR","og_type":"article","og_title":"Flav-R-Waves voor Broil King &#8211; Bula Outdoor","og_description":"Selecteer de groep met jouw bbq model voor de juiste Flav-R-Waves.","og_url":"https:\/\/bulaoutdoor.nl\/fr\/produit\/vagues-de-saveurs-pour-broil-king\/","og_site_name":"Bula Outdoor","article_modified_time":"2023-06-21T09:22:37+00:00","og_image":[{"width":842,"height":836,"url":"https:\/\/bulaoutdoor.nl\/wp-content\/uploads\/2022\/01\/BK_18433_item_01-1.png","type":"image\/png"}],"twitter_card":"summary_large_image","twitter_misc":{"Dur\u00e9e de lecture estim\u00e9e":"1 minute"},"schema":{"@context":"https:\/\/schema.org","@graph":[{"@type":"WebPage","@id":"https:\/\/bulaoutdoor.nl\/product\/flav-r-waves-voor-broil-king\/","url":"https:\/\/bulaoutdoor.nl\/product\/flav-r-waves-voor-broil-king\/","name":"Flav-R-Waves pour Broil King - Bula Outdoor","isPartOf":{"@id":"https:\/\/bulaoutdoor.nl\/#website"},"primaryImageOfPage":{"@id":"https:\/\/bulaoutdoor.nl\/product\/flav-r-waves-voor-broil-king\/#primaryimage"},"image":{"@id":"https:\/\/bulaoutdoor.nl\/product\/flav-r-waves-voor-broil-king\/#primaryimage"},"thumbnailUrl":"https:\/\/bulaoutdoor.nl\/wp-content\/uploads\/2022\/01\/BK_18433_item_01-1.png","datePublished":"2022-01-13T22:09:38+00:00","dateModified":"2023-06-21T09:22:37+00:00","breadcrumb":{"@id":"https:\/\/bulaoutdoor.nl\/product\/flav-r-waves-voor-broil-king\/#breadcrumb"},"inLanguage":"fr-FR","potentialAction":[{"@type":"ReadAction","target":["https:\/\/bulaoutdoor.nl\/product\/flav-r-waves-voor-broil-king\/"]}]},{"@type":"ImageObject","inLanguage":"fr-FR","@id":"https:\/\/bulaoutdoor.nl\/product\/flav-r-waves-voor-broil-king\/#primaryimage","url":"https:\/\/bulaoutdoor.nl\/wp-content\/uploads\/2022\/01\/BK_18433_item_01-1.png","contentUrl":"https:\/\/bulaoutdoor.nl\/wp-content\/uploads\/2022\/01\/BK_18433_item_01-1.png","width":842,"height":836,"caption":"product zelf"},{"@type":"BreadcrumbList","@id":"https:\/\/bulaoutdoor.nl\/product\/flav-r-waves-voor-broil-king\/#breadcrumb","itemListElement":[{"@type":"ListItem","position":1,"name":"Home","item":"https:\/\/bulaoutdoor.nl\/"},{"@type":"ListItem","position":2,"name":"Online BBQ kopen","item":"https:\/\/bulaoutdoor.nl\/"},{"@type":"ListItem","position":3,"name":"Flav-R-Waves voor Broil King"}]},{"@type":"WebSite","@id":"https:\/\/bulaoutdoor.nl\/#website","url":"https:\/\/bulaoutdoor.nl\/","name":"Bula Outdoor","description":"Pour votre chemin\u00e9e ext\u00e9rieure, votre barbecue, votre torche de jardin et votre four \u00e0 bois","publisher":{"@id":"https:\/\/bulaoutdoor.nl\/#organization"},"potentialAction":[{"@type":"SearchAction","target":{"@type":"EntryPoint","urlTemplate":"https:\/\/bulaoutdoor.nl\/?s={search_term_string}"},"query-input":{"@type":"PropertyValueSpecification","valueRequired":true,"valueName":"search_term_string"}}],"inLanguage":"fr-FR"},{"@type":"Organization","@id":"https:\/\/bulaoutdoor.nl\/#organization","name":"Bula Outdoor","url":"https:\/\/bulaoutdoor.nl\/","logo":{"@type":"ImageObject","inLanguage":"fr-FR","@id":"https:\/\/bulaoutdoor.nl\/#\/schema\/logo\/image\/","url":"https:\/\/www.bulaoutdoor.nl\/wp-content\/uploads\/2018\/04\/bulaoutdoor-logo.png","contentUrl":"https:\/\/www.bulaoutdoor.nl\/wp-content\/uploads\/2018\/04\/bulaoutdoor-logo.png","width":324,"height":91,"caption":"Bula Outdoor"},"image":{"@id":"https:\/\/bulaoutdoor.nl\/#\/schema\/logo\/image\/"}}]}},"jetpack_sharing_enabled":true,"_links":{"self":[{"href":"https:\/\/bulaoutdoor.nl\/fr\/wp-json\/wp\/v2\/product\/13280","targetHints":{"allow":["GET"]}}],"collection":[{"href":"https:\/\/bulaoutdoor.nl\/fr\/wp-json\/wp\/v2\/product"}],"about":[{"href":"https:\/\/bulaoutdoor.nl\/fr\/wp-json\/wp\/v2\/types\/product"}],"replies":[{"embeddable":true,"href":"https:\/\/bulaoutdoor.nl\/fr\/wp-json\/wp\/v2\/comments?post=13280"}],"wp:featuredmedia":[{"embeddable":true,"href":"https:\/\/bulaoutdoor.nl\/fr\/wp-json\/wp\/v2\/media\/13408"}],"wp:attachment":[{"href":"https:\/\/bulaoutdoor.nl\/fr\/wp-json\/wp\/v2\/media?parent=13280"}],"wp:term":[{"taxonomy":"product_brand","embeddable":true,"href":"https:\/\/bulaoutdoor.nl\/fr\/wp-json\/wp\/v2\/product_brand?post=13280"},{"taxonomy":"product_cat","embeddable":true,"href":"https:\/\/bulaoutdoor.nl\/fr\/wp-json\/wp\/v2\/product_cat?post=13280"},{"taxonomy":"product_tag","embeddable":true,"href":"https:\/\/bulaoutdoor.nl\/fr\/wp-json\/wp\/v2\/product_tag?post=13280"}],"curies":[{"name":"wp","href":"https:\/\/api.w.org\/{rel}","templated":true}]}}