{"id":13664,"date":"2022-03-18T21:03:06","date_gmt":"2022-03-18T21:03:06","guid":{"rendered":"https:\/\/www.bulaoutdoor.nl\/?post_type=product&#038;p=13664"},"modified":"2022-04-08T16:14:38","modified_gmt":"2022-04-08T16:14:38","slug":"meubles-de-jardin-houe","status":"publish","type":"product","link":"https:\/\/bulaoutdoor.nl\/fr\/product\/houe-tuinmeubels\/","title":{"rendered":"Meubles de jardin Houe"},"content":{"rendered":"<p>Commandez maintenant tous les autres meubles d'ext\u00e9rieur Houe \u00e9galement chez Bula Outdoor. Houe apporte un style moderne \u00e0 votre jardin avec des designs \u00e9l\u00e9gants.<\/p>\n<p>Les meubles Houe se caract\u00e9risent par leurs magnifiques accents en bambou, combin\u00e9s \u00e0 un cadre en m\u00e9tal rev\u00eatu de poudre. Mais il y a aussi quelque chose pour ceux qui recherchent quelque chose de diff\u00e9rent. Toutes les informations sur les prix et les produits Houe sont toujours visibles sur le site de Houe. <a href=\"https:\/\/houe.com\/\" target=\"_blank\" rel=\"noopener\">Houe.<\/a><\/p>\n<p>Gr\u00e2ce aux informations que vous trouverez sur le site Houe, vous pouvez contacter directement Bula Outdoor pour nous faire part de vos souhaits !<\/p>\n<p>Naviguer rapidement vers les bons produits ?<\/p>\n<ul>\n<li><a href=\"https:\/\/houe.com\/Products\/Outdoor-Chairs\" target=\"_blank\" rel=\"noopener\">Chaises d'ext\u00e9rieur Houe<\/a><\/li>\n<li><a href=\"https:\/\/houe.com\/Products\/Outdoor-Tables\" target=\"_blank\" rel=\"noopener\">Tables d'ext\u00e9rieur Houe<\/a><\/li>\n<li><a href=\"https:\/\/houe.com\/Products\/Outdoor-Lounge\" target=\"_blank\" rel=\"noopener\">Salon ext\u00e9rieur Houe<\/a><\/li>\n<\/ul>\n<div>\n<p>Faites-nous part de vos souhaits ou demandez une offre d\u00e8s maintenant ! Visiter\u00a0<a href=\"https:\/\/bulaoutdoor.nl\/fr\/contact\/\" target=\"_blank\" rel=\"noopener\">contact<\/a>\u00a0on avec Bula Outdoor\u00a0<a href=\"mailto:info@bulaoutdoor.nl\">info@bulaoutdoor.nl<\/a>\u00a0ou appeler\u00a0<a href=\"tel:0031355330658\" target=\"_blank\" rel=\"noopener\">035-5330658<\/a><\/p>\n<\/div>","protected":false},"excerpt":{"rendered":"<p>La collection compl\u00e8te de meubles d'ext\u00e9rieur de Houe est maintenant disponible chez Bula Outdoor. Cliquez ici pour obtenir des informations sur les commandes.<\/p>","protected":false},"featured_media":13730,"comment_status":"open","ping_status":"closed","template":"","meta":{"_acf_changed":false},"product_brand":[],"product_cat":[23],"product_tag":[989],"class_list":{"0":"post-13664","1":"product","2":"type-product","3":"status-publish","4":"has-post-thumbnail","6":"product_cat-houe-meubels","7":"product_tag-houe-tuinmeubels","9":"first","10":"instock","11":"taxable","12":"shipping-taxable","13":"product-type-simple"},"acf":[],"yoast_head":"<!-- This site is optimized with the Yoast SEO plugin v27.4 - https:\/\/yoast.com\/product\/yoast-seo-wordpress\/ -->\n<title>Houe tuinmeubels &#8211; Bula Outdoor<\/title>\n<meta name=\"robots\" content=\"index, follow, max-snippet:-1, max-image-preview:large, max-video-preview:-1\" \/>\n<link rel=\"canonical\" href=\"https:\/\/bulaoutdoor.nl\/fr\/produit\/meubles-de-jardin-houe\/\" \/>\n<meta property=\"og:locale\" content=\"fr_FR\" \/>\n<meta property=\"og:type\" content=\"article\" \/>\n<meta property=\"og:title\" content=\"Houe tuinmeubels &#8211; Bula Outdoor\" \/>\n<meta property=\"og:description\" content=\"De complete collectie outdoor meubels van Houe nu beschikbaar bij Bula Outdoor. Kijk hier voor de informatie om te bestellen.\" \/>\n<meta property=\"og:url\" content=\"https:\/\/bulaoutdoor.nl\/fr\/produit\/meubles-de-jardin-houe\/\" \/>\n<meta property=\"og:site_name\" content=\"Bula Outdoor\" \/>\n<meta property=\"article:modified_time\" content=\"2022-04-08T16:14:38+00:00\" \/>\n<meta property=\"og:image\" content=\"https:\/\/bulaoutdoor.nl\/wp-content\/uploads\/2022\/03\/houe-all-white-.jpg\" \/>\n\t<meta property=\"og:image:width\" content=\"900\" \/>\n\t<meta property=\"og:image:height\" content=\"900\" \/>\n\t<meta property=\"og:image:type\" content=\"image\/jpeg\" \/>\n<meta name=\"twitter:card\" content=\"summary_large_image\" \/>\n<meta name=\"twitter:label1\" content=\"Dur\u00e9e de lecture estim\u00e9e\" \/>\n\t<meta name=\"twitter:data1\" content=\"1 minute\" \/>\n<script type=\"application\/ld+json\" class=\"yoast-schema-graph\">{\"@context\":\"https:\\\/\\\/schema.org\",\"@graph\":[{\"@type\":\"WebPage\",\"@id\":\"https:\\\/\\\/bulaoutdoor.nl\\\/product\\\/houe-tuinmeubels\\\/\",\"url\":\"https:\\\/\\\/bulaoutdoor.nl\\\/product\\\/houe-tuinmeubels\\\/\",\"name\":\"Houe tuinmeubels &#8211; Bula Outdoor\",\"isPartOf\":{\"@id\":\"https:\\\/\\\/bulaoutdoor.nl\\\/#website\"},\"primaryImageOfPage\":{\"@id\":\"https:\\\/\\\/bulaoutdoor.nl\\\/product\\\/houe-tuinmeubels\\\/#primaryimage\"},\"image\":{\"@id\":\"https:\\\/\\\/bulaoutdoor.nl\\\/product\\\/houe-tuinmeubels\\\/#primaryimage\"},\"thumbnailUrl\":\"https:\\\/\\\/bulaoutdoor.nl\\\/wp-content\\\/uploads\\\/2022\\\/03\\\/houe-all-white-.jpg\",\"datePublished\":\"2022-03-18T21:03:06+00:00\",\"dateModified\":\"2022-04-08T16:14:38+00:00\",\"breadcrumb\":{\"@id\":\"https:\\\/\\\/bulaoutdoor.nl\\\/product\\\/houe-tuinmeubels\\\/#breadcrumb\"},\"inLanguage\":\"fr-FR\",\"potentialAction\":[{\"@type\":\"ReadAction\",\"target\":[\"https:\\\/\\\/bulaoutdoor.nl\\\/product\\\/houe-tuinmeubels\\\/\"]}]},{\"@type\":\"ImageObject\",\"inLanguage\":\"fr-FR\",\"@id\":\"https:\\\/\\\/bulaoutdoor.nl\\\/product\\\/houe-tuinmeubels\\\/#primaryimage\",\"url\":\"https:\\\/\\\/bulaoutdoor.nl\\\/wp-content\\\/uploads\\\/2022\\\/03\\\/houe-all-white-.jpg\",\"contentUrl\":\"https:\\\/\\\/bulaoutdoor.nl\\\/wp-content\\\/uploads\\\/2022\\\/03\\\/houe-all-white-.jpg\",\"width\":900,\"height\":900,\"caption\":\"cat\"},{\"@type\":\"BreadcrumbList\",\"@id\":\"https:\\\/\\\/bulaoutdoor.nl\\\/product\\\/houe-tuinmeubels\\\/#breadcrumb\",\"itemListElement\":[{\"@type\":\"ListItem\",\"position\":1,\"name\":\"Home\",\"item\":\"https:\\\/\\\/bulaoutdoor.nl\\\/\"},{\"@type\":\"ListItem\",\"position\":2,\"name\":\"Online BBQ kopen\",\"item\":\"https:\\\/\\\/bulaoutdoor.nl\\\/\"},{\"@type\":\"ListItem\",\"position\":3,\"name\":\"Houe tuinmeubels\"}]},{\"@type\":\"WebSite\",\"@id\":\"https:\\\/\\\/bulaoutdoor.nl\\\/#website\",\"url\":\"https:\\\/\\\/bulaoutdoor.nl\\\/\",\"name\":\"Bula Outdoor\",\"description\":\"Voor uw buitenhaard, BBQ, tuinfakkel en houtoven\",\"publisher\":{\"@id\":\"https:\\\/\\\/bulaoutdoor.nl\\\/#organization\"},\"potentialAction\":[{\"@type\":\"SearchAction\",\"target\":{\"@type\":\"EntryPoint\",\"urlTemplate\":\"https:\\\/\\\/bulaoutdoor.nl\\\/?s={search_term_string}\"},\"query-input\":{\"@type\":\"PropertyValueSpecification\",\"valueRequired\":true,\"valueName\":\"search_term_string\"}}],\"inLanguage\":\"fr-FR\"},{\"@type\":\"Organization\",\"@id\":\"https:\\\/\\\/bulaoutdoor.nl\\\/#organization\",\"name\":\"Bula Outdoor\",\"url\":\"https:\\\/\\\/bulaoutdoor.nl\\\/\",\"logo\":{\"@type\":\"ImageObject\",\"inLanguage\":\"fr-FR\",\"@id\":\"https:\\\/\\\/bulaoutdoor.nl\\\/#\\\/schema\\\/logo\\\/image\\\/\",\"url\":\"https:\\\/\\\/www.bulaoutdoor.nl\\\/wp-content\\\/uploads\\\/2018\\\/04\\\/bulaoutdoor-logo.png\",\"contentUrl\":\"https:\\\/\\\/www.bulaoutdoor.nl\\\/wp-content\\\/uploads\\\/2018\\\/04\\\/bulaoutdoor-logo.png\",\"width\":324,\"height\":91,\"caption\":\"Bula Outdoor\"},\"image\":{\"@id\":\"https:\\\/\\\/bulaoutdoor.nl\\\/#\\\/schema\\\/logo\\\/image\\\/\"}}]}<\/script>\n<!-- \/ Yoast SEO plugin. -->","yoast_head_json":{"title":"Meubles de jardin Houe - Bula Outdoor","robots":{"index":"index","follow":"follow","max-snippet":"max-snippet:-1","max-image-preview":"max-image-preview:large","max-video-preview":"max-video-preview:-1"},"canonical":"https:\/\/bulaoutdoor.nl\/fr\/produit\/meubles-de-jardin-houe\/","og_locale":"fr_FR","og_type":"article","og_title":"Houe tuinmeubels &#8211; Bula Outdoor","og_description":"De complete collectie outdoor meubels van Houe nu beschikbaar bij Bula Outdoor. Kijk hier voor de informatie om te bestellen.","og_url":"https:\/\/bulaoutdoor.nl\/fr\/produit\/meubles-de-jardin-houe\/","og_site_name":"Bula Outdoor","article_modified_time":"2022-04-08T16:14:38+00:00","og_image":[{"width":900,"height":900,"url":"https:\/\/bulaoutdoor.nl\/wp-content\/uploads\/2022\/03\/houe-all-white-.jpg","type":"image\/jpeg"}],"twitter_card":"summary_large_image","twitter_misc":{"Dur\u00e9e de lecture estim\u00e9e":"1 minute"},"schema":{"@context":"https:\/\/schema.org","@graph":[{"@type":"WebPage","@id":"https:\/\/bulaoutdoor.nl\/product\/houe-tuinmeubels\/","url":"https:\/\/bulaoutdoor.nl\/product\/houe-tuinmeubels\/","name":"Meubles de jardin Houe - Bula Outdoor","isPartOf":{"@id":"https:\/\/bulaoutdoor.nl\/#website"},"primaryImageOfPage":{"@id":"https:\/\/bulaoutdoor.nl\/product\/houe-tuinmeubels\/#primaryimage"},"image":{"@id":"https:\/\/bulaoutdoor.nl\/product\/houe-tuinmeubels\/#primaryimage"},"thumbnailUrl":"https:\/\/bulaoutdoor.nl\/wp-content\/uploads\/2022\/03\/houe-all-white-.jpg","datePublished":"2022-03-18T21:03:06+00:00","dateModified":"2022-04-08T16:14:38+00:00","breadcrumb":{"@id":"https:\/\/bulaoutdoor.nl\/product\/houe-tuinmeubels\/#breadcrumb"},"inLanguage":"fr-FR","potentialAction":[{"@type":"ReadAction","target":["https:\/\/bulaoutdoor.nl\/product\/houe-tuinmeubels\/"]}]},{"@type":"ImageObject","inLanguage":"fr-FR","@id":"https:\/\/bulaoutdoor.nl\/product\/houe-tuinmeubels\/#primaryimage","url":"https:\/\/bulaoutdoor.nl\/wp-content\/uploads\/2022\/03\/houe-all-white-.jpg","contentUrl":"https:\/\/bulaoutdoor.nl\/wp-content\/uploads\/2022\/03\/houe-all-white-.jpg","width":900,"height":900,"caption":"cat"},{"@type":"BreadcrumbList","@id":"https:\/\/bulaoutdoor.nl\/product\/houe-tuinmeubels\/#breadcrumb","itemListElement":[{"@type":"ListItem","position":1,"name":"Home","item":"https:\/\/bulaoutdoor.nl\/"},{"@type":"ListItem","position":2,"name":"Online BBQ kopen","item":"https:\/\/bulaoutdoor.nl\/"},{"@type":"ListItem","position":3,"name":"Houe tuinmeubels"}]},{"@type":"WebSite","@id":"https:\/\/bulaoutdoor.nl\/#website","url":"https:\/\/bulaoutdoor.nl\/","name":"Bula Outdoor","description":"Pour votre chemin\u00e9e ext\u00e9rieure, votre barbecue, votre torche de jardin et votre four \u00e0 bois","publisher":{"@id":"https:\/\/bulaoutdoor.nl\/#organization"},"potentialAction":[{"@type":"SearchAction","target":{"@type":"EntryPoint","urlTemplate":"https:\/\/bulaoutdoor.nl\/?s={search_term_string}"},"query-input":{"@type":"PropertyValueSpecification","valueRequired":true,"valueName":"search_term_string"}}],"inLanguage":"fr-FR"},{"@type":"Organization","@id":"https:\/\/bulaoutdoor.nl\/#organization","name":"Bula Outdoor","url":"https:\/\/bulaoutdoor.nl\/","logo":{"@type":"ImageObject","inLanguage":"fr-FR","@id":"https:\/\/bulaoutdoor.nl\/#\/schema\/logo\/image\/","url":"https:\/\/www.bulaoutdoor.nl\/wp-content\/uploads\/2018\/04\/bulaoutdoor-logo.png","contentUrl":"https:\/\/www.bulaoutdoor.nl\/wp-content\/uploads\/2018\/04\/bulaoutdoor-logo.png","width":324,"height":91,"caption":"Bula Outdoor"},"image":{"@id":"https:\/\/bulaoutdoor.nl\/#\/schema\/logo\/image\/"}}]}},"jetpack_sharing_enabled":true,"_links":{"self":[{"href":"https:\/\/bulaoutdoor.nl\/fr\/wp-json\/wp\/v2\/product\/13664","targetHints":{"allow":["GET"]}}],"collection":[{"href":"https:\/\/bulaoutdoor.nl\/fr\/wp-json\/wp\/v2\/product"}],"about":[{"href":"https:\/\/bulaoutdoor.nl\/fr\/wp-json\/wp\/v2\/types\/product"}],"replies":[{"embeddable":true,"href":"https:\/\/bulaoutdoor.nl\/fr\/wp-json\/wp\/v2\/comments?post=13664"}],"wp:featuredmedia":[{"embeddable":true,"href":"https:\/\/bulaoutdoor.nl\/fr\/wp-json\/wp\/v2\/media\/13730"}],"wp:attachment":[{"href":"https:\/\/bulaoutdoor.nl\/fr\/wp-json\/wp\/v2\/media?parent=13664"}],"wp:term":[{"taxonomy":"product_brand","embeddable":true,"href":"https:\/\/bulaoutdoor.nl\/fr\/wp-json\/wp\/v2\/product_brand?post=13664"},{"taxonomy":"product_cat","embeddable":true,"href":"https:\/\/bulaoutdoor.nl\/fr\/wp-json\/wp\/v2\/product_cat?post=13664"},{"taxonomy":"product_tag","embeddable":true,"href":"https:\/\/bulaoutdoor.nl\/fr\/wp-json\/wp\/v2\/product_tag?post=13664"}],"curies":[{"name":"wp","href":"https:\/\/api.w.org\/{rel}","templated":true}]}}