{"id":13756,"date":"2022-04-26T13:48:50","date_gmt":"2022-04-26T13:48:50","guid":{"rendered":"https:\/\/www.bulaoutdoor.nl\/?post_type=product&#038;p=13756"},"modified":"2026-01-07T16:05:47","modified_gmt":"2026-01-07T16:05:47","slug":"icone-monolithe-kamado","status":"publish","type":"product","link":"https:\/\/bulaoutdoor.nl\/fr\/product\/monolith-icon-kamado\/","title":{"rendered":"Monolith Icon kamado"},"content":{"rendered":"<p>Le Monolith Icon est un barbecue tr\u00e8s compact, id\u00e9al pour les endroits o\u00f9 l'espace est limit\u00e9, par exemple sur un balcon ou en d\u00e9placement. Cela ne signifie pas que vous obtenez un barbecue limit\u00e9.<\/p>\n<p><img loading=\"lazy\" decoding=\"async\" class=\"alignnone size-medium wp-image-13789\" src=\"https:\/\/www.bulaoutdoor.nl\/wp-content\/uploads\/2022\/04\/monolith-icon-masse-01-300x300.jpg\" alt=\"\" width=\"300\" height=\"300\" srcset=\"https:\/\/bulaoutdoor.nl\/wp-content\/uploads\/2022\/04\/monolith-icon-masse-01-300x300.jpg 300w, https:\/\/bulaoutdoor.nl\/wp-content\/uploads\/2022\/04\/monolith-icon-masse-01-150x150.jpg 150w, https:\/\/bulaoutdoor.nl\/wp-content\/uploads\/2022\/04\/monolith-icon-masse-01-324x324.jpg 324w, https:\/\/bulaoutdoor.nl\/wp-content\/uploads\/2022\/04\/monolith-icon-masse-01-416x416.jpg 416w, https:\/\/bulaoutdoor.nl\/wp-content\/uploads\/2022\/04\/monolith-icon-masse-01-100x100.jpg 100w, https:\/\/bulaoutdoor.nl\/wp-content\/uploads\/2022\/04\/monolith-icon-masse-01.jpg 600w\" sizes=\"auto, (max-width: 300px) 100vw, 300px\" \/><\/p>\n<p>En outre, le couvercle est facilement amovible. Il est ainsi possible d'utiliser le <a href=\"https:\/\/bulaoutdoor.nl\/fr\/produit\/monolith-icon-junior-fireplate\/\">accessoire pour plaque de cuisson<\/a> transformer le barbecue en gril teppanyaki. C'est tr\u00e8s amusant de se retrouver \u00e0 plusieurs pour pr\u00e9parer des plats ensemble.<\/p>\n<p><img loading=\"lazy\" decoding=\"async\" class=\"alignnone size-medium wp-image-13788\" src=\"https:\/\/www.bulaoutdoor.nl\/wp-content\/uploads\/2022\/04\/monolith-icon-masse-02-300x300.jpg\" alt=\"\" width=\"300\" height=\"300\" srcset=\"https:\/\/bulaoutdoor.nl\/wp-content\/uploads\/2022\/04\/monolith-icon-masse-02-300x300.jpg 300w, https:\/\/bulaoutdoor.nl\/wp-content\/uploads\/2022\/04\/monolith-icon-masse-02-150x150.jpg 150w, https:\/\/bulaoutdoor.nl\/wp-content\/uploads\/2022\/04\/monolith-icon-masse-02-324x324.jpg 324w, https:\/\/bulaoutdoor.nl\/wp-content\/uploads\/2022\/04\/monolith-icon-masse-02-416x416.jpg 416w, https:\/\/bulaoutdoor.nl\/wp-content\/uploads\/2022\/04\/monolith-icon-masse-02-100x100.jpg 100w, https:\/\/bulaoutdoor.nl\/wp-content\/uploads\/2022\/04\/monolith-icon-masse-02.jpg 600w\" sizes=\"auto, (max-width: 300px) 100vw, 300px\" \/><\/p>\n<ul>\n<li>D'un poids d'environ 30 kg, il est id\u00e9al pour les d\u00e9placements.<\/li>\n<li>Grille en acier inoxydable de 33 cm de diam\u00e8tre, similaire \u00e0 celle du Monolith Junior.<\/li>\n<li>Ce petit appareil polyvalent peut griller, fumer, cuire au four et cuisiner. Avec les bons accessoires, vous pouvez m\u00eame faire un wok ou utiliser une plaque teppanyaki.<\/li>\n<\/ul>\n<p>Le Monolith Icon est livr\u00e9 avec les accessoires suivants :<\/p>\n<ul>\n<li>Cadre en acier inoxydable avec poign\u00e9es en bambou<\/li>\n<li>Grille en acier inoxydable 33cm<\/li>\n<li>Bol \u00e0 feu en c\u00e9ramique 4 pi\u00e8ces avec cadre en acier inoxydable<\/li>\n<li>L\u00e8ve-grille, Astrechter et Asschep<\/li>\n<li>Feutre d'\u00e9tanch\u00e9it\u00e9 en fibre de verre<\/li>\n<li class=\"ox-8bdf380e14-gb ox-8bdf380e14-mb\"><span class=\"ox-8bdf380e14-gb ox-8bdf380e14-mb\">Adaptateur de contr\u00f4leur BBQ Guru int\u00e9gr\u00e9<\/span><\/li>\n<\/ul>\n<p>Commandez le Monolith Icon d\u00e8s maintenant chez Bula Outdoor, votre sp\u00e9cialiste du barbecue !<\/p>","protected":false},"excerpt":{"rendered":"<p>Le mod\u00e8le de kamado le plus maniable de Monolith. L'Icon offre une exp\u00e9rience compl\u00e8te du barbecue kamado et peut \u00eatre facilement d\u00e9plac\u00e9.<\/p>\n<p>&nbsp;<\/p>","protected":false},"featured_media":13766,"comment_status":"open","ping_status":"closed","template":"","meta":{"_acf_changed":false},"product_brand":[],"product_cat":[996],"product_tag":[995,994,993],"class_list":{"0":"post-13756","1":"product","2":"type-product","3":"status-publish","4":"has-post-thumbnail","6":"product_cat-monolith-bbqs","7":"product_tag-kamado","8":"product_tag-makkelijk-verplaatsbare-bbq","9":"product_tag-monolith-icon","11":"first","12":"outofstock","13":"taxable","14":"shipping-taxable","15":"purchasable","16":"product-type-simple"},"acf":[],"yoast_head":"<!-- This site is optimized with the Yoast SEO plugin v27.3 - https:\/\/yoast.com\/product\/yoast-seo-wordpress\/ -->\n<title>Monolith Icon kamado &#8211; Bula Outdoor<\/title>\n<meta name=\"robots\" content=\"index, follow, max-snippet:-1, max-image-preview:large, max-video-preview:-1\" \/>\n<link rel=\"canonical\" href=\"https:\/\/bulaoutdoor.nl\/fr\/produit\/icone-monolithe-kamado\/\" \/>\n<meta property=\"og:locale\" content=\"fr_FR\" \/>\n<meta property=\"og:type\" content=\"article\" \/>\n<meta property=\"og:title\" content=\"Monolith Icon kamado &#8211; Bula Outdoor\" \/>\n<meta property=\"og:description\" content=\"Het meest handzame model kamado van Monolith. De Icon biedt een complete kamado barbecue ervaring en kan makkelijk verplaatst kan worden.  &nbsp;\" \/>\n<meta property=\"og:url\" content=\"https:\/\/bulaoutdoor.nl\/fr\/produit\/icone-monolithe-kamado\/\" \/>\n<meta property=\"og:site_name\" content=\"Bula Outdoor\" \/>\n<meta property=\"article:modified_time\" content=\"2026-01-07T16:05:47+00:00\" \/>\n<meta property=\"og:image\" content=\"https:\/\/bulaoutdoor.nl\/wp-content\/uploads\/2022\/04\/102000_ICON_voor_Bula-Outdoor_kamado.jpg\" \/>\n\t<meta property=\"og:image:width\" content=\"900\" \/>\n\t<meta property=\"og:image:height\" content=\"900\" \/>\n\t<meta property=\"og:image:type\" content=\"image\/jpeg\" \/>\n<meta name=\"twitter:card\" content=\"summary_large_image\" \/>\n<meta name=\"twitter:label1\" content=\"Dur\u00e9e de lecture estim\u00e9e\" \/>\n\t<meta name=\"twitter:data1\" content=\"2 minutes\" \/>\n<script type=\"application\/ld+json\" class=\"yoast-schema-graph\">{\"@context\":\"https:\\\/\\\/schema.org\",\"@graph\":[{\"@type\":\"WebPage\",\"@id\":\"https:\\\/\\\/bulaoutdoor.nl\\\/product\\\/monolith-icon-kamado\\\/\",\"url\":\"https:\\\/\\\/bulaoutdoor.nl\\\/product\\\/monolith-icon-kamado\\\/\",\"name\":\"Monolith Icon kamado &#8211; Bula Outdoor\",\"isPartOf\":{\"@id\":\"https:\\\/\\\/bulaoutdoor.nl\\\/#website\"},\"primaryImageOfPage\":{\"@id\":\"https:\\\/\\\/bulaoutdoor.nl\\\/product\\\/monolith-icon-kamado\\\/#primaryimage\"},\"image\":{\"@id\":\"https:\\\/\\\/bulaoutdoor.nl\\\/product\\\/monolith-icon-kamado\\\/#primaryimage\"},\"thumbnailUrl\":\"https:\\\/\\\/bulaoutdoor.nl\\\/wp-content\\\/uploads\\\/2022\\\/04\\\/102000_ICON_voor_Bula-Outdoor_kamado.jpg\",\"datePublished\":\"2022-04-26T13:48:50+00:00\",\"dateModified\":\"2026-01-07T16:05:47+00:00\",\"breadcrumb\":{\"@id\":\"https:\\\/\\\/bulaoutdoor.nl\\\/product\\\/monolith-icon-kamado\\\/#breadcrumb\"},\"inLanguage\":\"fr-FR\",\"potentialAction\":[{\"@type\":\"ReadAction\",\"target\":[\"https:\\\/\\\/bulaoutdoor.nl\\\/product\\\/monolith-icon-kamado\\\/\"]}]},{\"@type\":\"ImageObject\",\"inLanguage\":\"fr-FR\",\"@id\":\"https:\\\/\\\/bulaoutdoor.nl\\\/product\\\/monolith-icon-kamado\\\/#primaryimage\",\"url\":\"https:\\\/\\\/bulaoutdoor.nl\\\/wp-content\\\/uploads\\\/2022\\\/04\\\/102000_ICON_voor_Bula-Outdoor_kamado.jpg\",\"contentUrl\":\"https:\\\/\\\/bulaoutdoor.nl\\\/wp-content\\\/uploads\\\/2022\\\/04\\\/102000_ICON_voor_Bula-Outdoor_kamado.jpg\",\"width\":900,\"height\":900},{\"@type\":\"BreadcrumbList\",\"@id\":\"https:\\\/\\\/bulaoutdoor.nl\\\/product\\\/monolith-icon-kamado\\\/#breadcrumb\",\"itemListElement\":[{\"@type\":\"ListItem\",\"position\":1,\"name\":\"Home\",\"item\":\"https:\\\/\\\/bulaoutdoor.nl\\\/\"},{\"@type\":\"ListItem\",\"position\":2,\"name\":\"Online BBQ kopen\",\"item\":\"https:\\\/\\\/bulaoutdoor.nl\\\/\"},{\"@type\":\"ListItem\",\"position\":3,\"name\":\"Monolith Icon kamado\"}]},{\"@type\":\"WebSite\",\"@id\":\"https:\\\/\\\/bulaoutdoor.nl\\\/#website\",\"url\":\"https:\\\/\\\/bulaoutdoor.nl\\\/\",\"name\":\"Bula Outdoor\",\"description\":\"Voor uw buitenhaard, BBQ, tuinfakkel en houtoven\",\"publisher\":{\"@id\":\"https:\\\/\\\/bulaoutdoor.nl\\\/#organization\"},\"potentialAction\":[{\"@type\":\"SearchAction\",\"target\":{\"@type\":\"EntryPoint\",\"urlTemplate\":\"https:\\\/\\\/bulaoutdoor.nl\\\/?s={search_term_string}\"},\"query-input\":{\"@type\":\"PropertyValueSpecification\",\"valueRequired\":true,\"valueName\":\"search_term_string\"}}],\"inLanguage\":\"fr-FR\"},{\"@type\":\"Organization\",\"@id\":\"https:\\\/\\\/bulaoutdoor.nl\\\/#organization\",\"name\":\"Bula Outdoor\",\"url\":\"https:\\\/\\\/bulaoutdoor.nl\\\/\",\"logo\":{\"@type\":\"ImageObject\",\"inLanguage\":\"fr-FR\",\"@id\":\"https:\\\/\\\/bulaoutdoor.nl\\\/#\\\/schema\\\/logo\\\/image\\\/\",\"url\":\"https:\\\/\\\/www.bulaoutdoor.nl\\\/wp-content\\\/uploads\\\/2018\\\/04\\\/bulaoutdoor-logo.png\",\"contentUrl\":\"https:\\\/\\\/www.bulaoutdoor.nl\\\/wp-content\\\/uploads\\\/2018\\\/04\\\/bulaoutdoor-logo.png\",\"width\":324,\"height\":91,\"caption\":\"Bula Outdoor\"},\"image\":{\"@id\":\"https:\\\/\\\/bulaoutdoor.nl\\\/#\\\/schema\\\/logo\\\/image\\\/\"}}]}<\/script>\n<!-- \/ Yoast SEO plugin. -->","yoast_head_json":{"title":"Kamado Monolith Icon - Bula Outdoor","robots":{"index":"index","follow":"follow","max-snippet":"max-snippet:-1","max-image-preview":"max-image-preview:large","max-video-preview":"max-video-preview:-1"},"canonical":"https:\/\/bulaoutdoor.nl\/fr\/produit\/icone-monolithe-kamado\/","og_locale":"fr_FR","og_type":"article","og_title":"Monolith Icon kamado &#8211; Bula Outdoor","og_description":"Het meest handzame model kamado van Monolith. De Icon biedt een complete kamado barbecue ervaring en kan makkelijk verplaatst kan worden.  &nbsp;","og_url":"https:\/\/bulaoutdoor.nl\/fr\/produit\/icone-monolithe-kamado\/","og_site_name":"Bula Outdoor","article_modified_time":"2026-01-07T16:05:47+00:00","og_image":[{"width":900,"height":900,"url":"https:\/\/bulaoutdoor.nl\/wp-content\/uploads\/2022\/04\/102000_ICON_voor_Bula-Outdoor_kamado.jpg","type":"image\/jpeg"}],"twitter_card":"summary_large_image","twitter_misc":{"Dur\u00e9e de lecture estim\u00e9e":"2 minutes"},"schema":{"@context":"https:\/\/schema.org","@graph":[{"@type":"WebPage","@id":"https:\/\/bulaoutdoor.nl\/product\/monolith-icon-kamado\/","url":"https:\/\/bulaoutdoor.nl\/product\/monolith-icon-kamado\/","name":"Kamado Monolith Icon - Bula Outdoor","isPartOf":{"@id":"https:\/\/bulaoutdoor.nl\/#website"},"primaryImageOfPage":{"@id":"https:\/\/bulaoutdoor.nl\/product\/monolith-icon-kamado\/#primaryimage"},"image":{"@id":"https:\/\/bulaoutdoor.nl\/product\/monolith-icon-kamado\/#primaryimage"},"thumbnailUrl":"https:\/\/bulaoutdoor.nl\/wp-content\/uploads\/2022\/04\/102000_ICON_voor_Bula-Outdoor_kamado.jpg","datePublished":"2022-04-26T13:48:50+00:00","dateModified":"2026-01-07T16:05:47+00:00","breadcrumb":{"@id":"https:\/\/bulaoutdoor.nl\/product\/monolith-icon-kamado\/#breadcrumb"},"inLanguage":"fr-FR","potentialAction":[{"@type":"ReadAction","target":["https:\/\/bulaoutdoor.nl\/product\/monolith-icon-kamado\/"]}]},{"@type":"ImageObject","inLanguage":"fr-FR","@id":"https:\/\/bulaoutdoor.nl\/product\/monolith-icon-kamado\/#primaryimage","url":"https:\/\/bulaoutdoor.nl\/wp-content\/uploads\/2022\/04\/102000_ICON_voor_Bula-Outdoor_kamado.jpg","contentUrl":"https:\/\/bulaoutdoor.nl\/wp-content\/uploads\/2022\/04\/102000_ICON_voor_Bula-Outdoor_kamado.jpg","width":900,"height":900},{"@type":"BreadcrumbList","@id":"https:\/\/bulaoutdoor.nl\/product\/monolith-icon-kamado\/#breadcrumb","itemListElement":[{"@type":"ListItem","position":1,"name":"Home","item":"https:\/\/bulaoutdoor.nl\/"},{"@type":"ListItem","position":2,"name":"Online BBQ kopen","item":"https:\/\/bulaoutdoor.nl\/"},{"@type":"ListItem","position":3,"name":"Monolith Icon kamado"}]},{"@type":"WebSite","@id":"https:\/\/bulaoutdoor.nl\/#website","url":"https:\/\/bulaoutdoor.nl\/","name":"Bula Outdoor","description":"Pour votre chemin\u00e9e ext\u00e9rieure, votre barbecue, votre torche de jardin et votre four \u00e0 bois","publisher":{"@id":"https:\/\/bulaoutdoor.nl\/#organization"},"potentialAction":[{"@type":"SearchAction","target":{"@type":"EntryPoint","urlTemplate":"https:\/\/bulaoutdoor.nl\/?s={search_term_string}"},"query-input":{"@type":"PropertyValueSpecification","valueRequired":true,"valueName":"search_term_string"}}],"inLanguage":"fr-FR"},{"@type":"Organization","@id":"https:\/\/bulaoutdoor.nl\/#organization","name":"Bula Outdoor","url":"https:\/\/bulaoutdoor.nl\/","logo":{"@type":"ImageObject","inLanguage":"fr-FR","@id":"https:\/\/bulaoutdoor.nl\/#\/schema\/logo\/image\/","url":"https:\/\/www.bulaoutdoor.nl\/wp-content\/uploads\/2018\/04\/bulaoutdoor-logo.png","contentUrl":"https:\/\/www.bulaoutdoor.nl\/wp-content\/uploads\/2018\/04\/bulaoutdoor-logo.png","width":324,"height":91,"caption":"Bula Outdoor"},"image":{"@id":"https:\/\/bulaoutdoor.nl\/#\/schema\/logo\/image\/"}}]}},"jetpack_sharing_enabled":true,"_links":{"self":[{"href":"https:\/\/bulaoutdoor.nl\/fr\/wp-json\/wp\/v2\/product\/13756","targetHints":{"allow":["GET"]}}],"collection":[{"href":"https:\/\/bulaoutdoor.nl\/fr\/wp-json\/wp\/v2\/product"}],"about":[{"href":"https:\/\/bulaoutdoor.nl\/fr\/wp-json\/wp\/v2\/types\/product"}],"replies":[{"embeddable":true,"href":"https:\/\/bulaoutdoor.nl\/fr\/wp-json\/wp\/v2\/comments?post=13756"}],"wp:featuredmedia":[{"embeddable":true,"href":"https:\/\/bulaoutdoor.nl\/fr\/wp-json\/wp\/v2\/media\/13766"}],"wp:attachment":[{"href":"https:\/\/bulaoutdoor.nl\/fr\/wp-json\/wp\/v2\/media?parent=13756"}],"wp:term":[{"taxonomy":"product_brand","embeddable":true,"href":"https:\/\/bulaoutdoor.nl\/fr\/wp-json\/wp\/v2\/product_brand?post=13756"},{"taxonomy":"product_cat","embeddable":true,"href":"https:\/\/bulaoutdoor.nl\/fr\/wp-json\/wp\/v2\/product_cat?post=13756"},{"taxonomy":"product_tag","embeddable":true,"href":"https:\/\/bulaoutdoor.nl\/fr\/wp-json\/wp\/v2\/product_tag?post=13756"}],"curies":[{"name":"wp","href":"https:\/\/api.w.org\/{rel}","templated":true}]}}