{"id":13949,"date":"2022-06-14T09:24:49","date_gmt":"2022-06-14T09:24:49","guid":{"rendered":"https:\/\/www.bulaoutdoor.nl\/?post_type=product&#038;p=13949"},"modified":"2026-01-07T16:05:47","modified_gmt":"2026-01-07T16:05:47","slug":"monolith-icon-junior-fireplate","status":"publish","type":"product","link":"https:\/\/bulaoutdoor.nl\/fr\/product\/monolith-icon-junior-fireplate\/","title":{"rendered":"Plaque de feu Monolith Icon\/Junior"},"content":{"rendered":"<p>Une belle plaque d'acier de 6 mm d'\u00e9paisseur pour pr\u00e9parer les repas. Id\u00e9ale pour un grand groupe qui souhaite se r\u00e9unir et pr\u00e9parer ses propres repas.<\/p>\n<p>- Plaque en acier solide, d'une \u00e9paisseur de 6 mm, id\u00e9ale pour les grillades \u00e0 la plancha<br \/>\n- Equip\u00e9 d'un bord lat\u00e9ral pour faciliter le retournement des aliments grill\u00e9s<br \/>\n- Diff\u00e9rentes zones de temp\u00e9rature sur la plaque pour des grillades vari\u00e9es<br \/>\n- Le bord haut au centre prot\u00e8ge contre les feux de graisse<br \/>\n- Parfaitement adapt\u00e9 au MONOLITH Icon<\/p>\n<ul>\n<li>Bac de r\u00e9cup\u00e9ration des graisses pratique L'exc\u00e8s de graisse peut facilement \u00eatre pouss\u00e9 ou s'\u00e9couler dans le bac.<\/li>\n<li>Une couronne de wok (excl.) peut \u00eatre ins\u00e9r\u00e9e au centre de la plaque pour permettre l'utilisation d'une po\u00eale wok au centre de la plaque \u00e9galement.<\/li>\n<li>Pour utiliser la plaque de cuisson, le couvercle du kamado peut \u00eatre facilement retir\u00e9. Cela permet \u00e0 un groupe de socialiser autour du barbecue sans que le couvercle ne soit g\u00eanant.<\/li>\n<li>A<a href=\"https:\/\/www.youtube.com\/watch?v=HnHgS_72KNk\"> premier d\u00e9verminage<\/a> est recommand\u00e9 pour la premi\u00e8re utilisation.<\/li>\n<li>Diam\u00e8tre de la plaque de cuisson : 60cm \u00d8<\/li>\n<\/ul>\n<p>Peut \u00e9galement \u00eatre utilis\u00e9 avec un <a href=\"https:\/\/bulaoutdoor.nl\/fr\/produit\/monolith-wokkroon-icon-junior\/\">couronne de wok<\/a>Le barbecue est un excellent moyen de cuisiner en m\u00eame temps que le wok !<\/p>\n<p>Commandez la plaque de cuisson directement aupr\u00e8s de Bula Outdoor, votre sp\u00e9cialiste en mati\u00e8re de barbecue !<\/p>","protected":false},"excerpt":{"rendered":"<p>Cette plancha est id\u00e9ale pour cuisiner avec tout le groupe.<\/p>","protected":false},"featured_media":13950,"comment_status":"open","ping_status":"closed","template":"","meta":{"_acf_changed":false},"product_brand":[],"product_cat":[998,999],"product_tag":[1024,1026,1027,1436],"class_list":{"0":"post-13949","1":"product","2":"type-product","3":"status-publish","4":"has-post-thumbnail","6":"product_cat-monolith-icon","7":"product_cat-monolith-junior","8":"product_tag-monolith-accessoires","9":"product_tag-monolith-icon-accessoires","10":"product_tag-monolith-junior-accessoires","11":"product_tag-plancha","13":"first","14":"outofstock","15":"sale","16":"taxable","17":"shipping-taxable","18":"purchasable","19":"product-type-simple"},"acf":[],"yoast_head":"<!-- This site is optimized with the Yoast SEO plugin v27.3 - https:\/\/yoast.com\/product\/yoast-seo-wordpress\/ -->\n<title>Monolith Icon\/Junior fireplate &#8211; Bula Outdoor<\/title>\n<meta name=\"robots\" content=\"index, follow, max-snippet:-1, max-image-preview:large, max-video-preview:-1\" \/>\n<link rel=\"canonical\" href=\"https:\/\/bulaoutdoor.nl\/fr\/produit\/monolith-icon-junior-fireplate\/\" \/>\n<meta property=\"og:locale\" content=\"fr_FR\" \/>\n<meta property=\"og:type\" content=\"article\" \/>\n<meta property=\"og:title\" content=\"Monolith Icon\/Junior fireplate &#8211; Bula Outdoor\" \/>\n<meta property=\"og:description\" content=\"Deze vuurplaat plancha is ideaal voor koken met de hele groep.\" \/>\n<meta property=\"og:url\" content=\"https:\/\/bulaoutdoor.nl\/fr\/produit\/monolith-icon-junior-fireplate\/\" \/>\n<meta property=\"og:site_name\" content=\"Bula Outdoor\" \/>\n<meta property=\"article:modified_time\" content=\"2026-01-07T16:05:47+00:00\" \/>\n<meta property=\"og:image\" content=\"https:\/\/bulaoutdoor.nl\/wp-content\/uploads\/2022\/05\/56_102021-Icon-Junior-Feuerplatte.jpg\" \/>\n\t<meta property=\"og:image:width\" content=\"600\" \/>\n\t<meta property=\"og:image:height\" content=\"600\" \/>\n\t<meta property=\"og:image:type\" content=\"image\/jpeg\" \/>\n<meta name=\"twitter:card\" content=\"summary_large_image\" \/>\n<meta name=\"twitter:label1\" content=\"Dur\u00e9e de lecture estim\u00e9e\" \/>\n\t<meta name=\"twitter:data1\" content=\"2 minutes\" \/>\n<script type=\"application\/ld+json\" class=\"yoast-schema-graph\">{\"@context\":\"https:\\\/\\\/schema.org\",\"@graph\":[{\"@type\":\"WebPage\",\"@id\":\"https:\\\/\\\/bulaoutdoor.nl\\\/product\\\/monolith-icon-junior-fireplate\\\/\",\"url\":\"https:\\\/\\\/bulaoutdoor.nl\\\/product\\\/monolith-icon-junior-fireplate\\\/\",\"name\":\"Monolith Icon\\\/Junior fireplate &#8211; Bula Outdoor\",\"isPartOf\":{\"@id\":\"https:\\\/\\\/bulaoutdoor.nl\\\/#website\"},\"primaryImageOfPage\":{\"@id\":\"https:\\\/\\\/bulaoutdoor.nl\\\/product\\\/monolith-icon-junior-fireplate\\\/#primaryimage\"},\"image\":{\"@id\":\"https:\\\/\\\/bulaoutdoor.nl\\\/product\\\/monolith-icon-junior-fireplate\\\/#primaryimage\"},\"thumbnailUrl\":\"https:\\\/\\\/bulaoutdoor.nl\\\/wp-content\\\/uploads\\\/2022\\\/05\\\/56_102021-Icon-Junior-Feuerplatte.jpg\",\"datePublished\":\"2022-06-14T09:24:49+00:00\",\"dateModified\":\"2026-01-07T16:05:47+00:00\",\"breadcrumb\":{\"@id\":\"https:\\\/\\\/bulaoutdoor.nl\\\/product\\\/monolith-icon-junior-fireplate\\\/#breadcrumb\"},\"inLanguage\":\"fr-FR\",\"potentialAction\":[{\"@type\":\"ReadAction\",\"target\":[\"https:\\\/\\\/bulaoutdoor.nl\\\/product\\\/monolith-icon-junior-fireplate\\\/\"]}]},{\"@type\":\"ImageObject\",\"inLanguage\":\"fr-FR\",\"@id\":\"https:\\\/\\\/bulaoutdoor.nl\\\/product\\\/monolith-icon-junior-fireplate\\\/#primaryimage\",\"url\":\"https:\\\/\\\/bulaoutdoor.nl\\\/wp-content\\\/uploads\\\/2022\\\/05\\\/56_102021-Icon-Junior-Feuerplatte.jpg\",\"contentUrl\":\"https:\\\/\\\/bulaoutdoor.nl\\\/wp-content\\\/uploads\\\/2022\\\/05\\\/56_102021-Icon-Junior-Feuerplatte.jpg\",\"width\":600,\"height\":600},{\"@type\":\"BreadcrumbList\",\"@id\":\"https:\\\/\\\/bulaoutdoor.nl\\\/product\\\/monolith-icon-junior-fireplate\\\/#breadcrumb\",\"itemListElement\":[{\"@type\":\"ListItem\",\"position\":1,\"name\":\"Home\",\"item\":\"https:\\\/\\\/bulaoutdoor.nl\\\/\"},{\"@type\":\"ListItem\",\"position\":2,\"name\":\"Online BBQ kopen\",\"item\":\"https:\\\/\\\/bulaoutdoor.nl\\\/\"},{\"@type\":\"ListItem\",\"position\":3,\"name\":\"Monolith Icon\\\/Junior fireplate\"}]},{\"@type\":\"WebSite\",\"@id\":\"https:\\\/\\\/bulaoutdoor.nl\\\/#website\",\"url\":\"https:\\\/\\\/bulaoutdoor.nl\\\/\",\"name\":\"Bula Outdoor\",\"description\":\"Voor uw buitenhaard, BBQ, tuinfakkel en houtoven\",\"publisher\":{\"@id\":\"https:\\\/\\\/bulaoutdoor.nl\\\/#organization\"},\"potentialAction\":[{\"@type\":\"SearchAction\",\"target\":{\"@type\":\"EntryPoint\",\"urlTemplate\":\"https:\\\/\\\/bulaoutdoor.nl\\\/?s={search_term_string}\"},\"query-input\":{\"@type\":\"PropertyValueSpecification\",\"valueRequired\":true,\"valueName\":\"search_term_string\"}}],\"inLanguage\":\"fr-FR\"},{\"@type\":\"Organization\",\"@id\":\"https:\\\/\\\/bulaoutdoor.nl\\\/#organization\",\"name\":\"Bula Outdoor\",\"url\":\"https:\\\/\\\/bulaoutdoor.nl\\\/\",\"logo\":{\"@type\":\"ImageObject\",\"inLanguage\":\"fr-FR\",\"@id\":\"https:\\\/\\\/bulaoutdoor.nl\\\/#\\\/schema\\\/logo\\\/image\\\/\",\"url\":\"https:\\\/\\\/www.bulaoutdoor.nl\\\/wp-content\\\/uploads\\\/2018\\\/04\\\/bulaoutdoor-logo.png\",\"contentUrl\":\"https:\\\/\\\/www.bulaoutdoor.nl\\\/wp-content\\\/uploads\\\/2018\\\/04\\\/bulaoutdoor-logo.png\",\"width\":324,\"height\":91,\"caption\":\"Bula Outdoor\"},\"image\":{\"@id\":\"https:\\\/\\\/bulaoutdoor.nl\\\/#\\\/schema\\\/logo\\\/image\\\/\"}}]}<\/script>\n<!-- \/ Yoast SEO plugin. -->","yoast_head_json":{"title":"Plaque de chemin\u00e9e Monolith Icon\/Junior - Bula Outdoor","robots":{"index":"index","follow":"follow","max-snippet":"max-snippet:-1","max-image-preview":"max-image-preview:large","max-video-preview":"max-video-preview:-1"},"canonical":"https:\/\/bulaoutdoor.nl\/fr\/produit\/monolith-icon-junior-fireplate\/","og_locale":"fr_FR","og_type":"article","og_title":"Monolith Icon\/Junior fireplate &#8211; Bula Outdoor","og_description":"Deze vuurplaat plancha is ideaal voor koken met de hele groep.","og_url":"https:\/\/bulaoutdoor.nl\/fr\/produit\/monolith-icon-junior-fireplate\/","og_site_name":"Bula Outdoor","article_modified_time":"2026-01-07T16:05:47+00:00","og_image":[{"width":600,"height":600,"url":"https:\/\/bulaoutdoor.nl\/wp-content\/uploads\/2022\/05\/56_102021-Icon-Junior-Feuerplatte.jpg","type":"image\/jpeg"}],"twitter_card":"summary_large_image","twitter_misc":{"Dur\u00e9e de lecture estim\u00e9e":"2 minutes"},"schema":{"@context":"https:\/\/schema.org","@graph":[{"@type":"WebPage","@id":"https:\/\/bulaoutdoor.nl\/product\/monolith-icon-junior-fireplate\/","url":"https:\/\/bulaoutdoor.nl\/product\/monolith-icon-junior-fireplate\/","name":"Plaque de chemin\u00e9e Monolith Icon\/Junior - Bula Outdoor","isPartOf":{"@id":"https:\/\/bulaoutdoor.nl\/#website"},"primaryImageOfPage":{"@id":"https:\/\/bulaoutdoor.nl\/product\/monolith-icon-junior-fireplate\/#primaryimage"},"image":{"@id":"https:\/\/bulaoutdoor.nl\/product\/monolith-icon-junior-fireplate\/#primaryimage"},"thumbnailUrl":"https:\/\/bulaoutdoor.nl\/wp-content\/uploads\/2022\/05\/56_102021-Icon-Junior-Feuerplatte.jpg","datePublished":"2022-06-14T09:24:49+00:00","dateModified":"2026-01-07T16:05:47+00:00","breadcrumb":{"@id":"https:\/\/bulaoutdoor.nl\/product\/monolith-icon-junior-fireplate\/#breadcrumb"},"inLanguage":"fr-FR","potentialAction":[{"@type":"ReadAction","target":["https:\/\/bulaoutdoor.nl\/product\/monolith-icon-junior-fireplate\/"]}]},{"@type":"ImageObject","inLanguage":"fr-FR","@id":"https:\/\/bulaoutdoor.nl\/product\/monolith-icon-junior-fireplate\/#primaryimage","url":"https:\/\/bulaoutdoor.nl\/wp-content\/uploads\/2022\/05\/56_102021-Icon-Junior-Feuerplatte.jpg","contentUrl":"https:\/\/bulaoutdoor.nl\/wp-content\/uploads\/2022\/05\/56_102021-Icon-Junior-Feuerplatte.jpg","width":600,"height":600},{"@type":"BreadcrumbList","@id":"https:\/\/bulaoutdoor.nl\/product\/monolith-icon-junior-fireplate\/#breadcrumb","itemListElement":[{"@type":"ListItem","position":1,"name":"Home","item":"https:\/\/bulaoutdoor.nl\/"},{"@type":"ListItem","position":2,"name":"Online BBQ kopen","item":"https:\/\/bulaoutdoor.nl\/"},{"@type":"ListItem","position":3,"name":"Monolith Icon\/Junior fireplate"}]},{"@type":"WebSite","@id":"https:\/\/bulaoutdoor.nl\/#website","url":"https:\/\/bulaoutdoor.nl\/","name":"Bula Outdoor","description":"Pour votre chemin\u00e9e ext\u00e9rieure, votre barbecue, votre torche de jardin et votre four \u00e0 bois","publisher":{"@id":"https:\/\/bulaoutdoor.nl\/#organization"},"potentialAction":[{"@type":"SearchAction","target":{"@type":"EntryPoint","urlTemplate":"https:\/\/bulaoutdoor.nl\/?s={search_term_string}"},"query-input":{"@type":"PropertyValueSpecification","valueRequired":true,"valueName":"search_term_string"}}],"inLanguage":"fr-FR"},{"@type":"Organization","@id":"https:\/\/bulaoutdoor.nl\/#organization","name":"Bula Outdoor","url":"https:\/\/bulaoutdoor.nl\/","logo":{"@type":"ImageObject","inLanguage":"fr-FR","@id":"https:\/\/bulaoutdoor.nl\/#\/schema\/logo\/image\/","url":"https:\/\/www.bulaoutdoor.nl\/wp-content\/uploads\/2018\/04\/bulaoutdoor-logo.png","contentUrl":"https:\/\/www.bulaoutdoor.nl\/wp-content\/uploads\/2018\/04\/bulaoutdoor-logo.png","width":324,"height":91,"caption":"Bula Outdoor"},"image":{"@id":"https:\/\/bulaoutdoor.nl\/#\/schema\/logo\/image\/"}}]}},"jetpack_sharing_enabled":true,"_links":{"self":[{"href":"https:\/\/bulaoutdoor.nl\/fr\/wp-json\/wp\/v2\/product\/13949","targetHints":{"allow":["GET"]}}],"collection":[{"href":"https:\/\/bulaoutdoor.nl\/fr\/wp-json\/wp\/v2\/product"}],"about":[{"href":"https:\/\/bulaoutdoor.nl\/fr\/wp-json\/wp\/v2\/types\/product"}],"replies":[{"embeddable":true,"href":"https:\/\/bulaoutdoor.nl\/fr\/wp-json\/wp\/v2\/comments?post=13949"}],"wp:featuredmedia":[{"embeddable":true,"href":"https:\/\/bulaoutdoor.nl\/fr\/wp-json\/wp\/v2\/media\/13950"}],"wp:attachment":[{"href":"https:\/\/bulaoutdoor.nl\/fr\/wp-json\/wp\/v2\/media?parent=13949"}],"wp:term":[{"taxonomy":"product_brand","embeddable":true,"href":"https:\/\/bulaoutdoor.nl\/fr\/wp-json\/wp\/v2\/product_brand?post=13949"},{"taxonomy":"product_cat","embeddable":true,"href":"https:\/\/bulaoutdoor.nl\/fr\/wp-json\/wp\/v2\/product_cat?post=13949"},{"taxonomy":"product_tag","embeddable":true,"href":"https:\/\/bulaoutdoor.nl\/fr\/wp-json\/wp\/v2\/product_tag?post=13949"}],"curies":[{"name":"wp","href":"https:\/\/api.w.org\/{rel}","templated":true}]}}