{"id":13953,"date":"2022-06-14T09:59:50","date_gmt":"2022-06-14T09:59:50","guid":{"rendered":"https:\/\/www.bulaoutdoor.nl\/?post_type=product&#038;p=13953"},"modified":"2026-01-07T16:05:47","modified_gmt":"2026-01-07T16:05:47","slug":"monolith-icon-junior-deflector-stone-incl-spacer","status":"publish","type":"product","link":"https:\/\/bulaoutdoor.nl\/fr\/product\/monolith-icon-junior-deflectorsteen-incl-afstandhouder\/","title":{"rendered":"Pierre d\u00e9flectrice Monolith Icon\/Junior avec entretoise"},"content":{"rendered":"<p>La pierre d\u00e9flectrice peut \u00eatre utilis\u00e9e pour la cuisson indirecte.<\/p>\n<p>La pierre d\u00e9flectrice prot\u00e8ge les aliments de la chaleur directe<br \/>\n- Id\u00e9al pour le poisson, la volaille et les grosses pi\u00e8ces de viande<br \/>\n- Permet de griller indirectement et de cuire doucement<br \/>\n- L'entretoise place la grille du gril et la pierre \u00e0 pizza \u00e0 la bonne hauteur<br \/>\n- Sp\u00e9cialement con\u00e7u pour le gril c\u00e9ramique MONOLITH Icon<\/p>\n<ul>\n<li>La pierre prot\u00e8ge la viande de la chaleur directe, ce qui permet de la cuire lentement sans la br\u00fbler.<\/li>\n<li>Id\u00e9al \u00e9galement pour l'utilisation avec <a href=\"https:\/\/bulaoutdoor.nl\/fr\/produit\/pierre-a-pizza-monolith-icon-junior-2\/\">la pierre \u00e0 pizza<\/a>Cela permet d'\u00e9viter que la pierre \u00e0 pizza ne devienne trop chaude au fond.<\/li>\n<li>Dimensions de la pierre : (\u00d8 x H) : 20 x 1,4cm<\/li>\n<\/ul>\n<p>Commandez la pierre d\u00e9flectrice directement aupr\u00e8s de Bula Outdoor, votre sp\u00e9cialiste du barbecue !<\/p>\n<p>&nbsp;<\/p>","protected":false},"excerpt":{"rendered":"<p>La pierre d\u00e9flectrice comprend une entretoise pour la cuisson indirecte dans l'Icon ou le Junior.<\/p>","protected":false},"featured_media":68687,"comment_status":"open","ping_status":"closed","template":"","meta":{"_acf_changed":false},"product_brand":[],"product_cat":[998,999],"product_tag":[],"class_list":{"0":"post-13953","1":"product","2":"type-product","3":"status-publish","4":"has-post-thumbnail","6":"product_cat-monolith-icon","7":"product_cat-monolith-junior","9":"first","10":"outofstock","11":"taxable","12":"shipping-taxable","13":"purchasable","14":"product-type-simple"},"acf":[],"yoast_head":"<!-- This site is optimized with the Yoast SEO plugin v27.6 - https:\/\/yoast.com\/product\/yoast-seo-wordpress\/ -->\n<title>Monolith Icon\/Junior deflectorsteen incl. afstandhouder &#8211; Bula Outdoor<\/title>\n<meta name=\"robots\" content=\"index, follow, max-snippet:-1, max-image-preview:large, max-video-preview:-1\" \/>\n<link rel=\"canonical\" href=\"https:\/\/bulaoutdoor.nl\/fr\/produit\/monolith-icon-junior-deflector-stone-incl-spacer\/\" \/>\n<meta property=\"og:locale\" content=\"fr_FR\" \/>\n<meta property=\"og:type\" content=\"article\" \/>\n<meta property=\"og:title\" content=\"Monolith Icon\/Junior deflectorsteen incl. afstandhouder &#8211; Bula Outdoor\" \/>\n<meta property=\"og:description\" content=\"De deflectorsteen incl. afstandhouder voor indirect garen in de Icon of Junior.\" \/>\n<meta property=\"og:url\" content=\"https:\/\/bulaoutdoor.nl\/fr\/produit\/monolith-icon-junior-deflector-stone-incl-spacer\/\" \/>\n<meta property=\"og:site_name\" content=\"Bula Outdoor\" \/>\n<meta property=\"article:modified_time\" content=\"2026-01-07T16:05:47+00:00\" \/>\n<meta property=\"og:image\" content=\"https:\/\/bulaoutdoor.nl\/wp-content\/uploads\/2022\/06\/102024-icon-deflektorstein-mit-distanzstckpng.webp\" \/>\n\t<meta property=\"og:image:width\" content=\"1214\" \/>\n\t<meta property=\"og:image:height\" content=\"1214\" \/>\n\t<meta property=\"og:image:type\" content=\"image\/webp\" \/>\n<meta name=\"twitter:card\" content=\"summary_large_image\" \/>\n<meta name=\"twitter:label1\" content=\"Dur\u00e9e de lecture estim\u00e9e\" \/>\n\t<meta name=\"twitter:data1\" content=\"1 minute\" \/>\n<script type=\"application\/ld+json\" class=\"yoast-schema-graph\">{\"@context\":\"https:\\\/\\\/schema.org\",\"@graph\":[{\"@type\":\"WebPage\",\"@id\":\"https:\\\/\\\/bulaoutdoor.nl\\\/product\\\/monolith-icon-junior-deflectorsteen-incl-afstandhouder\\\/\",\"url\":\"https:\\\/\\\/bulaoutdoor.nl\\\/product\\\/monolith-icon-junior-deflectorsteen-incl-afstandhouder\\\/\",\"name\":\"Monolith Icon\\\/Junior deflectorsteen incl. afstandhouder &#8211; Bula Outdoor\",\"isPartOf\":{\"@id\":\"https:\\\/\\\/bulaoutdoor.nl\\\/#website\"},\"primaryImageOfPage\":{\"@id\":\"https:\\\/\\\/bulaoutdoor.nl\\\/product\\\/monolith-icon-junior-deflectorsteen-incl-afstandhouder\\\/#primaryimage\"},\"image\":{\"@id\":\"https:\\\/\\\/bulaoutdoor.nl\\\/product\\\/monolith-icon-junior-deflectorsteen-incl-afstandhouder\\\/#primaryimage\"},\"thumbnailUrl\":\"https:\\\/\\\/bulaoutdoor.nl\\\/wp-content\\\/uploads\\\/2022\\\/06\\\/102024-icon-deflektorstein-mit-distanzstckpng.webp\",\"datePublished\":\"2022-06-14T09:59:50+00:00\",\"dateModified\":\"2026-01-07T16:05:47+00:00\",\"breadcrumb\":{\"@id\":\"https:\\\/\\\/bulaoutdoor.nl\\\/product\\\/monolith-icon-junior-deflectorsteen-incl-afstandhouder\\\/#breadcrumb\"},\"inLanguage\":\"fr-FR\",\"potentialAction\":[{\"@type\":\"ReadAction\",\"target\":[\"https:\\\/\\\/bulaoutdoor.nl\\\/product\\\/monolith-icon-junior-deflectorsteen-incl-afstandhouder\\\/\"]}]},{\"@type\":\"ImageObject\",\"inLanguage\":\"fr-FR\",\"@id\":\"https:\\\/\\\/bulaoutdoor.nl\\\/product\\\/monolith-icon-junior-deflectorsteen-incl-afstandhouder\\\/#primaryimage\",\"url\":\"https:\\\/\\\/bulaoutdoor.nl\\\/wp-content\\\/uploads\\\/2022\\\/06\\\/102024-icon-deflektorstein-mit-distanzstckpng.webp\",\"contentUrl\":\"https:\\\/\\\/bulaoutdoor.nl\\\/wp-content\\\/uploads\\\/2022\\\/06\\\/102024-icon-deflektorstein-mit-distanzstckpng.webp\",\"width\":1214,\"height\":1214},{\"@type\":\"BreadcrumbList\",\"@id\":\"https:\\\/\\\/bulaoutdoor.nl\\\/product\\\/monolith-icon-junior-deflectorsteen-incl-afstandhouder\\\/#breadcrumb\",\"itemListElement\":[{\"@type\":\"ListItem\",\"position\":1,\"name\":\"Home\",\"item\":\"https:\\\/\\\/bulaoutdoor.nl\\\/\"},{\"@type\":\"ListItem\",\"position\":2,\"name\":\"Online BBQ kopen\",\"item\":\"https:\\\/\\\/bulaoutdoor.nl\\\/\"},{\"@type\":\"ListItem\",\"position\":3,\"name\":\"Monolith Icon\\\/Junior deflectorsteen incl. afstandhouder\"}]},{\"@type\":\"WebSite\",\"@id\":\"https:\\\/\\\/bulaoutdoor.nl\\\/#website\",\"url\":\"https:\\\/\\\/bulaoutdoor.nl\\\/\",\"name\":\"Bula Outdoor\",\"description\":\"Voor uw buitenhaard, BBQ, tuinfakkel en houtoven\",\"publisher\":{\"@id\":\"https:\\\/\\\/bulaoutdoor.nl\\\/#organization\"},\"potentialAction\":[{\"@type\":\"SearchAction\",\"target\":{\"@type\":\"EntryPoint\",\"urlTemplate\":\"https:\\\/\\\/bulaoutdoor.nl\\\/?s={search_term_string}\"},\"query-input\":{\"@type\":\"PropertyValueSpecification\",\"valueRequired\":true,\"valueName\":\"search_term_string\"}}],\"inLanguage\":\"fr-FR\"},{\"@type\":\"Organization\",\"@id\":\"https:\\\/\\\/bulaoutdoor.nl\\\/#organization\",\"name\":\"Bula Outdoor\",\"url\":\"https:\\\/\\\/bulaoutdoor.nl\\\/\",\"logo\":{\"@type\":\"ImageObject\",\"inLanguage\":\"fr-FR\",\"@id\":\"https:\\\/\\\/bulaoutdoor.nl\\\/#\\\/schema\\\/logo\\\/image\\\/\",\"url\":\"https:\\\/\\\/www.bulaoutdoor.nl\\\/wp-content\\\/uploads\\\/2018\\\/04\\\/bulaoutdoor-logo.png\",\"contentUrl\":\"https:\\\/\\\/www.bulaoutdoor.nl\\\/wp-content\\\/uploads\\\/2018\\\/04\\\/bulaoutdoor-logo.png\",\"width\":324,\"height\":91,\"caption\":\"Bula Outdoor\"},\"image\":{\"@id\":\"https:\\\/\\\/bulaoutdoor.nl\\\/#\\\/schema\\\/logo\\\/image\\\/\"}}]}<\/script>\n<!-- \/ Yoast SEO plugin. -->","yoast_head_json":{"title":"Pierre d\u00e9flectrice Monolith Icon\/Junior avec entretoise - Bula Outdoor","robots":{"index":"index","follow":"follow","max-snippet":"max-snippet:-1","max-image-preview":"max-image-preview:large","max-video-preview":"max-video-preview:-1"},"canonical":"https:\/\/bulaoutdoor.nl\/fr\/produit\/monolith-icon-junior-deflector-stone-incl-spacer\/","og_locale":"fr_FR","og_type":"article","og_title":"Monolith Icon\/Junior deflectorsteen incl. afstandhouder &#8211; Bula Outdoor","og_description":"De deflectorsteen incl. afstandhouder voor indirect garen in de Icon of Junior.","og_url":"https:\/\/bulaoutdoor.nl\/fr\/produit\/monolith-icon-junior-deflector-stone-incl-spacer\/","og_site_name":"Bula Outdoor","article_modified_time":"2026-01-07T16:05:47+00:00","og_image":[{"width":1214,"height":1214,"url":"https:\/\/bulaoutdoor.nl\/wp-content\/uploads\/2022\/06\/102024-icon-deflektorstein-mit-distanzstckpng.webp","type":"image\/webp"}],"twitter_card":"summary_large_image","twitter_misc":{"Dur\u00e9e de lecture estim\u00e9e":"1 minute"},"schema":{"@context":"https:\/\/schema.org","@graph":[{"@type":"WebPage","@id":"https:\/\/bulaoutdoor.nl\/product\/monolith-icon-junior-deflectorsteen-incl-afstandhouder\/","url":"https:\/\/bulaoutdoor.nl\/product\/monolith-icon-junior-deflectorsteen-incl-afstandhouder\/","name":"Pierre d\u00e9flectrice Monolith Icon\/Junior avec entretoise - Bula Outdoor","isPartOf":{"@id":"https:\/\/bulaoutdoor.nl\/#website"},"primaryImageOfPage":{"@id":"https:\/\/bulaoutdoor.nl\/product\/monolith-icon-junior-deflectorsteen-incl-afstandhouder\/#primaryimage"},"image":{"@id":"https:\/\/bulaoutdoor.nl\/product\/monolith-icon-junior-deflectorsteen-incl-afstandhouder\/#primaryimage"},"thumbnailUrl":"https:\/\/bulaoutdoor.nl\/wp-content\/uploads\/2022\/06\/102024-icon-deflektorstein-mit-distanzstckpng.webp","datePublished":"2022-06-14T09:59:50+00:00","dateModified":"2026-01-07T16:05:47+00:00","breadcrumb":{"@id":"https:\/\/bulaoutdoor.nl\/product\/monolith-icon-junior-deflectorsteen-incl-afstandhouder\/#breadcrumb"},"inLanguage":"fr-FR","potentialAction":[{"@type":"ReadAction","target":["https:\/\/bulaoutdoor.nl\/product\/monolith-icon-junior-deflectorsteen-incl-afstandhouder\/"]}]},{"@type":"ImageObject","inLanguage":"fr-FR","@id":"https:\/\/bulaoutdoor.nl\/product\/monolith-icon-junior-deflectorsteen-incl-afstandhouder\/#primaryimage","url":"https:\/\/bulaoutdoor.nl\/wp-content\/uploads\/2022\/06\/102024-icon-deflektorstein-mit-distanzstckpng.webp","contentUrl":"https:\/\/bulaoutdoor.nl\/wp-content\/uploads\/2022\/06\/102024-icon-deflektorstein-mit-distanzstckpng.webp","width":1214,"height":1214},{"@type":"BreadcrumbList","@id":"https:\/\/bulaoutdoor.nl\/product\/monolith-icon-junior-deflectorsteen-incl-afstandhouder\/#breadcrumb","itemListElement":[{"@type":"ListItem","position":1,"name":"Home","item":"https:\/\/bulaoutdoor.nl\/"},{"@type":"ListItem","position":2,"name":"Online BBQ kopen","item":"https:\/\/bulaoutdoor.nl\/"},{"@type":"ListItem","position":3,"name":"Monolith Icon\/Junior deflectorsteen incl. afstandhouder"}]},{"@type":"WebSite","@id":"https:\/\/bulaoutdoor.nl\/#website","url":"https:\/\/bulaoutdoor.nl\/","name":"Bula Outdoor","description":"Pour votre chemin\u00e9e ext\u00e9rieure, votre barbecue, votre torche de jardin et votre four \u00e0 bois","publisher":{"@id":"https:\/\/bulaoutdoor.nl\/#organization"},"potentialAction":[{"@type":"SearchAction","target":{"@type":"EntryPoint","urlTemplate":"https:\/\/bulaoutdoor.nl\/?s={search_term_string}"},"query-input":{"@type":"PropertyValueSpecification","valueRequired":true,"valueName":"search_term_string"}}],"inLanguage":"fr-FR"},{"@type":"Organization","@id":"https:\/\/bulaoutdoor.nl\/#organization","name":"Bula Outdoor","url":"https:\/\/bulaoutdoor.nl\/","logo":{"@type":"ImageObject","inLanguage":"fr-FR","@id":"https:\/\/bulaoutdoor.nl\/#\/schema\/logo\/image\/","url":"https:\/\/www.bulaoutdoor.nl\/wp-content\/uploads\/2018\/04\/bulaoutdoor-logo.png","contentUrl":"https:\/\/www.bulaoutdoor.nl\/wp-content\/uploads\/2018\/04\/bulaoutdoor-logo.png","width":324,"height":91,"caption":"Bula Outdoor"},"image":{"@id":"https:\/\/bulaoutdoor.nl\/#\/schema\/logo\/image\/"}}]}},"jetpack_sharing_enabled":true,"_links":{"self":[{"href":"https:\/\/bulaoutdoor.nl\/fr\/wp-json\/wp\/v2\/product\/13953","targetHints":{"allow":["GET"]}}],"collection":[{"href":"https:\/\/bulaoutdoor.nl\/fr\/wp-json\/wp\/v2\/product"}],"about":[{"href":"https:\/\/bulaoutdoor.nl\/fr\/wp-json\/wp\/v2\/types\/product"}],"replies":[{"embeddable":true,"href":"https:\/\/bulaoutdoor.nl\/fr\/wp-json\/wp\/v2\/comments?post=13953"}],"wp:featuredmedia":[{"embeddable":true,"href":"https:\/\/bulaoutdoor.nl\/fr\/wp-json\/wp\/v2\/media\/68687"}],"wp:attachment":[{"href":"https:\/\/bulaoutdoor.nl\/fr\/wp-json\/wp\/v2\/media?parent=13953"}],"wp:term":[{"taxonomy":"product_brand","embeddable":true,"href":"https:\/\/bulaoutdoor.nl\/fr\/wp-json\/wp\/v2\/product_brand?post=13953"},{"taxonomy":"product_cat","embeddable":true,"href":"https:\/\/bulaoutdoor.nl\/fr\/wp-json\/wp\/v2\/product_cat?post=13953"},{"taxonomy":"product_tag","embeddable":true,"href":"https:\/\/bulaoutdoor.nl\/fr\/wp-json\/wp\/v2\/product_tag?post=13953"}],"curies":[{"name":"wp","href":"https:\/\/api.w.org\/{rel}","templated":true}]}}