{"id":1402,"date":"2018-12-10T12:43:16","date_gmt":"2018-12-10T12:43:16","guid":{"rendered":"http:\/\/www.bulaoutdoor.nl\/?post_type=product&#038;p=1402"},"modified":"2026-02-20T17:54:40","modified_gmt":"2026-02-20T17:54:40","slug":"la-poele-a-frire-du-moulin-a-vent-diametre-regulier-210","status":"publish","type":"product","link":"https:\/\/bulaoutdoor.nl\/fr\/product\/the-windmill-skillet-regular-diameter-210\/","title":{"rendered":"La po\u00eale Windmill Skillet M \u00f8210 mm"},"content":{"rendered":"<h2 class=\"product-page\">Po\u00eale \u00e0 frire M po\u00eale en fonte<\/h2>\n<p>Pourquoi la fonte convient-elle si bien \u00e0 la friture ? La fonte a une capacit\u00e9 calorifique volum\u00e9trique \u00e9lev\u00e9e. Cela signifie qu'une fois qu'elle est chaude, elle le reste et c'est ce dont vous avez besoin pour faire frire un steak. C'est pourquoi il est important de pr\u00e9chauffer correctement une po\u00eale.<\/p>\n<p>En outre, la fonte pr\u00e9sente l'avantage d'un rendement thermique \u00e9lev\u00e9. Celle-ci se manifeste par un \"rayonnement\". Si une casserole en acier est bien chauff\u00e9e, vous pouvez tenir votre main \u00e0 proximit\u00e9 sans rien sentir. Faites de m\u00eame avec une casserole en fonte. Vous remarquerez imm\u00e9diatement la diff\u00e9rence. Une autre raison pour laquelle une po\u00eale en fonte est parfaite pour frire ou griller. <a href=\"https:\/\/www.devuurmeester.nl\/zin-en-onzin-over-gietijzer\/\" target=\"_blank\" rel=\"noopener noreferrer\">En savoir plus<\/a><\/p>\n<p style=\"text-align: left\">Sp\u00e9cifications :<\/p>\n<ul>\n<li>Poids : 1500 grammes<\/li>\n<li>\u00d8 210 mm<\/li>\n<li>Poign\u00e9e : 145 mm<\/li>\n<li>Longueur totale : 345 mm<\/li>\n<li>Hauteur : 40 mm<\/li>\n<\/ul>\n<p>Caract\u00e9ristiques :<\/p>\n<ul>\n<li>Pr\u00e9-saisonn\u00e9<\/li>\n<li>Avec bec<\/li>\n<li>Avec poign\u00e9e extra-longue et \u0153illet de suspension<\/li>\n<li>Convient pour le gaz, l'induction, les flammes nues et les barbecues<\/li>\n<\/ul>\n<p>Commandez la po\u00eale en fonte Skillet M directement aupr\u00e8s de Bula Outdoor, votre sp\u00e9cialiste de la fonte. <a href=\"https:\/\/bulaoutdoor.nl\/fr\/categorie-de-produits\/ustensiles-de-cuisine-pour-lexterieur\/\">Cuisine en plein air<\/a>\u00a0sp\u00e9cialiste.<\/p>","protected":false},"excerpt":{"rendered":"<p>La po\u00eale Windmill M \u00f8210 MM . Po\u00eale en fonte TWM003<\/p>","protected":false},"featured_media":1406,"comment_status":"open","ping_status":"closed","template":"","meta":{"_acf_changed":false},"product_brand":[],"product_cat":[26],"product_tag":[87,80,77,1323],"class_list":{"0":"post-1402","1":"product","2":"type-product","3":"status-publish","4":"has-post-thumbnail","6":"product_cat-outdoor-kookset","7":"product_tag-gietijzer","8":"product_tag-koekenpan","9":"product_tag-skillet","10":"product_tag-the-windmill","12":"first","13":"instock","14":"sale","15":"taxable","16":"shipping-taxable","17":"purchasable","18":"product-type-simple"},"acf":[],"yoast_head":"<!-- This site is optimized with the Yoast SEO plugin v27.3 - https:\/\/yoast.com\/product\/yoast-seo-wordpress\/ -->\n<title>The Windmill Skillet M \u00f8210 mm &#8211; Bula Outdoor<\/title>\n<meta name=\"description\" content=\"Skillet gietijzer met een diameter van 210 mm en schenktuit. Voor op het fornuis, bbq of kampvuur. Perfect voor biefstuk, pannenkoeken of een gebaken eitje.\" \/>\n<meta name=\"robots\" content=\"index, follow, max-snippet:-1, max-image-preview:large, max-video-preview:-1\" \/>\n<link rel=\"canonical\" href=\"https:\/\/bulaoutdoor.nl\/fr\/produit\/la-poele-a-frire-du-moulin-a-vent-diametre-regulier-210\/\" \/>\n<meta property=\"og:locale\" content=\"fr_FR\" \/>\n<meta property=\"og:type\" content=\"article\" \/>\n<meta property=\"og:title\" content=\"The Windmill Skillet M \u00f8210 mm &#8211; Bula Outdoor\" \/>\n<meta property=\"og:description\" content=\"Skillet gietijzer met een diameter van 210 mm en schenktuit. Voor op het fornuis, bbq of kampvuur. Perfect voor biefstuk, pannenkoeken of een gebaken eitje.\" \/>\n<meta property=\"og:url\" content=\"https:\/\/bulaoutdoor.nl\/fr\/produit\/la-poele-a-frire-du-moulin-a-vent-diametre-regulier-210\/\" \/>\n<meta property=\"og:site_name\" content=\"Bula Outdoor\" \/>\n<meta property=\"article:modified_time\" content=\"2026-02-20T17:54:40+00:00\" \/>\n<meta property=\"og:image\" content=\"https:\/\/bulaoutdoor.nl\/wp-content\/uploads\/2018\/12\/twm003-the-windmill-skillet-regular-bual-outdoor-1.jpg\" \/>\n\t<meta property=\"og:image:width\" content=\"696\" \/>\n\t<meta property=\"og:image:height\" content=\"610\" \/>\n\t<meta property=\"og:image:type\" content=\"image\/jpeg\" \/>\n<meta name=\"twitter:card\" content=\"summary_large_image\" \/>\n<meta name=\"twitter:label1\" content=\"Dur\u00e9e de lecture estim\u00e9e\" \/>\n\t<meta name=\"twitter:data1\" content=\"1 minute\" \/>\n<script type=\"application\/ld+json\" class=\"yoast-schema-graph\">{\"@context\":\"https:\\\/\\\/schema.org\",\"@graph\":[{\"@type\":\"WebPage\",\"@id\":\"https:\\\/\\\/bulaoutdoor.nl\\\/product\\\/the-windmill-skillet-regular-diameter-210\\\/\",\"url\":\"https:\\\/\\\/bulaoutdoor.nl\\\/product\\\/the-windmill-skillet-regular-diameter-210\\\/\",\"name\":\"The Windmill Skillet M \u00f8210 mm &#8211; Bula Outdoor\",\"isPartOf\":{\"@id\":\"https:\\\/\\\/bulaoutdoor.nl\\\/#website\"},\"primaryImageOfPage\":{\"@id\":\"https:\\\/\\\/bulaoutdoor.nl\\\/product\\\/the-windmill-skillet-regular-diameter-210\\\/#primaryimage\"},\"image\":{\"@id\":\"https:\\\/\\\/bulaoutdoor.nl\\\/product\\\/the-windmill-skillet-regular-diameter-210\\\/#primaryimage\"},\"thumbnailUrl\":\"https:\\\/\\\/bulaoutdoor.nl\\\/wp-content\\\/uploads\\\/2018\\\/12\\\/twm003-the-windmill-skillet-regular-bual-outdoor-1.jpg\",\"datePublished\":\"2018-12-10T12:43:16+00:00\",\"dateModified\":\"2026-02-20T17:54:40+00:00\",\"description\":\"Skillet gietijzer met een diameter van 210 mm en schenktuit. Voor op het fornuis, bbq of kampvuur. Perfect voor biefstuk, pannenkoeken of een gebaken eitje.\",\"breadcrumb\":{\"@id\":\"https:\\\/\\\/bulaoutdoor.nl\\\/product\\\/the-windmill-skillet-regular-diameter-210\\\/#breadcrumb\"},\"inLanguage\":\"fr-FR\",\"potentialAction\":[{\"@type\":\"ReadAction\",\"target\":[\"https:\\\/\\\/bulaoutdoor.nl\\\/product\\\/the-windmill-skillet-regular-diameter-210\\\/\"]}]},{\"@type\":\"ImageObject\",\"inLanguage\":\"fr-FR\",\"@id\":\"https:\\\/\\\/bulaoutdoor.nl\\\/product\\\/the-windmill-skillet-regular-diameter-210\\\/#primaryimage\",\"url\":\"https:\\\/\\\/bulaoutdoor.nl\\\/wp-content\\\/uploads\\\/2018\\\/12\\\/twm003-the-windmill-skillet-regular-bual-outdoor-1.jpg\",\"contentUrl\":\"https:\\\/\\\/bulaoutdoor.nl\\\/wp-content\\\/uploads\\\/2018\\\/12\\\/twm003-the-windmill-skillet-regular-bual-outdoor-1.jpg\",\"width\":696,\"height\":610,\"caption\":\"TWM003 Skillet\"},{\"@type\":\"BreadcrumbList\",\"@id\":\"https:\\\/\\\/bulaoutdoor.nl\\\/product\\\/the-windmill-skillet-regular-diameter-210\\\/#breadcrumb\",\"itemListElement\":[{\"@type\":\"ListItem\",\"position\":1,\"name\":\"Home\",\"item\":\"https:\\\/\\\/bulaoutdoor.nl\\\/\"},{\"@type\":\"ListItem\",\"position\":2,\"name\":\"Online BBQ kopen\",\"item\":\"https:\\\/\\\/bulaoutdoor.nl\\\/\"},{\"@type\":\"ListItem\",\"position\":3,\"name\":\"The Windmill Skillet M \u00f8210 mm\"}]},{\"@type\":\"WebSite\",\"@id\":\"https:\\\/\\\/bulaoutdoor.nl\\\/#website\",\"url\":\"https:\\\/\\\/bulaoutdoor.nl\\\/\",\"name\":\"Bula Outdoor\",\"description\":\"Voor uw buitenhaard, BBQ, tuinfakkel en houtoven\",\"publisher\":{\"@id\":\"https:\\\/\\\/bulaoutdoor.nl\\\/#organization\"},\"potentialAction\":[{\"@type\":\"SearchAction\",\"target\":{\"@type\":\"EntryPoint\",\"urlTemplate\":\"https:\\\/\\\/bulaoutdoor.nl\\\/?s={search_term_string}\"},\"query-input\":{\"@type\":\"PropertyValueSpecification\",\"valueRequired\":true,\"valueName\":\"search_term_string\"}}],\"inLanguage\":\"fr-FR\"},{\"@type\":\"Organization\",\"@id\":\"https:\\\/\\\/bulaoutdoor.nl\\\/#organization\",\"name\":\"Bula Outdoor\",\"url\":\"https:\\\/\\\/bulaoutdoor.nl\\\/\",\"logo\":{\"@type\":\"ImageObject\",\"inLanguage\":\"fr-FR\",\"@id\":\"https:\\\/\\\/bulaoutdoor.nl\\\/#\\\/schema\\\/logo\\\/image\\\/\",\"url\":\"https:\\\/\\\/www.bulaoutdoor.nl\\\/wp-content\\\/uploads\\\/2018\\\/04\\\/bulaoutdoor-logo.png\",\"contentUrl\":\"https:\\\/\\\/www.bulaoutdoor.nl\\\/wp-content\\\/uploads\\\/2018\\\/04\\\/bulaoutdoor-logo.png\",\"width\":324,\"height\":91,\"caption\":\"Bula Outdoor\"},\"image\":{\"@id\":\"https:\\\/\\\/bulaoutdoor.nl\\\/#\\\/schema\\\/logo\\\/image\\\/\"}}]}<\/script>\n<!-- \/ Yoast SEO plugin. -->","yoast_head_json":{"title":"La po\u00eale Windmill M \u00f8210 mm - Bula Outdoor","description":"Po\u00eale en fonte de 210 mm de diam\u00e8tre avec bec verseur. Pour la cuisine, le barbecue ou le feu de camp. Parfait pour un steak, des cr\u00eapes ou un \u0153uf au plat.","robots":{"index":"index","follow":"follow","max-snippet":"max-snippet:-1","max-image-preview":"max-image-preview:large","max-video-preview":"max-video-preview:-1"},"canonical":"https:\/\/bulaoutdoor.nl\/fr\/produit\/la-poele-a-frire-du-moulin-a-vent-diametre-regulier-210\/","og_locale":"fr_FR","og_type":"article","og_title":"The Windmill Skillet M \u00f8210 mm &#8211; Bula Outdoor","og_description":"Skillet gietijzer met een diameter van 210 mm en schenktuit. Voor op het fornuis, bbq of kampvuur. Perfect voor biefstuk, pannenkoeken of een gebaken eitje.","og_url":"https:\/\/bulaoutdoor.nl\/fr\/produit\/la-poele-a-frire-du-moulin-a-vent-diametre-regulier-210\/","og_site_name":"Bula Outdoor","article_modified_time":"2026-02-20T17:54:40+00:00","og_image":[{"width":696,"height":610,"url":"https:\/\/bulaoutdoor.nl\/wp-content\/uploads\/2018\/12\/twm003-the-windmill-skillet-regular-bual-outdoor-1.jpg","type":"image\/jpeg"}],"twitter_card":"summary_large_image","twitter_misc":{"Dur\u00e9e de lecture estim\u00e9e":"1 minute"},"schema":{"@context":"https:\/\/schema.org","@graph":[{"@type":"WebPage","@id":"https:\/\/bulaoutdoor.nl\/product\/the-windmill-skillet-regular-diameter-210\/","url":"https:\/\/bulaoutdoor.nl\/product\/the-windmill-skillet-regular-diameter-210\/","name":"La po\u00eale Windmill M \u00f8210 mm - Bula Outdoor","isPartOf":{"@id":"https:\/\/bulaoutdoor.nl\/#website"},"primaryImageOfPage":{"@id":"https:\/\/bulaoutdoor.nl\/product\/the-windmill-skillet-regular-diameter-210\/#primaryimage"},"image":{"@id":"https:\/\/bulaoutdoor.nl\/product\/the-windmill-skillet-regular-diameter-210\/#primaryimage"},"thumbnailUrl":"https:\/\/bulaoutdoor.nl\/wp-content\/uploads\/2018\/12\/twm003-the-windmill-skillet-regular-bual-outdoor-1.jpg","datePublished":"2018-12-10T12:43:16+00:00","dateModified":"2026-02-20T17:54:40+00:00","description":"Po\u00eale en fonte de 210 mm de diam\u00e8tre avec bec verseur. Pour la cuisine, le barbecue ou le feu de camp. Parfait pour un steak, des cr\u00eapes ou un \u0153uf au plat.","breadcrumb":{"@id":"https:\/\/bulaoutdoor.nl\/product\/the-windmill-skillet-regular-diameter-210\/#breadcrumb"},"inLanguage":"fr-FR","potentialAction":[{"@type":"ReadAction","target":["https:\/\/bulaoutdoor.nl\/product\/the-windmill-skillet-regular-diameter-210\/"]}]},{"@type":"ImageObject","inLanguage":"fr-FR","@id":"https:\/\/bulaoutdoor.nl\/product\/the-windmill-skillet-regular-diameter-210\/#primaryimage","url":"https:\/\/bulaoutdoor.nl\/wp-content\/uploads\/2018\/12\/twm003-the-windmill-skillet-regular-bual-outdoor-1.jpg","contentUrl":"https:\/\/bulaoutdoor.nl\/wp-content\/uploads\/2018\/12\/twm003-the-windmill-skillet-regular-bual-outdoor-1.jpg","width":696,"height":610,"caption":"TWM003 Skillet"},{"@type":"BreadcrumbList","@id":"https:\/\/bulaoutdoor.nl\/product\/the-windmill-skillet-regular-diameter-210\/#breadcrumb","itemListElement":[{"@type":"ListItem","position":1,"name":"Home","item":"https:\/\/bulaoutdoor.nl\/"},{"@type":"ListItem","position":2,"name":"Online BBQ kopen","item":"https:\/\/bulaoutdoor.nl\/"},{"@type":"ListItem","position":3,"name":"The Windmill Skillet M \u00f8210 mm"}]},{"@type":"WebSite","@id":"https:\/\/bulaoutdoor.nl\/#website","url":"https:\/\/bulaoutdoor.nl\/","name":"Bula Outdoor","description":"Pour votre chemin\u00e9e ext\u00e9rieure, votre barbecue, votre torche de jardin et votre four \u00e0 bois","publisher":{"@id":"https:\/\/bulaoutdoor.nl\/#organization"},"potentialAction":[{"@type":"SearchAction","target":{"@type":"EntryPoint","urlTemplate":"https:\/\/bulaoutdoor.nl\/?s={search_term_string}"},"query-input":{"@type":"PropertyValueSpecification","valueRequired":true,"valueName":"search_term_string"}}],"inLanguage":"fr-FR"},{"@type":"Organization","@id":"https:\/\/bulaoutdoor.nl\/#organization","name":"Bula Outdoor","url":"https:\/\/bulaoutdoor.nl\/","logo":{"@type":"ImageObject","inLanguage":"fr-FR","@id":"https:\/\/bulaoutdoor.nl\/#\/schema\/logo\/image\/","url":"https:\/\/www.bulaoutdoor.nl\/wp-content\/uploads\/2018\/04\/bulaoutdoor-logo.png","contentUrl":"https:\/\/www.bulaoutdoor.nl\/wp-content\/uploads\/2018\/04\/bulaoutdoor-logo.png","width":324,"height":91,"caption":"Bula Outdoor"},"image":{"@id":"https:\/\/bulaoutdoor.nl\/#\/schema\/logo\/image\/"}}]}},"jetpack_sharing_enabled":true,"_links":{"self":[{"href":"https:\/\/bulaoutdoor.nl\/fr\/wp-json\/wp\/v2\/product\/1402","targetHints":{"allow":["GET"]}}],"collection":[{"href":"https:\/\/bulaoutdoor.nl\/fr\/wp-json\/wp\/v2\/product"}],"about":[{"href":"https:\/\/bulaoutdoor.nl\/fr\/wp-json\/wp\/v2\/types\/product"}],"replies":[{"embeddable":true,"href":"https:\/\/bulaoutdoor.nl\/fr\/wp-json\/wp\/v2\/comments?post=1402"}],"wp:featuredmedia":[{"embeddable":true,"href":"https:\/\/bulaoutdoor.nl\/fr\/wp-json\/wp\/v2\/media\/1406"}],"wp:attachment":[{"href":"https:\/\/bulaoutdoor.nl\/fr\/wp-json\/wp\/v2\/media?parent=1402"}],"wp:term":[{"taxonomy":"product_brand","embeddable":true,"href":"https:\/\/bulaoutdoor.nl\/fr\/wp-json\/wp\/v2\/product_brand?post=1402"},{"taxonomy":"product_cat","embeddable":true,"href":"https:\/\/bulaoutdoor.nl\/fr\/wp-json\/wp\/v2\/product_cat?post=1402"},{"taxonomy":"product_tag","embeddable":true,"href":"https:\/\/bulaoutdoor.nl\/fr\/wp-json\/wp\/v2\/product_tag?post=1402"}],"curies":[{"name":"wp","href":"https:\/\/api.w.org\/{rel}","templated":true}]}}