{"id":1412,"date":"2018-12-10T14:03:19","date_gmt":"2018-12-10T14:03:19","guid":{"rendered":"http:\/\/www.bulaoutdoor.nl\/?post_type=product&#038;p=1412"},"modified":"2026-02-20T18:08:10","modified_gmt":"2026-02-20T18:08:10","slug":"le-moulin-a-vent-poele-bbq-avec-couvercle-195-diametre","status":"publish","type":"product","link":"https:\/\/bulaoutdoor.nl\/fr\/product\/the-windmill-bbq-pan-met-deksel-195-diameter\/","title":{"rendered":"La po\u00eale \u00e0 barbecue Windmill avec couvercle S 195\u00f8 mm"},"content":{"rendered":"<h2>Po\u00eale en fonte pour barbecue avec couvercle S 195\u00f8 mm<\/h2>\n<p>Une po\u00eale en fonte diffuse progressivement la chaleur dans toute la po\u00eale. Par cons\u00e9quent, vous pouvez toujours \u00eatre s\u00fbr que tout ce qui se trouve dans la po\u00eale est bien cuit, y compris dans les coins. En outre, la po\u00eale bbq conserve longtemps cette chaleur, ce qui permet de garder les aliments chauds pendant longtemps lorsque la po\u00eale est pos\u00e9e sur la table, par exemple. L'utilisation d'huile permet \u00e0 la po\u00eale de fonctionner de mieux en mieux. En effet, la po\u00eale absorbe l'huile, cr\u00e9ant ainsi une sorte de rev\u00eatement antiadh\u00e9sif naturel. La po\u00eale en fonte convient \u00e9galement tr\u00e8s bien pour les plats qui doivent \u00e9galement passer au four, car la po\u00eale y r\u00e9siste \u00e9galement, de sorte qu'il n'est pas n\u00e9cessaire d'acheter quelque chose de sp\u00e9cial pour cela.<\/p>\n<p>Sp\u00e9cifications :<\/p>\n<ul>\n<li>Poids : 3450 grammes<\/li>\n<li>\u00d8 de la casserole : 195 mm<\/li>\n<li>Poign\u00e9es : 2\u00d730 mm<\/li>\n<li>\u00d8 total : 285 mm<\/li>\n<li>Hauteur de la casserole sans couvercle : 95 mm<\/li>\n<li>Hauteur du couvercle : 40 mm<\/li>\n<li>Hauteur totale : 135 mm<\/li>\n<li>Capacit\u00e9 : 2 litres<\/li>\n<\/ul>\n<p>Caract\u00e9ristiques :<\/p>\n<ul>\n<li>Pr\u00e9-saisonn\u00e9<\/li>\n<li>Sans pieds, donc tr\u00e8s adapt\u00e9 \u00e0 votre BBQ<\/li>\n<li>Peut \u00e9galement \u00eatre utilis\u00e9 comme four hollandais avec un anneau de feu<\/li>\n<li>Convient pour le gaz, l'induction, les flammes nues et les barbecues<\/li>\n<\/ul>\n<p>Commandez la po\u00eale BBQ avec couvercle S directement aupr\u00e8s de Bula Outdoor, votre fournisseur de services. <a href=\"https:\/\/bulaoutdoor.nl\/fr\/categorie-de-produits\/ustensiles-de-cuisine-pour-lexterieur\/\">Cuisine en plein air<\/a>\u00a0sp\u00e9cialiste.<\/p>","protected":false},"excerpt":{"rendered":"<p>Po\u00eale BBQ en fonte avec couvercle S \u00f8195 mm.<\/p>","protected":false},"featured_media":1414,"comment_status":"open","ping_status":"closed","template":"","meta":{"_acf_changed":false},"product_brand":[],"product_cat":[26],"product_tag":[43,87,78,79,81],"class_list":{"0":"post-1412","1":"product","2":"type-product","3":"status-publish","4":"has-post-thumbnail","6":"product_cat-outdoor-kookset","7":"product_tag-bbq","8":"product_tag-gietijzer","9":"product_tag-gietijzeren","10":"product_tag-pan","11":"product_tag-windmill","13":"first","14":"instock","15":"sale","16":"taxable","17":"shipping-taxable","18":"purchasable","19":"product-type-simple"},"acf":[],"yoast_head":"<!-- This site is optimized with the Yoast SEO plugin v27.3 - https:\/\/yoast.com\/product\/yoast-seo-wordpress\/ -->\n<title>The Windmill BBQ Pan met deksel S 195\u00f8 mm &#8211; Bula Outdoor<\/title>\n<meta name=\"description\" content=\"Gietijzeren BBQ Pan met deksel 195\u00f8, geschikt voor op de BBQ, in de oven, op het fornuis of in de houtoven. Voor stoven of bakken.\" \/>\n<meta name=\"robots\" content=\"index, follow, max-snippet:-1, max-image-preview:large, max-video-preview:-1\" \/>\n<link rel=\"canonical\" href=\"https:\/\/bulaoutdoor.nl\/fr\/produit\/le-moulin-a-vent-poele-bbq-avec-couvercle-195-diametre\/\" \/>\n<meta property=\"og:locale\" content=\"fr_FR\" \/>\n<meta property=\"og:type\" content=\"article\" \/>\n<meta property=\"og:title\" content=\"The Windmill BBQ Pan met deksel S 195\u00f8 mm &#8211; Bula Outdoor\" \/>\n<meta property=\"og:description\" content=\"Gietijzeren BBQ Pan met deksel 195\u00f8, geschikt voor op de BBQ, in de oven, op het fornuis of in de houtoven. Voor stoven of bakken.\" \/>\n<meta property=\"og:url\" content=\"https:\/\/bulaoutdoor.nl\/fr\/produit\/le-moulin-a-vent-poele-bbq-avec-couvercle-195-diametre\/\" \/>\n<meta property=\"og:site_name\" content=\"Bula Outdoor\" \/>\n<meta property=\"article:modified_time\" content=\"2026-02-20T18:08:10+00:00\" \/>\n<meta property=\"og:image\" content=\"https:\/\/bulaoutdoor.nl\/wp-content\/uploads\/2018\/12\/twm006-the-windmill-bbq-pan-with-lid-bula-outdoor.jpg\" \/>\n\t<meta property=\"og:image:width\" content=\"690\" \/>\n\t<meta property=\"og:image:height\" content=\"578\" \/>\n\t<meta property=\"og:image:type\" content=\"image\/jpeg\" \/>\n<meta name=\"twitter:card\" content=\"summary_large_image\" \/>\n<meta name=\"twitter:label1\" content=\"Dur\u00e9e de lecture estim\u00e9e\" \/>\n\t<meta name=\"twitter:data1\" content=\"1 minute\" \/>\n<script type=\"application\/ld+json\" class=\"yoast-schema-graph\">{\"@context\":\"https:\\\/\\\/schema.org\",\"@graph\":[{\"@type\":\"WebPage\",\"@id\":\"https:\\\/\\\/bulaoutdoor.nl\\\/product\\\/the-windmill-bbq-pan-met-deksel-195-diameter\\\/\",\"url\":\"https:\\\/\\\/bulaoutdoor.nl\\\/product\\\/the-windmill-bbq-pan-met-deksel-195-diameter\\\/\",\"name\":\"The Windmill BBQ Pan met deksel S 195\u00f8 mm &#8211; Bula Outdoor\",\"isPartOf\":{\"@id\":\"https:\\\/\\\/bulaoutdoor.nl\\\/#website\"},\"primaryImageOfPage\":{\"@id\":\"https:\\\/\\\/bulaoutdoor.nl\\\/product\\\/the-windmill-bbq-pan-met-deksel-195-diameter\\\/#primaryimage\"},\"image\":{\"@id\":\"https:\\\/\\\/bulaoutdoor.nl\\\/product\\\/the-windmill-bbq-pan-met-deksel-195-diameter\\\/#primaryimage\"},\"thumbnailUrl\":\"https:\\\/\\\/bulaoutdoor.nl\\\/wp-content\\\/uploads\\\/2018\\\/12\\\/twm006-the-windmill-bbq-pan-with-lid-bula-outdoor.jpg\",\"datePublished\":\"2018-12-10T14:03:19+00:00\",\"dateModified\":\"2026-02-20T18:08:10+00:00\",\"description\":\"Gietijzeren BBQ Pan met deksel 195\u00f8, geschikt voor op de BBQ, in de oven, op het fornuis of in de houtoven. Voor stoven of bakken.\",\"breadcrumb\":{\"@id\":\"https:\\\/\\\/bulaoutdoor.nl\\\/product\\\/the-windmill-bbq-pan-met-deksel-195-diameter\\\/#breadcrumb\"},\"inLanguage\":\"fr-FR\",\"potentialAction\":[{\"@type\":\"ReadAction\",\"target\":[\"https:\\\/\\\/bulaoutdoor.nl\\\/product\\\/the-windmill-bbq-pan-met-deksel-195-diameter\\\/\"]}]},{\"@type\":\"ImageObject\",\"inLanguage\":\"fr-FR\",\"@id\":\"https:\\\/\\\/bulaoutdoor.nl\\\/product\\\/the-windmill-bbq-pan-met-deksel-195-diameter\\\/#primaryimage\",\"url\":\"https:\\\/\\\/bulaoutdoor.nl\\\/wp-content\\\/uploads\\\/2018\\\/12\\\/twm006-the-windmill-bbq-pan-with-lid-bula-outdoor.jpg\",\"contentUrl\":\"https:\\\/\\\/bulaoutdoor.nl\\\/wp-content\\\/uploads\\\/2018\\\/12\\\/twm006-the-windmill-bbq-pan-with-lid-bula-outdoor.jpg\",\"width\":690,\"height\":578,\"caption\":\"TWM006 BBQ Pan 195 mm\"},{\"@type\":\"BreadcrumbList\",\"@id\":\"https:\\\/\\\/bulaoutdoor.nl\\\/product\\\/the-windmill-bbq-pan-met-deksel-195-diameter\\\/#breadcrumb\",\"itemListElement\":[{\"@type\":\"ListItem\",\"position\":1,\"name\":\"Home\",\"item\":\"https:\\\/\\\/bulaoutdoor.nl\\\/\"},{\"@type\":\"ListItem\",\"position\":2,\"name\":\"Online BBQ kopen\",\"item\":\"https:\\\/\\\/bulaoutdoor.nl\\\/\"},{\"@type\":\"ListItem\",\"position\":3,\"name\":\"The Windmill BBQ Pan met deksel S 195\u00f8 mm\"}]},{\"@type\":\"WebSite\",\"@id\":\"https:\\\/\\\/bulaoutdoor.nl\\\/#website\",\"url\":\"https:\\\/\\\/bulaoutdoor.nl\\\/\",\"name\":\"Bula Outdoor\",\"description\":\"Voor uw buitenhaard, BBQ, tuinfakkel en houtoven\",\"publisher\":{\"@id\":\"https:\\\/\\\/bulaoutdoor.nl\\\/#organization\"},\"potentialAction\":[{\"@type\":\"SearchAction\",\"target\":{\"@type\":\"EntryPoint\",\"urlTemplate\":\"https:\\\/\\\/bulaoutdoor.nl\\\/?s={search_term_string}\"},\"query-input\":{\"@type\":\"PropertyValueSpecification\",\"valueRequired\":true,\"valueName\":\"search_term_string\"}}],\"inLanguage\":\"fr-FR\"},{\"@type\":\"Organization\",\"@id\":\"https:\\\/\\\/bulaoutdoor.nl\\\/#organization\",\"name\":\"Bula Outdoor\",\"url\":\"https:\\\/\\\/bulaoutdoor.nl\\\/\",\"logo\":{\"@type\":\"ImageObject\",\"inLanguage\":\"fr-FR\",\"@id\":\"https:\\\/\\\/bulaoutdoor.nl\\\/#\\\/schema\\\/logo\\\/image\\\/\",\"url\":\"https:\\\/\\\/www.bulaoutdoor.nl\\\/wp-content\\\/uploads\\\/2018\\\/04\\\/bulaoutdoor-logo.png\",\"contentUrl\":\"https:\\\/\\\/www.bulaoutdoor.nl\\\/wp-content\\\/uploads\\\/2018\\\/04\\\/bulaoutdoor-logo.png\",\"width\":324,\"height\":91,\"caption\":\"Bula Outdoor\"},\"image\":{\"@id\":\"https:\\\/\\\/bulaoutdoor.nl\\\/#\\\/schema\\\/logo\\\/image\\\/\"}}]}<\/script>\n<!-- \/ Yoast SEO plugin. -->","yoast_head_json":{"title":"La po\u00eale \u00e0 barbecue Windmill avec couvercle S 195\u00f8 mm - Bula Outdoor","description":"Po\u00eale en fonte pour barbecue avec couvercle 195\u00f8, convient pour le barbecue, le four, la cuisini\u00e8re ou le four \u00e0 bois. Pour la cuisson \u00e0 l'\u00e9touff\u00e9e ou au four.","robots":{"index":"index","follow":"follow","max-snippet":"max-snippet:-1","max-image-preview":"max-image-preview:large","max-video-preview":"max-video-preview:-1"},"canonical":"https:\/\/bulaoutdoor.nl\/fr\/produit\/le-moulin-a-vent-poele-bbq-avec-couvercle-195-diametre\/","og_locale":"fr_FR","og_type":"article","og_title":"The Windmill BBQ Pan met deksel S 195\u00f8 mm &#8211; Bula Outdoor","og_description":"Gietijzeren BBQ Pan met deksel 195\u00f8, geschikt voor op de BBQ, in de oven, op het fornuis of in de houtoven. Voor stoven of bakken.","og_url":"https:\/\/bulaoutdoor.nl\/fr\/produit\/le-moulin-a-vent-poele-bbq-avec-couvercle-195-diametre\/","og_site_name":"Bula Outdoor","article_modified_time":"2026-02-20T18:08:10+00:00","og_image":[{"width":690,"height":578,"url":"https:\/\/bulaoutdoor.nl\/wp-content\/uploads\/2018\/12\/twm006-the-windmill-bbq-pan-with-lid-bula-outdoor.jpg","type":"image\/jpeg"}],"twitter_card":"summary_large_image","twitter_misc":{"Dur\u00e9e de lecture estim\u00e9e":"1 minute"},"schema":{"@context":"https:\/\/schema.org","@graph":[{"@type":"WebPage","@id":"https:\/\/bulaoutdoor.nl\/product\/the-windmill-bbq-pan-met-deksel-195-diameter\/","url":"https:\/\/bulaoutdoor.nl\/product\/the-windmill-bbq-pan-met-deksel-195-diameter\/","name":"La po\u00eale \u00e0 barbecue Windmill avec couvercle S 195\u00f8 mm - Bula Outdoor","isPartOf":{"@id":"https:\/\/bulaoutdoor.nl\/#website"},"primaryImageOfPage":{"@id":"https:\/\/bulaoutdoor.nl\/product\/the-windmill-bbq-pan-met-deksel-195-diameter\/#primaryimage"},"image":{"@id":"https:\/\/bulaoutdoor.nl\/product\/the-windmill-bbq-pan-met-deksel-195-diameter\/#primaryimage"},"thumbnailUrl":"https:\/\/bulaoutdoor.nl\/wp-content\/uploads\/2018\/12\/twm006-the-windmill-bbq-pan-with-lid-bula-outdoor.jpg","datePublished":"2018-12-10T14:03:19+00:00","dateModified":"2026-02-20T18:08:10+00:00","description":"Po\u00eale en fonte pour barbecue avec couvercle 195\u00f8, convient pour le barbecue, le four, la cuisini\u00e8re ou le four \u00e0 bois. Pour la cuisson \u00e0 l'\u00e9touff\u00e9e ou au four.","breadcrumb":{"@id":"https:\/\/bulaoutdoor.nl\/product\/the-windmill-bbq-pan-met-deksel-195-diameter\/#breadcrumb"},"inLanguage":"fr-FR","potentialAction":[{"@type":"ReadAction","target":["https:\/\/bulaoutdoor.nl\/product\/the-windmill-bbq-pan-met-deksel-195-diameter\/"]}]},{"@type":"ImageObject","inLanguage":"fr-FR","@id":"https:\/\/bulaoutdoor.nl\/product\/the-windmill-bbq-pan-met-deksel-195-diameter\/#primaryimage","url":"https:\/\/bulaoutdoor.nl\/wp-content\/uploads\/2018\/12\/twm006-the-windmill-bbq-pan-with-lid-bula-outdoor.jpg","contentUrl":"https:\/\/bulaoutdoor.nl\/wp-content\/uploads\/2018\/12\/twm006-the-windmill-bbq-pan-with-lid-bula-outdoor.jpg","width":690,"height":578,"caption":"TWM006 BBQ Pan 195 mm"},{"@type":"BreadcrumbList","@id":"https:\/\/bulaoutdoor.nl\/product\/the-windmill-bbq-pan-met-deksel-195-diameter\/#breadcrumb","itemListElement":[{"@type":"ListItem","position":1,"name":"Home","item":"https:\/\/bulaoutdoor.nl\/"},{"@type":"ListItem","position":2,"name":"Online BBQ kopen","item":"https:\/\/bulaoutdoor.nl\/"},{"@type":"ListItem","position":3,"name":"The Windmill BBQ Pan met deksel S 195\u00f8 mm"}]},{"@type":"WebSite","@id":"https:\/\/bulaoutdoor.nl\/#website","url":"https:\/\/bulaoutdoor.nl\/","name":"Bula Outdoor","description":"Pour votre chemin\u00e9e ext\u00e9rieure, votre barbecue, votre torche de jardin et votre four \u00e0 bois","publisher":{"@id":"https:\/\/bulaoutdoor.nl\/#organization"},"potentialAction":[{"@type":"SearchAction","target":{"@type":"EntryPoint","urlTemplate":"https:\/\/bulaoutdoor.nl\/?s={search_term_string}"},"query-input":{"@type":"PropertyValueSpecification","valueRequired":true,"valueName":"search_term_string"}}],"inLanguage":"fr-FR"},{"@type":"Organization","@id":"https:\/\/bulaoutdoor.nl\/#organization","name":"Bula Outdoor","url":"https:\/\/bulaoutdoor.nl\/","logo":{"@type":"ImageObject","inLanguage":"fr-FR","@id":"https:\/\/bulaoutdoor.nl\/#\/schema\/logo\/image\/","url":"https:\/\/www.bulaoutdoor.nl\/wp-content\/uploads\/2018\/04\/bulaoutdoor-logo.png","contentUrl":"https:\/\/www.bulaoutdoor.nl\/wp-content\/uploads\/2018\/04\/bulaoutdoor-logo.png","width":324,"height":91,"caption":"Bula Outdoor"},"image":{"@id":"https:\/\/bulaoutdoor.nl\/#\/schema\/logo\/image\/"}}]}},"jetpack_sharing_enabled":true,"_links":{"self":[{"href":"https:\/\/bulaoutdoor.nl\/fr\/wp-json\/wp\/v2\/product\/1412","targetHints":{"allow":["GET"]}}],"collection":[{"href":"https:\/\/bulaoutdoor.nl\/fr\/wp-json\/wp\/v2\/product"}],"about":[{"href":"https:\/\/bulaoutdoor.nl\/fr\/wp-json\/wp\/v2\/types\/product"}],"replies":[{"embeddable":true,"href":"https:\/\/bulaoutdoor.nl\/fr\/wp-json\/wp\/v2\/comments?post=1412"}],"wp:featuredmedia":[{"embeddable":true,"href":"https:\/\/bulaoutdoor.nl\/fr\/wp-json\/wp\/v2\/media\/1414"}],"wp:attachment":[{"href":"https:\/\/bulaoutdoor.nl\/fr\/wp-json\/wp\/v2\/media?parent=1412"}],"wp:term":[{"taxonomy":"product_brand","embeddable":true,"href":"https:\/\/bulaoutdoor.nl\/fr\/wp-json\/wp\/v2\/product_brand?post=1412"},{"taxonomy":"product_cat","embeddable":true,"href":"https:\/\/bulaoutdoor.nl\/fr\/wp-json\/wp\/v2\/product_cat?post=1412"},{"taxonomy":"product_tag","embeddable":true,"href":"https:\/\/bulaoutdoor.nl\/fr\/wp-json\/wp\/v2\/product_tag?post=1412"}],"curies":[{"name":"wp","href":"https:\/\/api.w.org\/{rel}","templated":true}]}}