{"id":14431,"date":"2022-09-29T09:56:09","date_gmt":"2022-09-29T09:56:09","guid":{"rendered":"https:\/\/www.bulaoutdoor.nl\/?post_type=product&#038;p=14431"},"modified":"2025-11-16T14:02:53","modified_gmt":"2025-11-16T14:02:53","slug":"assiette-de-saumon-a-la-flamme","status":"publish","type":"product","link":"https:\/\/bulaoutdoor.nl\/fr\/product\/vlamzalmbord\/","title":{"rendered":"Planche \u00e0 flammes saumon Monolith Classic 55 Lechef 66"},"content":{"rendered":"<p>Apportez la fa\u00e7on populaire et rustique de pr\u00e9parer le saumon \u00e0 la flamme sur votre propre barbecue ! Ce qui est une longue tradition dans les pays scandinaves devient de plus en plus populaire dans d'autres pays europ\u00e9ens. Le saumon \u00e0 la flamme est une exp\u00e9rience gustative, mais aussi une v\u00e9ritable exp\u00e9rience de pr\u00e9paration.<\/p>\n<ul>\n<li>Convient uniquement pour le Monolith Classic 55 et le LeChef 66.<\/li>\n<li>Dimensions (L x L x H) : 50 x 14 x 1,9 cm<\/li>\n<\/ul>\n<p>Commandez la plaque de saumon \u00e0 la flamme directement aupr\u00e8s de Bula Outdoor, votre sp\u00e9cialiste en mati\u00e8re de barbecue !<\/p>","protected":false},"excerpt":{"rendered":"<p>Pour une pr\u00e9paration sp\u00e9ciale du saumon sur le barbecue. Planche de poisson 206020<\/p>","protected":false},"featured_media":14559,"comment_status":"open","ping_status":"closed","template":"","meta":{"_acf_changed":false},"product_brand":[],"product_cat":[1001,1000],"product_tag":[1024],"class_list":{"0":"post-14431","1":"product","2":"type-product","3":"status-publish","4":"has-post-thumbnail","6":"product_cat-monolith-classic","7":"product_cat-monolith-le-chef","8":"product_tag-monolith-accessoires","10":"first","11":"instock","12":"sale","13":"taxable","14":"shipping-taxable","15":"purchasable","16":"product-type-simple"},"acf":[],"yoast_head":"<!-- This site is optimized with the Yoast SEO plugin v27.6 - https:\/\/yoast.com\/product\/yoast-seo-wordpress\/ -->\n<title>Vlambord zalm Monolith Classic 55 Lechef 66 &#8211; Bula Outdoor<\/title>\n<meta name=\"robots\" content=\"index, follow, max-snippet:-1, max-image-preview:large, max-video-preview:-1\" \/>\n<link rel=\"canonical\" href=\"https:\/\/bulaoutdoor.nl\/fr\/produit\/assiette-de-saumon-a-la-flamme\/\" \/>\n<meta property=\"og:locale\" content=\"fr_FR\" \/>\n<meta property=\"og:type\" content=\"article\" \/>\n<meta property=\"og:title\" content=\"Vlambord zalm Monolith Classic 55 Lechef 66 &#8211; Bula Outdoor\" \/>\n<meta property=\"og:description\" content=\"Voor de speciale vlambord zalm bereiding op de bbq. Fish Plank 206020\" \/>\n<meta property=\"og:url\" content=\"https:\/\/bulaoutdoor.nl\/fr\/produit\/assiette-de-saumon-a-la-flamme\/\" \/>\n<meta property=\"og:site_name\" content=\"Bula Outdoor\" \/>\n<meta property=\"article:modified_time\" content=\"2025-11-16T14:02:53+00:00\" \/>\n<meta property=\"og:image\" content=\"https:\/\/bulaoutdoor.nl\/wp-content\/uploads\/2022\/08\/206020-Flammlachsbrett-01.png\" \/>\n\t<meta property=\"og:image:width\" content=\"900\" \/>\n\t<meta property=\"og:image:height\" content=\"900\" \/>\n\t<meta property=\"og:image:type\" content=\"image\/png\" \/>\n<meta name=\"twitter:card\" content=\"summary_large_image\" \/>\n<meta name=\"twitter:label1\" content=\"Dur\u00e9e de lecture estim\u00e9e\" \/>\n\t<meta name=\"twitter:data1\" content=\"1 minute\" \/>\n<script type=\"application\/ld+json\" class=\"yoast-schema-graph\">{\"@context\":\"https:\\\/\\\/schema.org\",\"@graph\":[{\"@type\":\"WebPage\",\"@id\":\"https:\\\/\\\/bulaoutdoor.nl\\\/product\\\/vlamzalmbord\\\/\",\"url\":\"https:\\\/\\\/bulaoutdoor.nl\\\/product\\\/vlamzalmbord\\\/\",\"name\":\"Vlambord zalm Monolith Classic 55 Lechef 66 &#8211; Bula Outdoor\",\"isPartOf\":{\"@id\":\"https:\\\/\\\/bulaoutdoor.nl\\\/#website\"},\"primaryImageOfPage\":{\"@id\":\"https:\\\/\\\/bulaoutdoor.nl\\\/product\\\/vlamzalmbord\\\/#primaryimage\"},\"image\":{\"@id\":\"https:\\\/\\\/bulaoutdoor.nl\\\/product\\\/vlamzalmbord\\\/#primaryimage\"},\"thumbnailUrl\":\"https:\\\/\\\/bulaoutdoor.nl\\\/wp-content\\\/uploads\\\/2022\\\/08\\\/206020-Flammlachsbrett-01.png\",\"datePublished\":\"2022-09-29T09:56:09+00:00\",\"dateModified\":\"2025-11-16T14:02:53+00:00\",\"breadcrumb\":{\"@id\":\"https:\\\/\\\/bulaoutdoor.nl\\\/product\\\/vlamzalmbord\\\/#breadcrumb\"},\"inLanguage\":\"fr-FR\",\"potentialAction\":[{\"@type\":\"ReadAction\",\"target\":[\"https:\\\/\\\/bulaoutdoor.nl\\\/product\\\/vlamzalmbord\\\/\"]}]},{\"@type\":\"ImageObject\",\"inLanguage\":\"fr-FR\",\"@id\":\"https:\\\/\\\/bulaoutdoor.nl\\\/product\\\/vlamzalmbord\\\/#primaryimage\",\"url\":\"https:\\\/\\\/bulaoutdoor.nl\\\/wp-content\\\/uploads\\\/2022\\\/08\\\/206020-Flammlachsbrett-01.png\",\"contentUrl\":\"https:\\\/\\\/bulaoutdoor.nl\\\/wp-content\\\/uploads\\\/2022\\\/08\\\/206020-Flammlachsbrett-01.png\",\"width\":900,\"height\":900,\"caption\":\"product zelf\"},{\"@type\":\"BreadcrumbList\",\"@id\":\"https:\\\/\\\/bulaoutdoor.nl\\\/product\\\/vlamzalmbord\\\/#breadcrumb\",\"itemListElement\":[{\"@type\":\"ListItem\",\"position\":1,\"name\":\"Home\",\"item\":\"https:\\\/\\\/bulaoutdoor.nl\\\/\"},{\"@type\":\"ListItem\",\"position\":2,\"name\":\"Online BBQ kopen\",\"item\":\"https:\\\/\\\/bulaoutdoor.nl\\\/\"},{\"@type\":\"ListItem\",\"position\":3,\"name\":\"Vlambord zalm Monolith Classic 55 Lechef 66\"}]},{\"@type\":\"WebSite\",\"@id\":\"https:\\\/\\\/bulaoutdoor.nl\\\/#website\",\"url\":\"https:\\\/\\\/bulaoutdoor.nl\\\/\",\"name\":\"Bula Outdoor\",\"description\":\"Voor uw buitenhaard, BBQ, tuinfakkel en houtoven\",\"publisher\":{\"@id\":\"https:\\\/\\\/bulaoutdoor.nl\\\/#organization\"},\"potentialAction\":[{\"@type\":\"SearchAction\",\"target\":{\"@type\":\"EntryPoint\",\"urlTemplate\":\"https:\\\/\\\/bulaoutdoor.nl\\\/?s={search_term_string}\"},\"query-input\":{\"@type\":\"PropertyValueSpecification\",\"valueRequired\":true,\"valueName\":\"search_term_string\"}}],\"inLanguage\":\"fr-FR\"},{\"@type\":\"Organization\",\"@id\":\"https:\\\/\\\/bulaoutdoor.nl\\\/#organization\",\"name\":\"Bula Outdoor\",\"url\":\"https:\\\/\\\/bulaoutdoor.nl\\\/\",\"logo\":{\"@type\":\"ImageObject\",\"inLanguage\":\"fr-FR\",\"@id\":\"https:\\\/\\\/bulaoutdoor.nl\\\/#\\\/schema\\\/logo\\\/image\\\/\",\"url\":\"https:\\\/\\\/www.bulaoutdoor.nl\\\/wp-content\\\/uploads\\\/2018\\\/04\\\/bulaoutdoor-logo.png\",\"contentUrl\":\"https:\\\/\\\/www.bulaoutdoor.nl\\\/wp-content\\\/uploads\\\/2018\\\/04\\\/bulaoutdoor-logo.png\",\"width\":324,\"height\":91,\"caption\":\"Bula Outdoor\"},\"image\":{\"@id\":\"https:\\\/\\\/bulaoutdoor.nl\\\/#\\\/schema\\\/logo\\\/image\\\/\"}}]}<\/script>\n<!-- \/ Yoast SEO plugin. -->","yoast_head_json":{"title":"Plaque \u00e0 flamme pour saumon Monolith Classic 55 Lechef 66 \u2013 Bula Outdoor","robots":{"index":"index","follow":"follow","max-snippet":"max-snippet:-1","max-image-preview":"max-image-preview:large","max-video-preview":"max-video-preview:-1"},"canonical":"https:\/\/bulaoutdoor.nl\/fr\/produit\/assiette-de-saumon-a-la-flamme\/","og_locale":"fr_FR","og_type":"article","og_title":"Vlambord zalm Monolith Classic 55 Lechef 66 &#8211; Bula Outdoor","og_description":"Voor de speciale vlambord zalm bereiding op de bbq. Fish Plank 206020","og_url":"https:\/\/bulaoutdoor.nl\/fr\/produit\/assiette-de-saumon-a-la-flamme\/","og_site_name":"Bula Outdoor","article_modified_time":"2025-11-16T14:02:53+00:00","og_image":[{"width":900,"height":900,"url":"https:\/\/bulaoutdoor.nl\/wp-content\/uploads\/2022\/08\/206020-Flammlachsbrett-01.png","type":"image\/png"}],"twitter_card":"summary_large_image","twitter_misc":{"Dur\u00e9e de lecture estim\u00e9e":"1 minute"},"schema":{"@context":"https:\/\/schema.org","@graph":[{"@type":"WebPage","@id":"https:\/\/bulaoutdoor.nl\/product\/vlamzalmbord\/","url":"https:\/\/bulaoutdoor.nl\/product\/vlamzalmbord\/","name":"Plaque \u00e0 flamme pour saumon Monolith Classic 55 Lechef 66 \u2013 Bula Outdoor","isPartOf":{"@id":"https:\/\/bulaoutdoor.nl\/#website"},"primaryImageOfPage":{"@id":"https:\/\/bulaoutdoor.nl\/product\/vlamzalmbord\/#primaryimage"},"image":{"@id":"https:\/\/bulaoutdoor.nl\/product\/vlamzalmbord\/#primaryimage"},"thumbnailUrl":"https:\/\/bulaoutdoor.nl\/wp-content\/uploads\/2022\/08\/206020-Flammlachsbrett-01.png","datePublished":"2022-09-29T09:56:09+00:00","dateModified":"2025-11-16T14:02:53+00:00","breadcrumb":{"@id":"https:\/\/bulaoutdoor.nl\/product\/vlamzalmbord\/#breadcrumb"},"inLanguage":"fr-FR","potentialAction":[{"@type":"ReadAction","target":["https:\/\/bulaoutdoor.nl\/product\/vlamzalmbord\/"]}]},{"@type":"ImageObject","inLanguage":"fr-FR","@id":"https:\/\/bulaoutdoor.nl\/product\/vlamzalmbord\/#primaryimage","url":"https:\/\/bulaoutdoor.nl\/wp-content\/uploads\/2022\/08\/206020-Flammlachsbrett-01.png","contentUrl":"https:\/\/bulaoutdoor.nl\/wp-content\/uploads\/2022\/08\/206020-Flammlachsbrett-01.png","width":900,"height":900,"caption":"product zelf"},{"@type":"BreadcrumbList","@id":"https:\/\/bulaoutdoor.nl\/product\/vlamzalmbord\/#breadcrumb","itemListElement":[{"@type":"ListItem","position":1,"name":"Home","item":"https:\/\/bulaoutdoor.nl\/"},{"@type":"ListItem","position":2,"name":"Online BBQ kopen","item":"https:\/\/bulaoutdoor.nl\/"},{"@type":"ListItem","position":3,"name":"Vlambord zalm Monolith Classic 55 Lechef 66"}]},{"@type":"WebSite","@id":"https:\/\/bulaoutdoor.nl\/#website","url":"https:\/\/bulaoutdoor.nl\/","name":"Bula Outdoor","description":"Pour votre chemin\u00e9e ext\u00e9rieure, votre barbecue, votre torche de jardin et votre four \u00e0 bois","publisher":{"@id":"https:\/\/bulaoutdoor.nl\/#organization"},"potentialAction":[{"@type":"SearchAction","target":{"@type":"EntryPoint","urlTemplate":"https:\/\/bulaoutdoor.nl\/?s={search_term_string}"},"query-input":{"@type":"PropertyValueSpecification","valueRequired":true,"valueName":"search_term_string"}}],"inLanguage":"fr-FR"},{"@type":"Organization","@id":"https:\/\/bulaoutdoor.nl\/#organization","name":"Bula Outdoor","url":"https:\/\/bulaoutdoor.nl\/","logo":{"@type":"ImageObject","inLanguage":"fr-FR","@id":"https:\/\/bulaoutdoor.nl\/#\/schema\/logo\/image\/","url":"https:\/\/www.bulaoutdoor.nl\/wp-content\/uploads\/2018\/04\/bulaoutdoor-logo.png","contentUrl":"https:\/\/www.bulaoutdoor.nl\/wp-content\/uploads\/2018\/04\/bulaoutdoor-logo.png","width":324,"height":91,"caption":"Bula Outdoor"},"image":{"@id":"https:\/\/bulaoutdoor.nl\/#\/schema\/logo\/image\/"}}]}},"jetpack_sharing_enabled":true,"_links":{"self":[{"href":"https:\/\/bulaoutdoor.nl\/fr\/wp-json\/wp\/v2\/product\/14431","targetHints":{"allow":["GET"]}}],"collection":[{"href":"https:\/\/bulaoutdoor.nl\/fr\/wp-json\/wp\/v2\/product"}],"about":[{"href":"https:\/\/bulaoutdoor.nl\/fr\/wp-json\/wp\/v2\/types\/product"}],"replies":[{"embeddable":true,"href":"https:\/\/bulaoutdoor.nl\/fr\/wp-json\/wp\/v2\/comments?post=14431"}],"wp:featuredmedia":[{"embeddable":true,"href":"https:\/\/bulaoutdoor.nl\/fr\/wp-json\/wp\/v2\/media\/14559"}],"wp:attachment":[{"href":"https:\/\/bulaoutdoor.nl\/fr\/wp-json\/wp\/v2\/media?parent=14431"}],"wp:term":[{"taxonomy":"product_brand","embeddable":true,"href":"https:\/\/bulaoutdoor.nl\/fr\/wp-json\/wp\/v2\/product_brand?post=14431"},{"taxonomy":"product_cat","embeddable":true,"href":"https:\/\/bulaoutdoor.nl\/fr\/wp-json\/wp\/v2\/product_cat?post=14431"},{"taxonomy":"product_tag","embeddable":true,"href":"https:\/\/bulaoutdoor.nl\/fr\/wp-json\/wp\/v2\/product_tag?post=14431"}],"curies":[{"name":"wp","href":"https:\/\/api.w.org\/{rel}","templated":true}]}}