{"id":14438,"date":"2022-10-04T15:53:39","date_gmt":"2022-10-04T15:53:39","guid":{"rendered":"https:\/\/www.bulaoutdoor.nl\/?post_type=product&#038;p=14438"},"modified":"2025-11-16T15:07:32","modified_gmt":"2025-11-16T15:07:32","slug":"rotisserie-pour-le-monolithe-icon-junior","status":"publish","type":"product","link":"https:\/\/bulaoutdoor.nl\/fr\/product\/rotisserie-voor-de-monolith-icon-junior\/","title":{"rendered":"R\u00f4tissoire pour le Monolith Icon\/Junior"},"content":{"rendered":"<p>Cette r\u00f4tissoire en acier inoxydable est maintenant disponible pour l'Icon et le Junior.<\/p>\n<p>- Convient aux plaques de gril en c\u00e9ramique MONOLITH Icon et Junior<br \/>\n- L'accessoire permet de griller avec une broche rotative et un couvercle ferm\u00e9.<br \/>\n- Moteur aliment\u00e9 par batterie<br \/>\n- Comprend un support pour 3 brochettes shashlik<br \/>\n- Particuli\u00e8rement facile \u00e0 assembler<\/p>\n<ul>\n<li>A utiliser avec le couvercle ferm\u00e9.<\/li>\n<li>Comprend trois brochettes robustes qui permettent de faire tourner la viande.<\/li>\n<li>Le moteur, log\u00e9 dans un bo\u00eetier m\u00e9tallique robuste, a une longue dur\u00e9e de vie. (Fonctionnement sur piles)<\/li>\n<\/ul>\n<p>Commandez la r\u00f4tissoire pour l'Icon\/ Junior directement aupr\u00e8s de Bula Outdoor, votre sp\u00e9cialiste en mati\u00e8re de barbecue !<\/p>","protected":false},"excerpt":{"rendered":"<p>R\u00f4tisserie pour l'Icon ou le Junior<\/p>","protected":false},"featured_media":14548,"comment_status":"open","ping_status":"closed","template":"","meta":{"_acf_changed":false},"product_brand":[],"product_cat":[998,999],"product_tag":[1024,1026,1027],"class_list":{"0":"post-14438","1":"product","2":"type-product","3":"status-publish","4":"has-post-thumbnail","6":"product_cat-monolith-icon","7":"product_cat-monolith-junior","8":"product_tag-monolith-accessoires","9":"product_tag-monolith-icon-accessoires","10":"product_tag-monolith-junior-accessoires","12":"first","13":"instock","14":"sale","15":"taxable","16":"shipping-taxable","17":"purchasable","18":"product-type-simple"},"acf":[],"yoast_head":"<!-- This site is optimized with the Yoast SEO plugin v27.4 - https:\/\/yoast.com\/product\/yoast-seo-wordpress\/ -->\n<title>Rotisserie voor de Monolith Icon\/Junior &#8211; Bula Outdoor<\/title>\n<meta name=\"robots\" content=\"index, follow, max-snippet:-1, max-image-preview:large, max-video-preview:-1\" \/>\n<link rel=\"canonical\" href=\"https:\/\/bulaoutdoor.nl\/fr\/produit\/rotisserie-pour-le-monolithe-icon-junior\/\" \/>\n<meta property=\"og:locale\" content=\"fr_FR\" \/>\n<meta property=\"og:type\" content=\"article\" \/>\n<meta property=\"og:title\" content=\"Rotisserie voor de Monolith Icon\/Junior &#8211; Bula Outdoor\" \/>\n<meta property=\"og:description\" content=\"Rotisserie voor de Icon of de Junior\" \/>\n<meta property=\"og:url\" content=\"https:\/\/bulaoutdoor.nl\/fr\/produit\/rotisserie-pour-le-monolithe-icon-junior\/\" \/>\n<meta property=\"og:site_name\" content=\"Bula Outdoor\" \/>\n<meta property=\"article:modified_time\" content=\"2025-11-16T15:07:32+00:00\" \/>\n<meta property=\"og:image\" content=\"https:\/\/bulaoutdoor.nl\/wp-content\/uploads\/2022\/08\/207000-I_J_Motor-front.png\" \/>\n\t<meta property=\"og:image:width\" content=\"900\" \/>\n\t<meta property=\"og:image:height\" content=\"900\" \/>\n\t<meta property=\"og:image:type\" content=\"image\/png\" \/>\n<meta name=\"twitter:card\" content=\"summary_large_image\" \/>\n<meta name=\"twitter:label1\" content=\"Dur\u00e9e de lecture estim\u00e9e\" \/>\n\t<meta name=\"twitter:data1\" content=\"1 minute\" \/>\n<script type=\"application\/ld+json\" class=\"yoast-schema-graph\">{\"@context\":\"https:\\\/\\\/schema.org\",\"@graph\":[{\"@type\":\"WebPage\",\"@id\":\"https:\\\/\\\/bulaoutdoor.nl\\\/product\\\/rotisserie-voor-de-monolith-icon-junior\\\/\",\"url\":\"https:\\\/\\\/bulaoutdoor.nl\\\/product\\\/rotisserie-voor-de-monolith-icon-junior\\\/\",\"name\":\"Rotisserie voor de Monolith Icon\\\/Junior &#8211; Bula Outdoor\",\"isPartOf\":{\"@id\":\"https:\\\/\\\/bulaoutdoor.nl\\\/#website\"},\"primaryImageOfPage\":{\"@id\":\"https:\\\/\\\/bulaoutdoor.nl\\\/product\\\/rotisserie-voor-de-monolith-icon-junior\\\/#primaryimage\"},\"image\":{\"@id\":\"https:\\\/\\\/bulaoutdoor.nl\\\/product\\\/rotisserie-voor-de-monolith-icon-junior\\\/#primaryimage\"},\"thumbnailUrl\":\"https:\\\/\\\/bulaoutdoor.nl\\\/wp-content\\\/uploads\\\/2022\\\/08\\\/207000-I_J_Motor-front.png\",\"datePublished\":\"2022-10-04T15:53:39+00:00\",\"dateModified\":\"2025-11-16T15:07:32+00:00\",\"breadcrumb\":{\"@id\":\"https:\\\/\\\/bulaoutdoor.nl\\\/product\\\/rotisserie-voor-de-monolith-icon-junior\\\/#breadcrumb\"},\"inLanguage\":\"fr-FR\",\"potentialAction\":[{\"@type\":\"ReadAction\",\"target\":[\"https:\\\/\\\/bulaoutdoor.nl\\\/product\\\/rotisserie-voor-de-monolith-icon-junior\\\/\"]}]},{\"@type\":\"ImageObject\",\"inLanguage\":\"fr-FR\",\"@id\":\"https:\\\/\\\/bulaoutdoor.nl\\\/product\\\/rotisserie-voor-de-monolith-icon-junior\\\/#primaryimage\",\"url\":\"https:\\\/\\\/bulaoutdoor.nl\\\/wp-content\\\/uploads\\\/2022\\\/08\\\/207000-I_J_Motor-front.png\",\"contentUrl\":\"https:\\\/\\\/bulaoutdoor.nl\\\/wp-content\\\/uploads\\\/2022\\\/08\\\/207000-I_J_Motor-front.png\",\"width\":900,\"height\":900,\"caption\":\"product zelf\"},{\"@type\":\"BreadcrumbList\",\"@id\":\"https:\\\/\\\/bulaoutdoor.nl\\\/product\\\/rotisserie-voor-de-monolith-icon-junior\\\/#breadcrumb\",\"itemListElement\":[{\"@type\":\"ListItem\",\"position\":1,\"name\":\"Home\",\"item\":\"https:\\\/\\\/bulaoutdoor.nl\\\/\"},{\"@type\":\"ListItem\",\"position\":2,\"name\":\"Online BBQ kopen\",\"item\":\"https:\\\/\\\/bulaoutdoor.nl\\\/\"},{\"@type\":\"ListItem\",\"position\":3,\"name\":\"Rotisserie voor de Monolith Icon\\\/Junior\"}]},{\"@type\":\"WebSite\",\"@id\":\"https:\\\/\\\/bulaoutdoor.nl\\\/#website\",\"url\":\"https:\\\/\\\/bulaoutdoor.nl\\\/\",\"name\":\"Bula Outdoor\",\"description\":\"Voor uw buitenhaard, BBQ, tuinfakkel en houtoven\",\"publisher\":{\"@id\":\"https:\\\/\\\/bulaoutdoor.nl\\\/#organization\"},\"potentialAction\":[{\"@type\":\"SearchAction\",\"target\":{\"@type\":\"EntryPoint\",\"urlTemplate\":\"https:\\\/\\\/bulaoutdoor.nl\\\/?s={search_term_string}\"},\"query-input\":{\"@type\":\"PropertyValueSpecification\",\"valueRequired\":true,\"valueName\":\"search_term_string\"}}],\"inLanguage\":\"fr-FR\"},{\"@type\":\"Organization\",\"@id\":\"https:\\\/\\\/bulaoutdoor.nl\\\/#organization\",\"name\":\"Bula Outdoor\",\"url\":\"https:\\\/\\\/bulaoutdoor.nl\\\/\",\"logo\":{\"@type\":\"ImageObject\",\"inLanguage\":\"fr-FR\",\"@id\":\"https:\\\/\\\/bulaoutdoor.nl\\\/#\\\/schema\\\/logo\\\/image\\\/\",\"url\":\"https:\\\/\\\/www.bulaoutdoor.nl\\\/wp-content\\\/uploads\\\/2018\\\/04\\\/bulaoutdoor-logo.png\",\"contentUrl\":\"https:\\\/\\\/www.bulaoutdoor.nl\\\/wp-content\\\/uploads\\\/2018\\\/04\\\/bulaoutdoor-logo.png\",\"width\":324,\"height\":91,\"caption\":\"Bula Outdoor\"},\"image\":{\"@id\":\"https:\\\/\\\/bulaoutdoor.nl\\\/#\\\/schema\\\/logo\\\/image\\\/\"}}]}<\/script>\n<!-- \/ Yoast SEO plugin. -->","yoast_head_json":{"title":"R\u00f4tissoire pour le Monolith Icon\/Junior - Bula Outdoor","robots":{"index":"index","follow":"follow","max-snippet":"max-snippet:-1","max-image-preview":"max-image-preview:large","max-video-preview":"max-video-preview:-1"},"canonical":"https:\/\/bulaoutdoor.nl\/fr\/produit\/rotisserie-pour-le-monolithe-icon-junior\/","og_locale":"fr_FR","og_type":"article","og_title":"Rotisserie voor de Monolith Icon\/Junior &#8211; Bula Outdoor","og_description":"Rotisserie voor de Icon of de Junior","og_url":"https:\/\/bulaoutdoor.nl\/fr\/produit\/rotisserie-pour-le-monolithe-icon-junior\/","og_site_name":"Bula Outdoor","article_modified_time":"2025-11-16T15:07:32+00:00","og_image":[{"width":900,"height":900,"url":"https:\/\/bulaoutdoor.nl\/wp-content\/uploads\/2022\/08\/207000-I_J_Motor-front.png","type":"image\/png"}],"twitter_card":"summary_large_image","twitter_misc":{"Dur\u00e9e de lecture estim\u00e9e":"1 minute"},"schema":{"@context":"https:\/\/schema.org","@graph":[{"@type":"WebPage","@id":"https:\/\/bulaoutdoor.nl\/product\/rotisserie-voor-de-monolith-icon-junior\/","url":"https:\/\/bulaoutdoor.nl\/product\/rotisserie-voor-de-monolith-icon-junior\/","name":"R\u00f4tissoire pour le Monolith Icon\/Junior - Bula Outdoor","isPartOf":{"@id":"https:\/\/bulaoutdoor.nl\/#website"},"primaryImageOfPage":{"@id":"https:\/\/bulaoutdoor.nl\/product\/rotisserie-voor-de-monolith-icon-junior\/#primaryimage"},"image":{"@id":"https:\/\/bulaoutdoor.nl\/product\/rotisserie-voor-de-monolith-icon-junior\/#primaryimage"},"thumbnailUrl":"https:\/\/bulaoutdoor.nl\/wp-content\/uploads\/2022\/08\/207000-I_J_Motor-front.png","datePublished":"2022-10-04T15:53:39+00:00","dateModified":"2025-11-16T15:07:32+00:00","breadcrumb":{"@id":"https:\/\/bulaoutdoor.nl\/product\/rotisserie-voor-de-monolith-icon-junior\/#breadcrumb"},"inLanguage":"fr-FR","potentialAction":[{"@type":"ReadAction","target":["https:\/\/bulaoutdoor.nl\/product\/rotisserie-voor-de-monolith-icon-junior\/"]}]},{"@type":"ImageObject","inLanguage":"fr-FR","@id":"https:\/\/bulaoutdoor.nl\/product\/rotisserie-voor-de-monolith-icon-junior\/#primaryimage","url":"https:\/\/bulaoutdoor.nl\/wp-content\/uploads\/2022\/08\/207000-I_J_Motor-front.png","contentUrl":"https:\/\/bulaoutdoor.nl\/wp-content\/uploads\/2022\/08\/207000-I_J_Motor-front.png","width":900,"height":900,"caption":"product zelf"},{"@type":"BreadcrumbList","@id":"https:\/\/bulaoutdoor.nl\/product\/rotisserie-voor-de-monolith-icon-junior\/#breadcrumb","itemListElement":[{"@type":"ListItem","position":1,"name":"Home","item":"https:\/\/bulaoutdoor.nl\/"},{"@type":"ListItem","position":2,"name":"Online BBQ kopen","item":"https:\/\/bulaoutdoor.nl\/"},{"@type":"ListItem","position":3,"name":"Rotisserie voor de Monolith Icon\/Junior"}]},{"@type":"WebSite","@id":"https:\/\/bulaoutdoor.nl\/#website","url":"https:\/\/bulaoutdoor.nl\/","name":"Bula Outdoor","description":"Pour votre chemin\u00e9e ext\u00e9rieure, votre barbecue, votre torche de jardin et votre four \u00e0 bois","publisher":{"@id":"https:\/\/bulaoutdoor.nl\/#organization"},"potentialAction":[{"@type":"SearchAction","target":{"@type":"EntryPoint","urlTemplate":"https:\/\/bulaoutdoor.nl\/?s={search_term_string}"},"query-input":{"@type":"PropertyValueSpecification","valueRequired":true,"valueName":"search_term_string"}}],"inLanguage":"fr-FR"},{"@type":"Organization","@id":"https:\/\/bulaoutdoor.nl\/#organization","name":"Bula Outdoor","url":"https:\/\/bulaoutdoor.nl\/","logo":{"@type":"ImageObject","inLanguage":"fr-FR","@id":"https:\/\/bulaoutdoor.nl\/#\/schema\/logo\/image\/","url":"https:\/\/www.bulaoutdoor.nl\/wp-content\/uploads\/2018\/04\/bulaoutdoor-logo.png","contentUrl":"https:\/\/www.bulaoutdoor.nl\/wp-content\/uploads\/2018\/04\/bulaoutdoor-logo.png","width":324,"height":91,"caption":"Bula Outdoor"},"image":{"@id":"https:\/\/bulaoutdoor.nl\/#\/schema\/logo\/image\/"}}]}},"jetpack_sharing_enabled":true,"_links":{"self":[{"href":"https:\/\/bulaoutdoor.nl\/fr\/wp-json\/wp\/v2\/product\/14438","targetHints":{"allow":["GET"]}}],"collection":[{"href":"https:\/\/bulaoutdoor.nl\/fr\/wp-json\/wp\/v2\/product"}],"about":[{"href":"https:\/\/bulaoutdoor.nl\/fr\/wp-json\/wp\/v2\/types\/product"}],"replies":[{"embeddable":true,"href":"https:\/\/bulaoutdoor.nl\/fr\/wp-json\/wp\/v2\/comments?post=14438"}],"wp:featuredmedia":[{"embeddable":true,"href":"https:\/\/bulaoutdoor.nl\/fr\/wp-json\/wp\/v2\/media\/14548"}],"wp:attachment":[{"href":"https:\/\/bulaoutdoor.nl\/fr\/wp-json\/wp\/v2\/media?parent=14438"}],"wp:term":[{"taxonomy":"product_brand","embeddable":true,"href":"https:\/\/bulaoutdoor.nl\/fr\/wp-json\/wp\/v2\/product_brand?post=14438"},{"taxonomy":"product_cat","embeddable":true,"href":"https:\/\/bulaoutdoor.nl\/fr\/wp-json\/wp\/v2\/product_cat?post=14438"},{"taxonomy":"product_tag","embeddable":true,"href":"https:\/\/bulaoutdoor.nl\/fr\/wp-json\/wp\/v2\/product_tag?post=14438"}],"curies":[{"name":"wp","href":"https:\/\/api.w.org\/{rel}","templated":true}]}}