{"id":14465,"date":"2022-09-22T10:45:46","date_gmt":"2022-09-22T10:45:46","guid":{"rendered":"https:\/\/www.bulaoutdoor.nl\/?post_type=product&#038;p=14465"},"modified":"2025-11-16T14:50:16","modified_gmt":"2025-11-16T14:50:16","slug":"pierre-a-pizza-pour-le-monolith-classic-basic-lechef","status":"publish","type":"product","link":"https:\/\/bulaoutdoor.nl\/fr\/product\/pizzasteen-voor-de-monolith-classic-basic-lechef\/","title":{"rendered":"Pierre \u00e0 pizza pour Monolith Classic\/Basic 55\/LeChef 66"},"content":{"rendered":"<p>Cette pierre \u00e0 pizza en c\u00e9ramique cordi\u00e9rite vous permet de pr\u00e9parer de d\u00e9licieuses pizzas, mais aussi d'autres choses savoureuses, par exemple du pain ou des g\u00e2teaux !<\/p>\n<div class=\"product-info__block rte\">\n<p><span class=\"metafield-multi_line_text_field\">- Convient pour les pizzas, les tartes flamb\u00e9es, le pain et les p\u00e2tisseries<br \/>\n- 20 mm d'\u00e9paisseur<br \/>\n- La surface \u00e0 pores ouverts absorbe l'humidit\u00e9 de la p\u00e2te.<br \/>\n- Facile \u00e0 placer sur la grille du gril<br \/>\n- La pierre ne chauffe pas trop en bas gr\u00e2ce \u00e0 l'entretoise<\/span><\/p>\n<\/div>\n<ul>\n<li>En absorbant l'humidit\u00e9 de la p\u00e2te, les pores ouverts de la pierre garantissent un fond croustillant.<\/li>\n<li>Pour un r\u00e9sultat optimal, il est pr\u00e9f\u00e9rable d'utiliser la pierre d\u00e9flectrice qui l'accompagne. De cette fa\u00e7on, le dessous de la pierre ne devient pas trop chaud. Ces pierres sont livr\u00e9es en standard avec les mod\u00e8les LeChef et Classic. Pour le Basic, elle peut \u00eatre achet\u00e9e s\u00e9par\u00e9ment. <a href=\"https:\/\/bulaoutdoor.nl\/fr\/produit\/pierre-deflectrice-2-pieces-avec-entretoise-classic-basic\/\">command\u00e9 en tant qu'accessoire<\/a> devenir.<\/li>\n<li>Dimensions : (\u00d8 x H) : 36 x 2 cm<\/li>\n<\/ul>\n<p>Commandez la pierre \u00e0 pizza Monolith directement aupr\u00e8s de Bula Outdoor, votre sp\u00e9cialiste en mati\u00e8re de barbecue !<\/p>","protected":false},"excerpt":{"rendered":"<p>Cette pierre \u00e0 pizza pour Monolith Classic, Basic et LeChef permet de pr\u00e9parer de d\u00e9licieuses pizzas ou du pain et des p\u00e2tisseries.<\/p>","protected":false},"featured_media":14531,"comment_status":"open","ping_status":"closed","template":"","meta":{"_acf_changed":false},"product_brand":[],"product_cat":[391,1002,1001,1000],"product_tag":[1024],"class_list":{"0":"post-14465","1":"product","2":"type-product","3":"status-publish","4":"has-post-thumbnail","6":"product_cat-algemene-accessoires","7":"product_cat-monolith-basic","8":"product_cat-monolith-classic","9":"product_cat-monolith-le-chef","10":"product_tag-monolith-accessoires","12":"first","13":"instock","14":"sale","15":"taxable","16":"shipping-taxable","17":"purchasable","18":"product-type-simple"},"acf":[],"yoast_head":"<!-- This site is optimized with the Yoast SEO plugin v27.6 - https:\/\/yoast.com\/product\/yoast-seo-wordpress\/ -->\n<title>Pizzasteen voor de Monolith Classic\/Basic 55\/LeChef 66 &#8211; Bula Outdoor<\/title>\n<meta name=\"robots\" content=\"index, follow, max-snippet:-1, max-image-preview:large, max-video-preview:-1\" \/>\n<link rel=\"canonical\" href=\"https:\/\/bulaoutdoor.nl\/fr\/produit\/pierre-a-pizza-pour-le-monolith-classic-basic-lechef\/\" \/>\n<meta property=\"og:locale\" content=\"fr_FR\" \/>\n<meta property=\"og:type\" content=\"article\" \/>\n<meta property=\"og:title\" content=\"Pizzasteen voor de Monolith Classic\/Basic 55\/LeChef 66 &#8211; Bula Outdoor\" \/>\n<meta property=\"og:description\" content=\"Bak heerlijke pizza&#039;s of brood en gebak met deze pizzasteen voor de Monolith Classic, Basic en LeChef.\" \/>\n<meta property=\"og:url\" content=\"https:\/\/bulaoutdoor.nl\/fr\/produit\/pierre-a-pizza-pour-le-monolith-classic-basic-lechef\/\" \/>\n<meta property=\"og:site_name\" content=\"Bula Outdoor\" \/>\n<meta property=\"article:modified_time\" content=\"2025-11-16T14:50:16+00:00\" \/>\n<meta property=\"og:image\" content=\"https:\/\/bulaoutdoor.nl\/wp-content\/uploads\/2022\/08\/101008-Pizzastein-ClassicLeChef.png\" \/>\n\t<meta property=\"og:image:width\" content=\"900\" \/>\n\t<meta property=\"og:image:height\" content=\"900\" \/>\n\t<meta property=\"og:image:type\" content=\"image\/png\" \/>\n<meta name=\"twitter:card\" content=\"summary_large_image\" \/>\n<meta name=\"twitter:label1\" content=\"Dur\u00e9e de lecture estim\u00e9e\" \/>\n\t<meta name=\"twitter:data1\" content=\"1 minute\" \/>\n<script type=\"application\/ld+json\" class=\"yoast-schema-graph\">{\"@context\":\"https:\\\/\\\/schema.org\",\"@graph\":[{\"@type\":\"WebPage\",\"@id\":\"https:\\\/\\\/bulaoutdoor.nl\\\/product\\\/pizzasteen-voor-de-monolith-classic-basic-lechef\\\/\",\"url\":\"https:\\\/\\\/bulaoutdoor.nl\\\/product\\\/pizzasteen-voor-de-monolith-classic-basic-lechef\\\/\",\"name\":\"Pizzasteen voor de Monolith Classic\\\/Basic 55\\\/LeChef 66 &#8211; Bula Outdoor\",\"isPartOf\":{\"@id\":\"https:\\\/\\\/bulaoutdoor.nl\\\/#website\"},\"primaryImageOfPage\":{\"@id\":\"https:\\\/\\\/bulaoutdoor.nl\\\/product\\\/pizzasteen-voor-de-monolith-classic-basic-lechef\\\/#primaryimage\"},\"image\":{\"@id\":\"https:\\\/\\\/bulaoutdoor.nl\\\/product\\\/pizzasteen-voor-de-monolith-classic-basic-lechef\\\/#primaryimage\"},\"thumbnailUrl\":\"https:\\\/\\\/bulaoutdoor.nl\\\/wp-content\\\/uploads\\\/2022\\\/08\\\/101008-Pizzastein-ClassicLeChef.png\",\"datePublished\":\"2022-09-22T10:45:46+00:00\",\"dateModified\":\"2025-11-16T14:50:16+00:00\",\"breadcrumb\":{\"@id\":\"https:\\\/\\\/bulaoutdoor.nl\\\/product\\\/pizzasteen-voor-de-monolith-classic-basic-lechef\\\/#breadcrumb\"},\"inLanguage\":\"fr-FR\",\"potentialAction\":[{\"@type\":\"ReadAction\",\"target\":[\"https:\\\/\\\/bulaoutdoor.nl\\\/product\\\/pizzasteen-voor-de-monolith-classic-basic-lechef\\\/\"]}]},{\"@type\":\"ImageObject\",\"inLanguage\":\"fr-FR\",\"@id\":\"https:\\\/\\\/bulaoutdoor.nl\\\/product\\\/pizzasteen-voor-de-monolith-classic-basic-lechef\\\/#primaryimage\",\"url\":\"https:\\\/\\\/bulaoutdoor.nl\\\/wp-content\\\/uploads\\\/2022\\\/08\\\/101008-Pizzastein-ClassicLeChef.png\",\"contentUrl\":\"https:\\\/\\\/bulaoutdoor.nl\\\/wp-content\\\/uploads\\\/2022\\\/08\\\/101008-Pizzastein-ClassicLeChef.png\",\"width\":900,\"height\":900,\"caption\":\"product zelf\"},{\"@type\":\"BreadcrumbList\",\"@id\":\"https:\\\/\\\/bulaoutdoor.nl\\\/product\\\/pizzasteen-voor-de-monolith-classic-basic-lechef\\\/#breadcrumb\",\"itemListElement\":[{\"@type\":\"ListItem\",\"position\":1,\"name\":\"Home\",\"item\":\"https:\\\/\\\/bulaoutdoor.nl\\\/\"},{\"@type\":\"ListItem\",\"position\":2,\"name\":\"Online BBQ kopen\",\"item\":\"https:\\\/\\\/bulaoutdoor.nl\\\/\"},{\"@type\":\"ListItem\",\"position\":3,\"name\":\"Pizzasteen voor de Monolith Classic\\\/Basic 55\\\/LeChef 66\"}]},{\"@type\":\"WebSite\",\"@id\":\"https:\\\/\\\/bulaoutdoor.nl\\\/#website\",\"url\":\"https:\\\/\\\/bulaoutdoor.nl\\\/\",\"name\":\"Bula Outdoor\",\"description\":\"Voor uw buitenhaard, BBQ, tuinfakkel en houtoven\",\"publisher\":{\"@id\":\"https:\\\/\\\/bulaoutdoor.nl\\\/#organization\"},\"potentialAction\":[{\"@type\":\"SearchAction\",\"target\":{\"@type\":\"EntryPoint\",\"urlTemplate\":\"https:\\\/\\\/bulaoutdoor.nl\\\/?s={search_term_string}\"},\"query-input\":{\"@type\":\"PropertyValueSpecification\",\"valueRequired\":true,\"valueName\":\"search_term_string\"}}],\"inLanguage\":\"fr-FR\"},{\"@type\":\"Organization\",\"@id\":\"https:\\\/\\\/bulaoutdoor.nl\\\/#organization\",\"name\":\"Bula Outdoor\",\"url\":\"https:\\\/\\\/bulaoutdoor.nl\\\/\",\"logo\":{\"@type\":\"ImageObject\",\"inLanguage\":\"fr-FR\",\"@id\":\"https:\\\/\\\/bulaoutdoor.nl\\\/#\\\/schema\\\/logo\\\/image\\\/\",\"url\":\"https:\\\/\\\/www.bulaoutdoor.nl\\\/wp-content\\\/uploads\\\/2018\\\/04\\\/bulaoutdoor-logo.png\",\"contentUrl\":\"https:\\\/\\\/www.bulaoutdoor.nl\\\/wp-content\\\/uploads\\\/2018\\\/04\\\/bulaoutdoor-logo.png\",\"width\":324,\"height\":91,\"caption\":\"Bula Outdoor\"},\"image\":{\"@id\":\"https:\\\/\\\/bulaoutdoor.nl\\\/#\\\/schema\\\/logo\\\/image\\\/\"}}]}<\/script>\n<!-- \/ Yoast SEO plugin. -->","yoast_head_json":{"title":"Pierre \u00e0 pizza pour Monolith Classic\/Basic 55\/LeChef 66 \u2013 Bula Outdoor","robots":{"index":"index","follow":"follow","max-snippet":"max-snippet:-1","max-image-preview":"max-image-preview:large","max-video-preview":"max-video-preview:-1"},"canonical":"https:\/\/bulaoutdoor.nl\/fr\/produit\/pierre-a-pizza-pour-le-monolith-classic-basic-lechef\/","og_locale":"fr_FR","og_type":"article","og_title":"Pizzasteen voor de Monolith Classic\/Basic 55\/LeChef 66 &#8211; Bula Outdoor","og_description":"Bak heerlijke pizza's of brood en gebak met deze pizzasteen voor de Monolith Classic, Basic en LeChef.","og_url":"https:\/\/bulaoutdoor.nl\/fr\/produit\/pierre-a-pizza-pour-le-monolith-classic-basic-lechef\/","og_site_name":"Bula Outdoor","article_modified_time":"2025-11-16T14:50:16+00:00","og_image":[{"width":900,"height":900,"url":"https:\/\/bulaoutdoor.nl\/wp-content\/uploads\/2022\/08\/101008-Pizzastein-ClassicLeChef.png","type":"image\/png"}],"twitter_card":"summary_large_image","twitter_misc":{"Dur\u00e9e de lecture estim\u00e9e":"1 minute"},"schema":{"@context":"https:\/\/schema.org","@graph":[{"@type":"WebPage","@id":"https:\/\/bulaoutdoor.nl\/product\/pizzasteen-voor-de-monolith-classic-basic-lechef\/","url":"https:\/\/bulaoutdoor.nl\/product\/pizzasteen-voor-de-monolith-classic-basic-lechef\/","name":"Pierre \u00e0 pizza pour Monolith Classic\/Basic 55\/LeChef 66 \u2013 Bula Outdoor","isPartOf":{"@id":"https:\/\/bulaoutdoor.nl\/#website"},"primaryImageOfPage":{"@id":"https:\/\/bulaoutdoor.nl\/product\/pizzasteen-voor-de-monolith-classic-basic-lechef\/#primaryimage"},"image":{"@id":"https:\/\/bulaoutdoor.nl\/product\/pizzasteen-voor-de-monolith-classic-basic-lechef\/#primaryimage"},"thumbnailUrl":"https:\/\/bulaoutdoor.nl\/wp-content\/uploads\/2022\/08\/101008-Pizzastein-ClassicLeChef.png","datePublished":"2022-09-22T10:45:46+00:00","dateModified":"2025-11-16T14:50:16+00:00","breadcrumb":{"@id":"https:\/\/bulaoutdoor.nl\/product\/pizzasteen-voor-de-monolith-classic-basic-lechef\/#breadcrumb"},"inLanguage":"fr-FR","potentialAction":[{"@type":"ReadAction","target":["https:\/\/bulaoutdoor.nl\/product\/pizzasteen-voor-de-monolith-classic-basic-lechef\/"]}]},{"@type":"ImageObject","inLanguage":"fr-FR","@id":"https:\/\/bulaoutdoor.nl\/product\/pizzasteen-voor-de-monolith-classic-basic-lechef\/#primaryimage","url":"https:\/\/bulaoutdoor.nl\/wp-content\/uploads\/2022\/08\/101008-Pizzastein-ClassicLeChef.png","contentUrl":"https:\/\/bulaoutdoor.nl\/wp-content\/uploads\/2022\/08\/101008-Pizzastein-ClassicLeChef.png","width":900,"height":900,"caption":"product zelf"},{"@type":"BreadcrumbList","@id":"https:\/\/bulaoutdoor.nl\/product\/pizzasteen-voor-de-monolith-classic-basic-lechef\/#breadcrumb","itemListElement":[{"@type":"ListItem","position":1,"name":"Home","item":"https:\/\/bulaoutdoor.nl\/"},{"@type":"ListItem","position":2,"name":"Online BBQ kopen","item":"https:\/\/bulaoutdoor.nl\/"},{"@type":"ListItem","position":3,"name":"Pizzasteen voor de Monolith Classic\/Basic 55\/LeChef 66"}]},{"@type":"WebSite","@id":"https:\/\/bulaoutdoor.nl\/#website","url":"https:\/\/bulaoutdoor.nl\/","name":"Bula Outdoor","description":"Pour votre chemin\u00e9e ext\u00e9rieure, votre barbecue, votre torche de jardin et votre four \u00e0 bois","publisher":{"@id":"https:\/\/bulaoutdoor.nl\/#organization"},"potentialAction":[{"@type":"SearchAction","target":{"@type":"EntryPoint","urlTemplate":"https:\/\/bulaoutdoor.nl\/?s={search_term_string}"},"query-input":{"@type":"PropertyValueSpecification","valueRequired":true,"valueName":"search_term_string"}}],"inLanguage":"fr-FR"},{"@type":"Organization","@id":"https:\/\/bulaoutdoor.nl\/#organization","name":"Bula Outdoor","url":"https:\/\/bulaoutdoor.nl\/","logo":{"@type":"ImageObject","inLanguage":"fr-FR","@id":"https:\/\/bulaoutdoor.nl\/#\/schema\/logo\/image\/","url":"https:\/\/www.bulaoutdoor.nl\/wp-content\/uploads\/2018\/04\/bulaoutdoor-logo.png","contentUrl":"https:\/\/www.bulaoutdoor.nl\/wp-content\/uploads\/2018\/04\/bulaoutdoor-logo.png","width":324,"height":91,"caption":"Bula Outdoor"},"image":{"@id":"https:\/\/bulaoutdoor.nl\/#\/schema\/logo\/image\/"}}]}},"jetpack_sharing_enabled":true,"_links":{"self":[{"href":"https:\/\/bulaoutdoor.nl\/fr\/wp-json\/wp\/v2\/product\/14465","targetHints":{"allow":["GET"]}}],"collection":[{"href":"https:\/\/bulaoutdoor.nl\/fr\/wp-json\/wp\/v2\/product"}],"about":[{"href":"https:\/\/bulaoutdoor.nl\/fr\/wp-json\/wp\/v2\/types\/product"}],"replies":[{"embeddable":true,"href":"https:\/\/bulaoutdoor.nl\/fr\/wp-json\/wp\/v2\/comments?post=14465"}],"wp:featuredmedia":[{"embeddable":true,"href":"https:\/\/bulaoutdoor.nl\/fr\/wp-json\/wp\/v2\/media\/14531"}],"wp:attachment":[{"href":"https:\/\/bulaoutdoor.nl\/fr\/wp-json\/wp\/v2\/media?parent=14465"}],"wp:term":[{"taxonomy":"product_brand","embeddable":true,"href":"https:\/\/bulaoutdoor.nl\/fr\/wp-json\/wp\/v2\/product_brand?post=14465"},{"taxonomy":"product_cat","embeddable":true,"href":"https:\/\/bulaoutdoor.nl\/fr\/wp-json\/wp\/v2\/product_cat?post=14465"},{"taxonomy":"product_tag","embeddable":true,"href":"https:\/\/bulaoutdoor.nl\/fr\/wp-json\/wp\/v2\/product_tag?post=14465"}],"curies":[{"name":"wp","href":"https:\/\/api.w.org\/{rel}","templated":true}]}}