{"id":14624,"date":"2022-11-19T13:12:10","date_gmt":"2022-11-19T13:12:10","guid":{"rendered":"https:\/\/www.bulaoutdoor.nl\/?post_type=product&#038;p=14624"},"modified":"2024-04-24T00:54:54","modified_gmt":"2024-04-24T00:54:54","slug":"maestro-40","status":"publish","type":"product","link":"https:\/\/bulaoutdoor.nl\/fr\/product\/maestro-40\/","title":{"rendered":"MAESTRO 40"},"content":{"rendered":"<h3>Four \u00e0 pizza Maestro 40<\/h3>\n<p>Ce four \u00e0 pizza Fontana, \u00e0 la fois beau et compact, permet de pr\u00e9parer une d\u00e9licieuse pizza napolitaine en un rien de temps. Bien entendu, malgr\u00e9 sa forme compacte, sa qualit\u00e9 et ses capacit\u00e9s sont de premier ordre. Cuire une pizza napolitaine, r\u00f4tir de la viande ou du poisson, cuire du pain croustillant et moelleux, tout cela est encore plus facile avec ce four.<\/p>\n<p>Maestro est le nouveau four \u00e0 pizza \u00e0 gaz de Fontana. Il est livr\u00e9 enti\u00e8rement assembl\u00e9, ce qui vous permet d'\u00eatre op\u00e9rationnel en un rien de temps !<\/p>\n<p>Caract\u00e9ristiques du Maestro 40 :<\/p>\n<p><img loading=\"lazy\" decoding=\"async\" class=\"wp-image-14949 alignright\" src=\"https:\/\/www.bulaoutdoor.nl\/wp-content\/uploads\/2022\/11\/maestro-60-2-e1668775431472.jpg\" alt=\"\" width=\"148\" height=\"217\" srcset=\"https:\/\/bulaoutdoor.nl\/wp-content\/uploads\/2022\/11\/maestro-60-2-e1668775431472.jpg 441w, https:\/\/bulaoutdoor.nl\/wp-content\/uploads\/2022\/11\/maestro-60-2-e1668775431472-204x300.jpg 204w, https:\/\/bulaoutdoor.nl\/wp-content\/uploads\/2022\/11\/maestro-60-2-e1668775431472-416x611.jpg 416w\" sizes=\"auto, (max-width: 148px) 100vw, 148px\" \/><\/p>\n<ul>\n<li>Dimensions ext\u00e9rieures du four (L x L x H) : 55,2 x 56,5 x 58,6 cm<\/li>\n<li>chambre de cuisson : 41 x 40,5 x 21cm.<\/li>\n<li>Combustible : raccordement au gaz naturel ou au propane.<\/li>\n<li>chemin\u00e9e : \u2300120mm<\/li>\n<li>Chapeau de chemin\u00e9e anti-pluie inclus.<\/li>\n<li>Poids : 45 kg<\/li>\n<\/ul>\n<p>&nbsp;<\/p>\n<p><iframe loading=\"lazy\" title=\"Maestro - Fontana Forni - tutoriel - ENG\" width=\"980\" height=\"551\" src=\"https:\/\/www.youtube.com\/embed\/PwZNS47P5Gk?feature=oembed&#038;enablejsapi=1&#038;origin=https:\/\/www.bulaoutdoor.nl\" frameborder=\"0\" allow=\"accelerometer; autoplay; clipboard-write; encrypted-media; gyroscope; picture-in-picture\" allowfullscreen><\/iframe><\/p>\n<h3>Maestro, un four familial puissant !<\/h3>\n<p>Fontana utilise diverses techniques pour que cette petite centrale fonctionne au plus haut niveau.<\/p>\n<ul>\n<li>La courbe du bo\u00eetier du Maestro assure une circulation d'air id\u00e9ale. Gr\u00e2ce \u00e0 une bonne isolation et \u00e0 des mat\u00e9riaux de qualit\u00e9 sup\u00e9rieure, la chaleur est bien conserv\u00e9e.<\/li>\n<li>Ce four peut atteindre la temp\u00e9rature en peu de temps. La chaleur est \u00e9galement bien r\u00e9partie dans tout le four, gr\u00e2ce \u00e0 l'emplacement du br\u00fbleur \u00e0 gaz dans la partie inf\u00e9rieure.<\/li>\n<li>Le circuit d'\u00e9vacuation des fum\u00e9es permet \u00e0 la chaleur de circuler plus longtemps dans le four, cr\u00e9ant ainsi les conditions id\u00e9ales pour transformer le plat que vous pr\u00e9parez en un authentique spectacle de saveurs italiennes.<\/li>\n<li>En outre, le maintien de la chaleur dans l'espace de cuisson r\u00e9duit la consommation de gaz. En bref, avec le Maestro, vous obtenez un appareil de haute qualit\u00e9.<br \/>\nun savoir-faire interne conforme \u00e0 la cuisine italienne traditionnelle.<\/li>\n<li>Le plus petit de la famille Fontana, mais la plus grande surface de cuisson de sa cat\u00e9gorie : 40x40cm.<\/li>\n<li>Pour une version l\u00e9g\u00e8rement plus grande, le <a href=\"https:\/\/bulaoutdoor.nl\/fr\/produit\/maestro-60\/\">Maestro 60<\/a> disponible.<\/li>\n<\/ul>\n<p><img loading=\"lazy\" decoding=\"async\" class=\"size-full wp-image-14911 alignleft\" src=\"https:\/\/www.bulaoutdoor.nl\/wp-content\/uploads\/2022\/11\/fontanawit.png\" alt=\"\" width=\"508\" height=\"112\" srcset=\"https:\/\/bulaoutdoor.nl\/wp-content\/uploads\/2022\/11\/fontanawit.png 508w, https:\/\/bulaoutdoor.nl\/wp-content\/uploads\/2022\/11\/fontanawit-300x66.png 300w, https:\/\/bulaoutdoor.nl\/wp-content\/uploads\/2022\/11\/fontanawit-416x92.png 416w\" sizes=\"auto, (max-width: 508px) 100vw, 508px\" \/><\/p>\n<p><img loading=\"lazy\" decoding=\"async\" class=\"wp-image-14908 aligncenter\" src=\"https:\/\/www.bulaoutdoor.nl\/wp-content\/uploads\/2022\/09\/logo_reddot-1.jpg\" alt=\"\" width=\"269\" height=\"194\" srcset=\"https:\/\/bulaoutdoor.nl\/wp-content\/uploads\/2022\/09\/logo_reddot-1.jpg 400w, https:\/\/bulaoutdoor.nl\/wp-content\/uploads\/2022\/09\/logo_reddot-1-300x216.jpg 300w\" sizes=\"auto, (max-width: 269px) 100vw, 269px\" \/><\/p>\n<p>Commandez le Maestro 40 directement aupr\u00e8s de Bula Outdoor, <a href=\"https:\/\/bulaoutdoor.nl\/fr\/categorie-de-produits\/fours-a-pizza\/\">votre four \u00e0 pizza<\/a> sp\u00e9cialiste !<\/p>","protected":false},"excerpt":{"rendered":"<p>Le four \u00e0 pizza le plus portable de Fontana. Faites cuire vos pizzas o\u00f9 vous voulez !<\/p>","protected":false},"featured_media":14625,"comment_status":"open","ping_status":"closed","template":"","meta":{"_acf_changed":false},"product_brand":[],"product_cat":[1056],"product_tag":[1077,1076,1075],"class_list":{"0":"post-14624","1":"product","2":"type-product","3":"status-publish","4":"has-post-thumbnail","6":"product_cat-fontana-ovens","7":"product_tag-pizzaoven-40x40","8":"product_tag-pizzaoven-draagbaar","9":"product_tag-pizzaoven-klein","11":"first","12":"instock","13":"taxable","14":"shipping-taxable","15":"purchasable","16":"product-type-variable"},"acf":[],"yoast_head":"<!-- This site is optimized with the Yoast SEO plugin v27.4 - https:\/\/yoast.com\/product\/yoast-seo-wordpress\/ -->\n<title>MAESTRO 40 &#8211; Bula Outdoor<\/title>\n<meta name=\"robots\" content=\"index, follow, max-snippet:-1, max-image-preview:large, max-video-preview:-1\" \/>\n<link rel=\"canonical\" href=\"https:\/\/bulaoutdoor.nl\/fr\/produit\/maestro-40\/\" \/>\n<meta property=\"og:locale\" content=\"fr_FR\" \/>\n<meta property=\"og:type\" content=\"article\" \/>\n<meta property=\"og:title\" content=\"MAESTRO 40 &#8211; Bula Outdoor\" \/>\n<meta property=\"og:description\" content=\"De meest draagbare pizzaoven van Fontana. Bak overal waar jij wil!\" \/>\n<meta property=\"og:url\" content=\"https:\/\/bulaoutdoor.nl\/fr\/produit\/maestro-40\/\" \/>\n<meta property=\"og:site_name\" content=\"Bula Outdoor\" \/>\n<meta property=\"article:modified_time\" content=\"2024-04-24T00:54:54+00:00\" \/>\n<meta property=\"og:image\" content=\"https:\/\/bulaoutdoor.nl\/wp-content\/uploads\/2022\/09\/Maestro-40_vrij_Bula-Outdoor-web.jpg\" \/>\n\t<meta property=\"og:image:width\" content=\"900\" \/>\n\t<meta property=\"og:image:height\" content=\"900\" \/>\n\t<meta property=\"og:image:type\" content=\"image\/jpeg\" \/>\n<meta name=\"twitter:card\" content=\"summary_large_image\" \/>\n<meta name=\"twitter:label1\" content=\"Dur\u00e9e de lecture estim\u00e9e\" \/>\n\t<meta name=\"twitter:data1\" content=\"3 minutes\" \/>\n<script type=\"application\/ld+json\" class=\"yoast-schema-graph\">{\"@context\":\"https:\\\/\\\/schema.org\",\"@graph\":[{\"@type\":\"WebPage\",\"@id\":\"https:\\\/\\\/bulaoutdoor.nl\\\/product\\\/maestro-40\\\/\",\"url\":\"https:\\\/\\\/bulaoutdoor.nl\\\/product\\\/maestro-40\\\/\",\"name\":\"MAESTRO 40 &#8211; Bula Outdoor\",\"isPartOf\":{\"@id\":\"https:\\\/\\\/bulaoutdoor.nl\\\/#website\"},\"primaryImageOfPage\":{\"@id\":\"https:\\\/\\\/bulaoutdoor.nl\\\/product\\\/maestro-40\\\/#primaryimage\"},\"image\":{\"@id\":\"https:\\\/\\\/bulaoutdoor.nl\\\/product\\\/maestro-40\\\/#primaryimage\"},\"thumbnailUrl\":\"https:\\\/\\\/bulaoutdoor.nl\\\/wp-content\\\/uploads\\\/2022\\\/09\\\/Maestro-40_vrij_Bula-Outdoor-web.jpg\",\"datePublished\":\"2022-11-19T13:12:10+00:00\",\"dateModified\":\"2024-04-24T00:54:54+00:00\",\"breadcrumb\":{\"@id\":\"https:\\\/\\\/bulaoutdoor.nl\\\/product\\\/maestro-40\\\/#breadcrumb\"},\"inLanguage\":\"fr-FR\",\"potentialAction\":[{\"@type\":\"ReadAction\",\"target\":[\"https:\\\/\\\/bulaoutdoor.nl\\\/product\\\/maestro-40\\\/\"]}]},{\"@type\":\"ImageObject\",\"inLanguage\":\"fr-FR\",\"@id\":\"https:\\\/\\\/bulaoutdoor.nl\\\/product\\\/maestro-40\\\/#primaryimage\",\"url\":\"https:\\\/\\\/bulaoutdoor.nl\\\/wp-content\\\/uploads\\\/2022\\\/09\\\/Maestro-40_vrij_Bula-Outdoor-web.jpg\",\"contentUrl\":\"https:\\\/\\\/bulaoutdoor.nl\\\/wp-content\\\/uploads\\\/2022\\\/09\\\/Maestro-40_vrij_Bula-Outdoor-web.jpg\",\"width\":900,\"height\":900,\"caption\":\"Maestro 40 Fontana Forni\"},{\"@type\":\"BreadcrumbList\",\"@id\":\"https:\\\/\\\/bulaoutdoor.nl\\\/product\\\/maestro-40\\\/#breadcrumb\",\"itemListElement\":[{\"@type\":\"ListItem\",\"position\":1,\"name\":\"Home\",\"item\":\"https:\\\/\\\/bulaoutdoor.nl\\\/\"},{\"@type\":\"ListItem\",\"position\":2,\"name\":\"Online BBQ kopen\",\"item\":\"https:\\\/\\\/bulaoutdoor.nl\\\/\"},{\"@type\":\"ListItem\",\"position\":3,\"name\":\"MAESTRO 40\"}]},{\"@type\":\"WebSite\",\"@id\":\"https:\\\/\\\/bulaoutdoor.nl\\\/#website\",\"url\":\"https:\\\/\\\/bulaoutdoor.nl\\\/\",\"name\":\"Bula Outdoor\",\"description\":\"Voor uw buitenhaard, BBQ, tuinfakkel en houtoven\",\"publisher\":{\"@id\":\"https:\\\/\\\/bulaoutdoor.nl\\\/#organization\"},\"potentialAction\":[{\"@type\":\"SearchAction\",\"target\":{\"@type\":\"EntryPoint\",\"urlTemplate\":\"https:\\\/\\\/bulaoutdoor.nl\\\/?s={search_term_string}\"},\"query-input\":{\"@type\":\"PropertyValueSpecification\",\"valueRequired\":true,\"valueName\":\"search_term_string\"}}],\"inLanguage\":\"fr-FR\"},{\"@type\":\"Organization\",\"@id\":\"https:\\\/\\\/bulaoutdoor.nl\\\/#organization\",\"name\":\"Bula Outdoor\",\"url\":\"https:\\\/\\\/bulaoutdoor.nl\\\/\",\"logo\":{\"@type\":\"ImageObject\",\"inLanguage\":\"fr-FR\",\"@id\":\"https:\\\/\\\/bulaoutdoor.nl\\\/#\\\/schema\\\/logo\\\/image\\\/\",\"url\":\"https:\\\/\\\/www.bulaoutdoor.nl\\\/wp-content\\\/uploads\\\/2018\\\/04\\\/bulaoutdoor-logo.png\",\"contentUrl\":\"https:\\\/\\\/www.bulaoutdoor.nl\\\/wp-content\\\/uploads\\\/2018\\\/04\\\/bulaoutdoor-logo.png\",\"width\":324,\"height\":91,\"caption\":\"Bula Outdoor\"},\"image\":{\"@id\":\"https:\\\/\\\/bulaoutdoor.nl\\\/#\\\/schema\\\/logo\\\/image\\\/\"}}]}<\/script>\n<!-- \/ Yoast SEO plugin. -->","yoast_head_json":{"title":"MAESTRO 40 - Bula Outdoor","robots":{"index":"index","follow":"follow","max-snippet":"max-snippet:-1","max-image-preview":"max-image-preview:large","max-video-preview":"max-video-preview:-1"},"canonical":"https:\/\/bulaoutdoor.nl\/fr\/produit\/maestro-40\/","og_locale":"fr_FR","og_type":"article","og_title":"MAESTRO 40 &#8211; Bula Outdoor","og_description":"De meest draagbare pizzaoven van Fontana. Bak overal waar jij wil!","og_url":"https:\/\/bulaoutdoor.nl\/fr\/produit\/maestro-40\/","og_site_name":"Bula Outdoor","article_modified_time":"2024-04-24T00:54:54+00:00","og_image":[{"width":900,"height":900,"url":"https:\/\/bulaoutdoor.nl\/wp-content\/uploads\/2022\/09\/Maestro-40_vrij_Bula-Outdoor-web.jpg","type":"image\/jpeg"}],"twitter_card":"summary_large_image","twitter_misc":{"Dur\u00e9e de lecture estim\u00e9e":"3 minutes"},"schema":{"@context":"https:\/\/schema.org","@graph":[{"@type":"WebPage","@id":"https:\/\/bulaoutdoor.nl\/product\/maestro-40\/","url":"https:\/\/bulaoutdoor.nl\/product\/maestro-40\/","name":"MAESTRO 40 - Bula Outdoor","isPartOf":{"@id":"https:\/\/bulaoutdoor.nl\/#website"},"primaryImageOfPage":{"@id":"https:\/\/bulaoutdoor.nl\/product\/maestro-40\/#primaryimage"},"image":{"@id":"https:\/\/bulaoutdoor.nl\/product\/maestro-40\/#primaryimage"},"thumbnailUrl":"https:\/\/bulaoutdoor.nl\/wp-content\/uploads\/2022\/09\/Maestro-40_vrij_Bula-Outdoor-web.jpg","datePublished":"2022-11-19T13:12:10+00:00","dateModified":"2024-04-24T00:54:54+00:00","breadcrumb":{"@id":"https:\/\/bulaoutdoor.nl\/product\/maestro-40\/#breadcrumb"},"inLanguage":"fr-FR","potentialAction":[{"@type":"ReadAction","target":["https:\/\/bulaoutdoor.nl\/product\/maestro-40\/"]}]},{"@type":"ImageObject","inLanguage":"fr-FR","@id":"https:\/\/bulaoutdoor.nl\/product\/maestro-40\/#primaryimage","url":"https:\/\/bulaoutdoor.nl\/wp-content\/uploads\/2022\/09\/Maestro-40_vrij_Bula-Outdoor-web.jpg","contentUrl":"https:\/\/bulaoutdoor.nl\/wp-content\/uploads\/2022\/09\/Maestro-40_vrij_Bula-Outdoor-web.jpg","width":900,"height":900,"caption":"Maestro 40 Fontana Forni"},{"@type":"BreadcrumbList","@id":"https:\/\/bulaoutdoor.nl\/product\/maestro-40\/#breadcrumb","itemListElement":[{"@type":"ListItem","position":1,"name":"Home","item":"https:\/\/bulaoutdoor.nl\/"},{"@type":"ListItem","position":2,"name":"Online BBQ kopen","item":"https:\/\/bulaoutdoor.nl\/"},{"@type":"ListItem","position":3,"name":"MAESTRO 40"}]},{"@type":"WebSite","@id":"https:\/\/bulaoutdoor.nl\/#website","url":"https:\/\/bulaoutdoor.nl\/","name":"Bula Outdoor","description":"Pour votre chemin\u00e9e ext\u00e9rieure, votre barbecue, votre torche de jardin et votre four \u00e0 bois","publisher":{"@id":"https:\/\/bulaoutdoor.nl\/#organization"},"potentialAction":[{"@type":"SearchAction","target":{"@type":"EntryPoint","urlTemplate":"https:\/\/bulaoutdoor.nl\/?s={search_term_string}"},"query-input":{"@type":"PropertyValueSpecification","valueRequired":true,"valueName":"search_term_string"}}],"inLanguage":"fr-FR"},{"@type":"Organization","@id":"https:\/\/bulaoutdoor.nl\/#organization","name":"Bula Outdoor","url":"https:\/\/bulaoutdoor.nl\/","logo":{"@type":"ImageObject","inLanguage":"fr-FR","@id":"https:\/\/bulaoutdoor.nl\/#\/schema\/logo\/image\/","url":"https:\/\/www.bulaoutdoor.nl\/wp-content\/uploads\/2018\/04\/bulaoutdoor-logo.png","contentUrl":"https:\/\/www.bulaoutdoor.nl\/wp-content\/uploads\/2018\/04\/bulaoutdoor-logo.png","width":324,"height":91,"caption":"Bula Outdoor"},"image":{"@id":"https:\/\/bulaoutdoor.nl\/#\/schema\/logo\/image\/"}}]}},"jetpack_sharing_enabled":true,"_links":{"self":[{"href":"https:\/\/bulaoutdoor.nl\/fr\/wp-json\/wp\/v2\/product\/14624","targetHints":{"allow":["GET"]}}],"collection":[{"href":"https:\/\/bulaoutdoor.nl\/fr\/wp-json\/wp\/v2\/product"}],"about":[{"href":"https:\/\/bulaoutdoor.nl\/fr\/wp-json\/wp\/v2\/types\/product"}],"replies":[{"embeddable":true,"href":"https:\/\/bulaoutdoor.nl\/fr\/wp-json\/wp\/v2\/comments?post=14624"}],"wp:featuredmedia":[{"embeddable":true,"href":"https:\/\/bulaoutdoor.nl\/fr\/wp-json\/wp\/v2\/media\/14625"}],"wp:attachment":[{"href":"https:\/\/bulaoutdoor.nl\/fr\/wp-json\/wp\/v2\/media?parent=14624"}],"wp:term":[{"taxonomy":"product_brand","embeddable":true,"href":"https:\/\/bulaoutdoor.nl\/fr\/wp-json\/wp\/v2\/product_brand?post=14624"},{"taxonomy":"product_cat","embeddable":true,"href":"https:\/\/bulaoutdoor.nl\/fr\/wp-json\/wp\/v2\/product_cat?post=14624"},{"taxonomy":"product_tag","embeddable":true,"href":"https:\/\/bulaoutdoor.nl\/fr\/wp-json\/wp\/v2\/product_tag?post=14624"}],"curies":[{"name":"wp","href":"https:\/\/api.w.org\/{rel}","templated":true}]}}