{"id":14768,"date":"2022-10-19T11:26:20","date_gmt":"2022-10-19T11:26:20","guid":{"rendered":"https:\/\/www.bulaoutdoor.nl\/?post_type=product&#038;p=14768"},"modified":"2025-06-04T11:05:02","modified_gmt":"2025-06-04T11:05:02","slug":"alpha-forni-portable","status":"publish","type":"product","link":"https:\/\/bulaoutdoor.nl\/fr\/product\/alfa-forni-portable\/","title":{"rendered":"Alfa Forni Moderno Portable"},"content":{"rendered":"<h2>Alfa Forni Moderno Portable<\/h2>\n<p>Un four \u00e0 pizza portable que vous pouvez emporter partout ! Ce petit four g\u00e9ant vous permet de pr\u00e9parer les pizzas italiennes les plus d\u00e9licieuses o\u00f9 que vous soyez.<\/p>\n<p>Il s'agit d'un authentique four \u00e0 pizza de petite taille avec une capacit\u00e9 de cuisson allant jusqu'\u00e0 500 degr\u00e9s. La technologie de haute qualit\u00e9 garantit des performances d\u00e9ni\u00e9es et vous permet de cuire de d\u00e9licieuses pizzas napol\u00e9oniennes dans le four.<\/p>\n<p>Le four est puissant mais \u00e9conome en gaz. Vous le raccordez \u00e0 une bouteille de gaz propane de votre choix. Pas de fum\u00e9e et tr\u00e8s propre pour la nature gr\u00e2ce \u00e0 une combustion optimale.<\/p>\n<p>Nombre de pizzas : 1<br \/>\nTemp\u00e9rature maximale : 500\u00b0C<br \/>\nConsommation : seulement 0,50 kg\/h gr\u00e2ce \u00e0 l'innovant Heat Genius<br \/>\nSurface de cuisson : 40cmx40cm en pierre r\u00e9fractaire silico-alumineuse Heat Keeper TM<br \/>\nPoids : 35 kg<br \/>\nCouleurs : rouge antique et gris ardoise<\/p>\n<p><a href=\"https:\/\/www.alfaforni.com\/download\/user-manual\/home\/data\/st-MODERNO-PORTABLE.pdf\" target=\"_blank\" rel=\"noopener\">Fiche technique<\/a><br \/>\n<a href=\"https:\/\/www.alfaforni.com\/download\/user-manual\/home\/portable\/user_manual_portable.pdf\" target=\"_blank\" rel=\"noopener\">Manuel de l'utilisateur<\/a><\/p>\n<p>Avec ses dimensions r\u00e9duites, Portable est le four \u00e0 pizza compact de la ligne Moderno. Il est facile et intuitif \u00e0 assembler et il est pr\u00eat \u00e0 \u00eatre utilis\u00e9 imm\u00e9diatement.<\/p>\n<p>Il atteint jusqu'\u00e0 500\u00b0C, ce qui vous permet de cuire une pizza napolitaine o\u00f9 vous le souhaitez en 90 secondes.<\/p>\n<figure id=\"attachment_25104\" aria-describedby=\"caption-attachment-25104\" style=\"width: 300px\" class=\"wp-caption alignnone\"><img loading=\"lazy\" decoding=\"async\" class=\"size-medium wp-image-25104\" src=\"https:\/\/www.bulaoutdoor.nl\/wp-content\/uploads\/2022\/10\/mattone-refrattario-heatkeeper.png-300x241.webp\" alt=\"Moderno Portable\" width=\"300\" height=\"241\" srcset=\"https:\/\/bulaoutdoor.nl\/wp-content\/uploads\/2022\/10\/mattone-refrattario-heatkeeper.png-300x241.webp 300w, https:\/\/bulaoutdoor.nl\/wp-content\/uploads\/2022\/10\/mattone-refrattario-heatkeeper.png-416x334.webp 416w, https:\/\/bulaoutdoor.nl\/wp-content\/uploads\/2022\/10\/mattone-refrattario-heatkeeper.png.webp 610w\" sizes=\"auto, (max-width: 300px) 100vw, 300px\" \/><figcaption id=\"caption-attachment-25104\" class=\"wp-caption-text\">Le sol est en pierre r\u00e9fractaire fabriqu\u00e9e dans notre propre usine. Il est bien meilleur que la lave et les carreaux de c\u00e9ramique.<\/figcaption><\/figure>\n<figure id=\"attachment_25106\" aria-describedby=\"caption-attachment-25106\" style=\"width: 300px\" class=\"wp-caption alignnone\"><img loading=\"lazy\" decoding=\"async\" class=\"wp-image-25106 size-medium\" src=\"https:\/\/www.bulaoutdoor.nl\/wp-content\/uploads\/2022\/10\/doubledown-ceramic-superwool.png-300x241.webp\" alt=\"\" width=\"300\" height=\"241\" srcset=\"https:\/\/bulaoutdoor.nl\/wp-content\/uploads\/2022\/10\/doubledown-ceramic-superwool.png-300x241.webp 300w, https:\/\/bulaoutdoor.nl\/wp-content\/uploads\/2022\/10\/doubledown-ceramic-superwool.png-416x334.webp 416w, https:\/\/bulaoutdoor.nl\/wp-content\/uploads\/2022\/10\/doubledown-ceramic-superwool.png.webp 610w\" sizes=\"auto, (max-width: 300px) 100vw, 300px\" \/><figcaption id=\"caption-attachment-25106\" class=\"wp-caption-text\">Le four est isol\u00e9 avec DoubleDown Ceramic Superwool\u00ae, bien meilleure que la laine de verre largement utilis\u00e9e.<\/figcaption><\/figure>\n<figure id=\"attachment_25108\" aria-describedby=\"caption-attachment-25108\" style=\"width: 300px\" class=\"wp-caption alignnone\"><img loading=\"lazy\" decoding=\"async\" class=\"wp-image-25108 size-medium\" src=\"https:\/\/www.bulaoutdoor.nl\/wp-content\/uploads\/2022\/10\/sistema-brevettato-full-effect-full-circulation-flue-system-300x241.jpg\" alt=\"\" width=\"300\" height=\"241\" srcset=\"https:\/\/bulaoutdoor.nl\/wp-content\/uploads\/2022\/10\/sistema-brevettato-full-effect-full-circulation-flue-system-300x241.jpg 300w, https:\/\/bulaoutdoor.nl\/wp-content\/uploads\/2022\/10\/sistema-brevettato-full-effect-full-circulation-flue-system-416x334.jpg 416w, https:\/\/bulaoutdoor.nl\/wp-content\/uploads\/2022\/10\/sistema-brevettato-full-effect-full-circulation-flue-system.jpg 610w\" sizes=\"auto, (max-width: 300px) 100vw, 300px\" \/><figcaption id=\"caption-attachment-25108\" class=\"wp-caption-text\">La circulation de l'air est optimale dans le four. L'air chaud circule dans le four et chauffe les briques et les plats.<\/figcaption><\/figure>\n<p>Pesant seulement 35 kg, Portable , comme tous les fours Alfa, incorpore la technologie innovante Heat Genius TM qui garantit des performances sup\u00e9rieures tout en optimisant la consommation.<\/p>\n<p>Gr\u00e2ce \u00e0 ses hautes performances et \u00e0 sa conception compacte et l\u00e9g\u00e8re, le four portable Alfa deviendra votre meilleur ami pour tous vos d\u00e9placements et votre cuisine d'ext\u00e9rieur, car il est peu encombrant et tr\u00e8s facile \u00e0 transporter et \u00e0 ranger.<\/p>\n<p>Le couvercle, utile pour prot\u00e9ger le four des intemp\u00e9ries et de la poussi\u00e8re, se transforme en une confortable mallette de transport lorsqu'il n'est pas utilis\u00e9 gr\u00e2ce aux deux poign\u00e9es lat\u00e9rales, ce qui vous permet de le d\u00e9placer o\u00f9 vous le souhaitez pour organiser vos d\u00eeners.<\/p>\n<p>D\u00e9couvrez le four Alfa Forni chez Bula Outdoor \u00e0 Bussum. Regardez les mod\u00e8les Alfa Forni et Fontana et, ensemble, nous trouverons un mod\u00e8le adapt\u00e9 \u00e0 votre application.<\/p>\n<p><a href=\"https:\/\/youtu.be\/0ua4dnsUUXs\">https:\/\/youtu.be\/0ua4dnsUUXs<\/a><\/p>\n<p><iframe loading=\"lazy\" title=\"Comment assembler les fours \u00e0 pizza portables Alfa\" src=\"https:\/\/player.vimeo.com\/video\/743464717?h=c023d46e9c&amp;dnt=1&amp;app_id=122963\" width=\"980\" height=\"551\" frameborder=\"0\" allow=\"autoplay; fullscreen; picture-in-picture\" allowfullscreen><\/iframe><\/p>","protected":false},"excerpt":{"rendered":"<p>Alfa Forni Moderno Portable de la ligne Moderno. Ce four portable est facile \u00e0 emporter ou \u00e0 utiliser \u00e0 la maison. Petit par la taille, mais grand par les performances !<\/p>","protected":false},"featured_media":14770,"comment_status":"open","ping_status":"closed","template":"","meta":{"_acf_changed":false},"product_brand":[],"product_cat":[1283],"product_tag":[195,1064,1063,1263,91,61,1062,113],"class_list":{"0":"post-14768","1":"product","2":"type-product","3":"status-publish","4":"has-post-thumbnail","6":"product_cat-moderno-lijn","7":"product_tag-alfa-forni","8":"product_tag-draagbaar","9":"product_tag-gasoven","10":"product_tag-moderno","11":"product_tag-pizza","12":"product_tag-pizzaoven","13":"product_tag-portable","14":"product_tag-rvs","16":"first","17":"instock","18":"taxable","19":"shipping-taxable","20":"purchasable","21":"product-type-variable"},"acf":[],"yoast_head":"<!-- This site is optimized with the Yoast SEO plugin v27.3 - https:\/\/yoast.com\/product\/yoast-seo-wordpress\/ -->\n<title>Alfa Forni Moderno Portable &#8211; Bula Outdoor<\/title>\n<meta name=\"description\" content=\"Alfa Forni Portable Pizzaoven de draagbare pizzeria voor je beste pizza&#039;s in een handomdraai. Hoge temperaturen en weinig gasverbruik.\" \/>\n<meta name=\"robots\" content=\"index, follow, max-snippet:-1, max-image-preview:large, max-video-preview:-1\" \/>\n<link rel=\"canonical\" href=\"https:\/\/bulaoutdoor.nl\/fr\/produit\/alpha-forni-portable\/\" \/>\n<meta property=\"og:locale\" content=\"fr_FR\" \/>\n<meta property=\"og:type\" content=\"article\" \/>\n<meta property=\"og:title\" content=\"Alfa Forni Moderno Portable &#8211; Bula Outdoor\" \/>\n<meta property=\"og:description\" content=\"Alfa Forni Portable Pizzaoven de draagbare pizzeria voor je beste pizza&#039;s in een handomdraai. Hoge temperaturen en weinig gasverbruik.\" \/>\n<meta property=\"og:url\" content=\"https:\/\/bulaoutdoor.nl\/fr\/produit\/alpha-forni-portable\/\" \/>\n<meta property=\"og:site_name\" content=\"Bula Outdoor\" \/>\n<meta property=\"article:modified_time\" content=\"2025-06-04T11:05:02+00:00\" \/>\n<meta property=\"og:image\" content=\"https:\/\/bulaoutdoor.nl\/wp-content\/uploads\/2022\/10\/Portable_Alfa_bula_outdoor_frontale.710-.jpg\" \/>\n\t<meta property=\"og:image:width\" content=\"450\" \/>\n\t<meta property=\"og:image:height\" content=\"450\" \/>\n\t<meta property=\"og:image:type\" content=\"image\/jpeg\" \/>\n<meta name=\"twitter:card\" content=\"summary_large_image\" \/>\n<meta name=\"twitter:label1\" content=\"Dur\u00e9e de lecture estim\u00e9e\" \/>\n\t<meta name=\"twitter:data1\" content=\"3 minutes\" \/>\n<script type=\"application\/ld+json\" class=\"yoast-schema-graph\">{\"@context\":\"https:\\\/\\\/schema.org\",\"@graph\":[{\"@type\":\"WebPage\",\"@id\":\"https:\\\/\\\/bulaoutdoor.nl\\\/product\\\/alfa-forni-portable\\\/\",\"url\":\"https:\\\/\\\/bulaoutdoor.nl\\\/product\\\/alfa-forni-portable\\\/\",\"name\":\"Alfa Forni Moderno Portable &#8211; Bula Outdoor\",\"isPartOf\":{\"@id\":\"https:\\\/\\\/bulaoutdoor.nl\\\/#website\"},\"primaryImageOfPage\":{\"@id\":\"https:\\\/\\\/bulaoutdoor.nl\\\/product\\\/alfa-forni-portable\\\/#primaryimage\"},\"image\":{\"@id\":\"https:\\\/\\\/bulaoutdoor.nl\\\/product\\\/alfa-forni-portable\\\/#primaryimage\"},\"thumbnailUrl\":\"https:\\\/\\\/bulaoutdoor.nl\\\/wp-content\\\/uploads\\\/2022\\\/10\\\/Portable_Alfa_bula_outdoor_frontale.710-.jpg\",\"datePublished\":\"2022-10-19T11:26:20+00:00\",\"dateModified\":\"2025-06-04T11:05:02+00:00\",\"description\":\"Alfa Forni Portable Pizzaoven de draagbare pizzeria voor je beste pizza's in een handomdraai. Hoge temperaturen en weinig gasverbruik.\",\"breadcrumb\":{\"@id\":\"https:\\\/\\\/bulaoutdoor.nl\\\/product\\\/alfa-forni-portable\\\/#breadcrumb\"},\"inLanguage\":\"fr-FR\",\"potentialAction\":[{\"@type\":\"ReadAction\",\"target\":[\"https:\\\/\\\/bulaoutdoor.nl\\\/product\\\/alfa-forni-portable\\\/\"]}]},{\"@type\":\"ImageObject\",\"inLanguage\":\"fr-FR\",\"@id\":\"https:\\\/\\\/bulaoutdoor.nl\\\/product\\\/alfa-forni-portable\\\/#primaryimage\",\"url\":\"https:\\\/\\\/bulaoutdoor.nl\\\/wp-content\\\/uploads\\\/2022\\\/10\\\/Portable_Alfa_bula_outdoor_frontale.710-.jpg\",\"contentUrl\":\"https:\\\/\\\/bulaoutdoor.nl\\\/wp-content\\\/uploads\\\/2022\\\/10\\\/Portable_Alfa_bula_outdoor_frontale.710-.jpg\",\"width\":450,\"height\":450,\"caption\":\"Alfa Portable\"},{\"@type\":\"BreadcrumbList\",\"@id\":\"https:\\\/\\\/bulaoutdoor.nl\\\/product\\\/alfa-forni-portable\\\/#breadcrumb\",\"itemListElement\":[{\"@type\":\"ListItem\",\"position\":1,\"name\":\"Home\",\"item\":\"https:\\\/\\\/bulaoutdoor.nl\\\/\"},{\"@type\":\"ListItem\",\"position\":2,\"name\":\"Online BBQ kopen\",\"item\":\"https:\\\/\\\/bulaoutdoor.nl\\\/\"},{\"@type\":\"ListItem\",\"position\":3,\"name\":\"Alfa Forni Moderno Portable\"}]},{\"@type\":\"WebSite\",\"@id\":\"https:\\\/\\\/bulaoutdoor.nl\\\/#website\",\"url\":\"https:\\\/\\\/bulaoutdoor.nl\\\/\",\"name\":\"Bula Outdoor\",\"description\":\"Voor uw buitenhaard, BBQ, tuinfakkel en houtoven\",\"publisher\":{\"@id\":\"https:\\\/\\\/bulaoutdoor.nl\\\/#organization\"},\"potentialAction\":[{\"@type\":\"SearchAction\",\"target\":{\"@type\":\"EntryPoint\",\"urlTemplate\":\"https:\\\/\\\/bulaoutdoor.nl\\\/?s={search_term_string}\"},\"query-input\":{\"@type\":\"PropertyValueSpecification\",\"valueRequired\":true,\"valueName\":\"search_term_string\"}}],\"inLanguage\":\"fr-FR\"},{\"@type\":\"Organization\",\"@id\":\"https:\\\/\\\/bulaoutdoor.nl\\\/#organization\",\"name\":\"Bula Outdoor\",\"url\":\"https:\\\/\\\/bulaoutdoor.nl\\\/\",\"logo\":{\"@type\":\"ImageObject\",\"inLanguage\":\"fr-FR\",\"@id\":\"https:\\\/\\\/bulaoutdoor.nl\\\/#\\\/schema\\\/logo\\\/image\\\/\",\"url\":\"https:\\\/\\\/www.bulaoutdoor.nl\\\/wp-content\\\/uploads\\\/2018\\\/04\\\/bulaoutdoor-logo.png\",\"contentUrl\":\"https:\\\/\\\/www.bulaoutdoor.nl\\\/wp-content\\\/uploads\\\/2018\\\/04\\\/bulaoutdoor-logo.png\",\"width\":324,\"height\":91,\"caption\":\"Bula Outdoor\"},\"image\":{\"@id\":\"https:\\\/\\\/bulaoutdoor.nl\\\/#\\\/schema\\\/logo\\\/image\\\/\"}}]}<\/script>\n<!-- \/ Yoast SEO plugin. -->","yoast_head_json":{"title":"Alfa Forni Moderno Portable - Bula Outdoor","description":"Four \u00e0 pizza portable Alfa Forni la pizzeria portable pour vos meilleures pizzas en un rien de temps. Temp\u00e9ratures \u00e9lev\u00e9es et faible consommation de gaz.","robots":{"index":"index","follow":"follow","max-snippet":"max-snippet:-1","max-image-preview":"max-image-preview:large","max-video-preview":"max-video-preview:-1"},"canonical":"https:\/\/bulaoutdoor.nl\/fr\/produit\/alpha-forni-portable\/","og_locale":"fr_FR","og_type":"article","og_title":"Alfa Forni Moderno Portable &#8211; Bula Outdoor","og_description":"Alfa Forni Portable Pizzaoven de draagbare pizzeria voor je beste pizza's in een handomdraai. Hoge temperaturen en weinig gasverbruik.","og_url":"https:\/\/bulaoutdoor.nl\/fr\/produit\/alpha-forni-portable\/","og_site_name":"Bula Outdoor","article_modified_time":"2025-06-04T11:05:02+00:00","og_image":[{"width":450,"height":450,"url":"https:\/\/bulaoutdoor.nl\/wp-content\/uploads\/2022\/10\/Portable_Alfa_bula_outdoor_frontale.710-.jpg","type":"image\/jpeg"}],"twitter_card":"summary_large_image","twitter_misc":{"Dur\u00e9e de lecture estim\u00e9e":"3 minutes"},"schema":{"@context":"https:\/\/schema.org","@graph":[{"@type":"WebPage","@id":"https:\/\/bulaoutdoor.nl\/product\/alfa-forni-portable\/","url":"https:\/\/bulaoutdoor.nl\/product\/alfa-forni-portable\/","name":"Alfa Forni Moderno Portable - Bula Outdoor","isPartOf":{"@id":"https:\/\/bulaoutdoor.nl\/#website"},"primaryImageOfPage":{"@id":"https:\/\/bulaoutdoor.nl\/product\/alfa-forni-portable\/#primaryimage"},"image":{"@id":"https:\/\/bulaoutdoor.nl\/product\/alfa-forni-portable\/#primaryimage"},"thumbnailUrl":"https:\/\/bulaoutdoor.nl\/wp-content\/uploads\/2022\/10\/Portable_Alfa_bula_outdoor_frontale.710-.jpg","datePublished":"2022-10-19T11:26:20+00:00","dateModified":"2025-06-04T11:05:02+00:00","description":"Four \u00e0 pizza portable Alfa Forni la pizzeria portable pour vos meilleures pizzas en un rien de temps. Temp\u00e9ratures \u00e9lev\u00e9es et faible consommation de gaz.","breadcrumb":{"@id":"https:\/\/bulaoutdoor.nl\/product\/alfa-forni-portable\/#breadcrumb"},"inLanguage":"fr-FR","potentialAction":[{"@type":"ReadAction","target":["https:\/\/bulaoutdoor.nl\/product\/alfa-forni-portable\/"]}]},{"@type":"ImageObject","inLanguage":"fr-FR","@id":"https:\/\/bulaoutdoor.nl\/product\/alfa-forni-portable\/#primaryimage","url":"https:\/\/bulaoutdoor.nl\/wp-content\/uploads\/2022\/10\/Portable_Alfa_bula_outdoor_frontale.710-.jpg","contentUrl":"https:\/\/bulaoutdoor.nl\/wp-content\/uploads\/2022\/10\/Portable_Alfa_bula_outdoor_frontale.710-.jpg","width":450,"height":450,"caption":"Alfa Portable"},{"@type":"BreadcrumbList","@id":"https:\/\/bulaoutdoor.nl\/product\/alfa-forni-portable\/#breadcrumb","itemListElement":[{"@type":"ListItem","position":1,"name":"Home","item":"https:\/\/bulaoutdoor.nl\/"},{"@type":"ListItem","position":2,"name":"Online BBQ kopen","item":"https:\/\/bulaoutdoor.nl\/"},{"@type":"ListItem","position":3,"name":"Alfa Forni Moderno Portable"}]},{"@type":"WebSite","@id":"https:\/\/bulaoutdoor.nl\/#website","url":"https:\/\/bulaoutdoor.nl\/","name":"Bula Outdoor","description":"Pour votre chemin\u00e9e ext\u00e9rieure, votre barbecue, votre torche de jardin et votre four \u00e0 bois","publisher":{"@id":"https:\/\/bulaoutdoor.nl\/#organization"},"potentialAction":[{"@type":"SearchAction","target":{"@type":"EntryPoint","urlTemplate":"https:\/\/bulaoutdoor.nl\/?s={search_term_string}"},"query-input":{"@type":"PropertyValueSpecification","valueRequired":true,"valueName":"search_term_string"}}],"inLanguage":"fr-FR"},{"@type":"Organization","@id":"https:\/\/bulaoutdoor.nl\/#organization","name":"Bula Outdoor","url":"https:\/\/bulaoutdoor.nl\/","logo":{"@type":"ImageObject","inLanguage":"fr-FR","@id":"https:\/\/bulaoutdoor.nl\/#\/schema\/logo\/image\/","url":"https:\/\/www.bulaoutdoor.nl\/wp-content\/uploads\/2018\/04\/bulaoutdoor-logo.png","contentUrl":"https:\/\/www.bulaoutdoor.nl\/wp-content\/uploads\/2018\/04\/bulaoutdoor-logo.png","width":324,"height":91,"caption":"Bula Outdoor"},"image":{"@id":"https:\/\/bulaoutdoor.nl\/#\/schema\/logo\/image\/"}}]}},"jetpack_sharing_enabled":true,"_links":{"self":[{"href":"https:\/\/bulaoutdoor.nl\/fr\/wp-json\/wp\/v2\/product\/14768","targetHints":{"allow":["GET"]}}],"collection":[{"href":"https:\/\/bulaoutdoor.nl\/fr\/wp-json\/wp\/v2\/product"}],"about":[{"href":"https:\/\/bulaoutdoor.nl\/fr\/wp-json\/wp\/v2\/types\/product"}],"replies":[{"embeddable":true,"href":"https:\/\/bulaoutdoor.nl\/fr\/wp-json\/wp\/v2\/comments?post=14768"}],"wp:featuredmedia":[{"embeddable":true,"href":"https:\/\/bulaoutdoor.nl\/fr\/wp-json\/wp\/v2\/media\/14770"}],"wp:attachment":[{"href":"https:\/\/bulaoutdoor.nl\/fr\/wp-json\/wp\/v2\/media?parent=14768"}],"wp:term":[{"taxonomy":"product_brand","embeddable":true,"href":"https:\/\/bulaoutdoor.nl\/fr\/wp-json\/wp\/v2\/product_brand?post=14768"},{"taxonomy":"product_cat","embeddable":true,"href":"https:\/\/bulaoutdoor.nl\/fr\/wp-json\/wp\/v2\/product_cat?post=14768"},{"taxonomy":"product_tag","embeddable":true,"href":"https:\/\/bulaoutdoor.nl\/fr\/wp-json\/wp\/v2\/product_tag?post=14768"}],"curies":[{"name":"wp","href":"https:\/\/api.w.org\/{rel}","templated":true}]}}